{"id":2684,"date":"2026-04-01T17:24:54","date_gmt":"2026-04-01T17:24:54","guid":{"rendered":"https:\/\/www.elementlogic.net\/fi\/?page_id=2684"},"modified":"2026-04-01T17:24:54","modified_gmt":"2026-04-01T17:24:54","slug":"koulutus-ja-kehitys","status":"publish","type":"page","link":"https:\/\/www.elementlogic.net\/fi\/palvelut-ja-ratkaisut\/customer-success\/koulutus-ja-kehitys\/","title":{"rendered":"Koulutus ja kehitys"},"content":{"rendered":"\n\t\t<div style=\"--dekode-hero-dim:0.2; --t2-icon-fill:var(--wp--preset--color--white);\" class=\"alignfull dekode-hero-content-position-center has-media-background wp-block-dekode-hero has-text-color has-white-color\">\n\t\t\t<img loading=\"lazy\" decoding=\"async\" width=\"1024\" height=\"683\" src=\"https:\/\/www.elementlogic.net\/content\/uploads\/sites\/23\/2026\/04\/EL_eLogiq-2.png\" class=\"dekode-hero__image\" alt=\"\" style=\"--focalpoint: 84% 25%;\" srcset=\"https:\/\/www.elementlogic.net\/content\/uploads\/sites\/23\/2026\/04\/EL_eLogiq-2.png 1024w, https:\/\/www.elementlogic.net\/content\/uploads\/sites\/23\/2026\/04\/EL_eLogiq-2-300x200.png 300w, https:\/\/www.elementlogic.net\/content\/uploads\/sites\/23\/2026\/04\/EL_eLogiq-2-768x512.png 768w\" sizes=\"(max-width: 1024px) 100vw, 1024px\" \/>\n\t\t\t<div class=\"dekode-hero__content\">\n\t\t\t\t<div class=\"dekode-hero__container\">\n\t\t\t\t\t\n\n<h1 class=\"wp-block-heading\" id=\"h-koulutus-ja-kehitys\"><strong>Koulutus ja kehitys<\/strong><\/h1>\n\n\n<p class=\"t2-ingress wp-block-t2-ingress\"><strong>Koulutus Customer Success -palvelun perustana<\/strong>\u00a0<\/p>\n\n\n<div class=\"wp-block-buttons is-layout-flex wp-block-buttons-is-layout-flex\">\n<div class=\"wp-block-button\"><a class=\"wp-block-button__link wp-element-button\" href=\"https:\/\/www.elementlogic.net\/fi\/ota-yhteytta\/\">Ota yhteytt\u00e4 koulutuksiin liittyen<\/a><\/div>\n<\/div>\n\n\n\t\t\t\t<\/div>\n\t\t\t<\/div>\n\t\t<\/div>\n\t\t\n\n\n<p>Varastoratkaisu tuottaa t\u00e4yden arvon vain silloin, kun sit\u00e4 k\u00e4ytt\u00e4v\u00e4t ihmiset ovat varmoja, osaavia ja valmistautuneita. Koulutus ja ammatillinen kehittyminen SuperUser-sertifiointiohjelmamme kautta on siksi keskeinen osa Customer Success -tarjontaamme. Rakenteellisen perehdytyksen, roolikohtaisen oppimisen ja edistyneiden sertifiointimahdollisuuksien avulla varmistamme, ett\u00e4 tiimisi ovat valmiita saamaan kaiken irti Element Logicin ratkaisusta ensimm\u00e4isest\u00e4 p\u00e4iv\u00e4st\u00e4 alkaen ja kasvattamaan asiantuntemustaan ajan my\u00f6t\u00e4.\u00a0<\/p>\n\n\n\n<h2 class=\"wp-block-heading\" id=\"h-perehdytyksesta-mestaruuteen\"><strong>Perehdytyksest\u00e4 mestaruuteen<\/strong>\u00a0<\/h2>\n\n\n\n<p>Koulutus alkaa jo ennen j\u00e4rjestelm\u00e4n k\u00e4ytt\u00f6\u00f6nottoa ja jatkuu koko sen elinkaaren ajan. Keskitymme antamaan tiimillesi taidot ja itseluottamuksen sujuvaan operointiin, haasteiden hallintaan ja muuttuviin vaatimuksiin mukautumiseen.\u00a0<\/p>\n\n\n\n<ul class=\"wp-block-list\">\n<li><strong>Perehdytys- ja skenaarioharjoittelu:<\/strong> Ty\u00f6ntekij\u00e4t koulutetaan k\u00e4ytt\u00e4m\u00e4\u00e4n automatisoituja varastoj\u00e4rjestelmi\u00e4 turvallisesti ja tehokkaasti. Koulutus sis\u00e4lt\u00e4\u00e4 k\u00e4yt\u00e4nn\u00f6n harjoittelua p\u00e4ivitt\u00e4isiss\u00e4 ty\u00f6nkuluissa sek\u00e4 valmistautumista poikkeustilanteiden hallintaan ja sesonkihuippujen varmaan k\u00e4sittelyyn.<\/li>\n\n\n\n<li><strong>Kertaus- ja p\u00e4ivityskoulutus:<\/strong> Pit\u00e4\u00e4 osaamisen ajan tasalla prosessien kehittyess\u00e4 ja ohjelmistop\u00e4ivitysten my\u00f6t\u00e4.<\/li>\n\n\n\n<li><strong>Roolipohjainen oppiminen:<\/strong> Koulutukset r\u00e4\u00e4t\u00e4l\u00f6id\u00e4\u00e4n ty\u00f6ntekij\u00f6ille, esimiehille ja johdolle, jotta jokainen voi suoriutua erinomaisesti.<\/li>\n<\/ul>\n\n\n\n\t\t<div class=\"alignwide is-mode-constrained is-gap-center wp-block-t2-simple-media-text   \">\n\t\t\t<div class=\"t2-simple-media-text__container\">\n\t\t\t\t<div class=\"t2-simple-media-text__image\"><img loading=\"lazy\" decoding=\"async\" width=\"768\" height=\"322\" src=\"https:\/\/www.elementlogic.net\/content\/uploads\/sites\/23\/2025\/02\/Wallpaper-2-768x322.jpg\" class=\"\" alt=\"mies korjaa robottia\" style=\"--focalpoint: 50% 50%;\" srcset=\"https:\/\/www.elementlogic.net\/content\/uploads\/sites\/23\/2025\/02\/Wallpaper-2-768x322.jpg 768w, https:\/\/www.elementlogic.net\/content\/uploads\/sites\/23\/2025\/02\/Wallpaper-2-300x126.jpg 300w, https:\/\/www.elementlogic.net\/content\/uploads\/sites\/23\/2025\/02\/Wallpaper-2-1024x429.jpg 1024w, https:\/\/www.elementlogic.net\/content\/uploads\/sites\/23\/2025\/02\/Wallpaper-2-1536x643.jpg 1536w, https:\/\/www.elementlogic.net\/content\/uploads\/sites\/23\/2025\/02\/Wallpaper-2-2048x858.jpg 2048w\" sizes=\"(max-width: 768px) 100vw, 768px\" \/><\/div>\n\t\t\t\t<div class=\"t2-simple-media-text__content-container\">\n\t\t\t\t\t<div class=\"t2-simple-media-text__content\">\n\t\t\t\t\t\t<div class=\"t2-simple-media-text__content-inner\">\n\t\t\t\t\t\t\t\n\n<h3 class=\"wp-block-heading\" id=\"h-element-logic-academy\"><strong>Element Logic Academy<\/strong><\/h3>\n\n\n\n<p><strong>Element Logic Academy <\/strong>on digitaalinen oppimisalusta, joka tarjoaa verkko-oppimismoduuleja, opetusvideoita ja rakenteellisia koulutusmateriaaleja. Oppimisalusta tekee koulutuksesta saavutettavaa eri toimipisteiss\u00e4 ja vuoroissa varmistaen johdonmukaisen oppimisen kaikille ty\u00f6ntekij\u00f6ille. Esimiehet saavat n\u00e4kyvyyden koulutusten suoritusasteisiin ja osaamistasoihin, kun taas ty\u00f6ntekij\u00e4t hy\u00f6tyv\u00e4t vuorovaikutteisista resursseista, jotka tukevat sek\u00e4 aloitusvaiheen oppimista ett\u00e4 jatkuvaa kehittymist\u00e4.<\/p>\n\n\n\n<div class=\"wp-block-buttons is-layout-flex wp-block-buttons-is-layout-flex\">\n<div class=\"wp-block-button is-style-fill has-icon has-icon-theme_arrow\"><a class=\"wp-block-button__link wp-element-button\" href=\"https:\/\/www.elementlogic.net\/fi\/ota-yhteytta\/\">Ota yhteytt\u00e4<svg xmlns=\"http:\/\/www.w3.org\/2000\/svg\" viewBox=\"0 0 24 24\" height=\"24\" width=\"24\" class=\"t2-icon t2-icon-theme_arrow\" aria-hidden=\"true\" focusable=\"false\"><path d=\"M16.627 12.75H5.25C5.03717 12.75 4.859 12.6782 4.7155 12.5345C4.57183 12.391 4.5 12.2128 4.5 12C4.5 11.7872 4.57183 11.609 4.7155 11.4655C4.859 11.3218 5.03717 11.25 5.25 11.25H16.627L11.4577 6.08076C11.3091 5.93209 11.2357 5.75809 11.2375 5.55876C11.2395 5.35942 11.318 5.18217 11.473 5.02701C11.6282 4.88217 11.8038 4.80717 12 4.80201C12.1962 4.79684 12.3718 4.87184 12.527 5.02701L18.8673 11.3673C18.9609 11.4609 19.0269 11.5597 19.0652 11.6635C19.1037 11.7673 19.123 11.8795 19.123 12C19.123 12.1205 19.1037 12.2327 19.0652 12.3365C19.0269 12.4403 18.9609 12.5391 18.8673 12.6328L12.527 18.973C12.3885 19.1115 12.217 19.1823 12.0125 19.1855C11.808 19.1887 11.6282 19.1178 11.473 18.973C11.318 18.8178 11.2405 18.6397 11.2405 18.4385C11.2405 18.2372 11.318 18.0589 11.473 17.9038L16.627 12.75Z\" fill=\"var(--t2-icon-fill, #000)\"\/><\/svg><\/a><\/div>\n<\/div>\n\n\n\t\t\t\t\t\t<\/div>\n\t\t\t\t\t<\/div>\n\t\t\t\t<\/div>\n\t\t\t<\/div>\n\t\t<\/div>\n\t\t\n\n\n\t\t<div class=\"alignwide is-mode-constrained is-gap-center has-media-on-the-right wp-block-t2-simple-media-text   \">\n\t\t\t<div class=\"t2-simple-media-text__container\">\n\t\t\t\t<div class=\"t2-simple-media-text__image\"><img loading=\"lazy\" decoding=\"async\" width=\"500\" height=\"375\" src=\"https:\/\/www.elementlogic.net\/content\/uploads\/sites\/23\/\/2024\/09\/Picking-at-port-at-Styleboom.jpg\" class=\"\" alt=\"\" style=\"--focalpoint: 50% 50%;\" srcset=\"https:\/\/www.elementlogic.net\/content\/uploads\/sites\/23\/2024\/09\/Picking-at-port-at-Styleboom.jpg 500w, https:\/\/www.elementlogic.net\/content\/uploads\/sites\/23\/2024\/09\/Picking-at-port-at-Styleboom-300x225.jpg 300w\" sizes=\"(max-width: 500px) 100vw, 500px\" \/><\/div>\n\t\t\t\t<div class=\"t2-simple-media-text__content-container\">\n\t\t\t\t\t<div class=\"t2-simple-media-text__content\">\n\t\t\t\t\t\t<div class=\"t2-simple-media-text__content-inner\">\n\t\t\t\t\t\t\t\n\n<h3 class=\"wp-block-heading\" id=\"h-super-user-sertifiointi\"><strong>Super User -sertifiointi\u00a0<\/strong><\/h3>\n\n\n\n<p>Vahvistaaksemme p\u00e4ivitt\u00e4isten toimintojesi kest\u00e4vyytt\u00e4 tarjoamme <strong>Super User -sertifiointiohjelma<\/strong>n.<\/p>\n\n\n\n<p><strong>Sertifioidut Super User -k\u00e4ytt\u00e4j\u00e4t ovat sis\u00e4isi\u00e4 asiantuntijoita, jotka:<\/strong><br>Ratkaisevat monimutkaisia haasteita nopeammin ja v\u00e4hent\u00e4v\u00e4t riippuvuutta ulkoisesta tuesta.<br>Ohjaavat ja kouluttavat kollegoitaan juurruttaen parhaita k\u00e4yt\u00e4nt\u00f6j\u00e4 varastotasolla.<br>Tukevat jatkuvaa parantamista yhdist\u00e4m\u00e4ll\u00e4 operatiiviset havainnot j\u00e4rjestelm\u00e4n optimointiin.<\/p>\n\n\n\n<p>T\u00e4m\u00e4 ohjelma luo selke\u00e4n urapolun sitoutuneille ty\u00f6ntekij\u00f6ille ja varmistaa, ett\u00e4 asiantuntijatieto on aina saatavilla tiimisi sis\u00e4ll\u00e4..\u00a0<\/p>\n\n\n\n<div class=\"wp-block-buttons is-layout-flex wp-block-buttons-is-layout-flex\">\n<div class=\"wp-block-button is-style-fill has-icon has-icon-theme_arrow\"><a class=\"wp-block-button__link wp-element-button\" href=\"https:\/\/www.elementlogic.net\/fi\/ota-yhteytta\/\">Ota yhteytt\u00e4<svg xmlns=\"http:\/\/www.w3.org\/2000\/svg\" viewBox=\"0 0 24 24\" height=\"24\" width=\"24\" class=\"t2-icon t2-icon-theme_arrow\" aria-hidden=\"true\" focusable=\"false\"><path d=\"M16.627 12.75H5.25C5.03717 12.75 4.859 12.6782 4.7155 12.5345C4.57183 12.391 4.5 12.2128 4.5 12C4.5 11.7872 4.57183 11.609 4.7155 11.4655C4.859 11.3218 5.03717 11.25 5.25 11.25H16.627L11.4577 6.08076C11.3091 5.93209 11.2357 5.75809 11.2375 5.55876C11.2395 5.35942 11.318 5.18217 11.473 5.02701C11.6282 4.88217 11.8038 4.80717 12 4.80201C12.1962 4.79684 12.3718 4.87184 12.527 5.02701L18.8673 11.3673C18.9609 11.4609 19.0269 11.5597 19.0652 11.6635C19.1037 11.7673 19.123 11.8795 19.123 12C19.123 12.1205 19.1037 12.2327 19.0652 12.3365C19.0269 12.4403 18.9609 12.5391 18.8673 12.6328L12.527 18.973C12.3885 19.1115 12.217 19.1823 12.0125 19.1855C11.808 19.1887 11.6282 19.1178 11.473 18.973C11.318 18.8178 11.2405 18.6397 11.2405 18.4385C11.2405 18.2372 11.318 18.0589 11.473 17.9038L16.627 12.75Z\" fill=\"var(--t2-icon-fill, #000)\"\/><\/svg><\/a><\/div>\n<\/div>\n\n\n\t\t\t\t\t\t<\/div>\n\t\t\t\t\t<\/div>\n\t\t\t\t<\/div>\n\t\t\t<\/div>\n\t\t<\/div>\n\t\t\n\n\n<h2 class=\"wp-block-heading\" id=\"h-miksi-koulutus-on-tarkeaa\"><strong>Miksi koulutus on t\u00e4rke\u00e4\u00e4?<\/strong>\u00a0<\/h2>\n\n\n\n<p>Hyvin koulutettu henkil\u00f6st\u00f6 on avainasemassa j\u00e4rjestelm\u00e4n k\u00e4ytett\u00e4vyyden, tarkkuuden ja l\u00e4pimenon maksimoinnissa. Koulutus varmistaa, ett\u00e4 ty\u00f6ntekij\u00e4si pystyv\u00e4t:<\/p>\n\n\n\n<ul class=\"wp-block-list\">\n<li>K\u00e4ytt\u00e4m\u00e4\u00e4n j\u00e4rjestelmi\u00e4 turvallisesti ja varmasti<\/li>\n\n\n\n<li>Hallitsemaan poikkeamat ja palauttamaan suorituskyvyn nopeasti<\/li>\n\n\n\n<li>Mukautumaan sesonkihuippuihin ja prosessimuutoksiin<\/li>\n\n\n\n<li>K\u00e4ytt\u00e4m\u00e4\u00e4n hallintapaneeleja ja raportteja \u00e4lykk\u00e4\u00e4mm\u00e4n p\u00e4\u00e4t\u00f6ksenteon tukena<\/li>\n<\/ul>\n\n\n\n<h2 class=\"wp-block-heading\" id=\"h-henkiloston-voimaannuttaminen-tulevaisuutta-varten\"><strong>Henkil\u00f6st\u00f6n voimaannuttaminen tulevaisuutta varten<\/strong>\u00a0<\/h2>\n\n\n\n<p>Koulutus on investointi tiimiisi ja varastosi suorituskykyyn. Yhdist\u00e4m\u00e4ll\u00e4 rakenteellisen oppimisen jatkuvaan kehitykseen ja sertifiointimahdollisuuksiin Element Logic varmistaa, ett\u00e4 henkil\u00f6st\u00f6ll\u00e4si on taidot ja itseluottamus pit\u00e4\u00e4 varastosi toiminnassa parhaalla mahdollisella tasolla.<\/p>\n\n\n\n<h3 class=\"wp-block-heading\" id=\"tutustu-palveluihimme\"><strong>Tutustu palveluihimme:<\/strong><\/h3>\n\n\n\n\t\t<div style=\"--link-cards-grid-columns: 3\" class=\"dekode-link-cards has-3-columns wp-block-dekode-link-cards\">\n\t\t\t<div class=\"dekode-link-cards__items\">\n\t\t\t\t\n<a class=\"wp-block-dekode-link-card\" href=\"https:\/\/www.elementlogic.net\/fi\/palvelut-ja-ratkaisut\/customer-success\/analyysit-ja-optimointi\/\"><img loading=\"lazy\" decoding=\"async\" width=\"768\" height=\"512\" src=\"https:\/\/www.elementlogic.net\/content\/uploads\/sites\/23\/\/2024\/09\/EL_eLogiq_-11-1024x683-1-768x512.jpg\" class=\"\" alt=\"\" \/>\t<div class=\"dekode-link-card__content\">\n\t\t\t\t<p class=\"dekode-link-card__title\">\n\t\t\tAnalyysit ja optimointi\t\t<\/p>\n\t\t\t\t\t<p class=\"dekode-link-card__description\">\u00a0Jatkuvan arvon tuottaminen<br><\/p>\n\t\t\t<\/div>\n\t<\/a>\n\n<a class=\"wp-block-dekode-link-card\" href=\"https:\/\/www.elementlogic.net\/fi\/palvelut-ja-ratkaisut\/customer-success\/huolto\/\"><img loading=\"lazy\" decoding=\"async\" width=\"768\" height=\"512\" src=\"https:\/\/www.elementlogic.net\/content\/uploads\/sites\/23\/2026\/04\/wallpaper_Customer-success-1-768x512.png\" class=\"\" alt=\"\" \/>\t<div class=\"dekode-link-card__content\">\n\t\t\t\t<p class=\"dekode-link-card__title\">\n\t\t\tHuolto\t\t<\/p>\n\t\t\t\t\t<p class=\"dekode-link-card__description\">J\u00e4rjestelm\u00e4si sujuvan toiminnan varmistaminen<\/p>\n\t\t\t<\/div>\n\t<\/a>\n\n<a class=\"wp-block-dekode-link-card\" href=\"https:\/\/www.elementlogic.net\/fi\/palvelut-ja-ratkaisut\/customer-success\/tuki\/\"><img loading=\"lazy\" decoding=\"async\" width=\"768\" height=\"512\" src=\"https:\/\/www.elementlogic.net\/content\/uploads\/sites\/23\/2026\/04\/support_customer-success-1-768x512.png\" class=\"\" alt=\"\" \/>\t<div class=\"dekode-link-card__content\">\n\t\t\t\t<p class=\"dekode-link-card__title\">\n\t\t\tTuki\t\t<\/p>\n\t\t\t\t\t<p class=\"dekode-link-card__description\">24\/7 luottamusta varastosi toimintoihin<\/p>\n\t\t\t<\/div>\n\t<\/a>\n\n\t\t\t<\/div>\n\t\t<\/div>","protected":false},"excerpt":{"rendered":"<p>Varastoratkaisu tuottaa t\u00e4yden arvon vain silloin, kun sit\u00e4 k\u00e4ytt\u00e4v\u00e4t ihmiset ovat varmoja, osaavia ja valmistautuneita. Koulutus ja ammatillinen kehittyminen SuperUser-sertifiointiohjelmamme [&hellip;]<\/p>\n","protected":false},"author":2,"featured_media":0,"parent":2676,"menu_order":0,"comment_status":"closed","ping_status":"closed","template":"","meta":{"hreflang_relation":4790,"_el_cross_publish_source_blog_url":"","_el_cross_publish_source_blog_id":0,"_el_cross_publish_source_post_id":0,"_el_cross_publish_sync_state":"","exclude_from_search":false,"footnotes":""},"class_list":["post-2684","page","type-page","status-publish","hentry"],"yoast_head":"<!-- This site is optimized with the Yoast SEO Premium plugin v23.9 (Yoast SEO v23.9) - https:\/\/yoast.com\/wordpress\/plugins\/seo\/ -->\n<title>Koulutus ja kehitys - Element Logic Finland<\/title>\n<meta name=\"description\" content=\"Varastoratkaisu tuottaa t\u00e4yden arvon vain silloin, kun sit\u00e4 k\u00e4ytt\u00e4v\u00e4t ihmiset ovat osaavia. Koulutus on siksi keskeinen osa tarjontaamme.\" \/>\n<meta name=\"robots\" content=\"index, follow, max-snippet:-1, max-image-preview:large, max-video-preview:-1\" \/>\n<link rel=\"canonical\" href=\"https:\/\/www.elementlogic.net\/fi\/palvelut-ja-ratkaisut\/customer-success\/koulutus-ja-kehitys\/\" \/>\n<meta property=\"og:locale\" content=\"fi_FI\" \/>\n<meta property=\"og:type\" content=\"article\" \/>\n<meta property=\"og:title\" content=\"Koulutus ja kehitys\" \/>\n<meta property=\"og:description\" content=\"Varastoratkaisu tuottaa t\u00e4yden arvon vain silloin, kun sit\u00e4 k\u00e4ytt\u00e4v\u00e4t ihmiset ovat osaavia. Koulutus on siksi keskeinen osa tarjontaamme.\" \/>\n<meta property=\"og:url\" content=\"https:\/\/www.elementlogic.net\/fi\/palvelut-ja-ratkaisut\/customer-success\/koulutus-ja-kehitys\/\" \/>\n<meta property=\"og:site_name\" content=\"Element Logic Finland\" \/>\n<meta name=\"twitter:card\" content=\"summary_large_image\" \/>\n<meta name=\"twitter:label1\" content=\"Arvioitu lukuaika\" \/>\n\t<meta name=\"twitter:data1\" content=\"3 minuuttia\" \/>\n<script type=\"application\/ld+json\" class=\"yoast-schema-graph\">{\"@context\":\"https:\/\/schema.org\",\"@graph\":[{\"@type\":\"WebPage\",\"@id\":\"https:\/\/www.elementlogic.net\/fi\/palvelut-ja-ratkaisut\/customer-success\/koulutus-ja-kehitys\/\",\"url\":\"https:\/\/www.elementlogic.net\/fi\/palvelut-ja-ratkaisut\/customer-success\/koulutus-ja-kehitys\/\",\"name\":\"Koulutus ja kehitys - Element Logic Finland\",\"isPartOf\":{\"@id\":\"https:\/\/www.elementlogic.net\/fi\/#website\"},\"datePublished\":\"2026-04-01T17:24:54+00:00\",\"dateModified\":\"2026-04-01T17:24:54+00:00\",\"description\":\"Varastoratkaisu tuottaa t\u00e4yden arvon vain silloin, kun sit\u00e4 k\u00e4ytt\u00e4v\u00e4t ihmiset ovat osaavia. Koulutus on siksi keskeinen osa tarjontaamme.\",\"breadcrumb\":{\"@id\":\"https:\/\/www.elementlogic.net\/fi\/palvelut-ja-ratkaisut\/customer-success\/koulutus-ja-kehitys\/#breadcrumb\"},\"inLanguage\":\"fi\",\"potentialAction\":[{\"@type\":\"ReadAction\",\"target\":[\"https:\/\/www.elementlogic.net\/fi\/palvelut-ja-ratkaisut\/customer-success\/koulutus-ja-kehitys\/\"]}]},{\"@type\":\"BreadcrumbList\",\"@id\":\"https:\/\/www.elementlogic.net\/fi\/palvelut-ja-ratkaisut\/customer-success\/koulutus-ja-kehitys\/#breadcrumb\",\"itemListElement\":[{\"@type\":\"ListItem\",\"position\":1,\"name\":\"Palvelut ja ratkaisut\",\"item\":\"https:\/\/www.elementlogic.net\/fi\/palvelut-ja-ratkaisut\/\"},{\"@type\":\"ListItem\",\"position\":2,\"name\":\"Customer Success\",\"item\":\"https:\/\/www.elementlogic.net\/fi\/palvelut-ja-ratkaisut\/customer-success\/\"},{\"@type\":\"ListItem\",\"position\":3,\"name\":\"Koulutus ja kehitys\"}]},{\"@type\":\"WebSite\",\"@id\":\"https:\/\/www.elementlogic.net\/fi\/#website\",\"url\":\"https:\/\/www.elementlogic.net\/fi\/\",\"name\":\"Element Logic Finland\",\"description\":\"\",\"potentialAction\":[{\"@type\":\"SearchAction\",\"target\":{\"@type\":\"EntryPoint\",\"urlTemplate\":\"https:\/\/www.elementlogic.net\/fi\/?s={search_term_string}\"},\"query-input\":{\"@type\":\"PropertyValueSpecification\",\"valueRequired\":true,\"valueName\":\"search_term_string\"}}],\"inLanguage\":\"fi\"}]}<\/script>\n<!-- \/ Yoast SEO Premium plugin. -->","yoast_head_json":{"title":"Koulutus ja kehitys - Element Logic Finland","description":"Varastoratkaisu tuottaa t\u00e4yden arvon vain silloin, kun sit\u00e4 k\u00e4ytt\u00e4v\u00e4t ihmiset ovat osaavia. Koulutus on siksi keskeinen osa tarjontaamme.","robots":{"index":"index","follow":"follow","max-snippet":"max-snippet:-1","max-image-preview":"max-image-preview:large","max-video-preview":"max-video-preview:-1"},"canonical":"https:\/\/www.elementlogic.net\/fi\/palvelut-ja-ratkaisut\/customer-success\/koulutus-ja-kehitys\/","og_locale":"fi_FI","og_type":"article","og_title":"Koulutus ja kehitys","og_description":"Varastoratkaisu tuottaa t\u00e4yden arvon vain silloin, kun sit\u00e4 k\u00e4ytt\u00e4v\u00e4t ihmiset ovat osaavia. Koulutus on siksi keskeinen osa tarjontaamme.","og_url":"https:\/\/www.elementlogic.net\/fi\/palvelut-ja-ratkaisut\/customer-success\/koulutus-ja-kehitys\/","og_site_name":"Element Logic Finland","twitter_card":"summary_large_image","twitter_misc":{"Arvioitu lukuaika":"3 minuuttia"},"schema":{"@context":"https:\/\/schema.org","@graph":[{"@type":"WebPage","@id":"https:\/\/www.elementlogic.net\/fi\/palvelut-ja-ratkaisut\/customer-success\/koulutus-ja-kehitys\/","url":"https:\/\/www.elementlogic.net\/fi\/palvelut-ja-ratkaisut\/customer-success\/koulutus-ja-kehitys\/","name":"Koulutus ja kehitys - Element Logic Finland","isPartOf":{"@id":"https:\/\/www.elementlogic.net\/fi\/#website"},"datePublished":"2026-04-01T17:24:54+00:00","dateModified":"2026-04-01T17:24:54+00:00","description":"Varastoratkaisu tuottaa t\u00e4yden arvon vain silloin, kun sit\u00e4 k\u00e4ytt\u00e4v\u00e4t ihmiset ovat osaavia. Koulutus on siksi keskeinen osa tarjontaamme.","breadcrumb":{"@id":"https:\/\/www.elementlogic.net\/fi\/palvelut-ja-ratkaisut\/customer-success\/koulutus-ja-kehitys\/#breadcrumb"},"inLanguage":"fi","potentialAction":[{"@type":"ReadAction","target":["https:\/\/www.elementlogic.net\/fi\/palvelut-ja-ratkaisut\/customer-success\/koulutus-ja-kehitys\/"]}]},{"@type":"BreadcrumbList","@id":"https:\/\/www.elementlogic.net\/fi\/palvelut-ja-ratkaisut\/customer-success\/koulutus-ja-kehitys\/#breadcrumb","itemListElement":[{"@type":"ListItem","position":1,"name":"Palvelut ja ratkaisut","item":"https:\/\/www.elementlogic.net\/fi\/palvelut-ja-ratkaisut\/"},{"@type":"ListItem","position":2,"name":"Customer Success","item":"https:\/\/www.elementlogic.net\/fi\/palvelut-ja-ratkaisut\/customer-success\/"},{"@type":"ListItem","position":3,"name":"Koulutus ja kehitys"}]},{"@type":"WebSite","@id":"https:\/\/www.elementlogic.net\/fi\/#website","url":"https:\/\/www.elementlogic.net\/fi\/","name":"Element Logic Finland","description":"","potentialAction":[{"@type":"SearchAction","target":{"@type":"EntryPoint","urlTemplate":"https:\/\/www.elementlogic.net\/fi\/?s={search_term_string}"},"query-input":{"@type":"PropertyValueSpecification","valueRequired":true,"valueName":"search_term_string"}}],"inLanguage":"fi"}]}},"_links":{"self":[{"href":"https:\/\/www.elementlogic.net\/fi\/wp-json\/wp\/v2\/pages\/2684"}],"collection":[{"href":"https:\/\/www.elementlogic.net\/fi\/wp-json\/wp\/v2\/pages"}],"about":[{"href":"https:\/\/www.elementlogic.net\/fi\/wp-json\/wp\/v2\/types\/page"}],"author":[{"embeddable":true,"href":"https:\/\/www.elementlogic.net\/fi\/wp-json\/wp\/v2\/users\/2"}],"replies":[{"embeddable":true,"href":"https:\/\/www.elementlogic.net\/fi\/wp-json\/wp\/v2\/comments?post=2684"}],"version-history":[{"count":5,"href":"https:\/\/www.elementlogic.net\/fi\/wp-json\/wp\/v2\/pages\/2684\/revisions"}],"predecessor-version":[{"id":2905,"href":"https:\/\/www.elementlogic.net\/fi\/wp-json\/wp\/v2\/pages\/2684\/revisions\/2905"}],"up":[{"embeddable":true,"href":"https:\/\/www.elementlogic.net\/fi\/wp-json\/wp\/v2\/pages\/2676"}],"wp:attachment":[{"href":"https:\/\/www.elementlogic.net\/fi\/wp-json\/wp\/v2\/media?parent=2684"}],"curies":[{"name":"wp","href":"https:\/\/api.w.org\/{rel}","templated":true}]}}