{"id":2686,"date":"2026-04-01T19:32:02","date_gmt":"2026-04-01T19:32:02","guid":{"rendered":"https:\/\/www.elementlogic.net\/fi\/?page_id=2686"},"modified":"2026-04-01T19:32:02","modified_gmt":"2026-04-01T19:32:02","slug":"element-logicin-yllapitopalvelut","status":"publish","type":"page","link":"https:\/\/www.elementlogic.net\/fi\/palvelut-ja-ratkaisut\/element-logicin-yllapitopalvelut\/","title":{"rendered":"Element Logicin yll\u00e4pitopalvelut"},"content":{"rendered":"\n\t\t<div style=\"--dekode-hero-dim:0.5; --t2-icon-fill:var(--wp--preset--color--white);\" class=\"alignfull dekode-hero-content-position-center has-media-background wp-block-dekode-hero has-text-color has-white-color\">\n\t\t\t<img loading=\"lazy\" decoding=\"async\" width=\"1024\" height=\"426\" src=\"https:\/\/www.elementlogic.net\/content\/uploads\/sites\/23\/2025\/02\/Wallpaper-11-1024x426.jpg\" class=\"dekode-hero__image\" alt=\"\" style=\"--focalpoint: 50% 50%;\" srcset=\"https:\/\/www.elementlogic.net\/content\/uploads\/sites\/23\/2025\/02\/Wallpaper-11-1024x426.jpg 1024w, https:\/\/www.elementlogic.net\/content\/uploads\/sites\/23\/2025\/02\/Wallpaper-11-300x125.jpg 300w, https:\/\/www.elementlogic.net\/content\/uploads\/sites\/23\/2025\/02\/Wallpaper-11-768x320.jpg 768w, https:\/\/www.elementlogic.net\/content\/uploads\/sites\/23\/2025\/02\/Wallpaper-11-1536x639.jpg 1536w, https:\/\/www.elementlogic.net\/content\/uploads\/sites\/23\/2025\/02\/Wallpaper-11-2048x853.jpg 2048w\" sizes=\"(max-width: 1024px) 100vw, 1024px\" \/>\n\t\t\t<div class=\"dekode-hero__content\">\n\t\t\t\t<div class=\"dekode-hero__container\">\n\t\t\t\t\t\n\n<h1 class=\"wp-block-heading\" id=\"h-element-logicin-yllapitopalvelut\"><strong>Element Logicin yll\u00e4pitopalvelut<\/strong><\/h1>\n\n\n<p class=\"t2-ingress wp-block-t2-ingress\">Poista IT-hallinnan huolet ja tehosta varastosi toimintaa Element Logicin yll\u00e4pitopalveluilla. Olemme kumppanisi luotettavassa, skaalautuvassa ja kustannustehokkaassa IT-infrastruktuurissa, olipa kyseess\u00e4 pilvipalvelu tai paikallinen ratkaisu.<\/p>\n\n\t\t\t\t<\/div>\n\t\t\t<\/div>\n\t\t<\/div>\n\t\t\n\n\n<h2 class=\"wp-block-heading\" id=\"h-jata-it-ympariston-monimutkaisuus-taaksesi\"><strong>J\u00e4t\u00e4 IT-ymp\u00e4rist\u00f6n monimutkaisuus taaksesi<\/strong><\/h2>\n\n\n\n<p>AutoStore- ja varastoj\u00e4rjestelmien IT-infrastruktuurin hallinta voi olla vaativaa ja kallista. Laitteiston yll\u00e4pito, varmuuskopiointi ja tietoturva vaativat aikaa ja asiantuntemusta vieden usein huomion pois ydintoiminnoista.<\/p>\n\n\n\n<p><strong>Element Logicin yll\u00e4pitopalvelut<\/strong> ottavat vastuun varastoj\u00e4rjestelmiesi toimivuudesta, halusitpa meid\u00e4n is\u00e4nn\u00f6iv\u00e4n niit\u00e4 <strong>pilvess\u00e4<\/strong> tai hallinnoivan niit\u00e4 <strong>nykyisess\u00e4 infrastruktuurissasi<\/strong>. Sertifioidut insin\u00f6\u00f6rimme vastaavat asennuksesta, konfiguroinnista, valvonnasta ja p\u00e4ivityksist\u00e4. N\u00e4in j\u00e4rjestelm\u00e4si pysyv\u00e4t turvallisina, vaatimustenmukaisina ja suorituskykyisin\u00e4, kun sin\u00e4 keskityt varastosi tehokkuuteen.<\/p>\n\n\n\n\t\t<div class=\"alignwide is-mode-constrained is-gap-center wp-block-t2-simple-media-text   \">\n\t\t\t<div class=\"t2-simple-media-text__container\">\n\t\t\t\t<div class=\"t2-simple-media-text__image\"><img loading=\"lazy\" decoding=\"async\" width=\"768\" height=\"366\" src=\"https:\/\/www.elementlogic.net\/content\/uploads\/sites\/23\/\/2024\/09\/image-101-768x366.png\" class=\"\" alt=\"\" style=\"--focalpoint: 50% 50%;\" srcset=\"https:\/\/www.elementlogic.net\/content\/uploads\/sites\/23\/2024\/09\/image-101-768x366.png 768w, https:\/\/www.elementlogic.net\/content\/uploads\/sites\/23\/2024\/09\/image-101-300x143.png 300w, https:\/\/www.elementlogic.net\/content\/uploads\/sites\/23\/2024\/09\/image-101-1024x488.png 1024w, https:\/\/www.elementlogic.net\/content\/uploads\/sites\/23\/2024\/09\/image-101.png 1500w\" sizes=\"(max-width: 768px) 100vw, 768px\" \/><\/div>\n\t\t\t\t<div class=\"t2-simple-media-text__content-container\">\n\t\t\t\t\t<div class=\"t2-simple-media-text__content\">\n\t\t\t\t\t\t<div class=\"t2-simple-media-text__content-inner\">\n\t\t\t\t\t\t\t\n\n<h3 class=\"wp-block-heading\" id=\"h-yllapidetty-pilvipalvelu\"><strong>Yll\u00e4pidetty pilvipalvelu<\/strong><\/h3>\n\n\n\n<p>Element Logic toimittaa ja operoi koko IT-ymp\u00e4rist\u00f6n palvelimet, tietokannat, verkottumisen, tietoturvan ja varmuuskopiot <strong>Amazon Web Services (AWS) <\/strong>-alustalla 37 globaalilla alueella.<\/p>\n\n\n\n<p>Jokaisella asiakkaalla on <strong>oma yksityinen pilvi<\/strong>, joka on yhdistetty turvallisesti varastoon VPN-yhteyden kautta.<\/p>\n\n\n\n<p>Hallitsemme kaiken alusta loppuun: infrastruktuurin, ohjelmistoymp\u00e4rist\u00f6t, redundanssin ja palautuksen. T\u00e4m\u00e4 varmistaa k\u00e4ytett\u00e4vyyden, skaalautuvuuden ja s\u00e4\u00e4d\u00f6stenmukaisuuden ilman paikallista IT-ty\u00f6t\u00e4.<\/p>\n\n\n\t\t\t\t\t\t<\/div>\n\t\t\t\t\t<\/div>\n\t\t\t\t<\/div>\n\t\t\t<\/div>\n\t\t<\/div>\n\t\t\n\n\n\t\t<div class=\"alignwide is-mode-constrained is-gap-center has-media-on-the-right wp-block-t2-simple-media-text   \">\n\t\t\t<div class=\"t2-simple-media-text__container\">\n\t\t\t\t<div class=\"t2-simple-media-text__image\"><img loading=\"lazy\" decoding=\"async\" width=\"768\" height=\"512\" src=\"https:\/\/www.elementlogic.net\/content\/uploads\/sites\/23\/\/2024\/09\/image-128-768x512.png\" class=\"\" alt=\"\" style=\"--focalpoint: 50% 50%;\" srcset=\"https:\/\/www.elementlogic.net\/content\/uploads\/sites\/23\/2024\/09\/image-128-768x512.png 768w, https:\/\/www.elementlogic.net\/content\/uploads\/sites\/23\/2024\/09\/image-128-300x200.png 300w, https:\/\/www.elementlogic.net\/content\/uploads\/sites\/23\/2024\/09\/image-128-1024x683.png 1024w, https:\/\/www.elementlogic.net\/content\/uploads\/sites\/23\/2024\/09\/image-128-1536x1024.png 1536w, https:\/\/www.elementlogic.net\/content\/uploads\/sites\/23\/2024\/09\/image-128.png 2048w\" sizes=\"(max-width: 768px) 100vw, 768px\" \/><\/div>\n\t\t\t\t<div class=\"t2-simple-media-text__content-container\">\n\t\t\t\t\t<div class=\"t2-simple-media-text__content\">\n\t\t\t\t\t\t<div class=\"t2-simple-media-text__content-inner\">\n\t\t\t\t\t\t\t\n\n<h3 class=\"wp-block-heading\" id=\"h-yllapidetty-paikallisratkaisu\"><strong>Yll\u00e4pidetty paikallisratkaisu<\/strong>\u00a0<\/h3>\n\n\n\n<p><strong>Asiakas toimittaa ja yll\u00e4pit\u00e4\u00e4<\/strong> fyysisen laitteiston, tallennustilan ja virransy\u00f6t\u00f6n paikan p\u00e4\u00e4ll\u00e4.<\/p>\n\n\n\n<p>Element Logic hallinnoi n\u00e4iss\u00e4 virtuaalikoneissa ajettavia <strong>j\u00e4rjestelmi\u00e4 ja sovelluksia<\/strong> kattaen k\u00e4ytt\u00f6j\u00e4rjestelm\u00e4t, tietokannat, konfiguraatiot ja p\u00e4ivitykset.<\/p>\n\n\n\n<p>Varmistamme, ett\u00e4 nykyinen infrastruktuurisi toimii tehokkaasti ja pysyy Element Logicin ohjelmistovaatimusten mukaisena.<\/p>\n\n\n\n<p>K\u00e4ytett\u00e4vyyden ja redundanssin taso sek\u00e4 varmuuskopiointitoimenpiteet s\u00e4ilyv\u00e4t asiakkaan valintoina.\u00a0<\/p>\n\n\n\t\t\t\t\t\t<\/div>\n\t\t\t\t\t<\/div>\n\t\t\t\t<\/div>\n\t\t\t<\/div>\n\t\t<\/div>\n\t\t\n\n\n<h2 class=\"wp-block-heading\" id=\"h-luotettava-verkkoymparisto-ja-toimintavarmuus\"><strong>Luotettava verkkoymp\u00e4rist\u00f6 ja toimintavarmuus<\/strong><\/h2>\n\n\n\n<p>Varmistamme, ett\u00e4 jokainen yll\u00e4pidetty kokonaisuus on rakennettu kest\u00e4m\u00e4\u00e4n:<\/p>\n\n\n\n<ul class=\"wp-block-list\">\n<li>Jatkuva j\u00e4rjestelm\u00e4valvonta korkean k\u00e4ytett\u00e4vyyden seurantaty\u00f6kaluilla<\/li>\n\n\n\n<li>Automatisoidut tietojen varmuuskopioinnit, versiointi ja palautusrutiinit pilvess\u00e4<\/li>\n\n\n\n<li>Kahdennetut VPN-tunnelit ja vikasietoiset yhteydet pilvipalveluun<\/li>\n\n\n\n<li>S\u00e4\u00e4nn\u00f6llinen tietoturvan vahvistaminen ja j\u00e4rjestelm\u00e4p\u00e4ivitykset<\/li>\n\n\n\n<li>Turvallinen et\u00e4k\u00e4ytt\u00f6 ja tuki Element Service Platform (ESP) -alustan kautta<\/li>\n<\/ul>\n\n\n\n<p>Tiimimme seuraa j\u00e4rjestelm\u00e4n tilaa ymp\u00e4ri vuorokauden ja toimii ennakoivasti ratkaistakseen mahdolliset ongelmat ennen kuin ne vaikuttavat toimintoihisi.\u00a0<\/p>\n\n\n<div class=\"t2-accordion wp-block-t2-accordion\" data-allow-multiple=\"1\">\n<div class=\"t2-accordion-item wp-block-t2-accordion-item\">\t<h3 class=\"t2-accordion-title\">\n\t\t<button\n\t\t\taria-controls=\"accordion-panel\"\n\t\t\taria-expanded=\"false\"\n\t\t\tclass=\"t2-accordion-trigger\"\n\t\t\tid=\"keskeiset-edut\u00a0\"\n\t\t\ttype=\"button\"\n\t\t>\n\t\t\tKeskeiset edut\u00a0\t\t\t<span class=\"t2-accordion-icon is-closed-icon\">\n\t\t\t\t<svg xmlns=\"http:\/\/www.w3.org\/2000\/svg\" viewBox=\"0 0 24 24\" height=\"24\" width=\"24\" class=\"t2-icon t2-icon-theme_plus\" aria-hidden=\"true\" focusable=\"false\"><path d=\"M11.25 12.75H6.25C6.0375 12.75 5.85942 12.6781 5.71575 12.5342C5.57192 12.3904 5.5 12.2122 5.5 11.9997C5.5 11.7871 5.57192 11.609 5.71575 11.4655C5.85942 11.3218 6.0375 11.25 6.25 11.25H11.25V6.25C11.25 6.0375 11.3219 5.85942 11.4658 5.71575C11.6096 5.57192 11.7878 5.5 12.0003 5.5C12.2129 5.5 12.391 5.57192 12.5345 5.71575C12.6782 5.85942 12.75 6.0375 12.75 6.25V11.25H17.75C17.9625 11.25 18.1406 11.3219 18.2843 11.4658C18.4281 11.6096 18.5 11.7878 18.5 12.0003C18.5 12.2129 18.4281 12.391 18.2843 12.5345C18.1406 12.6782 17.9625 12.75 17.75 12.75H12.75V17.75C12.75 17.9625 12.6781 18.1406 12.5342 18.2843C12.3904 18.4281 12.2122 18.5 11.9997 18.5C11.7871 18.5 11.609 18.4281 11.4655 18.2843C11.3218 18.1406 11.25 17.9625 11.25 17.75V12.75Z\" fill=\"var(--t2-icon-fill, #000)\"\/><\/svg>\t\t\t<\/span>\n\t\t\t<span class=\"t2-accordion-icon is-open-icon\">\n\t\t\t\t<svg xmlns=\"http:\/\/www.w3.org\/2000\/svg\" viewBox=\"0 0 24 24\" height=\"24\" width=\"24\" class=\"t2-icon t2-icon-theme_minus\" aria-hidden=\"true\" focusable=\"false\"><path d=\"M6.25 12.75C6.0375 12.75 5.85942 12.6781 5.71575 12.5342C5.57192 12.3904 5.5 12.2122 5.5 11.9997C5.5 11.7871 5.57192 11.609 5.71575 11.4655C5.85942 11.3218 6.0375 11.25 6.25 11.25H17.75C17.9625 11.25 18.1406 11.3219 18.2843 11.4658C18.4281 11.6096 18.5 11.7878 18.5 12.0003C18.5 12.2129 18.4281 12.391 18.2843 12.5345C18.1406 12.6782 17.9625 12.75 17.75 12.75H6.25Z\" fill=\"var(--t2-icon-fill, #1C1B1F)\"\/><\/svg>\t\t\t<\/span>\n\t\t<\/button>\n\t<\/h3>\n\t\t<div\n\t\taria-labelledby=\"keskeiset-edut\u00a0\"\n\t\tclass=\"t2-accordion-item__inner-container\"\n\t\tid=\"accordion-panel\"\n\t\trole=\"region\"\n\t\thidden\t>\n\t\t\n\n<ul class=\"wp-block-list\">\n<li><strong>Yksinkertaistettu IT:<\/strong> Anna asiantuntijoidemme hoitaa yll\u00e4pito, jotta voit itse keskitty\u00e4 varastosi suorituskykyyn.<\/li>\n\n\n\n<li><strong>Ennakoitavat kustannukset:<\/strong> Siirry ennakoimattomista investointimenoista (CAPEX) l\u00e4pin\u00e4kyv\u00e4\u00e4n palvelupohjaiseen hinnoitteluun.<\/li>\n\n\n\n<li><strong>Asiantuntemus k\u00e4ytett\u00e4viss\u00e4si:<\/strong> Hy\u00f6dynn\u00e4 sertifioitujen varasto-it-ratkaisuihin erikoistuneiden j\u00e4rjestelm\u00e4- ja pilvi-insin\u00f6\u00f6rien osaamista.<\/li>\n\n\n\n<li><strong>Luotettavuus ja turvallisuus:<\/strong> Tukena ovat 24\/7-valvonta, automatisoidut varmuuskopiot ja GDPR-yhteensopiva tietojen k\u00e4sittely.<\/li>\n\n\n\n<li><strong>Skaalautuvuus:<\/strong> Laajenna toimintaasi tai integroi uusia Element Logic -sovelluksia helposti liiketoimintasi kasvaessa.<\/li>\n\n\n\n<li><strong>Mielenrauha:<\/strong> Olipa kyseess\u00e4 meid\u00e4n is\u00e4nn\u00f6im\u00e4mme palvelu tai oma laitteistosi, j\u00e4rjestelm\u00e4si ovat turvallisissa k\u00e4siss\u00e4.<\/li>\n<\/ul>\n\n\t<\/div>\n\t<\/div>\n\n<div class=\"t2-accordion-item wp-block-t2-accordion-item\">\t<h2 class=\"t2-accordion-title\">\n\t\t<button\n\t\t\taria-controls=\"accordion-panel-1\"\n\t\t\taria-expanded=\"false\"\n\t\t\tclass=\"t2-accordion-trigger\"\n\t\t\tid=\"mit\u00e4-odottaa\"\n\t\t\ttype=\"button\"\n\t\t>\n\t\t\tMit\u00e4 odottaa\t\t\t<span class=\"t2-accordion-icon is-closed-icon\">\n\t\t\t\t<svg xmlns=\"http:\/\/www.w3.org\/2000\/svg\" viewBox=\"0 0 24 24\" height=\"24\" width=\"24\" class=\"t2-icon t2-icon-theme_plus\" aria-hidden=\"true\" focusable=\"false\"><path d=\"M11.25 12.75H6.25C6.0375 12.75 5.85942 12.6781 5.71575 12.5342C5.57192 12.3904 5.5 12.2122 5.5 11.9997C5.5 11.7871 5.57192 11.609 5.71575 11.4655C5.85942 11.3218 6.0375 11.25 6.25 11.25H11.25V6.25C11.25 6.0375 11.3219 5.85942 11.4658 5.71575C11.6096 5.57192 11.7878 5.5 12.0003 5.5C12.2129 5.5 12.391 5.57192 12.5345 5.71575C12.6782 5.85942 12.75 6.0375 12.75 6.25V11.25H17.75C17.9625 11.25 18.1406 11.3219 18.2843 11.4658C18.4281 11.6096 18.5 11.7878 18.5 12.0003C18.5 12.2129 18.4281 12.391 18.2843 12.5345C18.1406 12.6782 17.9625 12.75 17.75 12.75H12.75V17.75C12.75 17.9625 12.6781 18.1406 12.5342 18.2843C12.3904 18.4281 12.2122 18.5 11.9997 18.5C11.7871 18.5 11.609 18.4281 11.4655 18.2843C11.3218 18.1406 11.25 17.9625 11.25 17.75V12.75Z\" fill=\"var(--t2-icon-fill, #000)\"\/><\/svg>\t\t\t<\/span>\n\t\t\t<span class=\"t2-accordion-icon is-open-icon\">\n\t\t\t\t<svg xmlns=\"http:\/\/www.w3.org\/2000\/svg\" viewBox=\"0 0 24 24\" height=\"24\" width=\"24\" class=\"t2-icon t2-icon-theme_minus\" aria-hidden=\"true\" focusable=\"false\"><path d=\"M6.25 12.75C6.0375 12.75 5.85942 12.6781 5.71575 12.5342C5.57192 12.3904 5.5 12.2122 5.5 11.9997C5.5 11.7871 5.57192 11.609 5.71575 11.4655C5.85942 11.3218 6.0375 11.25 6.25 11.25H17.75C17.9625 11.25 18.1406 11.3219 18.2843 11.4658C18.4281 11.6096 18.5 11.7878 18.5 12.0003C18.5 12.2129 18.4281 12.391 18.2843 12.5345C18.1406 12.6782 17.9625 12.75 17.75 12.75H6.25Z\" fill=\"var(--t2-icon-fill, #1C1B1F)\"\/><\/svg>\t\t\t<\/span>\n\t\t<\/button>\n\t<\/h2>\n\t\t<div\n\t\taria-labelledby=\"mit\u00e4-odottaa\"\n\t\tclass=\"t2-accordion-item__inner-container\"\n\t\tid=\"accordion-panel-1\"\n\t\trole=\"region\"\n\t\thidden\t>\n\t\t\n\n<ul class=\"wp-block-list\">\n<li><strong>Aina tavoitettavissa oleva tuki:<\/strong> 24\/7-palvelupiste valvontaa, vianm\u00e4\u00e4rityst\u00e4 ja teknist\u00e4 ohjausta varten.<\/li>\n\n\n\n<li><strong>L\u00e4pin\u00e4kyv\u00e4t sopimukset:<\/strong> V\u00e4hint\u00e4\u00e4n yhden vuoden sopimuskausi automaattisella uusiutumisella ilman piilokuluja.<\/li>\n\n\n\n<li><strong>Sujuva k\u00e4ytt\u00f6\u00f6notto:<\/strong> Selke\u00e4t tekniset vaatimukset, ohjattu integrointi ja standardoitu asennus.<\/li>\n\n\n\n<li><strong>Ennakoiva huolto:<\/strong> S\u00e4\u00e4nn\u00f6lliset j\u00e4rjestelm\u00e4n kuntotarkastukset ja p\u00e4ivitykset varastosi sujuvan toiminnan varmistamiseksi.<\/li>\n<\/ul>\n\n\t<\/div>\n\t<\/div>\n\n<div class=\"t2-accordion-item wp-block-t2-accordion-item\">\t<h2 class=\"t2-accordion-title\">\n\t\t<button\n\t\t\taria-controls=\"accordion-panel-2\"\n\t\t\taria-expanded=\"false\"\n\t\t\tclass=\"t2-accordion-trigger\"\n\t\t\tid=\"kenelle-palvelu-on-tarkoitettu?\u00a0\"\n\t\t\ttype=\"button\"\n\t\t>\n\t\t\tKenelle palvelu on tarkoitettu?\u00a0\t\t\t<span class=\"t2-accordion-icon is-closed-icon\">\n\t\t\t\t<svg xmlns=\"http:\/\/www.w3.org\/2000\/svg\" viewBox=\"0 0 24 24\" height=\"24\" width=\"24\" class=\"t2-icon t2-icon-theme_plus\" aria-hidden=\"true\" focusable=\"false\"><path d=\"M11.25 12.75H6.25C6.0375 12.75 5.85942 12.6781 5.71575 12.5342C5.57192 12.3904 5.5 12.2122 5.5 11.9997C5.5 11.7871 5.57192 11.609 5.71575 11.4655C5.85942 11.3218 6.0375 11.25 6.25 11.25H11.25V6.25C11.25 6.0375 11.3219 5.85942 11.4658 5.71575C11.6096 5.57192 11.7878 5.5 12.0003 5.5C12.2129 5.5 12.391 5.57192 12.5345 5.71575C12.6782 5.85942 12.75 6.0375 12.75 6.25V11.25H17.75C17.9625 11.25 18.1406 11.3219 18.2843 11.4658C18.4281 11.6096 18.5 11.7878 18.5 12.0003C18.5 12.2129 18.4281 12.391 18.2843 12.5345C18.1406 12.6782 17.9625 12.75 17.75 12.75H12.75V17.75C12.75 17.9625 12.6781 18.1406 12.5342 18.2843C12.3904 18.4281 12.2122 18.5 11.9997 18.5C11.7871 18.5 11.609 18.4281 11.4655 18.2843C11.3218 18.1406 11.25 17.9625 11.25 17.75V12.75Z\" fill=\"var(--t2-icon-fill, #000)\"\/><\/svg>\t\t\t<\/span>\n\t\t\t<span class=\"t2-accordion-icon is-open-icon\">\n\t\t\t\t<svg xmlns=\"http:\/\/www.w3.org\/2000\/svg\" viewBox=\"0 0 24 24\" height=\"24\" width=\"24\" class=\"t2-icon t2-icon-theme_minus\" aria-hidden=\"true\" focusable=\"false\"><path d=\"M6.25 12.75C6.0375 12.75 5.85942 12.6781 5.71575 12.5342C5.57192 12.3904 5.5 12.2122 5.5 11.9997C5.5 11.7871 5.57192 11.609 5.71575 11.4655C5.85942 11.3218 6.0375 11.25 6.25 11.25H17.75C17.9625 11.25 18.1406 11.3219 18.2843 11.4658C18.4281 11.6096 18.5 11.7878 18.5 12.0003C18.5 12.2129 18.4281 12.391 18.2843 12.5345C18.1406 12.6782 17.9625 12.75 17.75 12.75H6.25Z\" fill=\"var(--t2-icon-fill, #1C1B1F)\"\/><\/svg>\t\t\t<\/span>\n\t\t<\/button>\n\t<\/h2>\n\t\t<div\n\t\taria-labelledby=\"kenelle-palvelu-on-tarkoitettu?\u00a0\"\n\t\tclass=\"t2-accordion-item__inner-container\"\n\t\tid=\"accordion-panel-2\"\n\t\trole=\"region\"\n\t\thidden\t>\n\t\t\n\n<ul class=\"wp-block-list\">\n<li><strong>Yritykset<\/strong>, joilla on jo olemassa oleva IT-infrastruktuuri ja jotka haluavat Element Logicin hallinnoivan heid\u00e4n virtuaaliymp\u00e4rist\u00f6\u00e4\u00e4n.<\/li>\n\n\n\n<li><strong>Kasvavat yritykset<\/strong>, jotka suosivat avaimet k\u00e4teen -pilviratkaisua ilman laitteiston hallintaa. <\/li>\n\n\n\n<li><strong>Operatiiviset ja IT-johtajat<\/strong>, jotka etsiv\u00e4t vakaata ja skaalautuvaa infrastruktuuria mahdollisimman v\u00e4h\u00e4ll\u00e4 vaivalla.<\/li>\n<\/ul>\n\n\t<\/div>\n\t<\/div>\n<\/div>\n\n\n\t\t<div class=\"wp-block-dekode-simple-cta\">\n\t\t\t<div class=\"dekode-simple-cta__inner\">\n\n<h3 class=\"wp-block-heading\" id=\"oletko-valmis-vahentamaan-it-kustannuksia-ja-tehostamaan-varastosi-suorituskykya\">Oletko valmis v\u00e4hent\u00e4m\u00e4\u00e4n IT-kustannuksia ja tehostamaan varastosi suorituskyky\u00e4?<\/h3>\n\n\n\n<div class=\"wp-block-buttons is-layout-flex wp-block-buttons-is-layout-flex\">\n<div class=\"wp-block-button has-icon has-icon-theme_arrow\"><a class=\"wp-block-button__link wp-element-button\" href=\"https:\/\/www.elementlogic.net\/fi\/ota-yhteytta\/\">Ota yhteytt\u00e4 jo t\u00e4n\u00e4\u00e4n<svg xmlns=\"http:\/\/www.w3.org\/2000\/svg\" viewBox=\"0 0 24 24\" height=\"24\" width=\"24\" class=\"t2-icon t2-icon-theme_arrow\" aria-hidden=\"true\" focusable=\"false\"><path d=\"M16.627 12.75H5.25C5.03717 12.75 4.859 12.6782 4.7155 12.5345C4.57183 12.391 4.5 12.2128 4.5 12C4.5 11.7872 4.57183 11.609 4.7155 11.4655C4.859 11.3218 5.03717 11.25 5.25 11.25H16.627L11.4577 6.08076C11.3091 5.93209 11.2357 5.75809 11.2375 5.55876C11.2395 5.35942 11.318 5.18217 11.473 5.02701C11.6282 4.88217 11.8038 4.80717 12 4.80201C12.1962 4.79684 12.3718 4.87184 12.527 5.02701L18.8673 11.3673C18.9609 11.4609 19.0269 11.5597 19.0652 11.6635C19.1037 11.7673 19.123 11.8795 19.123 12C19.123 12.1205 19.1037 12.2327 19.0652 12.3365C19.0269 12.4403 18.9609 12.5391 18.8673 12.6328L12.527 18.973C12.3885 19.1115 12.217 19.1823 12.0125 19.1855C11.808 19.1887 11.6282 19.1178 11.473 18.973C11.318 18.8178 11.2405 18.6397 11.2405 18.4385C11.2405 18.2372 11.318 18.0589 11.473 17.9038L16.627 12.75Z\" fill=\"var(--t2-icon-fill, #000)\"\/><\/svg><\/a><\/div>\n<\/div>\n\n<\/div>\n\t\t<\/div>","protected":false},"excerpt":{"rendered":"<p>J\u00e4t\u00e4 IT-ymp\u00e4rist\u00f6n monimutkaisuus taaksesi AutoStore- ja varastoj\u00e4rjestelmien IT-infrastruktuurin hallinta voi olla vaativaa ja kallista. Laitteiston yll\u00e4pito, varmuuskopiointi ja tietoturva vaativat [&hellip;]<\/p>\n","protected":false},"author":2,"featured_media":0,"parent":266,"menu_order":0,"comment_status":"closed","ping_status":"closed","template":"","meta":{"hreflang_relation":5837,"_el_cross_publish_source_blog_url":"","_el_cross_publish_source_blog_id":0,"_el_cross_publish_source_post_id":0,"_el_cross_publish_sync_state":"","exclude_from_search":false,"footnotes":""},"class_list":["post-2686","page","type-page","status-publish","hentry"],"yoast_head":"<!-- This site is optimized with the Yoast SEO Premium plugin v23.9 (Yoast SEO v23.9) - https:\/\/yoast.com\/wordpress\/plugins\/seo\/ -->\n<title>Element Logicin yll\u00e4pitopalvelut - Element Logic Finland<\/title>\n<meta name=\"description\" content=\"Element Logicin yll\u00e4pitopalvelut ottavat vastuun varastoj\u00e4rjestelmiesi toimivuudesta joko pilvess\u00e4 tai nykyisess\u00e4 infrastruktuurissasi.\" \/>\n<meta name=\"robots\" content=\"index, follow, max-snippet:-1, max-image-preview:large, max-video-preview:-1\" \/>\n<link rel=\"canonical\" href=\"https:\/\/www.elementlogic.net\/fi\/palvelut-ja-ratkaisut\/element-logicin-yllapitopalvelut\/\" \/>\n<meta property=\"og:locale\" content=\"fi_FI\" \/>\n<meta property=\"og:type\" content=\"article\" \/>\n<meta property=\"og:title\" content=\"Element Logicin yll\u00e4pitopalvelut\" \/>\n<meta property=\"og:description\" content=\"Element Logicin yll\u00e4pitopalvelut ottavat vastuun varastoj\u00e4rjestelmiesi toimivuudesta joko pilvess\u00e4 tai nykyisess\u00e4 infrastruktuurissasi.\" \/>\n<meta property=\"og:url\" content=\"https:\/\/www.elementlogic.net\/fi\/palvelut-ja-ratkaisut\/element-logicin-yllapitopalvelut\/\" \/>\n<meta property=\"og:site_name\" content=\"Element Logic Finland\" \/>\n<meta name=\"twitter:card\" content=\"summary_large_image\" \/>\n<meta name=\"twitter:label1\" content=\"Arvioitu lukuaika\" \/>\n\t<meta name=\"twitter:data1\" content=\"3 minuuttia\" \/>\n<script type=\"application\/ld+json\" class=\"yoast-schema-graph\">{\"@context\":\"https:\/\/schema.org\",\"@graph\":[{\"@type\":\"WebPage\",\"@id\":\"https:\/\/www.elementlogic.net\/fi\/palvelut-ja-ratkaisut\/element-logicin-yllapitopalvelut\/\",\"url\":\"https:\/\/www.elementlogic.net\/fi\/palvelut-ja-ratkaisut\/element-logicin-yllapitopalvelut\/\",\"name\":\"Element Logicin yll\u00e4pitopalvelut - Element Logic Finland\",\"isPartOf\":{\"@id\":\"https:\/\/www.elementlogic.net\/fi\/#website\"},\"datePublished\":\"2026-04-01T19:32:02+00:00\",\"dateModified\":\"2026-04-01T19:32:02+00:00\",\"description\":\"Element Logicin yll\u00e4pitopalvelut ottavat vastuun varastoj\u00e4rjestelmiesi toimivuudesta joko pilvess\u00e4 tai nykyisess\u00e4 infrastruktuurissasi.\",\"breadcrumb\":{\"@id\":\"https:\/\/www.elementlogic.net\/fi\/palvelut-ja-ratkaisut\/element-logicin-yllapitopalvelut\/#breadcrumb\"},\"inLanguage\":\"fi\",\"potentialAction\":[{\"@type\":\"ReadAction\",\"target\":[\"https:\/\/www.elementlogic.net\/fi\/palvelut-ja-ratkaisut\/element-logicin-yllapitopalvelut\/\"]}]},{\"@type\":\"BreadcrumbList\",\"@id\":\"https:\/\/www.elementlogic.net\/fi\/palvelut-ja-ratkaisut\/element-logicin-yllapitopalvelut\/#breadcrumb\",\"itemListElement\":[{\"@type\":\"ListItem\",\"position\":1,\"name\":\"Palvelut ja ratkaisut\",\"item\":\"https:\/\/www.elementlogic.net\/fi\/palvelut-ja-ratkaisut\/\"},{\"@type\":\"ListItem\",\"position\":2,\"name\":\"Element Logicin yll\u00e4pitopalvelut\"}]},{\"@type\":\"WebSite\",\"@id\":\"https:\/\/www.elementlogic.net\/fi\/#website\",\"url\":\"https:\/\/www.elementlogic.net\/fi\/\",\"name\":\"Element Logic Finland\",\"description\":\"\",\"potentialAction\":[{\"@type\":\"SearchAction\",\"target\":{\"@type\":\"EntryPoint\",\"urlTemplate\":\"https:\/\/www.elementlogic.net\/fi\/?s={search_term_string}\"},\"query-input\":{\"@type\":\"PropertyValueSpecification\",\"valueRequired\":true,\"valueName\":\"search_term_string\"}}],\"inLanguage\":\"fi\"}]}<\/script>\n<!-- \/ Yoast SEO Premium plugin. -->","yoast_head_json":{"title":"Element Logicin yll\u00e4pitopalvelut - Element Logic Finland","description":"Element Logicin yll\u00e4pitopalvelut ottavat vastuun varastoj\u00e4rjestelmiesi toimivuudesta joko pilvess\u00e4 tai nykyisess\u00e4 infrastruktuurissasi.","robots":{"index":"index","follow":"follow","max-snippet":"max-snippet:-1","max-image-preview":"max-image-preview:large","max-video-preview":"max-video-preview:-1"},"canonical":"https:\/\/www.elementlogic.net\/fi\/palvelut-ja-ratkaisut\/element-logicin-yllapitopalvelut\/","og_locale":"fi_FI","og_type":"article","og_title":"Element Logicin yll\u00e4pitopalvelut","og_description":"Element Logicin yll\u00e4pitopalvelut ottavat vastuun varastoj\u00e4rjestelmiesi toimivuudesta joko pilvess\u00e4 tai nykyisess\u00e4 infrastruktuurissasi.","og_url":"https:\/\/www.elementlogic.net\/fi\/palvelut-ja-ratkaisut\/element-logicin-yllapitopalvelut\/","og_site_name":"Element Logic Finland","twitter_card":"summary_large_image","twitter_misc":{"Arvioitu lukuaika":"3 minuuttia"},"schema":{"@context":"https:\/\/schema.org","@graph":[{"@type":"WebPage","@id":"https:\/\/www.elementlogic.net\/fi\/palvelut-ja-ratkaisut\/element-logicin-yllapitopalvelut\/","url":"https:\/\/www.elementlogic.net\/fi\/palvelut-ja-ratkaisut\/element-logicin-yllapitopalvelut\/","name":"Element Logicin yll\u00e4pitopalvelut - Element Logic Finland","isPartOf":{"@id":"https:\/\/www.elementlogic.net\/fi\/#website"},"datePublished":"2026-04-01T19:32:02+00:00","dateModified":"2026-04-01T19:32:02+00:00","description":"Element Logicin yll\u00e4pitopalvelut ottavat vastuun varastoj\u00e4rjestelmiesi toimivuudesta joko pilvess\u00e4 tai nykyisess\u00e4 infrastruktuurissasi.","breadcrumb":{"@id":"https:\/\/www.elementlogic.net\/fi\/palvelut-ja-ratkaisut\/element-logicin-yllapitopalvelut\/#breadcrumb"},"inLanguage":"fi","potentialAction":[{"@type":"ReadAction","target":["https:\/\/www.elementlogic.net\/fi\/palvelut-ja-ratkaisut\/element-logicin-yllapitopalvelut\/"]}]},{"@type":"BreadcrumbList","@id":"https:\/\/www.elementlogic.net\/fi\/palvelut-ja-ratkaisut\/element-logicin-yllapitopalvelut\/#breadcrumb","itemListElement":[{"@type":"ListItem","position":1,"name":"Palvelut ja ratkaisut","item":"https:\/\/www.elementlogic.net\/fi\/palvelut-ja-ratkaisut\/"},{"@type":"ListItem","position":2,"name":"Element Logicin yll\u00e4pitopalvelut"}]},{"@type":"WebSite","@id":"https:\/\/www.elementlogic.net\/fi\/#website","url":"https:\/\/www.elementlogic.net\/fi\/","name":"Element Logic Finland","description":"","potentialAction":[{"@type":"SearchAction","target":{"@type":"EntryPoint","urlTemplate":"https:\/\/www.elementlogic.net\/fi\/?s={search_term_string}"},"query-input":{"@type":"PropertyValueSpecification","valueRequired":true,"valueName":"search_term_string"}}],"inLanguage":"fi"}]}},"_links":{"self":[{"href":"https:\/\/www.elementlogic.net\/fi\/wp-json\/wp\/v2\/pages\/2686"}],"collection":[{"href":"https:\/\/www.elementlogic.net\/fi\/wp-json\/wp\/v2\/pages"}],"about":[{"href":"https:\/\/www.elementlogic.net\/fi\/wp-json\/wp\/v2\/types\/page"}],"author":[{"embeddable":true,"href":"https:\/\/www.elementlogic.net\/fi\/wp-json\/wp\/v2\/users\/2"}],"replies":[{"embeddable":true,"href":"https:\/\/www.elementlogic.net\/fi\/wp-json\/wp\/v2\/comments?post=2686"}],"version-history":[{"count":5,"href":"https:\/\/www.elementlogic.net\/fi\/wp-json\/wp\/v2\/pages\/2686\/revisions"}],"predecessor-version":[{"id":2928,"href":"https:\/\/www.elementlogic.net\/fi\/wp-json\/wp\/v2\/pages\/2686\/revisions\/2928"}],"up":[{"embeddable":true,"href":"https:\/\/www.elementlogic.net\/fi\/wp-json\/wp\/v2\/pages\/266"}],"wp:attachment":[{"href":"https:\/\/www.elementlogic.net\/fi\/wp-json\/wp\/v2\/media?parent=2686"}],"curies":[{"name":"wp","href":"https:\/\/api.w.org\/{rel}","templated":true}]}}