{"id":42,"date":"2024-09-14T12:41:27","date_gmt":"2024-09-14T10:41:27","guid":{"rendered":"https:\/\/www.elementlogic.net\/?page_id=2673"},"modified":"2024-12-20T19:44:16","modified_gmt":"2024-12-20T19:44:16","slug":"cookie-policy","status":"publish","type":"page","link":"https:\/\/www.elementlogic.net\/fi\/cookie-policy\/","title":{"rendered":"Element Logicin ev\u00e4steiden k\u00e4ytt\u00f6"},"content":{"rendered":"<p class=\"t2-ingress wp-block-t2-ingress\">T\u00e4m\u00e4 ev\u00e4stek\u00e4yt\u00e4nt\u00f6 kuvaa, kuinka Element Logic k\u00e4ytt\u00e4\u00e4 ev\u00e4steit\u00e4 verkkosivustollaan https:\/\/www.elementlogic.fi.<\/p>\n\n\n<div class=\"wp-block-buttons is-layout-flex wp-block-buttons-is-layout-flex\">\n<div class=\"wp-block-button has-icon has-icon-theme_arrow\"><a class=\"wp-block-button__link wp-element-button\" href=\"#cookies\">Muuta ev\u00e4steasetuksia<svg xmlns=\"http:\/\/www.w3.org\/2000\/svg\" viewBox=\"0 0 24 24\" height=\"24\" width=\"24\" class=\"t2-icon t2-icon-theme_arrow\" aria-hidden=\"true\" focusable=\"false\"><path d=\"M16.627 12.75H5.25C5.03717 12.75 4.859 12.6782 4.7155 12.5345C4.57183 12.391 4.5 12.2128 4.5 12C4.5 11.7872 4.57183 11.609 4.7155 11.4655C4.859 11.3218 5.03717 11.25 5.25 11.25H16.627L11.4577 6.08076C11.3091 5.93209 11.2357 5.75809 11.2375 5.55876C11.2395 5.35942 11.318 5.18217 11.473 5.02701C11.6282 4.88217 11.8038 4.80717 12 4.80201C12.1962 4.79684 12.3718 4.87184 12.527 5.02701L18.8673 11.3673C18.9609 11.4609 19.0269 11.5597 19.0652 11.6635C19.1037 11.7673 19.123 11.8795 19.123 12C19.123 12.1205 19.1037 12.2327 19.0652 12.3365C19.0269 12.4403 18.9609 12.5391 18.8673 12.6328L12.527 18.973C12.3885 19.1115 12.217 19.1823 12.0125 19.1855C11.808 19.1887 11.6282 19.1178 11.473 18.973C11.318 18.8178 11.2405 18.6397 11.2405 18.4385C11.2405 18.2372 11.318 18.0589 11.473 17.9038L16.627 12.75Z\" fill=\"var(--t2-icon-fill, #000)\"\/><\/svg><\/a><\/div>\n<\/div>\n\n\n\n<p>Ev\u00e4steet ovat pieni\u00e4 tekstitiedostoja, jotka verkkosivustot asettavat tietokoneellesi, kun vierailet niill\u00e4. Niit\u00e4 k\u00e4ytet\u00e4\u00e4n laajasti tekem\u00e4\u00e4n verkkosivustoista toimivia tai toimivampia sek\u00e4 antamaan tietoa sivuston omistajille. Element Logic k\u00e4ytt\u00e4\u00e4 my\u00f6s ev\u00e4steit\u00e4 kolmesta p\u00e4\u00e4asiallisesta syyst\u00e4:<\/p>\n\n\n\n<ul class=\"wp-block-list\">\n<li>Suorituskykyev\u00e4steet ker\u00e4\u00e4v\u00e4t tietoa siit\u00e4, miten vierailijat k\u00e4ytt\u00e4v\u00e4t verkkosivustoamme, jotta Element Logic tiet\u00e4\u00e4, miten verkkosivusto toimii. Element Logic k\u00e4ytt\u00e4\u00e4 n\u00e4it\u00e4 ev\u00e4steit\u00e4 parantaakseen verkkosivuston toimintaa. Kaikki n\u00e4iden ev\u00e4steiden ker\u00e4\u00e4m\u00e4 tieto on anonyymi\u00e4.<\/li>\n\n\n\n<li>Mainosev\u00e4steet antavat tietoa vierailijoidemme digitaalisesta k\u00e4ytt\u00e4ytymisest\u00e4. Googlen AdWordsin tarjoamien mainosev\u00e4steiden tarkoitus on tavoittaa uudelleen vierailijat, joista todenn\u00e4k\u00f6isesti tulee asiakkaita vierailijan verkkok\u00e4ytt\u00e4ytymisen perusteella. Microsoft Dynamics 365:n tarjoamien mainosev\u00e4steiden tarkoitus on jakaa kiinnostuksen kohteisiin perustuvaa sis\u00e4lt\u00f6\u00e4 nykyisille ja potentiaalisille asiakkaille.<\/li>\n\n\n\n<li>Toiminnallisuusev\u00e4steet ovat verkkosivustollamme muistamassa yll\u00e4 olevat valintasi parantaakseen kokemustasi selaamisen aikana. T\u00e4t\u00e4 tietoa ei k\u00e4ytet\u00e4 mihink\u00e4\u00e4n muuhun tarkoitukseen.<\/li>\n<\/ul>\n\n\n\n<p>Jos hyv\u00e4ksyt, asennamme vain n\u00e4it\u00e4 tarkoituksia palvelevat ev\u00e4steet. Katso <a href=\"https:\/\/www.elementlogic.net\/fi\/cookie-policy\/\">t\u00e4\u00e4lt\u00e4<\/a> yksityiskohtainen kuvaus k\u00e4ytt\u00e4mist\u00e4mme ev\u00e4steist\u00e4. Voit muuttaa tai peruuttaa suostumuksesi milloin tahansa <a href=\"https:\/\/www.elementlogic.net\/fi\/cookie-policy\/\">t\u00e4\u00e4ll\u00e4<\/a>. Voit s\u00e4\u00e4t\u00e4\u00e4 k\u00e4ytett\u00e4viss\u00e4 olevat liukus\u00e4\u00e4timet \u201cp\u00e4\u00e4lle\u201d tai \u201cpois\u201d ja sitten klikata \u201ctallenna ja sulje\u201d.<\/p>\n\n\n\n<p>Jotkut alla kuvatuista ev\u00e4steist\u00e4 ker\u00e4\u00e4v\u00e4t henkil\u00f6tietoja. Oikeuksistasi rekister\u00f6ityn\u00e4 katso tietosuojak\u00e4yt\u00e4nt\u00f6mme.<\/p>\n\n\n\n<p>Useimmat verkkoselaimet sallivat sinun my\u00f6s hallita ev\u00e4steit\u00e4 selainasetusten kautta. Lis\u00e4tietoja ev\u00e4steist\u00e4, mukaan lukien tiedot siit\u00e4, mit\u00e4 ev\u00e4steit\u00e4 on asetettu, l\u00f6ytyy osoitteista www.aboutcookies.org ja <a href=\"http:\/\/www.allaboutcookies.org\">www.allaboutcookies.org<\/a>. Voit my\u00f6s kielt\u00e4yty\u00e4 ev\u00e4steist\u00e4 osoitteissa <a href=\"http:\/\/www.aboutads.info\/choices\">www.aboutads.info\/choices<\/a> ja <a href=\"http:\/\/www.youronlinechoices.eu\">www.youronlinechoices.eu<\/a>.<\/p>\n\n\n\n<p><strong>GOOGLE ANALYTICS<\/strong><\/p>\n\n\n\n<p>T\u00e4ll\u00e4 verkkosivustolla (<a href=\"https:\/\/www.elementlogic.fi\/\">https:\/\/www.elementlogic.fi\/<\/a>) k\u00e4yt\u00e4mme Google Analyticsia. T\u00e4m\u00e4 palvelu k\u00e4ytt\u00e4\u00e4 ev\u00e4steit\u00e4 ker\u00e4t\u00e4kseen, tallentaakseen ja k\u00e4ytt\u00e4\u00e4kseen teknisi\u00e4 tietoja laitteestasi ja vuorovaikutuksestasi verkkosivustomme kanssa (istuntotiedot).<\/p>\n\n\n\n<p>K\u00e4sittelemme Google Analyticsin ev\u00e4steiden kautta ker\u00e4\u00e4mi\u00e4si henkil\u00f6tietoja Element Logicin verkkosivuston suunnittelun, optimoinnin, arvioinnin, kehitt\u00e4misen ja parantamisen tarkoituksessa. Google Analytics tarjoaa meille verkkoalyysipalvelun ja luo pseudonymisoituja k\u00e4ytt\u00e4j\u00e4profiileja.<\/p>\n\n\n\n<p><strong>GOOGLE MAPS<br><\/strong><\/p>\n\n\n\n<p>T\u00e4ll\u00e4 verkkosivustolla (<a href=\"https:\/\/www.elementlogic.fi\/\">https:\/\/www.elementlogic.fi\/<\/a>) k\u00e4yt\u00e4mme Google Mapsia. T\u00e4m\u00e4 palvelu k\u00e4ytt\u00e4\u00e4 ev\u00e4steit\u00e4 ker\u00e4t\u00e4kseen, tallentaakseen ja k\u00e4ytt\u00e4\u00e4kseen teknisi\u00e4 tietoja vuorovaikutuksestasi verkkosivustomme kanssa (istuntotiedot).<\/p>\n\n\n\n<p>T\u00e4m\u00e4 on interaktiivinen kartta, joka mahdollistaa sijaintimme n\u00e4ytt\u00e4misen. K\u00e4sittelemme henkil\u00f6tietojasi tarjotaksemme sinulle interaktiivisen kartan sijaintimme n\u00e4ytt\u00e4miseksi.<\/p>\n\n\n\n<p>Jos suostut Google Mapsin k\u00e4ytt\u00f6\u00f6n, kartta n\u00e4ytet\u00e4\u00e4n verkkosivustollamme. IP-osoitteesi ja tieto siit\u00e4, ett\u00e4 olet vieraillut verkkosivustollamme, l\u00e4hetet\u00e4\u00e4n Googlelle. Google tallentaa n\u00e4m\u00e4 tiedot omilla palvelimillaan.<\/p>\n\n\n\n<p><strong>YOUTUBE<br><\/strong><\/p>\n\n\n\n<p>T\u00e4ll\u00e4 verkkosivustolla (<a href=\"https:\/\/www.elementlogic.fi\/\">https:\/\/www.elementlogic.fi\/<\/a>) k\u00e4yt\u00e4mme YouTubea. T\u00e4m\u00e4 palvelu k\u00e4ytt\u00e4\u00e4 ev\u00e4steit\u00e4 ker\u00e4t\u00e4kseen ja tallentaakseen teknisi\u00e4 tietoja vuorovaikutuksestasi verkkosivustomme kanssa (istuntotiedot).<\/p>\n\n\n\n<p>K\u00e4yt\u00e4mme YouTubea sen parannetussa yksityisyystilassa n\u00e4ytt\u00e4\u00e4ksemme sinulle videoita. K\u00e4sittelemme henkil\u00f6tietojasi tarjotaksemme sinulle videoita YouTube-kanavaltamme.<\/p>\n\n\n\n<p>Parannettu yksityisyystila tarkoittaa, ett\u00e4 YouTube vastaanottaa IP-osoitteesi, p\u00e4iv\u00e4m\u00e4\u00e4r\u00e4n ja ajan, jolloin video n\u00e4ytettiin, sek\u00e4 tiedon siit\u00e4, ett\u00e4 olet vieraillut verkkosivustollamme. N\u00e4it\u00e4 tietoja l\u00e4hetet\u00e4\u00e4n YouTuben palvelimelle vain, jos k\u00e4ynnist\u00e4t videon.<\/p>\n\n\n\n<p><strong>MICROSOFT CLARITY<br><\/strong><\/p>\n\n\n\n<p>T\u00e4ll\u00e4 verkkosivustolla (<a href=\"https:\/\/www.elementlogic.fi\/\">https:\/\/www.elementlogic.fi\/<\/a>) k\u00e4yt\u00e4mme Microsoftin tarjoamaa Clarity-palvelua. Clarity on k\u00e4ytt\u00e4ytymisanalyysity\u00f6kalu, joka auttaa meit\u00e4 ymm\u00e4rt\u00e4m\u00e4\u00e4n, miten k\u00e4ytt\u00e4j\u00e4t ovat vuorovaikutuksessa verkkosivustomme kanssa. Palvelu k\u00e4sittelee istuntotietoja ja tietoja siit\u00e4, miten sivu renderoituu ja k\u00e4ytt\u00e4j\u00e4n vuorovaikutuksia, kuten hiiren liikkeet, napsautukset ja vieritykset.<\/p>\n\n\n\n<p>Huomaa, ett\u00e4 kun annat suostumuksesi, Microsoft ker\u00e4\u00e4 tai vastaanottaa henkil\u00f6tietoja sinulta tarjotakseen Microsoft Advertisingin. L\u00f6yd\u00e4t lis\u00e4tietoja Microsoftin tietosuojalausekkeista: <a href=\"https:\/\/privacy.microsoft.com\/en-us\/privacystatement\">https:\/\/privacy.microsoft.com\/en-us\/privacystatement<\/a>.<\/p>\n\n\n\n<p><strong>GOOGLE ADWORDS<br><\/strong><\/p>\n\n\n\n<p>T\u00e4ll\u00e4 verkkosivustolla (<a href=\"https:\/\/www.elementlogic.fi\/\">https:\/\/www.elementlogic.fi\/<\/a>) k\u00e4yt\u00e4mme Google AdWords -palvelua. K\u00e4yt\u00e4mme palvelua kohdennetun mainonnan suorittamiseen Googlen palveluissa ja kolmansien osapuolten verkkosivustoilla.<\/p>\n\n\n\n<p>L\u00f6yd\u00e4t lis\u00e4tietoja siit\u00e4, miten Google k\u00e4ytt\u00e4\u00e4 tietoja, t\u00e4\u00e4lt\u00e4: <a href=\"https:\/\/policies.google.com\/technologies\/partner-sites\">https:\/\/policies.google.com\/technologies\/partner-sites<\/a>.<\/p>\n\n\n\n<p><strong>FACEBOOK-PIKSELI<br><\/strong>T\u00e4ll\u00e4 verkkosivustolla (<a href=\"https:\/\/www.elementlogic.fi\/\">https:\/\/www.elementlogic.fi\/<\/a>) olemme upottaneet Facebook-pikseli -palvelun. Facebook-pikseli on liit\u00e4nn\u00e4inen, joka sijaitsee verkkosivustollamme ja ker\u00e4\u00e4 tietoja Metalle. Pikseli ker\u00e4\u00e4 tietoja selaimesi ev\u00e4steist\u00e4 ja l\u00e4hett\u00e4\u00e4 ne takaisin Facebookille, miss\u00e4 tiedot yhdistet\u00e4\u00e4n Facebook-profiilisi tietoihin. Ker\u00e4tyt tiedot voivat liitty\u00e4 k\u00e4ytt\u00e4ytymiseesi (demografiset tiedot, kuten ik\u00e4, sukupuoli, kiinnostuksen kohteet) tai suorittamiisi toimintoihin, kuten linkkien napsautuksiin. Tiedot ovat saatavilla vain anonymisoidulla ja aggregoidulla tasolla. Tietoja k\u00e4ytet\u00e4\u00e4n analyyttisiin tarkoituksiin, kohdennettuun mainontaan k\u00e4ytt\u00e4ytymisesi perusteella (uudelleenmarkkinointi) ja mainonnan kohderyhmien tunnistamiseen, joilla on profiilisi kaltainen k\u00e4ytt\u00e4ytymismalli tai tarve.<\/p>\n\n\n\n<p><strong>LINKEDIN INSIGHTS<br><\/strong>T\u00e4ll\u00e4 verkkosivustolla (<a href=\"https:\/\/www.elementlogic.fi\/\">https:\/\/www.elementlogic.fi\/<\/a>) olemme upottaneet LinkedIn Insight -palvelun. LinkedIn Insight Tag mahdollistaa Element Logicin ker\u00e4t\u00e4 tietoja LinkedIn-j\u00e4senten vierailuista verkkosivustollamme, mukaan lukien URL, viittausosoite, IP-osoite, laitteiden ja selainten ominaisuudet (k\u00e4ytt\u00e4j\u00e4agentti) ja aikaleima. Tietoja k\u00e4ytet\u00e4\u00e4n kohdennetun mainonnan l\u00e4hett\u00e4miseen ker\u00e4ttyjen tietojen perusteella. IP-osoitteet katkaistaan tai tiivistet\u00e4\u00e4n (kun niit\u00e4 k\u00e4ytet\u00e4\u00e4n j\u00e4senten tavoittamiseen eri laitteilla), ja j\u00e4senten suorien tunnisteiden poisto tapahtuu seitsem\u00e4n p\u00e4iv\u00e4n kuluessa, jotta tiedot pseudonymisoidaan. N\u00e4it\u00e4 j\u00e4ljelle j\u00e4\u00e4vi\u00e4, pseudonymisoituja tietoja s\u00e4ilytet\u00e4\u00e4n sitten 180 p\u00e4iv\u00e4n ajan.<\/p>\n","protected":false},"excerpt":{"rendered":"<p>Ev\u00e4steet ovat pieni\u00e4 tekstitiedostoja, jotka verkkosivustot asettavat tietokoneellesi, kun vierailet niill\u00e4. Niit\u00e4 k\u00e4ytet\u00e4\u00e4n laajasti tekem\u00e4\u00e4n verkkosivustoista toimivia tai toimivampia sek\u00e4 [&hellip;]<\/p>\n","protected":false},"author":3,"featured_media":0,"parent":0,"menu_order":0,"comment_status":"closed","ping_status":"closed","template":"","meta":{"hreflang_relation":2673,"_el_cross_publish_source_blog_url":"","_el_cross_publish_source_blog_id":0,"_el_cross_publish_source_post_id":0,"_el_cross_publish_sync_state":"","exclude_from_search":false,"footnotes":""},"class_list":["post-42","page","type-page","status-publish","hentry"],"yoast_head":"<!-- This site is optimized with the Yoast SEO Premium plugin v23.9 (Yoast SEO v23.9) - https:\/\/yoast.com\/wordpress\/plugins\/seo\/ -->\n<title>Element Logicin ev\u00e4steiden k\u00e4ytt\u00f6 - Element Logic Finland<\/title>\n<meta name=\"robots\" content=\"index, follow, max-snippet:-1, max-image-preview:large, max-video-preview:-1\" \/>\n<link rel=\"canonical\" href=\"https:\/\/www.elementlogic.net\/fi\/cookie-policy\/\" \/>\n<meta property=\"og:locale\" content=\"fi_FI\" \/>\n<meta property=\"og:type\" content=\"article\" \/>\n<meta property=\"og:title\" content=\"Element Logicin ev\u00e4steiden k\u00e4ytt\u00f6\" \/>\n<meta property=\"og:description\" content=\"Ev\u00e4steet ovat pieni\u00e4 tekstitiedostoja, jotka verkkosivustot asettavat tietokoneellesi, kun vierailet niill\u00e4. Niit\u00e4 k\u00e4ytet\u00e4\u00e4n laajasti tekem\u00e4\u00e4n verkkosivustoista toimivia tai toimivampia sek\u00e4 [&hellip;]\" \/>\n<meta property=\"og:url\" content=\"https:\/\/www.elementlogic.net\/fi\/cookie-policy\/\" \/>\n<meta property=\"og:site_name\" content=\"Element Logic Finland\" \/>\n<meta property=\"article:modified_time\" content=\"2024-12-20T19:44:16+00:00\" \/>\n<meta name=\"twitter:card\" content=\"summary_large_image\" \/>\n<meta name=\"twitter:label1\" content=\"Arvioitu lukuaika\" \/>\n\t<meta name=\"twitter:data1\" content=\"4 minuuttia\" \/>\n<script type=\"application\/ld+json\" class=\"yoast-schema-graph\">{\"@context\":\"https:\/\/schema.org\",\"@graph\":[{\"@type\":\"WebPage\",\"@id\":\"https:\/\/www.elementlogic.net\/fi\/cookie-policy\/\",\"url\":\"https:\/\/www.elementlogic.net\/fi\/cookie-policy\/\",\"name\":\"Element Logicin ev\u00e4steiden k\u00e4ytt\u00f6 - Element Logic Finland\",\"isPartOf\":{\"@id\":\"https:\/\/www.elementlogic.net\/fi\/#website\"},\"datePublished\":\"2024-09-14T10:41:27+00:00\",\"dateModified\":\"2024-12-20T19:44:16+00:00\",\"inLanguage\":\"fi\",\"potentialAction\":[{\"@type\":\"ReadAction\",\"target\":[\"https:\/\/www.elementlogic.net\/fi\/cookie-policy\/\"]}]},{\"@type\":\"WebSite\",\"@id\":\"https:\/\/www.elementlogic.net\/fi\/#website\",\"url\":\"https:\/\/www.elementlogic.net\/fi\/\",\"name\":\"Element Logic Finland\",\"description\":\"\",\"potentialAction\":[{\"@type\":\"SearchAction\",\"target\":{\"@type\":\"EntryPoint\",\"urlTemplate\":\"https:\/\/www.elementlogic.net\/fi\/?s={search_term_string}\"},\"query-input\":{\"@type\":\"PropertyValueSpecification\",\"valueRequired\":true,\"valueName\":\"search_term_string\"}}],\"inLanguage\":\"fi\"}]}<\/script>\n<!-- \/ Yoast SEO Premium plugin. -->","yoast_head_json":{"title":"Element Logicin ev\u00e4steiden k\u00e4ytt\u00f6 - Element Logic Finland","robots":{"index":"index","follow":"follow","max-snippet":"max-snippet:-1","max-image-preview":"max-image-preview:large","max-video-preview":"max-video-preview:-1"},"canonical":"https:\/\/www.elementlogic.net\/fi\/cookie-policy\/","og_locale":"fi_FI","og_type":"article","og_title":"Element Logicin ev\u00e4steiden k\u00e4ytt\u00f6","og_description":"Ev\u00e4steet ovat pieni\u00e4 tekstitiedostoja, jotka verkkosivustot asettavat tietokoneellesi, kun vierailet niill\u00e4. Niit\u00e4 k\u00e4ytet\u00e4\u00e4n laajasti tekem\u00e4\u00e4n verkkosivustoista toimivia tai toimivampia sek\u00e4 [&hellip;]","og_url":"https:\/\/www.elementlogic.net\/fi\/cookie-policy\/","og_site_name":"Element Logic Finland","article_modified_time":"2024-12-20T19:44:16+00:00","twitter_card":"summary_large_image","twitter_misc":{"Arvioitu lukuaika":"4 minuuttia"},"schema":{"@context":"https:\/\/schema.org","@graph":[{"@type":"WebPage","@id":"https:\/\/www.elementlogic.net\/fi\/cookie-policy\/","url":"https:\/\/www.elementlogic.net\/fi\/cookie-policy\/","name":"Element Logicin ev\u00e4steiden k\u00e4ytt\u00f6 - Element Logic Finland","isPartOf":{"@id":"https:\/\/www.elementlogic.net\/fi\/#website"},"datePublished":"2024-09-14T10:41:27+00:00","dateModified":"2024-12-20T19:44:16+00:00","inLanguage":"fi","potentialAction":[{"@type":"ReadAction","target":["https:\/\/www.elementlogic.net\/fi\/cookie-policy\/"]}]},{"@type":"WebSite","@id":"https:\/\/www.elementlogic.net\/fi\/#website","url":"https:\/\/www.elementlogic.net\/fi\/","name":"Element Logic Finland","description":"","potentialAction":[{"@type":"SearchAction","target":{"@type":"EntryPoint","urlTemplate":"https:\/\/www.elementlogic.net\/fi\/?s={search_term_string}"},"query-input":{"@type":"PropertyValueSpecification","valueRequired":true,"valueName":"search_term_string"}}],"inLanguage":"fi"}]}},"_links":{"self":[{"href":"https:\/\/www.elementlogic.net\/fi\/wp-json\/wp\/v2\/pages\/42"}],"collection":[{"href":"https:\/\/www.elementlogic.net\/fi\/wp-json\/wp\/v2\/pages"}],"about":[{"href":"https:\/\/www.elementlogic.net\/fi\/wp-json\/wp\/v2\/types\/page"}],"author":[{"embeddable":true,"href":"https:\/\/www.elementlogic.net\/fi\/wp-json\/wp\/v2\/users\/3"}],"replies":[{"embeddable":true,"href":"https:\/\/www.elementlogic.net\/fi\/wp-json\/wp\/v2\/comments?post=42"}],"version-history":[{"count":3,"href":"https:\/\/www.elementlogic.net\/fi\/wp-json\/wp\/v2\/pages\/42\/revisions"}],"predecessor-version":[{"id":1984,"href":"https:\/\/www.elementlogic.net\/fi\/wp-json\/wp\/v2\/pages\/42\/revisions\/1984"}],"wp:attachment":[{"href":"https:\/\/www.elementlogic.net\/fi\/wp-json\/wp\/v2\/media?parent=42"}],"curies":[{"name":"wp","href":"https:\/\/api.w.org\/{rel}","templated":true}]}}