{"id":432,"date":"2024-08-22T19:50:10","date_gmt":"2024-08-22T17:50:10","guid":{"rendered":"https:\/\/www.elementlogic.net\/?page_id=264"},"modified":"2024-12-20T20:01:23","modified_gmt":"2024-12-20T20:01:23","slug":"autostoreen-optimoitu-materiaalivirran-kasittely","status":"publish","type":"page","link":"https:\/\/www.elementlogic.net\/fi\/palvelut-ja-ratkaisut\/autostoreen-optimoitu-materiaalivirran-kasittely\/","title":{"rendered":"Material Handling"},"content":{"rendered":"\n\t\t<div style=\"--dekode-hero-dim:0.5; --t2-icon-fill:var(--wp--preset--color--white); min-height:500px;\" class=\"alignfull dekode-hero-content-position-center has-media-background wp-elements-bce09c4935780969f6272150468597c5 wp-block-dekode-hero has-text-color has-white-color\">\n\t\t\t\t\t<video\n\t\t\tautoplay\n\t\t\tloop\n\t\t\tmuted\n\t\t\tplaysinline\n\t\t\tposter=\"https:\/\/www.elementlogic.net\/content\/uploads\/sites\/23\/\/2024\/09\/fallback-material-handing.jpg\"\n\t\t\tsrc=\"https:\/\/www.elementlogic.net\/content\/uploads\/sites\/23\/\/2024\/09\/flow.mp4\">\n\t\t<\/video>\n\t\t\n\t\t\t<div class=\"dekode-hero__content\">\n\t\t\t\t<div class=\"dekode-hero__container\">\n\t\t\t\t\t\n\n<h1 class=\"wp-block-heading has-text-align-center\" id=\"h-autostoreen-optimoitu-materiaalivirran-kasittely\">AutoStoreen optimoitu materiaalivirran k\u00e4sittely<\/h1>\n\n\n\n<p class=\"has-text-align-center\">Element Logic auttaa asiakkaitaan tilausten t\u00e4ytt\u00e4misess\u00e4. Kannattavia ja kest\u00e4vi\u00e4 ratkaisuja luotaessa joustavat materiaalivirran k\u00e4sittelyprosessit ovat v\u00e4ltt\u00e4m\u00e4tt\u00f6mi\u00e4.<\/p>\n\n\n\n<div class=\"wp-block-buttons is-content-justification-left is-layout-flex wp-container-core-buttons-is-layout-1 wp-block-buttons-is-layout-flex\">\n<div class=\"wp-block-button has-icon has-icon-theme_arrow\"><a class=\"wp-block-button__link has-text-align-left wp-element-button\" href=\"https:\/\/www.elementlogic.net\/fi\/ota-yhteytta\/\">Ota yhteytt\u00e4 ja pyyd\u00e4 lis\u00e4tietoja jo t\u00e4n\u00e4\u00e4n<svg xmlns=\"http:\/\/www.w3.org\/2000\/svg\" viewBox=\"0 0 24 24\" height=\"24\" width=\"24\" class=\"t2-icon t2-icon-theme_arrow\" aria-hidden=\"true\" focusable=\"false\"><path d=\"M16.627 12.75H5.25C5.03717 12.75 4.859 12.6782 4.7155 12.5345C4.57183 12.391 4.5 12.2128 4.5 12C4.5 11.7872 4.57183 11.609 4.7155 11.4655C4.859 11.3218 5.03717 11.25 5.25 11.25H16.627L11.4577 6.08076C11.3091 5.93209 11.2357 5.75809 11.2375 5.55876C11.2395 5.35942 11.318 5.18217 11.473 5.02701C11.6282 4.88217 11.8038 4.80717 12 4.80201C12.1962 4.79684 12.3718 4.87184 12.527 5.02701L18.8673 11.3673C18.9609 11.4609 19.0269 11.5597 19.0652 11.6635C19.1037 11.7673 19.123 11.8795 19.123 12C19.123 12.1205 19.1037 12.2327 19.0652 12.3365C19.0269 12.4403 18.9609 12.5391 18.8673 12.6328L12.527 18.973C12.3885 19.1115 12.217 19.1823 12.0125 19.1855C11.808 19.1887 11.6282 19.1178 11.473 18.973C11.318 18.8178 11.2405 18.6397 11.2405 18.4385C11.2405 18.2372 11.318 18.0589 11.473 17.9038L16.627 12.75Z\" fill=\"var(--t2-icon-fill, #000)\"\/><\/svg><\/a><\/div>\n<\/div>\n\n\n\t\t\t\t<\/div>\n\t\t\t<\/div>\n\t\t<\/div>\n\t\t\n\n\n<p>Materiaalivirran k\u00e4sittely sis\u00e4lt\u00e4\u00e4 siirt\u00e4misen, suojauksen, varastoinnin, materiaalinhallinnan ja j\u00e4tteiden k\u00e4sittelyn. Materiaalien jokainen siirtymisvaihe automatisoidussa varastossa on optimoitu automatisoituja AutoStore-prosesseja varten, mik\u00e4 varmistaa tehokkaan toiminnan, ennakoitavuuden ja turvallisen ty\u00f6ymp\u00e4rist\u00f6n.<\/p>\n\n\n\n<p>Element Logicin varastoautomaatio perustuu AutoStoreen ja on r\u00e4\u00e4t\u00e4l\u00f6ity sit\u00e4 varten. Olemme muodostaneet kullakin markkina-alueella kumppanuuksia sellaisten toimittajien kanssa, jotka sopivat parhaiten laitteistojen ja ulkoisen teknologian toimittajiksi. T\u00e4ll\u00e4 tavoin saadaan asiakkaan tarpeiden mukaan r\u00e4\u00e4t\u00e4l\u00f6ityj\u00e4 ratkaisuja. Materiaalivirran k\u00e4sittely on keskeinen osa kattavaa ratkaisua, joka optimoi saapuvan ja l\u00e4htev\u00e4n tavaravirran.<\/p>\n\n\n\n\t\t<blockquote class=\"wp-block-dekode-quote\">\n\t\t\t<div class=\"wp-block-dekode-quote__icon\">\n\t\t\t\t<img loading=\"lazy\" decoding=\"async\" width=\"300\" height=\"300\" src=\"https:\/\/www.elementlogic.net\/content\/uploads\/sites\/23\/\/2024\/09\/element-logic-michael-300x300.jpg\" class=\"quote-image\" alt=\"\" srcset=\"https:\/\/www.elementlogic.net\/content\/uploads\/sites\/23\/2024\/09\/element-logic-michael-300x300.jpg 300w, https:\/\/www.elementlogic.net\/content\/uploads\/sites\/23\/2024\/09\/element-logic-michael-150x150.jpg 150w, https:\/\/www.elementlogic.net\/content\/uploads\/sites\/23\/2024\/09\/element-logic-michael.jpg 500w\" sizes=\"(max-width: 300px) 100vw, 300px\" \/><svg xmlns=\"http:\/\/www.w3.org\/2000\/svg\" viewBox=\"0 0 24 24\" height=\"96\" width=\"96\" class=\"t2-icon t2-icon-theme_quote\" aria-hidden=\"true\" focusable=\"false\"><path d=\"M6.7808 16.5288L8.49055 13.5673C8.43289 13.5993 8.36555 13.6217 8.28855 13.6345C8.21155 13.6473 8.13464 13.6538 8.0578 13.6538C7.04114 13.6538 6.17797 13.2958 5.4683 12.5798C4.7588 11.8638 4.40405 11.0038 4.40405 10C4.40405 8.98334 4.7588 8.12017 5.4683 7.4105C6.17797 6.701 7.04114 6.34625 8.0578 6.34625C9.06164 6.34625 9.92155 6.701 10.6376 7.4105C11.3536 8.12017 11.7116 8.98334 11.7116 10C11.7116 10.3513 11.669 10.6783 11.5838 10.9808C11.4985 11.2833 11.3737 11.5718 11.2096 11.8463L8.07305 17.2788C8.00905 17.3904 7.92122 17.4808 7.80955 17.55C7.69805 17.6192 7.57305 17.6538 7.43455 17.6538C7.14739 17.6538 6.93205 17.5288 6.78855 17.2788C6.64489 17.0288 6.6423 16.7788 6.7808 16.5288ZM15.6656 16.5288L17.3751 13.5673C17.3174 13.5993 17.2501 13.6217 17.1731 13.6345C17.0962 13.6473 17.0193 13.6538 16.9423 13.6538C15.9256 13.6538 15.0626 13.2958 14.3531 12.5798C13.6434 11.8638 13.2886 11.0038 13.2886 10C13.2886 8.977 13.6434 8.11225 14.3531 7.40575C15.0626 6.69942 15.9256 6.34625 16.9423 6.34625C17.9461 6.34625 18.8061 6.701 19.5221 7.4105C20.2381 8.12017 20.5961 8.98334 20.5961 10C20.5961 10.3513 20.5535 10.6783 20.4683 10.9808C20.383 11.2833 20.2583 11.5718 20.0943 11.8463L16.9578 17.2788C16.8936 17.3904 16.8058 17.4808 16.6943 17.55C16.5828 17.6192 16.4578 17.6538 16.3193 17.6538C16.0321 17.6538 15.8167 17.5288 15.6731 17.2788C15.5296 17.0288 15.5271 16.7788 15.6656 16.5288Z\" fill=\"var(--t2-icon-fill, #000)\"\/><\/svg>\n\t\t\t<\/div>\n\t\t\t<div class=\"wp-block-dekode-quote__text\">\n\t\t\t\t<p>Joustava tapa hahmottaa materiaalivirran k\u00e4sittely tuo lis\u00e4arvoa asiakkaiden AutoStore-kokemukselle. Kukin suunniteltu j\u00e4rjestelm\u00e4 optimoidaan varmistamaan, ett\u00e4 ratkaisusta on asiakkaalle mahdollisimman paljon hy\u00f6ty\u00e4.<\/p>\n<cite>Michael Kawalier, Managing Director Sales, Element Logic Germany<\/cite>\n\t\t\t<\/div>\n\t\t<\/blockquote>\n\n\n<figure class=\"wp-block-image alignfull size-large\"><img loading=\"lazy\" decoding=\"async\" width=\"1024\" height=\"576\" src=\"https:\/\/www.elementlogic.net\/content\/uploads\/sites\/23\/\/2024\/09\/Material-flow-handling_01-1024x576.jpg\" alt=\"\" class=\"wp-image-726\" srcset=\"https:\/\/www.elementlogic.net\/content\/uploads\/sites\/23\/2024\/09\/Material-flow-handling_01-1024x576.jpg 1024w, https:\/\/www.elementlogic.net\/content\/uploads\/sites\/23\/2024\/09\/Material-flow-handling_01-300x169.jpg 300w, https:\/\/www.elementlogic.net\/content\/uploads\/sites\/23\/2024\/09\/Material-flow-handling_01-768x432.jpg 768w, https:\/\/www.elementlogic.net\/content\/uploads\/sites\/23\/2024\/09\/Material-flow-handling_01-1536x864.jpg 1536w, https:\/\/www.elementlogic.net\/content\/uploads\/sites\/23\/2024\/09\/Material-flow-handling_01.jpg 1600w\" sizes=\"(max-width: 1024px) 100vw, 1024px\" \/><\/figure>\n\n\n\n<h2 class=\"wp-block-heading\" id=\"h-luotettavan-ja-tehokkaan-tyonkulun-luominen\">Luotettavan ja tehokkaan ty\u00f6nkulun luominen<\/h2>\n\n\n\n<p>Tyypilliset ratkaisut sis\u00e4lt\u00e4v\u00e4t kuljettimet, joilla voidaan optimoida tavaravirta toimituksesta AutoStoreen ja AutoStoren ker\u00e4ilyportista kuljetusalueelle. Asennuksen laajuuden mukaan kokonaisratkaisu voi sis\u00e4lt\u00e4\u00e4 pahvilaatikoiden tai pussien pakkauslaitteet, automaattiset pahvilaatikoiden kokoajat, etikettikoneet, l\u00e4htevien tilausten lajitteluj\u00e4rjestelm\u00e4t ja varaston sis\u00e4isen jakelun.<\/p>\n\n\n\n<p>Materiaalivirran k\u00e4sittely, joka sis\u00e4lt\u00e4\u00e4 kuljettimet sek\u00e4 pakkaus- ja lajitteluj\u00e4rjestelm\u00e4t, on automaation seuraava taso. Yhdess\u00e4 AutoStoren ja eManagerin kanssa n\u00e4m\u00e4 prosessit luovat luotettavan ja tehokkaan ty\u00f6nkulun, joka kasvaa yrityksen kasvaessa.<\/p>\n\n\n\n\t\t<div class=\"wp-block-dekode-simple-cta\">\n\t\t\t<div class=\"dekode-simple-cta__inner\">\n\n<h2 class=\"wp-block-heading\" id=\"h-haluatko-tietaa-lisaa-materiaalivirran-kasittelysta-ja-element-logicin-toimittamasta-autostoresta\">Haluatko tiet\u00e4\u00e4 lis\u00e4\u00e4 materiaalivirran k\u00e4sittelyst\u00e4 ja Element Logicin toimittamasta AutoStoresta?<\/h2>\n\n\n\n<div class=\"wp-block-buttons is-layout-flex wp-block-buttons-is-layout-flex\">\n<div class=\"wp-block-button has-icon has-icon-theme_arrow\"><a class=\"wp-block-button__link wp-element-button\" href=\"https:\/\/www.elementlogic.net\/fi\/ota-yhteytta\/\">Ota yhteytt\u00e4 jo t\u00e4n\u00e4\u00e4n<svg xmlns=\"http:\/\/www.w3.org\/2000\/svg\" viewBox=\"0 0 24 24\" height=\"24\" width=\"24\" class=\"t2-icon t2-icon-theme_arrow\" aria-hidden=\"true\" focusable=\"false\"><path d=\"M16.627 12.75H5.25C5.03717 12.75 4.859 12.6782 4.7155 12.5345C4.57183 12.391 4.5 12.2128 4.5 12C4.5 11.7872 4.57183 11.609 4.7155 11.4655C4.859 11.3218 5.03717 11.25 5.25 11.25H16.627L11.4577 6.08076C11.3091 5.93209 11.2357 5.75809 11.2375 5.55876C11.2395 5.35942 11.318 5.18217 11.473 5.02701C11.6282 4.88217 11.8038 4.80717 12 4.80201C12.1962 4.79684 12.3718 4.87184 12.527 5.02701L18.8673 11.3673C18.9609 11.4609 19.0269 11.5597 19.0652 11.6635C19.1037 11.7673 19.123 11.8795 19.123 12C19.123 12.1205 19.1037 12.2327 19.0652 12.3365C19.0269 12.4403 18.9609 12.5391 18.8673 12.6328L12.527 18.973C12.3885 19.1115 12.217 19.1823 12.0125 19.1855C11.808 19.1887 11.6282 19.1178 11.473 18.973C11.318 18.8178 11.2405 18.6397 11.2405 18.4385C11.2405 18.2372 11.318 18.0589 11.473 17.9038L16.627 12.75Z\" fill=\"var(--t2-icon-fill, #000)\"\/><\/svg><\/a><\/div>\n<\/div>\n\n<\/div>\n\t\t<\/div>\n\n\n<h3 class=\"wp-block-heading\" id=\"h-lue-lisaa-ratkaisuista-ja-palveluista\">Lue lis\u00e4\u00e4 ratkaisuista ja palveluista:<\/h3>\n\n\n\n\t\t<div style=\"--link-cards-grid-columns: 3\" class=\"dekode-link-cards has-3-columns wp-block-dekode-link-cards\">\n\t\t\t<div class=\"dekode-link-cards__items\">\n\t\t\t\t\n<a class=\"wp-block-dekode-link-card\" href=\"https:\/\/www.elementlogic.net\/fi\/palvelut-ja-ratkaisut\/autostore\/\"><img loading=\"lazy\" decoding=\"async\" width=\"768\" height=\"513\" src=\"https:\/\/www.elementlogic.net\/content\/uploads\/sites\/23\/\/2024\/09\/image-121-768x513.png\" class=\"\" alt=\"\" \/>\t<div class=\"dekode-link-card__content\">\n\t\t\t\t<p class=\"dekode-link-card__title\">\n\t\t\tAutoStore\t\t<\/p>\n\t\t\t<\/div>\n\t<\/a>\n\n<a class=\"wp-block-dekode-link-card\" href=\"https:\/\/www.elementlogic.net\/fi\/palvelut-ja-ratkaisut\/lisaa-automaatiota-ja-paranna-kannattavuutta\/\"><img loading=\"lazy\" decoding=\"async\" width=\"768\" height=\"512\" src=\"https:\/\/www.elementlogic.net\/content\/uploads\/sites\/23\/\/2024\/09\/Element-Logic-Bertel-O.-Steen-warehouse-768x512.jpg\" class=\"\" alt=\"\" \/>\t<div class=\"dekode-link-card__content\">\n\t\t\t\t<p class=\"dekode-link-card__title\">\n\t\t\tRobotiikkaratkaisut\t\t<\/p>\n\t\t\t<\/div>\n\t<\/a>\n\n<a class=\"wp-block-dekode-link-card\" href=\"https:\/\/www.elementlogic.net\/fi\/palvelut-ja-ratkaisut\/kilpailuetua-sinulle-tanaan-ja-huomenna\/\"><img loading=\"lazy\" decoding=\"async\" width=\"768\" height=\"512\" src=\"https:\/\/www.elementlogic.net\/content\/uploads\/sites\/23\/\/2024\/09\/image-68-768x512.png\" class=\"\" alt=\"Nainen ty\u00f6skentelee tietokoneella\" \/>\t<div class=\"dekode-link-card__content\">\n\t\t\t\t<p class=\"dekode-link-card__title\">\n\t\t\tOhjelmisto\t\t<\/p>\n\t\t\t<\/div>\n\t<\/a>\n\n\t\t\t<\/div>\n\t\t<\/div>","protected":false},"excerpt":{"rendered":"<p>Materiaalivirran k\u00e4sittely sis\u00e4lt\u00e4\u00e4 siirt\u00e4misen, suojauksen, varastoinnin, materiaalinhallinnan ja j\u00e4tteiden k\u00e4sittelyn. Materiaalien jokainen siirtymisvaihe automatisoidussa varastossa on optimoitu automatisoituja AutoStore-prosesseja varten, [&hellip;]<\/p>\n","protected":false},"author":5,"featured_media":726,"parent":266,"menu_order":0,"comment_status":"closed","ping_status":"closed","template":"","meta":{"hreflang_relation":264,"_el_cross_publish_source_blog_url":"","_el_cross_publish_source_blog_id":0,"_el_cross_publish_source_post_id":0,"_el_cross_publish_sync_state":"","exclude_from_search":false,"footnotes":""},"class_list":["post-432","page","type-page","status-publish","has-post-thumbnail","hentry"],"yoast_head":"<!-- This site is optimized with the Yoast SEO Premium plugin v23.9 (Yoast SEO v23.9) - https:\/\/yoast.com\/wordpress\/plugins\/seo\/ -->\n<title>AutoStoreen optimoitu materiaalivirran k\u00e4sittely<\/title>\n<meta name=\"robots\" content=\"index, follow, max-snippet:-1, max-image-preview:large, max-video-preview:-1\" \/>\n<link rel=\"canonical\" href=\"https:\/\/www.elementlogic.net\/fi\/palvelut-ja-ratkaisut\/autostoreen-optimoitu-materiaalivirran-kasittely\/\" \/>\n<meta property=\"og:locale\" content=\"fi_FI\" \/>\n<meta property=\"og:type\" content=\"article\" \/>\n<meta property=\"og:title\" content=\"Material Handling\" \/>\n<meta property=\"og:description\" content=\"Materiaalivirran k\u00e4sittely sis\u00e4lt\u00e4\u00e4 siirt\u00e4misen, suojauksen, varastoinnin, materiaalinhallinnan ja j\u00e4tteiden k\u00e4sittelyn. Materiaalien jokainen siirtymisvaihe automatisoidussa varastossa on optimoitu automatisoituja AutoStore-prosesseja varten, [&hellip;]\" \/>\n<meta property=\"og:url\" content=\"https:\/\/www.elementlogic.net\/fi\/palvelut-ja-ratkaisut\/autostoreen-optimoitu-materiaalivirran-kasittely\/\" \/>\n<meta property=\"og:site_name\" content=\"Element Logic Finland\" \/>\n<meta property=\"article:modified_time\" content=\"2024-12-20T20:01:23+00:00\" \/>\n<meta property=\"og:image\" content=\"https:\/\/www.elementlogic.net\/content\/uploads\/sites\/23\/\/2024\/09\/Material-flow-handling_01.jpg\" \/>\n\t<meta property=\"og:image:width\" content=\"1600\" \/>\n\t<meta property=\"og:image:height\" content=\"900\" \/>\n\t<meta property=\"og:image:type\" content=\"image\/jpeg\" \/>\n<meta name=\"twitter:card\" content=\"summary_large_image\" \/>\n<meta name=\"twitter:label1\" content=\"Arvioitu lukuaika\" \/>\n\t<meta name=\"twitter:data1\" content=\"2 minuuttia\" \/>\n<script type=\"application\/ld+json\" class=\"yoast-schema-graph\">{\"@context\":\"https:\/\/schema.org\",\"@graph\":[{\"@type\":\"WebPage\",\"@id\":\"https:\/\/www.elementlogic.net\/fi\/palvelut-ja-ratkaisut\/autostoreen-optimoitu-materiaalivirran-kasittely\/\",\"url\":\"https:\/\/www.elementlogic.net\/fi\/palvelut-ja-ratkaisut\/autostoreen-optimoitu-materiaalivirran-kasittely\/\",\"name\":\"AutoStoreen optimoitu materiaalivirran k\u00e4sittely\",\"isPartOf\":{\"@id\":\"https:\/\/www.elementlogic.net\/fi\/#website\"},\"primaryImageOfPage\":{\"@id\":\"https:\/\/www.elementlogic.net\/fi\/palvelut-ja-ratkaisut\/autostoreen-optimoitu-materiaalivirran-kasittely\/#primaryimage\"},\"image\":{\"@id\":\"https:\/\/www.elementlogic.net\/fi\/palvelut-ja-ratkaisut\/autostoreen-optimoitu-materiaalivirran-kasittely\/#primaryimage\"},\"thumbnailUrl\":\"https:\/\/www.elementlogic.net\/content\/uploads\/sites\/23\/\/2024\/09\/Material-flow-handling_01.jpg\",\"datePublished\":\"2024-08-22T17:50:10+00:00\",\"dateModified\":\"2024-12-20T20:01:23+00:00\",\"breadcrumb\":{\"@id\":\"https:\/\/www.elementlogic.net\/fi\/palvelut-ja-ratkaisut\/autostoreen-optimoitu-materiaalivirran-kasittely\/#breadcrumb\"},\"inLanguage\":\"fi\",\"potentialAction\":[{\"@type\":\"ReadAction\",\"target\":[\"https:\/\/www.elementlogic.net\/fi\/palvelut-ja-ratkaisut\/autostoreen-optimoitu-materiaalivirran-kasittely\/\"]}]},{\"@type\":\"ImageObject\",\"inLanguage\":\"fi\",\"@id\":\"https:\/\/www.elementlogic.net\/fi\/palvelut-ja-ratkaisut\/autostoreen-optimoitu-materiaalivirran-kasittely\/#primaryimage\",\"url\":\"https:\/\/www.elementlogic.net\/content\/uploads\/sites\/23\/\/2024\/09\/Material-flow-handling_01.jpg\",\"contentUrl\":\"https:\/\/www.elementlogic.net\/content\/uploads\/sites\/23\/\/2024\/09\/Material-flow-handling_01.jpg\",\"width\":1600,\"height\":900},{\"@type\":\"BreadcrumbList\",\"@id\":\"https:\/\/www.elementlogic.net\/fi\/palvelut-ja-ratkaisut\/autostoreen-optimoitu-materiaalivirran-kasittely\/#breadcrumb\",\"itemListElement\":[{\"@type\":\"ListItem\",\"position\":1,\"name\":\"Palvelut ja ratkaisut\",\"item\":\"https:\/\/www.elementlogic.net\/fi\/palvelut-ja-ratkaisut\/\"},{\"@type\":\"ListItem\",\"position\":2,\"name\":\"Material Handling\"}]},{\"@type\":\"WebSite\",\"@id\":\"https:\/\/www.elementlogic.net\/fi\/#website\",\"url\":\"https:\/\/www.elementlogic.net\/fi\/\",\"name\":\"Element Logic Finland\",\"description\":\"\",\"potentialAction\":[{\"@type\":\"SearchAction\",\"target\":{\"@type\":\"EntryPoint\",\"urlTemplate\":\"https:\/\/www.elementlogic.net\/fi\/?s={search_term_string}\"},\"query-input\":{\"@type\":\"PropertyValueSpecification\",\"valueRequired\":true,\"valueName\":\"search_term_string\"}}],\"inLanguage\":\"fi\"}]}<\/script>\n<!-- \/ Yoast SEO Premium plugin. -->","yoast_head_json":{"title":"AutoStoreen optimoitu materiaalivirran k\u00e4sittely","robots":{"index":"index","follow":"follow","max-snippet":"max-snippet:-1","max-image-preview":"max-image-preview:large","max-video-preview":"max-video-preview:-1"},"canonical":"https:\/\/www.elementlogic.net\/fi\/palvelut-ja-ratkaisut\/autostoreen-optimoitu-materiaalivirran-kasittely\/","og_locale":"fi_FI","og_type":"article","og_title":"Material Handling","og_description":"Materiaalivirran k\u00e4sittely sis\u00e4lt\u00e4\u00e4 siirt\u00e4misen, suojauksen, varastoinnin, materiaalinhallinnan ja j\u00e4tteiden k\u00e4sittelyn. Materiaalien jokainen siirtymisvaihe automatisoidussa varastossa on optimoitu automatisoituja AutoStore-prosesseja varten, [&hellip;]","og_url":"https:\/\/www.elementlogic.net\/fi\/palvelut-ja-ratkaisut\/autostoreen-optimoitu-materiaalivirran-kasittely\/","og_site_name":"Element Logic Finland","article_modified_time":"2024-12-20T20:01:23+00:00","og_image":[{"width":1600,"height":900,"url":"https:\/\/www.elementlogic.net\/content\/uploads\/sites\/23\/\/2024\/09\/Material-flow-handling_01.jpg","type":"image\/jpeg"}],"twitter_card":"summary_large_image","twitter_misc":{"Arvioitu lukuaika":"2 minuuttia"},"schema":{"@context":"https:\/\/schema.org","@graph":[{"@type":"WebPage","@id":"https:\/\/www.elementlogic.net\/fi\/palvelut-ja-ratkaisut\/autostoreen-optimoitu-materiaalivirran-kasittely\/","url":"https:\/\/www.elementlogic.net\/fi\/palvelut-ja-ratkaisut\/autostoreen-optimoitu-materiaalivirran-kasittely\/","name":"AutoStoreen optimoitu materiaalivirran k\u00e4sittely","isPartOf":{"@id":"https:\/\/www.elementlogic.net\/fi\/#website"},"primaryImageOfPage":{"@id":"https:\/\/www.elementlogic.net\/fi\/palvelut-ja-ratkaisut\/autostoreen-optimoitu-materiaalivirran-kasittely\/#primaryimage"},"image":{"@id":"https:\/\/www.elementlogic.net\/fi\/palvelut-ja-ratkaisut\/autostoreen-optimoitu-materiaalivirran-kasittely\/#primaryimage"},"thumbnailUrl":"https:\/\/www.elementlogic.net\/content\/uploads\/sites\/23\/\/2024\/09\/Material-flow-handling_01.jpg","datePublished":"2024-08-22T17:50:10+00:00","dateModified":"2024-12-20T20:01:23+00:00","breadcrumb":{"@id":"https:\/\/www.elementlogic.net\/fi\/palvelut-ja-ratkaisut\/autostoreen-optimoitu-materiaalivirran-kasittely\/#breadcrumb"},"inLanguage":"fi","potentialAction":[{"@type":"ReadAction","target":["https:\/\/www.elementlogic.net\/fi\/palvelut-ja-ratkaisut\/autostoreen-optimoitu-materiaalivirran-kasittely\/"]}]},{"@type":"ImageObject","inLanguage":"fi","@id":"https:\/\/www.elementlogic.net\/fi\/palvelut-ja-ratkaisut\/autostoreen-optimoitu-materiaalivirran-kasittely\/#primaryimage","url":"https:\/\/www.elementlogic.net\/content\/uploads\/sites\/23\/\/2024\/09\/Material-flow-handling_01.jpg","contentUrl":"https:\/\/www.elementlogic.net\/content\/uploads\/sites\/23\/\/2024\/09\/Material-flow-handling_01.jpg","width":1600,"height":900},{"@type":"BreadcrumbList","@id":"https:\/\/www.elementlogic.net\/fi\/palvelut-ja-ratkaisut\/autostoreen-optimoitu-materiaalivirran-kasittely\/#breadcrumb","itemListElement":[{"@type":"ListItem","position":1,"name":"Palvelut ja ratkaisut","item":"https:\/\/www.elementlogic.net\/fi\/palvelut-ja-ratkaisut\/"},{"@type":"ListItem","position":2,"name":"Material Handling"}]},{"@type":"WebSite","@id":"https:\/\/www.elementlogic.net\/fi\/#website","url":"https:\/\/www.elementlogic.net\/fi\/","name":"Element Logic Finland","description":"","potentialAction":[{"@type":"SearchAction","target":{"@type":"EntryPoint","urlTemplate":"https:\/\/www.elementlogic.net\/fi\/?s={search_term_string}"},"query-input":{"@type":"PropertyValueSpecification","valueRequired":true,"valueName":"search_term_string"}}],"inLanguage":"fi"}]}},"_links":{"self":[{"href":"https:\/\/www.elementlogic.net\/fi\/wp-json\/wp\/v2\/pages\/432"}],"collection":[{"href":"https:\/\/www.elementlogic.net\/fi\/wp-json\/wp\/v2\/pages"}],"about":[{"href":"https:\/\/www.elementlogic.net\/fi\/wp-json\/wp\/v2\/types\/page"}],"author":[{"embeddable":true,"href":"https:\/\/www.elementlogic.net\/fi\/wp-json\/wp\/v2\/users\/5"}],"replies":[{"embeddable":true,"href":"https:\/\/www.elementlogic.net\/fi\/wp-json\/wp\/v2\/comments?post=432"}],"version-history":[{"count":5,"href":"https:\/\/www.elementlogic.net\/fi\/wp-json\/wp\/v2\/pages\/432\/revisions"}],"predecessor-version":[{"id":2000,"href":"https:\/\/www.elementlogic.net\/fi\/wp-json\/wp\/v2\/pages\/432\/revisions\/2000"}],"up":[{"embeddable":true,"href":"https:\/\/www.elementlogic.net\/fi\/wp-json\/wp\/v2\/pages\/266"}],"wp:featuredmedia":[{"embeddable":true,"href":"https:\/\/www.elementlogic.net\/fi\/wp-json\/wp\/v2\/media\/726"}],"wp:attachment":[{"href":"https:\/\/www.elementlogic.net\/fi\/wp-json\/wp\/v2\/media?parent=432"}],"curies":[{"name":"wp","href":"https:\/\/api.w.org\/{rel}","templated":true}]}}