{"id":433,"date":"2024-08-22T19:43:26","date_gmt":"2024-08-22T17:43:26","guid":{"rendered":"https:\/\/www.elementlogic.net\/?page_id=401"},"modified":"2024-12-20T20:04:29","modified_gmt":"2024-12-20T20:04:29","slug":"hallitse-automatisoitua-varastoa-emanager-ohjelmistolla","status":"publish","type":"page","link":"https:\/\/www.elementlogic.net\/fi\/palvelut-ja-ratkaisut\/kilpailuetua-sinulle-tanaan-ja-huomenna\/hallitse-automatisoitua-varastoa-emanager-ohjelmistolla\/","title":{"rendered":"eManager"},"content":{"rendered":"\n\t\t<div style=\"--dekode-hero-dim:0.5; --t2-icon-fill:var(--wp--preset--color--white); min-height:500px;\" class=\"alignfull dekode-hero-content-position-center has-media-background wp-block-dekode-hero\">\n\t\t\t\t\t<video\n\t\t\tautoplay\n\t\t\tloop\n\t\t\tmuted\n\t\t\tplaysinline\n\t\t\tposter=\"https:\/\/www.elementlogic.net\/content\/uploads\/sites\/23\/\/2024\/09\/fallback-emanager.jpg\"\n\t\t\tsrc=\"https:\/\/www.elementlogic.net\/content\/uploads\/sites\/23\/\/2024\/09\/software.mp4\">\n\t\t<\/video>\n\t\t\n\t\t\t<div class=\"dekode-hero__content\">\n\t\t\t\t<div class=\"dekode-hero__container\">\n\t\t\t\t\t\n\n<h1 class=\"wp-block-heading has-text-align-center\" id=\"h-hallitse-automatisoitua-varastoa-emanager-ohjelmistolla\">Hallitse automatisoitua varastoa eManager-ohjelmistolla<\/h1>\n\n\n\n<p class=\"has-text-align-center\">Olemme kehitt\u00e4neet automatisoidun varaston toimintojen maksimointia, toimintakustannusten pienent\u00e4mist\u00e4 ja asiakastyytyv\u00e4isyyden parantamista varten oman ohjelmiston, eManagerin. Se on portaali, jonka kautta saa kaikki tarvittavat tiedot toimintojen optimointia ja kasvuun valmistautumista varten.<\/p>\n\n\n\n<div class=\"wp-block-buttons is-content-justification-center is-layout-flex wp-container-core-buttons-is-layout-1 wp-block-buttons-is-layout-flex\">\n<div class=\"wp-block-button has-icon has-icon-theme_arrow\"><a class=\"wp-block-button__link has-text-align-left wp-element-button\" href=\"https:\/\/www.elementlogic.net\/fi\/ota-yhteytta\/\">Ota yhteytt\u00e4 ja pyyd\u00e4 lis\u00e4tietoja jo t\u00e4n\u00e4\u00e4n<svg xmlns=\"http:\/\/www.w3.org\/2000\/svg\" viewBox=\"0 0 24 24\" height=\"24\" width=\"24\" class=\"t2-icon t2-icon-theme_arrow\" aria-hidden=\"true\" focusable=\"false\"><path d=\"M16.627 12.75H5.25C5.03717 12.75 4.859 12.6782 4.7155 12.5345C4.57183 12.391 4.5 12.2128 4.5 12C4.5 11.7872 4.57183 11.609 4.7155 11.4655C4.859 11.3218 5.03717 11.25 5.25 11.25H16.627L11.4577 6.08076C11.3091 5.93209 11.2357 5.75809 11.2375 5.55876C11.2395 5.35942 11.318 5.18217 11.473 5.02701C11.6282 4.88217 11.8038 4.80717 12 4.80201C12.1962 4.79684 12.3718 4.87184 12.527 5.02701L18.8673 11.3673C18.9609 11.4609 19.0269 11.5597 19.0652 11.6635C19.1037 11.7673 19.123 11.8795 19.123 12C19.123 12.1205 19.1037 12.2327 19.0652 12.3365C19.0269 12.4403 18.9609 12.5391 18.8673 12.6328L12.527 18.973C12.3885 19.1115 12.217 19.1823 12.0125 19.1855C11.808 19.1887 11.6282 19.1178 11.473 18.973C11.318 18.8178 11.2405 18.6397 11.2405 18.4385C11.2405 18.2372 11.318 18.0589 11.473 17.9038L16.627 12.75Z\" fill=\"var(--t2-icon-fill, #000)\"\/><\/svg><\/a><\/div>\n<\/div>\n\n\n\t\t\t\t<\/div>\n\t\t\t<\/div>\n\t\t<\/div>\n\t\t\n\n\n<p>eManagerin k\u00e4ytt\u00f6liittym\u00e4\u00e4 on helppo k\u00e4ytt\u00e4\u00e4, ja se sis\u00e4lt\u00e4\u00e4 AutoStore-k\u00e4ytt\u00e4j\u00e4n ohjauksen. eManagerin avulla voit hallita koko ajan tuotteen sijaintia, varastossa olevia tavaroita, vastaanotettujen tavaroiden r\u00e4\u00e4t\u00e4l\u00f6ityj\u00e4 prosesseja, palautusten k\u00e4sittely\u00e4, t\u00e4ydennyst\u00e4 ja ker\u00e4ily\u00e4. Ty\u00f6ntekij\u00f6iden perusteellinen koulutus varmistaa optimaalisen k\u00e4yt\u00f6n.<\/p>\n\n\n\n<h2 class=\"wp-block-heading\" id=\"h-helppo-integroida-nykyiseen-varastonhallintajarjestelmaan\">Helppo integroida nykyiseen varastonhallintaj\u00e4rjestelm\u00e4\u00e4n<\/h2>\n\n\n\n<p>Ohjelmisto voidaan ottaa heti k\u00e4ytt\u00f6\u00f6n nykyisess\u00e4 varastonhallintaj\u00e4rjestelm\u00e4ss\u00e4. Integrointi voidaan toteuttaa sijoituksen nopean tuoton takaavilla vakioasetuksilla tai asiantuntijatiimin tekemill\u00e4 asiakkaan tarpeita ja mieltymyksi\u00e4 vastaavilla mukautetuilla m\u00e4\u00e4rityksill\u00e4. M\u00e4\u00e4ritett\u00e4v\u00e4n ja standardoidun alustan yhdist\u00e4misen ansiosta eManager voi kehitty\u00e4, joten se vastaa jatkossakin asiakkaan ja markkinoiden tarpeisiin.<\/p>\n\n\n\n\t\t<blockquote class=\"wp-block-dekode-quote\">\n\t\t\t<div class=\"wp-block-dekode-quote__icon\">\n\t\t\t\t<img loading=\"lazy\" decoding=\"async\" width=\"247\" height=\"300\" src=\"https:\/\/www.elementlogic.net\/content\/uploads\/sites\/23\/\/2024\/09\/Theresa2-247x300.jpg\" class=\"quote-image\" alt=\"\" srcset=\"https:\/\/www.elementlogic.net\/content\/uploads\/sites\/23\/2024\/09\/Theresa2-247x300.jpg 247w, https:\/\/www.elementlogic.net\/content\/uploads\/sites\/23\/2024\/09\/Theresa2-842x1024.jpg 842w, https:\/\/www.elementlogic.net\/content\/uploads\/sites\/23\/2024\/09\/Theresa2-768x934.jpg 768w, https:\/\/www.elementlogic.net\/content\/uploads\/sites\/23\/2024\/09\/Theresa2-1263x1536.jpg 1263w, https:\/\/www.elementlogic.net\/content\/uploads\/sites\/23\/2024\/09\/Theresa2.jpg 1641w\" sizes=\"(max-width: 247px) 100vw, 247px\" \/><svg xmlns=\"http:\/\/www.w3.org\/2000\/svg\" viewBox=\"0 0 24 24\" height=\"96\" width=\"96\" class=\"t2-icon t2-icon-theme_quote\" aria-hidden=\"true\" focusable=\"false\"><path d=\"M6.7808 16.5288L8.49055 13.5673C8.43289 13.5993 8.36555 13.6217 8.28855 13.6345C8.21155 13.6473 8.13464 13.6538 8.0578 13.6538C7.04114 13.6538 6.17797 13.2958 5.4683 12.5798C4.7588 11.8638 4.40405 11.0038 4.40405 10C4.40405 8.98334 4.7588 8.12017 5.4683 7.4105C6.17797 6.701 7.04114 6.34625 8.0578 6.34625C9.06164 6.34625 9.92155 6.701 10.6376 7.4105C11.3536 8.12017 11.7116 8.98334 11.7116 10C11.7116 10.3513 11.669 10.6783 11.5838 10.9808C11.4985 11.2833 11.3737 11.5718 11.2096 11.8463L8.07305 17.2788C8.00905 17.3904 7.92122 17.4808 7.80955 17.55C7.69805 17.6192 7.57305 17.6538 7.43455 17.6538C7.14739 17.6538 6.93205 17.5288 6.78855 17.2788C6.64489 17.0288 6.6423 16.7788 6.7808 16.5288ZM15.6656 16.5288L17.3751 13.5673C17.3174 13.5993 17.2501 13.6217 17.1731 13.6345C17.0962 13.6473 17.0193 13.6538 16.9423 13.6538C15.9256 13.6538 15.0626 13.2958 14.3531 12.5798C13.6434 11.8638 13.2886 11.0038 13.2886 10C13.2886 8.977 13.6434 8.11225 14.3531 7.40575C15.0626 6.69942 15.9256 6.34625 16.9423 6.34625C17.9461 6.34625 18.8061 6.701 19.5221 7.4105C20.2381 8.12017 20.5961 8.98334 20.5961 10C20.5961 10.3513 20.5535 10.6783 20.4683 10.9808C20.383 11.2833 20.2583 11.5718 20.0943 11.8463L16.9578 17.2788C16.8936 17.3904 16.8058 17.4808 16.6943 17.55C16.5828 17.6192 16.4578 17.6538 16.3193 17.6538C16.0321 17.6538 15.8167 17.5288 15.6731 17.2788C15.5296 17.0288 15.5271 16.7788 15.6656 16.5288Z\" fill=\"var(--t2-icon-fill, #000)\"\/><\/svg>\n\t\t\t<\/div>\n\t\t\t<div class=\"wp-block-dekode-quote__text\">\n\t\t\t\t<p>eManager on AutoStoren aivot. Sen ansiosta j\u00e4rjestelm\u00e4 toimii tehokkaasti ja kaikki varaston osat voivat olla yhteydess\u00e4 toisiinsa, mik\u00e4 varmistaa optimoidun ty\u00f6nkulun.&#8221; Theresa Marin Tantillo, Solutions Architect, Element Logicer for an optimised workflow.<\/p>\n<cite>Theresa Marin Tantillo, Principal Solution Architect, Element Logic<\/cite>\n\t\t\t<\/div>\n\t\t<\/blockquote>\n\n\n<figure class=\"wp-block-image alignfull size-large\"><img loading=\"lazy\" decoding=\"async\" width=\"1024\" height=\"435\" src=\"https:\/\/www.elementlogic.net\/content\/uploads\/sites\/23\/2024\/10\/image-1024x435.png\" alt=\"\" class=\"wp-image-1514\" srcset=\"https:\/\/www.elementlogic.net\/content\/uploads\/sites\/23\/2024\/10\/image-1024x435.png 1024w, https:\/\/www.elementlogic.net\/content\/uploads\/sites\/23\/2024\/10\/image-300x127.png 300w, https:\/\/www.elementlogic.net\/content\/uploads\/sites\/23\/2024\/10\/image-768x326.png 768w, https:\/\/www.elementlogic.net\/content\/uploads\/sites\/23\/2024\/10\/image-1536x652.png 1536w, https:\/\/www.elementlogic.net\/content\/uploads\/sites\/23\/2024\/10\/image.png 1600w\" sizes=\"(max-width: 1024px) 100vw, 1024px\" \/><\/figure>\n\n\n\n<h2 class=\"wp-block-heading\" id=\"h-kehityksen-taustalla-on-ylivertainen-autostore-tuntemus\">Kehityksen taustalla on ylivertainen AutoStore-tuntemus<\/h2>\n\n\n\n<p>Element Logic on alkuper\u00e4inen AutoStore-kumppani, ja t\u00e4ydellisen AutoStore-yhteensopivan ohjelmiston kehitt\u00e4mist\u00e4 varten hy\u00f6dynsimme kymmenien vuosien aikana saatua tiet\u00e4myst\u00e4 ja strategista sitoutumista. T\u00e4m\u00e4n asiantuntemuksen tuloksena on ohjelmisto, joka parantaa merkitt\u00e4v\u00e4sti asiakkaiden tarkkuutta, tuottavuutta ja k\u00e4sittelykapasiteettia.<\/p>\n\n\n\n<p>eManagerin vahvuus on etenkin sen kyky priorisoida tekem\u00e4tt\u00f6m\u00e4t teht\u00e4v\u00e4t tehokkaasti. Se m\u00e4\u00e4ritt\u00e4\u00e4 automaattisesti joustavat ja dynaamiset tilausjonoj\u00e4rjestelm\u00e4t esimerkiksi aaltopoiminnan, er\u00e4poiminnan sek\u00e4 palautettujen ja paljon k\u00e4ytettyjen tuotteiden k\u00e4sittely\u00e4 varten \u2013 asiakkaan tarpeita vastaavalla tavalla.<\/p>\n\n\n\n<h2 class=\"wp-block-heading\" id=\"h-luotettava-ohjelmisto\">Luotettava ohjelmisto<\/h2>\n\n\n\n<p>eManager on kehitetty varmistamaan pitk\u00e4kestoinen muuntautumiskyky, joka sopeutuu alan muutoksiin. Se on vakaa ja skaalautuva sek\u00e4 tukee mobiili-, palvelin- ja pilvipohjaisia palveluja.<\/p>\n\n\n\n<p>Integroitu tukitiimimme on sek\u00e4 eManagerin ett\u00e4 AutoStoren asiantuntija, joka on k\u00e4ytett\u00e4viss\u00e4 ongelmatilanteissa ja vastaa kysymyksiin. Tukitiimi voi tarjota lis\u00e4ksi kuukausittaisen palvelun ja huollon diagnostiikkaraportin.<\/p>\n\n\n\n\t\t<div class=\"wp-block-dekode-simple-cta\">\n\t\t\t<div class=\"dekode-simple-cta__inner\">\n\n<h2 class=\"wp-block-heading\" id=\"h-haluatko-tietaa-lisaa-siita-mita-hyotya-emanagerista-ja-varaston-automatisoinnista-voi-olla-omille-toiminnoillesi\">Haluatko tiet\u00e4\u00e4 lis\u00e4\u00e4 siit\u00e4, mit\u00e4 hy\u00f6ty\u00e4 eManagerista ja varaston automatisoinnista voi olla omille toiminnoillesi?<\/h2>\n\n\n\n<div class=\"wp-block-buttons is-layout-flex wp-block-buttons-is-layout-flex\">\n<div class=\"wp-block-button has-icon has-icon-theme_arrow\"><a class=\"wp-block-button__link wp-element-button\" href=\"https:\/\/www.elementlogic.net\/fi\/ota-yhteytta\/\">Ota yhteytt\u00e4 jo t\u00e4n\u00e4\u00e4n<svg xmlns=\"http:\/\/www.w3.org\/2000\/svg\" viewBox=\"0 0 24 24\" height=\"24\" width=\"24\" class=\"t2-icon t2-icon-theme_arrow\" aria-hidden=\"true\" focusable=\"false\"><path d=\"M16.627 12.75H5.25C5.03717 12.75 4.859 12.6782 4.7155 12.5345C4.57183 12.391 4.5 12.2128 4.5 12C4.5 11.7872 4.57183 11.609 4.7155 11.4655C4.859 11.3218 5.03717 11.25 5.25 11.25H16.627L11.4577 6.08076C11.3091 5.93209 11.2357 5.75809 11.2375 5.55876C11.2395 5.35942 11.318 5.18217 11.473 5.02701C11.6282 4.88217 11.8038 4.80717 12 4.80201C12.1962 4.79684 12.3718 4.87184 12.527 5.02701L18.8673 11.3673C18.9609 11.4609 19.0269 11.5597 19.0652 11.6635C19.1037 11.7673 19.123 11.8795 19.123 12C19.123 12.1205 19.1037 12.2327 19.0652 12.3365C19.0269 12.4403 18.9609 12.5391 18.8673 12.6328L12.527 18.973C12.3885 19.1115 12.217 19.1823 12.0125 19.1855C11.808 19.1887 11.6282 19.1178 11.473 18.973C11.318 18.8178 11.2405 18.6397 11.2405 18.4385C11.2405 18.2372 11.318 18.0589 11.473 17.9038L16.627 12.75Z\" fill=\"var(--t2-icon-fill, #000)\"\/><\/svg><\/a><\/div>\n<\/div>\n\n<\/div>\n\t\t<\/div>","protected":false},"excerpt":{"rendered":"<p>eManagerin k\u00e4ytt\u00f6liittym\u00e4\u00e4 on helppo k\u00e4ytt\u00e4\u00e4, ja se sis\u00e4lt\u00e4\u00e4 AutoStore-k\u00e4ytt\u00e4j\u00e4n ohjauksen. eManagerin avulla voit hallita koko ajan tuotteen sijaintia, varastossa olevia [&hellip;]<\/p>\n","protected":false},"author":6,"featured_media":175,"parent":227,"menu_order":0,"comment_status":"closed","ping_status":"closed","template":"","meta":{"hreflang_relation":401,"_el_cross_publish_source_blog_url":"","_el_cross_publish_source_blog_id":0,"_el_cross_publish_source_post_id":0,"_el_cross_publish_sync_state":"","exclude_from_search":false,"footnotes":""},"class_list":["post-433","page","type-page","status-publish","has-post-thumbnail","hentry"],"yoast_head":"<!-- This site is optimized with the Yoast SEO Premium plugin v23.9 (Yoast SEO v23.9) - https:\/\/yoast.com\/wordpress\/plugins\/seo\/ -->\n<title>eManager - Element Logic Finland<\/title>\n<meta name=\"robots\" content=\"index, follow, max-snippet:-1, max-image-preview:large, max-video-preview:-1\" \/>\n<link rel=\"canonical\" href=\"https:\/\/www.elementlogic.net\/fi\/palvelut-ja-ratkaisut\/kilpailuetua-sinulle-tanaan-ja-huomenna\/hallitse-automatisoitua-varastoa-emanager-ohjelmistolla\/\" \/>\n<meta property=\"og:locale\" content=\"fi_FI\" \/>\n<meta property=\"og:type\" content=\"article\" \/>\n<meta property=\"og:title\" content=\"eManager\" \/>\n<meta property=\"og:description\" content=\"eManagerin k\u00e4ytt\u00f6liittym\u00e4\u00e4 on helppo k\u00e4ytt\u00e4\u00e4, ja se sis\u00e4lt\u00e4\u00e4 AutoStore-k\u00e4ytt\u00e4j\u00e4n ohjauksen. eManagerin avulla voit hallita koko ajan tuotteen sijaintia, varastossa olevia [&hellip;]\" \/>\n<meta property=\"og:url\" content=\"https:\/\/www.elementlogic.net\/fi\/palvelut-ja-ratkaisut\/kilpailuetua-sinulle-tanaan-ja-huomenna\/hallitse-automatisoitua-varastoa-emanager-ohjelmistolla\/\" \/>\n<meta property=\"og:site_name\" content=\"Element Logic Finland\" \/>\n<meta property=\"article:modified_time\" content=\"2024-12-20T20:04:29+00:00\" \/>\n<meta property=\"og:image\" content=\"https:\/\/www.elementlogic.net\/content\/uploads\/sites\/23\/\/2024\/09\/fallback-emanager.jpg\" \/>\n\t<meta property=\"og:image:width\" content=\"1600\" \/>\n\t<meta property=\"og:image:height\" content=\"850\" \/>\n\t<meta property=\"og:image:type\" content=\"image\/jpeg\" \/>\n<meta name=\"twitter:card\" content=\"summary_large_image\" \/>\n<meta name=\"twitter:label1\" content=\"Arvioitu lukuaika\" \/>\n\t<meta name=\"twitter:data1\" content=\"3 minuuttia\" \/>\n<script type=\"application\/ld+json\" class=\"yoast-schema-graph\">{\"@context\":\"https:\/\/schema.org\",\"@graph\":[{\"@type\":\"WebPage\",\"@id\":\"https:\/\/www.elementlogic.net\/fi\/palvelut-ja-ratkaisut\/kilpailuetua-sinulle-tanaan-ja-huomenna\/hallitse-automatisoitua-varastoa-emanager-ohjelmistolla\/\",\"url\":\"https:\/\/www.elementlogic.net\/fi\/palvelut-ja-ratkaisut\/kilpailuetua-sinulle-tanaan-ja-huomenna\/hallitse-automatisoitua-varastoa-emanager-ohjelmistolla\/\",\"name\":\"eManager - Element Logic Finland\",\"isPartOf\":{\"@id\":\"https:\/\/www.elementlogic.net\/fi\/#website\"},\"primaryImageOfPage\":{\"@id\":\"https:\/\/www.elementlogic.net\/fi\/palvelut-ja-ratkaisut\/kilpailuetua-sinulle-tanaan-ja-huomenna\/hallitse-automatisoitua-varastoa-emanager-ohjelmistolla\/#primaryimage\"},\"image\":{\"@id\":\"https:\/\/www.elementlogic.net\/fi\/palvelut-ja-ratkaisut\/kilpailuetua-sinulle-tanaan-ja-huomenna\/hallitse-automatisoitua-varastoa-emanager-ohjelmistolla\/#primaryimage\"},\"thumbnailUrl\":\"https:\/\/www.elementlogic.net\/content\/uploads\/sites\/23\/\/2024\/09\/fallback-emanager.jpg\",\"datePublished\":\"2024-08-22T17:43:26+00:00\",\"dateModified\":\"2024-12-20T20:04:29+00:00\",\"breadcrumb\":{\"@id\":\"https:\/\/www.elementlogic.net\/fi\/palvelut-ja-ratkaisut\/kilpailuetua-sinulle-tanaan-ja-huomenna\/hallitse-automatisoitua-varastoa-emanager-ohjelmistolla\/#breadcrumb\"},\"inLanguage\":\"fi\",\"potentialAction\":[{\"@type\":\"ReadAction\",\"target\":[\"https:\/\/www.elementlogic.net\/fi\/palvelut-ja-ratkaisut\/kilpailuetua-sinulle-tanaan-ja-huomenna\/hallitse-automatisoitua-varastoa-emanager-ohjelmistolla\/\"]}]},{\"@type\":\"ImageObject\",\"inLanguage\":\"fi\",\"@id\":\"https:\/\/www.elementlogic.net\/fi\/palvelut-ja-ratkaisut\/kilpailuetua-sinulle-tanaan-ja-huomenna\/hallitse-automatisoitua-varastoa-emanager-ohjelmistolla\/#primaryimage\",\"url\":\"https:\/\/www.elementlogic.net\/content\/uploads\/sites\/23\/\/2024\/09\/fallback-emanager.jpg\",\"contentUrl\":\"https:\/\/www.elementlogic.net\/content\/uploads\/sites\/23\/\/2024\/09\/fallback-emanager.jpg\",\"width\":1600,\"height\":850},{\"@type\":\"BreadcrumbList\",\"@id\":\"https:\/\/www.elementlogic.net\/fi\/palvelut-ja-ratkaisut\/kilpailuetua-sinulle-tanaan-ja-huomenna\/hallitse-automatisoitua-varastoa-emanager-ohjelmistolla\/#breadcrumb\",\"itemListElement\":[{\"@type\":\"ListItem\",\"position\":1,\"name\":\"Palvelut ja ratkaisut\",\"item\":\"https:\/\/www.elementlogic.net\/fi\/palvelut-ja-ratkaisut\/\"},{\"@type\":\"ListItem\",\"position\":2,\"name\":\"Software\",\"item\":\"https:\/\/www.elementlogic.net\/fi\/palvelut-ja-ratkaisut\/kilpailuetua-sinulle-tanaan-ja-huomenna\/\"},{\"@type\":\"ListItem\",\"position\":3,\"name\":\"eManager\"}]},{\"@type\":\"WebSite\",\"@id\":\"https:\/\/www.elementlogic.net\/fi\/#website\",\"url\":\"https:\/\/www.elementlogic.net\/fi\/\",\"name\":\"Element Logic Finland\",\"description\":\"\",\"potentialAction\":[{\"@type\":\"SearchAction\",\"target\":{\"@type\":\"EntryPoint\",\"urlTemplate\":\"https:\/\/www.elementlogic.net\/fi\/?s={search_term_string}\"},\"query-input\":{\"@type\":\"PropertyValueSpecification\",\"valueRequired\":true,\"valueName\":\"search_term_string\"}}],\"inLanguage\":\"fi\"}]}<\/script>\n<!-- \/ Yoast SEO Premium plugin. -->","yoast_head_json":{"title":"eManager - Element Logic Finland","robots":{"index":"index","follow":"follow","max-snippet":"max-snippet:-1","max-image-preview":"max-image-preview:large","max-video-preview":"max-video-preview:-1"},"canonical":"https:\/\/www.elementlogic.net\/fi\/palvelut-ja-ratkaisut\/kilpailuetua-sinulle-tanaan-ja-huomenna\/hallitse-automatisoitua-varastoa-emanager-ohjelmistolla\/","og_locale":"fi_FI","og_type":"article","og_title":"eManager","og_description":"eManagerin k\u00e4ytt\u00f6liittym\u00e4\u00e4 on helppo k\u00e4ytt\u00e4\u00e4, ja se sis\u00e4lt\u00e4\u00e4 AutoStore-k\u00e4ytt\u00e4j\u00e4n ohjauksen. eManagerin avulla voit hallita koko ajan tuotteen sijaintia, varastossa olevia [&hellip;]","og_url":"https:\/\/www.elementlogic.net\/fi\/palvelut-ja-ratkaisut\/kilpailuetua-sinulle-tanaan-ja-huomenna\/hallitse-automatisoitua-varastoa-emanager-ohjelmistolla\/","og_site_name":"Element Logic Finland","article_modified_time":"2024-12-20T20:04:29+00:00","og_image":[{"width":1600,"height":850,"url":"https:\/\/www.elementlogic.net\/content\/uploads\/sites\/23\/\/2024\/09\/fallback-emanager.jpg","type":"image\/jpeg"}],"twitter_card":"summary_large_image","twitter_misc":{"Arvioitu lukuaika":"3 minuuttia"},"schema":{"@context":"https:\/\/schema.org","@graph":[{"@type":"WebPage","@id":"https:\/\/www.elementlogic.net\/fi\/palvelut-ja-ratkaisut\/kilpailuetua-sinulle-tanaan-ja-huomenna\/hallitse-automatisoitua-varastoa-emanager-ohjelmistolla\/","url":"https:\/\/www.elementlogic.net\/fi\/palvelut-ja-ratkaisut\/kilpailuetua-sinulle-tanaan-ja-huomenna\/hallitse-automatisoitua-varastoa-emanager-ohjelmistolla\/","name":"eManager - Element Logic Finland","isPartOf":{"@id":"https:\/\/www.elementlogic.net\/fi\/#website"},"primaryImageOfPage":{"@id":"https:\/\/www.elementlogic.net\/fi\/palvelut-ja-ratkaisut\/kilpailuetua-sinulle-tanaan-ja-huomenna\/hallitse-automatisoitua-varastoa-emanager-ohjelmistolla\/#primaryimage"},"image":{"@id":"https:\/\/www.elementlogic.net\/fi\/palvelut-ja-ratkaisut\/kilpailuetua-sinulle-tanaan-ja-huomenna\/hallitse-automatisoitua-varastoa-emanager-ohjelmistolla\/#primaryimage"},"thumbnailUrl":"https:\/\/www.elementlogic.net\/content\/uploads\/sites\/23\/\/2024\/09\/fallback-emanager.jpg","datePublished":"2024-08-22T17:43:26+00:00","dateModified":"2024-12-20T20:04:29+00:00","breadcrumb":{"@id":"https:\/\/www.elementlogic.net\/fi\/palvelut-ja-ratkaisut\/kilpailuetua-sinulle-tanaan-ja-huomenna\/hallitse-automatisoitua-varastoa-emanager-ohjelmistolla\/#breadcrumb"},"inLanguage":"fi","potentialAction":[{"@type":"ReadAction","target":["https:\/\/www.elementlogic.net\/fi\/palvelut-ja-ratkaisut\/kilpailuetua-sinulle-tanaan-ja-huomenna\/hallitse-automatisoitua-varastoa-emanager-ohjelmistolla\/"]}]},{"@type":"ImageObject","inLanguage":"fi","@id":"https:\/\/www.elementlogic.net\/fi\/palvelut-ja-ratkaisut\/kilpailuetua-sinulle-tanaan-ja-huomenna\/hallitse-automatisoitua-varastoa-emanager-ohjelmistolla\/#primaryimage","url":"https:\/\/www.elementlogic.net\/content\/uploads\/sites\/23\/\/2024\/09\/fallback-emanager.jpg","contentUrl":"https:\/\/www.elementlogic.net\/content\/uploads\/sites\/23\/\/2024\/09\/fallback-emanager.jpg","width":1600,"height":850},{"@type":"BreadcrumbList","@id":"https:\/\/www.elementlogic.net\/fi\/palvelut-ja-ratkaisut\/kilpailuetua-sinulle-tanaan-ja-huomenna\/hallitse-automatisoitua-varastoa-emanager-ohjelmistolla\/#breadcrumb","itemListElement":[{"@type":"ListItem","position":1,"name":"Palvelut ja ratkaisut","item":"https:\/\/www.elementlogic.net\/fi\/palvelut-ja-ratkaisut\/"},{"@type":"ListItem","position":2,"name":"Software","item":"https:\/\/www.elementlogic.net\/fi\/palvelut-ja-ratkaisut\/kilpailuetua-sinulle-tanaan-ja-huomenna\/"},{"@type":"ListItem","position":3,"name":"eManager"}]},{"@type":"WebSite","@id":"https:\/\/www.elementlogic.net\/fi\/#website","url":"https:\/\/www.elementlogic.net\/fi\/","name":"Element Logic Finland","description":"","potentialAction":[{"@type":"SearchAction","target":{"@type":"EntryPoint","urlTemplate":"https:\/\/www.elementlogic.net\/fi\/?s={search_term_string}"},"query-input":{"@type":"PropertyValueSpecification","valueRequired":true,"valueName":"search_term_string"}}],"inLanguage":"fi"}]}},"_links":{"self":[{"href":"https:\/\/www.elementlogic.net\/fi\/wp-json\/wp\/v2\/pages\/433"}],"collection":[{"href":"https:\/\/www.elementlogic.net\/fi\/wp-json\/wp\/v2\/pages"}],"about":[{"href":"https:\/\/www.elementlogic.net\/fi\/wp-json\/wp\/v2\/types\/page"}],"author":[{"embeddable":true,"href":"https:\/\/www.elementlogic.net\/fi\/wp-json\/wp\/v2\/users\/6"}],"replies":[{"embeddable":true,"href":"https:\/\/www.elementlogic.net\/fi\/wp-json\/wp\/v2\/comments?post=433"}],"version-history":[{"count":5,"href":"https:\/\/www.elementlogic.net\/fi\/wp-json\/wp\/v2\/pages\/433\/revisions"}],"predecessor-version":[{"id":2003,"href":"https:\/\/www.elementlogic.net\/fi\/wp-json\/wp\/v2\/pages\/433\/revisions\/2003"}],"up":[{"embeddable":true,"href":"https:\/\/www.elementlogic.net\/fi\/wp-json\/wp\/v2\/pages\/227"}],"wp:featuredmedia":[{"embeddable":true,"href":"https:\/\/www.elementlogic.net\/fi\/wp-json\/wp\/v2\/media\/175"}],"wp:attachment":[{"href":"https:\/\/www.elementlogic.net\/fi\/wp-json\/wp\/v2\/media?parent=433"}],"curies":[{"name":"wp","href":"https:\/\/api.w.org\/{rel}","templated":true}]}}