{"id":141,"date":"2022-05-19T21:58:00","date_gmt":"2022-05-19T21:58:00","guid":{"rendered":"https:\/\/www.elementlogic.net\/?page_id=2188"},"modified":"2025-11-27T12:43:10","modified_gmt":"2025-11-27T12:43:10","slug":"automatisation-entrepot","status":"publish","type":"page","link":"https:\/\/www.elementlogic.net\/fr\/livres-blancs\/automatisation-entrepot\/","title":{"rendered":"8 id\u00e9es re\u00e7ues sur l\u2019automatisation d\u2019entrep\u00f4t"},"content":{"rendered":"\n\t\t<div style=\"--dekode-hero-dim:0.5; --t2-icon-fill:var(--wp--preset--color--white);\" class=\"alignfull dekode-hero-content-position-center has-media-background wp-block-dekode-hero has-text-color has-white-color\">\n\t\t\t<img loading=\"lazy\" decoding=\"async\" width=\"1024\" height=\"433\" src=\"https:\/\/www.elementlogic.net\/content\/uploads\/sites\/18\/\/2024\/09\/AutoStore-grid-dark-scaled-1024x433.jpg\" class=\"dekode-hero__image\" alt=\"\" style=\"--focalpoint: 22% 14%;\" srcset=\"https:\/\/www.elementlogic.net\/content\/uploads\/sites\/18\/2024\/09\/AutoStore-grid-dark-scaled-1024x433.jpg 1024w, https:\/\/www.elementlogic.net\/content\/uploads\/sites\/18\/2024\/09\/AutoStore-grid-dark-scaled-300x127.jpg 300w, https:\/\/www.elementlogic.net\/content\/uploads\/sites\/18\/2024\/09\/AutoStore-grid-dark-scaled-768x325.jpg 768w, https:\/\/www.elementlogic.net\/content\/uploads\/sites\/18\/2024\/09\/AutoStore-grid-dark-scaled-1536x650.jpg 1536w, https:\/\/www.elementlogic.net\/content\/uploads\/sites\/18\/2024\/09\/AutoStore-grid-dark-scaled-2048x866.jpg 2048w\" sizes=\"(max-width: 1024px) 100vw, 1024px\" \/>\n\t\t\t<div class=\"dekode-hero__content\">\n\t\t\t\t<div class=\"dekode-hero__container\">\n\t\t\t\t\t\n\n<h1 class=\"wp-block-heading\" id=\"8-idees-recues-sur-l-automatisation-d-entrepot\">8 id\u00e9es re\u00e7ues sur l\u2019automatisation d\u2019entrep\u00f4t<\/h1>\n\n\n\n<p>Vous voulez conna\u00eetre les b\u00e9n\u00e9fices de l\u2019automatisation pour votre entreprise ? Laissez-nous d\u00e9m\u00ealer le vrai du faux.<\/p>\n\n\n\t\t\t\t<\/div>\n\t\t\t<\/div>\n\t\t<\/div>\n\t\t\n\n\n<p>De plus en plus d\u2019entreprises se tournent vers l\u2019automatisation de leur entrep\u00f4t pour \u00eatre plus comp\u00e9titives sur leurs march\u00e9s. Cependant, l\u2019automatisation ne fait pas encore l\u2019unanimit\u00e9 dans les comit\u00e9s de direction.<\/p>\n\n\n\n<p>Il s\u2019agit d\u2019un gros investissement, parfois m\u00eame le plus gros que l\u2019entreprise n\u2019ait jamais fait, il est donc naturel d\u2019\u00eatre sceptique et d\u2019avoir une appr\u00e9hension face aux risques potentiels. Mais souvent, ce scepticisme est le fruit d\u2019id\u00e9es re\u00e7ues, indique Dag-Adler Blakseth, Pr\u00e9sident d\u2019Element Logic<\/p>\n\n\n\n<p>C\u2019est pourquoi nous avons r\u00e9alis\u00e9 ce livre blanc&nbsp;: pour d\u00e9mystifier les id\u00e9es re\u00e7ues autour de l\u2019automatisation d\u2019entrep\u00f4t. Nous esp\u00e9rons que ce document vous donnera les informations n\u00e9cessaires \u00e0 votre prise de d\u00e9cision pour votre futur entrep\u00f4t.<\/p>\n\n\n\n<h3 class=\"wp-block-heading\" id=\"en-lisant-ce-livre-blanc-vous-en-saurez-plus-sur\">En lisant ce livre blanc, vous en saurez plus sur :<\/h3>\n\n\n\n<ul class=\"wp-block-list\">\n<li>Les diff\u00e9rents niveaux de complexit\u00e9 de l\u2019automatisation.<\/li>\n\n\n\n<li>Les b\u00e9n\u00e9fices financiers de l\u2019automatisation.<\/li>\n\n\n\n<li>Si vous devez construire un nouvel entrep\u00f4t ou plut\u00f4t optimiser votre entrep\u00f4t existant.<\/li>\n\n\n\n<li>Comment fonctionne le syst\u00e8me AutoStore.<\/li>\n\n\n\n<li>L\u2019impact de l\u2019automatisation sur vos collaborateurs.<\/li>\n\n\n\n<li>Les secteurs d\u2019activit\u00e9 pour lesquels l\u2019automatisation est la plus adapt\u00e9e.<\/li>\n<\/ul>\n\n\n\n<p><em>Le livre blanc est disponible gratuitement en fran\u00e7ais, anglais et allemand<\/em>.<\/p>\n\n\n\n\t\t<div class=\"wp-block-dekode-dynamics-form\">\n\t\t\t<div class=\"embedded-form\">\n\t\t\t\t<div\n\t\t\t\t\tdata-form-id=\"646a4e66-712a-f011-8c4e-6045bdf51dec\"\n\t\t\t\t\tdata-form-api-url=\"https:\/\/public-eur.mkt.dynamics.com\/api\/v1.0\/orgs\/0d653081-4a98-4454-9ade-26f2fbe674ee\/landingpageforms\"\n\t\t\t\t\tdata-cached-form-url=\"https:\/\/assets-eur.mkt.dynamics.com\/0d653081-4a98-4454-9ade-26f2fbe674ee\/digitalassets\/forms\/646a4e66-712a-f011-8c4e-6045bdf51dec\"\n\t\t\t\t><\/div>\n\t\t\t<\/div>\n\t\t<\/div>","protected":false},"excerpt":{"rendered":"<p>De plus en plus d\u2019entreprises se tournent vers l\u2019automatisation de leur entrep\u00f4t pour \u00eatre plus comp\u00e9titives sur leurs march\u00e9s. Cependant, [&hellip;]<\/p>\n","protected":false},"author":27,"featured_media":665,"parent":155,"menu_order":0,"comment_status":"closed","ping_status":"closed","template":"","meta":{"hreflang_relation":2188,"_el_cross_publish_source_blog_url":"","_el_cross_publish_source_blog_id":0,"_el_cross_publish_source_post_id":0,"_el_cross_publish_sync_state":"","exclude_from_search":false,"footnotes":""},"class_list":["post-141","page","type-page","status-publish","has-post-thumbnail","hentry"],"yoast_head":"<!-- This site is optimized with the Yoast SEO Premium plugin v23.9 (Yoast SEO v23.9) - https:\/\/yoast.com\/wordpress\/plugins\/seo\/ -->\n<title>8 id\u00e9es re\u00e7ues sur l\u2019automatisation d\u2019entrep\u00f4t<\/title>\n<meta name=\"description\" content=\"Ce livre-blanc d&#039;Element Logic vous aidera \u00e0 d\u00e9m\u00ealer le vrai du faux sur l&#039;automatisation d&#039;entrep\u00f4t et ses b\u00e9n\u00e9fices pour votre entreprise.\" \/>\n<meta name=\"robots\" content=\"index, follow, max-snippet:-1, max-image-preview:large, max-video-preview:-1\" \/>\n<link rel=\"canonical\" href=\"https:\/\/www.elementlogic.net\/fr\/livres-blancs\/automatisation-entrepot\/\" \/>\n<meta property=\"og:locale\" content=\"fr_FR\" \/>\n<meta property=\"og:type\" content=\"article\" \/>\n<meta property=\"og:title\" content=\"8 id\u00e9es re\u00e7ues sur l\u2019automatisation d\u2019entrep\u00f4t\" \/>\n<meta property=\"og:description\" content=\"Ce livre-blanc d&#039;Element Logic vous aidera \u00e0 d\u00e9m\u00ealer le vrai du faux sur l&#039;automatisation d&#039;entrep\u00f4t et ses b\u00e9n\u00e9fices pour votre entreprise.\" \/>\n<meta property=\"og:url\" content=\"https:\/\/www.elementlogic.net\/fr\/livres-blancs\/automatisation-entrepot\/\" \/>\n<meta property=\"og:site_name\" content=\"Element Logic France\" \/>\n<meta property=\"article:modified_time\" content=\"2025-11-27T12:43:10+00:00\" \/>\n<meta property=\"og:image\" content=\"https:\/\/www.elementlogic.net\/content\/uploads\/sites\/18\/\/2024\/09\/AutoStore-grid-dark-scaled.jpg\" \/>\n\t<meta property=\"og:image:width\" content=\"2560\" \/>\n\t<meta property=\"og:image:height\" content=\"1083\" \/>\n\t<meta property=\"og:image:type\" content=\"image\/jpeg\" \/>\n<meta name=\"twitter:card\" content=\"summary_large_image\" \/>\n<meta name=\"twitter:label1\" content=\"Dur\u00e9e de lecture estim\u00e9e\" \/>\n\t<meta name=\"twitter:data1\" content=\"2 minutes\" \/>\n<script type=\"application\/ld+json\" class=\"yoast-schema-graph\">{\"@context\":\"https:\/\/schema.org\",\"@graph\":[{\"@type\":\"WebPage\",\"@id\":\"https:\/\/www.elementlogic.net\/fr\/livres-blancs\/automatisation-entrepot\/\",\"url\":\"https:\/\/www.elementlogic.net\/fr\/livres-blancs\/automatisation-entrepot\/\",\"name\":\"8 id\u00e9es re\u00e7ues sur l\u2019automatisation d\u2019entrep\u00f4t\",\"isPartOf\":{\"@id\":\"https:\/\/www.elementlogic.net\/fr\/#website\"},\"primaryImageOfPage\":{\"@id\":\"https:\/\/www.elementlogic.net\/fr\/livres-blancs\/automatisation-entrepot\/#primaryimage\"},\"image\":{\"@id\":\"https:\/\/www.elementlogic.net\/fr\/livres-blancs\/automatisation-entrepot\/#primaryimage\"},\"thumbnailUrl\":\"https:\/\/www.elementlogic.net\/content\/uploads\/sites\/18\/\/2024\/09\/AutoStore-grid-dark-scaled.jpg\",\"datePublished\":\"2022-05-19T21:58:00+00:00\",\"dateModified\":\"2025-11-27T12:43:10+00:00\",\"description\":\"Ce livre-blanc d'Element Logic vous aidera \u00e0 d\u00e9m\u00ealer le vrai du faux sur l'automatisation d'entrep\u00f4t et ses b\u00e9n\u00e9fices pour votre entreprise.\",\"breadcrumb\":{\"@id\":\"https:\/\/www.elementlogic.net\/fr\/livres-blancs\/automatisation-entrepot\/#breadcrumb\"},\"inLanguage\":\"fr-FR\",\"potentialAction\":[{\"@type\":\"ReadAction\",\"target\":[\"https:\/\/www.elementlogic.net\/fr\/livres-blancs\/automatisation-entrepot\/\"]}]},{\"@type\":\"ImageObject\",\"inLanguage\":\"fr-FR\",\"@id\":\"https:\/\/www.elementlogic.net\/fr\/livres-blancs\/automatisation-entrepot\/#primaryimage\",\"url\":\"https:\/\/www.elementlogic.net\/content\/uploads\/sites\/18\/\/2024\/09\/AutoStore-grid-dark-scaled.jpg\",\"contentUrl\":\"https:\/\/www.elementlogic.net\/content\/uploads\/sites\/18\/\/2024\/09\/AutoStore-grid-dark-scaled.jpg\",\"width\":2560,\"height\":1083},{\"@type\":\"BreadcrumbList\",\"@id\":\"https:\/\/www.elementlogic.net\/fr\/livres-blancs\/automatisation-entrepot\/#breadcrumb\",\"itemListElement\":[{\"@type\":\"ListItem\",\"position\":1,\"name\":\"Livres blancs\",\"item\":\"https:\/\/www.elementlogic.net\/fr\/livres-blancs\/\"},{\"@type\":\"ListItem\",\"position\":2,\"name\":\"8 id\u00e9es re\u00e7ues sur l\u2019automatisation d\u2019entrep\u00f4t\"}]},{\"@type\":\"WebSite\",\"@id\":\"https:\/\/www.elementlogic.net\/fr\/#website\",\"url\":\"https:\/\/www.elementlogic.net\/fr\/\",\"name\":\"Element Logic France\",\"description\":\"\",\"potentialAction\":[{\"@type\":\"SearchAction\",\"target\":{\"@type\":\"EntryPoint\",\"urlTemplate\":\"https:\/\/www.elementlogic.net\/fr\/?s={search_term_string}\"},\"query-input\":{\"@type\":\"PropertyValueSpecification\",\"valueRequired\":true,\"valueName\":\"search_term_string\"}}],\"inLanguage\":\"fr-FR\"}]}<\/script>\n<!-- \/ Yoast SEO Premium plugin. -->","yoast_head_json":{"title":"8 id\u00e9es re\u00e7ues sur l\u2019automatisation d\u2019entrep\u00f4t","description":"Ce livre-blanc d'Element Logic vous aidera \u00e0 d\u00e9m\u00ealer le vrai du faux sur l'automatisation d'entrep\u00f4t et ses b\u00e9n\u00e9fices pour votre entreprise.","robots":{"index":"index","follow":"follow","max-snippet":"max-snippet:-1","max-image-preview":"max-image-preview:large","max-video-preview":"max-video-preview:-1"},"canonical":"https:\/\/www.elementlogic.net\/fr\/livres-blancs\/automatisation-entrepot\/","og_locale":"fr_FR","og_type":"article","og_title":"8 id\u00e9es re\u00e7ues sur l\u2019automatisation d\u2019entrep\u00f4t","og_description":"Ce livre-blanc d'Element Logic vous aidera \u00e0 d\u00e9m\u00ealer le vrai du faux sur l'automatisation d'entrep\u00f4t et ses b\u00e9n\u00e9fices pour votre entreprise.","og_url":"https:\/\/www.elementlogic.net\/fr\/livres-blancs\/automatisation-entrepot\/","og_site_name":"Element Logic France","article_modified_time":"2025-11-27T12:43:10+00:00","og_image":[{"width":2560,"height":1083,"url":"https:\/\/www.elementlogic.net\/content\/uploads\/sites\/18\/\/2024\/09\/AutoStore-grid-dark-scaled.jpg","type":"image\/jpeg"}],"twitter_card":"summary_large_image","twitter_misc":{"Dur\u00e9e de lecture estim\u00e9e":"2 minutes"},"schema":{"@context":"https:\/\/schema.org","@graph":[{"@type":"WebPage","@id":"https:\/\/www.elementlogic.net\/fr\/livres-blancs\/automatisation-entrepot\/","url":"https:\/\/www.elementlogic.net\/fr\/livres-blancs\/automatisation-entrepot\/","name":"8 id\u00e9es re\u00e7ues sur l\u2019automatisation d\u2019entrep\u00f4t","isPartOf":{"@id":"https:\/\/www.elementlogic.net\/fr\/#website"},"primaryImageOfPage":{"@id":"https:\/\/www.elementlogic.net\/fr\/livres-blancs\/automatisation-entrepot\/#primaryimage"},"image":{"@id":"https:\/\/www.elementlogic.net\/fr\/livres-blancs\/automatisation-entrepot\/#primaryimage"},"thumbnailUrl":"https:\/\/www.elementlogic.net\/content\/uploads\/sites\/18\/\/2024\/09\/AutoStore-grid-dark-scaled.jpg","datePublished":"2022-05-19T21:58:00+00:00","dateModified":"2025-11-27T12:43:10+00:00","description":"Ce livre-blanc d'Element Logic vous aidera \u00e0 d\u00e9m\u00ealer le vrai du faux sur l'automatisation d'entrep\u00f4t et ses b\u00e9n\u00e9fices pour votre entreprise.","breadcrumb":{"@id":"https:\/\/www.elementlogic.net\/fr\/livres-blancs\/automatisation-entrepot\/#breadcrumb"},"inLanguage":"fr-FR","potentialAction":[{"@type":"ReadAction","target":["https:\/\/www.elementlogic.net\/fr\/livres-blancs\/automatisation-entrepot\/"]}]},{"@type":"ImageObject","inLanguage":"fr-FR","@id":"https:\/\/www.elementlogic.net\/fr\/livres-blancs\/automatisation-entrepot\/#primaryimage","url":"https:\/\/www.elementlogic.net\/content\/uploads\/sites\/18\/\/2024\/09\/AutoStore-grid-dark-scaled.jpg","contentUrl":"https:\/\/www.elementlogic.net\/content\/uploads\/sites\/18\/\/2024\/09\/AutoStore-grid-dark-scaled.jpg","width":2560,"height":1083},{"@type":"BreadcrumbList","@id":"https:\/\/www.elementlogic.net\/fr\/livres-blancs\/automatisation-entrepot\/#breadcrumb","itemListElement":[{"@type":"ListItem","position":1,"name":"Livres blancs","item":"https:\/\/www.elementlogic.net\/fr\/livres-blancs\/"},{"@type":"ListItem","position":2,"name":"8 id\u00e9es re\u00e7ues sur l\u2019automatisation d\u2019entrep\u00f4t"}]},{"@type":"WebSite","@id":"https:\/\/www.elementlogic.net\/fr\/#website","url":"https:\/\/www.elementlogic.net\/fr\/","name":"Element Logic France","description":"","potentialAction":[{"@type":"SearchAction","target":{"@type":"EntryPoint","urlTemplate":"https:\/\/www.elementlogic.net\/fr\/?s={search_term_string}"},"query-input":{"@type":"PropertyValueSpecification","valueRequired":true,"valueName":"search_term_string"}}],"inLanguage":"fr-FR"}]}},"_links":{"self":[{"href":"https:\/\/www.elementlogic.net\/fr\/wp-json\/wp\/v2\/pages\/141"}],"collection":[{"href":"https:\/\/www.elementlogic.net\/fr\/wp-json\/wp\/v2\/pages"}],"about":[{"href":"https:\/\/www.elementlogic.net\/fr\/wp-json\/wp\/v2\/types\/page"}],"author":[{"embeddable":true,"href":"https:\/\/www.elementlogic.net\/fr\/wp-json\/wp\/v2\/users\/27"}],"replies":[{"embeddable":true,"href":"https:\/\/www.elementlogic.net\/fr\/wp-json\/wp\/v2\/comments?post=141"}],"version-history":[{"count":5,"href":"https:\/\/www.elementlogic.net\/fr\/wp-json\/wp\/v2\/pages\/141\/revisions"}],"predecessor-version":[{"id":2436,"href":"https:\/\/www.elementlogic.net\/fr\/wp-json\/wp\/v2\/pages\/141\/revisions\/2436"}],"up":[{"embeddable":true,"href":"https:\/\/www.elementlogic.net\/fr\/wp-json\/wp\/v2\/pages\/155"}],"wp:featuredmedia":[{"embeddable":true,"href":"https:\/\/www.elementlogic.net\/fr\/wp-json\/wp\/v2\/media\/665"}],"wp:attachment":[{"href":"https:\/\/www.elementlogic.net\/fr\/wp-json\/wp\/v2\/media?parent=141"}],"curies":[{"name":"wp","href":"https:\/\/api.w.org\/{rel}","templated":true}]}}