{"id":143,"date":"2024-09-09T21:55:19","date_gmt":"2024-09-09T19:55:19","guid":{"rendered":"https:\/\/www.elementlogic.net\/?page_id=2182"},"modified":"2025-11-27T12:44:08","modified_gmt":"2025-11-27T12:44:08","slug":"3-tendances","status":"publish","type":"page","link":"https:\/\/www.elementlogic.net\/fr\/livres-blancs\/3-tendances\/","title":{"rendered":"Trois tendances qui transforment l&rsquo;intralogistique"},"content":{"rendered":"\n\t\t<div style=\"--dekode-hero-dim:0.5; --t2-icon-fill:var(--wp--preset--color--white);\" class=\"alignfull dekode-hero-content-position-center has-media-background wp-block-dekode-hero has-text-color has-white-color\">\n\t\t\t<img loading=\"lazy\" decoding=\"async\" width=\"600\" height=\"400\" src=\"https:\/\/www.elementlogic.net\/content\/uploads\/sites\/18\/\/2024\/09\/image-12.png\" class=\"dekode-hero__image\" alt=\"\" style=\"--focalpoint: 32% 43%;\" srcset=\"https:\/\/www.elementlogic.net\/content\/uploads\/sites\/18\/2024\/09\/image-12.png 600w, https:\/\/www.elementlogic.net\/content\/uploads\/sites\/18\/2024\/09\/image-12-300x200.png 300w\" sizes=\"(max-width: 600px) 100vw, 600px\" \/>\n\t\t\t<div class=\"dekode-hero__content\">\n\t\t\t\t<div class=\"dekode-hero__container\">\n\t\t\t\t\t\n\n<h1 class=\"wp-block-heading\" id=\"3-tendances-qui-transforment-le-secteur-de-l-intralogistique\">3 tendances qui transforment le secteur de l\u2019intralogistique<\/h1>\n\n\n\n<p>Curieux(se) de savoir comment va \u00e9voluer le secteur de l\u2019intralogistique dans les ann\u00e9es \u00e0 venir ? Avec 35 ans de savoir-faire en optimisation de la performance des entrep\u00f4ts, nous avons, chez Element Logic, l\u2019exp\u00e9rience et la connaissance march\u00e9 n\u00e9cessaires pour distinguer les tendances de fond des effets de mode.<\/p>\n\n\n\t\t\t\t<\/div>\n\t\t\t<\/div>\n\t\t<\/div>\n\t\t\n\n\n<p>Ces deux derni\u00e8res ann\u00e9es, l\u2019intralogistique n\u2019a cess\u00e9 de se transformer. En plus de l\u2019int\u00e9gration constante de nouvelles technologies et des innovations en mati\u00e8re de logistique des derniers kilom\u00e8tres, les attentes des clients changent. Ils ont besoin aujourd\u2019hui d\u2019une pr\u00e9paration de commande plus rapide et plus fiable et ils la veulent maintenant.<\/p>\n\n\n\n<p>Pour rester comp\u00e9titif, il faut connaitre et comprendre les tendances \u00e9mergentes de l\u2019intralogistique.<\/p>\n\n\n\n<p>C\u2019est la raison pour laquelle nous avons r\u00e9alis\u00e9 ce livre blanc. Nous y analysons les trois plus grosses tendances du march\u00e9 de l\u2019intralogistique et de la pr\u00e9paration de commandes, convaincus que celles-ci vont jouer un r\u00f4le majeur dans le d\u00e9veloppement du secteur dans les ann\u00e9es \u00e0 venir.<\/p>\n\n\n\n<h3 class=\"wp-block-heading\" id=\"ce-livre-blanc-vous-permettra-de-decouvrir\"><strong><strong>Ce livre blanc, vous permettra de d\u00e9couvrir&nbsp;:<\/strong><\/strong><\/h3>\n\n\n\n<ul class=\"wp-block-list\">\n<li>L\u2019\u00e9picerie en ligne et les attentes des clients en termes de livraison et de flexibilit\u00e9 dans ce secteur.<\/li>\n\n\n\n<li>Les centres de micro fulfillment et les innovations li\u00e9es \u00e0 la logistique du dernier kilom\u00e8tre.<\/li>\n\n\n\n<li>L\u2019Automation as a Service (AaaS) et ses atouts pour l\u2019automatisation d\u2019entrep\u00f4t<\/li>\n<\/ul>\n\n\n\n<p><em>Ce livre blanc gratuit est \u00e9galement disponible en anglais.<\/em><\/p>\n\n\n\n\t\t<div class=\"wp-block-dekode-dynamics-form\">\n\t\t\t<div class=\"embedded-form\">\n\t\t\t\t<div\n\t\t\t\t\tdata-form-id=\"646a4e66-712a-f011-8c4e-6045bdf51dec\"\n\t\t\t\t\tdata-form-api-url=\"https:\/\/public-eur.mkt.dynamics.com\/api\/v1.0\/orgs\/0d653081-4a98-4454-9ade-26f2fbe674ee\/landingpageforms\"\n\t\t\t\t\tdata-cached-form-url=\"https:\/\/assets-eur.mkt.dynamics.com\/0d653081-4a98-4454-9ade-26f2fbe674ee\/digitalassets\/forms\/646a4e66-712a-f011-8c4e-6045bdf51dec\"\n\t\t\t\t><\/div>\n\t\t\t<\/div>\n\t\t<\/div>","protected":false},"excerpt":{"rendered":"<p>Ces deux derni\u00e8res ann\u00e9es, l\u2019intralogistique n\u2019a cess\u00e9 de se transformer. En plus de l\u2019int\u00e9gration constante de nouvelles technologies et des [&hellip;]<\/p>\n","protected":false},"author":27,"featured_media":0,"parent":155,"menu_order":0,"comment_status":"closed","ping_status":"closed","template":"","meta":{"hreflang_relation":2182,"_el_cross_publish_source_blog_url":"","_el_cross_publish_source_blog_id":0,"_el_cross_publish_source_post_id":0,"_el_cross_publish_sync_state":"","exclude_from_search":false,"footnotes":""},"class_list":["post-143","page","type-page","status-publish","hentry"],"yoast_head":"<!-- This site is optimized with the Yoast SEO Premium plugin v23.9 (Yoast SEO v23.9) - https:\/\/yoast.com\/wordpress\/plugins\/seo\/ -->\n<title>3 tendances qui transforment le secteur de l\u2019intralogistique<\/title>\n<meta name=\"description\" content=\"Dans ce livre blanc Element Logic, nous parlons de 3 tendances qui vont transformer le secteur de l&#039;intralogistique \u00e0 l&#039;avenir.\" \/>\n<meta name=\"robots\" content=\"index, follow, max-snippet:-1, max-image-preview:large, max-video-preview:-1\" \/>\n<link rel=\"canonical\" href=\"https:\/\/www.elementlogic.net\/fr\/livres-blancs\/3-tendances\/\" \/>\n<meta property=\"og:locale\" content=\"fr_FR\" \/>\n<meta property=\"og:type\" content=\"article\" \/>\n<meta property=\"og:title\" content=\"Trois tendances qui transforment l&#039;intralogistique\" \/>\n<meta property=\"og:description\" content=\"Dans ce livre blanc Element Logic, nous parlons de 3 tendances qui vont transformer le secteur de l&#039;intralogistique \u00e0 l&#039;avenir.\" \/>\n<meta property=\"og:url\" content=\"https:\/\/www.elementlogic.net\/fr\/livres-blancs\/3-tendances\/\" \/>\n<meta property=\"og:site_name\" content=\"Element Logic France\" \/>\n<meta property=\"article:modified_time\" content=\"2025-11-27T12:44:08+00:00\" \/>\n<meta name=\"twitter:card\" content=\"summary_large_image\" \/>\n<meta name=\"twitter:label1\" content=\"Dur\u00e9e de lecture estim\u00e9e\" \/>\n\t<meta name=\"twitter:data1\" content=\"2 minutes\" \/>\n<script type=\"application\/ld+json\" class=\"yoast-schema-graph\">{\"@context\":\"https:\/\/schema.org\",\"@graph\":[{\"@type\":\"WebPage\",\"@id\":\"https:\/\/www.elementlogic.net\/fr\/livres-blancs\/3-tendances\/\",\"url\":\"https:\/\/www.elementlogic.net\/fr\/livres-blancs\/3-tendances\/\",\"name\":\"3 tendances qui transforment le secteur de l\u2019intralogistique\",\"isPartOf\":{\"@id\":\"https:\/\/www.elementlogic.net\/fr\/#website\"},\"datePublished\":\"2024-09-09T19:55:19+00:00\",\"dateModified\":\"2025-11-27T12:44:08+00:00\",\"description\":\"Dans ce livre blanc Element Logic, nous parlons de 3 tendances qui vont transformer le secteur de l'intralogistique \u00e0 l'avenir.\",\"breadcrumb\":{\"@id\":\"https:\/\/www.elementlogic.net\/fr\/livres-blancs\/3-tendances\/#breadcrumb\"},\"inLanguage\":\"fr-FR\",\"potentialAction\":[{\"@type\":\"ReadAction\",\"target\":[\"https:\/\/www.elementlogic.net\/fr\/livres-blancs\/3-tendances\/\"]}]},{\"@type\":\"BreadcrumbList\",\"@id\":\"https:\/\/www.elementlogic.net\/fr\/livres-blancs\/3-tendances\/#breadcrumb\",\"itemListElement\":[{\"@type\":\"ListItem\",\"position\":1,\"name\":\"Livres blancs\",\"item\":\"https:\/\/www.elementlogic.net\/fr\/livres-blancs\/\"},{\"@type\":\"ListItem\",\"position\":2,\"name\":\"Trois tendances qui transforment l&#8217;intralogistique\"}]},{\"@type\":\"WebSite\",\"@id\":\"https:\/\/www.elementlogic.net\/fr\/#website\",\"url\":\"https:\/\/www.elementlogic.net\/fr\/\",\"name\":\"Element Logic France\",\"description\":\"\",\"potentialAction\":[{\"@type\":\"SearchAction\",\"target\":{\"@type\":\"EntryPoint\",\"urlTemplate\":\"https:\/\/www.elementlogic.net\/fr\/?s={search_term_string}\"},\"query-input\":{\"@type\":\"PropertyValueSpecification\",\"valueRequired\":true,\"valueName\":\"search_term_string\"}}],\"inLanguage\":\"fr-FR\"}]}<\/script>\n<!-- \/ Yoast SEO Premium plugin. -->","yoast_head_json":{"title":"3 tendances qui transforment le secteur de l\u2019intralogistique","description":"Dans ce livre blanc Element Logic, nous parlons de 3 tendances qui vont transformer le secteur de l'intralogistique \u00e0 l'avenir.","robots":{"index":"index","follow":"follow","max-snippet":"max-snippet:-1","max-image-preview":"max-image-preview:large","max-video-preview":"max-video-preview:-1"},"canonical":"https:\/\/www.elementlogic.net\/fr\/livres-blancs\/3-tendances\/","og_locale":"fr_FR","og_type":"article","og_title":"Trois tendances qui transforment l'intralogistique","og_description":"Dans ce livre blanc Element Logic, nous parlons de 3 tendances qui vont transformer le secteur de l'intralogistique \u00e0 l'avenir.","og_url":"https:\/\/www.elementlogic.net\/fr\/livres-blancs\/3-tendances\/","og_site_name":"Element Logic France","article_modified_time":"2025-11-27T12:44:08+00:00","twitter_card":"summary_large_image","twitter_misc":{"Dur\u00e9e de lecture estim\u00e9e":"2 minutes"},"schema":{"@context":"https:\/\/schema.org","@graph":[{"@type":"WebPage","@id":"https:\/\/www.elementlogic.net\/fr\/livres-blancs\/3-tendances\/","url":"https:\/\/www.elementlogic.net\/fr\/livres-blancs\/3-tendances\/","name":"3 tendances qui transforment le secteur de l\u2019intralogistique","isPartOf":{"@id":"https:\/\/www.elementlogic.net\/fr\/#website"},"datePublished":"2024-09-09T19:55:19+00:00","dateModified":"2025-11-27T12:44:08+00:00","description":"Dans ce livre blanc Element Logic, nous parlons de 3 tendances qui vont transformer le secteur de l'intralogistique \u00e0 l'avenir.","breadcrumb":{"@id":"https:\/\/www.elementlogic.net\/fr\/livres-blancs\/3-tendances\/#breadcrumb"},"inLanguage":"fr-FR","potentialAction":[{"@type":"ReadAction","target":["https:\/\/www.elementlogic.net\/fr\/livres-blancs\/3-tendances\/"]}]},{"@type":"BreadcrumbList","@id":"https:\/\/www.elementlogic.net\/fr\/livres-blancs\/3-tendances\/#breadcrumb","itemListElement":[{"@type":"ListItem","position":1,"name":"Livres blancs","item":"https:\/\/www.elementlogic.net\/fr\/livres-blancs\/"},{"@type":"ListItem","position":2,"name":"Trois tendances qui transforment l&#8217;intralogistique"}]},{"@type":"WebSite","@id":"https:\/\/www.elementlogic.net\/fr\/#website","url":"https:\/\/www.elementlogic.net\/fr\/","name":"Element Logic France","description":"","potentialAction":[{"@type":"SearchAction","target":{"@type":"EntryPoint","urlTemplate":"https:\/\/www.elementlogic.net\/fr\/?s={search_term_string}"},"query-input":{"@type":"PropertyValueSpecification","valueRequired":true,"valueName":"search_term_string"}}],"inLanguage":"fr-FR"}]}},"_links":{"self":[{"href":"https:\/\/www.elementlogic.net\/fr\/wp-json\/wp\/v2\/pages\/143"}],"collection":[{"href":"https:\/\/www.elementlogic.net\/fr\/wp-json\/wp\/v2\/pages"}],"about":[{"href":"https:\/\/www.elementlogic.net\/fr\/wp-json\/wp\/v2\/types\/page"}],"author":[{"embeddable":true,"href":"https:\/\/www.elementlogic.net\/fr\/wp-json\/wp\/v2\/users\/27"}],"replies":[{"embeddable":true,"href":"https:\/\/www.elementlogic.net\/fr\/wp-json\/wp\/v2\/comments?post=143"}],"version-history":[{"count":5,"href":"https:\/\/www.elementlogic.net\/fr\/wp-json\/wp\/v2\/pages\/143\/revisions"}],"predecessor-version":[{"id":2437,"href":"https:\/\/www.elementlogic.net\/fr\/wp-json\/wp\/v2\/pages\/143\/revisions\/2437"}],"up":[{"embeddable":true,"href":"https:\/\/www.elementlogic.net\/fr\/wp-json\/wp\/v2\/pages\/155"}],"wp:attachment":[{"href":"https:\/\/www.elementlogic.net\/fr\/wp-json\/wp\/v2\/media?parent=143"}],"curies":[{"name":"wp","href":"https:\/\/api.w.org\/{rel}","templated":true}]}}