{"id":148,"date":"2023-01-06T21:46:00","date_gmt":"2023-01-06T21:46:00","guid":{"rendered":"https:\/\/www.elementlogic.net\/?page_id=2173"},"modified":"2025-11-27T12:51:08","modified_gmt":"2025-11-27T12:51:08","slug":"utilisation-data","status":"publish","type":"page","link":"https:\/\/www.elementlogic.net\/fr\/livres-blancs\/utilisation-data\/","title":{"rendered":"Utilisation de la donn\u00e9 : le prochaine \u00e9tape de l&rsquo;automatisation d&rsquo;entrep\u00f4t"},"content":{"rendered":"\n\t\t<div style=\"--dekode-hero-dim:0.5; --t2-icon-fill:var(--wp--preset--color--white);\" class=\"alignfull dekode-hero-content-position-center has-media-background wp-block-dekode-hero\">\n\t\t\t<img loading=\"lazy\" decoding=\"async\" width=\"1024\" height=\"683\" src=\"https:\/\/www.elementlogic.net\/content\/uploads\/sites\/18\/\/2024\/09\/EL_eLogiq_-2-1024x683-1.jpg\" class=\"dekode-hero__image\" alt=\"\" style=\"--focalpoint: 52% 28%;\" srcset=\"https:\/\/www.elementlogic.net\/content\/uploads\/sites\/18\/2024\/09\/EL_eLogiq_-2-1024x683-1.jpg 1024w, https:\/\/www.elementlogic.net\/content\/uploads\/sites\/18\/2024\/09\/EL_eLogiq_-2-1024x683-1-300x200.jpg 300w, https:\/\/www.elementlogic.net\/content\/uploads\/sites\/18\/2024\/09\/EL_eLogiq_-2-1024x683-1-768x512.jpg 768w\" sizes=\"(max-width: 1024px) 100vw, 1024px\" \/>\n\t\t\t<div class=\"dekode-hero__content\">\n\t\t\t\t<div class=\"dekode-hero__container\">\n\t\t\t\t\t\n\n<h1 class=\"wp-block-heading\" id=\"la-data-l-etape-suivante-de-l-automatisation-d-entrepot\">La data : l\u2019\u00e9tape suivante de l\u2019automatisation d\u2019entrep\u00f4t<\/h1>\n\n\n\n<p>Pour d\u00e9velopper votre entreprise et rester comp\u00e9titif, vous devez \u00eatre proactif et pouvoir vous adapter \u00e0 toute situation. Pour y parvenir, utilisez les donn\u00e9es cach\u00e9es de votre entrep\u00f4t.<\/p>\n\n\n\t\t\t\t<\/div>\n\t\t\t<\/div>\n\t\t<\/div>\n\t\t\n\n\n<p>Les donn\u00e9es de votre entrep\u00f4t peuvent vous fournir des informations exploitables sur votre capacit\u00e9 de stockage, sur de la maintenance pr\u00e9dictive, pour planifier vos op\u00e9rations de transport et garder vos employ\u00e9s motiv\u00e9s.<\/p>\n\n\n\n<p>\u00ab&nbsp;<em>La donn\u00e9e cach\u00e9e est l\u2019or des entrep\u00f4ts partout dans le monde. Il est temps de s\u2019en servir.<\/em>&nbsp;\u00bb indique Sutharshan Nadarajah, Directeur Technologie chez Element Logic.<\/p>\n\n\n\n<p>Dans ce livre blanc Sutharshan Nadarajah explique comment l\u2019intralogistique va entrer dans le futur gr\u00e2ce aux solutions bas\u00e9es sur la donn\u00e9e et comment vous adapter \u00e0 ce changement majeur.<\/p>\n\n\n\n<h3 class=\"wp-block-heading\" id=\"en-lisant-ce-livre-blanc-vous-decouvrirez\"><strong><strong>En lisant ce livre blanc, vous d\u00e9couvrirez :<\/strong> <\/strong><\/h3>\n\n\n\n<ul class=\"wp-block-list\">\n<li>\u00c0 quoi ressemble le futur 100&nbsp;% data de l\u2019intralogistique&nbsp;;<\/li>\n\n\n\n<li>O\u00f9 trouver les donn\u00e9es les plus pr\u00e9cieuses de votre entrep\u00f4t&nbsp;;<\/li>\n\n\n\n<li>Comment vous assurer d\u2019investir dans la ou les bonne(s) solution(s) logicielle(s)&nbsp;;<\/li>\n\n\n\n<li>Comment capitaliser sur l\u2019utilisation de vos donn\u00e9es&nbsp;;<\/li>\n\n\n\n<li>Des exemples sur comment utiliser des solutions bas\u00e9es sur la donn\u00e9e pour optimiser les process de votre entrep\u00f4t&nbsp;;<\/li>\n\n\n\n<li>L\u2019\u00e9cosyst\u00e8me logiciel d\u2019Element Logic.<\/li>\n<\/ul>\n\n\n\n<p><em>The whitepaper is free and also available in English.<\/em><\/p>\n\n\n\n\t\t<div class=\"wp-block-dekode-dynamics-form\">\n\t\t\t<div class=\"embedded-form\">\n\t\t\t\t<div\n\t\t\t\t\tdata-form-id=\"646a4e66-712a-f011-8c4e-6045bdf51dec\"\n\t\t\t\t\tdata-form-api-url=\"https:\/\/public-eur.mkt.dynamics.com\/api\/v1.0\/orgs\/0d653081-4a98-4454-9ade-26f2fbe674ee\/landingpageforms\"\n\t\t\t\t\tdata-cached-form-url=\"https:\/\/assets-eur.mkt.dynamics.com\/0d653081-4a98-4454-9ade-26f2fbe674ee\/digitalassets\/forms\/646a4e66-712a-f011-8c4e-6045bdf51dec\"\n\t\t\t\t><\/div>\n\t\t\t<\/div>\n\t\t<\/div>","protected":false},"excerpt":{"rendered":"<p>Les donn\u00e9es de votre entrep\u00f4t peuvent vous fournir des informations exploitables sur votre capacit\u00e9 de stockage, sur de la maintenance [&hellip;]<\/p>\n","protected":false},"author":27,"featured_media":264,"parent":155,"menu_order":0,"comment_status":"closed","ping_status":"closed","template":"","meta":{"hreflang_relation":2173,"_el_cross_publish_source_blog_url":"","_el_cross_publish_source_blog_id":0,"_el_cross_publish_source_post_id":0,"_el_cross_publish_sync_state":"","exclude_from_search":false,"footnotes":""},"class_list":["post-148","page","type-page","status-publish","has-post-thumbnail","hentry"],"yoast_head":"<!-- This site is optimized with the Yoast SEO Premium plugin v23.9 (Yoast SEO v23.9) - https:\/\/yoast.com\/wordpress\/plugins\/seo\/ -->\n<title>La data : l\u2019\u00e9tape suivante de l\u2019automatisation d\u2019entrep\u00f4t<\/title>\n<meta name=\"description\" content=\"D\u00e9couvrez comment utiliser les donn\u00e9es cach\u00e9es de votre entrep\u00f4t pour rester comp\u00e9titif gr\u00e2ce au livre blanc Element Logic.\" \/>\n<meta name=\"robots\" content=\"index, follow, max-snippet:-1, max-image-preview:large, max-video-preview:-1\" \/>\n<link rel=\"canonical\" href=\"https:\/\/www.elementlogic.net\/fr\/livres-blancs\/utilisation-data\/\" \/>\n<meta property=\"og:locale\" content=\"fr_FR\" \/>\n<meta property=\"og:type\" content=\"article\" \/>\n<meta property=\"og:title\" content=\"Utilisation de la donn\u00e9 : le prochaine \u00e9tape de l&#039;automatisation d&#039;entrep\u00f4t\" \/>\n<meta property=\"og:description\" content=\"D\u00e9couvrez comment utiliser les donn\u00e9es cach\u00e9es de votre entrep\u00f4t pour rester comp\u00e9titif gr\u00e2ce au livre blanc Element Logic.\" \/>\n<meta property=\"og:url\" content=\"https:\/\/www.elementlogic.net\/fr\/livres-blancs\/utilisation-data\/\" \/>\n<meta property=\"og:site_name\" content=\"Element Logic France\" \/>\n<meta property=\"article:modified_time\" content=\"2025-11-27T12:51:08+00:00\" \/>\n<meta property=\"og:image\" content=\"https:\/\/www.elementlogic.net\/content\/uploads\/sites\/18\/\/2024\/09\/EL_eLogiq_-2-1024x683-1.jpg\" \/>\n\t<meta property=\"og:image:width\" content=\"1024\" \/>\n\t<meta property=\"og:image:height\" content=\"683\" \/>\n\t<meta property=\"og:image:type\" content=\"image\/jpeg\" \/>\n<meta name=\"twitter:card\" content=\"summary_large_image\" \/>\n<meta name=\"twitter:label1\" content=\"Dur\u00e9e de lecture estim\u00e9e\" \/>\n\t<meta name=\"twitter:data1\" content=\"1 minute\" \/>\n<script type=\"application\/ld+json\" class=\"yoast-schema-graph\">{\"@context\":\"https:\/\/schema.org\",\"@graph\":[{\"@type\":\"WebPage\",\"@id\":\"https:\/\/www.elementlogic.net\/fr\/livres-blancs\/utilisation-data\/\",\"url\":\"https:\/\/www.elementlogic.net\/fr\/livres-blancs\/utilisation-data\/\",\"name\":\"La data : l\u2019\u00e9tape suivante de l\u2019automatisation d\u2019entrep\u00f4t\",\"isPartOf\":{\"@id\":\"https:\/\/www.elementlogic.net\/fr\/#website\"},\"primaryImageOfPage\":{\"@id\":\"https:\/\/www.elementlogic.net\/fr\/livres-blancs\/utilisation-data\/#primaryimage\"},\"image\":{\"@id\":\"https:\/\/www.elementlogic.net\/fr\/livres-blancs\/utilisation-data\/#primaryimage\"},\"thumbnailUrl\":\"https:\/\/www.elementlogic.net\/content\/uploads\/sites\/18\/\/2024\/09\/EL_eLogiq_-2-1024x683-1.jpg\",\"datePublished\":\"2023-01-06T21:46:00+00:00\",\"dateModified\":\"2025-11-27T12:51:08+00:00\",\"description\":\"D\u00e9couvrez comment utiliser les donn\u00e9es cach\u00e9es de votre entrep\u00f4t pour rester comp\u00e9titif gr\u00e2ce au livre blanc Element Logic.\",\"breadcrumb\":{\"@id\":\"https:\/\/www.elementlogic.net\/fr\/livres-blancs\/utilisation-data\/#breadcrumb\"},\"inLanguage\":\"fr-FR\",\"potentialAction\":[{\"@type\":\"ReadAction\",\"target\":[\"https:\/\/www.elementlogic.net\/fr\/livres-blancs\/utilisation-data\/\"]}]},{\"@type\":\"ImageObject\",\"inLanguage\":\"fr-FR\",\"@id\":\"https:\/\/www.elementlogic.net\/fr\/livres-blancs\/utilisation-data\/#primaryimage\",\"url\":\"https:\/\/www.elementlogic.net\/content\/uploads\/sites\/18\/\/2024\/09\/EL_eLogiq_-2-1024x683-1.jpg\",\"contentUrl\":\"https:\/\/www.elementlogic.net\/content\/uploads\/sites\/18\/\/2024\/09\/EL_eLogiq_-2-1024x683-1.jpg\",\"width\":1024,\"height\":683},{\"@type\":\"BreadcrumbList\",\"@id\":\"https:\/\/www.elementlogic.net\/fr\/livres-blancs\/utilisation-data\/#breadcrumb\",\"itemListElement\":[{\"@type\":\"ListItem\",\"position\":1,\"name\":\"Livres blancs\",\"item\":\"https:\/\/www.elementlogic.net\/fr\/livres-blancs\/\"},{\"@type\":\"ListItem\",\"position\":2,\"name\":\"Utilisation de la donn\u00e9 : le prochaine \u00e9tape de l&#8217;automatisation d&#8217;entrep\u00f4t\"}]},{\"@type\":\"WebSite\",\"@id\":\"https:\/\/www.elementlogic.net\/fr\/#website\",\"url\":\"https:\/\/www.elementlogic.net\/fr\/\",\"name\":\"Element Logic France\",\"description\":\"\",\"potentialAction\":[{\"@type\":\"SearchAction\",\"target\":{\"@type\":\"EntryPoint\",\"urlTemplate\":\"https:\/\/www.elementlogic.net\/fr\/?s={search_term_string}\"},\"query-input\":{\"@type\":\"PropertyValueSpecification\",\"valueRequired\":true,\"valueName\":\"search_term_string\"}}],\"inLanguage\":\"fr-FR\"}]}<\/script>\n<!-- \/ Yoast SEO Premium plugin. -->","yoast_head_json":{"title":"La data : l\u2019\u00e9tape suivante de l\u2019automatisation d\u2019entrep\u00f4t","description":"D\u00e9couvrez comment utiliser les donn\u00e9es cach\u00e9es de votre entrep\u00f4t pour rester comp\u00e9titif gr\u00e2ce au livre blanc Element Logic.","robots":{"index":"index","follow":"follow","max-snippet":"max-snippet:-1","max-image-preview":"max-image-preview:large","max-video-preview":"max-video-preview:-1"},"canonical":"https:\/\/www.elementlogic.net\/fr\/livres-blancs\/utilisation-data\/","og_locale":"fr_FR","og_type":"article","og_title":"Utilisation de la donn\u00e9 : le prochaine \u00e9tape de l'automatisation d'entrep\u00f4t","og_description":"D\u00e9couvrez comment utiliser les donn\u00e9es cach\u00e9es de votre entrep\u00f4t pour rester comp\u00e9titif gr\u00e2ce au livre blanc Element Logic.","og_url":"https:\/\/www.elementlogic.net\/fr\/livres-blancs\/utilisation-data\/","og_site_name":"Element Logic France","article_modified_time":"2025-11-27T12:51:08+00:00","og_image":[{"width":1024,"height":683,"url":"https:\/\/www.elementlogic.net\/content\/uploads\/sites\/18\/\/2024\/09\/EL_eLogiq_-2-1024x683-1.jpg","type":"image\/jpeg"}],"twitter_card":"summary_large_image","twitter_misc":{"Dur\u00e9e de lecture estim\u00e9e":"1 minute"},"schema":{"@context":"https:\/\/schema.org","@graph":[{"@type":"WebPage","@id":"https:\/\/www.elementlogic.net\/fr\/livres-blancs\/utilisation-data\/","url":"https:\/\/www.elementlogic.net\/fr\/livres-blancs\/utilisation-data\/","name":"La data : l\u2019\u00e9tape suivante de l\u2019automatisation d\u2019entrep\u00f4t","isPartOf":{"@id":"https:\/\/www.elementlogic.net\/fr\/#website"},"primaryImageOfPage":{"@id":"https:\/\/www.elementlogic.net\/fr\/livres-blancs\/utilisation-data\/#primaryimage"},"image":{"@id":"https:\/\/www.elementlogic.net\/fr\/livres-blancs\/utilisation-data\/#primaryimage"},"thumbnailUrl":"https:\/\/www.elementlogic.net\/content\/uploads\/sites\/18\/\/2024\/09\/EL_eLogiq_-2-1024x683-1.jpg","datePublished":"2023-01-06T21:46:00+00:00","dateModified":"2025-11-27T12:51:08+00:00","description":"D\u00e9couvrez comment utiliser les donn\u00e9es cach\u00e9es de votre entrep\u00f4t pour rester comp\u00e9titif gr\u00e2ce au livre blanc Element Logic.","breadcrumb":{"@id":"https:\/\/www.elementlogic.net\/fr\/livres-blancs\/utilisation-data\/#breadcrumb"},"inLanguage":"fr-FR","potentialAction":[{"@type":"ReadAction","target":["https:\/\/www.elementlogic.net\/fr\/livres-blancs\/utilisation-data\/"]}]},{"@type":"ImageObject","inLanguage":"fr-FR","@id":"https:\/\/www.elementlogic.net\/fr\/livres-blancs\/utilisation-data\/#primaryimage","url":"https:\/\/www.elementlogic.net\/content\/uploads\/sites\/18\/\/2024\/09\/EL_eLogiq_-2-1024x683-1.jpg","contentUrl":"https:\/\/www.elementlogic.net\/content\/uploads\/sites\/18\/\/2024\/09\/EL_eLogiq_-2-1024x683-1.jpg","width":1024,"height":683},{"@type":"BreadcrumbList","@id":"https:\/\/www.elementlogic.net\/fr\/livres-blancs\/utilisation-data\/#breadcrumb","itemListElement":[{"@type":"ListItem","position":1,"name":"Livres blancs","item":"https:\/\/www.elementlogic.net\/fr\/livres-blancs\/"},{"@type":"ListItem","position":2,"name":"Utilisation de la donn\u00e9 : le prochaine \u00e9tape de l&#8217;automatisation d&#8217;entrep\u00f4t"}]},{"@type":"WebSite","@id":"https:\/\/www.elementlogic.net\/fr\/#website","url":"https:\/\/www.elementlogic.net\/fr\/","name":"Element Logic France","description":"","potentialAction":[{"@type":"SearchAction","target":{"@type":"EntryPoint","urlTemplate":"https:\/\/www.elementlogic.net\/fr\/?s={search_term_string}"},"query-input":{"@type":"PropertyValueSpecification","valueRequired":true,"valueName":"search_term_string"}}],"inLanguage":"fr-FR"}]}},"_links":{"self":[{"href":"https:\/\/www.elementlogic.net\/fr\/wp-json\/wp\/v2\/pages\/148"}],"collection":[{"href":"https:\/\/www.elementlogic.net\/fr\/wp-json\/wp\/v2\/pages"}],"about":[{"href":"https:\/\/www.elementlogic.net\/fr\/wp-json\/wp\/v2\/types\/page"}],"author":[{"embeddable":true,"href":"https:\/\/www.elementlogic.net\/fr\/wp-json\/wp\/v2\/users\/27"}],"replies":[{"embeddable":true,"href":"https:\/\/www.elementlogic.net\/fr\/wp-json\/wp\/v2\/comments?post=148"}],"version-history":[{"count":5,"href":"https:\/\/www.elementlogic.net\/fr\/wp-json\/wp\/v2\/pages\/148\/revisions"}],"predecessor-version":[{"id":2439,"href":"https:\/\/www.elementlogic.net\/fr\/wp-json\/wp\/v2\/pages\/148\/revisions\/2439"}],"up":[{"embeddable":true,"href":"https:\/\/www.elementlogic.net\/fr\/wp-json\/wp\/v2\/pages\/155"}],"wp:featuredmedia":[{"embeddable":true,"href":"https:\/\/www.elementlogic.net\/fr\/wp-json\/wp\/v2\/media\/264"}],"wp:attachment":[{"href":"https:\/\/www.elementlogic.net\/fr\/wp-json\/wp\/v2\/media?parent=148"}],"curies":[{"name":"wp","href":"https:\/\/api.w.org\/{rel}","templated":true}]}}