{"id":150,"date":"2023-05-31T21:40:00","date_gmt":"2023-05-31T21:40:00","guid":{"rendered":"https:\/\/www.elementlogic.net\/?page_id=2164"},"modified":"2025-11-27T12:51:37","modified_gmt":"2025-11-27T12:51:37","slug":"intelligence-artificielle","status":"publish","type":"page","link":"https:\/\/www.elementlogic.net\/fr\/livres-blancs\/intelligence-artificielle\/","title":{"rendered":"Lib\u00e9rez le plein potentiel de votre entrep\u00f4t gr\u00e2ce \u00e0 l&rsquo;IA"},"content":{"rendered":"\n\t\t<div style=\"--dekode-hero-dim:0.5; --t2-icon-fill:var(--wp--preset--color--white);\" class=\"alignfull dekode-hero-content-position-center has-media-background wp-block-dekode-hero\">\n\t\t\t<img loading=\"lazy\" decoding=\"async\" width=\"600\" height=\"400\" src=\"https:\/\/www.elementlogic.net\/content\/uploads\/sites\/18\/\/2024\/09\/image-11.png\" class=\"dekode-hero__image\" alt=\"\" style=\"--focalpoint: 54% 27%;\" srcset=\"https:\/\/www.elementlogic.net\/content\/uploads\/sites\/18\/2024\/09\/image-11.png 600w, https:\/\/www.elementlogic.net\/content\/uploads\/sites\/18\/2024\/09\/image-11-300x200.png 300w\" sizes=\"(max-width: 600px) 100vw, 600px\" \/>\n\t\t\t<div class=\"dekode-hero__content\">\n\t\t\t\t<div class=\"dekode-hero__container\">\n\t\t\t\t\t\n\n<h1 class=\"wp-block-heading\" id=\"exploitez-le-plein-potentiel-de-votre-entrepot-grace-a-l-ia\">Exploitez le plein potentiel de votre entrep\u00f4t gr\u00e2ce \u00e0 l\u2019IA<\/h1>\n\n\n\n<p>Dans ce livre blanc, nous vous partageons des insights et des conseils pour r\u00e9ussir l\u2019automatisation de vos process et faciliter la collaboration humain-robot, afin d\u2019augmenter votre productivit\u00e9 et d\u2019acc\u00e9l\u00e9rer votre croissance.<\/p>\n\n\n\t\t\t\t<\/div>\n\t\t\t<\/div>\n\t\t<\/div>\n\t\t\n\n\n<p>Avec la pand\u00e9mie, la crise financi\u00e8re et le changement climatique qui impactent la <em>supply chain<\/em>, les solutions d\u2019entrep\u00f4t modulables et \u00e9volutives n\u2019ont jamais \u00e9t\u00e9 aussi pl\u00e9biscit\u00e9es.<\/p>\n\n\n\n<p>T\u00e9l\u00e9chargez notre livre blanc pour comprendre comment l\u2019automatisation, la robotique et l\u2019intelligence artificielle peuvent vous permettre d\u2019exploiter le plein potentiel de votre entrep\u00f4t, tout en am\u00e9liorant sa productivit\u00e9. Vous verrez comment la collaboration entre des robots et des humains peut am\u00e9liorer l\u2019exp\u00e9rience client, renforcer la fid\u00e9lit\u00e9 et booster le bouche-\u00e0-oreille.<\/p>\n\n\n\n<p>Dans ce livre blanc, vous trouverez aussi des retours d\u2019exp\u00e9rience et l\u2019avis de plusieurs experts du secteur.<\/p>\n\n\n\n<h3 class=\"wp-block-heading\" id=\"grace-a-ce-livre-blanc-vous-decouvrirez\"><strong><strong>Gr\u00e2ce \u00e0 ce livre blanc, vous d\u00e9couvrire<\/strong><\/strong>z : <\/h3>\n\n\n\n<ul class=\"wp-block-list\">\n<li>Pourquoi les robots ne remplaceront jamais les humains ;<\/li>\n\n\n\n<li>Comment un entrep\u00f4t automatis\u00e9 peut r\u00e9duire le <em>turn-over<\/em> ;<\/li>\n\n\n\n<li>Pourquoi Kjetil, magasinier pour Bildeler.no, appr\u00e9cie travailler dans un entrep\u00f4t automatis\u00e9 ;<\/li>\n\n\n\n<li>Comment fonctionne r\u00e9ellement un entrep\u00f4t automatis\u00e9 ;<\/li>\n\n\n\n<li>L\u2019\u00e9cosyst\u00e8me logiciel qui va permettre \u00e0 votre entrep\u00f4t d\u2019atteindre son plein potentiel&nbsp;;<\/li>\n\n\n\n<li>Ce que l\u2019automatisation d\u2019entrep\u00f4t nous r\u00e9serve pour l\u2019avenir ;<\/li>\n\n\n\n<li>Des exemples d\u2019int\u00e9gration de la robotique r\u00e9ussie dans d\u2019autres secteurs.<\/li>\n<\/ul>\n\n\n\n<p><em>Ce livre blanc est gratuit et \u00e9galement disponible en anglais.<\/em><\/p>\n\n\n\n\t\t<div class=\"wp-block-dekode-dynamics-form\">\n\t\t\t<div class=\"embedded-form\">\n\t\t\t\t<div\n\t\t\t\t\tdata-form-id=\"646a4e66-712a-f011-8c4e-6045bdf51dec\"\n\t\t\t\t\tdata-form-api-url=\"https:\/\/public-eur.mkt.dynamics.com\/api\/v1.0\/orgs\/0d653081-4a98-4454-9ade-26f2fbe674ee\/landingpageforms\"\n\t\t\t\t\tdata-cached-form-url=\"https:\/\/assets-eur.mkt.dynamics.com\/0d653081-4a98-4454-9ade-26f2fbe674ee\/digitalassets\/forms\/646a4e66-712a-f011-8c4e-6045bdf51dec\"\n\t\t\t\t><\/div>\n\t\t\t<\/div>\n\t\t<\/div>","protected":false},"excerpt":{"rendered":"<p>Avec la pand\u00e9mie, la crise financi\u00e8re et le changement climatique qui impactent la supply chain, les solutions d\u2019entrep\u00f4t modulables et [&hellip;]<\/p>\n","protected":false},"author":27,"featured_media":1621,"parent":155,"menu_order":0,"comment_status":"closed","ping_status":"closed","template":"","meta":{"hreflang_relation":2164,"_el_cross_publish_source_blog_url":"","_el_cross_publish_source_blog_id":0,"_el_cross_publish_source_post_id":0,"_el_cross_publish_sync_state":"","exclude_from_search":false,"footnotes":""},"class_list":["post-150","page","type-page","status-publish","has-post-thumbnail","hentry"],"yoast_head":"<!-- This site is optimized with the Yoast SEO Premium plugin v23.9 (Yoast SEO v23.9) - https:\/\/yoast.com\/wordpress\/plugins\/seo\/ -->\n<title>Exploitez le plein potentiel de votre entrep\u00f4t gr\u00e2ce \u00e0 l\u2019IA<\/title>\n<meta name=\"description\" content=\"Dans ce livre blanc Element Logic, nous explorons le plein potentiel de l&#039;intelligence artificielle pour d\u00e9velopper votre entrep\u00f4t automatis\u00e9.\" \/>\n<meta name=\"robots\" content=\"index, follow, max-snippet:-1, max-image-preview:large, max-video-preview:-1\" \/>\n<link rel=\"canonical\" href=\"https:\/\/www.elementlogic.net\/fr\/livres-blancs\/intelligence-artificielle\/\" \/>\n<meta property=\"og:locale\" content=\"fr_FR\" \/>\n<meta property=\"og:type\" content=\"article\" \/>\n<meta property=\"og:title\" content=\"Lib\u00e9rez le plein potentiel de votre entrep\u00f4t gr\u00e2ce \u00e0 l&#039;IA\" \/>\n<meta property=\"og:description\" content=\"Dans ce livre blanc Element Logic, nous explorons le plein potentiel de l&#039;intelligence artificielle pour d\u00e9velopper votre entrep\u00f4t automatis\u00e9.\" \/>\n<meta property=\"og:url\" content=\"https:\/\/www.elementlogic.net\/fr\/livres-blancs\/intelligence-artificielle\/\" \/>\n<meta property=\"og:site_name\" content=\"Element Logic France\" \/>\n<meta property=\"article:modified_time\" content=\"2025-11-27T12:51:37+00:00\" \/>\n<meta property=\"og:image\" content=\"https:\/\/www.elementlogic.net\/content\/uploads\/sites\/18\/2024\/10\/Element-Logic-Humans-et-robots.jpg\" \/>\n\t<meta property=\"og:image:width\" content=\"650\" \/>\n\t<meta property=\"og:image:height\" content=\"919\" \/>\n\t<meta property=\"og:image:type\" content=\"image\/jpeg\" \/>\n<meta name=\"twitter:card\" content=\"summary_large_image\" \/>\n<meta name=\"twitter:label1\" content=\"Dur\u00e9e de lecture estim\u00e9e\" \/>\n\t<meta name=\"twitter:data1\" content=\"2 minutes\" \/>\n<script type=\"application\/ld+json\" class=\"yoast-schema-graph\">{\"@context\":\"https:\/\/schema.org\",\"@graph\":[{\"@type\":\"WebPage\",\"@id\":\"https:\/\/www.elementlogic.net\/fr\/livres-blancs\/intelligence-artificielle\/\",\"url\":\"https:\/\/www.elementlogic.net\/fr\/livres-blancs\/intelligence-artificielle\/\",\"name\":\"Exploitez le plein potentiel de votre entrep\u00f4t gr\u00e2ce \u00e0 l\u2019IA\",\"isPartOf\":{\"@id\":\"https:\/\/www.elementlogic.net\/fr\/#website\"},\"primaryImageOfPage\":{\"@id\":\"https:\/\/www.elementlogic.net\/fr\/livres-blancs\/intelligence-artificielle\/#primaryimage\"},\"image\":{\"@id\":\"https:\/\/www.elementlogic.net\/fr\/livres-blancs\/intelligence-artificielle\/#primaryimage\"},\"thumbnailUrl\":\"https:\/\/www.elementlogic.net\/content\/uploads\/sites\/18\/2024\/10\/Element-Logic-Humans-et-robots.jpg\",\"datePublished\":\"2023-05-31T21:40:00+00:00\",\"dateModified\":\"2025-11-27T12:51:37+00:00\",\"description\":\"Dans ce livre blanc Element Logic, nous explorons le plein potentiel de l'intelligence artificielle pour d\u00e9velopper votre entrep\u00f4t automatis\u00e9.\",\"breadcrumb\":{\"@id\":\"https:\/\/www.elementlogic.net\/fr\/livres-blancs\/intelligence-artificielle\/#breadcrumb\"},\"inLanguage\":\"fr-FR\",\"potentialAction\":[{\"@type\":\"ReadAction\",\"target\":[\"https:\/\/www.elementlogic.net\/fr\/livres-blancs\/intelligence-artificielle\/\"]}]},{\"@type\":\"ImageObject\",\"inLanguage\":\"fr-FR\",\"@id\":\"https:\/\/www.elementlogic.net\/fr\/livres-blancs\/intelligence-artificielle\/#primaryimage\",\"url\":\"https:\/\/www.elementlogic.net\/content\/uploads\/sites\/18\/2024\/10\/Element-Logic-Humans-et-robots.jpg\",\"contentUrl\":\"https:\/\/www.elementlogic.net\/content\/uploads\/sites\/18\/2024\/10\/Element-Logic-Humans-et-robots.jpg\",\"width\":650,\"height\":919},{\"@type\":\"BreadcrumbList\",\"@id\":\"https:\/\/www.elementlogic.net\/fr\/livres-blancs\/intelligence-artificielle\/#breadcrumb\",\"itemListElement\":[{\"@type\":\"ListItem\",\"position\":1,\"name\":\"Livres blancs\",\"item\":\"https:\/\/www.elementlogic.net\/fr\/livres-blancs\/\"},{\"@type\":\"ListItem\",\"position\":2,\"name\":\"Lib\u00e9rez le plein potentiel de votre entrep\u00f4t gr\u00e2ce \u00e0 l&#8217;IA\"}]},{\"@type\":\"WebSite\",\"@id\":\"https:\/\/www.elementlogic.net\/fr\/#website\",\"url\":\"https:\/\/www.elementlogic.net\/fr\/\",\"name\":\"Element Logic France\",\"description\":\"\",\"potentialAction\":[{\"@type\":\"SearchAction\",\"target\":{\"@type\":\"EntryPoint\",\"urlTemplate\":\"https:\/\/www.elementlogic.net\/fr\/?s={search_term_string}\"},\"query-input\":{\"@type\":\"PropertyValueSpecification\",\"valueRequired\":true,\"valueName\":\"search_term_string\"}}],\"inLanguage\":\"fr-FR\"}]}<\/script>\n<!-- \/ Yoast SEO Premium plugin. -->","yoast_head_json":{"title":"Exploitez le plein potentiel de votre entrep\u00f4t gr\u00e2ce \u00e0 l\u2019IA","description":"Dans ce livre blanc Element Logic, nous explorons le plein potentiel de l'intelligence artificielle pour d\u00e9velopper votre entrep\u00f4t automatis\u00e9.","robots":{"index":"index","follow":"follow","max-snippet":"max-snippet:-1","max-image-preview":"max-image-preview:large","max-video-preview":"max-video-preview:-1"},"canonical":"https:\/\/www.elementlogic.net\/fr\/livres-blancs\/intelligence-artificielle\/","og_locale":"fr_FR","og_type":"article","og_title":"Lib\u00e9rez le plein potentiel de votre entrep\u00f4t gr\u00e2ce \u00e0 l'IA","og_description":"Dans ce livre blanc Element Logic, nous explorons le plein potentiel de l'intelligence artificielle pour d\u00e9velopper votre entrep\u00f4t automatis\u00e9.","og_url":"https:\/\/www.elementlogic.net\/fr\/livres-blancs\/intelligence-artificielle\/","og_site_name":"Element Logic France","article_modified_time":"2025-11-27T12:51:37+00:00","og_image":[{"width":650,"height":919,"url":"https:\/\/www.elementlogic.net\/content\/uploads\/sites\/18\/2024\/10\/Element-Logic-Humans-et-robots.jpg","type":"image\/jpeg"}],"twitter_card":"summary_large_image","twitter_misc":{"Dur\u00e9e de lecture estim\u00e9e":"2 minutes"},"schema":{"@context":"https:\/\/schema.org","@graph":[{"@type":"WebPage","@id":"https:\/\/www.elementlogic.net\/fr\/livres-blancs\/intelligence-artificielle\/","url":"https:\/\/www.elementlogic.net\/fr\/livres-blancs\/intelligence-artificielle\/","name":"Exploitez le plein potentiel de votre entrep\u00f4t gr\u00e2ce \u00e0 l\u2019IA","isPartOf":{"@id":"https:\/\/www.elementlogic.net\/fr\/#website"},"primaryImageOfPage":{"@id":"https:\/\/www.elementlogic.net\/fr\/livres-blancs\/intelligence-artificielle\/#primaryimage"},"image":{"@id":"https:\/\/www.elementlogic.net\/fr\/livres-blancs\/intelligence-artificielle\/#primaryimage"},"thumbnailUrl":"https:\/\/www.elementlogic.net\/content\/uploads\/sites\/18\/2024\/10\/Element-Logic-Humans-et-robots.jpg","datePublished":"2023-05-31T21:40:00+00:00","dateModified":"2025-11-27T12:51:37+00:00","description":"Dans ce livre blanc Element Logic, nous explorons le plein potentiel de l'intelligence artificielle pour d\u00e9velopper votre entrep\u00f4t automatis\u00e9.","breadcrumb":{"@id":"https:\/\/www.elementlogic.net\/fr\/livres-blancs\/intelligence-artificielle\/#breadcrumb"},"inLanguage":"fr-FR","potentialAction":[{"@type":"ReadAction","target":["https:\/\/www.elementlogic.net\/fr\/livres-blancs\/intelligence-artificielle\/"]}]},{"@type":"ImageObject","inLanguage":"fr-FR","@id":"https:\/\/www.elementlogic.net\/fr\/livres-blancs\/intelligence-artificielle\/#primaryimage","url":"https:\/\/www.elementlogic.net\/content\/uploads\/sites\/18\/2024\/10\/Element-Logic-Humans-et-robots.jpg","contentUrl":"https:\/\/www.elementlogic.net\/content\/uploads\/sites\/18\/2024\/10\/Element-Logic-Humans-et-robots.jpg","width":650,"height":919},{"@type":"BreadcrumbList","@id":"https:\/\/www.elementlogic.net\/fr\/livres-blancs\/intelligence-artificielle\/#breadcrumb","itemListElement":[{"@type":"ListItem","position":1,"name":"Livres blancs","item":"https:\/\/www.elementlogic.net\/fr\/livres-blancs\/"},{"@type":"ListItem","position":2,"name":"Lib\u00e9rez le plein potentiel de votre entrep\u00f4t gr\u00e2ce \u00e0 l&#8217;IA"}]},{"@type":"WebSite","@id":"https:\/\/www.elementlogic.net\/fr\/#website","url":"https:\/\/www.elementlogic.net\/fr\/","name":"Element Logic France","description":"","potentialAction":[{"@type":"SearchAction","target":{"@type":"EntryPoint","urlTemplate":"https:\/\/www.elementlogic.net\/fr\/?s={search_term_string}"},"query-input":{"@type":"PropertyValueSpecification","valueRequired":true,"valueName":"search_term_string"}}],"inLanguage":"fr-FR"}]}},"_links":{"self":[{"href":"https:\/\/www.elementlogic.net\/fr\/wp-json\/wp\/v2\/pages\/150"}],"collection":[{"href":"https:\/\/www.elementlogic.net\/fr\/wp-json\/wp\/v2\/pages"}],"about":[{"href":"https:\/\/www.elementlogic.net\/fr\/wp-json\/wp\/v2\/types\/page"}],"author":[{"embeddable":true,"href":"https:\/\/www.elementlogic.net\/fr\/wp-json\/wp\/v2\/users\/27"}],"replies":[{"embeddable":true,"href":"https:\/\/www.elementlogic.net\/fr\/wp-json\/wp\/v2\/comments?post=150"}],"version-history":[{"count":5,"href":"https:\/\/www.elementlogic.net\/fr\/wp-json\/wp\/v2\/pages\/150\/revisions"}],"predecessor-version":[{"id":2440,"href":"https:\/\/www.elementlogic.net\/fr\/wp-json\/wp\/v2\/pages\/150\/revisions\/2440"}],"up":[{"embeddable":true,"href":"https:\/\/www.elementlogic.net\/fr\/wp-json\/wp\/v2\/pages\/155"}],"wp:featuredmedia":[{"embeddable":true,"href":"https:\/\/www.elementlogic.net\/fr\/wp-json\/wp\/v2\/media\/1621"}],"wp:attachment":[{"href":"https:\/\/www.elementlogic.net\/fr\/wp-json\/wp\/v2\/media?parent=150"}],"curies":[{"name":"wp","href":"https:\/\/api.w.org\/{rel}","templated":true}]}}