{"id":153,"date":"2024-09-09T21:29:59","date_gmt":"2024-09-09T19:29:59","guid":{"rendered":"https:\/\/www.elementlogic.net\/?page_id=2150"},"modified":"2025-11-27T12:52:04","modified_gmt":"2025-11-27T12:52:04","slug":"intralogistique-developpement-durable","status":"publish","type":"page","link":"https:\/\/www.elementlogic.net\/fr\/livres-blancs\/intralogistique-developpement-durable\/","title":{"rendered":"D\u00e9veloppement durable, intralogistique et automatisation"},"content":{"rendered":"\n\t\t<div style=\"--dekode-hero-dim:0.5; --t2-icon-fill:var(--wp--preset--color--white);\" class=\"alignfull dekode-hero-content-position-center has-media-background wp-block-dekode-hero\">\n\t\t\t<img loading=\"lazy\" decoding=\"async\" width=\"600\" height=\"520\" src=\"https:\/\/www.elementlogic.net\/content\/uploads\/sites\/18\/\/2024\/09\/image-10.png\" class=\"dekode-hero__image\" alt=\"\" style=\"--focalpoint: 54% 28%;\" srcset=\"https:\/\/www.elementlogic.net\/content\/uploads\/sites\/18\/2024\/09\/image-10.png 600w, https:\/\/www.elementlogic.net\/content\/uploads\/sites\/18\/2024\/09\/image-10-300x260.png 300w\" sizes=\"(max-width: 600px) 100vw, 600px\" \/>\n\t\t\t<div class=\"dekode-hero__content\">\n\t\t\t\t<div class=\"dekode-hero__container\">\n\t\t\t\t\t\n\n<h1 class=\"wp-block-heading\" id=\"intralogistique-automatisation-et-developpement-durable\">Intralogistique, automatisation et d\u00e9veloppement durable<\/h1>\n\n\n\n<p>Les 3 sont-ils compatibles ? Nous avons demand\u00e9 \u00e0 notre expert en d\u00e9veloppement durable. T\u00e9l\u00e9chargez notre livre blanc pour en savoir plus.<\/p>\n\n\n\t\t\t\t<\/div>\n\t\t\t<\/div>\n\t\t<\/div>\n\t\t\n\n\n<p>\u00ab <em>De nos jours, les clients veulent avoir l\u2019esprit tranquille en sachant que les entreprises avec lesquelles ils travaillent sont soucieuses de l\u2019environnement<\/em> \u00bb, explique Kevin Kempe, Vice-Pr\u00e9sident sustainability et RSE chez Element Logic.<\/p>\n\n\n\n<p>Mais pouvez-vous g\u00e9rer un entrep\u00f4t efficacement tout en atteignant les objectifs de durabilit\u00e9 que vos investisseurs attendent de vous ?<\/p>\n\n\n\n<h3 class=\"wp-block-heading\" id=\"en-lisant-ce-livre-blanc-vous-decouvrirez\"><strong>En lisant ce livre blanc, vous d\u00e9couvrirez :<\/strong><\/h3>\n\n\n\n<ul class=\"wp-block-list\">\n<li>Comment l\u2019automatisation \u00e9volue vers une industrie plus durable,<\/li>\n\n\n\n<li>Les points cl\u00e9s \u00e0 avoir en t\u00eate lorsque vous investissez dans une technologie d\u2019entrep\u00f4t plus durable,<\/li>\n\n\n\n<li>Comment am\u00e9liorer l\u2019utilisation des ressources, la productivit\u00e9 de votre entrep\u00f4t et limiter son impact sur l\u2019environnement,<\/li>\n\n\n\n<li>Comment l\u2019automatisation des entrep\u00f4ts est un atout au service de la RSE,<\/li>\n\n\n\n<li>Comment \u00eatre transparent et \u00e9viter le greenwashing,<\/li>\n\n\n\n<li>Les directives importantes de l\u2019UE et comment s\u2019y conformer,<\/li>\n\n\n\n<li>Comment r\u00e9duire davantage votre empreinte carbone gr\u00e2ce aux \u00e9nergies renouvelables,<\/li>\n\n\n\n<li>Une \u00e9tude de cas d\u2019un client qui a fait mis en place une strat\u00e9gie ing\u00e9nieuse pour r\u00e9duire son empreinte carbone.<\/li>\n<\/ul>\n\n\n\n<p><em>Ce livre blanc est gratuit et aussi disponible en anglais.<\/em><\/p>\n\n\n\n\t\t<div class=\"wp-block-dekode-dynamics-form\">\n\t\t\t<div class=\"embedded-form\">\n\t\t\t\t<div\n\t\t\t\t\tdata-form-id=\"646a4e66-712a-f011-8c4e-6045bdf51dec\"\n\t\t\t\t\tdata-form-api-url=\"https:\/\/public-eur.mkt.dynamics.com\/api\/v1.0\/orgs\/0d653081-4a98-4454-9ade-26f2fbe674ee\/landingpageforms\"\n\t\t\t\t\tdata-cached-form-url=\"https:\/\/assets-eur.mkt.dynamics.com\/0d653081-4a98-4454-9ade-26f2fbe674ee\/digitalassets\/forms\/646a4e66-712a-f011-8c4e-6045bdf51dec\"\n\t\t\t\t><\/div>\n\t\t\t<\/div>\n\t\t<\/div>","protected":false},"excerpt":{"rendered":"<p>\u00ab De nos jours, les clients veulent avoir l\u2019esprit tranquille en sachant que les entreprises avec lesquelles ils travaillent sont [&hellip;]<\/p>\n","protected":false},"author":27,"featured_media":154,"parent":155,"menu_order":0,"comment_status":"closed","ping_status":"closed","template":"","meta":{"hreflang_relation":2150,"_el_cross_publish_source_blog_url":"","_el_cross_publish_source_blog_id":0,"_el_cross_publish_source_post_id":0,"_el_cross_publish_sync_state":"","exclude_from_search":false,"footnotes":""},"class_list":["post-153","page","type-page","status-publish","has-post-thumbnail","hentry"],"yoast_head":"<!-- This site is optimized with the Yoast SEO Premium plugin v23.9 (Yoast SEO v23.9) - https:\/\/yoast.com\/wordpress\/plugins\/seo\/ -->\n<title>Livre blanc intralogistique et d\u00e9veloppement durable<\/title>\n<meta name=\"description\" content=\"Une intralogistique productive peut-elle aussi \u00eatre durable ? Nous explorons ce sujet dans notre dernier livre blanc.\" \/>\n<meta name=\"robots\" content=\"index, follow, max-snippet:-1, max-image-preview:large, max-video-preview:-1\" \/>\n<link rel=\"canonical\" href=\"https:\/\/www.elementlogic.net\/fr\/livres-blancs\/intralogistique-developpement-durable\/\" \/>\n<meta property=\"og:locale\" content=\"fr_FR\" \/>\n<meta property=\"og:type\" content=\"article\" \/>\n<meta property=\"og:title\" content=\"D\u00e9veloppement durable, intralogistique et automatisation\" \/>\n<meta property=\"og:description\" content=\"Une intralogistique productive peut-elle aussi \u00eatre durable ? Nous explorons ce sujet dans notre dernier livre blanc.\" \/>\n<meta property=\"og:url\" content=\"https:\/\/www.elementlogic.net\/fr\/livres-blancs\/intralogistique-developpement-durable\/\" \/>\n<meta property=\"og:site_name\" content=\"Element Logic France\" \/>\n<meta property=\"article:modified_time\" content=\"2025-11-27T12:52:04+00:00\" \/>\n<meta property=\"og:image\" content=\"https:\/\/www.elementlogic.net\/content\/uploads\/sites\/18\/\/2024\/09\/image-10.png\" \/>\n\t<meta property=\"og:image:width\" content=\"600\" \/>\n\t<meta property=\"og:image:height\" content=\"520\" \/>\n\t<meta property=\"og:image:type\" content=\"image\/png\" \/>\n<meta name=\"twitter:card\" content=\"summary_large_image\" \/>\n<meta name=\"twitter:label1\" content=\"Dur\u00e9e de lecture estim\u00e9e\" \/>\n\t<meta name=\"twitter:data1\" content=\"1 minute\" \/>\n<script type=\"application\/ld+json\" class=\"yoast-schema-graph\">{\"@context\":\"https:\/\/schema.org\",\"@graph\":[{\"@type\":\"WebPage\",\"@id\":\"https:\/\/www.elementlogic.net\/fr\/livres-blancs\/intralogistique-developpement-durable\/\",\"url\":\"https:\/\/www.elementlogic.net\/fr\/livres-blancs\/intralogistique-developpement-durable\/\",\"name\":\"Livre blanc intralogistique et d\u00e9veloppement durable\",\"isPartOf\":{\"@id\":\"https:\/\/www.elementlogic.net\/fr\/#website\"},\"primaryImageOfPage\":{\"@id\":\"https:\/\/www.elementlogic.net\/fr\/livres-blancs\/intralogistique-developpement-durable\/#primaryimage\"},\"image\":{\"@id\":\"https:\/\/www.elementlogic.net\/fr\/livres-blancs\/intralogistique-developpement-durable\/#primaryimage\"},\"thumbnailUrl\":\"https:\/\/www.elementlogic.net\/content\/uploads\/sites\/18\/\/2024\/09\/image-10.png\",\"datePublished\":\"2024-09-09T19:29:59+00:00\",\"dateModified\":\"2025-11-27T12:52:04+00:00\",\"description\":\"Une intralogistique productive peut-elle aussi \u00eatre durable ? Nous explorons ce sujet dans notre dernier livre blanc.\",\"breadcrumb\":{\"@id\":\"https:\/\/www.elementlogic.net\/fr\/livres-blancs\/intralogistique-developpement-durable\/#breadcrumb\"},\"inLanguage\":\"fr-FR\",\"potentialAction\":[{\"@type\":\"ReadAction\",\"target\":[\"https:\/\/www.elementlogic.net\/fr\/livres-blancs\/intralogistique-developpement-durable\/\"]}]},{\"@type\":\"ImageObject\",\"inLanguage\":\"fr-FR\",\"@id\":\"https:\/\/www.elementlogic.net\/fr\/livres-blancs\/intralogistique-developpement-durable\/#primaryimage\",\"url\":\"https:\/\/www.elementlogic.net\/content\/uploads\/sites\/18\/\/2024\/09\/image-10.png\",\"contentUrl\":\"https:\/\/www.elementlogic.net\/content\/uploads\/sites\/18\/\/2024\/09\/image-10.png\",\"width\":600,\"height\":520},{\"@type\":\"BreadcrumbList\",\"@id\":\"https:\/\/www.elementlogic.net\/fr\/livres-blancs\/intralogistique-developpement-durable\/#breadcrumb\",\"itemListElement\":[{\"@type\":\"ListItem\",\"position\":1,\"name\":\"Livres blancs\",\"item\":\"https:\/\/www.elementlogic.net\/fr\/livres-blancs\/\"},{\"@type\":\"ListItem\",\"position\":2,\"name\":\"D\u00e9veloppement durable, intralogistique et automatisation\"}]},{\"@type\":\"WebSite\",\"@id\":\"https:\/\/www.elementlogic.net\/fr\/#website\",\"url\":\"https:\/\/www.elementlogic.net\/fr\/\",\"name\":\"Element Logic France\",\"description\":\"\",\"potentialAction\":[{\"@type\":\"SearchAction\",\"target\":{\"@type\":\"EntryPoint\",\"urlTemplate\":\"https:\/\/www.elementlogic.net\/fr\/?s={search_term_string}\"},\"query-input\":{\"@type\":\"PropertyValueSpecification\",\"valueRequired\":true,\"valueName\":\"search_term_string\"}}],\"inLanguage\":\"fr-FR\"}]}<\/script>\n<!-- \/ Yoast SEO Premium plugin. -->","yoast_head_json":{"title":"Livre blanc intralogistique et d\u00e9veloppement durable","description":"Une intralogistique productive peut-elle aussi \u00eatre durable ? Nous explorons ce sujet dans notre dernier livre blanc.","robots":{"index":"index","follow":"follow","max-snippet":"max-snippet:-1","max-image-preview":"max-image-preview:large","max-video-preview":"max-video-preview:-1"},"canonical":"https:\/\/www.elementlogic.net\/fr\/livres-blancs\/intralogistique-developpement-durable\/","og_locale":"fr_FR","og_type":"article","og_title":"D\u00e9veloppement durable, intralogistique et automatisation","og_description":"Une intralogistique productive peut-elle aussi \u00eatre durable ? Nous explorons ce sujet dans notre dernier livre blanc.","og_url":"https:\/\/www.elementlogic.net\/fr\/livres-blancs\/intralogistique-developpement-durable\/","og_site_name":"Element Logic France","article_modified_time":"2025-11-27T12:52:04+00:00","og_image":[{"width":600,"height":520,"url":"https:\/\/www.elementlogic.net\/content\/uploads\/sites\/18\/\/2024\/09\/image-10.png","type":"image\/png"}],"twitter_card":"summary_large_image","twitter_misc":{"Dur\u00e9e de lecture estim\u00e9e":"1 minute"},"schema":{"@context":"https:\/\/schema.org","@graph":[{"@type":"WebPage","@id":"https:\/\/www.elementlogic.net\/fr\/livres-blancs\/intralogistique-developpement-durable\/","url":"https:\/\/www.elementlogic.net\/fr\/livres-blancs\/intralogistique-developpement-durable\/","name":"Livre blanc intralogistique et d\u00e9veloppement durable","isPartOf":{"@id":"https:\/\/www.elementlogic.net\/fr\/#website"},"primaryImageOfPage":{"@id":"https:\/\/www.elementlogic.net\/fr\/livres-blancs\/intralogistique-developpement-durable\/#primaryimage"},"image":{"@id":"https:\/\/www.elementlogic.net\/fr\/livres-blancs\/intralogistique-developpement-durable\/#primaryimage"},"thumbnailUrl":"https:\/\/www.elementlogic.net\/content\/uploads\/sites\/18\/\/2024\/09\/image-10.png","datePublished":"2024-09-09T19:29:59+00:00","dateModified":"2025-11-27T12:52:04+00:00","description":"Une intralogistique productive peut-elle aussi \u00eatre durable ? Nous explorons ce sujet dans notre dernier livre blanc.","breadcrumb":{"@id":"https:\/\/www.elementlogic.net\/fr\/livres-blancs\/intralogistique-developpement-durable\/#breadcrumb"},"inLanguage":"fr-FR","potentialAction":[{"@type":"ReadAction","target":["https:\/\/www.elementlogic.net\/fr\/livres-blancs\/intralogistique-developpement-durable\/"]}]},{"@type":"ImageObject","inLanguage":"fr-FR","@id":"https:\/\/www.elementlogic.net\/fr\/livres-blancs\/intralogistique-developpement-durable\/#primaryimage","url":"https:\/\/www.elementlogic.net\/content\/uploads\/sites\/18\/\/2024\/09\/image-10.png","contentUrl":"https:\/\/www.elementlogic.net\/content\/uploads\/sites\/18\/\/2024\/09\/image-10.png","width":600,"height":520},{"@type":"BreadcrumbList","@id":"https:\/\/www.elementlogic.net\/fr\/livres-blancs\/intralogistique-developpement-durable\/#breadcrumb","itemListElement":[{"@type":"ListItem","position":1,"name":"Livres blancs","item":"https:\/\/www.elementlogic.net\/fr\/livres-blancs\/"},{"@type":"ListItem","position":2,"name":"D\u00e9veloppement durable, intralogistique et automatisation"}]},{"@type":"WebSite","@id":"https:\/\/www.elementlogic.net\/fr\/#website","url":"https:\/\/www.elementlogic.net\/fr\/","name":"Element Logic France","description":"","potentialAction":[{"@type":"SearchAction","target":{"@type":"EntryPoint","urlTemplate":"https:\/\/www.elementlogic.net\/fr\/?s={search_term_string}"},"query-input":{"@type":"PropertyValueSpecification","valueRequired":true,"valueName":"search_term_string"}}],"inLanguage":"fr-FR"}]}},"_links":{"self":[{"href":"https:\/\/www.elementlogic.net\/fr\/wp-json\/wp\/v2\/pages\/153"}],"collection":[{"href":"https:\/\/www.elementlogic.net\/fr\/wp-json\/wp\/v2\/pages"}],"about":[{"href":"https:\/\/www.elementlogic.net\/fr\/wp-json\/wp\/v2\/types\/page"}],"author":[{"embeddable":true,"href":"https:\/\/www.elementlogic.net\/fr\/wp-json\/wp\/v2\/users\/27"}],"replies":[{"embeddable":true,"href":"https:\/\/www.elementlogic.net\/fr\/wp-json\/wp\/v2\/comments?post=153"}],"version-history":[{"count":5,"href":"https:\/\/www.elementlogic.net\/fr\/wp-json\/wp\/v2\/pages\/153\/revisions"}],"predecessor-version":[{"id":2441,"href":"https:\/\/www.elementlogic.net\/fr\/wp-json\/wp\/v2\/pages\/153\/revisions\/2441"}],"up":[{"embeddable":true,"href":"https:\/\/www.elementlogic.net\/fr\/wp-json\/wp\/v2\/pages\/155"}],"wp:featuredmedia":[{"embeddable":true,"href":"https:\/\/www.elementlogic.net\/fr\/wp-json\/wp\/v2\/media\/154"}],"wp:attachment":[{"href":"https:\/\/www.elementlogic.net\/fr\/wp-json\/wp\/v2\/media?parent=153"}],"curies":[{"name":"wp","href":"https:\/\/api.w.org\/{rel}","templated":true}]}}