{"id":183,"date":"2024-09-03T15:21:01","date_gmt":"2024-09-03T13:21:01","guid":{"rendered":"https:\/\/www.elementlogic.net\/?page_id=1856"},"modified":"2026-04-02T13:36:25","modified_gmt":"2026-04-02T13:36:25","slug":"ports","status":"publish","type":"page","link":"https:\/\/www.elementlogic.net\/fr\/solutions-et-services\/asrs\/autostore\/ports\/","title":{"rendered":"Ports"},"content":{"rendered":"<p class=\"t2-ingress wp-block-t2-ingress\">Les ports AutoStore, o\u00f9 les robots livrent les marchandises, prennent en charge diverses op\u00e9rations, notamment le traitement des commandes et l&rsquo;inspection des stocks.<\/p>\n\n\n\t\t<div class=\"alignwide is-mode-constrained is-gap-center wp-block-t2-simple-media-text   \">\n\t\t\t<div class=\"t2-simple-media-text__container\">\n\t\t\t\t<div class=\"t2-simple-media-text__image\"><video muted autoplay loop style=\"--focalpoint: 100% 100%;\"><source src=\"https:\/\/www.elementlogic.net\/content\/uploads\/sites\/18\/\/2024\/09\/port-f6.mp4\" type=\"video\/mp4\" \/><\/video><\/div>\n\t\t\t\t<div class=\"t2-simple-media-text__content-container\">\n\t\t\t\t\t<div class=\"t2-simple-media-text__content\">\n\t\t\t\t\t\t<div class=\"t2-simple-media-text__content-inner\">\n\t\t\t\t\t\t\t\n\n<p>Le syst\u00e8me propose sept ports adapt\u00e9s \u00e0 diff\u00e9rents besoins:\u00a0<\/p>\n\n\n\t\t\t\t\t\t<\/div>\n\t\t\t\t\t<\/div>\n\t\t\t\t<\/div>\n\t\t\t<\/div>\n\t\t<\/div>\n\t\t\n\n\n<ol class=\"wp-block-list\" start=\"1\">\n<li><strong>Port de convoyage :<\/strong> efficace pour le transport des marchandises avec un temps de rotation des bacs de 6 \u00e0 7 secondes. C\u2019est le port le plus utilis\u00e9 dans les syst\u00e8mes AutoStore.\u00a0<br>\u00a0<\/li>\n<\/ol>\n\n\n\n<ol class=\"wp-block-list\" start=\"2\">\n<li><strong>Port carrousel :<\/strong> id\u00e9al pour le pick-and-pack gr\u00e2ce \u00e0 son \u00e9changeur grande vitesse \u00e0 trois bras.<br>\u00a0<\/li>\n<\/ol>\n\n\n\n<ol class=\"wp-block-list\" start=\"3\">\n<li><strong>Port pivotant \/ swing port :<\/strong> convient aux configurations \u00e0 plusieurs niveaux gr\u00e2ce \u00e0 son \u00e9l\u00e9vateur de bac.<br>\u00a0<\/li>\n<\/ol>\n\n\n\n<ol class=\"wp-block-list\" start=\"4\">\n<li><strong>Port relais \/ relay port :<\/strong> poste de travail le plus rapide pour les op\u00e9rations de pick-and-pass \u00e0 grande vitesse.\u00a0<br>\u00a0<\/li>\n<\/ol>\n\n\n\n<ol class=\"wp-block-list\" start=\"5\">\n<li><strong>Port de ramassage \/ pick-up port :<\/strong> permet de r\u00e9cup\u00e9rer les commandes en ligne directement en magasin, \u00e0 partir du syst\u00e8me AutoStore, pour simplifier la r\u00e9cup\u00e9ration de commande, l\u2019achalandage des produits et les ventes en magasin.<br>\u00a0<\/li>\n<\/ol>\n\n\n\n<ol class=\"wp-block-list\" start=\"6\">\n<li><strong>FusionPort :<\/strong> am\u00e9liore l&rsquo;efficacit\u00e9 et le confort des \u00e9quipes dans l\u2019entrep\u00f4t gr\u00e2ce \u00e0 des ouvertures de bacs ergonomiques, des trappes de s\u00e9curit\u00e9, des pr\u00e9sentations de bacs doubles et des aides visuelles pour le picking, permettant de traiter jusqu&rsquo;\u00e0 550 bacs par heure.<br>\u00a0<\/li>\n<\/ol>\n\n\n\n<ol class=\"wp-block-list\" start=\"7\">\n<li><strong>FusionPort Staging :<\/strong> rationalise le picking et la pr\u00e9paration des commandes au sein de la grille AutoStore, avec un guidage pick-to-light et une conception ergonomique.<\/li>\n<\/ol>\n\n\n\n<p>Chaque port assure une gestion efficace et flexible des t\u00e2ches de l&rsquo;entrep\u00f4t.<\/p>\n","protected":false},"excerpt":{"rendered":"<p>Chaque port assure une gestion efficace et flexible des t\u00e2ches de l&rsquo;entrep\u00f4t.<\/p>\n","protected":false},"author":3,"featured_media":501,"parent":212,"menu_order":0,"comment_status":"closed","ping_status":"closed","template":"","meta":{"hreflang_relation":1856,"_el_cross_publish_source_blog_url":"","_el_cross_publish_source_blog_id":0,"_el_cross_publish_source_post_id":0,"_el_cross_publish_sync_state":"","exclude_from_search":false,"footnotes":""},"class_list":["post-183","page","type-page","status-publish","has-post-thumbnail","hentry"],"yoast_head":"<!-- This site is optimized with the Yoast SEO Premium plugin v23.9 (Yoast SEO v23.9) - https:\/\/yoast.com\/wordpress\/plugins\/seo\/ -->\n<title>Ports - Element Logic France<\/title>\n<meta name=\"robots\" content=\"index, follow, max-snippet:-1, max-image-preview:large, max-video-preview:-1\" \/>\n<link rel=\"canonical\" href=\"https:\/\/www.elementlogic.net\/fr\/solutions-et-services\/asrs\/autostore\/ports\/\" \/>\n<meta property=\"og:locale\" content=\"fr_FR\" \/>\n<meta property=\"og:type\" content=\"article\" \/>\n<meta property=\"og:title\" content=\"Ports\" \/>\n<meta property=\"og:description\" content=\"Chaque port assure une gestion efficace et flexible des t\u00e2ches de l&rsquo;entrep\u00f4t.\" \/>\n<meta property=\"og:url\" content=\"https:\/\/www.elementlogic.net\/fr\/solutions-et-services\/asrs\/autostore\/ports\/\" \/>\n<meta property=\"og:site_name\" content=\"Element Logic France\" \/>\n<meta property=\"article:modified_time\" content=\"2026-04-02T13:36:25+00:00\" \/>\n<meta property=\"og:image\" content=\"https:\/\/www.elementlogic.net\/content\/uploads\/sites\/18\/\/2024\/09\/Man-by-AutoStore-Port.jpg\" \/>\n\t<meta property=\"og:image:width\" content=\"2560\" \/>\n\t<meta property=\"og:image:height\" content=\"1615\" \/>\n\t<meta property=\"og:image:type\" content=\"image\/jpeg\" \/>\n<meta name=\"twitter:card\" content=\"summary_large_image\" \/>\n<meta name=\"twitter:label1\" content=\"Dur\u00e9e de lecture estim\u00e9e\" \/>\n\t<meta name=\"twitter:data1\" content=\"2 minutes\" \/>\n<script type=\"application\/ld+json\" class=\"yoast-schema-graph\">{\"@context\":\"https:\/\/schema.org\",\"@graph\":[{\"@type\":\"WebPage\",\"@id\":\"https:\/\/www.elementlogic.net\/fr\/solutions-et-services\/asrs\/autostore\/ports\/\",\"url\":\"https:\/\/www.elementlogic.net\/fr\/solutions-et-services\/asrs\/autostore\/ports\/\",\"name\":\"Ports - Element Logic France\",\"isPartOf\":{\"@id\":\"https:\/\/www.elementlogic.net\/fr\/#website\"},\"primaryImageOfPage\":{\"@id\":\"https:\/\/www.elementlogic.net\/fr\/solutions-et-services\/asrs\/autostore\/ports\/#primaryimage\"},\"image\":{\"@id\":\"https:\/\/www.elementlogic.net\/fr\/solutions-et-services\/asrs\/autostore\/ports\/#primaryimage\"},\"thumbnailUrl\":\"https:\/\/www.elementlogic.net\/content\/uploads\/sites\/18\/\/2024\/09\/Man-by-AutoStore-Port.jpg\",\"datePublished\":\"2024-09-03T13:21:01+00:00\",\"dateModified\":\"2026-04-02T13:36:25+00:00\",\"breadcrumb\":{\"@id\":\"https:\/\/www.elementlogic.net\/fr\/solutions-et-services\/asrs\/autostore\/ports\/#breadcrumb\"},\"inLanguage\":\"fr-FR\",\"potentialAction\":[{\"@type\":\"ReadAction\",\"target\":[\"https:\/\/www.elementlogic.net\/fr\/solutions-et-services\/asrs\/autostore\/ports\/\"]}]},{\"@type\":\"ImageObject\",\"inLanguage\":\"fr-FR\",\"@id\":\"https:\/\/www.elementlogic.net\/fr\/solutions-et-services\/asrs\/autostore\/ports\/#primaryimage\",\"url\":\"https:\/\/www.elementlogic.net\/content\/uploads\/sites\/18\/\/2024\/09\/Man-by-AutoStore-Port.jpg\",\"contentUrl\":\"https:\/\/www.elementlogic.net\/content\/uploads\/sites\/18\/\/2024\/09\/Man-by-AutoStore-Port.jpg\",\"width\":2560,\"height\":1615},{\"@type\":\"BreadcrumbList\",\"@id\":\"https:\/\/www.elementlogic.net\/fr\/solutions-et-services\/asrs\/autostore\/ports\/#breadcrumb\",\"itemListElement\":[{\"@type\":\"ListItem\",\"position\":1,\"name\":\"Solutions &amp; services\",\"item\":\"https:\/\/www.elementlogic.net\/fr\/solutions-et-services\/\"},{\"@type\":\"ListItem\",\"position\":2,\"name\":\"ASRS\",\"item\":\"https:\/\/www.elementlogic.net\/fr\/solutions-et-services\/asrs\/\"},{\"@type\":\"ListItem\",\"position\":3,\"name\":\"AutoStore\",\"item\":\"https:\/\/www.elementlogic.net\/fr\/solutions-et-services\/asrs\/autostore\/\"},{\"@type\":\"ListItem\",\"position\":4,\"name\":\"Ports\"}]},{\"@type\":\"WebSite\",\"@id\":\"https:\/\/www.elementlogic.net\/fr\/#website\",\"url\":\"https:\/\/www.elementlogic.net\/fr\/\",\"name\":\"Element Logic France\",\"description\":\"\",\"potentialAction\":[{\"@type\":\"SearchAction\",\"target\":{\"@type\":\"EntryPoint\",\"urlTemplate\":\"https:\/\/www.elementlogic.net\/fr\/?s={search_term_string}\"},\"query-input\":{\"@type\":\"PropertyValueSpecification\",\"valueRequired\":true,\"valueName\":\"search_term_string\"}}],\"inLanguage\":\"fr-FR\"}]}<\/script>\n<!-- \/ Yoast SEO Premium plugin. -->","yoast_head_json":{"title":"Ports - Element Logic France","robots":{"index":"index","follow":"follow","max-snippet":"max-snippet:-1","max-image-preview":"max-image-preview:large","max-video-preview":"max-video-preview:-1"},"canonical":"https:\/\/www.elementlogic.net\/fr\/solutions-et-services\/asrs\/autostore\/ports\/","og_locale":"fr_FR","og_type":"article","og_title":"Ports","og_description":"Chaque port assure une gestion efficace et flexible des t\u00e2ches de l&rsquo;entrep\u00f4t.","og_url":"https:\/\/www.elementlogic.net\/fr\/solutions-et-services\/asrs\/autostore\/ports\/","og_site_name":"Element Logic France","article_modified_time":"2026-04-02T13:36:25+00:00","og_image":[{"width":2560,"height":1615,"url":"https:\/\/www.elementlogic.net\/content\/uploads\/sites\/18\/\/2024\/09\/Man-by-AutoStore-Port.jpg","type":"image\/jpeg"}],"twitter_card":"summary_large_image","twitter_misc":{"Dur\u00e9e de lecture estim\u00e9e":"2 minutes"},"schema":{"@context":"https:\/\/schema.org","@graph":[{"@type":"WebPage","@id":"https:\/\/www.elementlogic.net\/fr\/solutions-et-services\/asrs\/autostore\/ports\/","url":"https:\/\/www.elementlogic.net\/fr\/solutions-et-services\/asrs\/autostore\/ports\/","name":"Ports - Element Logic France","isPartOf":{"@id":"https:\/\/www.elementlogic.net\/fr\/#website"},"primaryImageOfPage":{"@id":"https:\/\/www.elementlogic.net\/fr\/solutions-et-services\/asrs\/autostore\/ports\/#primaryimage"},"image":{"@id":"https:\/\/www.elementlogic.net\/fr\/solutions-et-services\/asrs\/autostore\/ports\/#primaryimage"},"thumbnailUrl":"https:\/\/www.elementlogic.net\/content\/uploads\/sites\/18\/\/2024\/09\/Man-by-AutoStore-Port.jpg","datePublished":"2024-09-03T13:21:01+00:00","dateModified":"2026-04-02T13:36:25+00:00","breadcrumb":{"@id":"https:\/\/www.elementlogic.net\/fr\/solutions-et-services\/asrs\/autostore\/ports\/#breadcrumb"},"inLanguage":"fr-FR","potentialAction":[{"@type":"ReadAction","target":["https:\/\/www.elementlogic.net\/fr\/solutions-et-services\/asrs\/autostore\/ports\/"]}]},{"@type":"ImageObject","inLanguage":"fr-FR","@id":"https:\/\/www.elementlogic.net\/fr\/solutions-et-services\/asrs\/autostore\/ports\/#primaryimage","url":"https:\/\/www.elementlogic.net\/content\/uploads\/sites\/18\/\/2024\/09\/Man-by-AutoStore-Port.jpg","contentUrl":"https:\/\/www.elementlogic.net\/content\/uploads\/sites\/18\/\/2024\/09\/Man-by-AutoStore-Port.jpg","width":2560,"height":1615},{"@type":"BreadcrumbList","@id":"https:\/\/www.elementlogic.net\/fr\/solutions-et-services\/asrs\/autostore\/ports\/#breadcrumb","itemListElement":[{"@type":"ListItem","position":1,"name":"Solutions &amp; services","item":"https:\/\/www.elementlogic.net\/fr\/solutions-et-services\/"},{"@type":"ListItem","position":2,"name":"ASRS","item":"https:\/\/www.elementlogic.net\/fr\/solutions-et-services\/asrs\/"},{"@type":"ListItem","position":3,"name":"AutoStore","item":"https:\/\/www.elementlogic.net\/fr\/solutions-et-services\/asrs\/autostore\/"},{"@type":"ListItem","position":4,"name":"Ports"}]},{"@type":"WebSite","@id":"https:\/\/www.elementlogic.net\/fr\/#website","url":"https:\/\/www.elementlogic.net\/fr\/","name":"Element Logic France","description":"","potentialAction":[{"@type":"SearchAction","target":{"@type":"EntryPoint","urlTemplate":"https:\/\/www.elementlogic.net\/fr\/?s={search_term_string}"},"query-input":{"@type":"PropertyValueSpecification","valueRequired":true,"valueName":"search_term_string"}}],"inLanguage":"fr-FR"}]}},"_links":{"self":[{"href":"https:\/\/www.elementlogic.net\/fr\/wp-json\/wp\/v2\/pages\/183"}],"collection":[{"href":"https:\/\/www.elementlogic.net\/fr\/wp-json\/wp\/v2\/pages"}],"about":[{"href":"https:\/\/www.elementlogic.net\/fr\/wp-json\/wp\/v2\/types\/page"}],"author":[{"embeddable":true,"href":"https:\/\/www.elementlogic.net\/fr\/wp-json\/wp\/v2\/users\/3"}],"replies":[{"embeddable":true,"href":"https:\/\/www.elementlogic.net\/fr\/wp-json\/wp\/v2\/comments?post=183"}],"version-history":[{"count":5,"href":"https:\/\/www.elementlogic.net\/fr\/wp-json\/wp\/v2\/pages\/183\/revisions"}],"predecessor-version":[{"id":3045,"href":"https:\/\/www.elementlogic.net\/fr\/wp-json\/wp\/v2\/pages\/183\/revisions\/3045"}],"up":[{"embeddable":true,"href":"https:\/\/www.elementlogic.net\/fr\/wp-json\/wp\/v2\/pages\/212"}],"wp:featuredmedia":[{"embeddable":true,"href":"https:\/\/www.elementlogic.net\/fr\/wp-json\/wp\/v2\/media\/501"}],"wp:attachment":[{"href":"https:\/\/www.elementlogic.net\/fr\/wp-json\/wp\/v2\/media?parent=183"}],"curies":[{"name":"wp","href":"https:\/\/api.w.org\/{rel}","templated":true}]}}