{"id":1853,"date":"2024-10-29T20:55:44","date_gmt":"2024-10-29T20:55:44","guid":{"rendered":"https:\/\/www.elementlogic.net\/fr\/?page_id=1853"},"modified":"2026-04-02T12:37:54","modified_gmt":"2026-04-02T12:37:54","slug":"reussite-de-nos-clientes","status":"publish","type":"page","link":"https:\/\/www.elementlogic.net\/fr\/solutions-services\/reussite-de-nos-clientes\/","title":{"rendered":"(OLD) R\u00e9ussite de nos clients"},"content":{"rendered":"\n\t\t<div style=\"--dekode-hero-dim:0.5; --t2-icon-fill:var(--wp--preset--color--white);\" class=\"alignfull dekode-hero-content-position-center has-media-background wp-block-dekode-hero has-text-color has-white-color\">\n\t\t\t\t\t<video\n\t\t\tautoplay\n\t\t\tloop\n\t\t\tmuted\n\t\t\tplaysinline\n\t\t\tposter=\"https:\/\/www.elementlogic.net\/content\/uploads\/sites\/18\/\/2024\/09\/Wallpaper-8-scaled.jpg\"\n\t\t\tsrc=\"https:\/\/www.elementlogic.net\/content\/uploads\/sites\/18\/\/2024\/09\/service-support.mp4\">\n\t\t<\/video>\n\t\t\n\t\t\t<div class=\"dekode-hero__content\">\n\t\t\t\t<div class=\"dekode-hero__container\">\n\t\t\t\t\t\n\n<h1 class=\"wp-block-heading\" id=\"h-des-solutions-personnalisees-pour-assurer-votre-reussite\"><strong>Des solutions personnalis\u00e9es pour assurer votre r\u00e9ussite<\/strong>\u00a0<\/h1>\n\n\n<p class=\"t2-ingress wp-block-t2-ingress\">Notre objectif est d&rsquo;offrir \u00e0 nos clients une valeur qui va au-del\u00e0 de leurs attentes.<\/p>\n\n\n<div class=\"wp-block-buttons is-layout-flex wp-block-buttons-is-layout-flex\">\n<div class=\"wp-block-button has-icon has-icon-theme_arrow\"><a class=\"wp-block-button__link wp-element-button\" href=\"https:\/\/www.elementlogic.net\/fr\/contact\/\">En savoir plus <svg xmlns=\"http:\/\/www.w3.org\/2000\/svg\" viewBox=\"0 0 24 24\" height=\"24\" width=\"24\" class=\"t2-icon t2-icon-theme_arrow\" aria-hidden=\"true\" focusable=\"false\"><path d=\"M16.627 12.75H5.25C5.03717 12.75 4.859 12.6782 4.7155 12.5345C4.57183 12.391 4.5 12.2128 4.5 12C4.5 11.7872 4.57183 11.609 4.7155 11.4655C4.859 11.3218 5.03717 11.25 5.25 11.25H16.627L11.4577 6.08076C11.3091 5.93209 11.2357 5.75809 11.2375 5.55876C11.2395 5.35942 11.318 5.18217 11.473 5.02701C11.6282 4.88217 11.8038 4.80717 12 4.80201C12.1962 4.79684 12.3718 4.87184 12.527 5.02701L18.8673 11.3673C18.9609 11.4609 19.0269 11.5597 19.0652 11.6635C19.1037 11.7673 19.123 11.8795 19.123 12C19.123 12.1205 19.1037 12.2327 19.0652 12.3365C19.0269 12.4403 18.9609 12.5391 18.8673 12.6328L12.527 18.973C12.3885 19.1115 12.217 19.1823 12.0125 19.1855C11.808 19.1887 11.6282 19.1178 11.473 18.973C11.318 18.8178 11.2405 18.6397 11.2405 18.4385C11.2405 18.2372 11.318 18.0589 11.473 17.9038L16.627 12.75Z\" fill=\"var(--t2-icon-fill, #000)\"\/><\/svg><\/a><\/div>\n<\/div>\n\n\n\t\t\t\t<\/div>\n\t\t\t<\/div>\n\t\t<\/div>\n\t\t\n\n\n<p>De la consultation initiale \u00e0 la mise en service du syst\u00e8me, nous veillons \u00e0 ce que votre solution soit adapt\u00e9e aux besoins uniques de votre entreprise. Gr\u00e2ce \u00e0 notre \u00e9quipe d&rsquo;assistance, de maintenance, de formation et de conseil ax\u00e9 sur la data, nous avons une connaissance approfondie de votre solution d&rsquo;automatisation et nous savons comment en tirer le meilleur parti.<\/p>\n\n\n\n<h2 class=\"wp-block-heading\" id=\"h-integration-et-formation-nbsp-nbsp\"><strong>Int\u00e9gration et formation&nbsp;<\/strong>&nbsp;<\/h2>\n\n\n\n<p>Optimisez l\u2019exploitation de votre syst\u00e8me AutoStore gr\u00e2ce \u00e0 une formation d\u00e9di\u00e9e \u00e0 l&rsquo;int\u00e9gration et aux sc\u00e9narios. En tant que client d&rsquo;Element Logic, vous apprendrez tout ce que vous devez savoir sur l&rsquo;automatisation des entrep\u00f4ts gr\u00e2ce \u00e0 notre \u00e9quipe de formation exp\u00e9riment\u00e9e. Nos sessions sont ax\u00e9es sur les op\u00e9rations courantes, la s\u00e9curit\u00e9 et la r\u00e9solution de probl\u00e8mes potentiels. Cette formation permet \u00e0 vos collaborateurs de s&rsquo;adapter rapidement \u00e0 leur nouvel environnement de travail et d&rsquo;\u00eatre en mesure d&rsquo;utiliser la solution d&rsquo;automatisation en quelques jours.&nbsp;&nbsp;<\/p>\n\n\n\n<figure class=\"wp-block-image size-large\"><img loading=\"lazy\" decoding=\"async\" width=\"1024\" height=\"532\" src=\"https:\/\/www.elementlogic.net\/content\/uploads\/sites\/18\/\/2024\/09\/EL_superuser-training8-wo-instr-e1726227709934-1024x532.jpg\" alt=\"\" class=\"wp-image-166\" srcset=\"https:\/\/www.elementlogic.net\/content\/uploads\/sites\/18\/2024\/09\/EL_superuser-training8-wo-instr-e1726227709934-1024x532.jpg 1024w, https:\/\/www.elementlogic.net\/content\/uploads\/sites\/18\/2024\/09\/EL_superuser-training8-wo-instr-e1726227709934-300x156.jpg 300w, https:\/\/www.elementlogic.net\/content\/uploads\/sites\/18\/2024\/09\/EL_superuser-training8-wo-instr-e1726227709934-768x399.jpg 768w, https:\/\/www.elementlogic.net\/content\/uploads\/sites\/18\/2024\/09\/EL_superuser-training8-wo-instr-e1726227709934-1536x798.jpg 1536w, https:\/\/www.elementlogic.net\/content\/uploads\/sites\/18\/2024\/09\/EL_superuser-training8-wo-instr-e1726227709934.jpg 1645w\" sizes=\"(max-width: 1024px) 100vw, 1024px\" \/><\/figure>\n\n\n\n<h2 class=\"wp-block-heading\" id=\"h-le-programme-super-utilisateurs-nbsp\"><strong>Le programme super-utilisateurs<\/strong>&nbsp;<\/h2>\n\n\n\n<p>Nous vous recommandons d&rsquo;offrir une formation sp\u00e9cialis\u00e9e \u00e0 quelques collaborateurs qui deviendront les super-utilisateurs de votre solution d\u2019automatisation. Ces personnes acquerront une connaissance plus approfondie de la solution, en g\u00e9rant des sc\u00e9narios et des probl\u00e8mes complexes. Le programme de formation Element Logic assure un apprentissage continu, en fonction des besoins, et s\u00e9curise l&rsquo;optimisation de votre solution. En plus de notre \u00e9quipe d&rsquo;assistance d\u00e9di\u00e9e, vous avez toutes les cartes en main pour r\u00e9ussir.&nbsp;<\/p>\n\n\n\n<h2 class=\"wp-block-heading\" id=\"h-assistance-et-support-nbsp\"><strong>Assistance et support<\/strong>&nbsp;<\/h2>\n\n\n\n<p>L&rsquo;un des nombreux avantages d&rsquo;\u00eatre un client d&rsquo;Element Logic est notre \u00e9quipe d&rsquo;assistance d\u00e9di\u00e9e. Que vous ayez besoin d&rsquo;aide avec AutoStore, les logiciels, les syst\u00e8mes de contr\u00f4le, l&rsquo;\u00e9quipement, la configuration du syst\u00e8me ou la r\u00e9solution d&rsquo;erreurs, notre \u00e9quipe est toujours pr\u00eate \u00e0 vous aider. Vous pouvez nous joindre facilement via le site web, par e-mail ou par t\u00e9l\u00e9phone pour une assistance rapide et fiable.\u00a0<\/p>\n\n\n\n\t\t<blockquote class=\"wp-block-dekode-quote\">\n\t\t\t<div class=\"wp-block-dekode-quote__icon\">\n\t\t\t\t<img loading=\"lazy\" decoding=\"async\" width=\"300\" height=\"300\" src=\"https:\/\/www.elementlogic.net\/content\/uploads\/sites\/18\/\/2024\/09\/Arnold-e1724057459194-300x300.jpg\" class=\"quote-image\" alt=\"\" srcset=\"https:\/\/www.elementlogic.net\/content\/uploads\/sites\/18\/2024\/09\/Arnold-e1724057459194-300x300.jpg 300w, https:\/\/www.elementlogic.net\/content\/uploads\/sites\/18\/2024\/09\/Arnold-e1724057459194-150x150.jpg 150w, https:\/\/www.elementlogic.net\/content\/uploads\/sites\/18\/2024\/09\/Arnold-e1724057459194.jpg 501w\" sizes=\"(max-width: 300px) 100vw, 300px\" \/><svg xmlns=\"http:\/\/www.w3.org\/2000\/svg\" viewBox=\"0 0 24 24\" height=\"96\" width=\"96\" class=\"t2-icon t2-icon-theme_quote\" aria-hidden=\"true\" focusable=\"false\"><path d=\"M6.7808 16.5288L8.49055 13.5673C8.43289 13.5993 8.36555 13.6217 8.28855 13.6345C8.21155 13.6473 8.13464 13.6538 8.0578 13.6538C7.04114 13.6538 6.17797 13.2958 5.4683 12.5798C4.7588 11.8638 4.40405 11.0038 4.40405 10C4.40405 8.98334 4.7588 8.12017 5.4683 7.4105C6.17797 6.701 7.04114 6.34625 8.0578 6.34625C9.06164 6.34625 9.92155 6.701 10.6376 7.4105C11.3536 8.12017 11.7116 8.98334 11.7116 10C11.7116 10.3513 11.669 10.6783 11.5838 10.9808C11.4985 11.2833 11.3737 11.5718 11.2096 11.8463L8.07305 17.2788C8.00905 17.3904 7.92122 17.4808 7.80955 17.55C7.69805 17.6192 7.57305 17.6538 7.43455 17.6538C7.14739 17.6538 6.93205 17.5288 6.78855 17.2788C6.64489 17.0288 6.6423 16.7788 6.7808 16.5288ZM15.6656 16.5288L17.3751 13.5673C17.3174 13.5993 17.2501 13.6217 17.1731 13.6345C17.0962 13.6473 17.0193 13.6538 16.9423 13.6538C15.9256 13.6538 15.0626 13.2958 14.3531 12.5798C13.6434 11.8638 13.2886 11.0038 13.2886 10C13.2886 8.977 13.6434 8.11225 14.3531 7.40575C15.0626 6.69942 15.9256 6.34625 16.9423 6.34625C17.9461 6.34625 18.8061 6.701 19.5221 7.4105C20.2381 8.12017 20.5961 8.98334 20.5961 10C20.5961 10.3513 20.5535 10.6783 20.4683 10.9808C20.383 11.2833 20.2583 11.5718 20.0943 11.8463L16.9578 17.2788C16.8936 17.3904 16.8058 17.4808 16.6943 17.55C16.5828 17.6192 16.4578 17.6538 16.3193 17.6538C16.0321 17.6538 15.8167 17.5288 15.6731 17.2788C15.5296 17.0288 15.5271 16.7788 15.6656 16.5288Z\" fill=\"var(--t2-icon-fill, #000)\"\/><\/svg>\n\t\t\t<\/div>\n\t\t\t<div class=\"wp-block-dekode-quote__text\">\n\t\t\t\t<p><em>Notre philosophie est de d\u00e9velopper une solution modulaire avec laquelle nos clients peuvent \u00e9voluer et qui optimise leurs performances. C&rsquo;est la m\u00e9thode Element<\/em>.<\/p>\n<cite>Arnold Nielsen, Responsable grands comptes, Element Logic Norv\u00e8ge<\/cite>\n\t\t\t<\/div>\n\t\t<\/blockquote>\n\n\n<h2 class=\"wp-block-heading\" id=\"h-maintenance-nbsp\"><strong>Maintenance<\/strong>&nbsp;<\/h2>\n\n\n\n<p>Notre \u00e9quipe de maintenance proactive cherche continuellement \u00e0 am\u00e9liorer les performances de votre syst\u00e8me d\u2019automatisation pour aider votre entreprise \u00e0 se d\u00e9velopper. Nos techniciens effectuent la maintenance planifi\u00e9e sur site sans perturber les op\u00e9rations courantes.&nbsp;<\/p>\n\n\n\n<figure class=\"wp-block-image size-large\"><img loading=\"lazy\" decoding=\"async\" width=\"1024\" height=\"429\" src=\"https:\/\/www.elementlogic.net\/content\/uploads\/sites\/18\/\/2024\/09\/Wallpaper-10-scaled-1024x429.jpg\" alt=\"\" class=\"wp-image-215\" srcset=\"https:\/\/www.elementlogic.net\/content\/uploads\/sites\/18\/2024\/09\/Wallpaper-10-scaled-1024x429.jpg 1024w, https:\/\/www.elementlogic.net\/content\/uploads\/sites\/18\/2024\/09\/Wallpaper-10-scaled-300x126.jpg 300w, https:\/\/www.elementlogic.net\/content\/uploads\/sites\/18\/2024\/09\/Wallpaper-10-scaled-768x322.jpg 768w, https:\/\/www.elementlogic.net\/content\/uploads\/sites\/18\/2024\/09\/Wallpaper-10-scaled-1536x643.jpg 1536w, https:\/\/www.elementlogic.net\/content\/uploads\/sites\/18\/2024\/09\/Wallpaper-10-scaled-2048x858.jpg 2048w\" sizes=\"(max-width: 1024px) 100vw, 1024px\" \/><\/figure>\n\n\n\n<h2 class=\"wp-block-heading\" id=\"h-visibilite-et-optimisation-nbsp\"><strong>Visibilit\u00e9 et optimisation<\/strong>&nbsp;<\/h2>\n\n\n\n<p>Nous vous fournissons des donn\u00e9es d\u00e9taill\u00e9es sur votre solution AutoStore. C&rsquo;est la base sur laquelle notre \u00e9quipe Customer Success s\u2019appuie pour optimiser votre solution en permanence.&nbsp;&nbsp;<\/p>\n\n\n\n<p>\u00ab\u00a0\u202fPour garantir la satisfaction de nos clients, nous faisons appel \u00e0 une \u00e9quipe qualifi\u00e9e de techniciens, d&rsquo;experts en support, en logiciels et en logistique. Cette agilit\u00e9 nous permet d&rsquo;intervenir imm\u00e9diatement. Notre philosophie est de d\u00e9velopper une solution modulaire avec laquelle nos clients peuvent \u00e9voluer et qui optimise leurs performances. C&rsquo;est la m\u00e9thode Element\u202f\u00a0\u00bb<\/p>\n\n\n\n<p>\u2013 Arnold Nielsen, Responsable grands comptes, Element Logic Norv\u00e8ge.\u00a0<\/p>\n\n\n\n\t\t<div class=\"wp-block-dekode-simple-cta\">\n\t\t\t<div class=\"dekode-simple-cta__inner\">\n\n<h3 class=\"wp-block-heading\" id=\"want-to-learn-more-about-how-element-logic-can-optimize-your-warehouse-performance\"> Want to learn more about how Element Logic can optimize your warehouse performance? <\/h3>\n\n\n\n<div class=\"wp-block-buttons is-layout-flex wp-block-buttons-is-layout-flex\">\n<div class=\"wp-block-button\"><a class=\"wp-block-button__link wp-element-button\">Get in touch today<\/a><\/div>\n<\/div>\n\n<\/div>\n\t\t<\/div>\n\n\n<h3 class=\"wp-block-heading\" id=\"h-en-savoir-plus-sur-nos-solutions-et-services-pour-automatiser-votre-entrepot\">En savoir plus sur nos solutions et services pour automatiser votre entrep\u00f4t:<\/h3>\n\n\n\n\t\t<div style=\"--link-cards-grid-columns: 3\" class=\"dekode-link-cards has-3-columns wp-block-dekode-link-cards\">\n\t\t\t<div class=\"dekode-link-cards__items\">\n\t\t\t\t\n<a class=\"wp-block-dekode-link-card\" href=\"https:\/\/www.elementlogic.net\/fr\/solutions-services\/conception-conseil\/\"><img loading=\"lazy\" decoding=\"async\" width=\"768\" height=\"512\" src=\"https:\/\/www.elementlogic.net\/content\/uploads\/sites\/18\/\/2024\/09\/Element-Logic_AutoStore-design-copy-768x512.jpg\" class=\"\" alt=\"\" \/>\t<div class=\"dekode-link-card__content\">\n\t\t\t\t<p class=\"dekode-link-card__title\">\n\t\t\tConception et conseil\t\t<\/p>\n\t\t\t<\/div>\n\t<\/a>\n\n<a class=\"wp-block-dekode-link-card\" href=\"https:\/\/www.elementlogic.net\/fr\/solutions-services\/livraison\/\"><img loading=\"lazy\" decoding=\"async\" width=\"768\" height=\"512\" src=\"https:\/\/www.elementlogic.net\/content\/uploads\/sites\/18\/\/2024\/09\/EL_construction15-768x512.jpg\" class=\"\" alt=\"\" \/>\t<div class=\"dekode-link-card__content\">\n\t\t\t\t<p class=\"dekode-link-card__title\">\n\t\t\tLivraison\t\t<\/p>\n\t\t\t<\/div>\n\t<\/a>\n\n<a class=\"wp-block-dekode-link-card\" href=\"https:\/\/www.elementlogic.net\/fr\/solutions-services\/autostore\/\"><img loading=\"lazy\" decoding=\"async\" width=\"768\" height=\"513\" src=\"https:\/\/www.elementlogic.net\/content\/uploads\/sites\/18\/\/2024\/09\/Bergfreunde-AutoStore-Robots-768x513.jpg\" class=\"\" alt=\"\" \/>\t<div class=\"dekode-link-card__content\">\n\t\t\t\t<p class=\"dekode-link-card__title\">\n\t\t\tAutoStore\t\t<\/p>\n\t\t\t<\/div>\n\t<\/a>\n\n\t\t\t<\/div>\n\t\t<\/div>","protected":false},"excerpt":{"rendered":"<p>De la consultation initiale \u00e0 la mise en service du syst\u00e8me, nous veillons \u00e0 ce que votre solution soit adapt\u00e9e [&hellip;]<\/p>\n","protected":false},"author":3,"featured_media":217,"parent":266,"menu_order":0,"comment_status":"closed","ping_status":"closed","template":"","meta":{"hreflang_relation":800,"_el_cross_publish_source_blog_url":"","_el_cross_publish_source_blog_id":0,"_el_cross_publish_source_post_id":0,"_el_cross_publish_sync_state":"","exclude_from_search":false,"footnotes":""},"class_list":["post-1853","page","type-page","status-publish","has-post-thumbnail","hentry"],"yoast_head":"<!-- This site is optimized with the Yoast SEO Premium plugin v23.9 (Yoast SEO v23.9) - https:\/\/yoast.com\/wordpress\/plugins\/seo\/ -->\n<title>R\u00e9ussite de nos clientes - Element Logic France<\/title>\n<meta name=\"robots\" content=\"index, follow, max-snippet:-1, max-image-preview:large, max-video-preview:-1\" \/>\n<link rel=\"canonical\" href=\"https:\/\/www.elementlogic.net\/fr\/solutions-services\/reussite-de-nos-clientes\/\" \/>\n<meta property=\"og:locale\" content=\"fr_FR\" \/>\n<meta property=\"og:type\" content=\"article\" \/>\n<meta property=\"og:title\" content=\"(OLD) R\u00e9ussite de nos clients\" \/>\n<meta property=\"og:description\" content=\"De la consultation initiale \u00e0 la mise en service du syst\u00e8me, nous veillons \u00e0 ce que votre solution soit adapt\u00e9e [&hellip;]\" \/>\n<meta property=\"og:url\" content=\"https:\/\/www.elementlogic.net\/fr\/solutions-services\/reussite-de-nos-clientes\/\" \/>\n<meta property=\"og:site_name\" content=\"Element Logic France\" \/>\n<meta property=\"article:modified_time\" content=\"2026-04-02T12:37:54+00:00\" \/>\n<meta property=\"og:image\" content=\"https:\/\/www.elementlogic.net\/content\/uploads\/sites\/18\/\/2024\/09\/Wallpaper-8-scaled.jpg\" \/>\n\t<meta property=\"og:image:width\" content=\"2560\" \/>\n\t<meta property=\"og:image:height\" content=\"1072\" \/>\n\t<meta property=\"og:image:type\" content=\"image\/jpeg\" \/>\n<meta name=\"twitter:card\" content=\"summary_large_image\" \/>\n<meta name=\"twitter:label1\" content=\"Dur\u00e9e de lecture estim\u00e9e\" \/>\n\t<meta name=\"twitter:data1\" content=\"3 minutes\" \/>\n<script type=\"application\/ld+json\" class=\"yoast-schema-graph\">{\"@context\":\"https:\/\/schema.org\",\"@graph\":[{\"@type\":\"WebPage\",\"@id\":\"https:\/\/www.elementlogic.net\/fr\/solutions-services\/reussite-de-nos-clientes\/\",\"url\":\"https:\/\/www.elementlogic.net\/fr\/solutions-services\/reussite-de-nos-clientes\/\",\"name\":\"R\u00e9ussite de nos clientes - Element Logic France\",\"isPartOf\":{\"@id\":\"https:\/\/www.elementlogic.net\/fr\/#website\"},\"primaryImageOfPage\":{\"@id\":\"https:\/\/www.elementlogic.net\/fr\/solutions-services\/reussite-de-nos-clientes\/#primaryimage\"},\"image\":{\"@id\":\"https:\/\/www.elementlogic.net\/fr\/solutions-services\/reussite-de-nos-clientes\/#primaryimage\"},\"thumbnailUrl\":\"https:\/\/www.elementlogic.net\/content\/uploads\/sites\/18\/\/2024\/09\/Wallpaper-8-scaled.jpg\",\"datePublished\":\"2024-10-29T20:55:44+00:00\",\"dateModified\":\"2026-04-02T12:37:54+00:00\",\"breadcrumb\":{\"@id\":\"https:\/\/www.elementlogic.net\/fr\/solutions-services\/reussite-de-nos-clientes\/#breadcrumb\"},\"inLanguage\":\"fr-FR\",\"potentialAction\":[{\"@type\":\"ReadAction\",\"target\":[\"https:\/\/www.elementlogic.net\/fr\/solutions-services\/reussite-de-nos-clientes\/\"]}]},{\"@type\":\"ImageObject\",\"inLanguage\":\"fr-FR\",\"@id\":\"https:\/\/www.elementlogic.net\/fr\/solutions-services\/reussite-de-nos-clientes\/#primaryimage\",\"url\":\"https:\/\/www.elementlogic.net\/content\/uploads\/sites\/18\/\/2024\/09\/Wallpaper-8-scaled.jpg\",\"contentUrl\":\"https:\/\/www.elementlogic.net\/content\/uploads\/sites\/18\/\/2024\/09\/Wallpaper-8-scaled.jpg\",\"width\":2560,\"height\":1072},{\"@type\":\"BreadcrumbList\",\"@id\":\"https:\/\/www.elementlogic.net\/fr\/solutions-services\/reussite-de-nos-clientes\/#breadcrumb\",\"itemListElement\":[{\"@type\":\"ListItem\",\"position\":1,\"name\":\"(OLD) Solutions et services\",\"item\":\"https:\/\/www.elementlogic.net\/fr\/solutions-services\/\"},{\"@type\":\"ListItem\",\"position\":2,\"name\":\"(OLD) R\u00e9ussite de nos clients\"}]},{\"@type\":\"WebSite\",\"@id\":\"https:\/\/www.elementlogic.net\/fr\/#website\",\"url\":\"https:\/\/www.elementlogic.net\/fr\/\",\"name\":\"Element Logic France\",\"description\":\"\",\"potentialAction\":[{\"@type\":\"SearchAction\",\"target\":{\"@type\":\"EntryPoint\",\"urlTemplate\":\"https:\/\/www.elementlogic.net\/fr\/?s={search_term_string}\"},\"query-input\":{\"@type\":\"PropertyValueSpecification\",\"valueRequired\":true,\"valueName\":\"search_term_string\"}}],\"inLanguage\":\"fr-FR\"}]}<\/script>\n<!-- \/ Yoast SEO Premium plugin. -->","yoast_head_json":{"title":"R\u00e9ussite de nos clientes - Element Logic France","robots":{"index":"index","follow":"follow","max-snippet":"max-snippet:-1","max-image-preview":"max-image-preview:large","max-video-preview":"max-video-preview:-1"},"canonical":"https:\/\/www.elementlogic.net\/fr\/solutions-services\/reussite-de-nos-clientes\/","og_locale":"fr_FR","og_type":"article","og_title":"(OLD) R\u00e9ussite de nos clients","og_description":"De la consultation initiale \u00e0 la mise en service du syst\u00e8me, nous veillons \u00e0 ce que votre solution soit adapt\u00e9e [&hellip;]","og_url":"https:\/\/www.elementlogic.net\/fr\/solutions-services\/reussite-de-nos-clientes\/","og_site_name":"Element Logic France","article_modified_time":"2026-04-02T12:37:54+00:00","og_image":[{"width":2560,"height":1072,"url":"https:\/\/www.elementlogic.net\/content\/uploads\/sites\/18\/\/2024\/09\/Wallpaper-8-scaled.jpg","type":"image\/jpeg"}],"twitter_card":"summary_large_image","twitter_misc":{"Dur\u00e9e de lecture estim\u00e9e":"3 minutes"},"schema":{"@context":"https:\/\/schema.org","@graph":[{"@type":"WebPage","@id":"https:\/\/www.elementlogic.net\/fr\/solutions-services\/reussite-de-nos-clientes\/","url":"https:\/\/www.elementlogic.net\/fr\/solutions-services\/reussite-de-nos-clientes\/","name":"R\u00e9ussite de nos clientes - Element Logic France","isPartOf":{"@id":"https:\/\/www.elementlogic.net\/fr\/#website"},"primaryImageOfPage":{"@id":"https:\/\/www.elementlogic.net\/fr\/solutions-services\/reussite-de-nos-clientes\/#primaryimage"},"image":{"@id":"https:\/\/www.elementlogic.net\/fr\/solutions-services\/reussite-de-nos-clientes\/#primaryimage"},"thumbnailUrl":"https:\/\/www.elementlogic.net\/content\/uploads\/sites\/18\/\/2024\/09\/Wallpaper-8-scaled.jpg","datePublished":"2024-10-29T20:55:44+00:00","dateModified":"2026-04-02T12:37:54+00:00","breadcrumb":{"@id":"https:\/\/www.elementlogic.net\/fr\/solutions-services\/reussite-de-nos-clientes\/#breadcrumb"},"inLanguage":"fr-FR","potentialAction":[{"@type":"ReadAction","target":["https:\/\/www.elementlogic.net\/fr\/solutions-services\/reussite-de-nos-clientes\/"]}]},{"@type":"ImageObject","inLanguage":"fr-FR","@id":"https:\/\/www.elementlogic.net\/fr\/solutions-services\/reussite-de-nos-clientes\/#primaryimage","url":"https:\/\/www.elementlogic.net\/content\/uploads\/sites\/18\/\/2024\/09\/Wallpaper-8-scaled.jpg","contentUrl":"https:\/\/www.elementlogic.net\/content\/uploads\/sites\/18\/\/2024\/09\/Wallpaper-8-scaled.jpg","width":2560,"height":1072},{"@type":"BreadcrumbList","@id":"https:\/\/www.elementlogic.net\/fr\/solutions-services\/reussite-de-nos-clientes\/#breadcrumb","itemListElement":[{"@type":"ListItem","position":1,"name":"(OLD) Solutions et services","item":"https:\/\/www.elementlogic.net\/fr\/solutions-services\/"},{"@type":"ListItem","position":2,"name":"(OLD) R\u00e9ussite de nos clients"}]},{"@type":"WebSite","@id":"https:\/\/www.elementlogic.net\/fr\/#website","url":"https:\/\/www.elementlogic.net\/fr\/","name":"Element Logic France","description":"","potentialAction":[{"@type":"SearchAction","target":{"@type":"EntryPoint","urlTemplate":"https:\/\/www.elementlogic.net\/fr\/?s={search_term_string}"},"query-input":{"@type":"PropertyValueSpecification","valueRequired":true,"valueName":"search_term_string"}}],"inLanguage":"fr-FR"}]}},"_links":{"self":[{"href":"https:\/\/www.elementlogic.net\/fr\/wp-json\/wp\/v2\/pages\/1853"}],"collection":[{"href":"https:\/\/www.elementlogic.net\/fr\/wp-json\/wp\/v2\/pages"}],"about":[{"href":"https:\/\/www.elementlogic.net\/fr\/wp-json\/wp\/v2\/types\/page"}],"author":[{"embeddable":true,"href":"https:\/\/www.elementlogic.net\/fr\/wp-json\/wp\/v2\/users\/3"}],"replies":[{"embeddable":true,"href":"https:\/\/www.elementlogic.net\/fr\/wp-json\/wp\/v2\/comments?post=1853"}],"version-history":[{"count":5,"href":"https:\/\/www.elementlogic.net\/fr\/wp-json\/wp\/v2\/pages\/1853\/revisions"}],"predecessor-version":[{"id":3019,"href":"https:\/\/www.elementlogic.net\/fr\/wp-json\/wp\/v2\/pages\/1853\/revisions\/3019"}],"up":[{"embeddable":true,"href":"https:\/\/www.elementlogic.net\/fr\/wp-json\/wp\/v2\/pages\/266"}],"wp:featuredmedia":[{"embeddable":true,"href":"https:\/\/www.elementlogic.net\/fr\/wp-json\/wp\/v2\/media\/217"}],"wp:attachment":[{"href":"https:\/\/www.elementlogic.net\/fr\/wp-json\/wp\/v2\/media?parent=1853"}],"curies":[{"name":"wp","href":"https:\/\/api.w.org\/{rel}","templated":true}]}}