{"id":210,"date":"2024-09-03T09:38:10","date_gmt":"2024-09-03T07:38:10","guid":{"rendered":"https:\/\/www.elementlogic.net\/?page_id=750"},"modified":"2026-04-02T10:10:32","modified_gmt":"2026-04-02T10:10:32","slug":"a-propos","status":"publish","type":"page","link":"https:\/\/www.elementlogic.net\/fr\/a-propos\/","title":{"rendered":"(OLD) \u00c0 propos d&rsquo;Element Logic"},"content":{"rendered":"\n\t\t<div style=\"--dekode-hero-dim:0.5; --t2-icon-fill:var(--wp--preset--color--white); min-height:500px;\" class=\"alignfull dekode-hero-content-position-center has-media-background wp-elements-34d7f8b735b66bc4dfebe664341ea29b wp-block-dekode-hero has-text-color has-white-color\">\n\t\t\t<img loading=\"lazy\" decoding=\"async\" width=\"1024\" height=\"614\" src=\"https:\/\/www.elementlogic.net\/content\/uploads\/sites\/18\/\/2024\/09\/autostore_efficiency-1024x614.jpg\" class=\"dekode-hero__image\" alt=\"\" style=\"--focalpoint: 50% 50%;\" srcset=\"https:\/\/www.elementlogic.net\/content\/uploads\/sites\/18\/2024\/09\/autostore_efficiency-1024x614.jpg 1024w, https:\/\/www.elementlogic.net\/content\/uploads\/sites\/18\/2024\/09\/autostore_efficiency-300x180.jpg 300w, https:\/\/www.elementlogic.net\/content\/uploads\/sites\/18\/2024\/09\/autostore_efficiency-768x461.jpg 768w, https:\/\/www.elementlogic.net\/content\/uploads\/sites\/18\/2024\/09\/autostore_efficiency-1536x922.jpg 1536w, https:\/\/www.elementlogic.net\/content\/uploads\/sites\/18\/2024\/09\/autostore_efficiency.jpg 1600w\" sizes=\"(max-width: 1024px) 100vw, 1024px\" \/>\n\t\t\t<div class=\"dekode-hero__content\">\n\t\t\t\t<div class=\"dekode-hero__container\">\n\t\t\t\t\t\n\n<h1 class=\"wp-block-heading has-text-align-center\" id=\"a-propos-d-element-logic\">\u00c0 propos d&rsquo;Element Logic<\/h1>\n\n\n<p class=\"t2-ingress has-text-align-center wp-block-t2-ingress\">Depuis 1985, Element Logic\u00ae est le sp\u00e9cialiste de l\u2019automatisation d\u2019entrep\u00f4t. Le groupe norv\u00e9gien est l\u2019int\u00e9grateur AutoStore\u00ae n\u00b01 dans le monde.\u00a0<\/p>\n\n\t\t\t\t<\/div>\n\t\t\t<\/div>\n\t\t<\/div>\n\t\t\n\n<p class=\"t2-ingress alignwide wp-block-t2-ingress\">Element Logic con\u00e7oit des solutions technologiques avanc\u00e9es pour optimiser les performances des entrep\u00f4ts. Nous sommes une entreprise technologique mondiale fond\u00e9e en 1985, pr\u00e9sente dans plus de 30 pays et forte de plus de 950 collaborateurs. Element Logic est \u00e9galement le premier et le plus important partenaire mondial d\u2019AutoStore\u2122. Sp\u00e9cialistes de l\u2019automatisation intelligente, nous combinons des technologies de pointe, des logiciels bas\u00e9s sur l\u2019intelligence artificielle et des solutions sur mesure pour am\u00e9liorer la productivit\u00e9, la pr\u00e9cision et la capacit\u00e9 d\u2019adaptation des entrep\u00f4ts.\u00a0<br>\u00a0\u00a0<br>Ancr\u00e9s dans une culture de l\u2019innovation, nous accompagnons les entreprises de tous secteurs dans la transformation de leurs flux logistiques, leur permettant de gagner en efficacit\u00e9 et en comp\u00e9titivit\u00e9 gr\u00e2ce \u00e0 l\u2019automatisation.<\/p>\n\n<p class=\"t2-ingress wp-block-t2-ingress\">Notre force r\u00e9side dans l\u2019alliance unique de notre savoir-faire \u00e9prouv\u00e9, de notre exp\u00e9rience terrain et de notre engagement envers nos collaborateurs et nos technologies. C\u2019est ce qui fait de nous un partenaire de confiance pour les entrep\u00f4ts en qu\u00eate d\u2019un avantage strat\u00e9gique durable.\u00a0<br>\u00a0\u00a0<br>Chez Element Logic, nous consid\u00e9rons nos \u00e9quipes comme notre plus grande richesse. Leur engagement, leur passion et leur fiabilit\u00e9 sont au c\u0153ur de notre capacit\u00e9 \u00e0 proposer des solutions toujours plus intelligentes, adapt\u00e9es aux enjeux de nos clients. Optimiser les performances de l\u2019entrep\u00f4t n\u2019est pas simplement notre promesse\u202f: c\u2019est notre raison d\u2019\u00eatre.\u00a0<\/p>\n\n\n<p><\/p>\n\n\n\n\t\t<div class=\"alignwide is-mode-constrained is-gap-center wp-block-t2-simple-media-text   \">\n\t\t\t<div class=\"t2-simple-media-text__container\">\n\t\t\t\t<div class=\"t2-simple-media-text__image\"><img loading=\"lazy\" decoding=\"async\" width=\"768\" height=\"513\" src=\"https:\/\/www.elementlogic.net\/content\/uploads\/sites\/18\/\/2024\/09\/ElementLogic-OCC-0915.22-08470-flip-scaled-768x513.jpg\" class=\"\" alt=\"\" style=\"--focalpoint: 50% 50%;\" srcset=\"https:\/\/www.elementlogic.net\/content\/uploads\/sites\/18\/2024\/09\/ElementLogic-OCC-0915.22-08470-flip-scaled-768x513.jpg 768w, https:\/\/www.elementlogic.net\/content\/uploads\/sites\/18\/2024\/09\/ElementLogic-OCC-0915.22-08470-flip-scaled-300x200.jpg 300w, https:\/\/www.elementlogic.net\/content\/uploads\/sites\/18\/2024\/09\/ElementLogic-OCC-0915.22-08470-flip-scaled-1024x684.jpg 1024w, https:\/\/www.elementlogic.net\/content\/uploads\/sites\/18\/2024\/09\/ElementLogic-OCC-0915.22-08470-flip-scaled-1536x1026.jpg 1536w, https:\/\/www.elementlogic.net\/content\/uploads\/sites\/18\/2024\/09\/ElementLogic-OCC-0915.22-08470-flip-scaled-2048x1368.jpg 2048w\" sizes=\"(max-width: 768px) 100vw, 768px\" \/><\/div>\n\t\t\t\t<div class=\"t2-simple-media-text__content-container\">\n\t\t\t\t\t<div class=\"t2-simple-media-text__content\">\n\t\t\t\t\t\t<div class=\"t2-simple-media-text__content-inner\">\n\t\t\t\t\t\t\t\n\n<h3 class=\"wp-block-heading\" id=\"notre-histoire\">Notre histoire<\/h3>\n\n\n\n<p>En savoir plus sur les d\u00e9buts d\u2019Element Logic, nos convictions et aspirations.<\/p>\n\n\n\n<div class=\"wp-block-buttons is-layout-flex wp-block-buttons-is-layout-flex\">\n<div class=\"wp-block-button is-style-fill has-icon has-icon-theme_arrow\"><a class=\"wp-block-button__link wp-element-button\" href=\"https:\/\/www.elementlogic.net\/fr\/a-propos\/notre-histoire\/\">En savoir plus<svg xmlns=\"http:\/\/www.w3.org\/2000\/svg\" viewBox=\"0 0 24 24\" height=\"24\" width=\"24\" class=\"t2-icon t2-icon-theme_arrow\" aria-hidden=\"true\" focusable=\"false\"><path d=\"M16.627 12.75H5.25C5.03717 12.75 4.859 12.6782 4.7155 12.5345C4.57183 12.391 4.5 12.2128 4.5 12C4.5 11.7872 4.57183 11.609 4.7155 11.4655C4.859 11.3218 5.03717 11.25 5.25 11.25H16.627L11.4577 6.08076C11.3091 5.93209 11.2357 5.75809 11.2375 5.55876C11.2395 5.35942 11.318 5.18217 11.473 5.02701C11.6282 4.88217 11.8038 4.80717 12 4.80201C12.1962 4.79684 12.3718 4.87184 12.527 5.02701L18.8673 11.3673C18.9609 11.4609 19.0269 11.5597 19.0652 11.6635C19.1037 11.7673 19.123 11.8795 19.123 12C19.123 12.1205 19.1037 12.2327 19.0652 12.3365C19.0269 12.4403 18.9609 12.5391 18.8673 12.6328L12.527 18.973C12.3885 19.1115 12.217 19.1823 12.0125 19.1855C11.808 19.1887 11.6282 19.1178 11.473 18.973C11.318 18.8178 11.2405 18.6397 11.2405 18.4385C11.2405 18.2372 11.318 18.0589 11.473 17.9038L16.627 12.75Z\" fill=\"var(--t2-icon-fill, #000)\"\/><\/svg><\/a><\/div>\n<\/div>\n\n\n\t\t\t\t\t\t<\/div>\n\t\t\t\t\t<\/div>\n\t\t\t\t<\/div>\n\t\t\t<\/div>\n\t\t<\/div>\n\t\t\n\n\n<div class=\"wp-block-group alignwide has-global-padding is-layout-constrained wp-block-group-is-layout-constrained\">\n\t\t<div class=\"alignwide is-mode-constrained is-gap-center has-media-on-the-right wp-block-t2-simple-media-text   \">\n\t\t\t<div class=\"t2-simple-media-text__container\">\n\t\t\t\t<div class=\"t2-simple-media-text__image\"><img loading=\"lazy\" decoding=\"async\" width=\"768\" height=\"512\" src=\"https:\/\/www.elementlogic.net\/content\/uploads\/sites\/18\/\/2024\/09\/image-11-768x512.jpeg\" class=\"\" alt=\"\" style=\"--focalpoint: 65% 14%;\" srcset=\"https:\/\/www.elementlogic.net\/content\/uploads\/sites\/18\/2024\/09\/image-11-768x512.jpeg 768w, https:\/\/www.elementlogic.net\/content\/uploads\/sites\/18\/2024\/09\/image-11-300x200.jpeg 300w, https:\/\/www.elementlogic.net\/content\/uploads\/sites\/18\/2024\/09\/image-11.jpeg 1024w\" sizes=\"(max-width: 768px) 100vw, 768px\" \/><\/div>\n\t\t\t\t<div class=\"t2-simple-media-text__content-container\">\n\t\t\t\t\t<div class=\"t2-simple-media-text__content\">\n\t\t\t\t\t\t<div class=\"t2-simple-media-text__content-inner\">\n\t\t\t\t\t\t\t\n\n<h3 class=\"wp-block-heading\" id=\"offres-d-emploi\">Offres d\u2019emploi<\/h3>\n\n\n\n<p>Vous souhaitez rejoindre notre \u00e9quipe\u2009? Element Logic, ce sont des professionnels engag\u00e9s et comp\u00e9tents qui aiment les d\u00e9fis.<\/p>\n\n\n\n<div class=\"wp-block-buttons is-layout-flex wp-block-buttons-is-layout-flex\">\n<div class=\"wp-block-button is-style-fill has-icon has-icon-theme_arrow\"><a class=\"wp-block-button__link wp-element-button\" href=\"https:\/\/www.elementlogic.net\/fr\/a-propos\/carriere\/\">En savoir plus<svg xmlns=\"http:\/\/www.w3.org\/2000\/svg\" viewBox=\"0 0 24 24\" height=\"24\" width=\"24\" class=\"t2-icon t2-icon-theme_arrow\" aria-hidden=\"true\" focusable=\"false\"><path d=\"M16.627 12.75H5.25C5.03717 12.75 4.859 12.6782 4.7155 12.5345C4.57183 12.391 4.5 12.2128 4.5 12C4.5 11.7872 4.57183 11.609 4.7155 11.4655C4.859 11.3218 5.03717 11.25 5.25 11.25H16.627L11.4577 6.08076C11.3091 5.93209 11.2357 5.75809 11.2375 5.55876C11.2395 5.35942 11.318 5.18217 11.473 5.02701C11.6282 4.88217 11.8038 4.80717 12 4.80201C12.1962 4.79684 12.3718 4.87184 12.527 5.02701L18.8673 11.3673C18.9609 11.4609 19.0269 11.5597 19.0652 11.6635C19.1037 11.7673 19.123 11.8795 19.123 12C19.123 12.1205 19.1037 12.2327 19.0652 12.3365C19.0269 12.4403 18.9609 12.5391 18.8673 12.6328L12.527 18.973C12.3885 19.1115 12.217 19.1823 12.0125 19.1855C11.808 19.1887 11.6282 19.1178 11.473 18.973C11.318 18.8178 11.2405 18.6397 11.2405 18.4385C11.2405 18.2372 11.318 18.0589 11.473 17.9038L16.627 12.75Z\" fill=\"var(--t2-icon-fill, #000)\"\/><\/svg><\/a><\/div>\n<\/div>\n\n\n\t\t\t\t\t\t<\/div>\n\t\t\t\t\t<\/div>\n\t\t\t\t<\/div>\n\t\t\t<\/div>\n\t\t<\/div>\n\t\t\n\n\n\t\t<div class=\"alignwide is-mode-constrained is-gap-center wp-block-t2-simple-media-text   \">\n\t\t\t<div class=\"t2-simple-media-text__container\">\n\t\t\t\t<div class=\"t2-simple-media-text__image\"><img loading=\"lazy\" decoding=\"async\" width=\"768\" height=\"426\" src=\"https:\/\/www.elementlogic.net\/content\/uploads\/sites\/18\/\/2024\/09\/image-51-768x426.png\" class=\"\" alt=\"\" style=\"--focalpoint: 50% 50%;\" srcset=\"https:\/\/www.elementlogic.net\/content\/uploads\/sites\/18\/2024\/09\/image-51-768x426.png 768w, https:\/\/www.elementlogic.net\/content\/uploads\/sites\/18\/2024\/09\/image-51-300x166.png 300w, https:\/\/www.elementlogic.net\/content\/uploads\/sites\/18\/2024\/09\/image-51-1024x568.png 1024w, https:\/\/www.elementlogic.net\/content\/uploads\/sites\/18\/2024\/09\/image-51-1536x852.png 1536w, https:\/\/www.elementlogic.net\/content\/uploads\/sites\/18\/2024\/09\/image-51-2048x1135.png 2048w\" sizes=\"(max-width: 768px) 100vw, 768px\" \/><\/div>\n\t\t\t\t<div class=\"t2-simple-media-text__content-container\">\n\t\t\t\t\t<div class=\"t2-simple-media-text__content\">\n\t\t\t\t\t\t<div class=\"t2-simple-media-text__content-inner\">\n\t\t\t\t\t\t\t\n\n<h3 class=\"wp-block-heading\" id=\"management\"><br>Localisation<\/h3>\n\n\n\n<p>Trouvez votre agence Element Logic et contactez-nous d\u00e8s aujourd\u2019hui.<\/p>\n\n\n\n<div class=\"wp-block-buttons is-layout-flex wp-block-buttons-is-layout-flex\">\n<div class=\"wp-block-button is-style-fill has-icon has-icon-theme_arrow\"><a class=\"wp-block-button__link wp-element-button\" href=\"https:\/\/www.elementlogic.net\/fr\/a-propos\/localisations\/\">En savoir plus<svg xmlns=\"http:\/\/www.w3.org\/2000\/svg\" viewBox=\"0 0 24 24\" height=\"24\" width=\"24\" class=\"t2-icon t2-icon-theme_arrow\" aria-hidden=\"true\" focusable=\"false\"><path d=\"M16.627 12.75H5.25C5.03717 12.75 4.859 12.6782 4.7155 12.5345C4.57183 12.391 4.5 12.2128 4.5 12C4.5 11.7872 4.57183 11.609 4.7155 11.4655C4.859 11.3218 5.03717 11.25 5.25 11.25H16.627L11.4577 6.08076C11.3091 5.93209 11.2357 5.75809 11.2375 5.55876C11.2395 5.35942 11.318 5.18217 11.473 5.02701C11.6282 4.88217 11.8038 4.80717 12 4.80201C12.1962 4.79684 12.3718 4.87184 12.527 5.02701L18.8673 11.3673C18.9609 11.4609 19.0269 11.5597 19.0652 11.6635C19.1037 11.7673 19.123 11.8795 19.123 12C19.123 12.1205 19.1037 12.2327 19.0652 12.3365C19.0269 12.4403 18.9609 12.5391 18.8673 12.6328L12.527 18.973C12.3885 19.1115 12.217 19.1823 12.0125 19.1855C11.808 19.1887 11.6282 19.1178 11.473 18.973C11.318 18.8178 11.2405 18.6397 11.2405 18.4385C11.2405 18.2372 11.318 18.0589 11.473 17.9038L16.627 12.75Z\" fill=\"var(--t2-icon-fill, #000)\"\/><\/svg><\/a><\/div>\n<\/div>\n\n\n\t\t\t\t\t\t<\/div>\n\t\t\t\t\t<\/div>\n\t\t\t\t<\/div>\n\t\t\t<\/div>\n\t\t<\/div>\n\t\t<\/div>\n","protected":false},"excerpt":{"rendered":"","protected":false},"author":6,"featured_media":0,"parent":0,"menu_order":0,"comment_status":"closed","ping_status":"closed","template":"","meta":{"hreflang_relation":750,"_el_cross_publish_source_blog_url":"","_el_cross_publish_source_blog_id":0,"_el_cross_publish_source_post_id":0,"_el_cross_publish_sync_state":"","exclude_from_search":false,"footnotes":""},"class_list":["post-210","page","type-page","status-publish","hentry"],"yoast_head":"<!-- This site is optimized with the Yoast SEO Premium plugin v23.9 (Yoast SEO v23.9) - https:\/\/yoast.com\/wordpress\/plugins\/seo\/ -->\n<title>(OLD) \u00c0 propos d&#039;Element Logic - Element Logic France<\/title>\n<meta name=\"description\" content=\"Element Logic con\u00e7oit, livre et installe des solutions de stockage automatis\u00e9es pour des soci\u00e9t\u00e9s de toutes tailles dans tous les secteurs d&#039;activit\u00e9.\" \/>\n<meta name=\"robots\" content=\"index, follow, max-snippet:-1, max-image-preview:large, max-video-preview:-1\" \/>\n<link rel=\"canonical\" href=\"https:\/\/www.elementlogic.net\/fr\/a-propos\/\" \/>\n<meta property=\"og:locale\" content=\"fr_FR\" \/>\n<meta property=\"og:type\" content=\"article\" \/>\n<meta property=\"og:title\" content=\"(OLD) \u00c0 propos d&#039;Element Logic\" \/>\n<meta property=\"og:description\" content=\"Element Logic con\u00e7oit, livre et installe des solutions de stockage automatis\u00e9es pour des soci\u00e9t\u00e9s de toutes tailles dans tous les secteurs d&#039;activit\u00e9.\" \/>\n<meta property=\"og:url\" content=\"https:\/\/www.elementlogic.net\/fr\/a-propos\/\" \/>\n<meta property=\"og:site_name\" content=\"Element Logic France\" \/>\n<meta property=\"article:modified_time\" content=\"2026-04-02T10:10:32+00:00\" \/>\n<meta name=\"twitter:card\" content=\"summary_large_image\" \/>\n<meta name=\"twitter:label1\" content=\"Dur\u00e9e de lecture estim\u00e9e\" \/>\n\t<meta name=\"twitter:data1\" content=\"1 minute\" \/>\n<script type=\"application\/ld+json\" class=\"yoast-schema-graph\">{\"@context\":\"https:\/\/schema.org\",\"@graph\":[{\"@type\":\"WebPage\",\"@id\":\"https:\/\/www.elementlogic.net\/fr\/a-propos\/\",\"url\":\"https:\/\/www.elementlogic.net\/fr\/a-propos\/\",\"name\":\"(OLD) \u00c0 propos d'Element Logic - Element Logic France\",\"isPartOf\":{\"@id\":\"https:\/\/www.elementlogic.net\/fr\/#website\"},\"datePublished\":\"2024-09-03T07:38:10+00:00\",\"dateModified\":\"2026-04-02T10:10:32+00:00\",\"description\":\"Element Logic con\u00e7oit, livre et installe des solutions de stockage automatis\u00e9es pour des soci\u00e9t\u00e9s de toutes tailles dans tous les secteurs d'activit\u00e9.\",\"inLanguage\":\"fr-FR\",\"potentialAction\":[{\"@type\":\"ReadAction\",\"target\":[\"https:\/\/www.elementlogic.net\/fr\/a-propos\/\"]}]},{\"@type\":\"WebSite\",\"@id\":\"https:\/\/www.elementlogic.net\/fr\/#website\",\"url\":\"https:\/\/www.elementlogic.net\/fr\/\",\"name\":\"Element Logic France\",\"description\":\"\",\"potentialAction\":[{\"@type\":\"SearchAction\",\"target\":{\"@type\":\"EntryPoint\",\"urlTemplate\":\"https:\/\/www.elementlogic.net\/fr\/?s={search_term_string}\"},\"query-input\":{\"@type\":\"PropertyValueSpecification\",\"valueRequired\":true,\"valueName\":\"search_term_string\"}}],\"inLanguage\":\"fr-FR\"}]}<\/script>\n<!-- \/ Yoast SEO Premium plugin. -->","yoast_head_json":{"title":"(OLD) \u00c0 propos d'Element Logic - Element Logic France","description":"Element Logic con\u00e7oit, livre et installe des solutions de stockage automatis\u00e9es pour des soci\u00e9t\u00e9s de toutes tailles dans tous les secteurs d'activit\u00e9.","robots":{"index":"index","follow":"follow","max-snippet":"max-snippet:-1","max-image-preview":"max-image-preview:large","max-video-preview":"max-video-preview:-1"},"canonical":"https:\/\/www.elementlogic.net\/fr\/a-propos\/","og_locale":"fr_FR","og_type":"article","og_title":"(OLD) \u00c0 propos d'Element Logic","og_description":"Element Logic con\u00e7oit, livre et installe des solutions de stockage automatis\u00e9es pour des soci\u00e9t\u00e9s de toutes tailles dans tous les secteurs d'activit\u00e9.","og_url":"https:\/\/www.elementlogic.net\/fr\/a-propos\/","og_site_name":"Element Logic France","article_modified_time":"2026-04-02T10:10:32+00:00","twitter_card":"summary_large_image","twitter_misc":{"Dur\u00e9e de lecture estim\u00e9e":"1 minute"},"schema":{"@context":"https:\/\/schema.org","@graph":[{"@type":"WebPage","@id":"https:\/\/www.elementlogic.net\/fr\/a-propos\/","url":"https:\/\/www.elementlogic.net\/fr\/a-propos\/","name":"(OLD) \u00c0 propos d'Element Logic - Element Logic France","isPartOf":{"@id":"https:\/\/www.elementlogic.net\/fr\/#website"},"datePublished":"2024-09-03T07:38:10+00:00","dateModified":"2026-04-02T10:10:32+00:00","description":"Element Logic con\u00e7oit, livre et installe des solutions de stockage automatis\u00e9es pour des soci\u00e9t\u00e9s de toutes tailles dans tous les secteurs d'activit\u00e9.","inLanguage":"fr-FR","potentialAction":[{"@type":"ReadAction","target":["https:\/\/www.elementlogic.net\/fr\/a-propos\/"]}]},{"@type":"WebSite","@id":"https:\/\/www.elementlogic.net\/fr\/#website","url":"https:\/\/www.elementlogic.net\/fr\/","name":"Element Logic France","description":"","potentialAction":[{"@type":"SearchAction","target":{"@type":"EntryPoint","urlTemplate":"https:\/\/www.elementlogic.net\/fr\/?s={search_term_string}"},"query-input":{"@type":"PropertyValueSpecification","valueRequired":true,"valueName":"search_term_string"}}],"inLanguage":"fr-FR"}]}},"_links":{"self":[{"href":"https:\/\/www.elementlogic.net\/fr\/wp-json\/wp\/v2\/pages\/210"}],"collection":[{"href":"https:\/\/www.elementlogic.net\/fr\/wp-json\/wp\/v2\/pages"}],"about":[{"href":"https:\/\/www.elementlogic.net\/fr\/wp-json\/wp\/v2\/types\/page"}],"author":[{"embeddable":true,"href":"https:\/\/www.elementlogic.net\/fr\/wp-json\/wp\/v2\/users\/6"}],"replies":[{"embeddable":true,"href":"https:\/\/www.elementlogic.net\/fr\/wp-json\/wp\/v2\/comments?post=210"}],"version-history":[{"count":5,"href":"https:\/\/www.elementlogic.net\/fr\/wp-json\/wp\/v2\/pages\/210\/revisions"}],"predecessor-version":[{"id":2998,"href":"https:\/\/www.elementlogic.net\/fr\/wp-json\/wp\/v2\/pages\/210\/revisions\/2998"}],"wp:attachment":[{"href":"https:\/\/www.elementlogic.net\/fr\/wp-json\/wp\/v2\/media?parent=210"}],"curies":[{"name":"wp","href":"https:\/\/api.w.org\/{rel}","templated":true}]}}