{"id":2120,"date":"2025-05-30T11:45:52","date_gmt":"2025-05-30T11:45:52","guid":{"rendered":"https:\/\/www.elementlogic.net\/europe\/?page_id=33"},"modified":"2025-12-02T09:52:21","modified_gmt":"2025-12-02T09:52:21","slug":"black-friday","status":"publish","type":"page","link":"https:\/\/www.elementlogic.net\/fr\/livres-blancs\/black-friday\/","title":{"rendered":"\u00cates-vous pr\u00eat pour le Black Friday ?"},"content":{"rendered":"\n\t\t<div style=\"--dekode-hero-dim:0.5; --t2-icon-fill:var(--wp--preset--color--white); min-height:80px;\" class=\"alignfull dekode-hero-content-position-center has-media-background wp-block-dekode-hero has-text-color has-white-color\">\n\t\t\t<img loading=\"lazy\" decoding=\"async\" width=\"1024\" height=\"422\" src=\"https:\/\/www.elementlogic.net\/content\/uploads\/sites\/18\/2025\/05\/autostore_efficiency1-1024x422.jpg\" class=\"dekode-hero__image\" alt=\"\" style=\"--focalpoint: 50% 50%;\" srcset=\"https:\/\/www.elementlogic.net\/content\/uploads\/sites\/18\/2025\/05\/autostore_efficiency1-1024x422.jpg 1024w, https:\/\/www.elementlogic.net\/content\/uploads\/sites\/18\/2025\/05\/autostore_efficiency1-300x124.jpg 300w, https:\/\/www.elementlogic.net\/content\/uploads\/sites\/18\/2025\/05\/autostore_efficiency1-768x317.jpg 768w, https:\/\/www.elementlogic.net\/content\/uploads\/sites\/18\/2025\/05\/autostore_efficiency1-1536x634.jpg 1536w, https:\/\/www.elementlogic.net\/content\/uploads\/sites\/18\/2025\/05\/autostore_efficiency1.jpg 1600w\" sizes=\"(max-width: 1024px) 100vw, 1024px\" \/>\n\t\t\t<div class=\"dekode-hero__content\">\n\t\t\t\t<div class=\"dekode-hero__container\">\n\t\t\t\t\t\n\n<h1 class=\"wp-block-heading\" id=\"h-le-black-friday-a-t-il-ete-un-succes\"><strong>Le Black Friday a-t-il \u00e9t\u00e9 un succ\u00e8s?<\/strong><\/h1>\n\n\n\n<p>Le succ\u00e8s se construit bien avant la premi\u00e8re commande. Dans ce livre blanc, d\u00e9couvrez comment les marques les plus performantes anticipent et se pr\u00e9parent pour tirer le meilleur parti de la haute saison.<\/p>\n\n\n\n<div class=\"wp-block-buttons is-layout-flex wp-block-buttons-is-layout-flex\">\n<div class=\"wp-block-button has-icon has-icon-theme_arrow\"><a class=\"wp-block-button__link wp-element-button\" href=\"#dans-ce-livre-blanc-vous-decouvrirez\">T\u00e9l\u00e9chargez le livre blanc<svg xmlns=\"http:\/\/www.w3.org\/2000\/svg\" viewBox=\"0 0 24 24\" height=\"24\" width=\"24\" class=\"t2-icon t2-icon-theme_arrow\" aria-hidden=\"true\" focusable=\"false\"><path d=\"M16.627 12.75H5.25C5.03717 12.75 4.859 12.6782 4.7155 12.5345C4.57183 12.391 4.5 12.2128 4.5 12C4.5 11.7872 4.57183 11.609 4.7155 11.4655C4.859 11.3218 5.03717 11.25 5.25 11.25H16.627L11.4577 6.08076C11.3091 5.93209 11.2357 5.75809 11.2375 5.55876C11.2395 5.35942 11.318 5.18217 11.473 5.02701C11.6282 4.88217 11.8038 4.80717 12 4.80201C12.1962 4.79684 12.3718 4.87184 12.527 5.02701L18.8673 11.3673C18.9609 11.4609 19.0269 11.5597 19.0652 11.6635C19.1037 11.7673 19.123 11.8795 19.123 12C19.123 12.1205 19.1037 12.2327 19.0652 12.3365C19.0269 12.4403 18.9609 12.5391 18.8673 12.6328L12.527 18.973C12.3885 19.1115 12.217 19.1823 12.0125 19.1855C11.808 19.1887 11.6282 19.1178 11.473 18.973C11.318 18.8178 11.2405 18.6397 11.2405 18.4385C11.2405 18.2372 11.318 18.0589 11.473 17.9038L16.627 12.75Z\" fill=\"var(--t2-icon-fill, #000)\"\/><\/svg><\/a><\/div>\n<\/div>\n\n\n\t\t\t\t<\/div>\n\t\t\t<\/div>\n\t\t<\/div>\n\t\t\n\n\n<p>Pour de nombreux d\u00e9taillants, le Black Friday ne se r\u00e9sume pas \u00e0 une p\u00e9riode de forte activit\u00e9 : c\u2019est un v\u00e9ritable test grandeur nature de l\u2019ensemble de leurs op\u00e9rations.<br>Vitesse, pr\u00e9cision, efficacit\u00e9 : la pression est \u00e0 son comble, chaque seconde compte. Il faut livrer plus vite, plus intelligemment, sans erreur.<\/p>\n\n\n\n<p><strong>Mais avec une pr\u00e9paration rigoureuse, le Black Friday peut devenir une formidable opportunit\u00e9 d\u2019attirer de nouveaux clients\u2026 et de les fid\u00e9liser.<\/strong><\/p>\n\n\n\n<p>Comme l\u2019explique Andrew Aldworth chez Helly Hansen :<\/p>\n\n\n\n\t\t<blockquote class=\"wp-block-dekode-quote\">\n\t\t\t<div class=\"wp-block-dekode-quote__icon\">\n\t\t\t\t<svg xmlns=\"http:\/\/www.w3.org\/2000\/svg\" viewBox=\"0 0 24 24\" height=\"96\" width=\"96\" class=\"t2-icon t2-icon-theme_quote\" aria-hidden=\"true\" focusable=\"false\"><path d=\"M6.7808 16.5288L8.49055 13.5673C8.43289 13.5993 8.36555 13.6217 8.28855 13.6345C8.21155 13.6473 8.13464 13.6538 8.0578 13.6538C7.04114 13.6538 6.17797 13.2958 5.4683 12.5798C4.7588 11.8638 4.40405 11.0038 4.40405 10C4.40405 8.98334 4.7588 8.12017 5.4683 7.4105C6.17797 6.701 7.04114 6.34625 8.0578 6.34625C9.06164 6.34625 9.92155 6.701 10.6376 7.4105C11.3536 8.12017 11.7116 8.98334 11.7116 10C11.7116 10.3513 11.669 10.6783 11.5838 10.9808C11.4985 11.2833 11.3737 11.5718 11.2096 11.8463L8.07305 17.2788C8.00905 17.3904 7.92122 17.4808 7.80955 17.55C7.69805 17.6192 7.57305 17.6538 7.43455 17.6538C7.14739 17.6538 6.93205 17.5288 6.78855 17.2788C6.64489 17.0288 6.6423 16.7788 6.7808 16.5288ZM15.6656 16.5288L17.3751 13.5673C17.3174 13.5993 17.2501 13.6217 17.1731 13.6345C17.0962 13.6473 17.0193 13.6538 16.9423 13.6538C15.9256 13.6538 15.0626 13.2958 14.3531 12.5798C13.6434 11.8638 13.2886 11.0038 13.2886 10C13.2886 8.977 13.6434 8.11225 14.3531 7.40575C15.0626 6.69942 15.9256 6.34625 16.9423 6.34625C17.9461 6.34625 18.8061 6.701 19.5221 7.4105C20.2381 8.12017 20.5961 8.98334 20.5961 10C20.5961 10.3513 20.5535 10.6783 20.4683 10.9808C20.383 11.2833 20.2583 11.5718 20.0943 11.8463L16.9578 17.2788C16.8936 17.3904 16.8058 17.4808 16.6943 17.55C16.5828 17.6192 16.4578 17.6538 16.3193 17.6538C16.0321 17.6538 15.8167 17.5288 15.6731 17.2788C15.5296 17.0288 15.5271 16.7788 15.6656 16.5288Z\" fill=\"var(--t2-icon-fill, #000)\"\/><\/svg>\n\t\t\t<\/div>\n\t\t\t<div class=\"wp-block-dekode-quote__text\">\n\t\t\t\t<p>Aujourd\u2019hui, la charge de travail durant la Black Week est bien plus g\u00e9rable, aussi bien physiquement que mentalement. Il y a toujours autant de monde, mais nous sommes pr\u00eats.<\/p>\n<cite><\/cite>\n\t\t\t<\/div>\n\t\t<\/blockquote>\n\n\n<h3 class=\"wp-block-heading\" id=\"dans-ce-livre-blanc-vous-decouvrirez\">Dans ce livre blanc, vous d\u00e9couvrirez :<\/h3>\n\n\n\n<ul class=\"wp-block-list\">\n<li>Comment <strong>Helly Hansen<\/strong> a r\u00e9duit de 75 % ses co\u00fbts li\u00e9s au travail int\u00e9rimaire pendant la haute saison<\/li>\n\n\n\n<li>Comment <strong>Nordic Nest<\/strong> r\u00e9alise un tiers de son chiffre d\u2019affaires annuel en quelques semaines<\/li>\n\n\n\n<li>Comment <strong>SportFits <\/strong>a mis en place une strat\u00e9gie de croissance intelligente gr\u00e2ce \u00e0 l\u2019automatisation<\/li>\n\n\n\n<li>Comment <strong>tirer parti de vos donn\u00e9es <\/strong>pour mieux anticiper votre prochain pic saisonnier<\/li>\n\n\n\n<li>Le r\u00f4le cl\u00e9 d\u2019AutoStore, optimis\u00e9 par Element Logic, pour des <strong>op\u00e9rations \u00e0 haut rendement<\/strong><\/li>\n\n\n\n<li>Les <strong>conseils d\u2019experts<\/strong> d\u2019Element Logic pour se pr\u00e9parer efficacement \u00e0 la haute saison<\/li>\n\n\n\n<li>Une <strong>checklist<\/strong> pratique pour simplifier votre planification<\/li>\n<\/ul>\n\n\n\n<p><strong>Ne vous contentez pas de subir la haute saison. Transformez-la en levier de performance durable.<\/strong><\/p>\n\n\n\n<p><em>Ce livre blanc est gratuit et disponible en anglais.<\/em><\/p>\n\n\n\n\t\t<div class=\"wp-block-dekode-dynamics-form\">\n\t\t\t<div class=\"embedded-form\">\n\t\t\t\t<div\n\t\t\t\t\tdata-form-id=\"646a4e66-712a-f011-8c4e-6045bdf51dec\"\n\t\t\t\t\tdata-form-api-url=\"https:\/\/public-eur.mkt.dynamics.com\/api\/v1.0\/orgs\/0d653081-4a98-4454-9ade-26f2fbe674ee\/landingpageforms\"\n\t\t\t\t\tdata-cached-form-url=\"https:\/\/assets-eur.mkt.dynamics.com\/0d653081-4a98-4454-9ade-26f2fbe674ee\/digitalassets\/forms\/646a4e66-712a-f011-8c4e-6045bdf51dec\"\n\t\t\t\t><\/div>\n\t\t\t<\/div>\n\t\t<\/div>","protected":false},"excerpt":{"rendered":"<p>Pour de nombreux d\u00e9taillants, le Black Friday ne se r\u00e9sume pas \u00e0 une p\u00e9riode de forte activit\u00e9 : c\u2019est un [&hellip;]<\/p>\n","protected":false},"author":3,"featured_media":0,"parent":155,"menu_order":0,"comment_status":"closed","ping_status":"closed","template":"","meta":{"hreflang_relation":0,"_el_cross_publish_source_blog_url":"","_el_cross_publish_source_blog_id":0,"_el_cross_publish_source_post_id":0,"_el_cross_publish_sync_state":"","exclude_from_search":false,"footnotes":""},"class_list":["post-2120","page","type-page","status-publish","hentry"],"yoast_head":"<!-- This site is optimized with the Yoast SEO Premium plugin v23.9 (Yoast SEO v23.9) - https:\/\/yoast.com\/wordpress\/plugins\/seo\/ -->\n<title>Livre blanc : \u00cates-vous pr\u00eat pour le Black Friday ?<\/title>\n<meta name=\"description\" content=\"Dans ce livre blanc Element Logic, d\u00e9couvrez comment les marques les plus performantes tirent le meilleur parti du Black Friday.\" \/>\n<meta name=\"robots\" content=\"index, follow, max-snippet:-1, max-image-preview:large, max-video-preview:-1\" \/>\n<link rel=\"canonical\" href=\"https:\/\/www.elementlogic.net\/fr\/livres-blancs\/black-friday\/\" \/>\n<meta property=\"og:locale\" content=\"fr_FR\" \/>\n<meta property=\"og:type\" content=\"article\" \/>\n<meta property=\"og:title\" content=\"\u00cates-vous pr\u00eat pour le Black Friday ?\" \/>\n<meta property=\"og:description\" content=\"Dans ce livre blanc Element Logic, d\u00e9couvrez comment les marques les plus performantes tirent le meilleur parti du Black Friday.\" \/>\n<meta property=\"og:url\" content=\"https:\/\/www.elementlogic.net\/fr\/livres-blancs\/black-friday\/\" \/>\n<meta property=\"og:site_name\" content=\"Element Logic France\" \/>\n<meta property=\"article:modified_time\" content=\"2025-12-02T09:52:21+00:00\" \/>\n<meta name=\"twitter:card\" content=\"summary_large_image\" \/>\n<script type=\"application\/ld+json\" class=\"yoast-schema-graph\">{\"@context\":\"https:\/\/schema.org\",\"@graph\":[{\"@type\":\"WebPage\",\"@id\":\"https:\/\/www.elementlogic.net\/fr\/livres-blancs\/black-friday\/\",\"url\":\"https:\/\/www.elementlogic.net\/fr\/livres-blancs\/black-friday\/\",\"name\":\"Livre blanc : \u00cates-vous pr\u00eat pour le Black Friday ?\",\"isPartOf\":{\"@id\":\"https:\/\/www.elementlogic.net\/fr\/#website\"},\"datePublished\":\"2025-05-30T11:45:52+00:00\",\"dateModified\":\"2025-12-02T09:52:21+00:00\",\"description\":\"Dans ce livre blanc Element Logic, d\u00e9couvrez comment les marques les plus performantes tirent le meilleur parti du Black Friday.\",\"breadcrumb\":{\"@id\":\"https:\/\/www.elementlogic.net\/fr\/livres-blancs\/black-friday\/#breadcrumb\"},\"inLanguage\":\"fr-FR\",\"potentialAction\":[{\"@type\":\"ReadAction\",\"target\":[\"https:\/\/www.elementlogic.net\/fr\/livres-blancs\/black-friday\/\"]}]},{\"@type\":\"BreadcrumbList\",\"@id\":\"https:\/\/www.elementlogic.net\/fr\/livres-blancs\/black-friday\/#breadcrumb\",\"itemListElement\":[{\"@type\":\"ListItem\",\"position\":1,\"name\":\"Livres blancs\",\"item\":\"https:\/\/www.elementlogic.net\/fr\/livres-blancs\/\"},{\"@type\":\"ListItem\",\"position\":2,\"name\":\"\u00cates-vous pr\u00eat pour le Black Friday ?\"}]},{\"@type\":\"WebSite\",\"@id\":\"https:\/\/www.elementlogic.net\/fr\/#website\",\"url\":\"https:\/\/www.elementlogic.net\/fr\/\",\"name\":\"Element Logic France\",\"description\":\"\",\"potentialAction\":[{\"@type\":\"SearchAction\",\"target\":{\"@type\":\"EntryPoint\",\"urlTemplate\":\"https:\/\/www.elementlogic.net\/fr\/?s={search_term_string}\"},\"query-input\":{\"@type\":\"PropertyValueSpecification\",\"valueRequired\":true,\"valueName\":\"search_term_string\"}}],\"inLanguage\":\"fr-FR\"}]}<\/script>\n<!-- \/ Yoast SEO Premium plugin. -->","yoast_head_json":{"title":"Livre blanc : \u00cates-vous pr\u00eat pour le Black Friday ?","description":"Dans ce livre blanc Element Logic, d\u00e9couvrez comment les marques les plus performantes tirent le meilleur parti du Black Friday.","robots":{"index":"index","follow":"follow","max-snippet":"max-snippet:-1","max-image-preview":"max-image-preview:large","max-video-preview":"max-video-preview:-1"},"canonical":"https:\/\/www.elementlogic.net\/fr\/livres-blancs\/black-friday\/","og_locale":"fr_FR","og_type":"article","og_title":"\u00cates-vous pr\u00eat pour le Black Friday ?","og_description":"Dans ce livre blanc Element Logic, d\u00e9couvrez comment les marques les plus performantes tirent le meilleur parti du Black Friday.","og_url":"https:\/\/www.elementlogic.net\/fr\/livres-blancs\/black-friday\/","og_site_name":"Element Logic France","article_modified_time":"2025-12-02T09:52:21+00:00","twitter_card":"summary_large_image","schema":{"@context":"https:\/\/schema.org","@graph":[{"@type":"WebPage","@id":"https:\/\/www.elementlogic.net\/fr\/livres-blancs\/black-friday\/","url":"https:\/\/www.elementlogic.net\/fr\/livres-blancs\/black-friday\/","name":"Livre blanc : \u00cates-vous pr\u00eat pour le Black Friday ?","isPartOf":{"@id":"https:\/\/www.elementlogic.net\/fr\/#website"},"datePublished":"2025-05-30T11:45:52+00:00","dateModified":"2025-12-02T09:52:21+00:00","description":"Dans ce livre blanc Element Logic, d\u00e9couvrez comment les marques les plus performantes tirent le meilleur parti du Black Friday.","breadcrumb":{"@id":"https:\/\/www.elementlogic.net\/fr\/livres-blancs\/black-friday\/#breadcrumb"},"inLanguage":"fr-FR","potentialAction":[{"@type":"ReadAction","target":["https:\/\/www.elementlogic.net\/fr\/livres-blancs\/black-friday\/"]}]},{"@type":"BreadcrumbList","@id":"https:\/\/www.elementlogic.net\/fr\/livres-blancs\/black-friday\/#breadcrumb","itemListElement":[{"@type":"ListItem","position":1,"name":"Livres blancs","item":"https:\/\/www.elementlogic.net\/fr\/livres-blancs\/"},{"@type":"ListItem","position":2,"name":"\u00cates-vous pr\u00eat pour le Black Friday ?"}]},{"@type":"WebSite","@id":"https:\/\/www.elementlogic.net\/fr\/#website","url":"https:\/\/www.elementlogic.net\/fr\/","name":"Element Logic France","description":"","potentialAction":[{"@type":"SearchAction","target":{"@type":"EntryPoint","urlTemplate":"https:\/\/www.elementlogic.net\/fr\/?s={search_term_string}"},"query-input":{"@type":"PropertyValueSpecification","valueRequired":true,"valueName":"search_term_string"}}],"inLanguage":"fr-FR"}]}},"_links":{"self":[{"href":"https:\/\/www.elementlogic.net\/fr\/wp-json\/wp\/v2\/pages\/2120"}],"collection":[{"href":"https:\/\/www.elementlogic.net\/fr\/wp-json\/wp\/v2\/pages"}],"about":[{"href":"https:\/\/www.elementlogic.net\/fr\/wp-json\/wp\/v2\/types\/page"}],"author":[{"embeddable":true,"href":"https:\/\/www.elementlogic.net\/fr\/wp-json\/wp\/v2\/users\/3"}],"replies":[{"embeddable":true,"href":"https:\/\/www.elementlogic.net\/fr\/wp-json\/wp\/v2\/comments?post=2120"}],"version-history":[{"count":5,"href":"https:\/\/www.elementlogic.net\/fr\/wp-json\/wp\/v2\/pages\/2120\/revisions"}],"predecessor-version":[{"id":2447,"href":"https:\/\/www.elementlogic.net\/fr\/wp-json\/wp\/v2\/pages\/2120\/revisions\/2447"}],"up":[{"embeddable":true,"href":"https:\/\/www.elementlogic.net\/fr\/wp-json\/wp\/v2\/pages\/155"}],"wp:attachment":[{"href":"https:\/\/www.elementlogic.net\/fr\/wp-json\/wp\/v2\/media?parent=2120"}],"curies":[{"name":"wp","href":"https:\/\/api.w.org\/{rel}","templated":true}]}}