{"id":2478,"date":"2026-03-25T17:17:51","date_gmt":"2026-03-25T17:17:51","guid":{"rendered":"https:\/\/www.elementlogic.net\/fr\/?page_id=2478"},"modified":"2026-03-25T17:24:45","modified_gmt":"2026-03-25T17:24:45","slug":"e-commerce","status":"publish","type":"page","link":"https:\/\/www.elementlogic.net\/fr\/secteurs\/e-commerce\/","title":{"rendered":"Secteur e-commerce"},"content":{"rendered":"\n\t\t<div style=\"--dekode-hero-dim:0.5; --t2-icon-fill:var(--wp--preset--color--white);\" class=\"alignfull dekode-hero-content-position-center has-media-background wp-block-dekode-hero has-text-color has-white-color\">\n\t\t\t<img loading=\"lazy\" decoding=\"async\" width=\"1024\" height=\"683\" src=\"https:\/\/www.elementlogic.net\/content\/uploads\/sites\/18\/2026\/03\/ecommerce-1-1024x683.png\" class=\"dekode-hero__image\" alt=\"\" style=\"--focalpoint: 69% 94%;\" srcset=\"https:\/\/www.elementlogic.net\/content\/uploads\/sites\/18\/2026\/03\/ecommerce-1-1024x683.png 1024w, https:\/\/www.elementlogic.net\/content\/uploads\/sites\/18\/2026\/03\/ecommerce-1-300x200.png 300w, https:\/\/www.elementlogic.net\/content\/uploads\/sites\/18\/2026\/03\/ecommerce-1-768x512.png 768w, https:\/\/www.elementlogic.net\/content\/uploads\/sites\/18\/2026\/03\/ecommerce-1.png 1536w\" sizes=\"(max-width: 1024px) 100vw, 1024px\" \/>\n\t\t\t<div class=\"dekode-hero__content\">\n\t\t\t\t<div class=\"dekode-hero__container\">\n\t\t\t\t\t\n\n<p><\/p>\n\n\n\n<h1 class=\"wp-block-heading\" id=\"h-e-commerce\">E-Commerce<\/h1>\n\n\n<p class=\"t2-ingress wp-block-t2-ingress\">Une solution automatis\u00e9e d\u2019entrep\u00f4t con\u00e7ue pour accro\u00eetre vos performances et \u00eatre \u00e9volutif<\/p>\n\n\n<div class=\"wp-block-buttons is-layout-flex wp-block-buttons-is-layout-flex\">\n<div class=\"wp-block-button hs-cta-trigger-button hs-cta-trigger-button-195241208906 has-icon has-icon-theme_arrow\"><a class=\"wp-block-button__link wp-element-button\" href=\"https:\/\/www.elementlogic.net\/fr\/contact\/\">Contactez-nous<svg xmlns=\"http:\/\/www.w3.org\/2000\/svg\" viewBox=\"0 0 24 24\" height=\"24\" width=\"24\" class=\"t2-icon t2-icon-theme_arrow\" aria-hidden=\"true\" focusable=\"false\"><path d=\"M16.627 12.75H5.25C5.03717 12.75 4.859 12.6782 4.7155 12.5345C4.57183 12.391 4.5 12.2128 4.5 12C4.5 11.7872 4.57183 11.609 4.7155 11.4655C4.859 11.3218 5.03717 11.25 5.25 11.25H16.627L11.4577 6.08076C11.3091 5.93209 11.2357 5.75809 11.2375 5.55876C11.2395 5.35942 11.318 5.18217 11.473 5.02701C11.6282 4.88217 11.8038 4.80717 12 4.80201C12.1962 4.79684 12.3718 4.87184 12.527 5.02701L18.8673 11.3673C18.9609 11.4609 19.0269 11.5597 19.0652 11.6635C19.1037 11.7673 19.123 11.8795 19.123 12C19.123 12.1205 19.1037 12.2327 19.0652 12.3365C19.0269 12.4403 18.9609 12.5391 18.8673 12.6328L12.527 18.973C12.3885 19.1115 12.217 19.1823 12.0125 19.1855C11.808 19.1887 11.6282 19.1178 11.473 18.973C11.318 18.8178 11.2405 18.6397 11.2405 18.4385C11.2405 18.2372 11.318 18.0589 11.473 17.9038L16.627 12.75Z\" fill=\"var(--t2-icon-fill, #000)\"\/><\/svg><\/a><\/div>\n<\/div>\n\n\n\t\t\t\t<\/div>\n\t\t\t<\/div>\n\t\t<\/div>\n\t\t\n\n<p class=\"t2-ingress wp-block-t2-ingress\">Dans le e-commerce, les attentes clients se comptent en heures, et non plus en jours. La livraison le jour m\u00eame ou le lendemain est devenue un standard, et la moindre erreur dans la pr\u00e9paration de commandes peut avoir un impact direct sur la satisfaction et la fid\u00e9lit\u00e9 client. Pour rester comp\u00e9titives, les entreprises doivent s\u2019appuyer sur une logistique e-commerce rapide, pr\u00e9cise et capable de monter en charge rapidement.<\/p>\n\n\n<p><\/p>\n\n\n\n<p>Element Logic accompagne les acteurs du e-commerce, quelle que soit leur taille ou leur mod\u00e8le (B2C, D2C, omnicanal), gr\u00e2ce \u00e0 des solutions d\u2019automatisation d\u2019entrep\u00f4t intelligentes. Forts de plus de 40 ans d\u2019expertise en intralogistique, nous concevons des syst\u00e8mes d\u2019automatisation qui augmentent la productivit\u00e9, r\u00e9duisent les co\u00fbts op\u00e9rationnels et soutiennent durablement la croissance de vos activit\u00e9s e-commerce.<\/p>\n\n\n\n<div class=\"wp-block-group has-global-padding is-layout-constrained wp-block-group-is-layout-constrained\">\n<h2 class=\"wp-block-heading wp-container-content-1\" id=\"h-les-principaux-defis-de-la-logistique-du-e-commerce\">Les principaux d\u00e9fis de la logistique du e-commerce<\/h2>\n\n\n\n<ul class=\"wp-block-list\">\n<li>R\u00e9pondre aux exigences de livraison le jour m\u00eame et le lendemain<\/li>\n\n\n\n<li>Absorber des pics de commandes soudains li\u00e9s aux promotions, p\u00e9riodes de f\u00eates ou ventes virales<\/li>\n\n\n\n<li>G\u00e9rer un volume \u00e9lev\u00e9 de r\u00e9f\u00e9rences (SKU) avec des process de pr\u00e9paration complexes<\/li>\n\n\n\n<li>Faire face \u00e0 la hausse des co\u00fbts de main-d\u2019\u0153uvre et aux difficult\u00e9s de recrutement<\/li>\n\n\n\n<li>Garantir des livraisons fiables, pr\u00e9cises et sans erreur pour optimiser l\u2019exp\u00e9rience client<\/li>\n<\/ul>\n<\/div>\n\n\n\n\t\t<div style=\"--dekode-hero-dim:0.5; --t2-icon-fill:var(--wp--preset--color--white);\" class=\"alignfull dekode-hero-content-position-center has-media-background wp-block-dekode-hero has-text-color has-white-color\">\n\t\t\t\t\t<video\n\t\t\tautoplay\n\t\t\tloop\n\t\t\tmuted\n\t\t\tplaysinline\n\t\t\tposter=\"https:\/\/www.elementlogic.net\/content\/uploads\/sites\/18\/2026\/03\/ecomerce-1.png\"\n\t\t\tsrc=\"https:\/\/www.elementlogic.net\/content\/uploads\/2024\/07\/solutions-and-services.mp4\">\n\t\t<\/video>\n\t\t\n\t\t\t<div class=\"dekode-hero__content\">\n\t\t\t\t<div class=\"dekode-hero__container\">\n\t\t\t\t\t\n\n<h2 class=\"wp-block-heading\" id=\"h-decouvrez-les-leaders-du-e-commerce-qui-nous-font-confiance\">D\u00e9couvrez les leaders du e-commerce qui nous font confiance<\/h2>\n\n\n\t\t\t\t<\/div>\n\t\t\t<\/div>\n\t\t<\/div>\n\t\t\n\n<div class=\"t2-featured-content-layout alignwide wp-block-t2-featured-content-layout\">\n<div class=\"t2-featured-query-post t2-featured-content is-post-type-case case_tax-retail wp-block-t2-featured-query-post\"><a class=\"t2-post-link wp-block-t2-post-link\" href=\"https:\/\/www.elementlogic.net\/fr\/cas-clients\/entrepot-wesco\/\">\n\t<div class=\"client-logo-image-wrapper\"><img loading=\"lazy\" decoding=\"async\" width=\"247\" height=\"93\" src=\"https:\/\/www.elementlogic.net\/content\/uploads\/sites\/18\/2025\/03\/logoWesco.png\" class=\"client-logo-image\" alt=\"\" \/><\/div>\n\t<figure style=\"--t2-focal-point: 50% 50%;\" class=\"t2-post-featured-image has-image-ratio-3-2 wp-block-t2-post-featured-image\"><img loading=\"lazy\" decoding=\"async\" width=\"725\" height=\"483\" src=\"https:\/\/www.elementlogic.net\/content\/uploads\/sites\/18\/2025\/03\/Wesco1.jpg\" class=\"attachment-post-thumbnail size-post-thumbnail wp-post-image\" alt=\"\" srcset=\"https:\/\/www.elementlogic.net\/content\/uploads\/sites\/18\/2025\/03\/Wesco1.jpg 725w, https:\/\/www.elementlogic.net\/content\/uploads\/sites\/18\/2025\/03\/Wesco1-300x200.jpg 300w\" sizes=\"(max-width: 725px) 100vw, 725px\" \/><\/figure>\n\t\n<\/a>\n\n\t\t<div class=\"card-content wp-block-t2-wrapper\">\n\t<div class=\"wp-block-dekode-post-terms\"><span>Retail<\/span><\/div>\n\t<h3 class=\"t2-post-title wp-block-t2-post-title\"><a href=\"https:\/\/www.elementlogic.net\/fr\/cas-clients\/entrepot-wesco\/\" target=\"_self\" >Une zone de stockage divis\u00e9e par 10 dans l\u2019entrep\u00f4t Wesco gr\u00e2ce \u00e0 Element Logic<\/a><\/h3>\n\t<div class=\"t2-post-excerpt wp-block-t2-post-excerpt\"><p>FWesco commercialise ses produits via son site internet ou son catalogue papier. Il est donc imp\u00e9ratif de pouvoir pr\u00e9parer efficacement [&hellip;]<\/p><\/div>\n<\/div>\n<\/div>\n\n<div class=\"t2-featured-query-post t2-featured-content is-post-type-case case_tax-retail wp-block-t2-featured-query-post\"><a class=\"t2-post-link wp-block-t2-post-link\" href=\"https:\/\/www.elementlogic.net\/fr\/cas-clients\/peterhans\/\">\n\t\n\t<figure style=\"--t2-focal-point: 50% 50%;\" class=\"t2-post-featured-image has-image-ratio-3-2 wp-block-t2-post-featured-image\"><img loading=\"lazy\" decoding=\"async\" width=\"1920\" height=\"1278\" src=\"https:\/\/www.elementlogic.net\/content\/uploads\/sites\/18\/\/2024\/09\/Peterhans-AutoStore-sales-counter.jpg\" class=\"attachment-post-thumbnail size-post-thumbnail wp-post-image\" alt=\"\" srcset=\"https:\/\/www.elementlogic.net\/content\/uploads\/sites\/18\/2024\/09\/Peterhans-AutoStore-sales-counter.jpg 1920w, https:\/\/www.elementlogic.net\/content\/uploads\/sites\/18\/2024\/09\/Peterhans-AutoStore-sales-counter-300x200.jpg 300w, https:\/\/www.elementlogic.net\/content\/uploads\/sites\/18\/2024\/09\/Peterhans-AutoStore-sales-counter-1024x682.jpg 1024w, https:\/\/www.elementlogic.net\/content\/uploads\/sites\/18\/2024\/09\/Peterhans-AutoStore-sales-counter-768x511.jpg 768w, https:\/\/www.elementlogic.net\/content\/uploads\/sites\/18\/2024\/09\/Peterhans-AutoStore-sales-counter-1536x1022.jpg 1536w\" sizes=\"(max-width: 1920px) 100vw, 1920px\" \/><\/figure>\n\t\n<\/a>\n\n\t\t<div class=\"card-content wp-block-t2-wrapper\">\n\t<div class=\"wp-block-dekode-post-terms\"><span>Retail<\/span><\/div>\n\t<h3 class=\"t2-post-title wp-block-t2-post-title\"><a href=\"https:\/\/www.elementlogic.net\/fr\/cas-clients\/peterhans\/\" target=\"_self\" >Le centre de micro-fulfillment de Peterhans cr\u00e9e une exp\u00e9rience d\u2019achat unique<\/a><\/h3>\n\t<div class=\"t2-post-excerpt wp-block-t2-post-excerpt\"><p>Peterhans Handerwerkercenter AG vend des mat\u00e9riaux de construction, des outils, des machines et des \u00e9quipements, directement aux clients et aux [&hellip;]<\/p><\/div>\n<\/div>\n<\/div>\n\n\n<\/div>\n\n\n<div class=\"wp-block-buttons is-layout-flex wp-block-buttons-is-layout-flex\">\n<div class=\"wp-block-button\"><a class=\"wp-block-button__link wp-element-button\" href=\"https:\/\/www.elementlogic.net\/fr\/cases\/category\/retail\/\">D\u00e9couvrez nos autres cas clients sur le secteur e-commerce<\/a><\/div>\n<\/div>\n\n\n\n<div class=\"wp-block-group is-layout-flex wp-block-group-is-layout-flex\">\n<h2 class=\"wp-block-heading wp-container-content-2\" id=\"h-pourquoi-les-acteurs-du-e-commerce-choisissent-element-logic\">Pourquoi les acteurs du e-commerce choisissent Element Logic<\/h2>\n\n\n\n<ul class=\"wp-block-list\">\n<li><strong>Acc\u00e9l\u00e9rer la pr\u00e9paration de commandes <\/strong>pour tenir les engagements de livraison le jour m\u00eame et le lendemain<\/li>\n\n\n\n<li><strong>Faire \u00e9voluer rapidement votre entrep\u00f4t automatis\u00e9 <\/strong>pour accompagner la croissance de votre activit\u00e9<\/li>\n\n\n\n<li><strong>Garantir un haut niveau de pr\u00e9cision<\/strong> pour la pr\u00e9paration de commandes afin de renforcer la confiance et la fid\u00e9lit\u00e9 des clients finaux<\/li>\n\n\n\n<li><strong>S\u2019appuyer sur plusieurs d\u00e9cennies d\u2019expertise<\/strong> en automatisation d\u2019entrep\u00f4t d\u00e9di\u00e9e au e-commerce et au retail<\/li>\n<\/ul>\n<\/div>\n\n\n\n<div style=\"height:100px;width:0px\" aria-hidden=\"true\" class=\"wp-block-spacer\"><\/div>\n\n\n\n\t\t<div style=\"--dekode-hero-dim:0.6; --t2-icon-fill:var(--wp--preset--color--white);\" class=\"alignfull dekode-hero-content-position-center has-media-background wp-block-dekode-hero has-text-color has-white-color\">\n\t\t\t<img loading=\"lazy\" decoding=\"async\" width=\"1024\" height=\"1024\" src=\"https:\/\/www.elementlogic.net\/content\/uploads\/sites\/18\/2026\/03\/ecomerce-1.png\" class=\"dekode-hero__image\" alt=\"\" style=\"--focalpoint: 75% 71%;\" srcset=\"https:\/\/www.elementlogic.net\/content\/uploads\/sites\/18\/2026\/03\/ecomerce-1.png 1024w, https:\/\/www.elementlogic.net\/content\/uploads\/sites\/18\/2026\/03\/ecomerce-1-300x300.png 300w, https:\/\/www.elementlogic.net\/content\/uploads\/sites\/18\/2026\/03\/ecomerce-1-150x150.png 150w, https:\/\/www.elementlogic.net\/content\/uploads\/sites\/18\/2026\/03\/ecomerce-1-768x768.png 768w\" sizes=\"(max-width: 1024px) 100vw, 1024px\" \/>\n\t\t\t<div class=\"dekode-hero__content\">\n\t\t\t\t<div class=\"dekode-hero__container\">\n\t\t\t\t\t\n\n<h1 class=\"wp-block-heading\" id=\"h-pret-a-faire-passer-vos-operations-e-commerce-au-niveau-superieur\"><strong> Pr\u00eat \u00e0 faire passer vos op\u00e9rations e-commerce au niveau sup\u00e9rieur ?<\/strong><\/h1>\n\n\n\n<div class=\"wp-block-buttons is-layout-flex wp-block-buttons-is-layout-flex\">\n<div class=\"wp-block-button http:\/\/hs-cta-trigger-button hs-cta-trigger-button-195241208906\"><a class=\"wp-block-button__link wp-element-button\" href=\"https:\/\/www.elementlogic.net\/fr\/contact\/\"><strong>Contactez-nous aujourd&rsquo;hui<\/strong><\/a><\/div>\n<\/div>\n\n\n\t\t\t\t<\/div>\n\t\t\t<\/div>\n\t\t<\/div>\n\t\t","protected":false},"excerpt":{"rendered":"<p>Element Logic accompagne les acteurs du e-commerce, quelle que soit leur taille ou leur mod\u00e8le (B2C, D2C, omnicanal), gr\u00e2ce \u00e0 [&hellip;]<\/p>\n","protected":false},"author":2,"featured_media":2640,"parent":2502,"menu_order":0,"comment_status":"closed","ping_status":"closed","template":"","meta":{"hreflang_relation":4846,"_el_cross_publish_source_blog_url":"","_el_cross_publish_source_blog_id":0,"_el_cross_publish_source_post_id":0,"_el_cross_publish_sync_state":"","exclude_from_search":false,"footnotes":""},"class_list":["post-2478","page","type-page","status-publish","has-post-thumbnail","hentry"],"yoast_head":"<!-- This site is optimized with the Yoast SEO Premium plugin v23.9 (Yoast SEO v23.9) - https:\/\/yoast.com\/wordpress\/plugins\/seo\/ -->\n<title>E-commerce : acc\u00e9l\u00e9rez vos op\u00e9rations et gagnez en performance<\/title>\n<meta name=\"description\" content=\"Acc\u00e9l\u00e9rez votre logistique e-commerce avec des solutions automatis\u00e9es capables d\u2019absorber les pics et de garantir rapidit\u00e9 et pr\u00e9cision.\" \/>\n<meta name=\"robots\" content=\"index, follow, max-snippet:-1, max-image-preview:large, max-video-preview:-1\" \/>\n<link rel=\"canonical\" href=\"https:\/\/www.elementlogic.net\/fr\/secteurs\/e-commerce\/\" \/>\n<meta property=\"og:locale\" content=\"fr_FR\" \/>\n<meta property=\"og:type\" content=\"article\" \/>\n<meta property=\"og:title\" content=\"Secteur e-commerce\" \/>\n<meta property=\"og:description\" content=\"Acc\u00e9l\u00e9rez votre logistique e-commerce avec des solutions automatis\u00e9es capables d\u2019absorber les pics et de garantir rapidit\u00e9 et pr\u00e9cision.\" \/>\n<meta property=\"og:url\" content=\"https:\/\/www.elementlogic.net\/fr\/secteurs\/e-commerce\/\" \/>\n<meta property=\"og:site_name\" content=\"Element Logic France\" \/>\n<meta property=\"article:modified_time\" content=\"2026-03-25T17:24:45+00:00\" \/>\n<meta property=\"og:image\" content=\"https:\/\/www.elementlogic.net\/content\/uploads\/sites\/18\/2026\/03\/ecommerce-1-1024x683.png\" \/>\n\t<meta property=\"og:image:width\" content=\"1024\" \/>\n\t<meta property=\"og:image:height\" content=\"683\" \/>\n\t<meta property=\"og:image:type\" content=\"image\/png\" \/>\n<meta name=\"twitter:card\" content=\"summary_large_image\" \/>\n<meta name=\"twitter:label1\" content=\"Dur\u00e9e de lecture estim\u00e9e\" \/>\n\t<meta name=\"twitter:data1\" content=\"2 minutes\" \/>\n<script type=\"application\/ld+json\" class=\"yoast-schema-graph\">{\"@context\":\"https:\/\/schema.org\",\"@graph\":[{\"@type\":\"WebPage\",\"@id\":\"https:\/\/www.elementlogic.net\/fr\/secteurs\/e-commerce\/\",\"url\":\"https:\/\/www.elementlogic.net\/fr\/secteurs\/e-commerce\/\",\"name\":\"E-commerce : acc\u00e9l\u00e9rez vos op\u00e9rations et gagnez en performance\",\"isPartOf\":{\"@id\":\"https:\/\/www.elementlogic.net\/fr\/#website\"},\"primaryImageOfPage\":{\"@id\":\"https:\/\/www.elementlogic.net\/fr\/secteurs\/e-commerce\/#primaryimage\"},\"image\":{\"@id\":\"https:\/\/www.elementlogic.net\/fr\/secteurs\/e-commerce\/#primaryimage\"},\"thumbnailUrl\":\"https:\/\/www.elementlogic.net\/content\/uploads\/sites\/18\/2026\/03\/ecommerce-1.png\",\"datePublished\":\"2026-03-25T17:17:51+00:00\",\"dateModified\":\"2026-03-25T17:24:45+00:00\",\"description\":\"Acc\u00e9l\u00e9rez votre logistique e-commerce avec des solutions automatis\u00e9es capables d\u2019absorber les pics et de garantir rapidit\u00e9 et pr\u00e9cision.\",\"breadcrumb\":{\"@id\":\"https:\/\/www.elementlogic.net\/fr\/secteurs\/e-commerce\/#breadcrumb\"},\"inLanguage\":\"fr-FR\",\"potentialAction\":[{\"@type\":\"ReadAction\",\"target\":[\"https:\/\/www.elementlogic.net\/fr\/secteurs\/e-commerce\/\"]}]},{\"@type\":\"ImageObject\",\"inLanguage\":\"fr-FR\",\"@id\":\"https:\/\/www.elementlogic.net\/fr\/secteurs\/e-commerce\/#primaryimage\",\"url\":\"https:\/\/www.elementlogic.net\/content\/uploads\/sites\/18\/2026\/03\/ecommerce-1.png\",\"contentUrl\":\"https:\/\/www.elementlogic.net\/content\/uploads\/sites\/18\/2026\/03\/ecommerce-1.png\",\"width\":1536,\"height\":1024},{\"@type\":\"BreadcrumbList\",\"@id\":\"https:\/\/www.elementlogic.net\/fr\/secteurs\/e-commerce\/#breadcrumb\",\"itemListElement\":[{\"@type\":\"ListItem\",\"position\":1,\"name\":\"Secteurs\",\"item\":\"https:\/\/www.elementlogic.net\/fr\/secteurs\/\"},{\"@type\":\"ListItem\",\"position\":2,\"name\":\"Secteur e-commerce\"}]},{\"@type\":\"WebSite\",\"@id\":\"https:\/\/www.elementlogic.net\/fr\/#website\",\"url\":\"https:\/\/www.elementlogic.net\/fr\/\",\"name\":\"Element Logic France\",\"description\":\"\",\"potentialAction\":[{\"@type\":\"SearchAction\",\"target\":{\"@type\":\"EntryPoint\",\"urlTemplate\":\"https:\/\/www.elementlogic.net\/fr\/?s={search_term_string}\"},\"query-input\":{\"@type\":\"PropertyValueSpecification\",\"valueRequired\":true,\"valueName\":\"search_term_string\"}}],\"inLanguage\":\"fr-FR\"}]}<\/script>\n<!-- \/ Yoast SEO Premium plugin. -->","yoast_head_json":{"title":"E-commerce : acc\u00e9l\u00e9rez vos op\u00e9rations et gagnez en performance","description":"Acc\u00e9l\u00e9rez votre logistique e-commerce avec des solutions automatis\u00e9es capables d\u2019absorber les pics et de garantir rapidit\u00e9 et pr\u00e9cision.","robots":{"index":"index","follow":"follow","max-snippet":"max-snippet:-1","max-image-preview":"max-image-preview:large","max-video-preview":"max-video-preview:-1"},"canonical":"https:\/\/www.elementlogic.net\/fr\/secteurs\/e-commerce\/","og_locale":"fr_FR","og_type":"article","og_title":"Secteur e-commerce","og_description":"Acc\u00e9l\u00e9rez votre logistique e-commerce avec des solutions automatis\u00e9es capables d\u2019absorber les pics et de garantir rapidit\u00e9 et pr\u00e9cision.","og_url":"https:\/\/www.elementlogic.net\/fr\/secteurs\/e-commerce\/","og_site_name":"Element Logic France","article_modified_time":"2026-03-25T17:24:45+00:00","og_image":[{"width":1024,"height":683,"url":"https:\/\/www.elementlogic.net\/content\/uploads\/sites\/18\/2026\/03\/ecommerce-1-1024x683.png","type":"image\/png"}],"twitter_card":"summary_large_image","twitter_misc":{"Dur\u00e9e de lecture estim\u00e9e":"2 minutes"},"schema":{"@context":"https:\/\/schema.org","@graph":[{"@type":"WebPage","@id":"https:\/\/www.elementlogic.net\/fr\/secteurs\/e-commerce\/","url":"https:\/\/www.elementlogic.net\/fr\/secteurs\/e-commerce\/","name":"E-commerce : acc\u00e9l\u00e9rez vos op\u00e9rations et gagnez en performance","isPartOf":{"@id":"https:\/\/www.elementlogic.net\/fr\/#website"},"primaryImageOfPage":{"@id":"https:\/\/www.elementlogic.net\/fr\/secteurs\/e-commerce\/#primaryimage"},"image":{"@id":"https:\/\/www.elementlogic.net\/fr\/secteurs\/e-commerce\/#primaryimage"},"thumbnailUrl":"https:\/\/www.elementlogic.net\/content\/uploads\/sites\/18\/2026\/03\/ecommerce-1.png","datePublished":"2026-03-25T17:17:51+00:00","dateModified":"2026-03-25T17:24:45+00:00","description":"Acc\u00e9l\u00e9rez votre logistique e-commerce avec des solutions automatis\u00e9es capables d\u2019absorber les pics et de garantir rapidit\u00e9 et pr\u00e9cision.","breadcrumb":{"@id":"https:\/\/www.elementlogic.net\/fr\/secteurs\/e-commerce\/#breadcrumb"},"inLanguage":"fr-FR","potentialAction":[{"@type":"ReadAction","target":["https:\/\/www.elementlogic.net\/fr\/secteurs\/e-commerce\/"]}]},{"@type":"ImageObject","inLanguage":"fr-FR","@id":"https:\/\/www.elementlogic.net\/fr\/secteurs\/e-commerce\/#primaryimage","url":"https:\/\/www.elementlogic.net\/content\/uploads\/sites\/18\/2026\/03\/ecommerce-1.png","contentUrl":"https:\/\/www.elementlogic.net\/content\/uploads\/sites\/18\/2026\/03\/ecommerce-1.png","width":1536,"height":1024},{"@type":"BreadcrumbList","@id":"https:\/\/www.elementlogic.net\/fr\/secteurs\/e-commerce\/#breadcrumb","itemListElement":[{"@type":"ListItem","position":1,"name":"Secteurs","item":"https:\/\/www.elementlogic.net\/fr\/secteurs\/"},{"@type":"ListItem","position":2,"name":"Secteur e-commerce"}]},{"@type":"WebSite","@id":"https:\/\/www.elementlogic.net\/fr\/#website","url":"https:\/\/www.elementlogic.net\/fr\/","name":"Element Logic France","description":"","potentialAction":[{"@type":"SearchAction","target":{"@type":"EntryPoint","urlTemplate":"https:\/\/www.elementlogic.net\/fr\/?s={search_term_string}"},"query-input":{"@type":"PropertyValueSpecification","valueRequired":true,"valueName":"search_term_string"}}],"inLanguage":"fr-FR"}]}},"_links":{"self":[{"href":"https:\/\/www.elementlogic.net\/fr\/wp-json\/wp\/v2\/pages\/2478"}],"collection":[{"href":"https:\/\/www.elementlogic.net\/fr\/wp-json\/wp\/v2\/pages"}],"about":[{"href":"https:\/\/www.elementlogic.net\/fr\/wp-json\/wp\/v2\/types\/page"}],"author":[{"embeddable":true,"href":"https:\/\/www.elementlogic.net\/fr\/wp-json\/wp\/v2\/users\/2"}],"replies":[{"embeddable":true,"href":"https:\/\/www.elementlogic.net\/fr\/wp-json\/wp\/v2\/comments?post=2478"}],"version-history":[{"count":5,"href":"https:\/\/www.elementlogic.net\/fr\/wp-json\/wp\/v2\/pages\/2478\/revisions"}],"predecessor-version":[{"id":2943,"href":"https:\/\/www.elementlogic.net\/fr\/wp-json\/wp\/v2\/pages\/2478\/revisions\/2943"}],"up":[{"embeddable":true,"href":"https:\/\/www.elementlogic.net\/fr\/wp-json\/wp\/v2\/pages\/2502"}],"wp:featuredmedia":[{"embeddable":true,"href":"https:\/\/www.elementlogic.net\/fr\/wp-json\/wp\/v2\/media\/2640"}],"wp:attachment":[{"href":"https:\/\/www.elementlogic.net\/fr\/wp-json\/wp\/v2\/media?parent=2478"}],"curies":[{"name":"wp","href":"https:\/\/api.w.org\/{rel}","templated":true}]}}