{"id":2480,"date":"2026-03-25T17:19:16","date_gmt":"2026-03-25T17:19:16","guid":{"rendered":"https:\/\/www.elementlogic.net\/fr\/?page_id=2480"},"modified":"2026-03-25T17:25:22","modified_gmt":"2026-03-25T17:25:22","slug":"epicerie","status":"publish","type":"page","link":"https:\/\/www.elementlogic.net\/fr\/secteurs\/epicerie\/","title":{"rendered":"Secteur \u00e9picerie en ligne"},"content":{"rendered":"\n\t\t<div style=\"--dekode-hero-dim:0.5; --t2-icon-fill:var(--wp--preset--color--white);\" class=\"alignfull dekode-hero-content-position-center has-media-background wp-block-dekode-hero has-text-color has-white-color\">\n\t\t\t<img loading=\"lazy\" decoding=\"async\" width=\"1024\" height=\"1024\" src=\"https:\/\/www.elementlogic.net\/content\/uploads\/sites\/18\/2026\/03\/egrocery-1.png\" class=\"dekode-hero__image\" alt=\"\" style=\"--focalpoint: 66% 64%;\" srcset=\"https:\/\/www.elementlogic.net\/content\/uploads\/sites\/18\/2026\/03\/egrocery-1.png 1024w, https:\/\/www.elementlogic.net\/content\/uploads\/sites\/18\/2026\/03\/egrocery-1-300x300.png 300w, https:\/\/www.elementlogic.net\/content\/uploads\/sites\/18\/2026\/03\/egrocery-1-150x150.png 150w, https:\/\/www.elementlogic.net\/content\/uploads\/sites\/18\/2026\/03\/egrocery-1-768x768.png 768w\" sizes=\"(max-width: 1024px) 100vw, 1024px\" \/>\n\t\t\t<div class=\"dekode-hero__content\">\n\t\t\t\t<div class=\"dekode-hero__container\">\n\t\t\t\t\t\n\n<p><\/p>\n\n\n\n<h1 class=\"wp-block-heading\" id=\"h-epicerie-en-ligne\"><strong>\u00c9picerie en ligne<\/strong><\/h1>\n\n\n<p class=\"t2-ingress wp-block-t2-ingress\">Une logistique automatis\u00e9e pour garantir fra\u00eecheur, rapidit\u00e9 et fiabilit\u00e9<\/p>\n\n\n<div class=\"wp-block-buttons is-layout-flex wp-block-buttons-is-layout-flex\">\n<div class=\"wp-block-button hs-cta-trigger-button hs-cta-trigger-button-195241208906 has-icon has-icon-theme_arrow\"><a class=\"wp-block-button__link wp-element-button\" href=\"https:\/\/www.elementlogic.net\/fr\/contact\/\">Contactez-nous<svg xmlns=\"http:\/\/www.w3.org\/2000\/svg\" viewBox=\"0 0 24 24\" height=\"24\" width=\"24\" class=\"t2-icon t2-icon-theme_arrow\" aria-hidden=\"true\" focusable=\"false\"><path d=\"M16.627 12.75H5.25C5.03717 12.75 4.859 12.6782 4.7155 12.5345C4.57183 12.391 4.5 12.2128 4.5 12C4.5 11.7872 4.57183 11.609 4.7155 11.4655C4.859 11.3218 5.03717 11.25 5.25 11.25H16.627L11.4577 6.08076C11.3091 5.93209 11.2357 5.75809 11.2375 5.55876C11.2395 5.35942 11.318 5.18217 11.473 5.02701C11.6282 4.88217 11.8038 4.80717 12 4.80201C12.1962 4.79684 12.3718 4.87184 12.527 5.02701L18.8673 11.3673C18.9609 11.4609 19.0269 11.5597 19.0652 11.6635C19.1037 11.7673 19.123 11.8795 19.123 12C19.123 12.1205 19.1037 12.2327 19.0652 12.3365C19.0269 12.4403 18.9609 12.5391 18.8673 12.6328L12.527 18.973C12.3885 19.1115 12.217 19.1823 12.0125 19.1855C11.808 19.1887 11.6282 19.1178 11.473 18.973C11.318 18.8178 11.2405 18.6397 11.2405 18.4385C11.2405 18.2372 11.318 18.0589 11.473 17.9038L16.627 12.75Z\" fill=\"var(--t2-icon-fill, #000)\"\/><\/svg><\/a><\/div>\n<\/div>\n\n\n\t\t\t\t<\/div>\n\t\t\t<\/div>\n\t\t<\/div>\n\t\t\n\n<p class=\"t2-ingress wp-block-t2-ingress\">Dans le secteur de l\u2019\u00e9picerie en ligne, les clients attendent des livraisons rapides, ponctuelles et parfaitement fiables. Qu\u2019il s\u2019agisse de produits secs, frais ou surgel\u00e9s, aucune erreur n\u2019est permise. Dans un contexte de marges tr\u00e8s serr\u00e9es, de forte rotation des stocks et de volumes de commandes en constante augmentation, la performance logistique devient un facteur cl\u00e9 de diff\u00e9renciation.<\/p>\n\n\n<p><\/p>\n\n\n\n<p>Element Logic accompagne les acteurs de l\u2019\u00e9picerie en ligne et du e-commerce alimentaire dans l\u2019optimisation de leur pr\u00e9paration des commandes, en garantissant <strong>rapidit\u00e9, pr\u00e9cision et ma\u00eetrise de la temp\u00e9rature<\/strong>. Forts de plus de 40 ans d\u2019expertise en intralogistique, nous concevons des solutions d\u2019automatisation d\u2019entrep\u00f4t adapt\u00e9es aux environnements ambiants, r\u00e9frig\u00e9r\u00e9s et surgel\u00e9s, afin de pr\u00e9server la fra\u00eecheur des produits, fluidifier les flux logistiques et r\u00e9duire durablement les co\u00fbts d\u2019exploitation.<\/p>\n\n\n\n<div class=\"wp-block-group has-global-padding is-layout-constrained wp-block-group-is-layout-constrained\">\n<h2 class=\"wp-block-heading wp-container-content-1\" id=\"h-les-defis-de-la-logistique-du-secteur-de-l-epicerie-en-ligne\"><strong>Les d\u00e9fis de la logistique du secteur de l\u2019\u00e9picerie en ligne<\/strong><\/h2>\n\n\n\n<ul class=\"wp-block-list\">\n<li>G\u00e9rer simultan\u00e9ment des zones \u00e0 temp\u00e9ratures multiples (ambiante, r\u00e9frig\u00e9r\u00e9e et surgel\u00e9e)<\/li>\n\n\n\n<li>Respecter des dur\u00e9es de conservation courtes et des exigences \u00e9lev\u00e9es en mati\u00e8re de fra\u00eecheur et de qualit\u00e9<\/li>\n\n\n\n<li>Traiter des volumes importants de commandes, compos\u00e9es de paniers tr\u00e8s vari\u00e9s<\/li>\n\n\n\n<li>Faire face \u00e0 la hausse des co\u00fbts de main-d\u2019\u0153uvre et aux enjeux de recrutement et de fid\u00e9lisation<\/li>\n\n\n\n<li>R\u00e9pondre aux attentes de livraison le jour m\u00eame ou le lendemain, sans compromis sur la qualit\u00e9<\/li>\n<\/ul>\n<\/div>\n\n\n\n\t\t<div style=\"--dekode-hero-dim:0.5; --t2-icon-fill:var(--wp--preset--color--white);\" class=\"alignfull dekode-hero-content-position-center has-media-background wp-block-dekode-hero has-text-color has-white-color\">\n\t\t\t\t\t<video\n\t\t\tautoplay\n\t\t\tloop\n\t\t\tmuted\n\t\t\tplaysinline\n\t\t\tposter=\"\"\n\t\t\tsrc=\"https:\/\/www.elementlogic.net\/content\/uploads\/2024\/07\/solutions-and-services.mp4\">\n\t\t<\/video>\n\t\t\n\t\t\t<div class=\"dekode-hero__content\">\n\t\t\t\t<div class=\"dekode-hero__container\">\n\t\t\t\t\t\n\n<h2 class=\"wp-block-heading\" id=\"h-decouvrez-les-temoignages-des-leaders-de-l-epicerie-en-ligne-qui-nous-font-confiance\"><strong>D\u00e9couvrez les t\u00e9moignages des leaders de l\u2019\u00e9picerie en ligne qui nous font confiance<\/strong><\/h2>\n\n\n\t\t\t\t<\/div>\n\t\t\t<\/div>\n\t\t<\/div>\n\t\t\n\n<div class=\"t2-featured-content-layout alignwide wp-block-t2-featured-content-layout\">\n<div class=\"t2-featured-query-post t2-featured-content is-post-type-case case_tax-epicerie-en-ligne wp-block-t2-featured-query-post t2-featured-content-layout-col-6\"><a class=\"t2-post-link wp-block-t2-post-link\" href=\"https:\/\/www.elementlogic.net\/fr\/cas-clients\/la-fourche-epicerie\/\">\n\t<div class=\"client-logo-image-wrapper\"><img loading=\"lazy\" decoding=\"async\" width=\"300\" height=\"190\" src=\"https:\/\/www.elementlogic.net\/content\/uploads\/sites\/18\/2025\/05\/la-fourche-logo-300x190.png\" class=\"client-logo-image\" alt=\"\" \/><\/div>\n\t<figure style=\"--t2-focal-point: 50% 50%;\" class=\"t2-post-featured-image has-image-ratio-3-2 wp-block-t2-post-featured-image\"><img loading=\"lazy\" decoding=\"async\" width=\"1491\" height=\"918\" src=\"https:\/\/www.elementlogic.net\/content\/uploads\/sites\/18\/2025\/05\/EL_La-Fourche-Entrepot-1.png\" class=\"attachment-post-thumbnail size-post-thumbnail wp-post-image\" alt=\"\" srcset=\"https:\/\/www.elementlogic.net\/content\/uploads\/sites\/18\/2025\/05\/EL_La-Fourche-Entrepot-1.png 1491w, https:\/\/www.elementlogic.net\/content\/uploads\/sites\/18\/2025\/05\/EL_La-Fourche-Entrepot-1-300x185.png 300w, https:\/\/www.elementlogic.net\/content\/uploads\/sites\/18\/2025\/05\/EL_La-Fourche-Entrepot-1-1024x630.png 1024w, https:\/\/www.elementlogic.net\/content\/uploads\/sites\/18\/2025\/05\/EL_La-Fourche-Entrepot-1-768x473.png 768w\" sizes=\"(max-width: 1491px) 100vw, 1491px\" \/><\/figure>\n\t\n<\/a>\n\n\t\t<div class=\"card-content wp-block-t2-wrapper\">\n\t<div class=\"wp-block-dekode-post-terms\"><span>\u00c9picerie en ligne<\/span><\/div>\n\t<h3 class=\"t2-post-title wp-block-t2-post-title\"><a href=\"https:\/\/www.elementlogic.net\/fr\/cas-clients\/la-fourche-epicerie\/\" target=\"_self\" >La Fourche triple l\u2019efficacit\u00e9 de sa logistique\n gr\u00e2ce \u00e0 Element Logic<\/a><\/h3>\n\t<div class=\"t2-post-excerpt wp-block-t2-post-excerpt\"><p>Une solution d\u2019automatisation sur-mesure pour des besoins croissants Dans l\u2019entrep\u00f4t de 14 000 m\u00b2 de la Fourche situ\u00e9 \u00e0 Mitry-Mory [&hellip;]<\/p><\/div>\n<\/div>\n<\/div>\n\n<div class=\"t2-featured-query-post t2-featured-content is-post-type-case case_tax-epicerie-en-ligne wp-block-t2-featured-query-post t2-featured-content-layout-col-6\"><a class=\"t2-post-link wp-block-t2-post-link\" href=\"https:\/\/www.elementlogic.net\/fr\/cas-clients\/kitchentime\/\">\n\t\n\t<figure style=\"--t2-focal-point: 50% 50%;\" class=\"t2-post-featured-image has-image-ratio-3-2 wp-block-t2-post-featured-image\"><img loading=\"lazy\" decoding=\"async\" width=\"1600\" height=\"1067\" src=\"https:\/\/www.elementlogic.net\/content\/uploads\/sites\/18\/\/2024\/09\/KitchenTime-and-Element-Logic-Handshake.jpg\" class=\"attachment-post-thumbnail size-post-thumbnail wp-post-image\" alt=\"\" srcset=\"https:\/\/www.elementlogic.net\/content\/uploads\/sites\/18\/2024\/09\/KitchenTime-and-Element-Logic-Handshake.jpg 1600w, https:\/\/www.elementlogic.net\/content\/uploads\/sites\/18\/2024\/09\/KitchenTime-and-Element-Logic-Handshake-300x200.jpg 300w, https:\/\/www.elementlogic.net\/content\/uploads\/sites\/18\/2024\/09\/KitchenTime-and-Element-Logic-Handshake-1024x683.jpg 1024w, https:\/\/www.elementlogic.net\/content\/uploads\/sites\/18\/2024\/09\/KitchenTime-and-Element-Logic-Handshake-768x512.jpg 768w, https:\/\/www.elementlogic.net\/content\/uploads\/sites\/18\/2024\/09\/KitchenTime-and-Element-Logic-Handshake-1536x1024.jpg 1536w\" sizes=\"(max-width: 1600px) 100vw, 1600px\" \/><\/figure>\n\t\n<\/a>\n\n\t\t<div class=\"card-content wp-block-t2-wrapper\">\n\t<div class=\"wp-block-dekode-post-terms\"><span>\u00c9picerie en ligne<\/span><\/div>\n\t<h3 class=\"t2-post-title wp-block-t2-post-title\"><a href=\"https:\/\/www.elementlogic.net\/fr\/cas-clients\/kitchentime\/\" target=\"_self\" >KitchenTime : un syst\u00e8me automatis\u00e9 pour plus d\u2019efficacit\u00e9<\/a><\/h3>\n\t<div class=\"t2-post-excerpt wp-block-t2-post-excerpt\"><p>KitchenTime est l\u2019un des fournisseurs d\u2019ameublement et de d\u00e9coration int\u00e9rieure leaders du march\u00e9 scandinave. Il propose 70\u2009000 articles \u00e0 plus [&hellip;]<\/p><\/div>\n<\/div>\n<\/div>\n<\/div>\n\n\n<div class=\"wp-block-buttons is-layout-flex wp-block-buttons-is-layout-flex\">\n<div class=\"wp-block-button\"><a class=\"wp-block-button__link wp-element-button\" href=\"https:\/\/www.elementlogic.net\/fr\/cases\/category\/epicerie-en-ligne\/\">D\u00e9couvrez nos autres cas clients sur le secteur e-grocery<\/a><\/div>\n<\/div>\n\n\n\n<div class=\"wp-block-group alignwide has-global-padding is-layout-constrained wp-block-group-is-layout-constrained\">\n<h2 class=\"wp-block-heading wp-container-content-2\" id=\"h-pourquoi-les-acteurs-de-l-epicerie-en-ligne-choisissent-element-logic-nbsp\"><strong>Pourquoi les acteurs de l\u2019\u00e9picerie en ligne choisissent Element Logic&nbsp;?<\/strong><\/h2>\n\n\n\n<ul class=\"wp-block-list\">\n<li>Pr\u00e9server l\u2019int\u00e9grit\u00e9 et la fra\u00eecheur des produits, en environnements ambiants, r\u00e9frig\u00e9r\u00e9s et surgel\u00e9s<\/li>\n\n\n\n<li>Disposer de la vitesse et de la capacit\u00e9 op\u00e9rationnelle n\u00e9cessaires pour tenir vos engagements de livraison<\/li>\n\n\n\n<li>R\u00e9duire les co\u00fbts d\u2019exploitation gr\u00e2ce \u00e0 l\u2019automatisation et \u00e0 une utilisation optimis\u00e9e de la main-d\u2019\u0153uvre<\/li>\n\n\n\n<li>B\u00e9n\u00e9ficier d\u2019une expertise mondiale reconnue en automatisation d\u2019entrep\u00f4t et en gestion de la cha\u00eene du froid<\/li>\n<\/ul>\n<\/div>\n\n\n\n<div style=\"height:100px\" aria-hidden=\"true\" class=\"wp-block-spacer\"><\/div>\n\n\n\n\t\t<div style=\"--dekode-hero-dim:0.6; --t2-icon-fill:var(--wp--preset--color--white);\" class=\"alignfull dekode-hero-content-position-center wp-block-dekode-hero has-text-color has-white-color\">\n\t\t\t\n\t\t\t<div class=\"dekode-hero__content\">\n\t\t\t\t<div class=\"dekode-hero__container\">\n\t\t\t\t\t\n\n<h1 class=\"wp-block-heading\" id=\"h-garantissez-la-fraicheur-et-la-fiabilite-de-vos-livraisons-a-grande-echelle-grace-a-l-automatisation-d-entrepot-element-logic\">Garantissez la fra\u00eecheur et la fiabilit\u00e9 de vos livraisons \u00e0 grande \u00e9chelle gr\u00e2ce \u00e0 l\u2019automatisation d\u2019entrep\u00f4t Element Logic.<\/h1>\n\n\n\n<div class=\"wp-block-buttons is-layout-flex wp-block-buttons-is-layout-flex\">\n<div class=\"wp-block-button http:\/\/hs-cta-trigger-button hs-cta-trigger-button-195241208906\"><a class=\"wp-block-button__link wp-element-button\" href=\"https:\/\/www.elementlogic.net\/fr\/contact\/\">Contactez-nous aujourd&rsquo;hui<\/a><\/div>\n<\/div>\n\n\n\t\t\t\t<\/div>\n\t\t\t<\/div>\n\t\t<\/div>\n\t\t\n\n\n<p><\/p>\n","protected":false},"excerpt":{"rendered":"<p>Element Logic accompagne les acteurs de l\u2019\u00e9picerie en ligne et du e-commerce alimentaire dans l\u2019optimisation de leur pr\u00e9paration des commandes, [&hellip;]<\/p>\n","protected":false},"author":2,"featured_media":0,"parent":2502,"menu_order":0,"comment_status":"closed","ping_status":"closed","template":"","meta":{"hreflang_relation":4848,"_el_cross_publish_source_blog_url":"","_el_cross_publish_source_blog_id":0,"_el_cross_publish_source_post_id":0,"_el_cross_publish_sync_state":"","exclude_from_search":false,"footnotes":""},"class_list":["post-2480","page","type-page","status-publish","hentry"],"yoast_head":"<!-- This site is optimized with the Yoast SEO Premium plugin v23.9 (Yoast SEO v23.9) - https:\/\/yoast.com\/wordpress\/plugins\/seo\/ -->\n<title>\u00c9picerie en ligne : automatisez votre pr\u00e9paration de commandes<\/title>\n<meta name=\"description\" content=\"Optimisez votre logistique e-grocery avec des solutions automatis\u00e9es garantissant fra\u00eecheur, rapidit\u00e9 et fiabilit\u00e9 \u00e0 grande \u00e9chelle.\" \/>\n<meta name=\"robots\" content=\"index, follow, max-snippet:-1, max-image-preview:large, max-video-preview:-1\" \/>\n<link rel=\"canonical\" href=\"https:\/\/www.elementlogic.net\/fr\/secteurs\/epicerie\/\" \/>\n<meta property=\"og:locale\" content=\"fr_FR\" \/>\n<meta property=\"og:type\" content=\"article\" \/>\n<meta property=\"og:title\" content=\"Secteur \u00e9picerie en ligne\" \/>\n<meta property=\"og:description\" content=\"Optimisez votre logistique e-grocery avec des solutions automatis\u00e9es garantissant fra\u00eecheur, rapidit\u00e9 et fiabilit\u00e9 \u00e0 grande \u00e9chelle.\" \/>\n<meta property=\"og:url\" content=\"https:\/\/www.elementlogic.net\/fr\/secteurs\/epicerie\/\" \/>\n<meta property=\"og:site_name\" content=\"Element Logic France\" \/>\n<meta property=\"article:modified_time\" content=\"2026-03-25T17:25:22+00:00\" \/>\n<meta name=\"twitter:card\" content=\"summary_large_image\" \/>\n<meta name=\"twitter:label1\" content=\"Dur\u00e9e de lecture estim\u00e9e\" \/>\n\t<meta name=\"twitter:data1\" content=\"2 minutes\" \/>\n<script type=\"application\/ld+json\" class=\"yoast-schema-graph\">{\"@context\":\"https:\/\/schema.org\",\"@graph\":[{\"@type\":\"WebPage\",\"@id\":\"https:\/\/www.elementlogic.net\/fr\/secteurs\/epicerie\/\",\"url\":\"https:\/\/www.elementlogic.net\/fr\/secteurs\/epicerie\/\",\"name\":\"\u00c9picerie en ligne : automatisez votre pr\u00e9paration de commandes\",\"isPartOf\":{\"@id\":\"https:\/\/www.elementlogic.net\/fr\/#website\"},\"datePublished\":\"2026-03-25T17:19:16+00:00\",\"dateModified\":\"2026-03-25T17:25:22+00:00\",\"description\":\"Optimisez votre logistique e-grocery avec des solutions automatis\u00e9es garantissant fra\u00eecheur, rapidit\u00e9 et fiabilit\u00e9 \u00e0 grande \u00e9chelle.\",\"breadcrumb\":{\"@id\":\"https:\/\/www.elementlogic.net\/fr\/secteurs\/epicerie\/#breadcrumb\"},\"inLanguage\":\"fr-FR\",\"potentialAction\":[{\"@type\":\"ReadAction\",\"target\":[\"https:\/\/www.elementlogic.net\/fr\/secteurs\/epicerie\/\"]}]},{\"@type\":\"BreadcrumbList\",\"@id\":\"https:\/\/www.elementlogic.net\/fr\/secteurs\/epicerie\/#breadcrumb\",\"itemListElement\":[{\"@type\":\"ListItem\",\"position\":1,\"name\":\"Secteurs\",\"item\":\"https:\/\/www.elementlogic.net\/fr\/secteurs\/\"},{\"@type\":\"ListItem\",\"position\":2,\"name\":\"Secteur \u00e9picerie en ligne\"}]},{\"@type\":\"WebSite\",\"@id\":\"https:\/\/www.elementlogic.net\/fr\/#website\",\"url\":\"https:\/\/www.elementlogic.net\/fr\/\",\"name\":\"Element Logic France\",\"description\":\"\",\"potentialAction\":[{\"@type\":\"SearchAction\",\"target\":{\"@type\":\"EntryPoint\",\"urlTemplate\":\"https:\/\/www.elementlogic.net\/fr\/?s={search_term_string}\"},\"query-input\":{\"@type\":\"PropertyValueSpecification\",\"valueRequired\":true,\"valueName\":\"search_term_string\"}}],\"inLanguage\":\"fr-FR\"}]}<\/script>\n<!-- \/ Yoast SEO Premium plugin. -->","yoast_head_json":{"title":"\u00c9picerie en ligne : automatisez votre pr\u00e9paration de commandes","description":"Optimisez votre logistique e-grocery avec des solutions automatis\u00e9es garantissant fra\u00eecheur, rapidit\u00e9 et fiabilit\u00e9 \u00e0 grande \u00e9chelle.","robots":{"index":"index","follow":"follow","max-snippet":"max-snippet:-1","max-image-preview":"max-image-preview:large","max-video-preview":"max-video-preview:-1"},"canonical":"https:\/\/www.elementlogic.net\/fr\/secteurs\/epicerie\/","og_locale":"fr_FR","og_type":"article","og_title":"Secteur \u00e9picerie en ligne","og_description":"Optimisez votre logistique e-grocery avec des solutions automatis\u00e9es garantissant fra\u00eecheur, rapidit\u00e9 et fiabilit\u00e9 \u00e0 grande \u00e9chelle.","og_url":"https:\/\/www.elementlogic.net\/fr\/secteurs\/epicerie\/","og_site_name":"Element Logic France","article_modified_time":"2026-03-25T17:25:22+00:00","twitter_card":"summary_large_image","twitter_misc":{"Dur\u00e9e de lecture estim\u00e9e":"2 minutes"},"schema":{"@context":"https:\/\/schema.org","@graph":[{"@type":"WebPage","@id":"https:\/\/www.elementlogic.net\/fr\/secteurs\/epicerie\/","url":"https:\/\/www.elementlogic.net\/fr\/secteurs\/epicerie\/","name":"\u00c9picerie en ligne : automatisez votre pr\u00e9paration de commandes","isPartOf":{"@id":"https:\/\/www.elementlogic.net\/fr\/#website"},"datePublished":"2026-03-25T17:19:16+00:00","dateModified":"2026-03-25T17:25:22+00:00","description":"Optimisez votre logistique e-grocery avec des solutions automatis\u00e9es garantissant fra\u00eecheur, rapidit\u00e9 et fiabilit\u00e9 \u00e0 grande \u00e9chelle.","breadcrumb":{"@id":"https:\/\/www.elementlogic.net\/fr\/secteurs\/epicerie\/#breadcrumb"},"inLanguage":"fr-FR","potentialAction":[{"@type":"ReadAction","target":["https:\/\/www.elementlogic.net\/fr\/secteurs\/epicerie\/"]}]},{"@type":"BreadcrumbList","@id":"https:\/\/www.elementlogic.net\/fr\/secteurs\/epicerie\/#breadcrumb","itemListElement":[{"@type":"ListItem","position":1,"name":"Secteurs","item":"https:\/\/www.elementlogic.net\/fr\/secteurs\/"},{"@type":"ListItem","position":2,"name":"Secteur \u00e9picerie en ligne"}]},{"@type":"WebSite","@id":"https:\/\/www.elementlogic.net\/fr\/#website","url":"https:\/\/www.elementlogic.net\/fr\/","name":"Element Logic France","description":"","potentialAction":[{"@type":"SearchAction","target":{"@type":"EntryPoint","urlTemplate":"https:\/\/www.elementlogic.net\/fr\/?s={search_term_string}"},"query-input":{"@type":"PropertyValueSpecification","valueRequired":true,"valueName":"search_term_string"}}],"inLanguage":"fr-FR"}]}},"_links":{"self":[{"href":"https:\/\/www.elementlogic.net\/fr\/wp-json\/wp\/v2\/pages\/2480"}],"collection":[{"href":"https:\/\/www.elementlogic.net\/fr\/wp-json\/wp\/v2\/pages"}],"about":[{"href":"https:\/\/www.elementlogic.net\/fr\/wp-json\/wp\/v2\/types\/page"}],"author":[{"embeddable":true,"href":"https:\/\/www.elementlogic.net\/fr\/wp-json\/wp\/v2\/users\/2"}],"replies":[{"embeddable":true,"href":"https:\/\/www.elementlogic.net\/fr\/wp-json\/wp\/v2\/comments?post=2480"}],"version-history":[{"count":5,"href":"https:\/\/www.elementlogic.net\/fr\/wp-json\/wp\/v2\/pages\/2480\/revisions"}],"predecessor-version":[{"id":2945,"href":"https:\/\/www.elementlogic.net\/fr\/wp-json\/wp\/v2\/pages\/2480\/revisions\/2945"}],"up":[{"embeddable":true,"href":"https:\/\/www.elementlogic.net\/fr\/wp-json\/wp\/v2\/pages\/2502"}],"wp:attachment":[{"href":"https:\/\/www.elementlogic.net\/fr\/wp-json\/wp\/v2\/media?parent=2480"}],"curies":[{"name":"wp","href":"https:\/\/api.w.org\/{rel}","templated":true}]}}