{"id":2482,"date":"2026-03-24T14:38:40","date_gmt":"2026-03-24T14:38:40","guid":{"rendered":"https:\/\/www.elementlogic.net\/fr\/?page_id=2482"},"modified":"2026-03-25T17:23:46","modified_gmt":"2026-03-25T17:23:46","slug":"3pl","status":"publish","type":"page","link":"https:\/\/www.elementlogic.net\/fr\/secteurs\/3pl\/","title":{"rendered":"Secteur 3PL"},"content":{"rendered":"\n\t\t<div style=\"--dekode-hero-dim:0.5; --t2-icon-fill:var(--wp--preset--color--white);\" class=\"alignfull dekode-hero-content-position-center has-media-background wp-block-dekode-hero has-text-color has-white-color\">\n\t\t\t<img loading=\"lazy\" decoding=\"async\" width=\"1024\" height=\"1024\" src=\"https:\/\/www.elementlogic.net\/content\/uploads\/sites\/18\/2026\/03\/3pl-hub-1.png\" class=\"dekode-hero__image\" alt=\"\" style=\"--focalpoint: 48% 51%;\" srcset=\"https:\/\/www.elementlogic.net\/content\/uploads\/sites\/18\/2026\/03\/3pl-hub-1.png 1024w, https:\/\/www.elementlogic.net\/content\/uploads\/sites\/18\/2026\/03\/3pl-hub-1-300x300.png 300w, https:\/\/www.elementlogic.net\/content\/uploads\/sites\/18\/2026\/03\/3pl-hub-1-150x150.png 150w, https:\/\/www.elementlogic.net\/content\/uploads\/sites\/18\/2026\/03\/3pl-hub-1-768x768.png 768w\" sizes=\"(max-width: 1024px) 100vw, 1024px\" \/>\n\t\t\t<div class=\"dekode-hero__content\">\n\t\t\t\t<div class=\"dekode-hero__container\">\n\t\t\t\t\t\n\n<p><\/p>\n\n\n\n<h1 class=\"wp-block-heading\" id=\"h-3pl-et-prestataires-logistiques\">3PL et prestataires logistiques<\/h1>\n\n\n<p class=\"t2-ingress wp-block-t2-ingress\">Une automatisation d\u2019entrep\u00f4t intelligente au service de la performance et de la satisfaction client<\/p>\n\n\n<div class=\"wp-block-buttons is-layout-flex wp-block-buttons-is-layout-flex\">\n<div class=\"wp-block-button hs-cta-trigger-button hs-cta-trigger-button-195241208906 has-icon has-icon-theme_arrow\"><a class=\"wp-block-button__link wp-element-button\" href=\"https:\/\/www.elementlogic.net\/fr\/contact\/\">Contactez-nous<svg xmlns=\"http:\/\/www.w3.org\/2000\/svg\" viewBox=\"0 0 24 24\" height=\"24\" width=\"24\" class=\"t2-icon t2-icon-theme_arrow\" aria-hidden=\"true\" focusable=\"false\"><path d=\"M16.627 12.75H5.25C5.03717 12.75 4.859 12.6782 4.7155 12.5345C4.57183 12.391 4.5 12.2128 4.5 12C4.5 11.7872 4.57183 11.609 4.7155 11.4655C4.859 11.3218 5.03717 11.25 5.25 11.25H16.627L11.4577 6.08076C11.3091 5.93209 11.2357 5.75809 11.2375 5.55876C11.2395 5.35942 11.318 5.18217 11.473 5.02701C11.6282 4.88217 11.8038 4.80717 12 4.80201C12.1962 4.79684 12.3718 4.87184 12.527 5.02701L18.8673 11.3673C18.9609 11.4609 19.0269 11.5597 19.0652 11.6635C19.1037 11.7673 19.123 11.8795 19.123 12C19.123 12.1205 19.1037 12.2327 19.0652 12.3365C19.0269 12.4403 18.9609 12.5391 18.8673 12.6328L12.527 18.973C12.3885 19.1115 12.217 19.1823 12.0125 19.1855C11.808 19.1887 11.6282 19.1178 11.473 18.973C11.318 18.8178 11.2405 18.6397 11.2405 18.4385C11.2405 18.2372 11.318 18.0589 11.473 17.9038L16.627 12.75Z\" fill=\"var(--t2-icon-fill, #000)\"\/><\/svg><\/a><\/div>\n<\/div>\n\n\n\t\t\t\t<\/div>\n\t\t\t<\/div>\n\t\t<\/div>\n\t\t\n\n<p class=\"t2-ingress wp-block-t2-ingress\">En tant que prestataire logistique (3PL), vos clients attendent des op\u00e9rations rapides, pr\u00e9cises et capables de monter en charge, sans compromis. Qu\u2019il s\u2019agisse de e-commerce, de retail omnicanal ou de distribution B2B, vous devez garantir des niveaux de service \u00e9lev\u00e9s tout en ma\u00eetrisant vos co\u00fbts. Element Logic con\u00e7oit des solutions d\u2019automatisation d\u2019entrep\u00f4t pens\u00e9es pour les 3PL, afin d\u2019assurer fiabilit\u00e9, flexibilit\u00e9 et performance, quel que soit le profil client ou le volume trait\u00e9.<\/p>\n\n\n<p><\/p>\n\n\n\n<p>Fort de plus de 40 ans d\u2019expertise en intralogistique, Element Logic accompagne les prestataires logistiques pour r\u00e9pondre \u00e0 l\u2019\u00e9volution rapide de la demande, pour r\u00e9duire les co\u00fbts d\u2019exploitation et b\u00e2tir des op\u00e9rations de fulfillment robustes, durables et r\u00e9silientes.<\/p>\n\n\n\n<div class=\"wp-block-group has-global-padding is-layout-constrained wp-block-group-is-layout-constrained\">\n<h2 class=\"wp-block-heading wp-container-content-1\" id=\"h-les-principaux-defis-des-3pl\">Les principaux d\u00e9fis des 3PL<\/h2>\n\n\n\n<ul class=\"wp-block-list\">\n<li>Absorber les pics saisonniers, les campagnes promotionnelles et les variations impr\u00e9visibles de la demande<\/li>\n\n\n\n<li>G\u00e9rer des portefeuilles de produits diversifi\u00e9s, pour plusieurs clients aux exigences logistiques distinctes<\/li>\n\n\n\n<li>Faire face \u00e0 la hausse des co\u00fbts de main-d\u2019\u0153uvre et aux tensions sur le recrutement<\/li>\n\n\n\n<li>R\u00e9pondre \u00e0 une pression accrue pour des d\u00e9lais de livraison toujours plus courts et une pr\u00e9cision irr\u00e9prochable<\/li>\n\n\n\n<li>Proposer des solutions d\u2019automatisation flexibles et \u00e9volutives, capables de s\u2019adapter rapidement aux attentes des clients<\/li>\n<\/ul>\n<\/div>\n\n\n\n\t\t<div style=\"--dekode-hero-dim:0.5; --t2-icon-fill:var(--wp--preset--color--white);\" class=\"alignfull dekode-hero-content-position-center has-media-background wp-block-dekode-hero has-text-color has-white-color\">\n\t\t\t\t\t<video\n\t\t\tautoplay\n\t\t\tloop\n\t\t\tmuted\n\t\t\tplaysinline\n\t\t\tposter=\"\"\n\t\t\tsrc=\"https:\/\/www.elementlogic.net\/content\/uploads\/2024\/07\/solutions-and-services.mp4\">\n\t\t<\/video>\n\t\t\n\t\t\t<div class=\"dekode-hero__content\">\n\t\t\t\t<div class=\"dekode-hero__container\">\n\t\t\t\t\t\n\n<h2 class=\"wp-block-heading\" id=\"h-decouvrez-les-temoignages-des-3pl-qui-nous-font-confiance\">D\u00e9couvrez les t\u00e9moignages des 3PL qui nous font confiance<\/h2>\n\n\n\t\t\t\t<\/div>\n\t\t\t<\/div>\n\t\t<\/div>\n\t\t\n\n<div class=\"t2-featured-content-layout alignwide wp-block-t2-featured-content-layout\">\n<div class=\"t2-featured-query-post t2-featured-content is-post-type-case case_tax-3pl case_tax-habillement-sport wp-block-t2-featured-query-post\"><a class=\"t2-post-link wp-block-t2-post-link\" href=\"https:\/\/www.elementlogic.net\/fr\/cas-clients\/katoen-natie-entrepot\/\">\n\t<div class=\"client-logo-image-wrapper\"><img loading=\"lazy\" decoding=\"async\" width=\"300\" height=\"150\" src=\"https:\/\/www.elementlogic.net\/content\/uploads\/sites\/18\/2024\/11\/download-300x150.png\" class=\"client-logo-image\" alt=\"\" \/><\/div>\n\t<figure style=\"--t2-focal-point: 50% 50%;\" class=\"t2-post-featured-image has-image-ratio-3-2 wp-block-t2-post-featured-image\"><img loading=\"lazy\" decoding=\"async\" width=\"2560\" height=\"1707\" src=\"https:\/\/www.elementlogic.net\/content\/uploads\/sites\/18\/2024\/11\/DJI_0181-02192024-Enhanced-NR-scaled.jpg\" class=\"attachment-post-thumbnail size-post-thumbnail wp-post-image\" alt=\"\" srcset=\"https:\/\/www.elementlogic.net\/content\/uploads\/sites\/18\/2024\/11\/DJI_0181-02192024-Enhanced-NR-scaled.jpg 2560w, https:\/\/www.elementlogic.net\/content\/uploads\/sites\/18\/2024\/11\/DJI_0181-02192024-Enhanced-NR-300x200.jpg 300w, https:\/\/www.elementlogic.net\/content\/uploads\/sites\/18\/2024\/11\/DJI_0181-02192024-Enhanced-NR-1024x683.jpg 1024w, https:\/\/www.elementlogic.net\/content\/uploads\/sites\/18\/2024\/11\/DJI_0181-02192024-Enhanced-NR-768x512.jpg 768w, https:\/\/www.elementlogic.net\/content\/uploads\/sites\/18\/2024\/11\/DJI_0181-02192024-Enhanced-NR-1536x1024.jpg 1536w, https:\/\/www.elementlogic.net\/content\/uploads\/sites\/18\/2024\/11\/DJI_0181-02192024-Enhanced-NR-2048x1365.jpg 2048w\" sizes=\"(max-width: 2560px) 100vw, 2560px\" \/><\/figure>\n\t\n<\/a>\n\n\t\t<div class=\"card-content wp-block-t2-wrapper\">\n\t<div class=\"wp-block-dekode-post-terms\"><span>3PL<\/span><span>Habillement et mat\u00e9riel de sport<\/span><\/div>\n\t<h3 class=\"t2-post-title wp-block-t2-post-title\"><a href=\"https:\/\/www.elementlogic.net\/fr\/cas-clients\/katoen-natie-entrepot\/\" target=\"_self\" >Jusqu\u2019\u00e0 1 000 lignes de commandes trait\u00e9es par heure dans l\u2019entrep\u00f4t de KATOEN NATIE<\/a><\/h3>\n\t<div class=\"t2-post-excerpt wp-block-t2-post-excerpt\"><p>Fort d\u2019un site de 350\u00a0000 m\u00b2 dont\u00a030\u00a0000 m2\u00a0d\u00e9di\u00e9s au textile, l\u2019entrep\u00f4t de KATOEN NATIE, situ\u00e9 \u00e0 Saint-Martin-de-Crau (13), a \u00e9t\u00e9 [&hellip;]<\/p><\/div>\n<\/div>\n<\/div>\n\n<div class=\"t2-featured-query-post t2-featured-content is-post-type-case case_tax-3pl wp-block-t2-featured-query-post\"><a class=\"t2-post-link wp-block-t2-post-link\" href=\"https:\/\/www.elementlogic.net\/fr\/cas-clients\/dsv\/\">\n\t\n\t<figure style=\"--t2-focal-point: 50% 50%;\" class=\"t2-post-featured-image has-image-ratio-3-2 wp-block-t2-post-featured-image\"><img loading=\"lazy\" decoding=\"async\" width=\"2560\" height=\"1920\" src=\"https:\/\/www.elementlogic.net\/content\/uploads\/sites\/18\/2024\/10\/2024-03-25-AUTOTORE-MOUSSY-scaled.jpg\" class=\"attachment-post-thumbnail size-post-thumbnail wp-post-image\" alt=\"\" srcset=\"https:\/\/www.elementlogic.net\/content\/uploads\/sites\/18\/2024\/10\/2024-03-25-AUTOTORE-MOUSSY-scaled.jpg 2560w, https:\/\/www.elementlogic.net\/content\/uploads\/sites\/18\/2024\/10\/2024-03-25-AUTOTORE-MOUSSY-300x225.jpg 300w, https:\/\/www.elementlogic.net\/content\/uploads\/sites\/18\/2024\/10\/2024-03-25-AUTOTORE-MOUSSY-1024x768.jpg 1024w, https:\/\/www.elementlogic.net\/content\/uploads\/sites\/18\/2024\/10\/2024-03-25-AUTOTORE-MOUSSY-768x576.jpg 768w, https:\/\/www.elementlogic.net\/content\/uploads\/sites\/18\/2024\/10\/2024-03-25-AUTOTORE-MOUSSY-1536x1152.jpg 1536w, https:\/\/www.elementlogic.net\/content\/uploads\/sites\/18\/2024\/10\/2024-03-25-AUTOTORE-MOUSSY-2048x1536.jpg 2048w\" sizes=\"(max-width: 2560px) 100vw, 2560px\" \/><\/figure>\n\t\n<\/a>\n\n\t\t<div class=\"card-content wp-block-t2-wrapper\">\n\t<div class=\"wp-block-dekode-post-terms\"><span>3PL<\/span><\/div>\n\t<h3 class=\"t2-post-title wp-block-t2-post-title\"><a href=\"https:\/\/www.elementlogic.net\/fr\/cas-clients\/dsv\/\" target=\"_self\" >Element Logic automatise le nouvel entrep\u00f4t de DSV en \u00cele-de-France<\/a><\/h3>\n\t<div class=\"t2-post-excerpt wp-block-t2-post-excerpt\"><p>Situ\u00e9 dans le nord Seine-et-Marne (77) \u00e0 proximit\u00e9 de Roissy, le nouveau centre de distribution du Groupe danois DSV, sp\u00e9cialiste de la gestion des flux logistiques, int\u00e8gre un syst\u00e8me AutoStore de 1 100 m2. Install\u00e9 par Element Logic, le syst\u00e8me automatis\u00e9 vise \u00e0 optimiser la capacit\u00e9 de stockage et \u00e0 offrir plus de flexibilit\u00e9 pour g\u00e9rer les pics d\u2019activit\u00e9. Un projet d\u2019envergure qui concr\u00e9tise en France le partenariat international entre les deux groupes.<\/p><\/div>\n<\/div>\n<\/div>\n\n\n<\/div>\n\n\n<div class=\"wp-block-buttons is-layout-flex wp-block-buttons-is-layout-flex\">\n<div class=\"wp-block-button\"><a class=\"wp-block-button__link wp-element-button\" href=\"https:\/\/www.elementlogic.net\/fr\/cases\/category\/3pl\/\">D\u00e9couvrez nos cas clients 3PL<\/a><\/div>\n<\/div>\n\n\n\n<div class=\"wp-block-group alignwide has-global-padding is-layout-constrained wp-block-group-is-layout-constrained\">\n<h2 class=\"wp-block-heading wp-container-content-2\" id=\"h-pourquoi-les-3pl-choisissent-element-logic\">Pourquoi les 3PL choisissent Element Logic<\/h2>\n\n\n\n<ul class=\"wp-block-list\">\n<li>Des syst\u00e8mes d\u2019automatisation d\u2019entrep\u00f4t \u00e9volutifs, capables de s\u2019adapter aux fluctuations de la demande et aux exigences de multiples clients<\/li>\n\n\n\n<li>Un retour sur investissement rapide, gr\u00e2ce \u00e0 une productivit\u00e9 accrue de vos employ\u00e9s et \u00e0 la r\u00e9duction des co\u00fbts op\u00e9rationnels<\/li>\n\n\n\n<li>Des technologies \u00e9prouv\u00e9es, con\u00e7ues pour accompagner durablement la croissance de vos activit\u00e9s logistiques<\/li>\n\n\n\n<li>Une expertise internationale, combin\u00e9e \u00e0 un accompagnement local de proximit\u00e9 pour s\u00e9curiser chaque projet<\/li>\n<\/ul>\n<\/div>\n\n\n\n<div style=\"height:100px;width:0px\" aria-hidden=\"true\" class=\"wp-block-spacer\"><\/div>\n\n\n\n\t\t<div style=\"--dekode-hero-dim:0.6; --t2-icon-fill:var(--wp--preset--color--white);\" class=\"alignfull dekode-hero-content-position-center has-media-background wp-block-dekode-hero has-text-color has-white-color\">\n\t\t\t<img loading=\"lazy\" decoding=\"async\" width=\"1024\" height=\"683\" src=\"https:\/\/www.elementlogic.net\/content\/uploads\/sites\/18\/2026\/03\/Fiege_1-3.jpg\" class=\"dekode-hero__image\" alt=\"\" style=\"--focalpoint: 75% 71%;\" srcset=\"https:\/\/www.elementlogic.net\/content\/uploads\/sites\/18\/2026\/03\/Fiege_1-3.jpg 1024w, https:\/\/www.elementlogic.net\/content\/uploads\/sites\/18\/2026\/03\/Fiege_1-3-300x200.jpg 300w, https:\/\/www.elementlogic.net\/content\/uploads\/sites\/18\/2026\/03\/Fiege_1-3-768x512.jpg 768w\" sizes=\"(max-width: 1024px) 100vw, 1024px\" \/>\n\t\t\t<div class=\"dekode-hero__content\">\n\t\t\t\t<div class=\"dekode-hero__container\">\n\t\t\t\t\t\n\n<h1 class=\"wp-block-heading\" id=\"h-construisons-ensemble-une-logistique-performante-et-prete-pour-les-defis-de-demain\">Construisons ensemble une logistique performante et pr\u00eate pour les d\u00e9fis de demain.<\/h1>\n\n\n\n<div class=\"wp-block-buttons is-layout-flex wp-block-buttons-is-layout-flex\">\n<div class=\"wp-block-button http:\/\/hs-cta-trigger-button hs-cta-trigger-button-195241208906\"><a class=\"wp-block-button__link wp-element-button\" href=\"https:\/\/www.elementlogic.net\/fr\/contact\/\">Contactez-nous d\u00e8s aujourd&rsquo;hui<\/a><\/div>\n<\/div>\n\n\n\t\t\t\t<\/div>\n\t\t\t<\/div>\n\t\t<\/div>\n\t\t","protected":false},"excerpt":{"rendered":"<p>Fort de plus de 40 ans d\u2019expertise en intralogistique, Element Logic accompagne les prestataires logistiques pour r\u00e9pondre \u00e0 l\u2019\u00e9volution rapide [&hellip;]<\/p>\n","protected":false},"author":2,"featured_media":2615,"parent":2502,"menu_order":0,"comment_status":"closed","ping_status":"closed","template":"","meta":{"hreflang_relation":4850,"_el_cross_publish_source_blog_url":"","_el_cross_publish_source_blog_id":0,"_el_cross_publish_source_post_id":0,"_el_cross_publish_sync_state":"","exclude_from_search":false,"footnotes":""},"class_list":["post-2482","page","type-page","status-publish","has-post-thumbnail","hentry"],"yoast_head":"<!-- This site is optimized with the Yoast SEO Premium plugin v23.9 (Yoast SEO v23.9) - https:\/\/yoast.com\/wordpress\/plugins\/seo\/ -->\n<title>3PL : automatisez votre logistique avec Element Logic<\/title>\n<meta name=\"description\" content=\"Optimisez vos op\u00e9rations 3PL avec des solutions d\u2019automatisation flexibles, \u00e9volutives et adapt\u00e9es \u00e0 des volumes et clients multiples.\" \/>\n<meta name=\"robots\" content=\"index, follow, max-snippet:-1, max-image-preview:large, max-video-preview:-1\" \/>\n<link rel=\"canonical\" href=\"https:\/\/www.elementlogic.net\/fr\/secteurs\/3pl\/\" \/>\n<meta property=\"og:locale\" content=\"fr_FR\" \/>\n<meta property=\"og:type\" content=\"article\" \/>\n<meta property=\"og:title\" content=\"Secteur 3PL\" \/>\n<meta property=\"og:description\" content=\"Optimisez vos op\u00e9rations 3PL avec des solutions d\u2019automatisation flexibles, \u00e9volutives et adapt\u00e9es \u00e0 des volumes et clients multiples.\" \/>\n<meta property=\"og:url\" content=\"https:\/\/www.elementlogic.net\/fr\/secteurs\/3pl\/\" \/>\n<meta property=\"og:site_name\" content=\"Element Logic France\" \/>\n<meta property=\"article:modified_time\" content=\"2026-03-25T17:23:46+00:00\" \/>\n<meta property=\"og:image\" content=\"https:\/\/www.elementlogic.net\/content\/uploads\/sites\/18\/2026\/03\/3pl-hub-1.png\" \/>\n\t<meta property=\"og:image:width\" content=\"1024\" \/>\n\t<meta property=\"og:image:height\" content=\"1024\" \/>\n\t<meta property=\"og:image:type\" content=\"image\/png\" \/>\n<meta name=\"twitter:card\" content=\"summary_large_image\" \/>\n<meta name=\"twitter:label1\" content=\"Dur\u00e9e de lecture estim\u00e9e\" \/>\n\t<meta name=\"twitter:data1\" content=\"2 minutes\" \/>\n<script type=\"application\/ld+json\" class=\"yoast-schema-graph\">{\"@context\":\"https:\/\/schema.org\",\"@graph\":[{\"@type\":\"WebPage\",\"@id\":\"https:\/\/www.elementlogic.net\/fr\/secteurs\/3pl\/\",\"url\":\"https:\/\/www.elementlogic.net\/fr\/secteurs\/3pl\/\",\"name\":\"3PL : automatisez votre logistique avec Element Logic\",\"isPartOf\":{\"@id\":\"https:\/\/www.elementlogic.net\/fr\/#website\"},\"primaryImageOfPage\":{\"@id\":\"https:\/\/www.elementlogic.net\/fr\/secteurs\/3pl\/#primaryimage\"},\"image\":{\"@id\":\"https:\/\/www.elementlogic.net\/fr\/secteurs\/3pl\/#primaryimage\"},\"thumbnailUrl\":\"https:\/\/www.elementlogic.net\/content\/uploads\/sites\/18\/2026\/03\/3pl-hub-1.png\",\"datePublished\":\"2026-03-24T14:38:40+00:00\",\"dateModified\":\"2026-03-25T17:23:46+00:00\",\"description\":\"Optimisez vos op\u00e9rations 3PL avec des solutions d\u2019automatisation flexibles, \u00e9volutives et adapt\u00e9es \u00e0 des volumes et clients multiples.\",\"breadcrumb\":{\"@id\":\"https:\/\/www.elementlogic.net\/fr\/secteurs\/3pl\/#breadcrumb\"},\"inLanguage\":\"fr-FR\",\"potentialAction\":[{\"@type\":\"ReadAction\",\"target\":[\"https:\/\/www.elementlogic.net\/fr\/secteurs\/3pl\/\"]}]},{\"@type\":\"ImageObject\",\"inLanguage\":\"fr-FR\",\"@id\":\"https:\/\/www.elementlogic.net\/fr\/secteurs\/3pl\/#primaryimage\",\"url\":\"https:\/\/www.elementlogic.net\/content\/uploads\/sites\/18\/2026\/03\/3pl-hub-1.png\",\"contentUrl\":\"https:\/\/www.elementlogic.net\/content\/uploads\/sites\/18\/2026\/03\/3pl-hub-1.png\",\"width\":1024,\"height\":1024},{\"@type\":\"BreadcrumbList\",\"@id\":\"https:\/\/www.elementlogic.net\/fr\/secteurs\/3pl\/#breadcrumb\",\"itemListElement\":[{\"@type\":\"ListItem\",\"position\":1,\"name\":\"Secteurs\",\"item\":\"https:\/\/www.elementlogic.net\/fr\/secteurs\/\"},{\"@type\":\"ListItem\",\"position\":2,\"name\":\"Secteur 3PL\"}]},{\"@type\":\"WebSite\",\"@id\":\"https:\/\/www.elementlogic.net\/fr\/#website\",\"url\":\"https:\/\/www.elementlogic.net\/fr\/\",\"name\":\"Element Logic France\",\"description\":\"\",\"potentialAction\":[{\"@type\":\"SearchAction\",\"target\":{\"@type\":\"EntryPoint\",\"urlTemplate\":\"https:\/\/www.elementlogic.net\/fr\/?s={search_term_string}\"},\"query-input\":{\"@type\":\"PropertyValueSpecification\",\"valueRequired\":true,\"valueName\":\"search_term_string\"}}],\"inLanguage\":\"fr-FR\"}]}<\/script>\n<!-- \/ Yoast SEO Premium plugin. -->","yoast_head_json":{"title":"3PL : automatisez votre logistique avec Element Logic","description":"Optimisez vos op\u00e9rations 3PL avec des solutions d\u2019automatisation flexibles, \u00e9volutives et adapt\u00e9es \u00e0 des volumes et clients multiples.","robots":{"index":"index","follow":"follow","max-snippet":"max-snippet:-1","max-image-preview":"max-image-preview:large","max-video-preview":"max-video-preview:-1"},"canonical":"https:\/\/www.elementlogic.net\/fr\/secteurs\/3pl\/","og_locale":"fr_FR","og_type":"article","og_title":"Secteur 3PL","og_description":"Optimisez vos op\u00e9rations 3PL avec des solutions d\u2019automatisation flexibles, \u00e9volutives et adapt\u00e9es \u00e0 des volumes et clients multiples.","og_url":"https:\/\/www.elementlogic.net\/fr\/secteurs\/3pl\/","og_site_name":"Element Logic France","article_modified_time":"2026-03-25T17:23:46+00:00","og_image":[{"width":1024,"height":1024,"url":"https:\/\/www.elementlogic.net\/content\/uploads\/sites\/18\/2026\/03\/3pl-hub-1.png","type":"image\/png"}],"twitter_card":"summary_large_image","twitter_misc":{"Dur\u00e9e de lecture estim\u00e9e":"2 minutes"},"schema":{"@context":"https:\/\/schema.org","@graph":[{"@type":"WebPage","@id":"https:\/\/www.elementlogic.net\/fr\/secteurs\/3pl\/","url":"https:\/\/www.elementlogic.net\/fr\/secteurs\/3pl\/","name":"3PL : automatisez votre logistique avec Element Logic","isPartOf":{"@id":"https:\/\/www.elementlogic.net\/fr\/#website"},"primaryImageOfPage":{"@id":"https:\/\/www.elementlogic.net\/fr\/secteurs\/3pl\/#primaryimage"},"image":{"@id":"https:\/\/www.elementlogic.net\/fr\/secteurs\/3pl\/#primaryimage"},"thumbnailUrl":"https:\/\/www.elementlogic.net\/content\/uploads\/sites\/18\/2026\/03\/3pl-hub-1.png","datePublished":"2026-03-24T14:38:40+00:00","dateModified":"2026-03-25T17:23:46+00:00","description":"Optimisez vos op\u00e9rations 3PL avec des solutions d\u2019automatisation flexibles, \u00e9volutives et adapt\u00e9es \u00e0 des volumes et clients multiples.","breadcrumb":{"@id":"https:\/\/www.elementlogic.net\/fr\/secteurs\/3pl\/#breadcrumb"},"inLanguage":"fr-FR","potentialAction":[{"@type":"ReadAction","target":["https:\/\/www.elementlogic.net\/fr\/secteurs\/3pl\/"]}]},{"@type":"ImageObject","inLanguage":"fr-FR","@id":"https:\/\/www.elementlogic.net\/fr\/secteurs\/3pl\/#primaryimage","url":"https:\/\/www.elementlogic.net\/content\/uploads\/sites\/18\/2026\/03\/3pl-hub-1.png","contentUrl":"https:\/\/www.elementlogic.net\/content\/uploads\/sites\/18\/2026\/03\/3pl-hub-1.png","width":1024,"height":1024},{"@type":"BreadcrumbList","@id":"https:\/\/www.elementlogic.net\/fr\/secteurs\/3pl\/#breadcrumb","itemListElement":[{"@type":"ListItem","position":1,"name":"Secteurs","item":"https:\/\/www.elementlogic.net\/fr\/secteurs\/"},{"@type":"ListItem","position":2,"name":"Secteur 3PL"}]},{"@type":"WebSite","@id":"https:\/\/www.elementlogic.net\/fr\/#website","url":"https:\/\/www.elementlogic.net\/fr\/","name":"Element Logic France","description":"","potentialAction":[{"@type":"SearchAction","target":{"@type":"EntryPoint","urlTemplate":"https:\/\/www.elementlogic.net\/fr\/?s={search_term_string}"},"query-input":{"@type":"PropertyValueSpecification","valueRequired":true,"valueName":"search_term_string"}}],"inLanguage":"fr-FR"}]}},"_links":{"self":[{"href":"https:\/\/www.elementlogic.net\/fr\/wp-json\/wp\/v2\/pages\/2482"}],"collection":[{"href":"https:\/\/www.elementlogic.net\/fr\/wp-json\/wp\/v2\/pages"}],"about":[{"href":"https:\/\/www.elementlogic.net\/fr\/wp-json\/wp\/v2\/types\/page"}],"author":[{"embeddable":true,"href":"https:\/\/www.elementlogic.net\/fr\/wp-json\/wp\/v2\/users\/2"}],"replies":[{"embeddable":true,"href":"https:\/\/www.elementlogic.net\/fr\/wp-json\/wp\/v2\/comments?post=2482"}],"version-history":[{"count":5,"href":"https:\/\/www.elementlogic.net\/fr\/wp-json\/wp\/v2\/pages\/2482\/revisions"}],"predecessor-version":[{"id":2941,"href":"https:\/\/www.elementlogic.net\/fr\/wp-json\/wp\/v2\/pages\/2482\/revisions\/2941"}],"up":[{"embeddable":true,"href":"https:\/\/www.elementlogic.net\/fr\/wp-json\/wp\/v2\/pages\/2502"}],"wp:featuredmedia":[{"embeddable":true,"href":"https:\/\/www.elementlogic.net\/fr\/wp-json\/wp\/v2\/media\/2615"}],"wp:attachment":[{"href":"https:\/\/www.elementlogic.net\/fr\/wp-json\/wp\/v2\/media?parent=2482"}],"curies":[{"name":"wp","href":"https:\/\/api.w.org\/{rel}","templated":true}]}}