{"id":2484,"date":"2026-03-25T17:11:09","date_gmt":"2026-03-25T17:11:09","guid":{"rendered":"https:\/\/www.elementlogic.net\/fr\/?page_id=2484"},"modified":"2026-03-25T17:24:19","modified_gmt":"2026-03-25T17:24:19","slug":"electronique","status":"publish","type":"page","link":"https:\/\/www.elementlogic.net\/fr\/secteurs\/electronique\/","title":{"rendered":"Secteur composants \u00e9lectroniques"},"content":{"rendered":"\n\t\t<div style=\"--dekode-hero-dim:0.5; --t2-icon-fill:var(--wp--preset--color--white);\" class=\"alignfull dekode-hero-content-position-center has-media-background wp-block-dekode-hero has-text-color has-white-color\">\n\t\t\t<img loading=\"lazy\" decoding=\"async\" width=\"1024\" height=\"1024\" src=\"https:\/\/www.elementlogic.net\/content\/uploads\/sites\/18\/2026\/03\/Gemini_Generated_Image_4f2zeb4f2zeb4f2z-1.png\" class=\"dekode-hero__image\" alt=\"\" style=\"--focalpoint: 51% 52%;\" srcset=\"https:\/\/www.elementlogic.net\/content\/uploads\/sites\/18\/2026\/03\/Gemini_Generated_Image_4f2zeb4f2zeb4f2z-1.png 1024w, https:\/\/www.elementlogic.net\/content\/uploads\/sites\/18\/2026\/03\/Gemini_Generated_Image_4f2zeb4f2zeb4f2z-1-300x300.png 300w, https:\/\/www.elementlogic.net\/content\/uploads\/sites\/18\/2026\/03\/Gemini_Generated_Image_4f2zeb4f2zeb4f2z-1-150x150.png 150w, https:\/\/www.elementlogic.net\/content\/uploads\/sites\/18\/2026\/03\/Gemini_Generated_Image_4f2zeb4f2zeb4f2z-1-768x768.png 768w\" sizes=\"(max-width: 1024px) 100vw, 1024px\" \/>\n\t\t\t<div class=\"dekode-hero__content\">\n\t\t\t\t<div class=\"dekode-hero__container\">\n\t\t\t\t\t\n\n<p><\/p>\n\n\n\n<h1 class=\"wp-block-heading\" id=\"h-composants-electroniques\">Composants \u00e9lectroniques<\/h1>\n\n\n<p class=\"t2-ingress wp-block-t2-ingress\">Pr\u00e9cision, vitesse et fiabilit\u00e9 sans compromis<\/p>\n\n\n<div class=\"wp-block-buttons is-layout-flex wp-block-buttons-is-layout-flex\">\n<div class=\"wp-block-button hs-cta-trigger-button hs-cta-trigger-button-195241208906 has-icon has-icon-theme_arrow\"><a class=\"wp-block-button__link wp-element-button\" href=\"https:\/\/www.elementlogic.net\/fr\/contact\/\">Contactez-nous<svg xmlns=\"http:\/\/www.w3.org\/2000\/svg\" viewBox=\"0 0 24 24\" height=\"24\" width=\"24\" class=\"t2-icon t2-icon-theme_arrow\" aria-hidden=\"true\" focusable=\"false\"><path d=\"M16.627 12.75H5.25C5.03717 12.75 4.859 12.6782 4.7155 12.5345C4.57183 12.391 4.5 12.2128 4.5 12C4.5 11.7872 4.57183 11.609 4.7155 11.4655C4.859 11.3218 5.03717 11.25 5.25 11.25H16.627L11.4577 6.08076C11.3091 5.93209 11.2357 5.75809 11.2375 5.55876C11.2395 5.35942 11.318 5.18217 11.473 5.02701C11.6282 4.88217 11.8038 4.80717 12 4.80201C12.1962 4.79684 12.3718 4.87184 12.527 5.02701L18.8673 11.3673C18.9609 11.4609 19.0269 11.5597 19.0652 11.6635C19.1037 11.7673 19.123 11.8795 19.123 12C19.123 12.1205 19.1037 12.2327 19.0652 12.3365C19.0269 12.4403 18.9609 12.5391 18.8673 12.6328L12.527 18.973C12.3885 19.1115 12.217 19.1823 12.0125 19.1855C11.808 19.1887 11.6282 19.1178 11.473 18.973C11.318 18.8178 11.2405 18.6397 11.2405 18.4385C11.2405 18.2372 11.318 18.0589 11.473 17.9038L16.627 12.75Z\" fill=\"var(--t2-icon-fill, #000)\"\/><\/svg><\/a><\/div>\n<\/div>\n\n\n\t\t\t\t<\/div>\n\t\t\t<\/div>\n\t\t<\/div>\n\t\t\n\n<p class=\"t2-ingress wp-block-t2-ingress\">Dans le secteur des composants \u00e9lectroniques, <strong>la pr\u00e9cision est un imp\u00e9ratif<\/strong>. Les clients attendent <strong>une pr\u00e9paration de commandes pr\u00e9cise et rapide et une manipulation s\u00e9curis\u00e9e de pi\u00e8ces sensibles et \u00e0 forte valeur ajout\u00e9e<\/strong>. La moindre erreur ou le moindre retard peut avoir des cons\u00e9quences majeures sur l\u2019ensemble de la supply chain, en particulier dans des secteurs exigeants comme l\u2019automobile, l\u2019a\u00e9ronautique, l\u2019industrie ou l\u2019\u00e9lectronique grand public.<\/p>\n\n\n<p>Element Logic accompagne les distributeurs et fabricants de composants \u00e9lectroniques afin de s\u00e9curiser leurs op\u00e9rations logistiques, r\u00e9duire la d\u00e9pendance \u00e0 la main-d\u2019\u0153uvre et pr\u00e9server l\u2019int\u00e9grit\u00e9 des produits, tout au long du flux logistique. Nos solutions d\u2019automatisation d\u2019entrep\u00f4t sont con\u00e7ues pour g\u00e9rer des environnements \u00e0 forte densit\u00e9, avec une tr\u00e8s grande diversit\u00e9 de r\u00e9f\u00e9rences et des exigences \u00e9lev\u00e9es en mati\u00e8re de tra\u00e7abilit\u00e9. Forts de plus de 40 ans d\u2019expertise en intralogistique, nous garantissons une gestion fiable, pr\u00e9cise et performante des composants les plus critiques.<\/p>\n\n\n\n<div class=\"wp-block-group has-global-padding is-layout-constrained wp-block-group-is-layout-constrained\">\n<h2 class=\"wp-block-heading wp-container-content-1\" id=\"h-les-principaux-defis-de-la-logistique-du-secteur-des-composants-electroniques\">Les principaux d\u00e9fis de la logistique du secteur des composants \u00e9lectroniques<\/h2>\n\n\n\n<ul class=\"wp-block-list\">\n<li>G\u00e9rer des catalogues de r\u00e9f\u00e9rences tr\u00e8s \u00e9tendus, compos\u00e9s de petites pi\u00e8ces \u00e0 forte valeur<\/li>\n\n\n\n<li>R\u00e9pondre \u00e0 des exigences strictes en mati\u00e8re de pr\u00e9cision, de tra\u00e7abilit\u00e9 et de conformit\u00e9<\/li>\n\n\n\n<li>R\u00e9duire les co\u00fbts \u00e9lev\u00e9s li\u00e9s au picking manuel et aux t\u00e2ches r\u00e9p\u00e9titives<\/li>\n\n\n\n<li>Limiter les risques de d\u00e9t\u00e9rioration ou de perte lors de la manipulation et du transport<\/li>\n\n\n\n<li>Respecter des cadences industrielles \u00e9lev\u00e9es et des d\u00e9lais de livraison en flux tendu<\/li>\n<\/ul>\n<\/div>\n\n\n\n\t\t<div style=\"--dekode-hero-dim:0.5; --t2-icon-fill:var(--wp--preset--color--white);\" class=\"alignfull dekode-hero-content-position-center has-media-background wp-block-dekode-hero has-text-color has-white-color\">\n\t\t\t\t\t<video\n\t\t\tautoplay\n\t\t\tloop\n\t\t\tmuted\n\t\t\tplaysinline\n\t\t\tposter=\"\"\n\t\t\tsrc=\"https:\/\/www.elementlogic.net\/content\/uploads\/2024\/07\/solutions-and-services.mp4\">\n\t\t<\/video>\n\t\t\n\t\t\t<div class=\"dekode-hero__content\">\n\t\t\t\t<div class=\"dekode-hero__container\">\n\t\t\t\t\t\n\n<h2 class=\"wp-block-heading\" id=\"h-decouvrez-les-temoignages-des-leaders-du-marche-des-composants-electroniques-qui-nous-font-confiance\"><strong>D\u00e9couvrez les t\u00e9moignages des leaders du march\u00e9 des composants \u00e9lectroniques qui nous font confiance<\/strong><\/h2>\n\n\n\t\t\t\t<\/div>\n\t\t\t<\/div>\n\t\t<\/div>\n\t\t\n\n<div class=\"t2-featured-content-layout alignwide wp-block-t2-featured-content-layout\">\n<div class=\"t2-featured-query-post t2-featured-content is-post-type-case case_tax-composants-electroniques wp-block-t2-featured-query-post\"><a class=\"t2-post-link wp-block-t2-post-link\" href=\"https:\/\/www.elementlogic.net\/fr\/cas-clients\/solar\/\">\n\t\n\t<figure style=\"--t2-focal-point: 50% 50%;\" class=\"t2-post-featured-image has-image-ratio-3-2 wp-block-t2-post-featured-image\"><img loading=\"lazy\" decoding=\"async\" width=\"1500\" height=\"1000\" src=\"https:\/\/www.elementlogic.net\/content\/uploads\/sites\/18\/\/2024\/09\/EL_Solar_eOperator_robot.jpg\" class=\"attachment-post-thumbnail size-post-thumbnail wp-post-image\" alt=\"\" srcset=\"https:\/\/www.elementlogic.net\/content\/uploads\/sites\/18\/2024\/09\/EL_Solar_eOperator_robot.jpg 1500w, https:\/\/www.elementlogic.net\/content\/uploads\/sites\/18\/2024\/09\/EL_Solar_eOperator_robot-300x200.jpg 300w, https:\/\/www.elementlogic.net\/content\/uploads\/sites\/18\/2024\/09\/EL_Solar_eOperator_robot-1024x683.jpg 1024w, https:\/\/www.elementlogic.net\/content\/uploads\/sites\/18\/2024\/09\/EL_Solar_eOperator_robot-768x512.jpg 768w\" sizes=\"(max-width: 1500px) 100vw, 1500px\" \/><\/figure>\n\t\n<\/a>\n\n\t\t<div class=\"card-content wp-block-t2-wrapper\">\n\t<div class=\"wp-block-dekode-post-terms\"><span>Composants \u00e9lectroniques<\/span><\/div>\n\t<h3 class=\"t2-post-title wp-block-t2-post-title\"><a href=\"https:\/\/www.elementlogic.net\/fr\/cas-clients\/solar\/\" target=\"_self\" >Un bras robotique connect\u00e9 \u00e0 AutoStore chez Solar<\/a><\/h3>\n\t<div class=\"t2-post-excerpt wp-block-t2-post-excerpt\"><p>En 1919, un jeune visionnaire danois a pr\u00e9dit que l\u2019industrialisation et le d\u00e9veloppement des r\u00e9seaux \u00e9lectriques feraient na\u00eetre un besoin [&hellip;]<\/p><\/div>\n<\/div>\n<\/div>\n\n<div class=\"t2-featured-query-post t2-featured-content is-post-type-case case_tax-composants-electroniques wp-block-t2-featured-query-post\"><a class=\"t2-post-link wp-block-t2-post-link\" href=\"https:\/\/www.elementlogic.net\/fr\/cas-clients\/elotec\/\">\n\t\n\t<figure style=\"--t2-focal-point: 50% 50%;\" class=\"t2-post-featured-image has-image-ratio-3-2 wp-block-t2-post-featured-image\"><img loading=\"lazy\" decoding=\"async\" width=\"1500\" height=\"998\" src=\"https:\/\/www.elementlogic.net\/content\/uploads\/sites\/18\/\/2024\/09\/Jan-Kleiven_Elotec_AutoStore.jpg\" class=\"attachment-post-thumbnail size-post-thumbnail wp-post-image\" alt=\"\" srcset=\"https:\/\/www.elementlogic.net\/content\/uploads\/sites\/18\/2024\/09\/Jan-Kleiven_Elotec_AutoStore.jpg 1500w, https:\/\/www.elementlogic.net\/content\/uploads\/sites\/18\/2024\/09\/Jan-Kleiven_Elotec_AutoStore-300x200.jpg 300w, https:\/\/www.elementlogic.net\/content\/uploads\/sites\/18\/2024\/09\/Jan-Kleiven_Elotec_AutoStore-1024x681.jpg 1024w, https:\/\/www.elementlogic.net\/content\/uploads\/sites\/18\/2024\/09\/Jan-Kleiven_Elotec_AutoStore-768x511.jpg 768w\" sizes=\"(max-width: 1500px) 100vw, 1500px\" \/><\/figure>\n\t\n<\/a>\n\n\t\t<div class=\"card-content wp-block-t2-wrapper\">\n\t<div class=\"wp-block-dekode-post-terms\"><span>Composants \u00e9lectroniques<\/span><\/div>\n\t<h3 class=\"t2-post-title wp-block-t2-post-title\"><a href=\"https:\/\/www.elementlogic.net\/fr\/cas-clients\/elotec\/\" target=\"_self\" >Elotec, premier syst\u00e8me AutoStore install\u00e9 dans un entrep\u00f4t et toujours aussi performant<\/a><\/h3>\n\t<div class=\"t2-post-excerpt wp-block-t2-post-excerpt\"><p>\u00ab&nbsp;Elotec propose une technologie qui sauve des vies et prot\u00e8ge les objets de valeur. Il est donc important que nos [&hellip;]<\/p><\/div>\n<\/div>\n<\/div>\n\n<div class=\"t2-featured-query-post t2-featured-content is-post-type-case case_tax-composants-electroniques wp-block-t2-featured-query-post\"><a class=\"t2-post-link wp-block-t2-post-link\" href=\"https:\/\/www.elementlogic.net\/fr\/cas-clients\/tti\/\">\n\t\n\t<figure style=\"--t2-focal-point: 50% 50%;\" class=\"t2-post-featured-image has-image-ratio-3-2 wp-block-t2-post-featured-image\"><img loading=\"lazy\" decoding=\"async\" width=\"1600\" height=\"1067\" src=\"https:\/\/www.elementlogic.net\/content\/uploads\/sites\/18\/\/2024\/09\/tti-AutoStore-Swing-Ports.jpg\" class=\"attachment-post-thumbnail size-post-thumbnail wp-post-image\" alt=\"\" srcset=\"https:\/\/www.elementlogic.net\/content\/uploads\/sites\/18\/2024\/09\/tti-AutoStore-Swing-Ports.jpg 1600w, https:\/\/www.elementlogic.net\/content\/uploads\/sites\/18\/2024\/09\/tti-AutoStore-Swing-Ports-300x200.jpg 300w, https:\/\/www.elementlogic.net\/content\/uploads\/sites\/18\/2024\/09\/tti-AutoStore-Swing-Ports-1024x683.jpg 1024w, https:\/\/www.elementlogic.net\/content\/uploads\/sites\/18\/2024\/09\/tti-AutoStore-Swing-Ports-768x512.jpg 768w, https:\/\/www.elementlogic.net\/content\/uploads\/sites\/18\/2024\/09\/tti-AutoStore-Swing-Ports-1536x1024.jpg 1536w\" sizes=\"(max-width: 1600px) 100vw, 1600px\" \/><\/figure>\n\t\n<\/a>\n\n\t\t<div class=\"card-content wp-block-t2-wrapper\">\n\t<div class=\"wp-block-dekode-post-terms\"><span>Composants \u00e9lectroniques<\/span><\/div>\n\t<h3 class=\"t2-post-title wp-block-t2-post-title\"><a href=\"https:\/\/www.elementlogic.net\/fr\/cas-clients\/tti\/\" target=\"_self\" >TTI, Inc. : un nouveau concept logistique<\/a><\/h3>\n\t<div class=\"t2-post-excerpt wp-block-t2-post-excerpt\"><p>Fond\u00e9 en 1971 \u00e0 Fort Worth, Texas \u2013 \u00c9tats-Unis, TTI, Inc. s\u2019est implant\u00e9 en Europe en 1992. Le distributeur agr\u00e9\u00e9 [&hellip;]<\/p><\/div>\n<\/div>\n<\/div>\n<\/div>\n\n\n<div class=\"wp-block-buttons is-layout-flex wp-block-buttons-is-layout-flex\">\n<div class=\"wp-block-button\"><a class=\"wp-block-button__link wp-element-button\" href=\"https:\/\/www.elementlogic.net\/fr\/cases\/category\/composants-electroniques\/\">D\u00e9couvrez nos autres cas clients sur le secteur des composants \u00e9lectroniques<\/a><\/div>\n<\/div>\n\n\n\n<div class=\"wp-block-group alignwide has-global-padding is-layout-constrained wp-block-group-is-layout-constrained\">\n<h2 class=\"wp-block-heading wp-container-content-2\" id=\"h-pourquoi-les-acteurs-du-marche-des-composants-electroniques-choisissent-element-logic\">Pourquoi les acteurs du march\u00e9 des composants \u00e9lectroniques choisissent Element Logic<\/h2>\n\n\n\n<ul class=\"wp-block-list\">\n<li>Garantir une pr\u00e9paration de commandes fiable et s\u00e9curis\u00e9e, adapt\u00e9e aux composants sensibles et \u00e0 haute valeur<\/li>\n\n\n\n<li>Augmenter la capacit\u00e9 de traitement gr\u00e2ce \u00e0 des syst\u00e8mes de stockage automatis\u00e9s tr\u00e8s haute densit\u00e9<\/li>\n\n\n\n<li>Maximiser l\u2019efficacit\u00e9 op\u00e9rationnelle en limitant les op\u00e9rations manuelles sources d\u2019erreurs<\/li>\n\n\n\n<li>Assurer une visibilit\u00e9 et une tra\u00e7abilit\u00e9 des pi\u00e8ces de bout en bout, indispensables au respect des exigences qualit\u00e9 et r\u00e9glementaires du secteur<\/li>\n<\/ul>\n<\/div>\n\n\n\n<div style=\"height:100px;width:0px\" aria-hidden=\"true\" class=\"wp-block-spacer\"><\/div>\n\n\n\n\t\t<div style=\"--dekode-hero-dim:0.6; --t2-icon-fill:var(--wp--preset--color--white);\" class=\"alignfull dekode-hero-content-position-center has-media-background wp-block-dekode-hero has-text-color has-white-color\">\n\t\t\t<img loading=\"lazy\" decoding=\"async\" width=\"1024\" height=\"1024\" src=\"https:\/\/www.elementlogic.net\/content\/uploads\/sites\/18\/2026\/03\/Electronic-componenets-costumer-1.png\" class=\"dekode-hero__image\" alt=\"\" style=\"--focalpoint: 74% 39%;\" srcset=\"https:\/\/www.elementlogic.net\/content\/uploads\/sites\/18\/2026\/03\/Electronic-componenets-costumer-1.png 1024w, https:\/\/www.elementlogic.net\/content\/uploads\/sites\/18\/2026\/03\/Electronic-componenets-costumer-1-300x300.png 300w, https:\/\/www.elementlogic.net\/content\/uploads\/sites\/18\/2026\/03\/Electronic-componenets-costumer-1-150x150.png 150w, https:\/\/www.elementlogic.net\/content\/uploads\/sites\/18\/2026\/03\/Electronic-componenets-costumer-1-768x768.png 768w\" sizes=\"(max-width: 1024px) 100vw, 1024px\" \/>\n\t\t\t<div class=\"dekode-hero__content\">\n\t\t\t\t<div class=\"dekode-hero__container\">\n\t\t\t\t\t\n\n<h1 class=\"wp-block-heading\" id=\"h-securisez-chaque-commande-de-composants-electroniques-grace-a-l-automatisation-d-entrepot-element-logic\"><strong>S\u00e9curisez chaque commande de composants \u00e9lectroniques gr\u00e2ce \u00e0 l\u2019automatisation d\u2019entrep\u00f4t Element Logic.<\/strong><\/h1>\n\n\n\n<div class=\"wp-block-buttons is-layout-flex wp-block-buttons-is-layout-flex\">\n<div class=\"wp-block-button http:\/\/hs-cta-trigger-button hs-cta-trigger-button-195241208906\"><a class=\"wp-block-button__link wp-element-button\" href=\"https:\/\/www.elementlogic.net\/fr\/contact\/\">Contactez-nous d\u00e8s aujourd&rsquo;hui<\/a><\/div>\n<\/div>\n\n\n\t\t\t\t<\/div>\n\t\t\t<\/div>\n\t\t<\/div>\n\t\t","protected":false},"excerpt":{"rendered":"<p>Element Logic accompagne les distributeurs et fabricants de composants \u00e9lectroniques afin de s\u00e9curiser leurs op\u00e9rations logistiques, r\u00e9duire la d\u00e9pendance \u00e0 [&hellip;]<\/p>\n","protected":false},"author":2,"featured_media":0,"parent":2502,"menu_order":0,"comment_status":"closed","ping_status":"closed","template":"","meta":{"hreflang_relation":4852,"_el_cross_publish_source_blog_url":"","_el_cross_publish_source_blog_id":0,"_el_cross_publish_source_post_id":0,"_el_cross_publish_sync_state":"","exclude_from_search":false,"footnotes":""},"class_list":["post-2484","page","type-page","status-publish","hentry"],"yoast_head":"<!-- This site is optimized with the Yoast SEO Premium plugin v23.9 (Yoast SEO v23.9) - https:\/\/yoast.com\/wordpress\/plugins\/seo\/ -->\n<title>Solutions d\u2019automatisation pour les composants \u00e9lectroniques<\/title>\n<meta name=\"description\" content=\"Optimisez le stockage de vos composants \u00e9lectroniques avec des solutions automatis\u00e9es garantissant pr\u00e9cision, tra\u00e7abilit\u00e9 et s\u00e9curit\u00e9.\" \/>\n<meta name=\"robots\" content=\"index, follow, max-snippet:-1, max-image-preview:large, max-video-preview:-1\" \/>\n<link rel=\"canonical\" href=\"https:\/\/www.elementlogic.net\/fr\/secteurs\/electronique\/\" \/>\n<meta property=\"og:locale\" content=\"fr_FR\" \/>\n<meta property=\"og:type\" content=\"article\" \/>\n<meta property=\"og:title\" content=\"Secteur composants \u00e9lectroniques\" \/>\n<meta property=\"og:description\" content=\"Optimisez le stockage de vos composants \u00e9lectroniques avec des solutions automatis\u00e9es garantissant pr\u00e9cision, tra\u00e7abilit\u00e9 et s\u00e9curit\u00e9.\" \/>\n<meta property=\"og:url\" content=\"https:\/\/www.elementlogic.net\/fr\/secteurs\/electronique\/\" \/>\n<meta property=\"og:site_name\" content=\"Element Logic France\" \/>\n<meta property=\"article:modified_time\" content=\"2026-03-25T17:24:19+00:00\" \/>\n<meta name=\"twitter:card\" content=\"summary_large_image\" \/>\n<meta name=\"twitter:label1\" content=\"Dur\u00e9e de lecture estim\u00e9e\" \/>\n\t<meta name=\"twitter:data1\" content=\"2 minutes\" \/>\n<script type=\"application\/ld+json\" class=\"yoast-schema-graph\">{\"@context\":\"https:\/\/schema.org\",\"@graph\":[{\"@type\":\"WebPage\",\"@id\":\"https:\/\/www.elementlogic.net\/fr\/secteurs\/electronique\/\",\"url\":\"https:\/\/www.elementlogic.net\/fr\/secteurs\/electronique\/\",\"name\":\"Solutions d\u2019automatisation pour les composants \u00e9lectroniques\",\"isPartOf\":{\"@id\":\"https:\/\/www.elementlogic.net\/fr\/#website\"},\"datePublished\":\"2026-03-25T17:11:09+00:00\",\"dateModified\":\"2026-03-25T17:24:19+00:00\",\"description\":\"Optimisez le stockage de vos composants \u00e9lectroniques avec des solutions automatis\u00e9es garantissant pr\u00e9cision, tra\u00e7abilit\u00e9 et s\u00e9curit\u00e9.\",\"breadcrumb\":{\"@id\":\"https:\/\/www.elementlogic.net\/fr\/secteurs\/electronique\/#breadcrumb\"},\"inLanguage\":\"fr-FR\",\"potentialAction\":[{\"@type\":\"ReadAction\",\"target\":[\"https:\/\/www.elementlogic.net\/fr\/secteurs\/electronique\/\"]}]},{\"@type\":\"BreadcrumbList\",\"@id\":\"https:\/\/www.elementlogic.net\/fr\/secteurs\/electronique\/#breadcrumb\",\"itemListElement\":[{\"@type\":\"ListItem\",\"position\":1,\"name\":\"Secteurs\",\"item\":\"https:\/\/www.elementlogic.net\/fr\/secteurs\/\"},{\"@type\":\"ListItem\",\"position\":2,\"name\":\"Secteur composants \u00e9lectroniques\"}]},{\"@type\":\"WebSite\",\"@id\":\"https:\/\/www.elementlogic.net\/fr\/#website\",\"url\":\"https:\/\/www.elementlogic.net\/fr\/\",\"name\":\"Element Logic France\",\"description\":\"\",\"potentialAction\":[{\"@type\":\"SearchAction\",\"target\":{\"@type\":\"EntryPoint\",\"urlTemplate\":\"https:\/\/www.elementlogic.net\/fr\/?s={search_term_string}\"},\"query-input\":{\"@type\":\"PropertyValueSpecification\",\"valueRequired\":true,\"valueName\":\"search_term_string\"}}],\"inLanguage\":\"fr-FR\"}]}<\/script>\n<!-- \/ Yoast SEO Premium plugin. -->","yoast_head_json":{"title":"Solutions d\u2019automatisation pour les composants \u00e9lectroniques","description":"Optimisez le stockage de vos composants \u00e9lectroniques avec des solutions automatis\u00e9es garantissant pr\u00e9cision, tra\u00e7abilit\u00e9 et s\u00e9curit\u00e9.","robots":{"index":"index","follow":"follow","max-snippet":"max-snippet:-1","max-image-preview":"max-image-preview:large","max-video-preview":"max-video-preview:-1"},"canonical":"https:\/\/www.elementlogic.net\/fr\/secteurs\/electronique\/","og_locale":"fr_FR","og_type":"article","og_title":"Secteur composants \u00e9lectroniques","og_description":"Optimisez le stockage de vos composants \u00e9lectroniques avec des solutions automatis\u00e9es garantissant pr\u00e9cision, tra\u00e7abilit\u00e9 et s\u00e9curit\u00e9.","og_url":"https:\/\/www.elementlogic.net\/fr\/secteurs\/electronique\/","og_site_name":"Element Logic France","article_modified_time":"2026-03-25T17:24:19+00:00","twitter_card":"summary_large_image","twitter_misc":{"Dur\u00e9e de lecture estim\u00e9e":"2 minutes"},"schema":{"@context":"https:\/\/schema.org","@graph":[{"@type":"WebPage","@id":"https:\/\/www.elementlogic.net\/fr\/secteurs\/electronique\/","url":"https:\/\/www.elementlogic.net\/fr\/secteurs\/electronique\/","name":"Solutions d\u2019automatisation pour les composants \u00e9lectroniques","isPartOf":{"@id":"https:\/\/www.elementlogic.net\/fr\/#website"},"datePublished":"2026-03-25T17:11:09+00:00","dateModified":"2026-03-25T17:24:19+00:00","description":"Optimisez le stockage de vos composants \u00e9lectroniques avec des solutions automatis\u00e9es garantissant pr\u00e9cision, tra\u00e7abilit\u00e9 et s\u00e9curit\u00e9.","breadcrumb":{"@id":"https:\/\/www.elementlogic.net\/fr\/secteurs\/electronique\/#breadcrumb"},"inLanguage":"fr-FR","potentialAction":[{"@type":"ReadAction","target":["https:\/\/www.elementlogic.net\/fr\/secteurs\/electronique\/"]}]},{"@type":"BreadcrumbList","@id":"https:\/\/www.elementlogic.net\/fr\/secteurs\/electronique\/#breadcrumb","itemListElement":[{"@type":"ListItem","position":1,"name":"Secteurs","item":"https:\/\/www.elementlogic.net\/fr\/secteurs\/"},{"@type":"ListItem","position":2,"name":"Secteur composants \u00e9lectroniques"}]},{"@type":"WebSite","@id":"https:\/\/www.elementlogic.net\/fr\/#website","url":"https:\/\/www.elementlogic.net\/fr\/","name":"Element Logic France","description":"","potentialAction":[{"@type":"SearchAction","target":{"@type":"EntryPoint","urlTemplate":"https:\/\/www.elementlogic.net\/fr\/?s={search_term_string}"},"query-input":{"@type":"PropertyValueSpecification","valueRequired":true,"valueName":"search_term_string"}}],"inLanguage":"fr-FR"}]}},"_links":{"self":[{"href":"https:\/\/www.elementlogic.net\/fr\/wp-json\/wp\/v2\/pages\/2484"}],"collection":[{"href":"https:\/\/www.elementlogic.net\/fr\/wp-json\/wp\/v2\/pages"}],"about":[{"href":"https:\/\/www.elementlogic.net\/fr\/wp-json\/wp\/v2\/types\/page"}],"author":[{"embeddable":true,"href":"https:\/\/www.elementlogic.net\/fr\/wp-json\/wp\/v2\/users\/2"}],"replies":[{"embeddable":true,"href":"https:\/\/www.elementlogic.net\/fr\/wp-json\/wp\/v2\/comments?post=2484"}],"version-history":[{"count":5,"href":"https:\/\/www.elementlogic.net\/fr\/wp-json\/wp\/v2\/pages\/2484\/revisions"}],"predecessor-version":[{"id":2942,"href":"https:\/\/www.elementlogic.net\/fr\/wp-json\/wp\/v2\/pages\/2484\/revisions\/2942"}],"up":[{"embeddable":true,"href":"https:\/\/www.elementlogic.net\/fr\/wp-json\/wp\/v2\/pages\/2502"}],"wp:attachment":[{"href":"https:\/\/www.elementlogic.net\/fr\/wp-json\/wp\/v2\/media?parent=2484"}],"curies":[{"name":"wp","href":"https:\/\/api.w.org\/{rel}","templated":true}]}}