{"id":2486,"date":"2026-03-25T17:29:00","date_gmt":"2026-03-25T17:29:00","guid":{"rendered":"https:\/\/www.elementlogic.net\/fr\/?page_id=2486"},"modified":"2026-03-25T17:29:01","modified_gmt":"2026-03-25T17:29:01","slug":"mode","status":"publish","type":"page","link":"https:\/\/www.elementlogic.net\/fr\/secteurs\/mode\/","title":{"rendered":"Secteur mode et accessoires"},"content":{"rendered":"\n\t\t<div style=\"--dekode-hero-dim:0.5; --t2-icon-fill:var(--wp--preset--color--white);\" class=\"alignfull dekode-hero-content-position-center has-media-background wp-block-dekode-hero has-text-color has-white-color\">\n\t\t\t<img loading=\"lazy\" decoding=\"async\" width=\"1024\" height=\"1024\" src=\"https:\/\/www.elementlogic.net\/content\/uploads\/sites\/18\/2026\/03\/Fashion-1.png\" class=\"dekode-hero__image\" alt=\"\" style=\"--focalpoint: 66% 37%;\" srcset=\"https:\/\/www.elementlogic.net\/content\/uploads\/sites\/18\/2026\/03\/Fashion-1.png 1024w, https:\/\/www.elementlogic.net\/content\/uploads\/sites\/18\/2026\/03\/Fashion-1-300x300.png 300w, https:\/\/www.elementlogic.net\/content\/uploads\/sites\/18\/2026\/03\/Fashion-1-150x150.png 150w, https:\/\/www.elementlogic.net\/content\/uploads\/sites\/18\/2026\/03\/Fashion-1-768x768.png 768w\" sizes=\"(max-width: 1024px) 100vw, 1024px\" \/>\n\t\t\t<div class=\"dekode-hero__content\">\n\t\t\t\t<div class=\"dekode-hero__container\">\n\t\t\t\t\t\n\n<p><\/p>\n\n\n\n<h1 class=\"wp-block-heading\" id=\"h-mode-et-accessoires\">Mode et accessoires<\/h1>\n\n\n<p class=\"t2-ingress wp-block-t2-ingress\">Une supply chain fluide et performante<\/p>\n\n\n<div class=\"wp-block-buttons is-layout-flex wp-block-buttons-is-layout-flex\">\n<div class=\"wp-block-button hs-cta-trigger-button hs-cta-trigger-button-195241208906 has-icon has-icon-theme_arrow\"><a class=\"wp-block-button__link wp-element-button\" href=\"https:\/\/www.elementlogic.net\/fr\/contact\/\">Contactez-nous<svg xmlns=\"http:\/\/www.w3.org\/2000\/svg\" viewBox=\"0 0 24 24\" height=\"24\" width=\"24\" class=\"t2-icon t2-icon-theme_arrow\" aria-hidden=\"true\" focusable=\"false\"><path d=\"M16.627 12.75H5.25C5.03717 12.75 4.859 12.6782 4.7155 12.5345C4.57183 12.391 4.5 12.2128 4.5 12C4.5 11.7872 4.57183 11.609 4.7155 11.4655C4.859 11.3218 5.03717 11.25 5.25 11.25H16.627L11.4577 6.08076C11.3091 5.93209 11.2357 5.75809 11.2375 5.55876C11.2395 5.35942 11.318 5.18217 11.473 5.02701C11.6282 4.88217 11.8038 4.80717 12 4.80201C12.1962 4.79684 12.3718 4.87184 12.527 5.02701L18.8673 11.3673C18.9609 11.4609 19.0269 11.5597 19.0652 11.6635C19.1037 11.7673 19.123 11.8795 19.123 12C19.123 12.1205 19.1037 12.2327 19.0652 12.3365C19.0269 12.4403 18.9609 12.5391 18.8673 12.6328L12.527 18.973C12.3885 19.1115 12.217 19.1823 12.0125 19.1855C11.808 19.1887 11.6282 19.1178 11.473 18.973C11.318 18.8178 11.2405 18.6397 11.2405 18.4385C11.2405 18.2372 11.318 18.0589 11.473 17.9038L16.627 12.75Z\" fill=\"var(--t2-icon-fill, #000)\"\/><\/svg><\/a><\/div>\n<\/div>\n\n\n\t\t\t\t<\/div>\n\t\t\t<\/div>\n\t\t<\/div>\n\t\t\n\n<p class=\"t2-ingress wp-block-t2-ingress\">Des collections saisonni\u00e8res aux ventes flash, en passant par la gestion des retours et des \u00e9changes, le secteur de la mode \u00e9volue \u00e0 un rythme soutenu. Les marques doivent g\u00e9rer des volumes fluctuants, une forte diversit\u00e9 de r\u00e9f\u00e9rences et des attentes \u00e9lev\u00e9es en mati\u00e8re de rapidit\u00e9 et de fiabilit\u00e9 logistique. Element Logic accompagne les acteurs de la mode et accessoires avec des solutions d\u2019automatisation d\u2019entrep\u00f4t con\u00e7ues pour maximiser la vitesse, la flexibilit\u00e9 et la pr\u00e9cision de leurs op\u00e9rations logistiques.<\/p>\n\n\n<p><\/p>\n\n\n\n<p>Forte de plus de 40 ans d\u2019expertise en intralogistique, notre approche de l\u2019automatisation d\u2019entrep\u00f4t permet aux marques et distributeurs de ma\u00eetriser leurs co\u00fbts op\u00e9rationnels, de s\u00e9curiser leur pr\u00e9paration des commandes et de faire \u00e9voluer leur supply chain en toute confiance, dans un contexte omnicanal en constante mutation.<\/p>\n\n\n\n<div class=\"wp-block-group has-global-padding is-layout-constrained wp-block-group-is-layout-constrained\">\n<h2 class=\"wp-block-heading wp-container-content-1\" id=\"h-les-principaux-defis-de-la-logistique-du-secteur-mode-et-accessoires\"><strong>Les principaux d\u00e9fis de la logistique du secteur mode et accessoires<\/strong><\/h2>\n\n\n\n<ul class=\"wp-block-list\">\n<li>Des cycles de tendances courts et des lancements de collections fr\u00e9quents<\/li>\n\n\n\n<li>Un renouvellement rapide des r\u00e9f\u00e9rences et des collections en constante \u00e9volution<\/li>\n\n\n\n<li>Une gestion complexe des retours et des \u00e9changes (tailles, coupes, styles)<\/li>\n\n\n\n<li>Des exigences \u00e9lev\u00e9es en mati\u00e8re de rapidit\u00e9 d\u2019ex\u00e9cution, en ligne comme en magasin<\/li>\n\n\n\n<li>La n\u00e9cessit\u00e9 de maintenir une visibilit\u00e9 pr\u00e9cise et en temps r\u00e9el des stocks sur l\u2019ensemble des canaux<\/li>\n<\/ul>\n<\/div>\n\n\n\n\t\t<div style=\"--dekode-hero-dim:0.5; --t2-icon-fill:var(--wp--preset--color--white);\" class=\"alignfull dekode-hero-content-position-center has-media-background wp-block-dekode-hero has-text-color has-white-color\">\n\t\t\t\t\t<video\n\t\t\tautoplay\n\t\t\tloop\n\t\t\tmuted\n\t\t\tplaysinline\n\t\t\tposter=\"\"\n\t\t\tsrc=\"https:\/\/www.elementlogic.net\/content\/uploads\/2024\/07\/solutions-and-services.mp4\">\n\t\t<\/video>\n\t\t\n\t\t\t<div class=\"dekode-hero__content\">\n\t\t\t\t<div class=\"dekode-hero__container\">\n\t\t\t\t\t\n\n<h2 class=\"wp-block-heading\" id=\"h-decouvrez-les-temoignages-des-acteurs-de-la-mode-qui-nous-font-confiance\"><strong>D\u00e9couvrez les t\u00e9moignages des acteurs de la mode qui nous font confiance<\/strong><\/h2>\n\n\n\t\t\t\t<\/div>\n\t\t\t<\/div>\n\t\t<\/div>\n\t\t\n\n<div class=\"t2-featured-content-layout alignwide wp-block-t2-featured-content-layout\">\n<div class=\"t2-featured-query-post t2-featured-content is-post-type-case case_tax-retail wp-block-t2-featured-query-post\"><a class=\"t2-post-link wp-block-t2-post-link\" href=\"https:\/\/www.elementlogic.net\/fr\/cas-clients\/entrepot-wesco\/\">\n\t<div class=\"client-logo-image-wrapper\"><img loading=\"lazy\" decoding=\"async\" width=\"247\" height=\"93\" src=\"https:\/\/www.elementlogic.net\/content\/uploads\/sites\/18\/2025\/03\/logoWesco.png\" class=\"client-logo-image\" alt=\"\" \/><\/div>\n\t<figure style=\"--t2-focal-point: 50% 50%;\" class=\"t2-post-featured-image has-image-ratio-3-2 wp-block-t2-post-featured-image\"><img loading=\"lazy\" decoding=\"async\" width=\"725\" height=\"483\" src=\"https:\/\/www.elementlogic.net\/content\/uploads\/sites\/18\/2025\/03\/Wesco1.jpg\" class=\"attachment-post-thumbnail size-post-thumbnail wp-post-image\" alt=\"\" srcset=\"https:\/\/www.elementlogic.net\/content\/uploads\/sites\/18\/2025\/03\/Wesco1.jpg 725w, https:\/\/www.elementlogic.net\/content\/uploads\/sites\/18\/2025\/03\/Wesco1-300x200.jpg 300w\" sizes=\"(max-width: 725px) 100vw, 725px\" \/><\/figure>\n\t\n<\/a>\n\n\t\t<div class=\"card-content wp-block-t2-wrapper\">\n\t<div class=\"wp-block-dekode-post-terms\"><span>Retail<\/span><\/div>\n\t<h3 class=\"t2-post-title wp-block-t2-post-title\"><a href=\"https:\/\/www.elementlogic.net\/fr\/cas-clients\/entrepot-wesco\/\" target=\"_self\" >Une zone de stockage divis\u00e9e par 10 dans l\u2019entrep\u00f4t Wesco gr\u00e2ce \u00e0 Element Logic<\/a><\/h3>\n\t<div class=\"t2-post-excerpt wp-block-t2-post-excerpt\"><p>FWesco commercialise ses produits via son site internet ou son catalogue papier. Il est donc imp\u00e9ratif de pouvoir pr\u00e9parer efficacement [&hellip;]<\/p><\/div>\n<\/div>\n<\/div>\n\n<div class=\"t2-featured-query-post t2-featured-content is-post-type-case case_tax-3pl case_tax-habillement-sport wp-block-t2-featured-query-post\"><a class=\"t2-post-link wp-block-t2-post-link\" href=\"https:\/\/www.elementlogic.net\/fr\/cas-clients\/katoen-natie-entrepot\/\">\n\t<div class=\"client-logo-image-wrapper\"><img loading=\"lazy\" decoding=\"async\" width=\"300\" height=\"150\" src=\"https:\/\/www.elementlogic.net\/content\/uploads\/sites\/18\/2024\/11\/download-300x150.png\" class=\"client-logo-image\" alt=\"\" \/><\/div>\n\t<figure style=\"--t2-focal-point: 50% 50%;\" class=\"t2-post-featured-image has-image-ratio-3-2 wp-block-t2-post-featured-image\"><img loading=\"lazy\" decoding=\"async\" width=\"2560\" height=\"1707\" src=\"https:\/\/www.elementlogic.net\/content\/uploads\/sites\/18\/2024\/11\/DJI_0181-02192024-Enhanced-NR-scaled.jpg\" class=\"attachment-post-thumbnail size-post-thumbnail wp-post-image\" alt=\"\" srcset=\"https:\/\/www.elementlogic.net\/content\/uploads\/sites\/18\/2024\/11\/DJI_0181-02192024-Enhanced-NR-scaled.jpg 2560w, https:\/\/www.elementlogic.net\/content\/uploads\/sites\/18\/2024\/11\/DJI_0181-02192024-Enhanced-NR-300x200.jpg 300w, https:\/\/www.elementlogic.net\/content\/uploads\/sites\/18\/2024\/11\/DJI_0181-02192024-Enhanced-NR-1024x683.jpg 1024w, https:\/\/www.elementlogic.net\/content\/uploads\/sites\/18\/2024\/11\/DJI_0181-02192024-Enhanced-NR-768x512.jpg 768w, https:\/\/www.elementlogic.net\/content\/uploads\/sites\/18\/2024\/11\/DJI_0181-02192024-Enhanced-NR-1536x1024.jpg 1536w, https:\/\/www.elementlogic.net\/content\/uploads\/sites\/18\/2024\/11\/DJI_0181-02192024-Enhanced-NR-2048x1365.jpg 2048w\" sizes=\"(max-width: 2560px) 100vw, 2560px\" \/><\/figure>\n\t\n<\/a>\n\n\t\t<div class=\"card-content wp-block-t2-wrapper\">\n\t<div class=\"wp-block-dekode-post-terms\"><span>3PL<\/span><span>Habillement et mat\u00e9riel de sport<\/span><\/div>\n\t<h3 class=\"t2-post-title wp-block-t2-post-title\"><a href=\"https:\/\/www.elementlogic.net\/fr\/cas-clients\/katoen-natie-entrepot\/\" target=\"_self\" >Jusqu\u2019\u00e0 1 000 lignes de commandes trait\u00e9es par heure dans l\u2019entrep\u00f4t de KATOEN NATIE<\/a><\/h3>\n\t<div class=\"t2-post-excerpt wp-block-t2-post-excerpt\"><p>Fort d\u2019un site de 350\u00a0000 m\u00b2 dont\u00a030\u00a0000 m2\u00a0d\u00e9di\u00e9s au textile, l\u2019entrep\u00f4t de KATOEN NATIE, situ\u00e9 \u00e0 Saint-Martin-de-Crau (13), a \u00e9t\u00e9 [&hellip;]<\/p><\/div>\n<\/div>\n<\/div>\n\n<div class=\"t2-featured-query-post t2-featured-content is-post-type-case case_tax-habillement-sport wp-block-t2-featured-query-post\"><a class=\"t2-post-link wp-block-t2-post-link\" href=\"https:\/\/www.elementlogic.net\/fr\/cas-clients\/styleboom\/\">\n\t\n\t<figure style=\"--t2-focal-point: 50% 50%;\" class=\"t2-post-featured-image has-image-ratio-3-2 wp-block-t2-post-featured-image\"><img loading=\"lazy\" decoding=\"async\" width=\"2560\" height=\"1920\" src=\"https:\/\/www.elementlogic.net\/content\/uploads\/sites\/18\/\/2024\/09\/AutoStore-from-Element-Logic-at-Styleboom-scaled.jpg\" class=\"attachment-post-thumbnail size-post-thumbnail wp-post-image\" alt=\"\" srcset=\"https:\/\/www.elementlogic.net\/content\/uploads\/sites\/18\/2024\/09\/AutoStore-from-Element-Logic-at-Styleboom-scaled.jpg 2560w, https:\/\/www.elementlogic.net\/content\/uploads\/sites\/18\/2024\/09\/AutoStore-from-Element-Logic-at-Styleboom-scaled-300x225.jpg 300w, https:\/\/www.elementlogic.net\/content\/uploads\/sites\/18\/2024\/09\/AutoStore-from-Element-Logic-at-Styleboom-scaled-1024x768.jpg 1024w, https:\/\/www.elementlogic.net\/content\/uploads\/sites\/18\/2024\/09\/AutoStore-from-Element-Logic-at-Styleboom-scaled-768x576.jpg 768w, https:\/\/www.elementlogic.net\/content\/uploads\/sites\/18\/2024\/09\/AutoStore-from-Element-Logic-at-Styleboom-scaled-1536x1152.jpg 1536w, https:\/\/www.elementlogic.net\/content\/uploads\/sites\/18\/2024\/09\/AutoStore-from-Element-Logic-at-Styleboom-scaled-2048x1536.jpg 2048w\" sizes=\"(max-width: 2560px) 100vw, 2560px\" \/><\/figure>\n\t\n<\/a>\n\n\t\t<div class=\"card-content wp-block-t2-wrapper\">\n\t<div class=\"wp-block-dekode-post-terms\"><span>Habillement et mat\u00e9riel de sport<\/span><\/div>\n\t<h3 class=\"t2-post-title wp-block-t2-post-title\"><a href=\"https:\/\/www.elementlogic.net\/fr\/cas-clients\/styleboom\/\" target=\"_self\" >Styleboom traite ses commandes 6 fois plus vite gr\u00e2ce \u00e0 Element Logic<\/a><\/h3>\n\t<div class=\"t2-post-excerpt wp-block-t2-post-excerpt\"><p>Bas\u00e9 \u00e0 Geldern, en Allemagne, Styleboom est sp\u00e9cialis\u00e9 dans la vente en ligne de v\u00eatements de la marque Seventy-Seven Urban [&hellip;]<\/p><\/div>\n<\/div>\n<\/div>\n<\/div>\n\n\n<div class=\"wp-block-buttons is-layout-flex wp-block-buttons-is-layout-flex\">\n<div class=\"wp-block-button\"><a class=\"wp-block-button__link wp-element-button\" href=\"https:\/\/www.elementlogic.net\/cases\/category\/fashion-apparel\/\">D\u00e9couvrez nos autres cas clients sur le secteur mode et accessoires<\/a><\/div>\n<\/div>\n\n\n\n<div class=\"wp-block-group alignwide has-global-padding is-layout-constrained wp-block-group-is-layout-constrained\">\n<h2 class=\"wp-block-heading wp-container-content-2\" id=\"h-pourquoi-les-acteurs-de-la-mode-et-de-l-accessoire-choisissent-element-logic\"><strong>Pourquoi les acteurs de la mode et de l\u2019accessoire choisissent Element Logic<\/strong><\/h2>\n\n\n\n<ul class=\"wp-block-list\">\n<li><strong>Des syst\u00e8mes d\u2019automatisation d\u2019entrep\u00f4t flexibles,<\/strong> capables de s\u2019adapter rapidement \u00e0 l\u2019\u00e9volution des tendances et des volumes<\/li>\n\n\n\n<li><strong>Un retour sur investissement rapide<\/strong>, port\u00e9 par la r\u00e9duction des co\u00fbts de main-d\u2019\u0153uvre et l\u2019optimisation des flux logistiques<\/li>\n\n\n\n<li><strong>Des technologies d\u2019automatisation \u00e9prouv\u00e9es et \u00e9volutives<\/strong>, con\u00e7ues pour accompagner durablement les sp\u00e9cificit\u00e9s du secteur de la mode<\/li>\n\n\n\n<li><strong>Une expertise internationale<\/strong>, associ\u00e9e \u00e0 un accompagnement local de proximit\u00e9, tout au long du cycle de vie de la solution<\/li>\n<\/ul>\n<\/div>\n\n\n\n<div style=\"height:100px;width:0px\" aria-hidden=\"true\" class=\"wp-block-spacer\"><\/div>\n\n\n\n\t\t<div style=\"--dekode-hero-dim:0.6; --t2-icon-fill:var(--wp--preset--color--white);\" class=\"alignfull dekode-hero-content-position-center has-media-background wp-block-dekode-hero has-text-color has-white-color\">\n\t\t\t<img loading=\"lazy\" decoding=\"async\" width=\"1024\" height=\"1024\" src=\"https:\/\/www.elementlogic.net\/content\/uploads\/sites\/18\/2026\/03\/Retail-cinematic-1.png\" class=\"dekode-hero__image\" alt=\"\" style=\"--focalpoint: 51% 40%;\" srcset=\"https:\/\/www.elementlogic.net\/content\/uploads\/sites\/18\/2026\/03\/Retail-cinematic-1.png 1024w, https:\/\/www.elementlogic.net\/content\/uploads\/sites\/18\/2026\/03\/Retail-cinematic-1-300x300.png 300w, https:\/\/www.elementlogic.net\/content\/uploads\/sites\/18\/2026\/03\/Retail-cinematic-1-150x150.png 150w, https:\/\/www.elementlogic.net\/content\/uploads\/sites\/18\/2026\/03\/Retail-cinematic-1-768x768.png 768w\" sizes=\"(max-width: 1024px) 100vw, 1024px\" \/>\n\t\t\t<div class=\"dekode-hero__content\">\n\t\t\t\t<div class=\"dekode-hero__container\">\n\t\t\t\t\t\n\n<h1 class=\"wp-block-heading\" id=\"h-faconnons-ensemble-une-supply-chain-performante-et-agile-pour-le-secteur-de-la-mode-et-de-l-accessoire\"><strong>Fa\u00e7onnons ensemble une supply chain performante et agile pour le secteur de la mode et de l\u2019accessoire.<\/strong><\/h1>\n\n\n\n<div class=\"wp-block-buttons is-layout-flex wp-block-buttons-is-layout-flex\">\n<div class=\"wp-block-button http:\/\/hs-cta-trigger-button hs-cta-trigger-button-195241208906\"><a class=\"wp-block-button__link wp-element-button\" href=\"https:\/\/www.elementlogic.net\/fr\/contact\/\">Contactez-nous d\u00e8s aujourd&rsquo;hui<\/a><\/div>\n<\/div>\n\n\n\t\t\t\t<\/div>\n\t\t\t<\/div>\n\t\t<\/div>\n\t\t","protected":false},"excerpt":{"rendered":"<p>Forte de plus de 40 ans d\u2019expertise en intralogistique, notre approche de l\u2019automatisation d\u2019entrep\u00f4t permet aux marques et distributeurs de [&hellip;]<\/p>\n","protected":false},"author":2,"featured_media":0,"parent":2502,"menu_order":0,"comment_status":"closed","ping_status":"closed","template":"","meta":{"hreflang_relation":4854,"_el_cross_publish_source_blog_url":"","_el_cross_publish_source_blog_id":0,"_el_cross_publish_source_post_id":0,"_el_cross_publish_sync_state":"","exclude_from_search":false,"footnotes":""},"class_list":["post-2486","page","type-page","status-publish","hentry"],"yoast_head":"<!-- This site is optimized with the Yoast SEO Premium plugin v23.9 (Yoast SEO v23.9) - https:\/\/yoast.com\/wordpress\/plugins\/seo\/ -->\n<title>Habillement : une supply chain agile et performante<\/title>\n<meta name=\"description\" content=\"Optimisez votre logistique mode avec des solutions automatis\u00e9es flexibles, capables de g\u00e9rer volumes, retours et variations saisonni\u00e8res.\" \/>\n<meta name=\"robots\" content=\"index, follow, max-snippet:-1, max-image-preview:large, max-video-preview:-1\" \/>\n<link rel=\"canonical\" href=\"https:\/\/www.elementlogic.net\/fr\/secteurs\/mode\/\" \/>\n<meta property=\"og:locale\" content=\"fr_FR\" \/>\n<meta property=\"og:type\" content=\"article\" \/>\n<meta property=\"og:title\" content=\"Secteur mode et accessoires\" \/>\n<meta property=\"og:description\" content=\"Optimisez votre logistique mode avec des solutions automatis\u00e9es flexibles, capables de g\u00e9rer volumes, retours et variations saisonni\u00e8res.\" \/>\n<meta property=\"og:url\" content=\"https:\/\/www.elementlogic.net\/fr\/secteurs\/mode\/\" \/>\n<meta property=\"og:site_name\" content=\"Element Logic France\" \/>\n<meta property=\"article:modified_time\" content=\"2026-03-25T17:29:01+00:00\" \/>\n<meta name=\"twitter:card\" content=\"summary_large_image\" \/>\n<meta name=\"twitter:label1\" content=\"Dur\u00e9e de lecture estim\u00e9e\" \/>\n\t<meta name=\"twitter:data1\" content=\"2 minutes\" \/>\n<script type=\"application\/ld+json\" class=\"yoast-schema-graph\">{\"@context\":\"https:\/\/schema.org\",\"@graph\":[{\"@type\":\"WebPage\",\"@id\":\"https:\/\/www.elementlogic.net\/fr\/secteurs\/mode\/\",\"url\":\"https:\/\/www.elementlogic.net\/fr\/secteurs\/mode\/\",\"name\":\"Habillement : une supply chain agile et performante\",\"isPartOf\":{\"@id\":\"https:\/\/www.elementlogic.net\/fr\/#website\"},\"datePublished\":\"2026-03-25T17:29:00+00:00\",\"dateModified\":\"2026-03-25T17:29:01+00:00\",\"description\":\"Optimisez votre logistique mode avec des solutions automatis\u00e9es flexibles, capables de g\u00e9rer volumes, retours et variations saisonni\u00e8res.\",\"breadcrumb\":{\"@id\":\"https:\/\/www.elementlogic.net\/fr\/secteurs\/mode\/#breadcrumb\"},\"inLanguage\":\"fr-FR\",\"potentialAction\":[{\"@type\":\"ReadAction\",\"target\":[\"https:\/\/www.elementlogic.net\/fr\/secteurs\/mode\/\"]}]},{\"@type\":\"BreadcrumbList\",\"@id\":\"https:\/\/www.elementlogic.net\/fr\/secteurs\/mode\/#breadcrumb\",\"itemListElement\":[{\"@type\":\"ListItem\",\"position\":1,\"name\":\"Secteurs\",\"item\":\"https:\/\/www.elementlogic.net\/fr\/secteurs\/\"},{\"@type\":\"ListItem\",\"position\":2,\"name\":\"Secteur mode et accessoires\"}]},{\"@type\":\"WebSite\",\"@id\":\"https:\/\/www.elementlogic.net\/fr\/#website\",\"url\":\"https:\/\/www.elementlogic.net\/fr\/\",\"name\":\"Element Logic France\",\"description\":\"\",\"potentialAction\":[{\"@type\":\"SearchAction\",\"target\":{\"@type\":\"EntryPoint\",\"urlTemplate\":\"https:\/\/www.elementlogic.net\/fr\/?s={search_term_string}\"},\"query-input\":{\"@type\":\"PropertyValueSpecification\",\"valueRequired\":true,\"valueName\":\"search_term_string\"}}],\"inLanguage\":\"fr-FR\"}]}<\/script>\n<!-- \/ Yoast SEO Premium plugin. -->","yoast_head_json":{"title":"Habillement : une supply chain agile et performante","description":"Optimisez votre logistique mode avec des solutions automatis\u00e9es flexibles, capables de g\u00e9rer volumes, retours et variations saisonni\u00e8res.","robots":{"index":"index","follow":"follow","max-snippet":"max-snippet:-1","max-image-preview":"max-image-preview:large","max-video-preview":"max-video-preview:-1"},"canonical":"https:\/\/www.elementlogic.net\/fr\/secteurs\/mode\/","og_locale":"fr_FR","og_type":"article","og_title":"Secteur mode et accessoires","og_description":"Optimisez votre logistique mode avec des solutions automatis\u00e9es flexibles, capables de g\u00e9rer volumes, retours et variations saisonni\u00e8res.","og_url":"https:\/\/www.elementlogic.net\/fr\/secteurs\/mode\/","og_site_name":"Element Logic France","article_modified_time":"2026-03-25T17:29:01+00:00","twitter_card":"summary_large_image","twitter_misc":{"Dur\u00e9e de lecture estim\u00e9e":"2 minutes"},"schema":{"@context":"https:\/\/schema.org","@graph":[{"@type":"WebPage","@id":"https:\/\/www.elementlogic.net\/fr\/secteurs\/mode\/","url":"https:\/\/www.elementlogic.net\/fr\/secteurs\/mode\/","name":"Habillement : une supply chain agile et performante","isPartOf":{"@id":"https:\/\/www.elementlogic.net\/fr\/#website"},"datePublished":"2026-03-25T17:29:00+00:00","dateModified":"2026-03-25T17:29:01+00:00","description":"Optimisez votre logistique mode avec des solutions automatis\u00e9es flexibles, capables de g\u00e9rer volumes, retours et variations saisonni\u00e8res.","breadcrumb":{"@id":"https:\/\/www.elementlogic.net\/fr\/secteurs\/mode\/#breadcrumb"},"inLanguage":"fr-FR","potentialAction":[{"@type":"ReadAction","target":["https:\/\/www.elementlogic.net\/fr\/secteurs\/mode\/"]}]},{"@type":"BreadcrumbList","@id":"https:\/\/www.elementlogic.net\/fr\/secteurs\/mode\/#breadcrumb","itemListElement":[{"@type":"ListItem","position":1,"name":"Secteurs","item":"https:\/\/www.elementlogic.net\/fr\/secteurs\/"},{"@type":"ListItem","position":2,"name":"Secteur mode et accessoires"}]},{"@type":"WebSite","@id":"https:\/\/www.elementlogic.net\/fr\/#website","url":"https:\/\/www.elementlogic.net\/fr\/","name":"Element Logic France","description":"","potentialAction":[{"@type":"SearchAction","target":{"@type":"EntryPoint","urlTemplate":"https:\/\/www.elementlogic.net\/fr\/?s={search_term_string}"},"query-input":{"@type":"PropertyValueSpecification","valueRequired":true,"valueName":"search_term_string"}}],"inLanguage":"fr-FR"}]}},"_links":{"self":[{"href":"https:\/\/www.elementlogic.net\/fr\/wp-json\/wp\/v2\/pages\/2486"}],"collection":[{"href":"https:\/\/www.elementlogic.net\/fr\/wp-json\/wp\/v2\/pages"}],"about":[{"href":"https:\/\/www.elementlogic.net\/fr\/wp-json\/wp\/v2\/types\/page"}],"author":[{"embeddable":true,"href":"https:\/\/www.elementlogic.net\/fr\/wp-json\/wp\/v2\/users\/2"}],"replies":[{"embeddable":true,"href":"https:\/\/www.elementlogic.net\/fr\/wp-json\/wp\/v2\/comments?post=2486"}],"version-history":[{"count":5,"href":"https:\/\/www.elementlogic.net\/fr\/wp-json\/wp\/v2\/pages\/2486\/revisions"}],"predecessor-version":[{"id":2960,"href":"https:\/\/www.elementlogic.net\/fr\/wp-json\/wp\/v2\/pages\/2486\/revisions\/2960"}],"up":[{"embeddable":true,"href":"https:\/\/www.elementlogic.net\/fr\/wp-json\/wp\/v2\/pages\/2502"}],"wp:attachment":[{"href":"https:\/\/www.elementlogic.net\/fr\/wp-json\/wp\/v2\/media?parent=2486"}],"curies":[{"name":"wp","href":"https:\/\/api.w.org\/{rel}","templated":true}]}}