{"id":2488,"date":"2026-03-25T17:27:59","date_gmt":"2026-03-25T17:27:59","guid":{"rendered":"https:\/\/www.elementlogic.net\/fr\/?page_id=2488"},"modified":"2026-03-25T17:27:59","modified_gmt":"2026-03-25T17:27:59","slug":"industrie","status":"publish","type":"page","link":"https:\/\/www.elementlogic.net\/fr\/secteurs\/industrie\/","title":{"rendered":"Secteur industrie manufacturi\u00e8re"},"content":{"rendered":"\n\t\t<div style=\"--dekode-hero-dim:0.5; --t2-icon-fill:var(--wp--preset--color--white);\" class=\"alignfull dekode-hero-content-position-center has-media-background wp-block-dekode-hero has-text-color has-white-color\">\n\t\t\t<img loading=\"lazy\" decoding=\"async\" width=\"1024\" height=\"1024\" src=\"https:\/\/www.elementlogic.net\/content\/uploads\/sites\/18\/2026\/03\/manufact-1.png\" class=\"dekode-hero__image\" alt=\"\" style=\"--focalpoint: 48% 51%;\" srcset=\"https:\/\/www.elementlogic.net\/content\/uploads\/sites\/18\/2026\/03\/manufact-1.png 1024w, https:\/\/www.elementlogic.net\/content\/uploads\/sites\/18\/2026\/03\/manufact-1-300x300.png 300w, https:\/\/www.elementlogic.net\/content\/uploads\/sites\/18\/2026\/03\/manufact-1-150x150.png 150w, https:\/\/www.elementlogic.net\/content\/uploads\/sites\/18\/2026\/03\/manufact-1-768x768.png 768w\" sizes=\"(max-width: 1024px) 100vw, 1024px\" \/>\n\t\t\t<div class=\"dekode-hero__content\">\n\t\t\t\t<div class=\"dekode-hero__container\">\n\t\t\t\t\t\n\n<p><\/p>\n\n\n\n<h1 class=\"wp-block-heading\" id=\"h-industrie-manufacturiere\"><strong>Industrie manufacturi\u00e8re<\/strong><\/h1>\n\n\n<p class=\"t2-ingress wp-block-t2-ingress\">Automatiser vos flux de composants et produits finis<\/p>\n\n\n<div class=\"wp-block-buttons is-layout-flex wp-block-buttons-is-layout-flex\">\n<div class=\"wp-block-button hs-cta-trigger-button hs-cta-trigger-button-195241208906 has-icon has-icon-theme_arrow\"><a class=\"wp-block-button__link wp-element-button\" href=\"https:\/\/www.elementlogic.net\/fr\/contact\/\">Contactez-nous<svg xmlns=\"http:\/\/www.w3.org\/2000\/svg\" viewBox=\"0 0 24 24\" height=\"24\" width=\"24\" class=\"t2-icon t2-icon-theme_arrow\" aria-hidden=\"true\" focusable=\"false\"><path d=\"M16.627 12.75H5.25C5.03717 12.75 4.859 12.6782 4.7155 12.5345C4.57183 12.391 4.5 12.2128 4.5 12C4.5 11.7872 4.57183 11.609 4.7155 11.4655C4.859 11.3218 5.03717 11.25 5.25 11.25H16.627L11.4577 6.08076C11.3091 5.93209 11.2357 5.75809 11.2375 5.55876C11.2395 5.35942 11.318 5.18217 11.473 5.02701C11.6282 4.88217 11.8038 4.80717 12 4.80201C12.1962 4.79684 12.3718 4.87184 12.527 5.02701L18.8673 11.3673C18.9609 11.4609 19.0269 11.5597 19.0652 11.6635C19.1037 11.7673 19.123 11.8795 19.123 12C19.123 12.1205 19.1037 12.2327 19.0652 12.3365C19.0269 12.4403 18.9609 12.5391 18.8673 12.6328L12.527 18.973C12.3885 19.1115 12.217 19.1823 12.0125 19.1855C11.808 19.1887 11.6282 19.1178 11.473 18.973C11.318 18.8178 11.2405 18.6397 11.2405 18.4385C11.2405 18.2372 11.318 18.0589 11.473 17.9038L16.627 12.75Z\" fill=\"var(--t2-icon-fill, #000)\"\/><\/svg><\/a><\/div>\n<\/div>\n\n\n\t\t\t\t<\/div>\n\t\t\t<\/div>\n\t\t<\/div>\n\t\t\n\n<p class=\"t2-ingress wp-block-t2-ingress\">Dans l\u2019industrie manufacturi\u00e8re, la performance repose sur la continuit\u00e9 des op\u00e9rations logistiques et la ma\u00eetrise des flux internes. <strong>Les lignes de production exigent que les bons composants soient disponibles au bon moment et au bon endroit<\/strong>. Le moindre retard, manque ou \u00e9cart de stock peut entra\u00eener des interruptions co\u00fbteuses, voire l\u2019arr\u00eat des op\u00e9rations. Dans un contexte marqu\u00e9 par la hausse des co\u00fbts de main-d\u2019\u0153uvre, les tensions sur les cha\u00eenes d\u2019approvisionnement et la n\u00e9cessit\u00e9 de synchroniser finement production et approvisionnement, les industriels doivent repenser en profondeur leur supply chain et leurs flux de mat\u00e9riaux.<\/p>\n\n\n<p><\/p>\n\n\n\n<p>Element Logic accompagne les industriels dans <strong>l\u2019optimisation du stockage de leurs composants, la ma\u00eetrise de leurs flux de mat\u00e9riaux et l\u2019acc\u00e9l\u00e9ration de leur pr\u00e9paration de commandes<\/strong>, gr\u00e2ce \u00e0 des solutions d\u2019automatisation d\u2019entrep\u00f4t adapt\u00e9es aux environnements de production complexes. Forte de plus de 40 ans d\u2019expertise en intralogistique, notre approche repose sur des syst\u00e8mes d\u2019automatisation fiables, pr\u00e9cis et \u00e9conomiquement performants, capables de soutenir durablement la continuit\u00e9 des lignes de production.<\/p>\n\n\n\n<div class=\"wp-block-group has-global-padding is-layout-constrained wp-block-group-is-layout-constrained\">\n<h2 class=\"wp-block-heading wp-container-content-1\" id=\"h-les-principaux-defis-de-la-logistique-du-secteur-de-l-industrie\"><strong>Les principaux d\u00e9fis de la logistique du secteur de l\u2019industrie<\/strong><\/h2>\n\n\n\n<ul class=\"wp-block-list\">\n<li>G\u00e9rer de vastes catalogues de composants, de mati\u00e8res premi\u00e8res et d\u2019outillages<\/li>\n\n\n\n<li>Synchroniser les niveaux de stock avec les plannings et cadences de production<\/li>\n\n\n\n<li>R\u00e9duire la d\u00e9pendance \u00e0 la main-d\u2019\u0153uvre pour les op\u00e9rations r\u00e9p\u00e9titives de manutention<\/li>\n\n\n\n<li>\u00c9viter les erreurs et retards susceptibles d\u2019interrompre les lignes de production<\/li>\n\n\n\n<li>Trouver le juste \u00e9quilibre entre efficacit\u00e9 op\u00e9rationnelle et flexibilit\u00e9, face aux variations de la demande<\/li>\n<\/ul>\n<\/div>\n\n\n\n\t\t<div style=\"--dekode-hero-dim:0.5; --t2-icon-fill:var(--wp--preset--color--white);\" class=\"alignfull dekode-hero-content-position-center has-media-background wp-block-dekode-hero has-text-color has-white-color\">\n\t\t\t\t\t<video\n\t\t\tautoplay\n\t\t\tloop\n\t\t\tmuted\n\t\t\tplaysinline\n\t\t\tposter=\"\"\n\t\t\tsrc=\"https:\/\/www.elementlogic.net\/content\/uploads\/2024\/07\/solutions-and-services.mp4\">\n\t\t<\/video>\n\t\t\n\t\t\t<div class=\"dekode-hero__content\">\n\t\t\t\t<div class=\"dekode-hero__container\">\n\t\t\t\t\t\n\n<h2 class=\"wp-block-heading\" id=\"h-decouvrez-les-temoignages-des-industriels-qui-nous-font-confiance\"><strong>D\u00e9couvrez les t\u00e9moignages des industriels qui nous font confiance<\/strong><\/h2>\n\n\n\t\t\t\t<\/div>\n\t\t\t<\/div>\n\t\t<\/div>\n\t\t\n\n<div class=\"t2-featured-content-layout alignwide wp-block-t2-featured-content-layout\">\n<div class=\"t2-featured-query-post t2-featured-content is-post-type-case case_tax-composants-electroniques wp-block-t2-featured-query-post\"><a class=\"t2-post-link wp-block-t2-post-link\" href=\"https:\/\/www.elementlogic.net\/fr\/cas-clients\/solar\/\">\n\t\n\t<figure style=\"--t2-focal-point: 50% 50%;\" class=\"t2-post-featured-image has-image-ratio-3-2 wp-block-t2-post-featured-image\"><img loading=\"lazy\" decoding=\"async\" width=\"1500\" height=\"1000\" src=\"https:\/\/www.elementlogic.net\/content\/uploads\/sites\/18\/\/2024\/09\/EL_Solar_eOperator_robot.jpg\" class=\"attachment-post-thumbnail size-post-thumbnail wp-post-image\" alt=\"\" srcset=\"https:\/\/www.elementlogic.net\/content\/uploads\/sites\/18\/2024\/09\/EL_Solar_eOperator_robot.jpg 1500w, https:\/\/www.elementlogic.net\/content\/uploads\/sites\/18\/2024\/09\/EL_Solar_eOperator_robot-300x200.jpg 300w, https:\/\/www.elementlogic.net\/content\/uploads\/sites\/18\/2024\/09\/EL_Solar_eOperator_robot-1024x683.jpg 1024w, https:\/\/www.elementlogic.net\/content\/uploads\/sites\/18\/2024\/09\/EL_Solar_eOperator_robot-768x512.jpg 768w\" sizes=\"(max-width: 1500px) 100vw, 1500px\" \/><\/figure>\n\t\n<\/a>\n\n\t\t<div class=\"card-content wp-block-t2-wrapper\">\n\t<div class=\"wp-block-dekode-post-terms\"><span>Composants \u00e9lectroniques<\/span><\/div>\n\t<h3 class=\"t2-post-title wp-block-t2-post-title\"><a href=\"https:\/\/www.elementlogic.net\/fr\/cas-clients\/solar\/\" target=\"_self\" >Un bras robotique connect\u00e9 \u00e0 AutoStore chez Solar<\/a><\/h3>\n\t<div class=\"t2-post-excerpt wp-block-t2-post-excerpt\"><p>En 1919, un jeune visionnaire danois a pr\u00e9dit que l\u2019industrialisation et le d\u00e9veloppement des r\u00e9seaux \u00e9lectriques feraient na\u00eetre un besoin [&hellip;]<\/p><\/div>\n<\/div>\n<\/div>\n\n<div class=\"t2-featured-query-post t2-featured-content is-post-type-case case_tax-composants-electroniques wp-block-t2-featured-query-post\"><a class=\"t2-post-link wp-block-t2-post-link\" href=\"https:\/\/www.elementlogic.net\/fr\/cas-clients\/elotec\/\">\n\t\n\t<figure style=\"--t2-focal-point: 50% 50%;\" class=\"t2-post-featured-image has-image-ratio-3-2 wp-block-t2-post-featured-image\"><img loading=\"lazy\" decoding=\"async\" width=\"1500\" height=\"998\" src=\"https:\/\/www.elementlogic.net\/content\/uploads\/sites\/18\/\/2024\/09\/Jan-Kleiven_Elotec_AutoStore.jpg\" class=\"attachment-post-thumbnail size-post-thumbnail wp-post-image\" alt=\"\" srcset=\"https:\/\/www.elementlogic.net\/content\/uploads\/sites\/18\/2024\/09\/Jan-Kleiven_Elotec_AutoStore.jpg 1500w, https:\/\/www.elementlogic.net\/content\/uploads\/sites\/18\/2024\/09\/Jan-Kleiven_Elotec_AutoStore-300x200.jpg 300w, https:\/\/www.elementlogic.net\/content\/uploads\/sites\/18\/2024\/09\/Jan-Kleiven_Elotec_AutoStore-1024x681.jpg 1024w, https:\/\/www.elementlogic.net\/content\/uploads\/sites\/18\/2024\/09\/Jan-Kleiven_Elotec_AutoStore-768x511.jpg 768w\" sizes=\"(max-width: 1500px) 100vw, 1500px\" \/><\/figure>\n\t\n<\/a>\n\n\t\t<div class=\"card-content wp-block-t2-wrapper\">\n\t<div class=\"wp-block-dekode-post-terms\"><span>Composants \u00e9lectroniques<\/span><\/div>\n\t<h3 class=\"t2-post-title wp-block-t2-post-title\"><a href=\"https:\/\/www.elementlogic.net\/fr\/cas-clients\/elotec\/\" target=\"_self\" >Elotec, premier syst\u00e8me AutoStore install\u00e9 dans un entrep\u00f4t et toujours aussi performant<\/a><\/h3>\n\t<div class=\"t2-post-excerpt wp-block-t2-post-excerpt\"><p>\u00ab&nbsp;Elotec propose une technologie qui sauve des vies et prot\u00e8ge les objets de valeur. Il est donc important que nos [&hellip;]<\/p><\/div>\n<\/div>\n<\/div>\n\n<div class=\"t2-featured-query-post t2-featured-content is-post-type-case case_tax-pieces-distribution wp-block-t2-featured-query-post\"><a class=\"t2-post-link wp-block-t2-post-link\" href=\"https:\/\/www.elementlogic.net\/fr\/cas-clients\/gs-bildeler\/\">\n\t\n\t<figure style=\"--t2-focal-point: 50% 50%;\" class=\"t2-post-featured-image has-image-ratio-3-2 wp-block-t2-post-featured-image\"><img loading=\"lazy\" decoding=\"async\" width=\"1500\" height=\"1000\" src=\"https:\/\/www.elementlogic.net\/content\/uploads\/sites\/18\/\/2024\/09\/Elementlogic-AutoStore-GS-bildeler.jpg\" class=\"attachment-post-thumbnail size-post-thumbnail wp-post-image\" alt=\"\" srcset=\"https:\/\/www.elementlogic.net\/content\/uploads\/sites\/18\/2024\/09\/Elementlogic-AutoStore-GS-bildeler.jpg 1500w, https:\/\/www.elementlogic.net\/content\/uploads\/sites\/18\/2024\/09\/Elementlogic-AutoStore-GS-bildeler-300x200.jpg 300w, https:\/\/www.elementlogic.net\/content\/uploads\/sites\/18\/2024\/09\/Elementlogic-AutoStore-GS-bildeler-1024x683.jpg 1024w, https:\/\/www.elementlogic.net\/content\/uploads\/sites\/18\/2024\/09\/Elementlogic-AutoStore-GS-bildeler-768x512.jpg 768w\" sizes=\"(max-width: 1500px) 100vw, 1500px\" \/><\/figure>\n\t\n<\/a>\n\n\t\t<div class=\"card-content wp-block-t2-wrapper\">\n\t<div class=\"wp-block-dekode-post-terms\"><span>Pi\u00e8ces d\u00e9tach\u00e9es et distribution<\/span><\/div>\n\t<h3 class=\"t2-post-title wp-block-t2-post-title\"><a href=\"https:\/\/www.elementlogic.net\/fr\/cas-clients\/gs-bildeler\/\" target=\"_self\" >Pour accompagner sa croissance GS Bildeler installe trois entrep\u00f4ts AutoStore<\/a><\/h3>\n\t<div class=\"t2-post-excerpt wp-block-t2-post-excerpt\"><p>Suite \u00e0 une rencontre avec Jakob Hetteland, le fils du fondateur d\u2019AutoStore, Jonny Skrivarhaug, co-fondateur de GS Bildeler, d\u00e9cide d\u2019investir [&hellip;]<\/p><\/div>\n<\/div>\n<\/div>\n<\/div>\n\n\n<div class=\"wp-block-buttons is-layout-flex wp-block-buttons-is-layout-flex\">\n<div class=\"wp-block-button\"><a class=\"wp-block-button__link wp-element-button\" href=\"https:\/\/www.elementlogic.net\/fr\/cases\/category\/pieces-distribution\/\">D\u00e9couvrez nos autres cas clients sur le secteur industrie<\/a><\/div>\n<\/div>\n\n\n\n<div class=\"wp-block-group alignwide has-global-padding is-layout-constrained wp-block-group-is-layout-constrained\">\n<h2 class=\"wp-block-heading wp-container-content-2\" id=\"h-pourquoi-les-industriels-choisissent-element-logic\"><strong>Pourquoi les industriels choisissent Element Logic<\/strong><\/h2>\n\n\n\n<ul class=\"wp-block-list\">\n<li><strong>Garantir le fonctionnement continu<\/strong> des lignes de production, gr\u00e2ce \u00e0 une disponibilit\u00e9 fiable et ma\u00eetris\u00e9e des pi\u00e8ces n\u00e9cessaires<\/li>\n\n\n\n<li><strong>Limiter les arr\u00eats non planifi\u00e9s<\/strong> en r\u00e9duisant les erreurs et les points de blocage logistiques<\/li>\n\n\n\n<li><strong>Am\u00e9liorer l\u2019efficacit\u00e9 op\u00e9rationnelle <\/strong>en automatisant les t\u00e2ches r\u00e9p\u00e9titives \u00e0 faible valeur ajout\u00e9e<\/li>\n\n\n\n<li><strong>Accro\u00eetre la capacit\u00e9 de production<\/strong> avec des solutions automatis\u00e9es \u00e9volutives, capables d\u2019accompagner des besoins industriels<\/li>\n<\/ul>\n<\/div>\n\n\n\n<div style=\"height:100px\" aria-hidden=\"true\" class=\"wp-block-spacer\"><\/div>\n\n\n\n\t\t<div style=\"--dekode-hero-dim:0.6; --t2-icon-fill:var(--wp--preset--color--white);\" class=\"alignfull dekode-hero-content-position-center has-media-background wp-block-dekode-hero has-text-color has-white-color\">\n\t\t\t<img loading=\"lazy\" decoding=\"async\" width=\"1024\" height=\"683\" src=\"https:\/\/www.elementlogic.net\/content\/uploads\/sites\/18\/2026\/03\/manufacturing-1-1024x683.png\" class=\"dekode-hero__image\" alt=\"\" style=\"--focalpoint: 75% 71%;\" srcset=\"https:\/\/www.elementlogic.net\/content\/uploads\/sites\/18\/2026\/03\/manufacturing-1-1024x683.png 1024w, https:\/\/www.elementlogic.net\/content\/uploads\/sites\/18\/2026\/03\/manufacturing-1-300x200.png 300w, https:\/\/www.elementlogic.net\/content\/uploads\/sites\/18\/2026\/03\/manufacturing-1-768x512.png 768w, https:\/\/www.elementlogic.net\/content\/uploads\/sites\/18\/2026\/03\/manufacturing-1.png 1536w\" sizes=\"(max-width: 1024px) 100vw, 1024px\" \/>\n\t\t\t<div class=\"dekode-hero__content\">\n\t\t\t\t<div class=\"dekode-hero__container\">\n\t\t\t\t\t\n\n<h1 class=\"wp-block-heading\" id=\"h-assurez-la-continuite-de-votre-production-grace-a-l-automatisation-d-entrepot-d-element-logic\"><strong>Assurez la continuit\u00e9 de votre production gr\u00e2ce \u00e0 l\u2019automatisation d\u2019entrep\u00f4t d\u2019Element Logic.<\/strong><\/h1>\n\n\n\n<div class=\"wp-block-buttons is-layout-flex wp-block-buttons-is-layout-flex\">\n<div class=\"wp-block-button http:\/\/hs-cta-trigger-button hs-cta-trigger-button-195241208906\"><a class=\"wp-block-button__link wp-element-button\" href=\"https:\/\/www.elementlogic.net\/fr\/contact\/\">Contactez-nous d\u00e8s aujourd&rsquo;hui<\/a><\/div>\n<\/div>\n\n\n\t\t\t\t<\/div>\n\t\t\t<\/div>\n\t\t<\/div>\n\t\t","protected":false},"excerpt":{"rendered":"<p>Element Logic accompagne les industriels dans l\u2019optimisation du stockage de leurs composants, la ma\u00eetrise de leurs flux de mat\u00e9riaux et [&hellip;]<\/p>\n","protected":false},"author":2,"featured_media":0,"parent":2502,"menu_order":0,"comment_status":"closed","ping_status":"closed","template":"","meta":{"hreflang_relation":4855,"_el_cross_publish_source_blog_url":"","_el_cross_publish_source_blog_id":0,"_el_cross_publish_source_post_id":0,"_el_cross_publish_sync_state":"","exclude_from_search":false,"footnotes":""},"class_list":["post-2488","page","type-page","status-publish","hentry"],"yoast_head":"<!-- This site is optimized with the Yoast SEO Premium plugin v23.9 (Yoast SEO v23.9) - https:\/\/yoast.com\/wordpress\/plugins\/seo\/ -->\n<title>Industrie : s\u00e9curisez vos flux pour une production continue<\/title>\n<meta name=\"description\" content=\"Optimisez votre logistique industrielle pour garantir la production, r\u00e9duire les erreurs et am\u00e9liorer la disponibilit\u00e9 des composants.\" \/>\n<meta name=\"robots\" content=\"index, follow, max-snippet:-1, max-image-preview:large, max-video-preview:-1\" \/>\n<link rel=\"canonical\" href=\"https:\/\/www.elementlogic.net\/fr\/secteurs\/industrie\/\" \/>\n<meta property=\"og:locale\" content=\"fr_FR\" \/>\n<meta property=\"og:type\" content=\"article\" \/>\n<meta property=\"og:title\" content=\"Secteur industrie manufacturi\u00e8re\" \/>\n<meta property=\"og:description\" content=\"Optimisez votre logistique industrielle pour garantir la production, r\u00e9duire les erreurs et am\u00e9liorer la disponibilit\u00e9 des composants.\" \/>\n<meta property=\"og:url\" content=\"https:\/\/www.elementlogic.net\/fr\/secteurs\/industrie\/\" \/>\n<meta property=\"og:site_name\" content=\"Element Logic France\" \/>\n<meta name=\"twitter:card\" content=\"summary_large_image\" \/>\n<meta name=\"twitter:label1\" content=\"Dur\u00e9e de lecture estim\u00e9e\" \/>\n\t<meta name=\"twitter:data1\" content=\"2 minutes\" \/>\n<script type=\"application\/ld+json\" class=\"yoast-schema-graph\">{\"@context\":\"https:\/\/schema.org\",\"@graph\":[{\"@type\":\"WebPage\",\"@id\":\"https:\/\/www.elementlogic.net\/fr\/secteurs\/industrie\/\",\"url\":\"https:\/\/www.elementlogic.net\/fr\/secteurs\/industrie\/\",\"name\":\"Industrie : s\u00e9curisez vos flux pour une production continue\",\"isPartOf\":{\"@id\":\"https:\/\/www.elementlogic.net\/fr\/#website\"},\"datePublished\":\"2026-03-25T17:27:59+00:00\",\"dateModified\":\"2026-03-25T17:27:59+00:00\",\"description\":\"Optimisez votre logistique industrielle pour garantir la production, r\u00e9duire les erreurs et am\u00e9liorer la disponibilit\u00e9 des composants.\",\"breadcrumb\":{\"@id\":\"https:\/\/www.elementlogic.net\/fr\/secteurs\/industrie\/#breadcrumb\"},\"inLanguage\":\"fr-FR\",\"potentialAction\":[{\"@type\":\"ReadAction\",\"target\":[\"https:\/\/www.elementlogic.net\/fr\/secteurs\/industrie\/\"]}]},{\"@type\":\"BreadcrumbList\",\"@id\":\"https:\/\/www.elementlogic.net\/fr\/secteurs\/industrie\/#breadcrumb\",\"itemListElement\":[{\"@type\":\"ListItem\",\"position\":1,\"name\":\"Secteurs\",\"item\":\"https:\/\/www.elementlogic.net\/fr\/secteurs\/\"},{\"@type\":\"ListItem\",\"position\":2,\"name\":\"Secteur industrie manufacturi\u00e8re\"}]},{\"@type\":\"WebSite\",\"@id\":\"https:\/\/www.elementlogic.net\/fr\/#website\",\"url\":\"https:\/\/www.elementlogic.net\/fr\/\",\"name\":\"Element Logic France\",\"description\":\"\",\"potentialAction\":[{\"@type\":\"SearchAction\",\"target\":{\"@type\":\"EntryPoint\",\"urlTemplate\":\"https:\/\/www.elementlogic.net\/fr\/?s={search_term_string}\"},\"query-input\":{\"@type\":\"PropertyValueSpecification\",\"valueRequired\":true,\"valueName\":\"search_term_string\"}}],\"inLanguage\":\"fr-FR\"}]}<\/script>\n<!-- \/ Yoast SEO Premium plugin. -->","yoast_head_json":{"title":"Industrie : s\u00e9curisez vos flux pour une production continue","description":"Optimisez votre logistique industrielle pour garantir la production, r\u00e9duire les erreurs et am\u00e9liorer la disponibilit\u00e9 des composants.","robots":{"index":"index","follow":"follow","max-snippet":"max-snippet:-1","max-image-preview":"max-image-preview:large","max-video-preview":"max-video-preview:-1"},"canonical":"https:\/\/www.elementlogic.net\/fr\/secteurs\/industrie\/","og_locale":"fr_FR","og_type":"article","og_title":"Secteur industrie manufacturi\u00e8re","og_description":"Optimisez votre logistique industrielle pour garantir la production, r\u00e9duire les erreurs et am\u00e9liorer la disponibilit\u00e9 des composants.","og_url":"https:\/\/www.elementlogic.net\/fr\/secteurs\/industrie\/","og_site_name":"Element Logic France","twitter_card":"summary_large_image","twitter_misc":{"Dur\u00e9e de lecture estim\u00e9e":"2 minutes"},"schema":{"@context":"https:\/\/schema.org","@graph":[{"@type":"WebPage","@id":"https:\/\/www.elementlogic.net\/fr\/secteurs\/industrie\/","url":"https:\/\/www.elementlogic.net\/fr\/secteurs\/industrie\/","name":"Industrie : s\u00e9curisez vos flux pour une production continue","isPartOf":{"@id":"https:\/\/www.elementlogic.net\/fr\/#website"},"datePublished":"2026-03-25T17:27:59+00:00","dateModified":"2026-03-25T17:27:59+00:00","description":"Optimisez votre logistique industrielle pour garantir la production, r\u00e9duire les erreurs et am\u00e9liorer la disponibilit\u00e9 des composants.","breadcrumb":{"@id":"https:\/\/www.elementlogic.net\/fr\/secteurs\/industrie\/#breadcrumb"},"inLanguage":"fr-FR","potentialAction":[{"@type":"ReadAction","target":["https:\/\/www.elementlogic.net\/fr\/secteurs\/industrie\/"]}]},{"@type":"BreadcrumbList","@id":"https:\/\/www.elementlogic.net\/fr\/secteurs\/industrie\/#breadcrumb","itemListElement":[{"@type":"ListItem","position":1,"name":"Secteurs","item":"https:\/\/www.elementlogic.net\/fr\/secteurs\/"},{"@type":"ListItem","position":2,"name":"Secteur industrie manufacturi\u00e8re"}]},{"@type":"WebSite","@id":"https:\/\/www.elementlogic.net\/fr\/#website","url":"https:\/\/www.elementlogic.net\/fr\/","name":"Element Logic France","description":"","potentialAction":[{"@type":"SearchAction","target":{"@type":"EntryPoint","urlTemplate":"https:\/\/www.elementlogic.net\/fr\/?s={search_term_string}"},"query-input":{"@type":"PropertyValueSpecification","valueRequired":true,"valueName":"search_term_string"}}],"inLanguage":"fr-FR"}]}},"_links":{"self":[{"href":"https:\/\/www.elementlogic.net\/fr\/wp-json\/wp\/v2\/pages\/2488"}],"collection":[{"href":"https:\/\/www.elementlogic.net\/fr\/wp-json\/wp\/v2\/pages"}],"about":[{"href":"https:\/\/www.elementlogic.net\/fr\/wp-json\/wp\/v2\/types\/page"}],"author":[{"embeddable":true,"href":"https:\/\/www.elementlogic.net\/fr\/wp-json\/wp\/v2\/users\/2"}],"replies":[{"embeddable":true,"href":"https:\/\/www.elementlogic.net\/fr\/wp-json\/wp\/v2\/comments?post=2488"}],"version-history":[{"count":5,"href":"https:\/\/www.elementlogic.net\/fr\/wp-json\/wp\/v2\/pages\/2488\/revisions"}],"predecessor-version":[{"id":2958,"href":"https:\/\/www.elementlogic.net\/fr\/wp-json\/wp\/v2\/pages\/2488\/revisions\/2958"}],"up":[{"embeddable":true,"href":"https:\/\/www.elementlogic.net\/fr\/wp-json\/wp\/v2\/pages\/2502"}],"wp:attachment":[{"href":"https:\/\/www.elementlogic.net\/fr\/wp-json\/wp\/v2\/media?parent=2488"}],"curies":[{"name":"wp","href":"https:\/\/api.w.org\/{rel}","templated":true}]}}