{"id":2494,"date":"2026-03-25T17:26:07","date_gmt":"2026-03-25T17:26:07","guid":{"rendered":"https:\/\/www.elementlogic.net\/fr\/?page_id=2494"},"modified":"2026-03-25T17:26:53","modified_gmt":"2026-03-25T17:26:53","slug":"sport","status":"publish","type":"page","link":"https:\/\/www.elementlogic.net\/fr\/secteurs\/sport\/","title":{"rendered":"Secteur habillement et mat\u00e9riel de sport"},"content":{"rendered":"\n\t\t<div style=\"--dekode-hero-dim:0.5; --t2-icon-fill:var(--wp--preset--color--white);\" class=\"alignfull dekode-hero-content-position-center has-media-background wp-block-dekode-hero has-text-color has-white-color\">\n\t\t\t<img loading=\"lazy\" decoding=\"async\" width=\"1024\" height=\"1024\" src=\"https:\/\/www.elementlogic.net\/content\/uploads\/sites\/18\/2026\/03\/Sporstwear-1.png\" class=\"dekode-hero__image\" alt=\"\" style=\"--focalpoint: 48% 51%;\" srcset=\"https:\/\/www.elementlogic.net\/content\/uploads\/sites\/18\/2026\/03\/Sporstwear-1.png 1024w, https:\/\/www.elementlogic.net\/content\/uploads\/sites\/18\/2026\/03\/Sporstwear-1-300x300.png 300w, https:\/\/www.elementlogic.net\/content\/uploads\/sites\/18\/2026\/03\/Sporstwear-1-150x150.png 150w, https:\/\/www.elementlogic.net\/content\/uploads\/sites\/18\/2026\/03\/Sporstwear-1-768x768.png 768w\" sizes=\"(max-width: 1024px) 100vw, 1024px\" \/>\n\t\t\t<div class=\"dekode-hero__content\">\n\t\t\t\t<div class=\"dekode-hero__container\">\n\t\t\t\t\t\n\n<p><\/p>\n\n\n\n<h1 class=\"wp-block-heading\" id=\"h-articles-de-sport\"><strong>Articles de sport<\/strong><\/h1>\n\n\n<p class=\"t2-ingress wp-block-t2-ingress\">Performance, agilit\u00e9 et adaptabilit\u00e9 de votre supply chain \u00e0 grande \u00e9chelle<\/p>\n\n\n<div class=\"wp-block-buttons is-layout-flex wp-block-buttons-is-layout-flex\">\n<div class=\"wp-block-button hs-cta-trigger-button hs-cta-trigger-button-195241208906 has-icon has-icon-theme_arrow\"><a class=\"wp-block-button__link wp-element-button\" href=\"https:\/\/www.elementlogic.net\/fr\/contact\/\">Contactez-nous<svg xmlns=\"http:\/\/www.w3.org\/2000\/svg\" viewBox=\"0 0 24 24\" height=\"24\" width=\"24\" class=\"t2-icon t2-icon-theme_arrow\" aria-hidden=\"true\" focusable=\"false\"><path d=\"M16.627 12.75H5.25C5.03717 12.75 4.859 12.6782 4.7155 12.5345C4.57183 12.391 4.5 12.2128 4.5 12C4.5 11.7872 4.57183 11.609 4.7155 11.4655C4.859 11.3218 5.03717 11.25 5.25 11.25H16.627L11.4577 6.08076C11.3091 5.93209 11.2357 5.75809 11.2375 5.55876C11.2395 5.35942 11.318 5.18217 11.473 5.02701C11.6282 4.88217 11.8038 4.80717 12 4.80201C12.1962 4.79684 12.3718 4.87184 12.527 5.02701L18.8673 11.3673C18.9609 11.4609 19.0269 11.5597 19.0652 11.6635C19.1037 11.7673 19.123 11.8795 19.123 12C19.123 12.1205 19.1037 12.2327 19.0652 12.3365C19.0269 12.4403 18.9609 12.5391 18.8673 12.6328L12.527 18.973C12.3885 19.1115 12.217 19.1823 12.0125 19.1855C11.808 19.1887 11.6282 19.1178 11.473 18.973C11.318 18.8178 11.2405 18.6397 11.2405 18.4385C11.2405 18.2372 11.318 18.0589 11.473 17.9038L16.627 12.75Z\" fill=\"var(--t2-icon-fill, #000)\"\/><\/svg><\/a><\/div>\n<\/div>\n\n\n\t\t\t\t<\/div>\n\t\t\t<\/div>\n\t\t<\/div>\n\t\t\n\n<p class=\"t2-ingress wp-block-t2-ingress\">Des chaussures et maillots aux accessoires et \u00e9quipements sportifs, le secteur de l\u2019habillement et du sport \u00e9volue \u00e0 un rythme soutenu. Entre <strong>pics saisonniers, lancements de collections, promotions et gestion complexe des retours<\/strong>, m\u00eame les entrep\u00f4ts les plus performants sont soumis \u00e0 une forte pression op\u00e9rationnelle. Element Logic accompagne les marques et distributeurs de v\u00eatements et articles de sport avec des solutions d\u2019automatisation d\u2019entrep\u00f4t con\u00e7ues pour garantir la rapidit\u00e9, la fiabilit\u00e9 et l\u2019adaptabilit\u00e9 de votre suppy chain. Nos syst\u00e8mes automatis\u00e9s permettent d\u2019absorber les variations de volumes, de fluidifier les flux omnicanaux et de maintenir un haut niveau de service, m\u00eame en p\u00e9riode de forte activit\u00e9.<\/p>\n\n\n<p><\/p>\n\n\n\n<p>Forte de plus de 40 ans d\u2019expertise en intralogistique, notre approche repose sur des solutions d\u2019automatisation \u00e9prouv\u00e9es, \u00e9volutives et durables, capables de pr\u00e9server la comp\u00e9titivit\u00e9 des acteurs de l\u2019habillement et du sport, saison apr\u00e8s saison.<\/p>\n\n\n\n<div class=\"wp-block-group has-global-padding is-layout-constrained wp-block-group-is-layout-constrained\">\n<h2 class=\"wp-block-heading wp-container-content-1\" id=\"h-les-principaux-defis-de-la-logistique-du-secteur-de-l-habillement-et-materiel-de-sport\"><strong>Les principaux d\u00e9fis de la logistique du secteur de l\u2019habillement et mat\u00e9riel de sport<\/strong><\/h2>\n\n\n\n<ul class=\"wp-block-list\">\n<li>Des pics saisonniers qui exigent des capacit\u00e9s importantes de stockage et de pr\u00e9paration de commandes de l\u2019entrep\u00f4t<\/li>\n\n\n\n<li>Une grande diversit\u00e9 de r\u00e9f\u00e9rences en v\u00eatements, chaussures et accessoires, avec des collections en constante \u00e9volution<\/li>\n\n\n\n<li>Des exigences \u00e9lev\u00e9es en mati\u00e8re de rapidit\u00e9 de livraison, aussi bien en direct au consommateur (D2C) qu\u2019en distribution en gros<\/li>\n\n\n\n<li>Une logistique inverse complexe, int\u00e9grant retours, \u00e9changes, reconditionnement et r\u00e9int\u00e9gration des stocks<\/li>\n<\/ul>\n<\/div>\n\n\n\n\t\t<div style=\"--dekode-hero-dim:0.5; --t2-icon-fill:var(--wp--preset--color--white);\" class=\"alignfull dekode-hero-content-position-center has-media-background wp-block-dekode-hero has-text-color has-white-color\">\n\t\t\t\t\t<video\n\t\t\tautoplay\n\t\t\tloop\n\t\t\tmuted\n\t\t\tplaysinline\n\t\t\tposter=\"\"\n\t\t\tsrc=\"https:\/\/www.elementlogic.net\/content\/uploads\/2024\/07\/solutions-and-services.mp4\">\n\t\t<\/video>\n\t\t\n\t\t\t<div class=\"dekode-hero__content\">\n\t\t\t\t<div class=\"dekode-hero__container\">\n\t\t\t\t\t\n\n<h2 class=\"wp-block-heading\" id=\"h-decouvrez-les-temoignages-des-acteurs-de-l-habillement-et-du-materiel-de-sport-qui-nous-font-confiance\"><strong>D\u00e9couvrez les t\u00e9moignages des acteurs de l\u2019habillement et du mat\u00e9riel de sport qui nous font confiance<\/strong><\/h2>\n\n\n\t\t\t\t<\/div>\n\t\t\t<\/div>\n\t\t<\/div>\n\t\t\n\n<div class=\"t2-featured-content-layout alignwide wp-block-t2-featured-content-layout\">\n<div class=\"t2-featured-query-post t2-featured-content is-post-type-case case_tax-3pl case_tax-habillement-sport wp-block-t2-featured-query-post\"><a class=\"t2-post-link wp-block-t2-post-link\" href=\"https:\/\/www.elementlogic.net\/fr\/cas-clients\/katoen-natie-entrepot\/\">\n\t<div class=\"client-logo-image-wrapper\"><img loading=\"lazy\" decoding=\"async\" width=\"300\" height=\"150\" src=\"https:\/\/www.elementlogic.net\/content\/uploads\/sites\/18\/2024\/11\/download-300x150.png\" class=\"client-logo-image\" alt=\"\" \/><\/div>\n\t<figure style=\"--t2-focal-point: 50% 50%;\" class=\"t2-post-featured-image has-image-ratio-3-2 wp-block-t2-post-featured-image\"><img loading=\"lazy\" decoding=\"async\" width=\"2560\" height=\"1707\" src=\"https:\/\/www.elementlogic.net\/content\/uploads\/sites\/18\/2024\/11\/DJI_0181-02192024-Enhanced-NR-scaled.jpg\" class=\"attachment-post-thumbnail size-post-thumbnail wp-post-image\" alt=\"\" srcset=\"https:\/\/www.elementlogic.net\/content\/uploads\/sites\/18\/2024\/11\/DJI_0181-02192024-Enhanced-NR-scaled.jpg 2560w, https:\/\/www.elementlogic.net\/content\/uploads\/sites\/18\/2024\/11\/DJI_0181-02192024-Enhanced-NR-300x200.jpg 300w, https:\/\/www.elementlogic.net\/content\/uploads\/sites\/18\/2024\/11\/DJI_0181-02192024-Enhanced-NR-1024x683.jpg 1024w, https:\/\/www.elementlogic.net\/content\/uploads\/sites\/18\/2024\/11\/DJI_0181-02192024-Enhanced-NR-768x512.jpg 768w, https:\/\/www.elementlogic.net\/content\/uploads\/sites\/18\/2024\/11\/DJI_0181-02192024-Enhanced-NR-1536x1024.jpg 1536w, https:\/\/www.elementlogic.net\/content\/uploads\/sites\/18\/2024\/11\/DJI_0181-02192024-Enhanced-NR-2048x1365.jpg 2048w\" sizes=\"(max-width: 2560px) 100vw, 2560px\" \/><\/figure>\n\t\n<\/a>\n\n\t\t<div class=\"card-content wp-block-t2-wrapper\">\n\t<div class=\"wp-block-dekode-post-terms\"><span>3PL<\/span><span>Habillement et mat\u00e9riel de sport<\/span><\/div>\n\t<h3 class=\"t2-post-title wp-block-t2-post-title\"><a href=\"https:\/\/www.elementlogic.net\/fr\/cas-clients\/katoen-natie-entrepot\/\" target=\"_self\" >Jusqu\u2019\u00e0 1 000 lignes de commandes trait\u00e9es par heure dans l\u2019entrep\u00f4t de KATOEN NATIE<\/a><\/h3>\n\t<div class=\"t2-post-excerpt wp-block-t2-post-excerpt\"><p>Fort d\u2019un site de 350\u00a0000 m\u00b2 dont\u00a030\u00a0000 m2\u00a0d\u00e9di\u00e9s au textile, l\u2019entrep\u00f4t de KATOEN NATIE, situ\u00e9 \u00e0 Saint-Martin-de-Crau (13), a \u00e9t\u00e9 [&hellip;]<\/p><\/div>\n<\/div>\n<\/div>\n\n<div class=\"t2-featured-query-post t2-featured-content is-post-type-case case_tax-habillement-sport wp-block-t2-featured-query-post\"><a class=\"t2-post-link wp-block-t2-post-link\" href=\"https:\/\/www.elementlogic.net\/fr\/cas-clients\/styleboom\/\">\n\t\n\t<figure style=\"--t2-focal-point: 50% 50%;\" class=\"t2-post-featured-image has-image-ratio-3-2 wp-block-t2-post-featured-image\"><img loading=\"lazy\" decoding=\"async\" width=\"2560\" height=\"1920\" src=\"https:\/\/www.elementlogic.net\/content\/uploads\/sites\/18\/\/2024\/09\/AutoStore-from-Element-Logic-at-Styleboom-scaled.jpg\" class=\"attachment-post-thumbnail size-post-thumbnail wp-post-image\" alt=\"\" srcset=\"https:\/\/www.elementlogic.net\/content\/uploads\/sites\/18\/2024\/09\/AutoStore-from-Element-Logic-at-Styleboom-scaled.jpg 2560w, https:\/\/www.elementlogic.net\/content\/uploads\/sites\/18\/2024\/09\/AutoStore-from-Element-Logic-at-Styleboom-scaled-300x225.jpg 300w, https:\/\/www.elementlogic.net\/content\/uploads\/sites\/18\/2024\/09\/AutoStore-from-Element-Logic-at-Styleboom-scaled-1024x768.jpg 1024w, https:\/\/www.elementlogic.net\/content\/uploads\/sites\/18\/2024\/09\/AutoStore-from-Element-Logic-at-Styleboom-scaled-768x576.jpg 768w, https:\/\/www.elementlogic.net\/content\/uploads\/sites\/18\/2024\/09\/AutoStore-from-Element-Logic-at-Styleboom-scaled-1536x1152.jpg 1536w, https:\/\/www.elementlogic.net\/content\/uploads\/sites\/18\/2024\/09\/AutoStore-from-Element-Logic-at-Styleboom-scaled-2048x1536.jpg 2048w\" sizes=\"(max-width: 2560px) 100vw, 2560px\" \/><\/figure>\n\t\n<\/a>\n\n\t\t<div class=\"card-content wp-block-t2-wrapper\">\n\t<div class=\"wp-block-dekode-post-terms\"><span>Habillement et mat\u00e9riel de sport<\/span><\/div>\n\t<h3 class=\"t2-post-title wp-block-t2-post-title\"><a href=\"https:\/\/www.elementlogic.net\/fr\/cas-clients\/styleboom\/\" target=\"_self\" >Styleboom traite ses commandes 6 fois plus vite gr\u00e2ce \u00e0 Element Logic<\/a><\/h3>\n\t<div class=\"t2-post-excerpt wp-block-t2-post-excerpt\"><p>Bas\u00e9 \u00e0 Geldern, en Allemagne, Styleboom est sp\u00e9cialis\u00e9 dans la vente en ligne de v\u00eatements de la marque Seventy-Seven Urban [&hellip;]<\/p><\/div>\n<\/div>\n<\/div>\n\n<div class=\"t2-featured-query-post t2-featured-content is-post-type-case case_tax-habillement-sport wp-block-t2-featured-query-post\"><a class=\"t2-post-link wp-block-t2-post-link\" href=\"https:\/\/www.elementlogic.net\/fr\/cas-clients\/xxl\/\">\n\t\n\t<figure style=\"--t2-focal-point: 50% 50%;\" class=\"t2-post-featured-image has-image-ratio-3-2 wp-block-t2-post-featured-image\"><img loading=\"lazy\" decoding=\"async\" width=\"943\" height=\"678\" src=\"https:\/\/www.elementlogic.net\/content\/uploads\/sites\/18\/2024\/08\/Element-Logic-RelayPort-AutoStore.webp\" class=\"attachment-post-thumbnail size-post-thumbnail wp-post-image\" alt=\"\" srcset=\"https:\/\/www.elementlogic.net\/content\/uploads\/sites\/18\/2024\/08\/Element-Logic-RelayPort-AutoStore.webp 943w, https:\/\/www.elementlogic.net\/content\/uploads\/sites\/18\/2024\/08\/Element-Logic-RelayPort-AutoStore-300x216.webp 300w, https:\/\/www.elementlogic.net\/content\/uploads\/sites\/18\/2024\/08\/Element-Logic-RelayPort-AutoStore-768x552.webp 768w\" sizes=\"(max-width: 943px) 100vw, 943px\" \/><\/figure>\n\t\n<\/a>\n\n\t\t<div class=\"card-content wp-block-t2-wrapper\">\n\t<div class=\"wp-block-dekode-post-terms\"><span>Habillement et mat\u00e9riel de sport<\/span><\/div>\n\t<h3 class=\"t2-post-title wp-block-t2-post-title\"><a href=\"https:\/\/www.elementlogic.net\/fr\/cas-clients\/xxl\/\" target=\"_self\" >Premi\u00e8re installation mondiale du RelayPort Autostore<\/a><\/h3>\n\t<div class=\"t2-post-excerpt wp-block-t2-post-excerpt\"><p>\u00ab&nbsp;Le nouveau \u00ab&nbsp;RelayPort&nbsp;\u00bb est une excellente alternative au \u00ab&nbsp;CarouselPort&nbsp;\u00bb, utilis\u00e9 d\u00e9j\u00e0 g\u00e9n\u00e9ralement pour obtenir des rotations plus importantes. En positionnant [&hellip;]<\/p><\/div>\n<\/div>\n<\/div>\n<\/div>\n\n\n<div class=\"wp-block-buttons is-layout-flex wp-block-buttons-is-layout-flex\">\n<div class=\"wp-block-button\"><a class=\"wp-block-button__link wp-element-button\" href=\"https:\/\/www.elementlogic.net\/cases\/category\/sporting-goods\/\">D\u00e9couvrez nos autres cas clients sur le secteur du mat\u00e9riel de sport<\/a><\/div>\n<\/div>\n\n\n\n<div class=\"wp-block-group is-layout-flex wp-block-group-is-layout-flex\">\n<h2 class=\"wp-block-heading wp-container-content-2\" id=\"h-pourquoi-les-acteurs-de-l-habillement-et-du-materiel-de-sport-choisissent-element-logic\"><strong>Pourquoi les acteurs de l\u2019habillement et du mat\u00e9riel de sport choisissent Element Logic<\/strong><\/h2>\n\n\n\n<ul class=\"wp-block-list\">\n<li>Adapter facilement votre logistique pour absorber les pics saisonniers et les variations de la demande<\/li>\n\n\n\n<li>Acc\u00e9l\u00e9rer la pr\u00e9paration des commandes, tout en r\u00e9duisant les erreurs et les co\u00fbts op\u00e9rationnels<\/li>\n\n\n\n<li>Simplifier la gestion des retours et optimiser les flux de logistique inverse<\/li>\n\n\n\n<li>S\u2019appuyer sur des solutions fiables et \u00e9volutives, con\u00e7ues pour accompagner durablement la croissance et l\u2019\u00e9volution de vos activit\u00e9s<\/li>\n<\/ul>\n<\/div>\n\n\n\n<div style=\"height:100px;width:0px\" aria-hidden=\"true\" class=\"wp-block-spacer\"><\/div>\n\n\n\n\t\t<div style=\"--dekode-hero-dim:0.6; --t2-icon-fill:var(--wp--preset--color--white);\" class=\"alignfull dekode-hero-content-position-center has-media-background wp-block-dekode-hero has-text-color has-white-color\">\n\t\t\t<img loading=\"lazy\" decoding=\"async\" width=\"1024\" height=\"683\" src=\"https:\/\/www.elementlogic.net\/content\/uploads\/sites\/18\/2026\/03\/Fiege_1-3.jpg\" class=\"dekode-hero__image\" alt=\"\" style=\"--focalpoint: 75% 71%;\" srcset=\"https:\/\/www.elementlogic.net\/content\/uploads\/sites\/18\/2026\/03\/Fiege_1-3.jpg 1024w, https:\/\/www.elementlogic.net\/content\/uploads\/sites\/18\/2026\/03\/Fiege_1-3-300x200.jpg 300w, https:\/\/www.elementlogic.net\/content\/uploads\/sites\/18\/2026\/03\/Fiege_1-3-768x512.jpg 768w\" sizes=\"(max-width: 1024px) 100vw, 1024px\" \/>\n\t\t\t<div class=\"dekode-hero__content\">\n\t\t\t\t<div class=\"dekode-hero__container\">\n\t\t\t\t\t\n\n<h1 class=\"wp-block-heading\" id=\"h-la-prochaine-saison-arrive-vite-soyez-pret-des-maintenant\"><strong>La prochaine saison arrive vite. Soyez pr\u00eat d\u00e8s maintenant.<\/strong><\/h1>\n\n\n\n<div class=\"wp-block-buttons is-layout-flex wp-block-buttons-is-layout-flex\">\n<div class=\"wp-block-button http:\/\/hs-cta-trigger-button hs-cta-trigger-button-195241208906\"><a class=\"wp-block-button__link wp-element-button\" href=\"https:\/\/www.elementlogic.net\/fr\/contact\/\">Contactez-nous d\u00e8s aujourd&rsquo;hui<\/a><\/div>\n<\/div>\n\n\n\t\t\t\t<\/div>\n\t\t\t<\/div>\n\t\t<\/div>\n\t\t","protected":false},"excerpt":{"rendered":"<p>Forte de plus de 40 ans d\u2019expertise en intralogistique, notre approche repose sur des solutions d\u2019automatisation \u00e9prouv\u00e9es, \u00e9volutives et durables, [&hellip;]<\/p>\n","protected":false},"author":2,"featured_media":0,"parent":2502,"menu_order":0,"comment_status":"closed","ping_status":"closed","template":"","meta":{"hreflang_relation":4862,"_el_cross_publish_source_blog_url":"","_el_cross_publish_source_blog_id":0,"_el_cross_publish_source_post_id":0,"_el_cross_publish_sync_state":"","exclude_from_search":false,"footnotes":""},"class_list":["post-2494","page","type-page","status-publish","hentry"],"yoast_head":"<!-- This site is optimized with the Yoast SEO Premium plugin v23.9 (Yoast SEO v23.9) - https:\/\/yoast.com\/wordpress\/plugins\/seo\/ -->\n<title>Sport : une supply chain agile pour absorber chaque pic d\u2019activit\u00e9<\/title>\n<meta name=\"description\" content=\"Gagnez en rapidit\u00e9, en flexibilit\u00e9 et en pr\u00e9cision pour r\u00e9pondre aux exigences du secteur du sport et de l\u2019omnicanal.\" \/>\n<meta name=\"robots\" content=\"index, follow, max-snippet:-1, max-image-preview:large, max-video-preview:-1\" \/>\n<link rel=\"canonical\" href=\"https:\/\/www.elementlogic.net\/fr\/secteurs\/sport\/\" \/>\n<meta property=\"og:locale\" content=\"fr_FR\" \/>\n<meta property=\"og:type\" content=\"article\" \/>\n<meta property=\"og:title\" content=\"Secteur habillement et mat\u00e9riel de sport\" \/>\n<meta property=\"og:description\" content=\"Gagnez en rapidit\u00e9, en flexibilit\u00e9 et en pr\u00e9cision pour r\u00e9pondre aux exigences du secteur du sport et de l\u2019omnicanal.\" \/>\n<meta property=\"og:url\" content=\"https:\/\/www.elementlogic.net\/fr\/secteurs\/sport\/\" \/>\n<meta property=\"og:site_name\" content=\"Element Logic France\" \/>\n<meta property=\"article:modified_time\" content=\"2026-03-25T17:26:53+00:00\" \/>\n<meta name=\"twitter:card\" content=\"summary_large_image\" \/>\n<meta name=\"twitter:label1\" content=\"Dur\u00e9e de lecture estim\u00e9e\" \/>\n\t<meta name=\"twitter:data1\" content=\"2 minutes\" \/>\n<script type=\"application\/ld+json\" class=\"yoast-schema-graph\">{\"@context\":\"https:\/\/schema.org\",\"@graph\":[{\"@type\":\"WebPage\",\"@id\":\"https:\/\/www.elementlogic.net\/fr\/secteurs\/sport\/\",\"url\":\"https:\/\/www.elementlogic.net\/fr\/secteurs\/sport\/\",\"name\":\"Sport : une supply chain agile pour absorber chaque pic d\u2019activit\u00e9\",\"isPartOf\":{\"@id\":\"https:\/\/www.elementlogic.net\/fr\/#website\"},\"datePublished\":\"2026-03-25T17:26:07+00:00\",\"dateModified\":\"2026-03-25T17:26:53+00:00\",\"description\":\"Gagnez en rapidit\u00e9, en flexibilit\u00e9 et en pr\u00e9cision pour r\u00e9pondre aux exigences du secteur du sport et de l\u2019omnicanal.\",\"breadcrumb\":{\"@id\":\"https:\/\/www.elementlogic.net\/fr\/secteurs\/sport\/#breadcrumb\"},\"inLanguage\":\"fr-FR\",\"potentialAction\":[{\"@type\":\"ReadAction\",\"target\":[\"https:\/\/www.elementlogic.net\/fr\/secteurs\/sport\/\"]}]},{\"@type\":\"BreadcrumbList\",\"@id\":\"https:\/\/www.elementlogic.net\/fr\/secteurs\/sport\/#breadcrumb\",\"itemListElement\":[{\"@type\":\"ListItem\",\"position\":1,\"name\":\"Secteurs\",\"item\":\"https:\/\/www.elementlogic.net\/fr\/secteurs\/\"},{\"@type\":\"ListItem\",\"position\":2,\"name\":\"Secteur habillement et mat\u00e9riel de sport\"}]},{\"@type\":\"WebSite\",\"@id\":\"https:\/\/www.elementlogic.net\/fr\/#website\",\"url\":\"https:\/\/www.elementlogic.net\/fr\/\",\"name\":\"Element Logic France\",\"description\":\"\",\"potentialAction\":[{\"@type\":\"SearchAction\",\"target\":{\"@type\":\"EntryPoint\",\"urlTemplate\":\"https:\/\/www.elementlogic.net\/fr\/?s={search_term_string}\"},\"query-input\":{\"@type\":\"PropertyValueSpecification\",\"valueRequired\":true,\"valueName\":\"search_term_string\"}}],\"inLanguage\":\"fr-FR\"}]}<\/script>\n<!-- \/ Yoast SEO Premium plugin. -->","yoast_head_json":{"title":"Sport : une supply chain agile pour absorber chaque pic d\u2019activit\u00e9","description":"Gagnez en rapidit\u00e9, en flexibilit\u00e9 et en pr\u00e9cision pour r\u00e9pondre aux exigences du secteur du sport et de l\u2019omnicanal.","robots":{"index":"index","follow":"follow","max-snippet":"max-snippet:-1","max-image-preview":"max-image-preview:large","max-video-preview":"max-video-preview:-1"},"canonical":"https:\/\/www.elementlogic.net\/fr\/secteurs\/sport\/","og_locale":"fr_FR","og_type":"article","og_title":"Secteur habillement et mat\u00e9riel de sport","og_description":"Gagnez en rapidit\u00e9, en flexibilit\u00e9 et en pr\u00e9cision pour r\u00e9pondre aux exigences du secteur du sport et de l\u2019omnicanal.","og_url":"https:\/\/www.elementlogic.net\/fr\/secteurs\/sport\/","og_site_name":"Element Logic France","article_modified_time":"2026-03-25T17:26:53+00:00","twitter_card":"summary_large_image","twitter_misc":{"Dur\u00e9e de lecture estim\u00e9e":"2 minutes"},"schema":{"@context":"https:\/\/schema.org","@graph":[{"@type":"WebPage","@id":"https:\/\/www.elementlogic.net\/fr\/secteurs\/sport\/","url":"https:\/\/www.elementlogic.net\/fr\/secteurs\/sport\/","name":"Sport : une supply chain agile pour absorber chaque pic d\u2019activit\u00e9","isPartOf":{"@id":"https:\/\/www.elementlogic.net\/fr\/#website"},"datePublished":"2026-03-25T17:26:07+00:00","dateModified":"2026-03-25T17:26:53+00:00","description":"Gagnez en rapidit\u00e9, en flexibilit\u00e9 et en pr\u00e9cision pour r\u00e9pondre aux exigences du secteur du sport et de l\u2019omnicanal.","breadcrumb":{"@id":"https:\/\/www.elementlogic.net\/fr\/secteurs\/sport\/#breadcrumb"},"inLanguage":"fr-FR","potentialAction":[{"@type":"ReadAction","target":["https:\/\/www.elementlogic.net\/fr\/secteurs\/sport\/"]}]},{"@type":"BreadcrumbList","@id":"https:\/\/www.elementlogic.net\/fr\/secteurs\/sport\/#breadcrumb","itemListElement":[{"@type":"ListItem","position":1,"name":"Secteurs","item":"https:\/\/www.elementlogic.net\/fr\/secteurs\/"},{"@type":"ListItem","position":2,"name":"Secteur habillement et mat\u00e9riel de sport"}]},{"@type":"WebSite","@id":"https:\/\/www.elementlogic.net\/fr\/#website","url":"https:\/\/www.elementlogic.net\/fr\/","name":"Element Logic France","description":"","potentialAction":[{"@type":"SearchAction","target":{"@type":"EntryPoint","urlTemplate":"https:\/\/www.elementlogic.net\/fr\/?s={search_term_string}"},"query-input":{"@type":"PropertyValueSpecification","valueRequired":true,"valueName":"search_term_string"}}],"inLanguage":"fr-FR"}]}},"_links":{"self":[{"href":"https:\/\/www.elementlogic.net\/fr\/wp-json\/wp\/v2\/pages\/2494"}],"collection":[{"href":"https:\/\/www.elementlogic.net\/fr\/wp-json\/wp\/v2\/pages"}],"about":[{"href":"https:\/\/www.elementlogic.net\/fr\/wp-json\/wp\/v2\/types\/page"}],"author":[{"embeddable":true,"href":"https:\/\/www.elementlogic.net\/fr\/wp-json\/wp\/v2\/users\/2"}],"replies":[{"embeddable":true,"href":"https:\/\/www.elementlogic.net\/fr\/wp-json\/wp\/v2\/comments?post=2494"}],"version-history":[{"count":5,"href":"https:\/\/www.elementlogic.net\/fr\/wp-json\/wp\/v2\/pages\/2494\/revisions"}],"predecessor-version":[{"id":2957,"href":"https:\/\/www.elementlogic.net\/fr\/wp-json\/wp\/v2\/pages\/2494\/revisions\/2957"}],"up":[{"embeddable":true,"href":"https:\/\/www.elementlogic.net\/fr\/wp-json\/wp\/v2\/pages\/2502"}],"wp:attachment":[{"href":"https:\/\/www.elementlogic.net\/fr\/wp-json\/wp\/v2\/media?parent=2494"}],"curies":[{"name":"wp","href":"https:\/\/api.w.org\/{rel}","templated":true}]}}