{"id":2496,"date":"2026-03-25T17:30:57","date_gmt":"2026-03-25T17:30:57","guid":{"rendered":"https:\/\/www.elementlogic.net\/fr\/?page_id=2496"},"modified":"2026-03-25T17:30:58","modified_gmt":"2026-03-25T17:30:58","slug":"retail","status":"publish","type":"page","link":"https:\/\/www.elementlogic.net\/fr\/secteurs\/retail\/","title":{"rendered":"Secteur retail"},"content":{"rendered":"\n\t\t<div style=\"--dekode-hero-dim:0.5; --t2-icon-fill:var(--wp--preset--color--white);\" class=\"alignfull dekode-hero-content-position-center has-media-background wp-block-dekode-hero has-text-color has-white-color\">\n\t\t\t<img loading=\"lazy\" decoding=\"async\" width=\"1024\" height=\"683\" src=\"https:\/\/www.elementlogic.net\/content\/uploads\/sites\/18\/2026\/03\/retail-cinematic-sora2-1-1024x683.png\" class=\"dekode-hero__image\" alt=\"\" style=\"--focalpoint: 49% 33%;\" srcset=\"https:\/\/www.elementlogic.net\/content\/uploads\/sites\/18\/2026\/03\/retail-cinematic-sora2-1-1024x683.png 1024w, https:\/\/www.elementlogic.net\/content\/uploads\/sites\/18\/2026\/03\/retail-cinematic-sora2-1-300x200.png 300w, https:\/\/www.elementlogic.net\/content\/uploads\/sites\/18\/2026\/03\/retail-cinematic-sora2-1-768x512.png 768w, https:\/\/www.elementlogic.net\/content\/uploads\/sites\/18\/2026\/03\/retail-cinematic-sora2-1.png 1536w\" sizes=\"(max-width: 1024px) 100vw, 1024px\" \/>\n\t\t\t<div class=\"dekode-hero__content\">\n\t\t\t\t<div class=\"dekode-hero__container\">\n\t\t\t\t\t\n\n<h1 class=\"wp-block-heading\" id=\"h-retail\">Retail<\/h1>\n\n\n<p class=\"t2-ingress wp-block-t2-ingress\">L\u2019automatisation au service d\u2019une exp\u00e9rience client omnicanale<\/p>\n\n\n<div class=\"wp-block-buttons is-layout-flex wp-block-buttons-is-layout-flex\">\n<div class=\"wp-block-button hs-cta-trigger-button hs-cta-trigger-button-195241208906 has-icon has-icon-theme_arrow\"><a class=\"wp-block-button__link wp-element-button\" href=\"https:\/\/www.elementlogic.net\/fr\/contact\/\">Contactez-nous<svg xmlns=\"http:\/\/www.w3.org\/2000\/svg\" viewBox=\"0 0 24 24\" height=\"24\" width=\"24\" class=\"t2-icon t2-icon-theme_arrow\" aria-hidden=\"true\" focusable=\"false\"><path d=\"M16.627 12.75H5.25C5.03717 12.75 4.859 12.6782 4.7155 12.5345C4.57183 12.391 4.5 12.2128 4.5 12C4.5 11.7872 4.57183 11.609 4.7155 11.4655C4.859 11.3218 5.03717 11.25 5.25 11.25H16.627L11.4577 6.08076C11.3091 5.93209 11.2357 5.75809 11.2375 5.55876C11.2395 5.35942 11.318 5.18217 11.473 5.02701C11.6282 4.88217 11.8038 4.80717 12 4.80201C12.1962 4.79684 12.3718 4.87184 12.527 5.02701L18.8673 11.3673C18.9609 11.4609 19.0269 11.5597 19.0652 11.6635C19.1037 11.7673 19.123 11.8795 19.123 12C19.123 12.1205 19.1037 12.2327 19.0652 12.3365C19.0269 12.4403 18.9609 12.5391 18.8673 12.6328L12.527 18.973C12.3885 19.1115 12.217 19.1823 12.0125 19.1855C11.808 19.1887 11.6282 19.1178 11.473 18.973C11.318 18.8178 11.2405 18.6397 11.2405 18.4385C11.2405 18.2372 11.318 18.0589 11.473 17.9038L16.627 12.75Z\" fill=\"var(--t2-icon-fill, #000)\"\/><\/svg><\/a><\/div>\n<\/div>\n\n\n\t\t\t\t<\/div>\n\t\t\t<\/div>\n\t\t<\/div>\n\t\t\n\n<p class=\"t2-ingress wp-block-t2-ingress\"><strong>Le retail \u00e9volue \u00e0 un rythme sans pr\u00e9c\u00e9dent.<\/strong> Les consommateurs attendent d\u00e9sormais une exp\u00e9rience client fluide et coh\u00e9rente, en ligne comme en magasin, avec des commandes pr\u00e9par\u00e9es rapidement, livr\u00e9es sans erreur et parfaitement synchronis\u00e9es entre les diff\u00e9rents canaux. Pour les marques<strong>, concilier disponibilit\u00e9 des stocks, optimisation de l\u2019espace de stockage et satisfaction client \u00e9lev\u00e9e<\/strong> repr\u00e9sente un d\u00e9fi op\u00e9rationnel majeur.<\/p>\n\n\n<p><\/p>\n\n\n\n<p>Element Logic accompagne les acteurs du retail dans l\u2019automatisation de leurs op\u00e9rations logistiques, l\u2019optimisation de leurs stocks et la fluidification de leurs parcours clients, gr\u00e2ce \u00e0 des solutions intralogistiques \u00e9volutives, con\u00e7ues pour soutenir une croissance omnicanale. Forte de plus de 40 ans d\u2019expertise en automatisation d\u2019entrep\u00f4t, notre approche permet aux distributeurs de renforcer durablement leur comp\u00e9titivit\u00e9 dans un environnement retail en constante mutation.<\/p>\n\n\n\n<div class=\"wp-block-group has-global-padding is-layout-constrained wp-block-group-is-layout-constrained\">\n<h2 class=\"wp-block-heading wp-container-content-1\" id=\"h-les-principaux-defis-de-la-logistique-du-secteur-retail\"><strong>Les principaux d\u00e9fis de la logistique du secteur retail<\/strong><\/h2>\n\n\n\n<ul class=\"wp-block-list\">\n<li>Offrir une exp\u00e9rience client coh\u00e9rente et fluide en ligne, en magasin et sur en omnicanal<\/li>\n\n\n\n<li>Absorber les variations de la demande, li\u00e9es aux pics saisonniers, promotions et \u00e9v\u00e9nements commerciaux<\/li>\n\n\n\n<li>G\u00e9rer un volume \u00e9lev\u00e9 de r\u00e9f\u00e9rences (SKU) sur de multiples cat\u00e9gories de produits<\/li>\n\n\n\n<li>Faire face \u00e0 la hausse des co\u00fbts de main-d\u2019\u0153uvre, li\u00e9e aux t\u00e2ches manuelles r\u00e9p\u00e9titives<\/li>\n\n\n\n<li>R\u00e9pondre aux exigences de livraison rapide, le jour m\u00eame ou le lendemain<\/li>\n<\/ul>\n<\/div>\n\n\n\n\t\t<div style=\"--dekode-hero-dim:0.5; --t2-icon-fill:var(--wp--preset--color--white);\" class=\"alignfull dekode-hero-content-position-center has-media-background wp-block-dekode-hero has-text-color has-white-color\">\n\t\t\t\t\t<video\n\t\t\tautoplay\n\t\t\tloop\n\t\t\tmuted\n\t\t\tplaysinline\n\t\t\tposter=\"\"\n\t\t\tsrc=\"https:\/\/www.elementlogic.net\/content\/uploads\/2024\/07\/solutions-and-services.mp4\">\n\t\t<\/video>\n\t\t\n\t\t\t<div class=\"dekode-hero__content\">\n\t\t\t\t<div class=\"dekode-hero__container\">\n\t\t\t\t\t\n\n<h2 class=\"wp-block-heading\" id=\"h-decouvrez-les-temoignages-des-acteurs-du-retail-qui-nous-font-confiance\"><strong>D\u00e9couvrez les t\u00e9moignages des acteurs du retail qui nous font confiance<\/strong><\/h2>\n\n\n\t\t\t\t<\/div>\n\t\t\t<\/div>\n\t\t<\/div>\n\t\t\n\n<div class=\"t2-featured-content-layout alignwide wp-block-t2-featured-content-layout\">\n<div class=\"t2-featured-query-post t2-featured-content is-post-type-case case_tax-retail wp-block-t2-featured-query-post\"><a class=\"t2-post-link wp-block-t2-post-link\" href=\"https:\/\/www.elementlogic.net\/fr\/cas-clients\/entrepot-wesco\/\">\n\t<div class=\"client-logo-image-wrapper\"><img loading=\"lazy\" decoding=\"async\" width=\"247\" height=\"93\" src=\"https:\/\/www.elementlogic.net\/content\/uploads\/sites\/18\/2025\/03\/logoWesco.png\" class=\"client-logo-image\" alt=\"\" \/><\/div>\n\t<figure style=\"--t2-focal-point: 50% 50%;\" class=\"t2-post-featured-image has-image-ratio-3-2 wp-block-t2-post-featured-image\"><img loading=\"lazy\" decoding=\"async\" width=\"725\" height=\"483\" src=\"https:\/\/www.elementlogic.net\/content\/uploads\/sites\/18\/2025\/03\/Wesco1.jpg\" class=\"attachment-post-thumbnail size-post-thumbnail wp-post-image\" alt=\"\" srcset=\"https:\/\/www.elementlogic.net\/content\/uploads\/sites\/18\/2025\/03\/Wesco1.jpg 725w, https:\/\/www.elementlogic.net\/content\/uploads\/sites\/18\/2025\/03\/Wesco1-300x200.jpg 300w\" sizes=\"(max-width: 725px) 100vw, 725px\" \/><\/figure>\n\t\n<\/a>\n\n\t\t<div class=\"card-content wp-block-t2-wrapper\">\n\t<div class=\"wp-block-dekode-post-terms\"><span>Retail<\/span><\/div>\n\t<h3 class=\"t2-post-title wp-block-t2-post-title\"><a href=\"https:\/\/www.elementlogic.net\/fr\/cas-clients\/entrepot-wesco\/\" target=\"_self\" >Une zone de stockage divis\u00e9e par 10 dans l\u2019entrep\u00f4t Wesco gr\u00e2ce \u00e0 Element Logic<\/a><\/h3>\n\t<div class=\"t2-post-excerpt wp-block-t2-post-excerpt\"><p>FWesco commercialise ses produits via son site internet ou son catalogue papier. Il est donc imp\u00e9ratif de pouvoir pr\u00e9parer efficacement [&hellip;]<\/p><\/div>\n<\/div>\n<\/div>\n\n<div class=\"t2-featured-query-post t2-featured-content is-post-type-case case_tax-retail wp-block-t2-featured-query-post\"><a class=\"t2-post-link wp-block-t2-post-link\" href=\"https:\/\/www.elementlogic.net\/fr\/cas-clients\/peterhans\/\">\n\t\n\t<figure style=\"--t2-focal-point: 50% 50%;\" class=\"t2-post-featured-image has-image-ratio-3-2 wp-block-t2-post-featured-image\"><img loading=\"lazy\" decoding=\"async\" width=\"1920\" height=\"1278\" src=\"https:\/\/www.elementlogic.net\/content\/uploads\/sites\/18\/\/2024\/09\/Peterhans-AutoStore-sales-counter.jpg\" class=\"attachment-post-thumbnail size-post-thumbnail wp-post-image\" alt=\"\" srcset=\"https:\/\/www.elementlogic.net\/content\/uploads\/sites\/18\/2024\/09\/Peterhans-AutoStore-sales-counter.jpg 1920w, https:\/\/www.elementlogic.net\/content\/uploads\/sites\/18\/2024\/09\/Peterhans-AutoStore-sales-counter-300x200.jpg 300w, https:\/\/www.elementlogic.net\/content\/uploads\/sites\/18\/2024\/09\/Peterhans-AutoStore-sales-counter-1024x682.jpg 1024w, https:\/\/www.elementlogic.net\/content\/uploads\/sites\/18\/2024\/09\/Peterhans-AutoStore-sales-counter-768x511.jpg 768w, https:\/\/www.elementlogic.net\/content\/uploads\/sites\/18\/2024\/09\/Peterhans-AutoStore-sales-counter-1536x1022.jpg 1536w\" sizes=\"(max-width: 1920px) 100vw, 1920px\" \/><\/figure>\n\t\n<\/a>\n\n\t\t<div class=\"card-content wp-block-t2-wrapper\">\n\t<div class=\"wp-block-dekode-post-terms\"><span>Retail<\/span><\/div>\n\t<h3 class=\"t2-post-title wp-block-t2-post-title\"><a href=\"https:\/\/www.elementlogic.net\/fr\/cas-clients\/peterhans\/\" target=\"_self\" >Le centre de micro-fulfillment de Peterhans cr\u00e9e une exp\u00e9rience d\u2019achat unique<\/a><\/h3>\n\t<div class=\"t2-post-excerpt wp-block-t2-post-excerpt\"><p>Peterhans Handerwerkercenter AG vend des mat\u00e9riaux de construction, des outils, des machines et des \u00e9quipements, directement aux clients et aux [&hellip;]<\/p><\/div>\n<\/div>\n<\/div>\n\n\n<\/div>\n\n\n<div class=\"wp-block-buttons is-layout-flex wp-block-buttons-is-layout-flex\">\n<div class=\"wp-block-button\"><a class=\"wp-block-button__link wp-element-button\" href=\"https:\/\/www.elementlogic.net\/fr\/cases\/category\/retail\/\">D\u00e9couvrez nos autres cas clients sur le secteur retail<\/a><\/div>\n<\/div>\n\n\n\n<div class=\"wp-block-group has-global-padding is-layout-constrained wp-block-group-is-layout-constrained\">\n<h2 class=\"wp-block-heading wp-container-content-2\" id=\"h-pourquoi-les-acteurs-du-retail-choisissent-element-logic\"><strong>Pourquoi les acteurs du retail choisissent Element Logic<\/strong><\/h2>\n\n\n\n<ul class=\"wp-block-list\">\n<li>R\u00e9pondre aux exigences <strong>de rapidit\u00e9 de livraison, de fiabilit\u00e9 et de pr\u00e9cision<\/strong> dans la pr\u00e9paration des commandes<\/li>\n\n\n\n<li>Optimiser l\u2019utilisation de l\u2019espace de stockage gr\u00e2ce \u00e0 des solutions automatis\u00e9es compactes et <strong>\u00e0 haute densit\u00e9<\/strong><\/li>\n\n\n\n<li><strong>Maximiser les performances op\u00e9rationnelles<\/strong>, tout en r\u00e9duisant la d\u00e9pendance aux op\u00e9rations manuelles<\/li>\n\n\n\n<li><strong>Rendre possible une ex\u00e9cution omnicanale fluide<\/strong>, gr\u00e2ce \u00e0 une automatisation flexible, \u00e9volutive et adaptable<\/li>\n<\/ul>\n<\/div>\n\n\n\n<div style=\"height:100px\" aria-hidden=\"true\" class=\"wp-block-spacer\"><\/div>\n\n\n\n\t\t<div style=\"--dekode-hero-dim:0.6; --t2-icon-fill:var(--wp--preset--color--white);\" class=\"alignfull dekode-hero-content-position-center has-media-background wp-block-dekode-hero has-text-color has-white-color\">\n\t\t\t<img loading=\"lazy\" decoding=\"async\" width=\"1024\" height=\"683\" src=\"https:\/\/www.elementlogic.net\/content\/uploads\/sites\/18\/2026\/03\/Fiege_1-3.jpg\" class=\"dekode-hero__image\" alt=\"\" style=\"--focalpoint: 75% 71%;\" srcset=\"https:\/\/www.elementlogic.net\/content\/uploads\/sites\/18\/2026\/03\/Fiege_1-3.jpg 1024w, https:\/\/www.elementlogic.net\/content\/uploads\/sites\/18\/2026\/03\/Fiege_1-3-300x200.jpg 300w, https:\/\/www.elementlogic.net\/content\/uploads\/sites\/18\/2026\/03\/Fiege_1-3-768x512.jpg 768w\" sizes=\"(max-width: 1024px) 100vw, 1024px\" \/>\n\t\t\t<div class=\"dekode-hero__content\">\n\t\t\t\t<div class=\"dekode-hero__container\">\n\t\t\t\t\t\n\n<h1 class=\"wp-block-heading\" id=\"h-offrez-a-vos-clients-l-experience-d-achat-qu-ils-attendent-portee-par-l-expertise-d-element-logic\"><strong>Offrez \u00e0 vos clients l\u2019exp\u00e9rience d\u2019achat qu\u2019ils attendent, port\u00e9e par l\u2019expertise d\u2019Element Logic.<\/strong><\/h1>\n\n\n\n<div class=\"wp-block-buttons is-layout-flex wp-block-buttons-is-layout-flex\">\n<div class=\"wp-block-button http:\/\/hs-cta-trigger-button hs-cta-trigger-button-195241208906\"><a class=\"wp-block-button__link wp-element-button\" href=\"https:\/\/www.elementlogic.net\/fr\/contact\/\">Contactez-nous d\u00e8s aujourd&rsquo;hui<\/a><\/div>\n<\/div>\n\n\n\t\t\t\t<\/div>\n\t\t\t<\/div>\n\t\t<\/div>\n\t\t","protected":false},"excerpt":{"rendered":"<p>Element Logic accompagne les acteurs du retail dans l\u2019automatisation de leurs op\u00e9rations logistiques, l\u2019optimisation de leurs stocks et la fluidification [&hellip;]<\/p>\n","protected":false},"author":2,"featured_media":0,"parent":2502,"menu_order":0,"comment_status":"closed","ping_status":"closed","template":"","meta":{"hreflang_relation":4875,"_el_cross_publish_source_blog_url":"","_el_cross_publish_source_blog_id":0,"_el_cross_publish_source_post_id":0,"_el_cross_publish_sync_state":"","exclude_from_search":false,"footnotes":""},"class_list":["post-2496","page","type-page","status-publish","hentry"],"yoast_head":"<!-- This site is optimized with the Yoast SEO Premium plugin v23.9 (Yoast SEO v23.9) - https:\/\/yoast.com\/wordpress\/plugins\/seo\/ -->\n<title>Retail : automatisez votre logistique omnicanale<\/title>\n<meta name=\"description\" content=\"Optimisez votre logistique retail avec des solutions automatis\u00e9es pour garantir rapidit\u00e9, pr\u00e9cision et exp\u00e9rience client omnicanale.\" \/>\n<meta name=\"robots\" content=\"index, follow, max-snippet:-1, max-image-preview:large, max-video-preview:-1\" \/>\n<link rel=\"canonical\" href=\"https:\/\/www.elementlogic.net\/fr\/secteurs\/retail\/\" \/>\n<meta property=\"og:locale\" content=\"fr_FR\" \/>\n<meta property=\"og:type\" content=\"article\" \/>\n<meta property=\"og:title\" content=\"Secteur retail\" \/>\n<meta property=\"og:description\" content=\"Optimisez votre logistique retail avec des solutions automatis\u00e9es pour garantir rapidit\u00e9, pr\u00e9cision et exp\u00e9rience client omnicanale.\" \/>\n<meta property=\"og:url\" content=\"https:\/\/www.elementlogic.net\/fr\/secteurs\/retail\/\" \/>\n<meta property=\"og:site_name\" content=\"Element Logic France\" \/>\n<meta property=\"article:modified_time\" content=\"2026-03-25T17:30:58+00:00\" \/>\n<meta name=\"twitter:card\" content=\"summary_large_image\" \/>\n<meta name=\"twitter:label1\" content=\"Dur\u00e9e de lecture estim\u00e9e\" \/>\n\t<meta name=\"twitter:data1\" content=\"2 minutes\" \/>\n<script type=\"application\/ld+json\" class=\"yoast-schema-graph\">{\"@context\":\"https:\/\/schema.org\",\"@graph\":[{\"@type\":\"WebPage\",\"@id\":\"https:\/\/www.elementlogic.net\/fr\/secteurs\/retail\/\",\"url\":\"https:\/\/www.elementlogic.net\/fr\/secteurs\/retail\/\",\"name\":\"Retail : automatisez votre logistique omnicanale\",\"isPartOf\":{\"@id\":\"https:\/\/www.elementlogic.net\/fr\/#website\"},\"datePublished\":\"2026-03-25T17:30:57+00:00\",\"dateModified\":\"2026-03-25T17:30:58+00:00\",\"description\":\"Optimisez votre logistique retail avec des solutions automatis\u00e9es pour garantir rapidit\u00e9, pr\u00e9cision et exp\u00e9rience client omnicanale.\",\"breadcrumb\":{\"@id\":\"https:\/\/www.elementlogic.net\/fr\/secteurs\/retail\/#breadcrumb\"},\"inLanguage\":\"fr-FR\",\"potentialAction\":[{\"@type\":\"ReadAction\",\"target\":[\"https:\/\/www.elementlogic.net\/fr\/secteurs\/retail\/\"]}]},{\"@type\":\"BreadcrumbList\",\"@id\":\"https:\/\/www.elementlogic.net\/fr\/secteurs\/retail\/#breadcrumb\",\"itemListElement\":[{\"@type\":\"ListItem\",\"position\":1,\"name\":\"Secteurs\",\"item\":\"https:\/\/www.elementlogic.net\/fr\/secteurs\/\"},{\"@type\":\"ListItem\",\"position\":2,\"name\":\"Secteur retail\"}]},{\"@type\":\"WebSite\",\"@id\":\"https:\/\/www.elementlogic.net\/fr\/#website\",\"url\":\"https:\/\/www.elementlogic.net\/fr\/\",\"name\":\"Element Logic France\",\"description\":\"\",\"potentialAction\":[{\"@type\":\"SearchAction\",\"target\":{\"@type\":\"EntryPoint\",\"urlTemplate\":\"https:\/\/www.elementlogic.net\/fr\/?s={search_term_string}\"},\"query-input\":{\"@type\":\"PropertyValueSpecification\",\"valueRequired\":true,\"valueName\":\"search_term_string\"}}],\"inLanguage\":\"fr-FR\"}]}<\/script>\n<!-- \/ Yoast SEO Premium plugin. -->","yoast_head_json":{"title":"Retail : automatisez votre logistique omnicanale","description":"Optimisez votre logistique retail avec des solutions automatis\u00e9es pour garantir rapidit\u00e9, pr\u00e9cision et exp\u00e9rience client omnicanale.","robots":{"index":"index","follow":"follow","max-snippet":"max-snippet:-1","max-image-preview":"max-image-preview:large","max-video-preview":"max-video-preview:-1"},"canonical":"https:\/\/www.elementlogic.net\/fr\/secteurs\/retail\/","og_locale":"fr_FR","og_type":"article","og_title":"Secteur retail","og_description":"Optimisez votre logistique retail avec des solutions automatis\u00e9es pour garantir rapidit\u00e9, pr\u00e9cision et exp\u00e9rience client omnicanale.","og_url":"https:\/\/www.elementlogic.net\/fr\/secteurs\/retail\/","og_site_name":"Element Logic France","article_modified_time":"2026-03-25T17:30:58+00:00","twitter_card":"summary_large_image","twitter_misc":{"Dur\u00e9e de lecture estim\u00e9e":"2 minutes"},"schema":{"@context":"https:\/\/schema.org","@graph":[{"@type":"WebPage","@id":"https:\/\/www.elementlogic.net\/fr\/secteurs\/retail\/","url":"https:\/\/www.elementlogic.net\/fr\/secteurs\/retail\/","name":"Retail : automatisez votre logistique omnicanale","isPartOf":{"@id":"https:\/\/www.elementlogic.net\/fr\/#website"},"datePublished":"2026-03-25T17:30:57+00:00","dateModified":"2026-03-25T17:30:58+00:00","description":"Optimisez votre logistique retail avec des solutions automatis\u00e9es pour garantir rapidit\u00e9, pr\u00e9cision et exp\u00e9rience client omnicanale.","breadcrumb":{"@id":"https:\/\/www.elementlogic.net\/fr\/secteurs\/retail\/#breadcrumb"},"inLanguage":"fr-FR","potentialAction":[{"@type":"ReadAction","target":["https:\/\/www.elementlogic.net\/fr\/secteurs\/retail\/"]}]},{"@type":"BreadcrumbList","@id":"https:\/\/www.elementlogic.net\/fr\/secteurs\/retail\/#breadcrumb","itemListElement":[{"@type":"ListItem","position":1,"name":"Secteurs","item":"https:\/\/www.elementlogic.net\/fr\/secteurs\/"},{"@type":"ListItem","position":2,"name":"Secteur retail"}]},{"@type":"WebSite","@id":"https:\/\/www.elementlogic.net\/fr\/#website","url":"https:\/\/www.elementlogic.net\/fr\/","name":"Element Logic France","description":"","potentialAction":[{"@type":"SearchAction","target":{"@type":"EntryPoint","urlTemplate":"https:\/\/www.elementlogic.net\/fr\/?s={search_term_string}"},"query-input":{"@type":"PropertyValueSpecification","valueRequired":true,"valueName":"search_term_string"}}],"inLanguage":"fr-FR"}]}},"_links":{"self":[{"href":"https:\/\/www.elementlogic.net\/fr\/wp-json\/wp\/v2\/pages\/2496"}],"collection":[{"href":"https:\/\/www.elementlogic.net\/fr\/wp-json\/wp\/v2\/pages"}],"about":[{"href":"https:\/\/www.elementlogic.net\/fr\/wp-json\/wp\/v2\/types\/page"}],"author":[{"embeddable":true,"href":"https:\/\/www.elementlogic.net\/fr\/wp-json\/wp\/v2\/users\/2"}],"replies":[{"embeddable":true,"href":"https:\/\/www.elementlogic.net\/fr\/wp-json\/wp\/v2\/comments?post=2496"}],"version-history":[{"count":5,"href":"https:\/\/www.elementlogic.net\/fr\/wp-json\/wp\/v2\/pages\/2496\/revisions"}],"predecessor-version":[{"id":2964,"href":"https:\/\/www.elementlogic.net\/fr\/wp-json\/wp\/v2\/pages\/2496\/revisions\/2964"}],"up":[{"embeddable":true,"href":"https:\/\/www.elementlogic.net\/fr\/wp-json\/wp\/v2\/pages\/2502"}],"wp:attachment":[{"href":"https:\/\/www.elementlogic.net\/fr\/wp-json\/wp\/v2\/media?parent=2496"}],"curies":[{"name":"wp","href":"https:\/\/api.w.org\/{rel}","templated":true}]}}