{"id":2498,"date":"2026-03-25T17:13:40","date_gmt":"2026-03-25T17:13:40","guid":{"rendered":"https:\/\/www.elementlogic.net\/fr\/?page_id=2498"},"modified":"2026-03-25T17:22:52","modified_gmt":"2026-03-25T17:22:52","slug":"distribution","status":"publish","type":"page","link":"https:\/\/www.elementlogic.net\/fr\/secteurs\/distribution\/","title":{"rendered":"Secteur distribution en gros"},"content":{"rendered":"\n\t\t<div style=\"--dekode-hero-dim:0.6; --t2-icon-fill:var(--wp--preset--color--white);\" class=\"alignfull dekode-hero-content-position-center has-media-background wp-block-dekode-hero has-text-color has-white-color\">\n\t\t\t<img loading=\"lazy\" decoding=\"async\" width=\"1024\" height=\"1024\" src=\"https:\/\/www.elementlogic.net\/content\/uploads\/sites\/18\/2026\/03\/Wholesale-1.png\" class=\"dekode-hero__image\" alt=\"\" style=\"--focalpoint: 52% 71%;\" srcset=\"https:\/\/www.elementlogic.net\/content\/uploads\/sites\/18\/2026\/03\/Wholesale-1.png 1024w, https:\/\/www.elementlogic.net\/content\/uploads\/sites\/18\/2026\/03\/Wholesale-1-300x300.png 300w, https:\/\/www.elementlogic.net\/content\/uploads\/sites\/18\/2026\/03\/Wholesale-1-150x150.png 150w, https:\/\/www.elementlogic.net\/content\/uploads\/sites\/18\/2026\/03\/Wholesale-1-768x768.png 768w\" sizes=\"(max-width: 1024px) 100vw, 1024px\" \/>\n\t\t\t<div class=\"dekode-hero__content\">\n\t\t\t\t<div class=\"dekode-hero__container\">\n\t\t\t\t\t\n\n<p><\/p>\n\n\n\n<h1 class=\"wp-block-heading\" id=\"h-distribution-en-gros\">Distribution en gros<\/h1>\n\n\n<p class=\"t2-ingress wp-block-t2-ingress\">Gagnez en rapidit\u00e9, en pr\u00e9cision et en capacit\u00e9 de traitement gr\u00e2ce l\u2019automatisation d\u2019entrep\u00f4t<\/p>\n\n\n<div class=\"wp-block-buttons is-layout-flex wp-block-buttons-is-layout-flex\">\n<div class=\"wp-block-button hs-cta-trigger-button hs-cta-trigger-button-195241208906 has-icon has-icon-theme_arrow\"><a class=\"wp-block-button__link wp-element-button\" href=\"https:\/\/www.elementlogic.net\/fr\/contact\/\">Contactez-nous<svg xmlns=\"http:\/\/www.w3.org\/2000\/svg\" viewBox=\"0 0 24 24\" height=\"24\" width=\"24\" class=\"t2-icon t2-icon-theme_arrow\" aria-hidden=\"true\" focusable=\"false\"><path d=\"M16.627 12.75H5.25C5.03717 12.75 4.859 12.6782 4.7155 12.5345C4.57183 12.391 4.5 12.2128 4.5 12C4.5 11.7872 4.57183 11.609 4.7155 11.4655C4.859 11.3218 5.03717 11.25 5.25 11.25H16.627L11.4577 6.08076C11.3091 5.93209 11.2357 5.75809 11.2375 5.55876C11.2395 5.35942 11.318 5.18217 11.473 5.02701C11.6282 4.88217 11.8038 4.80717 12 4.80201C12.1962 4.79684 12.3718 4.87184 12.527 5.02701L18.8673 11.3673C18.9609 11.4609 19.0269 11.5597 19.0652 11.6635C19.1037 11.7673 19.123 11.8795 19.123 12C19.123 12.1205 19.1037 12.2327 19.0652 12.3365C19.0269 12.4403 18.9609 12.5391 18.8673 12.6328L12.527 18.973C12.3885 19.1115 12.217 19.1823 12.0125 19.1855C11.808 19.1887 11.6282 19.1178 11.473 18.973C11.318 18.8178 11.2405 18.6397 11.2405 18.4385C11.2405 18.2372 11.318 18.0589 11.473 17.9038L16.627 12.75Z\" fill=\"var(--t2-icon-fill, #000)\"\/><\/svg><\/a><\/div>\n<\/div>\n\n\n\t\t\t\t<\/div>\n\t\t\t<\/div>\n\t\t<\/div>\n\t\t\n\n<p class=\"t2-ingress wp-block-t2-ingress\">Les grossistes occupent une position cl\u00e9 au sein de la supply chain, en assurant le lien entre fabricants, fournisseurs et r\u00e9seaux de distribution. Leur performance repose sur <strong>leur capacit\u00e9 \u00e0 traiter des volumes de commandes \u00e9lev\u00e9s, \u00e0 g\u00e9rer une large diversit\u00e9 de r\u00e9f\u00e9rences et \u00e0 r\u00e9pondre \u00e0 des exigences clients sp\u00e9cifiques<\/strong>, tout en ma\u00eetrisant les co\u00fbts et en garantissant un haut niveau de fiabilit\u00e9 op\u00e9rationnelle. Dans ce contexte, les op\u00e9rations manuelles atteignent rapidement leurs limites. L\u2019automatisation d\u2019entrep\u00f4t devient alors un levier essentiel pour gagner en efficacit\u00e9, en pr\u00e9cision et en \u00e9volutivit\u00e9.<\/p>\n\n\n<p><\/p>\n\n\n\n<p>Element Logic accompagne les entreprises de la distribution en gros dans l\u2019optimisation de <strong>la pr\u00e9paration de commandes, l\u2019utilisation intelligente de l\u2019espace de stockage et la r\u00e9duction durable des co\u00fbts d\u2019exploitation<\/strong> gr\u00e2ce \u00e0 des solutions d\u2019automatisation d\u2019entrep\u00f4t performantes et \u00e9volutives. Premier partenaire AutoStore au monde et fort de plus de 40 ans d\u2019expertise en intralogistique, nous concevons des syst\u00e8mes capables d\u2019accompagner durablement la croissance des distributeurs.<\/p>\n\n\n\n<div class=\"wp-block-group has-global-padding is-layout-constrained wp-block-group-is-layout-constrained\">\n<h2 class=\"wp-block-heading wp-container-content-1\" id=\"h-les-principaux-defis-des-grossistes-et-de-la-logistique-de-la-distribution\"><strong>Les principaux d\u00e9fis des grossistes<\/strong> et de la logistique de la distribution<\/h2>\n\n\n\n<ul class=\"wp-block-list\">\n<li>G\u00e9rer des volumes de commandes importants, avec des exigences clients souvent complexes<\/li>\n\n\n\n<li>Administrer des catalogues de r\u00e9f\u00e9rences tr\u00e8s \u00e9tendus, soumis \u00e0 une demande fluctuante<\/li>\n\n\n\n<li>Faire face \u00e0 la hausse des co\u00fbts de main-d\u2019\u0153uvre et \u00e0 la p\u00e9nurie de profils qualifi\u00e9s<\/li>\n\n\n\n<li>R\u00e9pondre \u00e0 une pression croissante sur les d\u00e9lais de livraison, sans d\u00e9grader la rentabilit\u00e9<\/li>\n\n\n\n<li>Assurer simultan\u00e9ment la gestion des exp\u00e9ditions en vrac et des commandes mixtes \u00e0 faible volume<\/li>\n<\/ul>\n<\/div>\n\n\n\n\t\t<div style=\"--dekode-hero-dim:0.5; --t2-icon-fill:var(--wp--preset--color--white);\" class=\"alignfull dekode-hero-content-position-center has-media-background wp-block-dekode-hero has-text-color has-white-color\">\n\t\t\t\t\t<video\n\t\t\tautoplay\n\t\t\tloop\n\t\t\tmuted\n\t\t\tplaysinline\n\t\t\tposter=\"\"\n\t\t\tsrc=\"https:\/\/www.elementlogic.net\/content\/uploads\/2024\/07\/solutions-and-services.mp4\">\n\t\t<\/video>\n\t\t\n\t\t\t<div class=\"dekode-hero__content\">\n\t\t\t\t<div class=\"dekode-hero__container\">\n\t\t\t\t\t\n\n<h2 class=\"wp-block-heading\" id=\"h-decouvrez-les-temoignages-des-distributeurs-qui-nous-font-confiance\"><strong>D\u00e9couvrez les t\u00e9moignages des distributeurs qui nous font confiance<\/strong><\/h2>\n\n\n\t\t\t\t<\/div>\n\t\t\t<\/div>\n\t\t<\/div>\n\t\t\n\n<div class=\"t2-featured-content-layout alignwide wp-block-t2-featured-content-layout\">\n<div class=\"t2-featured-query-post t2-featured-content is-post-type-case case_tax-pieces-distribution wp-block-t2-featured-query-post\"><a class=\"t2-post-link wp-block-t2-post-link\" href=\"https:\/\/www.elementlogic.net\/fr\/cas-clients\/gs-bildeler\/\">\n\t\n\t<figure style=\"--t2-focal-point: 50% 50%;\" class=\"t2-post-featured-image has-image-ratio-3-2 wp-block-t2-post-featured-image\"><img loading=\"lazy\" decoding=\"async\" width=\"1500\" height=\"1000\" src=\"https:\/\/www.elementlogic.net\/content\/uploads\/sites\/18\/\/2024\/09\/Elementlogic-AutoStore-GS-bildeler.jpg\" class=\"attachment-post-thumbnail size-post-thumbnail wp-post-image\" alt=\"\" srcset=\"https:\/\/www.elementlogic.net\/content\/uploads\/sites\/18\/2024\/09\/Elementlogic-AutoStore-GS-bildeler.jpg 1500w, https:\/\/www.elementlogic.net\/content\/uploads\/sites\/18\/2024\/09\/Elementlogic-AutoStore-GS-bildeler-300x200.jpg 300w, https:\/\/www.elementlogic.net\/content\/uploads\/sites\/18\/2024\/09\/Elementlogic-AutoStore-GS-bildeler-1024x683.jpg 1024w, https:\/\/www.elementlogic.net\/content\/uploads\/sites\/18\/2024\/09\/Elementlogic-AutoStore-GS-bildeler-768x512.jpg 768w\" sizes=\"(max-width: 1500px) 100vw, 1500px\" \/><\/figure>\n\t\n<\/a>\n\n\t\t<div class=\"card-content wp-block-t2-wrapper\">\n\t<div class=\"wp-block-dekode-post-terms\"><span>Pi\u00e8ces d\u00e9tach\u00e9es et distribution<\/span><\/div>\n\t<h3 class=\"t2-post-title wp-block-t2-post-title\"><a href=\"https:\/\/www.elementlogic.net\/fr\/cas-clients\/gs-bildeler\/\" target=\"_self\" >Pour accompagner sa croissance GS Bildeler installe trois entrep\u00f4ts AutoStore<\/a><\/h3>\n\t<div class=\"t2-post-excerpt wp-block-t2-post-excerpt\"><p>Suite \u00e0 une rencontre avec Jakob Hetteland, le fils du fondateur d\u2019AutoStore, Jonny Skrivarhaug, co-fondateur de GS Bildeler, d\u00e9cide d\u2019investir [&hellip;]<\/p><\/div>\n<\/div>\n<\/div>\n\n\n\n\n<\/div>\n\n\n<div class=\"wp-block-buttons is-layout-flex wp-block-buttons-is-layout-flex\">\n<div class=\"wp-block-button\"><a class=\"wp-block-button__link wp-element-button\" href=\"https:\/\/www.elementlogic.net\/fr\/cases\/category\/high-throughput\/\">D\u00e9couvrez nos autres cas clients sur le secteur de la distribution<\/a><\/div>\n<\/div>\n\n\n\n<div class=\"wp-block-group is-layout-flex wp-block-group-is-layout-flex\">\n<h2 class=\"wp-block-heading wp-container-content-2\" id=\"h-pourquoi-les-grossistes-choisissent-element-logic\"><strong>Pourquoi les grossistes choisissent Element Logic<\/strong><\/h2>\n\n\n\n<ul class=\"wp-block-list\">\n<li>Adapter vos op\u00e9rations logistiques pour absorber efficacement les variations de la demande<\/li>\n\n\n\n<li>R\u00e9duire les co\u00fbts de main-d\u2019\u0153uvre gr\u00e2ce \u00e0 des process automatis\u00e9s fiables et r\u00e9p\u00e9tables<\/li>\n\n\n\n<li>Optimiser l\u2019utilisation de l\u2019espace et la capacit\u00e9 de stockage pour g\u00e9rer de grands volumes de produits<\/li>\n\n\n\n<li>Am\u00e9liorer la performance de la pr\u00e9paration de commandes, qu\u2019il s\u2019agisse de palettes compl\u00e8tes, de colis ou de petites commandes multi-r\u00e9f\u00e9rences<\/li>\n<\/ul>\n<\/div>\n\n\n\n<div style=\"height:100px\" aria-hidden=\"true\" class=\"wp-block-spacer\"><\/div>\n\n\n\n\t\t<div style=\"--dekode-hero-dim:0.6; --t2-icon-fill:var(--wp--preset--color--white);\" class=\"alignfull dekode-hero-content-position-center has-media-background wp-block-dekode-hero has-text-color has-white-color\">\n\t\t\t<img loading=\"lazy\" decoding=\"async\" width=\"1024\" height=\"683\" src=\"https:\/\/www.elementlogic.net\/content\/uploads\/sites\/18\/2026\/03\/Fiege_1-3.jpg\" class=\"dekode-hero__image\" alt=\"\" style=\"--focalpoint: 75% 71%;\" srcset=\"https:\/\/www.elementlogic.net\/content\/uploads\/sites\/18\/2026\/03\/Fiege_1-3.jpg 1024w, https:\/\/www.elementlogic.net\/content\/uploads\/sites\/18\/2026\/03\/Fiege_1-3-300x200.jpg 300w, https:\/\/www.elementlogic.net\/content\/uploads\/sites\/18\/2026\/03\/Fiege_1-3-768x512.jpg 768w\" sizes=\"(max-width: 1024px) 100vw, 1024px\" \/>\n\t\t\t<div class=\"dekode-hero__content\">\n\t\t\t\t<div class=\"dekode-hero__container\">\n\t\t\t\t\t\n\n<h1 class=\"wp-block-heading\" id=\"h-optimisez-votre-productivite-a-grande-echelle-grace-a-l-automatisation-d-entrepot-d-element-logic\"><strong>Optimisez votre productivit\u00e9 \u00e0 grande \u00e9chelle gr\u00e2ce \u00e0 l\u2019automatisation d\u2019entrep\u00f4t d\u2019Element Logic.<\/strong><\/h1>\n\n\n\n<div class=\"wp-block-buttons is-layout-flex wp-block-buttons-is-layout-flex\">\n<div class=\"wp-block-button http:\/\/hs-cta-trigger-button hs-cta-trigger-button-195241208906\"><a class=\"wp-block-button__link wp-element-button\" href=\"https:\/\/www.elementlogic.net\/fr\/contact\/\">Contactez-nous d\u00e8s aujourd&rsquo;hui<\/a><\/div>\n<\/div>\n\n\n\t\t\t\t<\/div>\n\t\t\t<\/div>\n\t\t<\/div>\n\t\t","protected":false},"excerpt":{"rendered":"<p>Element Logic accompagne les entreprises de la distribution en gros dans l\u2019optimisation de la pr\u00e9paration de commandes, l\u2019utilisation intelligente de [&hellip;]<\/p>\n","protected":false},"author":2,"featured_media":0,"parent":2502,"menu_order":0,"comment_status":"closed","ping_status":"closed","template":"","meta":{"hreflang_relation":4774,"_el_cross_publish_source_blog_url":"","_el_cross_publish_source_blog_id":0,"_el_cross_publish_source_post_id":0,"_el_cross_publish_sync_state":"","exclude_from_search":false,"footnotes":""},"class_list":["post-2498","page","type-page","status-publish","hentry"],"yoast_head":"<!-- This site is optimized with the Yoast SEO Premium plugin v23.9 (Yoast SEO v23.9) - https:\/\/yoast.com\/wordpress\/plugins\/seo\/ -->\n<title>Distribution : gagnez en productivit\u00e9 et en capacit\u00e9 de stockage<\/title>\n<meta name=\"description\" content=\"D\u00e9couvrez comment automatiser vos flux pour g\u00e9rer de grands volumes, am\u00e9liorer la pr\u00e9paration des commandes et soutenir votre croissance.\" \/>\n<meta name=\"robots\" content=\"index, follow, max-snippet:-1, max-image-preview:large, max-video-preview:-1\" \/>\n<link rel=\"canonical\" href=\"https:\/\/www.elementlogic.net\/fr\/secteurs\/distribution\/\" \/>\n<meta property=\"og:locale\" content=\"fr_FR\" \/>\n<meta property=\"og:type\" content=\"article\" \/>\n<meta property=\"og:title\" content=\"Secteur distribution en gros\" \/>\n<meta property=\"og:description\" content=\"D\u00e9couvrez comment automatiser vos flux pour g\u00e9rer de grands volumes, am\u00e9liorer la pr\u00e9paration des commandes et soutenir votre croissance.\" \/>\n<meta property=\"og:url\" content=\"https:\/\/www.elementlogic.net\/fr\/secteurs\/distribution\/\" \/>\n<meta property=\"og:site_name\" content=\"Element Logic France\" \/>\n<meta property=\"article:modified_time\" content=\"2026-03-25T17:22:52+00:00\" \/>\n<meta name=\"twitter:card\" content=\"summary_large_image\" \/>\n<meta name=\"twitter:label1\" content=\"Dur\u00e9e de lecture estim\u00e9e\" \/>\n\t<meta name=\"twitter:data1\" content=\"2 minutes\" \/>\n<script type=\"application\/ld+json\" class=\"yoast-schema-graph\">{\"@context\":\"https:\/\/schema.org\",\"@graph\":[{\"@type\":\"WebPage\",\"@id\":\"https:\/\/www.elementlogic.net\/fr\/secteurs\/distribution\/\",\"url\":\"https:\/\/www.elementlogic.net\/fr\/secteurs\/distribution\/\",\"name\":\"Distribution : gagnez en productivit\u00e9 et en capacit\u00e9 de stockage\",\"isPartOf\":{\"@id\":\"https:\/\/www.elementlogic.net\/fr\/#website\"},\"datePublished\":\"2026-03-25T17:13:40+00:00\",\"dateModified\":\"2026-03-25T17:22:52+00:00\",\"description\":\"D\u00e9couvrez comment automatiser vos flux pour g\u00e9rer de grands volumes, am\u00e9liorer la pr\u00e9paration des commandes et soutenir votre croissance.\",\"breadcrumb\":{\"@id\":\"https:\/\/www.elementlogic.net\/fr\/secteurs\/distribution\/#breadcrumb\"},\"inLanguage\":\"fr-FR\",\"potentialAction\":[{\"@type\":\"ReadAction\",\"target\":[\"https:\/\/www.elementlogic.net\/fr\/secteurs\/distribution\/\"]}]},{\"@type\":\"BreadcrumbList\",\"@id\":\"https:\/\/www.elementlogic.net\/fr\/secteurs\/distribution\/#breadcrumb\",\"itemListElement\":[{\"@type\":\"ListItem\",\"position\":1,\"name\":\"Secteurs\",\"item\":\"https:\/\/www.elementlogic.net\/fr\/secteurs\/\"},{\"@type\":\"ListItem\",\"position\":2,\"name\":\"Secteur distribution en gros\"}]},{\"@type\":\"WebSite\",\"@id\":\"https:\/\/www.elementlogic.net\/fr\/#website\",\"url\":\"https:\/\/www.elementlogic.net\/fr\/\",\"name\":\"Element Logic France\",\"description\":\"\",\"potentialAction\":[{\"@type\":\"SearchAction\",\"target\":{\"@type\":\"EntryPoint\",\"urlTemplate\":\"https:\/\/www.elementlogic.net\/fr\/?s={search_term_string}\"},\"query-input\":{\"@type\":\"PropertyValueSpecification\",\"valueRequired\":true,\"valueName\":\"search_term_string\"}}],\"inLanguage\":\"fr-FR\"}]}<\/script>\n<!-- \/ Yoast SEO Premium plugin. -->","yoast_head_json":{"title":"Distribution : gagnez en productivit\u00e9 et en capacit\u00e9 de stockage","description":"D\u00e9couvrez comment automatiser vos flux pour g\u00e9rer de grands volumes, am\u00e9liorer la pr\u00e9paration des commandes et soutenir votre croissance.","robots":{"index":"index","follow":"follow","max-snippet":"max-snippet:-1","max-image-preview":"max-image-preview:large","max-video-preview":"max-video-preview:-1"},"canonical":"https:\/\/www.elementlogic.net\/fr\/secteurs\/distribution\/","og_locale":"fr_FR","og_type":"article","og_title":"Secteur distribution en gros","og_description":"D\u00e9couvrez comment automatiser vos flux pour g\u00e9rer de grands volumes, am\u00e9liorer la pr\u00e9paration des commandes et soutenir votre croissance.","og_url":"https:\/\/www.elementlogic.net\/fr\/secteurs\/distribution\/","og_site_name":"Element Logic France","article_modified_time":"2026-03-25T17:22:52+00:00","twitter_card":"summary_large_image","twitter_misc":{"Dur\u00e9e de lecture estim\u00e9e":"2 minutes"},"schema":{"@context":"https:\/\/schema.org","@graph":[{"@type":"WebPage","@id":"https:\/\/www.elementlogic.net\/fr\/secteurs\/distribution\/","url":"https:\/\/www.elementlogic.net\/fr\/secteurs\/distribution\/","name":"Distribution : gagnez en productivit\u00e9 et en capacit\u00e9 de stockage","isPartOf":{"@id":"https:\/\/www.elementlogic.net\/fr\/#website"},"datePublished":"2026-03-25T17:13:40+00:00","dateModified":"2026-03-25T17:22:52+00:00","description":"D\u00e9couvrez comment automatiser vos flux pour g\u00e9rer de grands volumes, am\u00e9liorer la pr\u00e9paration des commandes et soutenir votre croissance.","breadcrumb":{"@id":"https:\/\/www.elementlogic.net\/fr\/secteurs\/distribution\/#breadcrumb"},"inLanguage":"fr-FR","potentialAction":[{"@type":"ReadAction","target":["https:\/\/www.elementlogic.net\/fr\/secteurs\/distribution\/"]}]},{"@type":"BreadcrumbList","@id":"https:\/\/www.elementlogic.net\/fr\/secteurs\/distribution\/#breadcrumb","itemListElement":[{"@type":"ListItem","position":1,"name":"Secteurs","item":"https:\/\/www.elementlogic.net\/fr\/secteurs\/"},{"@type":"ListItem","position":2,"name":"Secteur distribution en gros"}]},{"@type":"WebSite","@id":"https:\/\/www.elementlogic.net\/fr\/#website","url":"https:\/\/www.elementlogic.net\/fr\/","name":"Element Logic France","description":"","potentialAction":[{"@type":"SearchAction","target":{"@type":"EntryPoint","urlTemplate":"https:\/\/www.elementlogic.net\/fr\/?s={search_term_string}"},"query-input":{"@type":"PropertyValueSpecification","valueRequired":true,"valueName":"search_term_string"}}],"inLanguage":"fr-FR"}]}},"_links":{"self":[{"href":"https:\/\/www.elementlogic.net\/fr\/wp-json\/wp\/v2\/pages\/2498"}],"collection":[{"href":"https:\/\/www.elementlogic.net\/fr\/wp-json\/wp\/v2\/pages"}],"about":[{"href":"https:\/\/www.elementlogic.net\/fr\/wp-json\/wp\/v2\/types\/page"}],"author":[{"embeddable":true,"href":"https:\/\/www.elementlogic.net\/fr\/wp-json\/wp\/v2\/users\/2"}],"replies":[{"embeddable":true,"href":"https:\/\/www.elementlogic.net\/fr\/wp-json\/wp\/v2\/comments?post=2498"}],"version-history":[{"count":5,"href":"https:\/\/www.elementlogic.net\/fr\/wp-json\/wp\/v2\/pages\/2498\/revisions"}],"predecessor-version":[{"id":2947,"href":"https:\/\/www.elementlogic.net\/fr\/wp-json\/wp\/v2\/pages\/2498\/revisions\/2947"}],"up":[{"embeddable":true,"href":"https:\/\/www.elementlogic.net\/fr\/wp-json\/wp\/v2\/pages\/2502"}],"wp:attachment":[{"href":"https:\/\/www.elementlogic.net\/fr\/wp-json\/wp\/v2\/media?parent=2498"}],"curies":[{"name":"wp","href":"https:\/\/api.w.org\/{rel}","templated":true}]}}