{"id":2500,"date":"2026-03-25T17:30:12","date_gmt":"2026-03-25T17:30:12","guid":{"rendered":"https:\/\/www.elementlogic.net\/fr\/?page_id=2500"},"modified":"2026-03-25T17:30:14","modified_gmt":"2026-03-25T17:30:14","slug":"pharmacie","status":"publish","type":"page","link":"https:\/\/www.elementlogic.net\/fr\/secteurs\/pharmacie\/","title":{"rendered":"Secteur pharmaceutique"},"content":{"rendered":"\n\t\t<div style=\"--dekode-hero-dim:0.5; --t2-icon-fill:var(--wp--preset--color--white);\" class=\"alignfull dekode-hero-content-position-center has-media-background wp-block-dekode-hero has-text-color has-white-color\">\n\t\t\t<img loading=\"lazy\" decoding=\"async\" width=\"1024\" height=\"576\" src=\"https:\/\/www.elementlogic.net\/content\/uploads\/sites\/18\/2026\/03\/Wholesale-Automation-3.png\" class=\"dekode-hero__image\" alt=\"\" style=\"--focalpoint: 48% 51%;\" srcset=\"https:\/\/www.elementlogic.net\/content\/uploads\/sites\/18\/2026\/03\/Wholesale-Automation-3.png 1024w, https:\/\/www.elementlogic.net\/content\/uploads\/sites\/18\/2026\/03\/Wholesale-Automation-3-300x169.png 300w, https:\/\/www.elementlogic.net\/content\/uploads\/sites\/18\/2026\/03\/Wholesale-Automation-3-768x432.png 768w\" sizes=\"(max-width: 1024px) 100vw, 1024px\" \/>\n\t\t\t<div class=\"dekode-hero__content\">\n\t\t\t\t<div class=\"dekode-hero__container\">\n\t\t\t\t\t\n\n<p><\/p>\n\n\n\n<h1 class=\"wp-block-heading\" id=\"h-dispositifs-medicaux-et-produits-pharmaceutiques\"><strong>Dispositifs m\u00e9dicaux et produits pharmaceutiques<\/strong><\/h1>\n\n\n<p class=\"t2-ingress wp-block-t2-ingress\">Pr\u00e9cision et conformit\u00e9 garanties \u00e0 chaque \u00e9tape de la cha\u00eene logistique<\/p>\n\n\n<div class=\"wp-block-buttons is-layout-flex wp-block-buttons-is-layout-flex\">\n<div class=\"wp-block-button hs-cta-trigger-button hs-cta-trigger-button-195241208906 has-icon has-icon-theme_arrow\"><a class=\"wp-block-button__link wp-element-button\" href=\"https:\/\/www.elementlogic.net\/fr\/contact\/\">Contactez-nous<svg xmlns=\"http:\/\/www.w3.org\/2000\/svg\" viewBox=\"0 0 24 24\" height=\"24\" width=\"24\" class=\"t2-icon t2-icon-theme_arrow\" aria-hidden=\"true\" focusable=\"false\"><path d=\"M16.627 12.75H5.25C5.03717 12.75 4.859 12.6782 4.7155 12.5345C4.57183 12.391 4.5 12.2128 4.5 12C4.5 11.7872 4.57183 11.609 4.7155 11.4655C4.859 11.3218 5.03717 11.25 5.25 11.25H16.627L11.4577 6.08076C11.3091 5.93209 11.2357 5.75809 11.2375 5.55876C11.2395 5.35942 11.318 5.18217 11.473 5.02701C11.6282 4.88217 11.8038 4.80717 12 4.80201C12.1962 4.79684 12.3718 4.87184 12.527 5.02701L18.8673 11.3673C18.9609 11.4609 19.0269 11.5597 19.0652 11.6635C19.1037 11.7673 19.123 11.8795 19.123 12C19.123 12.1205 19.1037 12.2327 19.0652 12.3365C19.0269 12.4403 18.9609 12.5391 18.8673 12.6328L12.527 18.973C12.3885 19.1115 12.217 19.1823 12.0125 19.1855C11.808 19.1887 11.6282 19.1178 11.473 18.973C11.318 18.8178 11.2405 18.6397 11.2405 18.4385C11.2405 18.2372 11.318 18.0589 11.473 17.9038L16.627 12.75Z\" fill=\"var(--t2-icon-fill, #000)\"\/><\/svg><\/a><\/div>\n<\/div>\n\n\n\t\t\t\t<\/div>\n\t\t\t<\/div>\n\t\t<\/div>\n\t\t\n\n<p class=\"t2-ingress wp-block-t2-ingress\">Dans le secteur m\u00e9dical et pharmaceutique, <strong>la fiabilit\u00e9 de la logistique sauve des vies<\/strong>. Chaque commande doit respecter des <strong>exigences r\u00e9glementaires strictes<\/strong>, garantir une <strong>tra\u00e7abilit\u00e9 compl\u00e8te<\/strong> et \u00eatre livr\u00e9e dans des conditions parfaitement ma\u00eetris\u00e9es. La multiplication des r\u00e9f\u00e9rences, le renforcement continu des normes de conformit\u00e9 et les tensions sur la main-d\u2019\u0153uvre rendent les op\u00e9rations toujours plus complexes. Dans ce contexte, l\u2019automatisation d\u2019entrep\u00f4t devient un levier strat\u00e9gique pour s\u00e9curiser les flux, fiabiliser les op\u00e9rations et assurer la continuit\u00e9 de l\u2019approvisionnement.<\/p>\n\n\n<p>Element Logic accompagne les distributeurs, fabricants et acteurs du secteur de la sant\u00e9 dans l\u2019optimisation du stockage, le respect des exigences r\u00e9glementaires et la manipulation s\u00e9curis\u00e9e des produits sensibles. Premier partenaire AutoStore au monde et fort de plus de 40 ans d\u2019expertise en intralogistique, nous concevons des solutions d\u2019automatisation d\u2019entrep\u00f4t qui prot\u00e8gent \u00e0 la fois les patients et la performance op\u00e9rationnelle.<\/p>\n\n\n\n<div class=\"wp-block-group has-global-padding is-layout-constrained wp-block-group-is-layout-constrained\">\n<h2 class=\"wp-block-heading wp-container-content-1\" id=\"h-les-principaux-defis-de-la-logistique-du-secteur-de-la-sante\"><strong>Les principaux d\u00e9fis de la logistique du secteur de la sant\u00e9<\/strong><\/h2>\n\n\n\n<ul class=\"wp-block-list\">\n<li>Assurer un contr\u00f4le strict des temp\u00e9ratures dans l\u2019entrep\u00f4t et pr\u00e9server l\u2019int\u00e9grit\u00e9 des produits sur l\u2019ensemble des zones de stockage<\/li>\n\n\n\n<li>Se conformer \u00e0 des exigences r\u00e9glementaires \u00e9lev\u00e9es et en constante \u00e9volution<\/li>\n\n\n\n<li>Supprimer les risques d\u2019erreurs humaines lors de la manipulation de produits sensibles et \u00e0 forte valeur<\/li>\n\n\n\n<li>G\u00e9rer un large \u00e9ventail de r\u00e9f\u00e9rences, incluant m\u00e9dicaments, dispositifs m\u00e9dicaux et consommables<\/li>\n\n\n\n<li>Concilier rapidit\u00e9 d\u2019ex\u00e9cution, pr\u00e9cision et s\u00e9curit\u00e9 pour des livraisons critiques et souvent urgentes<\/li>\n<\/ul>\n<\/div>\n\n\n\n\t\t<div style=\"--dekode-hero-dim:0.5; --t2-icon-fill:var(--wp--preset--color--white);\" class=\"alignfull dekode-hero-content-position-center has-media-background wp-block-dekode-hero has-text-color has-white-color\">\n\t\t\t\t\t<video\n\t\t\tautoplay\n\t\t\tloop\n\t\t\tmuted\n\t\t\tplaysinline\n\t\t\tposter=\"\"\n\t\t\tsrc=\"https:\/\/www.elementlogic.net\/content\/uploads\/2024\/07\/solutions-and-services.mp4\">\n\t\t<\/video>\n\t\t\n\t\t\t<div class=\"dekode-hero__content\">\n\t\t\t\t<div class=\"dekode-hero__container\">\n\t\t\t\t\t\n\n<h2 class=\"wp-block-heading\" id=\"h-decouvrez-les-temoignages-des-acteurs-de-la-sante-qui-nous-font-confiance\"><strong>D\u00e9couvrez les t\u00e9moignages des acteurs de la sant\u00e9 qui nous font confiance<\/strong><\/h2>\n\n\n\t\t\t\t<\/div>\n\t\t\t<\/div>\n\t\t<\/div>\n\t\t\n\n<div class=\"t2-featured-content-layout alignwide wp-block-t2-featured-content-layout\">\n<div class=\"t2-featured-query-post t2-featured-content is-post-type-case case_tax-pharmacie wp-block-t2-featured-query-post\"><a class=\"t2-post-link wp-block-t2-post-link\" href=\"https:\/\/www.elementlogic.net\/fr\/cas-clients\/pharmacie-automatisee\/\">\n\t\n\t<figure style=\"--t2-focal-point: 50% 50%;\" class=\"t2-post-featured-image has-image-ratio-3-2 wp-block-t2-post-featured-image\"><img loading=\"lazy\" decoding=\"async\" width=\"2048\" height=\"1365\" src=\"https:\/\/www.elementlogic.net\/content\/uploads\/sites\/18\/2025\/09\/CasClient2.jpeg\" class=\"attachment-post-thumbnail size-post-thumbnail wp-post-image\" alt=\"\" srcset=\"https:\/\/www.elementlogic.net\/content\/uploads\/sites\/18\/2025\/09\/CasClient2.jpeg 2048w, https:\/\/www.elementlogic.net\/content\/uploads\/sites\/18\/2025\/09\/CasClient2-300x200.jpeg 300w, https:\/\/www.elementlogic.net\/content\/uploads\/sites\/18\/2025\/09\/CasClient2-1024x683.jpeg 1024w, https:\/\/www.elementlogic.net\/content\/uploads\/sites\/18\/2025\/09\/CasClient2-768x512.jpeg 768w, https:\/\/www.elementlogic.net\/content\/uploads\/sites\/18\/2025\/09\/CasClient2-1536x1024.jpeg 1536w\" sizes=\"(max-width: 2048px) 100vw, 2048px\" \/><\/figure>\n\t\n<\/a>\n\n\t\t<div class=\"card-content wp-block-t2-wrapper\">\n\t<div class=\"wp-block-dekode-post-terms\"><span>Pharmacie<\/span><\/div>\n\t<h3 class=\"t2-post-title wp-block-t2-post-title\"><a href=\"https:\/\/www.elementlogic.net\/fr\/cas-clients\/pharmacie-automatisee\/\" target=\"_self\" >Fondation Sant\u00e9 Service : une pharmacie automatis\u00e9e\npour r\u00e9inventer la logistique du soin \u00e0 domicile<\/a><\/h3>\n\t<div class=\"t2-post-excerpt wp-block-t2-post-excerpt\"><p>Un projet d\u2019automatisation d\u2019envergure nationale Premier acteur de l\u2019hospitalisation \u00e0 domicile en France, la Fondation Sant\u00e9 Service assure aujourd\u2019hui environ [&hellip;]<\/p><\/div>\n<\/div>\n<\/div>\n\n\n\n<div class=\"t2-featured-query-post t2-featured-content is-post-type-case case_tax-pharmacie wp-block-t2-featured-query-post\"><a class=\"t2-post-link wp-block-t2-post-link\" href=\"https:\/\/www.elementlogic.net\/fr\/cas-clients\/apotea\/\">\n\t\n\t<figure style=\"--t2-focal-point: 50% 50%;\" class=\"t2-post-featured-image has-image-ratio-3-2 wp-block-t2-post-featured-image\"><img loading=\"lazy\" decoding=\"async\" width=\"2000\" height=\"1334\" src=\"https:\/\/www.elementlogic.net\/content\/uploads\/sites\/18\/\/2024\/09\/Warehouse-automation_Element-Logic.jpg\" class=\"attachment-post-thumbnail size-post-thumbnail wp-post-image\" alt=\"\" srcset=\"https:\/\/www.elementlogic.net\/content\/uploads\/sites\/18\/2024\/09\/Warehouse-automation_Element-Logic.jpg 2000w, https:\/\/www.elementlogic.net\/content\/uploads\/sites\/18\/2024\/09\/Warehouse-automation_Element-Logic-300x200.jpg 300w, https:\/\/www.elementlogic.net\/content\/uploads\/sites\/18\/2024\/09\/Warehouse-automation_Element-Logic-1024x683.jpg 1024w, https:\/\/www.elementlogic.net\/content\/uploads\/sites\/18\/2024\/09\/Warehouse-automation_Element-Logic-768x512.jpg 768w, https:\/\/www.elementlogic.net\/content\/uploads\/sites\/18\/2024\/09\/Warehouse-automation_Element-Logic-1536x1025.jpg 1536w\" sizes=\"(max-width: 2000px) 100vw, 2000px\" \/><\/figure>\n\t\n<\/a>\n\n\t\t<div class=\"card-content wp-block-t2-wrapper\">\n\t<div class=\"wp-block-dekode-post-terms\"><span>Pharmacie<\/span><\/div>\n\t<h3 class=\"t2-post-title wp-block-t2-post-title\"><a href=\"https:\/\/www.elementlogic.net\/fr\/cas-clients\/apotea\/\" target=\"_self\" >Premi\u00e8re mondiale : la pharmacie en ligne Apotea \u00e9quipe le bras de picking eOperator dans son syst\u00e8me AutoStore<\/a><\/h3>\n\t<div class=\"t2-post-excerpt wp-block-t2-post-excerpt\"><p>Les produits pharmaceutiques font partie des secteurs de l\u2019e-commerce qui connaissent&nbsp;la plus forte croissance&nbsp;dans le monde actuellement. Apotea.se est&nbsp;la plus [&hellip;]<\/p><\/div>\n<\/div>\n<\/div>\n<\/div>\n\n\n<div class=\"wp-block-buttons is-layout-flex wp-block-buttons-is-layout-flex\">\n<div class=\"wp-block-button\"><a class=\"wp-block-button__link wp-element-button\" href=\"https:\/\/www.elementlogic.net\/fr\/cases\/category\/pharmacie\/\">D\u00e9couvrez nos autres cas clients sur le secteur pharmaceutique<\/a><\/div>\n<\/div>\n\n\n\n<div class=\"wp-block-group has-global-padding is-layout-constrained wp-block-group-is-layout-constrained\">\n<h2 class=\"wp-block-heading wp-container-content-2\" id=\"h-pourquoi-les-acteurs-du-secteur-medical-et-de-la-pharmacie-choisissent-element-logic\"><strong>Pourquoi les acteurs du secteur m\u00e9dical et de la pharmacie choisissent Element Logic<\/strong><\/h2>\n\n\n\n<ul class=\"wp-block-list\">\n<li>Garantir une conformit\u00e9 r\u00e9glementaire totale gr\u00e2ce \u00e0 des process automatis\u00e9s et enti\u00e8rement tra\u00e7ables<\/li>\n\n\n\n<li>Pr\u00e9server l\u2019int\u00e9grit\u00e9 des produits tout au long de la cha\u00eene logistique, en limitant les risques de d\u00e9gradation ou de contamination<\/li>\n\n\n\n<li>Assurer une pr\u00e9paration de commandes extr\u00eamement fiable, avec une visibilit\u00e9 compl\u00e8te \u00e0 chaque \u00e9tape<\/li>\n\n\n\n<li>D\u00e9ployer une logistique \u00e0 grande \u00e9chelle, tout en maintenant des contr\u00f4les rigoureux, constants et document\u00e9s<\/li>\n<\/ul>\n<\/div>\n\n\n\n<div style=\"height:100px\" aria-hidden=\"true\" class=\"wp-block-spacer\"><\/div>\n\n\n\n\t\t<div style=\"--dekode-hero-dim:0.6; --t2-icon-fill:var(--wp--preset--color--white);\" class=\"alignfull dekode-hero-content-position-center has-media-background wp-block-dekode-hero has-text-color has-white-color\">\n\t\t\t<img loading=\"lazy\" decoding=\"async\" width=\"1024\" height=\"683\" src=\"https:\/\/www.elementlogic.net\/content\/uploads\/sites\/18\/2026\/03\/Fiege_1-3.jpg\" class=\"dekode-hero__image\" alt=\"\" style=\"--focalpoint: 75% 71%;\" srcset=\"https:\/\/www.elementlogic.net\/content\/uploads\/sites\/18\/2026\/03\/Fiege_1-3.jpg 1024w, https:\/\/www.elementlogic.net\/content\/uploads\/sites\/18\/2026\/03\/Fiege_1-3-300x200.jpg 300w, https:\/\/www.elementlogic.net\/content\/uploads\/sites\/18\/2026\/03\/Fiege_1-3-768x512.jpg 768w\" sizes=\"(max-width: 1024px) 100vw, 1024px\" \/>\n\t\t\t<div class=\"dekode-hero__content\">\n\t\t\t\t<div class=\"dekode-hero__container\">\n\t\t\t\t\t\n\n<h1 class=\"wp-block-heading\" id=\"h-garantissez-des-commandes-fiables-tracables-et-conformes-grace-a-l-automatisation-d-entrepot-d-element-logic\"><strong>Garantissez des commandes fiables, tra\u00e7ables et conformes gr\u00e2ce \u00e0 l\u2019automatisation d\u2019entrep\u00f4t d\u2019Element Logic.<\/strong><\/h1>\n\n\n\n<div class=\"wp-block-buttons is-layout-flex wp-block-buttons-is-layout-flex\">\n<div class=\"wp-block-button http:\/\/hs-cta-trigger-button hs-cta-trigger-button-195241208906\"><a class=\"wp-block-button__link wp-element-button\" href=\"https:\/\/www.elementlogic.net\/fr\/contact\/\">Contactez-nous d\u00e8s aujourd&rsquo;hui<\/a><\/div>\n<\/div>\n\n\n\t\t\t\t<\/div>\n\t\t\t<\/div>\n\t\t<\/div>\n\t\t","protected":false},"excerpt":{"rendered":"<p>Element Logic accompagne les distributeurs, fabricants et acteurs du secteur de la sant\u00e9 dans l\u2019optimisation du stockage, le respect des [&hellip;]<\/p>\n","protected":false},"author":2,"featured_media":0,"parent":2502,"menu_order":0,"comment_status":"closed","ping_status":"closed","template":"","meta":{"hreflang_relation":4916,"_el_cross_publish_source_blog_url":"","_el_cross_publish_source_blog_id":0,"_el_cross_publish_source_post_id":0,"_el_cross_publish_sync_state":"","exclude_from_search":false,"footnotes":""},"class_list":["post-2500","page","type-page","status-publish","hentry"],"yoast_head":"<!-- This site is optimized with the Yoast SEO Premium plugin v23.9 (Yoast SEO v23.9) - https:\/\/yoast.com\/wordpress\/plugins\/seo\/ -->\n<title>Logistique m\u00e9dicale : conformit\u00e9, tra\u00e7abilit\u00e9 et fiabilit\u00e9<\/title>\n<meta name=\"description\" content=\"S\u00e9curisez vos op\u00e9rations avec des solutions automatis\u00e9es garantissant tra\u00e7abilit\u00e9, conformit\u00e9 et fiabilit\u00e9 pour les produits de sant\u00e9.\" \/>\n<meta name=\"robots\" content=\"index, follow, max-snippet:-1, max-image-preview:large, max-video-preview:-1\" \/>\n<link rel=\"canonical\" href=\"https:\/\/www.elementlogic.net\/fr\/secteurs\/pharmacie\/\" \/>\n<meta property=\"og:locale\" content=\"fr_FR\" \/>\n<meta property=\"og:type\" content=\"article\" \/>\n<meta property=\"og:title\" content=\"Secteur pharmaceutique\" \/>\n<meta property=\"og:description\" content=\"S\u00e9curisez vos op\u00e9rations avec des solutions automatis\u00e9es garantissant tra\u00e7abilit\u00e9, conformit\u00e9 et fiabilit\u00e9 pour les produits de sant\u00e9.\" \/>\n<meta property=\"og:url\" content=\"https:\/\/www.elementlogic.net\/fr\/secteurs\/pharmacie\/\" \/>\n<meta property=\"og:site_name\" content=\"Element Logic France\" \/>\n<meta property=\"article:modified_time\" content=\"2026-03-25T17:30:14+00:00\" \/>\n<meta name=\"twitter:card\" content=\"summary_large_image\" \/>\n<meta name=\"twitter:label1\" content=\"Dur\u00e9e de lecture estim\u00e9e\" \/>\n\t<meta name=\"twitter:data1\" content=\"2 minutes\" \/>\n<script type=\"application\/ld+json\" class=\"yoast-schema-graph\">{\"@context\":\"https:\/\/schema.org\",\"@graph\":[{\"@type\":\"WebPage\",\"@id\":\"https:\/\/www.elementlogic.net\/fr\/secteurs\/pharmacie\/\",\"url\":\"https:\/\/www.elementlogic.net\/fr\/secteurs\/pharmacie\/\",\"name\":\"Logistique m\u00e9dicale : conformit\u00e9, tra\u00e7abilit\u00e9 et fiabilit\u00e9\",\"isPartOf\":{\"@id\":\"https:\/\/www.elementlogic.net\/fr\/#website\"},\"datePublished\":\"2026-03-25T17:30:12+00:00\",\"dateModified\":\"2026-03-25T17:30:14+00:00\",\"description\":\"S\u00e9curisez vos op\u00e9rations avec des solutions automatis\u00e9es garantissant tra\u00e7abilit\u00e9, conformit\u00e9 et fiabilit\u00e9 pour les produits de sant\u00e9.\",\"breadcrumb\":{\"@id\":\"https:\/\/www.elementlogic.net\/fr\/secteurs\/pharmacie\/#breadcrumb\"},\"inLanguage\":\"fr-FR\",\"potentialAction\":[{\"@type\":\"ReadAction\",\"target\":[\"https:\/\/www.elementlogic.net\/fr\/secteurs\/pharmacie\/\"]}]},{\"@type\":\"BreadcrumbList\",\"@id\":\"https:\/\/www.elementlogic.net\/fr\/secteurs\/pharmacie\/#breadcrumb\",\"itemListElement\":[{\"@type\":\"ListItem\",\"position\":1,\"name\":\"Secteurs\",\"item\":\"https:\/\/www.elementlogic.net\/fr\/secteurs\/\"},{\"@type\":\"ListItem\",\"position\":2,\"name\":\"Secteur pharmaceutique\"}]},{\"@type\":\"WebSite\",\"@id\":\"https:\/\/www.elementlogic.net\/fr\/#website\",\"url\":\"https:\/\/www.elementlogic.net\/fr\/\",\"name\":\"Element Logic France\",\"description\":\"\",\"potentialAction\":[{\"@type\":\"SearchAction\",\"target\":{\"@type\":\"EntryPoint\",\"urlTemplate\":\"https:\/\/www.elementlogic.net\/fr\/?s={search_term_string}\"},\"query-input\":{\"@type\":\"PropertyValueSpecification\",\"valueRequired\":true,\"valueName\":\"search_term_string\"}}],\"inLanguage\":\"fr-FR\"}]}<\/script>\n<!-- \/ Yoast SEO Premium plugin. -->","yoast_head_json":{"title":"Logistique m\u00e9dicale : conformit\u00e9, tra\u00e7abilit\u00e9 et fiabilit\u00e9","description":"S\u00e9curisez vos op\u00e9rations avec des solutions automatis\u00e9es garantissant tra\u00e7abilit\u00e9, conformit\u00e9 et fiabilit\u00e9 pour les produits de sant\u00e9.","robots":{"index":"index","follow":"follow","max-snippet":"max-snippet:-1","max-image-preview":"max-image-preview:large","max-video-preview":"max-video-preview:-1"},"canonical":"https:\/\/www.elementlogic.net\/fr\/secteurs\/pharmacie\/","og_locale":"fr_FR","og_type":"article","og_title":"Secteur pharmaceutique","og_description":"S\u00e9curisez vos op\u00e9rations avec des solutions automatis\u00e9es garantissant tra\u00e7abilit\u00e9, conformit\u00e9 et fiabilit\u00e9 pour les produits de sant\u00e9.","og_url":"https:\/\/www.elementlogic.net\/fr\/secteurs\/pharmacie\/","og_site_name":"Element Logic France","article_modified_time":"2026-03-25T17:30:14+00:00","twitter_card":"summary_large_image","twitter_misc":{"Dur\u00e9e de lecture estim\u00e9e":"2 minutes"},"schema":{"@context":"https:\/\/schema.org","@graph":[{"@type":"WebPage","@id":"https:\/\/www.elementlogic.net\/fr\/secteurs\/pharmacie\/","url":"https:\/\/www.elementlogic.net\/fr\/secteurs\/pharmacie\/","name":"Logistique m\u00e9dicale : conformit\u00e9, tra\u00e7abilit\u00e9 et fiabilit\u00e9","isPartOf":{"@id":"https:\/\/www.elementlogic.net\/fr\/#website"},"datePublished":"2026-03-25T17:30:12+00:00","dateModified":"2026-03-25T17:30:14+00:00","description":"S\u00e9curisez vos op\u00e9rations avec des solutions automatis\u00e9es garantissant tra\u00e7abilit\u00e9, conformit\u00e9 et fiabilit\u00e9 pour les produits de sant\u00e9.","breadcrumb":{"@id":"https:\/\/www.elementlogic.net\/fr\/secteurs\/pharmacie\/#breadcrumb"},"inLanguage":"fr-FR","potentialAction":[{"@type":"ReadAction","target":["https:\/\/www.elementlogic.net\/fr\/secteurs\/pharmacie\/"]}]},{"@type":"BreadcrumbList","@id":"https:\/\/www.elementlogic.net\/fr\/secteurs\/pharmacie\/#breadcrumb","itemListElement":[{"@type":"ListItem","position":1,"name":"Secteurs","item":"https:\/\/www.elementlogic.net\/fr\/secteurs\/"},{"@type":"ListItem","position":2,"name":"Secteur pharmaceutique"}]},{"@type":"WebSite","@id":"https:\/\/www.elementlogic.net\/fr\/#website","url":"https:\/\/www.elementlogic.net\/fr\/","name":"Element Logic France","description":"","potentialAction":[{"@type":"SearchAction","target":{"@type":"EntryPoint","urlTemplate":"https:\/\/www.elementlogic.net\/fr\/?s={search_term_string}"},"query-input":{"@type":"PropertyValueSpecification","valueRequired":true,"valueName":"search_term_string"}}],"inLanguage":"fr-FR"}]}},"_links":{"self":[{"href":"https:\/\/www.elementlogic.net\/fr\/wp-json\/wp\/v2\/pages\/2500"}],"collection":[{"href":"https:\/\/www.elementlogic.net\/fr\/wp-json\/wp\/v2\/pages"}],"about":[{"href":"https:\/\/www.elementlogic.net\/fr\/wp-json\/wp\/v2\/types\/page"}],"author":[{"embeddable":true,"href":"https:\/\/www.elementlogic.net\/fr\/wp-json\/wp\/v2\/users\/2"}],"replies":[{"embeddable":true,"href":"https:\/\/www.elementlogic.net\/fr\/wp-json\/wp\/v2\/comments?post=2500"}],"version-history":[{"count":5,"href":"https:\/\/www.elementlogic.net\/fr\/wp-json\/wp\/v2\/pages\/2500\/revisions"}],"predecessor-version":[{"id":2962,"href":"https:\/\/www.elementlogic.net\/fr\/wp-json\/wp\/v2\/pages\/2500\/revisions\/2962"}],"up":[{"embeddable":true,"href":"https:\/\/www.elementlogic.net\/fr\/wp-json\/wp\/v2\/pages\/2502"}],"wp:attachment":[{"href":"https:\/\/www.elementlogic.net\/fr\/wp-json\/wp\/v2\/media?parent=2500"}],"curies":[{"name":"wp","href":"https:\/\/api.w.org\/{rel}","templated":true}]}}