{"id":2502,"date":"2026-03-25T17:03:54","date_gmt":"2026-03-25T17:03:54","guid":{"rendered":"https:\/\/www.elementlogic.net\/fr\/?page_id=2502"},"modified":"2026-03-25T17:31:53","modified_gmt":"2026-03-25T17:31:53","slug":"secteurs","status":"publish","type":"page","link":"https:\/\/www.elementlogic.net\/fr\/secteurs\/","title":{"rendered":"Secteurs"},"content":{"rendered":"\n\t\t<div style=\"--dekode-hero-dim:0.5; --t2-icon-fill:var(--wp--preset--color--white);\" class=\"alignfull dekode-hero-content-position-center has-media-background wp-block-dekode-hero has-text-color has-white-color\">\n\t\t\t\t\t<video\n\t\t\tautoplay\n\t\t\tloop\n\t\t\tmuted\n\t\t\tplaysinline\n\t\t\tposter=\"\"\n\t\t\tsrc=\"https:\/\/www.elementlogic.net\/content\/uploads\/2025\/07\/AAAS-topvideo.mp4\">\n\t\t<\/video>\n\t\t\n\t\t\t<div class=\"dekode-hero__content\">\n\t\t\t\t<div class=\"dekode-hero__container\">\n\t\t\t\t\t\n\n<h1 class=\"wp-block-heading\" id=\"h-une-intralogistique-intelligente-au-service-de-tous-les-secteurs\"><strong>Une intralogistique intelligente au service de tous les secteurs<\/strong><\/h1>\n\n\n<p class=\"t2-ingress wp-block-t2-ingress\">De la grande distribution aux prestataires logistiques (3PL), Element Logic accompagne les entreprises de tous secteurs dans l\u2019optimisation de leur intralogistique. Nos solutions d\u2019automatisation d\u2019entrep\u00f4t permettent d\u2019acc\u00e9l\u00e9rer la croissance, d\u2019optimiser le stockage et de garantir des livraisons rapides, pr\u00e9cises et fiables, quel que soit votre secteur d\u2019activit\u00e9.<\/p>\n\n\n<div class=\"wp-block-buttons is-layout-flex wp-block-buttons-is-layout-flex\">\n<div class=\"wp-block-button\"><a class=\"wp-block-button__link wp-element-button\" href=\"https:\/\/www.elementlogic.net\/fr\/secteurs\/\">D\u00e9couvrez les secteurs d&rsquo;activit\u00e9 dans lesquels nous intervenons<\/a><\/div>\n<\/div>\n\n\n\t\t\t\t<\/div>\n\t\t\t<\/div>\n\t\t<\/div>\n\t\t\n\n\n<h2 class=\"wp-block-heading\" id=\"h-optimiser-durablement-les-performances-de-l-entrepot\"><strong>Optimiser durablement les performances de l&rsquo;entrep\u00f4t<\/strong><\/h2>\n\n\n\n<p>L\u2019entrep\u00f4t est aujourd\u2019hui un levier strat\u00e9gique de comp\u00e9titivit\u00e9. Quel que soit votre secteur d\u2019activit\u00e9, la performance de vos op\u00e9rations intralogistiques conditionne votre capacit\u00e9 \u00e0 livrer efficacement, \u00e0 ma\u00eetriser vos co\u00fbts et \u00e0 accompagner la croissance de votre activit\u00e9. Element Logic accompagne des entreprises \u00e0 travers le monde dans l\u2019automatisation et l\u2019optimisation de leurs flux intralogistiques. Nos solutions d\u2019automatisation d\u2019entrep\u00f4t permettent de : r\u00e9duire le gaspillage de ressources, am\u00e9liorer durablement la performance op\u00e9rationnelle des entrep\u00f4ts, et s\u00e9curiser la rentabilit\u00e9 \u00e0 long terme des investissements logistiques. Gr\u00e2ce \u00e0 une approche globale, nous transformons l\u2019intralogistique en un v\u00e9ritable moteur de performance.<\/p>\n\n\n\n<h2 class=\"wp-block-heading\" id=\"h-une-automatisation-adaptee-a-chaque-secteur\"><strong>Une automatisation adapt\u00e9e \u00e0 chaque secteur<\/strong><\/h2>\n\n\n\n<p>Chaque secteur pr\u00e9sente des contraintes op\u00e9rationnelles sp\u00e9cifiques. C\u2019est pourquoi Element Logic con\u00e7oit des solutions d\u2019automatisation d\u2019entrep\u00f4t sur mesure, parfaitement align\u00e9es avec les r\u00e9alit\u00e9s de votre activit\u00e9. Que vous op\u00e9riez dans le e-commerce, le retail, la logistique 3PL, l\u2019industrie manufacturi\u00e8re ou des environnements sp\u00e9cialis\u00e9s comme la pharmacie ou le stockage frigorifique, nos solutions sont pens\u00e9es pour r\u00e9pondre pr\u00e9cis\u00e9ment \u00e0 vos enjeux : volumes, pr\u00e9cision, tra\u00e7abilit\u00e9, d\u00e9lais, conditions de stockage ou variabilit\u00e9 de la demande. Forte de plusieurs d\u00e9cennies d\u2019exp\u00e9rience et d\u2019une pr\u00e9sence internationale, Element Logic ma\u00eetrise les exigences propres \u00e0 chaque secteur. De la gestion de gros volumes de retours dans la mode, \u00e0 la pr\u00e9cision absolue exig\u00e9e dans la distribution pharmaceutique, nous d\u00e9ployons des syst\u00e8mes d\u2019automatisation qui r\u00e9duisent les co\u00fbts, augmentent la productivit\u00e9 et accompagnent votre croissance en toute confiance.<\/p>\n\n\n\n<h2 class=\"wp-block-heading\" id=\"decouvrez-nos-secteurs-d-expertise\"><strong>D\u00e9couvrez nos secteurs d\u2019expertise<\/strong><\/h2>\n\n\n\n\t\t<div style=\"--link-cards-grid-columns: 3\" class=\"dekode-link-cards has-3-columns wp-block-dekode-link-cards\">\n\t\t\t<div class=\"dekode-link-cards__items\">\n\t\t\t\t\n<a class=\"wp-block-dekode-link-card\" href=\"https:\/\/www.elementlogic.net\/fr\/secteurs\/3pl\/\"><img loading=\"lazy\" decoding=\"async\" width=\"768\" height=\"432\" src=\"https:\/\/www.elementlogic.net\/content\/uploads\/sites\/18\/2026\/03\/Wholesale-Automation-2-768x432.png\" class=\"\" alt=\"\" \/>\t<div class=\"dekode-link-card__content\">\n\t\t\t\t<p class=\"dekode-link-card__title\">\n\t\t\t3PL (prestataires logistiques)\t\t<\/p>\n\t\t\t<\/div>\n\t<\/a>\n\n<a class=\"wp-block-dekode-link-card\" href=\"https:\/\/www.elementlogic.net\/fr\/secteurs\/mode\/\"><img loading=\"lazy\" decoding=\"async\" width=\"768\" height=\"432\" src=\"https:\/\/www.elementlogic.net\/content\/uploads\/sites\/18\/2026\/03\/Wholesale-Automation1-2-768x432.png\" class=\"\" alt=\"\" \/>\t<div class=\"dekode-link-card__content\">\n\t\t\t\t<p class=\"dekode-link-card__title\">\n\t\t\tMode et accessoires\t\t<\/p>\n\t\t\t<\/div>\n\t<\/a>\n\n<a class=\"wp-block-dekode-link-card\" href=\"https:\/\/www.elementlogic.net\/fr\/secteurs\/sport\/\"><img loading=\"lazy\" decoding=\"async\" width=\"768\" height=\"432\" src=\"https:\/\/www.elementlogic.net\/content\/uploads\/sites\/18\/2026\/03\/Wholesale-Automation1-3-768x432.png\" class=\"\" alt=\"\" \/>\t<div class=\"dekode-link-card__content\">\n\t\t\t\t<p class=\"dekode-link-card__title\">\n\t\t\tArticles de sport\t\t<\/p>\n\t\t\t<\/div>\n\t<\/a>\n\n<a class=\"wp-block-dekode-link-card\" href=\"https:\/\/www.elementlogic.net\/fr\/secteurs\/e-commerce\/\"><img loading=\"lazy\" decoding=\"async\" width=\"768\" height=\"432\" src=\"https:\/\/www.elementlogic.net\/content\/uploads\/sites\/18\/2026\/03\/Wholesale-Automation1-1-1-768x432.png\" class=\"\" alt=\"\" \/>\t<div class=\"dekode-link-card__content\">\n\t\t\t\t<p class=\"dekode-link-card__title\">\n\t\t\te-Commerce\t\t<\/p>\n\t\t\t<\/div>\n\t<\/a>\n\n<a class=\"wp-block-dekode-link-card\" href=\"https:\/\/www.elementlogic.net\/fr\/secteurs\/electronique\/\"><img loading=\"lazy\" decoding=\"async\" width=\"768\" height=\"432\" src=\"https:\/\/www.elementlogic.net\/content\/uploads\/sites\/18\/2026\/03\/Wholesale-Automation1-4-768x432.png\" class=\"\" alt=\"\" \/>\t<div class=\"dekode-link-card__content\">\n\t\t\t\t<p class=\"dekode-link-card__title\">\n\t\t\tComposants \u00e9lectroniques\t\t<\/p>\n\t\t\t<\/div>\n\t<\/a>\n\n<a class=\"wp-block-dekode-link-card\" href=\"https:\/\/www.elementlogic.net\/fr\/secteurs\/industrie\/\"><img loading=\"lazy\" decoding=\"async\" width=\"768\" height=\"432\" src=\"https:\/\/www.elementlogic.net\/content\/uploads\/sites\/18\/2026\/03\/Wholesale-Automation-1-768x432.png\" class=\"\" alt=\"\" \/>\t<div class=\"dekode-link-card__content\">\n\t\t\t\t<p class=\"dekode-link-card__title\">\n\t\t\tIndustrie manufacturi\u00e8re\t\t<\/p>\n\t\t\t<\/div>\n\t<\/a>\n\n<a class=\"wp-block-dekode-link-card\" href=\"https:\/\/www.elementlogic.net\/fr\/secteurs\/pieces\/\"><img loading=\"lazy\" decoding=\"async\" width=\"768\" height=\"432\" src=\"https:\/\/www.elementlogic.net\/content\/uploads\/sites\/18\/2026\/03\/Wholesale-Automation-3-1-768x432.png\" class=\"\" alt=\"\" \/>\t<div class=\"dekode-link-card__content\">\n\t\t\t\t<p class=\"dekode-link-card__title\">\n\t\t\tPi\u00e8ces d\u00e9tach\u00e9es et distribution\t\t<\/p>\n\t\t\t<\/div>\n\t<\/a>\n\n<a class=\"wp-block-dekode-link-card\" href=\"https:\/\/www.elementlogic.net\/fr\/secteurs\/pharmacie\/\"><img loading=\"lazy\" decoding=\"async\" width=\"768\" height=\"432\" src=\"https:\/\/www.elementlogic.net\/content\/uploads\/sites\/18\/2026\/03\/Wholesale-Automation-2-1-768x432.png\" class=\"\" alt=\"\" \/>\t<div class=\"dekode-link-card__content\">\n\t\t\t\t<p class=\"dekode-link-card__title\">\n\t\t\tM\u00e9dical et pharmaceutique\t\t<\/p>\n\t\t\t<\/div>\n\t<\/a>\n\n<a class=\"wp-block-dekode-link-card\" href=\"https:\/\/www.elementlogic.net\/fr\/secteurs\/retail\/\"><img loading=\"lazy\" decoding=\"async\" width=\"768\" height=\"432\" src=\"https:\/\/www.elementlogic.net\/content\/uploads\/sites\/18\/2026\/03\/Wholesale-Automation-6-768x432.png\" class=\"\" alt=\"\" \/>\t<div class=\"dekode-link-card__content\">\n\t\t\t\t<p class=\"dekode-link-card__title\">\n\t\t\tRetail\t\t<\/p>\n\t\t\t<\/div>\n\t<\/a>\n\n<a class=\"wp-block-dekode-link-card\" href=\"https:\/\/www.elementlogic.net\/fr\/secteurs\/distribution\/\"><img loading=\"lazy\" decoding=\"async\" width=\"768\" height=\"432\" src=\"https:\/\/www.elementlogic.net\/content\/uploads\/sites\/18\/2026\/03\/Wholesale-Automation-4-768x432.png\" class=\"\" alt=\"\" \/>\t<div class=\"dekode-link-card__content\">\n\t\t\t\t<p class=\"dekode-link-card__title\">\n\t\t\tDistribution en gros\t\t<\/p>\n\t\t\t<\/div>\n\t<\/a>\n\n<a class=\"wp-block-dekode-link-card\" href=\"https:\/\/www.elementlogic.net\/fr\/secteurs\/epicerie\/\"><img loading=\"lazy\" decoding=\"async\" width=\"768\" height=\"432\" src=\"https:\/\/www.elementlogic.net\/content\/uploads\/sites\/18\/2026\/03\/Wholesale-Automation-5-768x432.png\" class=\"\" alt=\"\" \/>\t<div class=\"dekode-link-card__content\">\n\t\t\t\t<p class=\"dekode-link-card__title\">\n\t\t\t\u00c9picerie en ligne\t\t<\/p>\n\t\t\t<\/div>\n\t<\/a>\n\n\t\t\t<\/div>\n\t\t<\/div>\n\n\n<h2 class=\"wp-block-heading\" id=\"h-des-defis-logistiques-communs-a-l-ensemble-des-secteurs\"><strong>Des d\u00e9fis logistiques communs \u00e0 l\u2019ensemble des secteurs<\/strong><\/h2>\n\n\n\n<p>Ces d\u00e9fis partag\u00e9s exigent des solutions d\u2019automatisation intelligentes et flexibles, capables de s\u2019int\u00e9grer harmonieusement aux op\u00e9rations existantes. Quel que soit le secteur, les entrep\u00f4ts \u00e9voluent dans un environnement de complexit\u00e9 croissante et d\u2019exigences client \u00e9lev\u00e9es. Les entreprises font aujourd\u2019hui face \u00e0 des enjeux partag\u00e9s :<\/p>\n\n\n\n<ul class=\"wp-block-list\">\n<li>P\u00e9nuries de main-d\u2019\u0153uvre et hausse continue des co\u00fbts d\u2019exploitation<\/li>\n\n\n\n<li>Explosion du nombre de r\u00e9f\u00e9rences (SKU) et volatilit\u00e9 de la demande<\/li>\n\n\n\n<li>Pression accrue pour des livraisons plus rapides et plus fiables<\/li>\n\n\n\n<li>Contraintes d\u2019espace et n\u00e9cessit\u00e9 d\u2019augmenter la capacit\u00e9, sans \u00e9tendre la surface<\/li>\n\n\n\n<li>Int\u00e9gration de nouvelles technologies dans des infrastructures existantes<\/li>\n<\/ul>\n\n\n\n<p>Ces d\u00e9fis n\u00e9cessitent des solutions d\u2019automatisation d\u2019entrep\u00f4t intelligentes, flexibles et \u00e9volutives, capables de s\u2019int\u00e9grer harmonieusement aux op\u00e9rations existantes et de soutenir durablement vos performances logistiques.<\/p>\n\n\n\n\t\t<div class=\"wp-block-dekode-simple-cta\">\n\t\t\t<div class=\"dekode-simple-cta__inner\">\n\n<h3 class=\"wp-block-heading\" id=\"vous-voulez-savoir-comment-element-logic-peut-optimiser-les-performances-de-votre-entrepot-et-de-votre-intralogistique\">Vous voulez savoir comment Element Logic peut optimiser les performances de votre entrep\u00f4t et de votre intralogistique ?<\/h3>\n\n\n\n<div class=\"wp-block-buttons is-layout-flex wp-block-buttons-is-layout-flex\">\n<div class=\"wp-block-button\"><a class=\"wp-block-button__link wp-element-button\" href=\"https:\/\/www.elementlogic.net\/fr\/contact\/\">Contactez-nous d\u00e8s maintenant<\/a><\/div>\n<\/div>\n\n<\/div>\n\t\t<\/div>","protected":false},"excerpt":{"rendered":"<p>Optimiser durablement les performances de l&rsquo;entrep\u00f4t L\u2019entrep\u00f4t est aujourd\u2019hui un levier strat\u00e9gique de comp\u00e9titivit\u00e9. Quel que soit votre secteur d\u2019activit\u00e9, [&hellip;]<\/p>\n","protected":false},"author":2,"featured_media":0,"parent":0,"menu_order":0,"comment_status":"closed","ping_status":"closed","template":"","meta":{"hreflang_relation":4890,"_el_cross_publish_source_blog_url":"","_el_cross_publish_source_blog_id":0,"_el_cross_publish_source_post_id":0,"_el_cross_publish_sync_state":"","exclude_from_search":false,"footnotes":""},"class_list":["post-2502","page","type-page","status-publish","hentry"],"yoast_head":"<!-- This site is optimized with the Yoast SEO Premium plugin v23.9 (Yoast SEO v23.9) - https:\/\/yoast.com\/wordpress\/plugins\/seo\/ -->\n<title>Optimisez votre intralogistique, quel que soit votre secteur<\/title>\n<meta name=\"description\" content=\"Element Logic accompagne tous les secteurs avec des solutions intralogistiques sur mesure pour acc\u00e9l\u00e9rer la performance et la croissance.\" \/>\n<meta name=\"robots\" content=\"index, follow, max-snippet:-1, max-image-preview:large, max-video-preview:-1\" \/>\n<link rel=\"canonical\" href=\"https:\/\/www.elementlogic.net\/fr\/secteurs\/\" \/>\n<meta property=\"og:locale\" content=\"fr_FR\" \/>\n<meta property=\"og:type\" content=\"article\" \/>\n<meta property=\"og:title\" content=\"Secteurs\" \/>\n<meta property=\"og:description\" content=\"Element Logic accompagne tous les secteurs avec des solutions intralogistiques sur mesure pour acc\u00e9l\u00e9rer la performance et la croissance.\" \/>\n<meta property=\"og:url\" content=\"https:\/\/www.elementlogic.net\/fr\/secteurs\/\" \/>\n<meta property=\"og:site_name\" content=\"Element Logic France\" \/>\n<meta property=\"article:modified_time\" content=\"2026-03-25T17:31:53+00:00\" \/>\n<meta name=\"twitter:card\" content=\"summary_large_image\" \/>\n<meta name=\"twitter:label1\" content=\"Dur\u00e9e de lecture estim\u00e9e\" \/>\n\t<meta name=\"twitter:data1\" content=\"3 minutes\" \/>\n<script type=\"application\/ld+json\" class=\"yoast-schema-graph\">{\"@context\":\"https:\/\/schema.org\",\"@graph\":[{\"@type\":\"WebPage\",\"@id\":\"https:\/\/www.elementlogic.net\/fr\/secteurs\/\",\"url\":\"https:\/\/www.elementlogic.net\/fr\/secteurs\/\",\"name\":\"Optimisez votre intralogistique, quel que soit votre secteur\",\"isPartOf\":{\"@id\":\"https:\/\/www.elementlogic.net\/fr\/#website\"},\"datePublished\":\"2026-03-25T17:03:54+00:00\",\"dateModified\":\"2026-03-25T17:31:53+00:00\",\"description\":\"Element Logic accompagne tous les secteurs avec des solutions intralogistiques sur mesure pour acc\u00e9l\u00e9rer la performance et la croissance.\",\"inLanguage\":\"fr-FR\",\"potentialAction\":[{\"@type\":\"ReadAction\",\"target\":[\"https:\/\/www.elementlogic.net\/fr\/secteurs\/\"]}]},{\"@type\":\"WebSite\",\"@id\":\"https:\/\/www.elementlogic.net\/fr\/#website\",\"url\":\"https:\/\/www.elementlogic.net\/fr\/\",\"name\":\"Element Logic France\",\"description\":\"\",\"potentialAction\":[{\"@type\":\"SearchAction\",\"target\":{\"@type\":\"EntryPoint\",\"urlTemplate\":\"https:\/\/www.elementlogic.net\/fr\/?s={search_term_string}\"},\"query-input\":{\"@type\":\"PropertyValueSpecification\",\"valueRequired\":true,\"valueName\":\"search_term_string\"}}],\"inLanguage\":\"fr-FR\"}]}<\/script>\n<!-- \/ Yoast SEO Premium plugin. -->","yoast_head_json":{"title":"Optimisez votre intralogistique, quel que soit votre secteur","description":"Element Logic accompagne tous les secteurs avec des solutions intralogistiques sur mesure pour acc\u00e9l\u00e9rer la performance et la croissance.","robots":{"index":"index","follow":"follow","max-snippet":"max-snippet:-1","max-image-preview":"max-image-preview:large","max-video-preview":"max-video-preview:-1"},"canonical":"https:\/\/www.elementlogic.net\/fr\/secteurs\/","og_locale":"fr_FR","og_type":"article","og_title":"Secteurs","og_description":"Element Logic accompagne tous les secteurs avec des solutions intralogistiques sur mesure pour acc\u00e9l\u00e9rer la performance et la croissance.","og_url":"https:\/\/www.elementlogic.net\/fr\/secteurs\/","og_site_name":"Element Logic France","article_modified_time":"2026-03-25T17:31:53+00:00","twitter_card":"summary_large_image","twitter_misc":{"Dur\u00e9e de lecture estim\u00e9e":"3 minutes"},"schema":{"@context":"https:\/\/schema.org","@graph":[{"@type":"WebPage","@id":"https:\/\/www.elementlogic.net\/fr\/secteurs\/","url":"https:\/\/www.elementlogic.net\/fr\/secteurs\/","name":"Optimisez votre intralogistique, quel que soit votre secteur","isPartOf":{"@id":"https:\/\/www.elementlogic.net\/fr\/#website"},"datePublished":"2026-03-25T17:03:54+00:00","dateModified":"2026-03-25T17:31:53+00:00","description":"Element Logic accompagne tous les secteurs avec des solutions intralogistiques sur mesure pour acc\u00e9l\u00e9rer la performance et la croissance.","inLanguage":"fr-FR","potentialAction":[{"@type":"ReadAction","target":["https:\/\/www.elementlogic.net\/fr\/secteurs\/"]}]},{"@type":"WebSite","@id":"https:\/\/www.elementlogic.net\/fr\/#website","url":"https:\/\/www.elementlogic.net\/fr\/","name":"Element Logic France","description":"","potentialAction":[{"@type":"SearchAction","target":{"@type":"EntryPoint","urlTemplate":"https:\/\/www.elementlogic.net\/fr\/?s={search_term_string}"},"query-input":{"@type":"PropertyValueSpecification","valueRequired":true,"valueName":"search_term_string"}}],"inLanguage":"fr-FR"}]}},"_links":{"self":[{"href":"https:\/\/www.elementlogic.net\/fr\/wp-json\/wp\/v2\/pages\/2502"}],"collection":[{"href":"https:\/\/www.elementlogic.net\/fr\/wp-json\/wp\/v2\/pages"}],"about":[{"href":"https:\/\/www.elementlogic.net\/fr\/wp-json\/wp\/v2\/types\/page"}],"author":[{"embeddable":true,"href":"https:\/\/www.elementlogic.net\/fr\/wp-json\/wp\/v2\/users\/2"}],"replies":[{"embeddable":true,"href":"https:\/\/www.elementlogic.net\/fr\/wp-json\/wp\/v2\/comments?post=2502"}],"version-history":[{"count":5,"href":"https:\/\/www.elementlogic.net\/fr\/wp-json\/wp\/v2\/pages\/2502\/revisions"}],"predecessor-version":[{"id":2966,"href":"https:\/\/www.elementlogic.net\/fr\/wp-json\/wp\/v2\/pages\/2502\/revisions\/2966"}],"wp:attachment":[{"href":"https:\/\/www.elementlogic.net\/fr\/wp-json\/wp\/v2\/media?parent=2502"}],"curies":[{"name":"wp","href":"https:\/\/api.w.org\/{rel}","templated":true}]}}