{"id":2504,"date":"2026-03-25T16:21:52","date_gmt":"2026-03-25T16:21:52","guid":{"rendered":"https:\/\/www.elementlogic.net\/fr\/?page_id=2504"},"modified":"2026-03-25T16:50:50","modified_gmt":"2026-03-25T16:50:50","slug":"reussite-client","status":"publish","type":"page","link":"https:\/\/www.elementlogic.net\/fr\/solutions-et-services\/reussite-client\/","title":{"rendered":"R\u00e9ussite client"},"content":{"rendered":"\n\t\t<div style=\"--dekode-hero-dim:0.5; --t2-icon-fill:var(--wp--preset--color--white); min-height:500px;\" class=\"alignfull dekode-hero-content-position-center has-media-background wp-elements-14290bce32c54cbb97915cb421261bef wp-block-dekode-hero has-text-color has-white-color\">\n\t\t\t\t\t<video\n\t\t\tautoplay\n\t\t\tloop\n\t\t\tmuted\n\t\t\tplaysinline\n\t\t\tposter=\"https:\/\/www.elementlogic.net\/content\/uploads\/sites\/18\/2024\/10\/Element-Logic-SEO-2-3-1024x683-1.jpg\"\n\t\t\tsrc=\"https:\/\/www.elementlogic.net\/content\/uploads\/2024\/08\/service-support.mp4\">\n\t\t<\/video>\n\t\t\n\t\t\t<div class=\"dekode-hero__content\">\n\t\t\t\t<div class=\"dekode-hero__container\">\n\t\t\t\t\t\n\n<h1 class=\"wp-block-heading has-text-align-center\" id=\"accompagner-la-reussite-de-nos-clients\">\u200bAccompagner la r\u00e9ussite de nos clients<\/h1>\n\n\n\n<p class=\"has-text-align-center\">Des solutions d\u2019automatisation pens\u00e9es pour maximiser les performances de votre entrep\u00f4t<\/p>\n\n\n\n<div class=\"wp-block-buttons is-content-justification-center is-layout-flex wp-container-core-buttons-is-layout-1 wp-block-buttons-is-layout-flex\">\n<div class=\"wp-block-button has-icon has-icon-theme_arrow\"><a class=\"wp-block-button__link has-text-align-center wp-element-button\" href=\"https:\/\/www.elementlogic.net\/fr\/contact\/support\/\">Contactez notre \u00e9quipe support<svg xmlns=\"http:\/\/www.w3.org\/2000\/svg\" viewBox=\"0 0 24 24\" height=\"24\" width=\"24\" class=\"t2-icon t2-icon-theme_arrow\" aria-hidden=\"true\" focusable=\"false\"><path d=\"M16.627 12.75H5.25C5.03717 12.75 4.859 12.6782 4.7155 12.5345C4.57183 12.391 4.5 12.2128 4.5 12C4.5 11.7872 4.57183 11.609 4.7155 11.4655C4.859 11.3218 5.03717 11.25 5.25 11.25H16.627L11.4577 6.08076C11.3091 5.93209 11.2357 5.75809 11.2375 5.55876C11.2395 5.35942 11.318 5.18217 11.473 5.02701C11.6282 4.88217 11.8038 4.80717 12 4.80201C12.1962 4.79684 12.3718 4.87184 12.527 5.02701L18.8673 11.3673C18.9609 11.4609 19.0269 11.5597 19.0652 11.6635C19.1037 11.7673 19.123 11.8795 19.123 12C19.123 12.1205 19.1037 12.2327 19.0652 12.3365C19.0269 12.4403 18.9609 12.5391 18.8673 12.6328L12.527 18.973C12.3885 19.1115 12.217 19.1823 12.0125 19.1855C11.808 19.1887 11.6282 19.1178 11.473 18.973C11.318 18.8178 11.2405 18.6397 11.2405 18.4385C11.2405 18.2372 11.318 18.0589 11.473 17.9038L16.627 12.75Z\" fill=\"var(--t2-icon-fill, #000)\"\/><\/svg><\/a><\/div>\n<\/div>\n\n\n\t\t\t\t<\/div>\n\t\t\t<\/div>\n\t\t<\/div>\n\t\t\n\n\n<h2 class=\"wp-block-heading\" id=\"h-notre-engagement-pour-la-reussite-de-vos-operations\">Notre engagement pour la r\u00e9ussite de vos op\u00e9rations<\/h2>\n\n\n\n<p>Chez Element Logic, la mise en service &nbsp;&nbsp;de votre installation n\u2019est que le d\u00e9but de notre engagement. La valeur d\u2019une solution d\u2019automatisation d\u2019entrep\u00f4t se mesure dans sa capacit\u00e9 \u00e0 maintenir un haut niveau de performance, jour apr\u00e8s jour, quelles que soient les \u00e9volutions de votre activit\u00e9 ou de votre environnement op\u00e9rationnel. C\u2019est dans cette logique que nous avons cr\u00e9\u00e9 notre <strong>programme Customer Success<\/strong> : un ensemble de services d\u00e9di\u00e9s \u00e0 la fiabilit\u00e9, la continuit\u00e9 op\u00e9rationnelle et l\u2019am\u00e9lioration continue de votre intralogistique.<\/p>\n\n\n\n<p>Notre objectif est clair : <strong>vous permettre de maximiser la valeur de votre investissement dans l\u2019automatisation de votre entrep\u00f4t, aujourd\u2019hui comme demain.<\/strong><\/p>\n\n\n\n<h2 class=\"wp-block-heading\" id=\"h-les-quatre-piliers-de-la-reussite-client\">Les quatre piliers de la r\u00e9ussite client<\/h2>\n\n\n\n<p>Le programme Customer Success d\u2019Element Logic repose sur quatre services compl\u00e9mentaires. Ensemble, ils couvrent l\u2019int\u00e9gralit\u00e9 du cycle de vie de votre solution automatis\u00e9e, du support op\u00e9rationnel quotidien, \u00e0 l\u2019optimisation durable des performances de votre entrep\u00f4t.<\/p>\n\n\n\n\t\t<div class=\"alignwide is-mode-constrained is-gap-center wp-block-t2-simple-media-text   \">\n\t\t\t<div class=\"t2-simple-media-text__container\">\n\t\t\t\t<div class=\"t2-simple-media-text__image\"><img loading=\"lazy\" decoding=\"async\" width=\"768\" height=\"576\" src=\"https:\/\/www.elementlogic.net\/content\/uploads\/sites\/18\/2026\/03\/Element-Logic_AutoStore-support-aftermarket-scaled-1-768x576.jpg\" class=\"\" alt=\"\" style=\"--focalpoint: 50% 50%;\" srcset=\"https:\/\/www.elementlogic.net\/content\/uploads\/sites\/18\/2026\/03\/Element-Logic_AutoStore-support-aftermarket-scaled-1-768x576.jpg 768w, https:\/\/www.elementlogic.net\/content\/uploads\/sites\/18\/2026\/03\/Element-Logic_AutoStore-support-aftermarket-scaled-1-300x225.jpg 300w, https:\/\/www.elementlogic.net\/content\/uploads\/sites\/18\/2026\/03\/Element-Logic_AutoStore-support-aftermarket-scaled-1-1024x768.jpg 1024w, https:\/\/www.elementlogic.net\/content\/uploads\/sites\/18\/2026\/03\/Element-Logic_AutoStore-support-aftermarket-scaled-1-1536x1152.jpg 1536w, https:\/\/www.elementlogic.net\/content\/uploads\/sites\/18\/2026\/03\/Element-Logic_AutoStore-support-aftermarket-scaled-1-2048x1536.jpg 2048w\" sizes=\"(max-width: 768px) 100vw, 768px\" \/><\/div>\n\t\t\t\t<div class=\"t2-simple-media-text__content-container\">\n\t\t\t\t\t<div class=\"t2-simple-media-text__content\">\n\t\t\t\t\t\t<div class=\"t2-simple-media-text__content-inner\">\n\t\t\t\t\t\t\t\n\n<h3 class=\"wp-block-heading\" id=\"h-support\">Support<\/h3>\n\n\n\n<p>Disponibles 24h\/24 et 7j\/7, nos \u00e9quipes de support assurent des interventions rapides et expertes afin de garantir la continuit\u00e9, la stabilit\u00e9 et la performance de vos op\u00e9rations logistiques en toutes circonstances.<\/p>\n\n\n\n<div class=\"wp-block-buttons is-layout-flex wp-block-buttons-is-layout-flex\">\n<div class=\"wp-block-button is-style-fill\"><a class=\"wp-block-button__link wp-element-button\" href=\"https:\/\/www.elementlogic.net\/fr\/solutions-et-services\/reussite-client\/support\/\">D\u00e9couvrez notre service support<\/a><\/div>\n<\/div>\n\n\n\t\t\t\t\t\t<\/div>\n\t\t\t\t\t<\/div>\n\t\t\t\t<\/div>\n\t\t\t<\/div>\n\t\t<\/div>\n\t\t\n\n\n\t\t<div class=\"alignwide is-mode-constrained is-gap-center has-media-on-the-right wp-block-t2-simple-media-text   \">\n\t\t\t<div class=\"t2-simple-media-text__container\">\n\t\t\t\t<div class=\"t2-simple-media-text__image\"><img loading=\"lazy\" decoding=\"async\" width=\"768\" height=\"512\" src=\"https:\/\/www.elementlogic.net\/content\/uploads\/sites\/18\/2026\/03\/EL_eLogiq-2-768x512.png\" class=\"\" alt=\"\" style=\"--focalpoint: 50% 50%;\" srcset=\"https:\/\/www.elementlogic.net\/content\/uploads\/sites\/18\/2026\/03\/EL_eLogiq-2-768x512.png 768w, https:\/\/www.elementlogic.net\/content\/uploads\/sites\/18\/2026\/03\/EL_eLogiq-2-300x200.png 300w, https:\/\/www.elementlogic.net\/content\/uploads\/sites\/18\/2026\/03\/EL_eLogiq-2.png 1024w\" sizes=\"(max-width: 768px) 100vw, 768px\" \/><\/div>\n\t\t\t\t<div class=\"t2-simple-media-text__content-container\">\n\t\t\t\t\t<div class=\"t2-simple-media-text__content\">\n\t\t\t\t\t\t<div class=\"t2-simple-media-text__content-inner\">\n\t\t\t\t\t\t\t\n\n<h3 class=\"wp-block-heading\" id=\"h-formation\">Formation<\/h3>\n\n\n\n<p>Nous accompagnons vos \u00e9quipes pour leur permettre de ma\u00eetriser pleinement leur syst\u00e8me automatis\u00e9. Notre approche repose sur un parcours structur\u00e9 combinant accompagnement au d\u00e9marrage, formations pratiques bas\u00e9es sur des situations r\u00e9elles et programme de certification Super Utilisateur, afin d\u2019ancrer durablement les comp\u00e9tences en automatisation au sein de vos \u00e9quipes.<\/p>\n\n\n\n<div class=\"wp-block-buttons is-layout-flex wp-block-buttons-is-layout-flex\">\n<div class=\"wp-block-button is-style-fill\"><a class=\"wp-block-button__link wp-element-button\" href=\"https:\/\/www.elementlogic.net\/fr\/solutions-et-services\/reussite-client\/formation\/\">D\u00e9couvrez notre programme de formation<\/a><\/div>\n<\/div>\n\n\n\t\t\t\t\t\t<\/div>\n\t\t\t\t\t<\/div>\n\t\t\t\t<\/div>\n\t\t\t<\/div>\n\t\t<\/div>\n\t\t\n\n\n\t\t<div class=\"alignwide is-mode-constrained is-gap-center wp-block-t2-simple-media-text   \">\n\t\t\t<div class=\"t2-simple-media-text__container\">\n\t\t\t\t<div class=\"t2-simple-media-text__image\"><img loading=\"lazy\" decoding=\"async\" width=\"768\" height=\"322\" src=\"https:\/\/www.elementlogic.net\/content\/uploads\/sites\/18\/2026\/03\/Wallpaper-10-scaled-1-768x322.jpg\" class=\"\" alt=\"\" style=\"--focalpoint: 50% 50%;\" srcset=\"https:\/\/www.elementlogic.net\/content\/uploads\/sites\/18\/2026\/03\/Wallpaper-10-scaled-1-768x322.jpg 768w, https:\/\/www.elementlogic.net\/content\/uploads\/sites\/18\/2026\/03\/Wallpaper-10-scaled-1-300x126.jpg 300w, https:\/\/www.elementlogic.net\/content\/uploads\/sites\/18\/2026\/03\/Wallpaper-10-scaled-1-1024x429.jpg 1024w, https:\/\/www.elementlogic.net\/content\/uploads\/sites\/18\/2026\/03\/Wallpaper-10-scaled-1-1536x643.jpg 1536w, https:\/\/www.elementlogic.net\/content\/uploads\/sites\/18\/2026\/03\/Wallpaper-10-scaled-1-2048x858.jpg 2048w\" sizes=\"(max-width: 768px) 100vw, 768px\" \/><\/div>\n\t\t\t\t<div class=\"t2-simple-media-text__content-container\">\n\t\t\t\t\t<div class=\"t2-simple-media-text__content\">\n\t\t\t\t\t\t<div class=\"t2-simple-media-text__content-inner\">\n\t\t\t\t\t\t\t\n\n<h3 class=\"wp-block-heading\" id=\"h-maintenance\">Maintenance<\/h3>\n\n\n\n<p>Une maintenance planifi\u00e9e, proactive et pr\u00e9dictive garantit la fiabilit\u00e9 de votre entrep\u00f4t automatis\u00e9 et limite les arr\u00eats non planifi\u00e9s. Elle assure une disponibilit\u00e9 optimale du syst\u00e8me et contribue \u00e0 pr\u00e9server les performances dans le temps.<\/p>\n\n\n\n<div class=\"wp-block-buttons is-layout-flex wp-block-buttons-is-layout-flex\">\n<div class=\"wp-block-button is-style-fill\"><a class=\"wp-block-button__link wp-element-button\" href=\"https:\/\/www.elementlogic.net\/fr\/solutions-et-services\/reussite-client\/maintenance\/\">D\u00e9couvrez notre service maintenance<\/a><\/div>\n<\/div>\n\n\n\t\t\t\t\t\t<\/div>\n\t\t\t\t\t<\/div>\n\t\t\t\t<\/div>\n\t\t\t<\/div>\n\t\t<\/div>\n\t\t\n\n\n\t\t<div class=\"alignwide is-mode-constrained is-gap-center has-media-on-the-right wp-block-t2-simple-media-text   \">\n\t\t\t<div class=\"t2-simple-media-text__container\">\n\t\t\t\t<div class=\"t2-simple-media-text__image\"><img loading=\"lazy\" decoding=\"async\" width=\"768\" height=\"322\" src=\"https:\/\/www.elementlogic.net\/content\/uploads\/sites\/18\/2026\/03\/Wallpaper-6-scaled-2-768x322.jpg\" class=\"\" alt=\"\" style=\"--focalpoint: 50% 50%;\" srcset=\"https:\/\/www.elementlogic.net\/content\/uploads\/sites\/18\/2026\/03\/Wallpaper-6-scaled-2-768x322.jpg 768w, https:\/\/www.elementlogic.net\/content\/uploads\/sites\/18\/2026\/03\/Wallpaper-6-scaled-2-300x126.jpg 300w, https:\/\/www.elementlogic.net\/content\/uploads\/sites\/18\/2026\/03\/Wallpaper-6-scaled-2-1024x429.jpg 1024w, https:\/\/www.elementlogic.net\/content\/uploads\/sites\/18\/2026\/03\/Wallpaper-6-scaled-2-1536x643.jpg 1536w, https:\/\/www.elementlogic.net\/content\/uploads\/sites\/18\/2026\/03\/Wallpaper-6-scaled-2-2048x858.jpg 2048w\" sizes=\"(max-width: 768px) 100vw, 768px\" \/><\/div>\n\t\t\t\t<div class=\"t2-simple-media-text__content-container\">\n\t\t\t\t\t<div class=\"t2-simple-media-text__content\">\n\t\t\t\t\t\t<div class=\"t2-simple-media-text__content-inner\">\n\t\t\t\t\t\t\t\n\n<h3 class=\"wp-block-heading\" id=\"h-analyse-et-optimisation\">Analyse et optimisation<\/h3>\n\n\n\n<p>\u00c0 partir d\u2019analyses continues fond\u00e9es sur les donn\u00e9es op\u00e9rationnelles de votre entrep\u00f4t, nous identifions des leviers d\u2019am\u00e9lioration concrets et faisons \u00e9voluer votre syst\u00e8me automatis\u00e9 en phase avec la croissance de votre activit\u00e9, vos volumes et vos objectifs de performance.<\/p>\n\n\n\n<div class=\"wp-block-buttons is-layout-flex wp-block-buttons-is-layout-flex\">\n<div class=\"wp-block-button is-style-fill\"><a class=\"wp-block-button__link wp-element-button\" href=\"https:\/\/www.elementlogic.net\/fr\/solutions-et-services\/reussite-client\/analyse\/\">D\u00e9couvrez notre service analyse et optimisation<\/a><\/div>\n<\/div>\n\n\n\t\t\t\t\t\t<\/div>\n\t\t\t\t\t<\/div>\n\t\t\t\t<\/div>\n\t\t\t<\/div>\n\t\t<\/div>\n\t\t\n\n\n<h2 class=\"wp-block-heading\" id=\"h-pourquoi-la-reussite-client-est-essentielle\">Pourquoi la r\u00e9ussite client est essentielle<\/h2>\n\n\n\n<p>Les entrep\u00f4ts \u00e9voluent en permanence : nouveaux produits, pics saisonniers, exigences clients croissantes. Avec l\u2019approche Customer Success, vous b\u00e9n\u00e9ficiez de bien plus qu\u2019une solution technologique. Vous vous appuyez sur un partenaire engag\u00e9 sur le long terme. Nos \u00e9quipes d\u00e9di\u00e9es combinent expertise intralogistique, services proactifs et accompagnement personnalis\u00e9 pour garantir des op\u00e9rations logistiques performantes, r\u00e9silientes et pr\u00eates pour l\u2019avenir, afin de vous aider \u00e0 relever durablement les d\u00e9fis de la logistique de demain.<\/p>\n\n\n\n<h3 class=\"wp-block-heading\" id=\"decouvrez-l-ensemble-de-nos-services\">D\u00e9couvrez l\u2019ensemble de nos services<\/h3>\n\n\n\n\t\t<div style=\"--link-cards-grid-columns: 3\" class=\"dekode-link-cards has-3-columns wp-block-dekode-link-cards\">\n\t\t\t<div class=\"dekode-link-cards__items\">\n\t\t\t\t\n<a class=\"wp-block-dekode-link-card\" href=\"https:\/\/www.elementlogic.net\/fr\/solutions-et-services\/reussite-client\/formation\/\"><img loading=\"lazy\" decoding=\"async\" width=\"768\" height=\"512\" src=\"https:\/\/www.elementlogic.net\/content\/uploads\/sites\/18\/2026\/03\/EL_eLogiq-2-768x512.png\" class=\"\" alt=\"\" \/>\t<div class=\"dekode-link-card__content\">\n\t\t\t\t<p class=\"dekode-link-card__title\">\n\t\t\tFormation\t\t<\/p>\n\t\t\t\t\t<p class=\"dekode-link-card__description\">D\u00e9velopper les comp\u00e9tences de vos \u00e9quipes, socle de la r\u00e9ussite client<\/p>\n\t\t\t<\/div>\n\t<\/a>\n\n<a class=\"wp-block-dekode-link-card\" href=\"https:\/\/www.elementlogic.net\/fr\/solutions-et-services\/reussite-client\/analyse\/\"><img loading=\"lazy\" decoding=\"async\" width=\"768\" height=\"512\" src=\"https:\/\/www.elementlogic.net\/content\/uploads\/sites\/18\/2026\/03\/EL_eLogiq_-11-1024x683-1-768x512.jpg\" class=\"\" alt=\"\" \/>\t<div class=\"dekode-link-card__content\">\n\t\t\t\t<p class=\"dekode-link-card__title\">\n\t\t\tAnalyse et optimisation\t\t<\/p>\n\t\t\t\t\t<p class=\"dekode-link-card__description\">Cr\u00e9er de la valeur en continu gr\u00e2ce \u00e0 l\u2019exploitation intelligente des donn\u00e9es<br><\/p>\n\t\t\t<\/div>\n\t<\/a>\n\n<a class=\"wp-block-dekode-link-card\" href=\"https:\/\/www.elementlogic.net\/fr\/solutions-et-services\/reussite-client\/maintenance\/\"><img loading=\"lazy\" decoding=\"async\" width=\"768\" height=\"512\" src=\"https:\/\/www.elementlogic.net\/content\/uploads\/sites\/18\/2026\/03\/wallpaper_Customer-success-1-768x512.png\" class=\"\" alt=\"\" \/>\t<div class=\"dekode-link-card__content\">\n\t\t\t\t<p class=\"dekode-link-card__title\">\n\t\t\tMaintenance\t\t<\/p>\n\t\t\t\t\t<p class=\"dekode-link-card__description\">Pr\u00e9server la fiabilit\u00e9, la disponibilit\u00e9 et la performance de votre syst\u00e8me automatis\u00e9 dans le temps<\/p>\n\t\t\t<\/div>\n\t<\/a>\n\n<a class=\"wp-block-dekode-link-card\" href=\"https:\/\/www.elementlogic.net\/fr\/solutions-et-services\/reussite-client\/support\/\"><img loading=\"lazy\" decoding=\"async\" width=\"768\" height=\"576\" src=\"https:\/\/www.elementlogic.net\/content\/uploads\/sites\/18\/2026\/03\/Element-Logic_AutoStore-support-aftermarket-scaled-1-768x576.jpg\" class=\"\" alt=\"\" \/>\t<div class=\"dekode-link-card__content\">\n\t\t\t\t<p class=\"dekode-link-card__title\">\n\t\t\tSupport\t\t<\/p>\n\t\t\t\t\t<p class=\"dekode-link-card__description\">Une assistance continue 24h\/24 et 7j\/7 pour s\u00e9curiser et maintenir vos op\u00e9rations logistiques<\/p>\n\t\t\t<\/div>\n\t<\/a>\n\n\t\t\t<\/div>\n\t\t<\/div>","protected":false},"excerpt":{"rendered":"<p>Notre engagement pour la r\u00e9ussite de vos op\u00e9rations Chez Element Logic, la mise en service &nbsp;&nbsp;de votre installation n\u2019est que [&hellip;]<\/p>\n","protected":false},"author":2,"featured_media":0,"parent":2459,"menu_order":0,"comment_status":"closed","ping_status":"closed","template":"","meta":{"hreflang_relation":4755,"_el_cross_publish_source_blog_url":"","_el_cross_publish_source_blog_id":0,"_el_cross_publish_source_post_id":0,"_el_cross_publish_sync_state":"","exclude_from_search":false,"footnotes":""},"class_list":["post-2504","page","type-page","status-publish","hentry"],"yoast_head":"<!-- This site is optimized with the Yoast SEO Premium plugin v23.9 (Yoast SEO v23.9) - https:\/\/yoast.com\/wordpress\/plugins\/seo\/ -->\n<title>Maximisez durablement la performance de votre entrep\u00f4t<\/title>\n<meta name=\"description\" content=\"Support, formation, maintenance et optimisation : un accompagnement complet pour garantir les performances de votre entrep\u00f4t automatis\u00e9.\" \/>\n<meta name=\"robots\" content=\"index, follow, max-snippet:-1, max-image-preview:large, max-video-preview:-1\" \/>\n<link rel=\"canonical\" href=\"https:\/\/www.elementlogic.net\/fr\/solutions-et-services\/reussite-client\/\" \/>\n<meta property=\"og:locale\" content=\"fr_FR\" \/>\n<meta property=\"og:type\" content=\"article\" \/>\n<meta property=\"og:title\" content=\"R\u00e9ussite client\" \/>\n<meta property=\"og:description\" content=\"Support, formation, maintenance et optimisation : un accompagnement complet pour garantir les performances de votre entrep\u00f4t automatis\u00e9.\" \/>\n<meta property=\"og:url\" content=\"https:\/\/www.elementlogic.net\/fr\/solutions-et-services\/reussite-client\/\" \/>\n<meta property=\"og:site_name\" content=\"Element Logic France\" \/>\n<meta property=\"article:modified_time\" content=\"2026-03-25T16:50:50+00:00\" \/>\n<meta name=\"twitter:card\" content=\"summary_large_image\" \/>\n<meta name=\"twitter:label1\" content=\"Dur\u00e9e de lecture estim\u00e9e\" \/>\n\t<meta name=\"twitter:data1\" content=\"3 minutes\" \/>\n<script type=\"application\/ld+json\" class=\"yoast-schema-graph\">{\"@context\":\"https:\/\/schema.org\",\"@graph\":[{\"@type\":\"WebPage\",\"@id\":\"https:\/\/www.elementlogic.net\/fr\/solutions-et-services\/reussite-client\/\",\"url\":\"https:\/\/www.elementlogic.net\/fr\/solutions-et-services\/reussite-client\/\",\"name\":\"Maximisez durablement la performance de votre entrep\u00f4t\",\"isPartOf\":{\"@id\":\"https:\/\/www.elementlogic.net\/fr\/#website\"},\"datePublished\":\"2026-03-25T16:21:52+00:00\",\"dateModified\":\"2026-03-25T16:50:50+00:00\",\"description\":\"Support, formation, maintenance et optimisation : un accompagnement complet pour garantir les performances de votre entrep\u00f4t automatis\u00e9.\",\"breadcrumb\":{\"@id\":\"https:\/\/www.elementlogic.net\/fr\/solutions-et-services\/reussite-client\/#breadcrumb\"},\"inLanguage\":\"fr-FR\",\"potentialAction\":[{\"@type\":\"ReadAction\",\"target\":[\"https:\/\/www.elementlogic.net\/fr\/solutions-et-services\/reussite-client\/\"]}]},{\"@type\":\"BreadcrumbList\",\"@id\":\"https:\/\/www.elementlogic.net\/fr\/solutions-et-services\/reussite-client\/#breadcrumb\",\"itemListElement\":[{\"@type\":\"ListItem\",\"position\":1,\"name\":\"Solutions &amp; services\",\"item\":\"https:\/\/www.elementlogic.net\/fr\/solutions-et-services\/\"},{\"@type\":\"ListItem\",\"position\":2,\"name\":\"R\u00e9ussite client\"}]},{\"@type\":\"WebSite\",\"@id\":\"https:\/\/www.elementlogic.net\/fr\/#website\",\"url\":\"https:\/\/www.elementlogic.net\/fr\/\",\"name\":\"Element Logic France\",\"description\":\"\",\"potentialAction\":[{\"@type\":\"SearchAction\",\"target\":{\"@type\":\"EntryPoint\",\"urlTemplate\":\"https:\/\/www.elementlogic.net\/fr\/?s={search_term_string}\"},\"query-input\":{\"@type\":\"PropertyValueSpecification\",\"valueRequired\":true,\"valueName\":\"search_term_string\"}}],\"inLanguage\":\"fr-FR\"}]}<\/script>\n<!-- \/ Yoast SEO Premium plugin. -->","yoast_head_json":{"title":"Maximisez durablement la performance de votre entrep\u00f4t","description":"Support, formation, maintenance et optimisation : un accompagnement complet pour garantir les performances de votre entrep\u00f4t automatis\u00e9.","robots":{"index":"index","follow":"follow","max-snippet":"max-snippet:-1","max-image-preview":"max-image-preview:large","max-video-preview":"max-video-preview:-1"},"canonical":"https:\/\/www.elementlogic.net\/fr\/solutions-et-services\/reussite-client\/","og_locale":"fr_FR","og_type":"article","og_title":"R\u00e9ussite client","og_description":"Support, formation, maintenance et optimisation : un accompagnement complet pour garantir les performances de votre entrep\u00f4t automatis\u00e9.","og_url":"https:\/\/www.elementlogic.net\/fr\/solutions-et-services\/reussite-client\/","og_site_name":"Element Logic France","article_modified_time":"2026-03-25T16:50:50+00:00","twitter_card":"summary_large_image","twitter_misc":{"Dur\u00e9e de lecture estim\u00e9e":"3 minutes"},"schema":{"@context":"https:\/\/schema.org","@graph":[{"@type":"WebPage","@id":"https:\/\/www.elementlogic.net\/fr\/solutions-et-services\/reussite-client\/","url":"https:\/\/www.elementlogic.net\/fr\/solutions-et-services\/reussite-client\/","name":"Maximisez durablement la performance de votre entrep\u00f4t","isPartOf":{"@id":"https:\/\/www.elementlogic.net\/fr\/#website"},"datePublished":"2026-03-25T16:21:52+00:00","dateModified":"2026-03-25T16:50:50+00:00","description":"Support, formation, maintenance et optimisation : un accompagnement complet pour garantir les performances de votre entrep\u00f4t automatis\u00e9.","breadcrumb":{"@id":"https:\/\/www.elementlogic.net\/fr\/solutions-et-services\/reussite-client\/#breadcrumb"},"inLanguage":"fr-FR","potentialAction":[{"@type":"ReadAction","target":["https:\/\/www.elementlogic.net\/fr\/solutions-et-services\/reussite-client\/"]}]},{"@type":"BreadcrumbList","@id":"https:\/\/www.elementlogic.net\/fr\/solutions-et-services\/reussite-client\/#breadcrumb","itemListElement":[{"@type":"ListItem","position":1,"name":"Solutions &amp; services","item":"https:\/\/www.elementlogic.net\/fr\/solutions-et-services\/"},{"@type":"ListItem","position":2,"name":"R\u00e9ussite client"}]},{"@type":"WebSite","@id":"https:\/\/www.elementlogic.net\/fr\/#website","url":"https:\/\/www.elementlogic.net\/fr\/","name":"Element Logic France","description":"","potentialAction":[{"@type":"SearchAction","target":{"@type":"EntryPoint","urlTemplate":"https:\/\/www.elementlogic.net\/fr\/?s={search_term_string}"},"query-input":{"@type":"PropertyValueSpecification","valueRequired":true,"valueName":"search_term_string"}}],"inLanguage":"fr-FR"}]}},"_links":{"self":[{"href":"https:\/\/www.elementlogic.net\/fr\/wp-json\/wp\/v2\/pages\/2504"}],"collection":[{"href":"https:\/\/www.elementlogic.net\/fr\/wp-json\/wp\/v2\/pages"}],"about":[{"href":"https:\/\/www.elementlogic.net\/fr\/wp-json\/wp\/v2\/types\/page"}],"author":[{"embeddable":true,"href":"https:\/\/www.elementlogic.net\/fr\/wp-json\/wp\/v2\/users\/2"}],"replies":[{"embeddable":true,"href":"https:\/\/www.elementlogic.net\/fr\/wp-json\/wp\/v2\/comments?post=2504"}],"version-history":[{"count":4,"href":"https:\/\/www.elementlogic.net\/fr\/wp-json\/wp\/v2\/pages\/2504\/revisions"}],"predecessor-version":[{"id":2914,"href":"https:\/\/www.elementlogic.net\/fr\/wp-json\/wp\/v2\/pages\/2504\/revisions\/2914"}],"up":[{"embeddable":true,"href":"https:\/\/www.elementlogic.net\/fr\/wp-json\/wp\/v2\/pages\/2459"}],"wp:attachment":[{"href":"https:\/\/www.elementlogic.net\/fr\/wp-json\/wp\/v2\/media?parent=2504"}],"curies":[{"name":"wp","href":"https:\/\/api.w.org\/{rel}","templated":true}]}}