{"id":2506,"date":"2026-01-22T11:09:14","date_gmt":"2026-01-22T11:09:14","guid":{"rendered":"https:\/\/www.elementlogic.net\/fr\/?page_id=2506"},"modified":"2026-03-25T16:46:30","modified_gmt":"2026-03-25T16:46:30","slug":"analyse","status":"publish","type":"page","link":"https:\/\/www.elementlogic.net\/fr\/solutions-et-services\/reussite-client\/analyse\/","title":{"rendered":"Analyse et optimisation"},"content":{"rendered":"\n\t\t<div style=\"--dekode-hero-dim:0.5; --t2-icon-fill:var(--wp--preset--color--white);\" class=\"alignfull dekode-hero-content-position-center has-media-background wp-block-dekode-hero has-text-color has-white-color\">\n\t\t\t<img loading=\"lazy\" decoding=\"async\" width=\"1024\" height=\"429\" src=\"https:\/\/www.elementlogic.net\/content\/uploads\/sites\/18\/2026\/03\/Wallpaper-6-scaled-2-1024x429.jpg\" class=\"dekode-hero__image\" alt=\"\" style=\"--focalpoint: 50% 50%;\" srcset=\"https:\/\/www.elementlogic.net\/content\/uploads\/sites\/18\/2026\/03\/Wallpaper-6-scaled-2-1024x429.jpg 1024w, https:\/\/www.elementlogic.net\/content\/uploads\/sites\/18\/2026\/03\/Wallpaper-6-scaled-2-300x126.jpg 300w, https:\/\/www.elementlogic.net\/content\/uploads\/sites\/18\/2026\/03\/Wallpaper-6-scaled-2-768x322.jpg 768w, https:\/\/www.elementlogic.net\/content\/uploads\/sites\/18\/2026\/03\/Wallpaper-6-scaled-2-1536x643.jpg 1536w, https:\/\/www.elementlogic.net\/content\/uploads\/sites\/18\/2026\/03\/Wallpaper-6-scaled-2-2048x858.jpg 2048w\" sizes=\"(max-width: 1024px) 100vw, 1024px\" \/>\n\t\t\t<div class=\"dekode-hero__content\">\n\t\t\t\t<div class=\"dekode-hero__container\">\n\t\t\t\t\t\n\n<h1 class=\"wp-block-heading\" id=\"h-analyse-et-optimisation\">Analyse et optimisation<\/h1>\n\n\n<p class=\"t2-ingress wp-block-t2-ingress\"><strong>Cr\u00e9er de la valeur en continu<\/strong>\u00a0<\/p>\n\n\t\t\t\t<\/div>\n\t\t\t<\/div>\n\t\t<\/div>\n\t\t\n\n\n<h2 class=\"wp-block-heading\" id=\"h-un-pilier-cle-de-la-reussite-client-nbsp\">Un pilier cl\u00e9 de la r\u00e9ussite client&nbsp;<\/h2>\n\n\n\n<p>Chez Element Logic, la r\u00e9ussite client ne s\u2019arr\u00eate pas \u00e0 la mise en service d\u2019une solution d\u2019automatisation d\u2019entrep\u00f4t. Elle consiste \u00e0 s\u2019assurer que votre entrep\u00f4t continue de cr\u00e9er de la valeur durablement, \u00e0 mesure que vos volumes, vos flux et vos exigences \u00e9voluent. L\u2019analyse et l\u2019optimisation de votre syst\u00e8me automatis\u00e9 constituent le socle de notre approche Customer Success : comprendre pr\u00e9cis\u00e9ment les performances actuelles de votre entrep\u00f4t et identifier les leviers concrets d\u2019am\u00e9lioration pour demain.<\/p>\n\n\n\n<p><strong>Transformer les donn\u00e9es de votre entrep\u00f4t en leviers de croissance<\/strong><\/p>\n\n\n\n<p>Chaque jour, votre entrep\u00f4t g\u00e9n\u00e8re une grande quantit\u00e9 de donn\u00e9es op\u00e9rationnelles. En combinant notre expertise intralogistique et nos outils d\u2019analyse avanc\u00e9s, nous transformons ces donn\u00e9es en informations exploitables, capables de r\u00e9v\u00e9ler des opportunit\u00e9s r\u00e9elles d\u2019optimisation de votre solution automatis\u00e9e. De l\u2019utilisation des \u00e9quipements \u00e0 la performance des process logistiques, nos \u00e9quipes Customer Success, appuy\u00e9es par nos solutions logicielles, vous fournissent des recommandations cibl\u00e9es pour am\u00e9liorer vos performances, accompagner votre croissance et renforcer durablement votre comp\u00e9titivit\u00e9.<\/p>\n\n\n\n\t\t<div class=\"alignwide is-mode-constrained is-gap-center has-media-on-the-right wp-block-t2-simple-media-text   \">\n\t\t\t<div class=\"t2-simple-media-text__container\">\n\t\t\t\t<div class=\"t2-simple-media-text__image\"><img loading=\"lazy\" decoding=\"async\" width=\"768\" height=\"498\" src=\"https:\/\/www.elementlogic.net\/content\/uploads\/sites\/18\/2026\/03\/Element-Logic-and-Bergaard-Amundsen-People-3-768x498.jpg\" class=\"\" alt=\"\" style=\"--focalpoint: 50% 50%;\" srcset=\"https:\/\/www.elementlogic.net\/content\/uploads\/sites\/18\/2026\/03\/Element-Logic-and-Bergaard-Amundsen-People-3-768x498.jpg 768w, https:\/\/www.elementlogic.net\/content\/uploads\/sites\/18\/2026\/03\/Element-Logic-and-Bergaard-Amundsen-People-3-300x194.jpg 300w, https:\/\/www.elementlogic.net\/content\/uploads\/sites\/18\/2026\/03\/Element-Logic-and-Bergaard-Amundsen-People-3-1024x664.jpg 1024w, https:\/\/www.elementlogic.net\/content\/uploads\/sites\/18\/2026\/03\/Element-Logic-and-Bergaard-Amundsen-People-3-1536x996.jpg 1536w, https:\/\/www.elementlogic.net\/content\/uploads\/sites\/18\/2026\/03\/Element-Logic-and-Bergaard-Amundsen-People-3.jpg 1600w\" sizes=\"(max-width: 768px) 100vw, 768px\" \/><\/div>\n\t\t\t\t<div class=\"t2-simple-media-text__content-container\">\n\t\t\t\t\t<div class=\"t2-simple-media-text__content\">\n\t\t\t\t\t\t<div class=\"t2-simple-media-text__content-inner\">\n\t\t\t\t\t\t\t\n\n<h3 class=\"wp-block-heading\" id=\"h-un-partenariat-sur-la-duree-nbsp\">Un partenariat sur la dur\u00e9e&nbsp;<\/h3>\n\n\n\n<p>L\u2019analyse et l\u2019optimisation de votre syst\u00e8me automatis\u00e9 ne se limitent pas \u00e0 une intervention ponctuelle. Elles s\u2019inscrivent dans une collaboration continue entre vos \u00e9quipes et nos experts Customer Success. Ensemble, nous :<\/p>\n\n\n\n<p>&#8211; Suivons les performances globales du syst\u00e8me d\u2019automatisation et analysons les tendances cl\u00e9s<br>&#8211; Pilotons des indicateurs essentiels, tels que la vitesse de pr\u00e9paration, la pr\u00e9cision et la disponibilit\u00e9 des \u00e9quipements<br>&#8211; Identifions en amont les risques, les \u00e9carts de performance et les axes d\u2019am\u00e9lioration \u00e0 partir des donn\u00e9es op\u00e9rationnelles<br>&#8211; Proposons et d\u00e9ployons des optimisations align\u00e9es avec vos objectifs m\u00e9tiers et votre strat\u00e9gie logistique<\/p>\n\n\n\n<p>Cette approche garantit que votre solution d\u2019automatisation d\u2019entrep\u00f4t reste un socle fiable, performant et \u00e9volutif pour l\u2019ensemble de votre supply chain.<\/p>\n\n\n\t\t\t\t\t\t<\/div>\n\t\t\t\t\t<\/div>\n\t\t\t\t<\/div>\n\t\t\t<\/div>\n\t\t<\/div>\n\t\t\n\n\n\t\t<div class=\"alignwide is-mode-constrained is-gap-center wp-block-t2-simple-media-text   \">\n\t\t\t<div class=\"t2-simple-media-text__container\">\n\t\t\t\t<div class=\"t2-simple-media-text__image\"><img loading=\"lazy\" decoding=\"async\" width=\"768\" height=\"512\" src=\"https:\/\/www.elementlogic.net\/content\/uploads\/sites\/18\/2026\/03\/EL_eLogiq_-6-copy-1024x683-1-768x512.jpg\" class=\"\" alt=\"\" style=\"--focalpoint: 50% 50%;\" srcset=\"https:\/\/www.elementlogic.net\/content\/uploads\/sites\/18\/2026\/03\/EL_eLogiq_-6-copy-1024x683-1-768x512.jpg 768w, https:\/\/www.elementlogic.net\/content\/uploads\/sites\/18\/2026\/03\/EL_eLogiq_-6-copy-1024x683-1-300x200.jpg 300w, https:\/\/www.elementlogic.net\/content\/uploads\/sites\/18\/2026\/03\/EL_eLogiq_-6-copy-1024x683-1.jpg 1024w\" sizes=\"(max-width: 768px) 100vw, 768px\" \/><\/div>\n\t\t\t\t<div class=\"t2-simple-media-text__content-container\">\n\t\t\t\t\t<div class=\"t2-simple-media-text__content\">\n\t\t\t\t\t\t<div class=\"t2-simple-media-text__content-inner\">\n\t\t\t\t\t\t\t\n\n<h3 class=\"wp-block-heading\" id=\"h-des-logiciels-intelligents-pour-une-prise-de-decision-eclairee\">Des logiciels intelligents pour une prise de d\u00e9cision \u00e9clair\u00e9e<\/h3>\n\n\n\n<p>Gr\u00e2ce \u00e0 des solutions telles que <strong>Warehouse Intelligence Platform<\/strong> et <strong>eManager<\/strong>, vous disposez de tableaux de bord en temps r\u00e9el et de rapports d\u00e9taill\u00e9s. Ces outils offrent une visibilit\u00e9 claire sur la productivit\u00e9, l\u2019\u00e9tat du syst\u00e8me et l\u2019utilisation du stockage, des indicateurs cl\u00e9s pour piloter efficacement vos op\u00e9rations logistiques.<\/p>\n\n\n\n<p>Nos \u00e9quipes Customer Success vous accompagnent dans l\u2019interpr\u00e9tation de ces donn\u00e9es et vous aident \u00e0 les transformer en actions concr\u00e8tes, afin d\u2019optimiser durablement la performance et la productivit\u00e9 de votre entrep\u00f4t automatis\u00e9.<\/p>\n\n\n\t\t\t\t\t\t<\/div>\n\t\t\t\t\t<\/div>\n\t\t\t\t<\/div>\n\t\t\t<\/div>\n\t\t<\/div>\n\t\t\n\n\n<h2 class=\"wp-block-heading\" id=\"h-pourquoi-cette-approche-est-essentielle-pour-votre-entrepot-automatise\"><strong>Pourquoi cette approche est essentielle pour votre entrep\u00f4t automatis\u00e9<\/strong><\/h2>\n\n\n\n<p>Les op\u00e9rations d\u2019un entrep\u00f4t \u00e9voluent en permanence. Nouveaux produits, pics saisonniers et exigences clients croissantes imposent une capacit\u00e9 d\u2019adaptation continue. Notre approche orient\u00e9e analyse et optimisation garantit que votre solution automatis\u00e9e \u00e9volue au rythme de votre activit\u00e9 :<\/p>\n\n\n\n<ul class=\"wp-block-list\">\n<li><strong>Productivit\u00e9 <\/strong>: identifier et \u00e9liminer les goulots d\u2019\u00e9tranglement<\/li>\n<\/ul>\n\n\n\n<ul class=\"wp-block-list\">\n<li><strong>\u00c9volutivit\u00e9<\/strong> : pr\u00e9parer votre entrep\u00f4t automatis\u00e9 \u00e0 accompagner la croissance et les variations de volumes<\/li>\n<\/ul>\n\n\n\n<ul class=\"wp-block-list\">\n<li><strong>Durabilit\u00e9<\/strong> : r\u00e9duire les pertes, la consommation \u00e9nerg\u00e9tique et les co\u00fbts d\u2019exploitation<\/li>\n<\/ul>\n\n\n\n<ul class=\"wp-block-list\">\n<li><strong>S\u00e9r\u00e9nit\u00e9<\/strong> : avoir l\u2019assurance que le syst\u00e8me automatis\u00e9 fonctionne en permanence \u00e0 son niveau optimal<\/li>\n<\/ul>\n\n\n\n<h2 class=\"wp-block-heading\" id=\"h-un-avantage-competitif-a-long-terme\">Un avantage comp\u00e9titif \u00e0 long terme<\/h2>\n\n\n\n<p>L\u2019analyse et l\u2019optimisation font partie int\u00e9grante de notre engagement \u00e0 accompagner la performance logistique de nos clients sur le long terme. En combinant datas, technologie et expertise m\u00e9tier, Element Logic vous aide \u00e0 r\u00e9duire les pertes op\u00e9rationnelles et \u00e0 renforcer durablement vos performances, ann\u00e9e apr\u00e8s ann\u00e9e.<\/p>\n\n\n\n<h3 class=\"wp-block-heading\" id=\"decouvrez-l-ensemble-de-nos-services\"><strong>D\u00e9couvrez l\u2019ensemble de nos services<\/strong><\/h3>\n\n\n\n\t\t<div style=\"--link-cards-grid-columns: 3\" class=\"dekode-link-cards has-3-columns wp-block-dekode-link-cards\">\n\t\t\t<div class=\"dekode-link-cards__items\">\n\t\t\t\t\n<a class=\"wp-block-dekode-link-card\" href=\"https:\/\/www.elementlogic.net\/fr\/solutions-et-services\/reussite-client\/formation\/\"><img loading=\"lazy\" decoding=\"async\" width=\"768\" height=\"512\" src=\"https:\/\/www.elementlogic.net\/content\/uploads\/sites\/18\/2026\/03\/EL_eLogiq-2-768x512.png\" class=\"\" alt=\"\" \/>\t<div class=\"dekode-link-card__content\">\n\t\t\t\t<p class=\"dekode-link-card__title\">\n\t\t\tFormation\t\t<\/p>\n\t\t\t\t\t<p class=\"dekode-link-card__description\">D\u00e9velopper les comp\u00e9tences de vos \u00e9quipes, socle de la r\u00e9ussite client.<\/p>\n\t\t\t<\/div>\n\t<\/a>\n\n<a class=\"wp-block-dekode-link-card\" href=\"https:\/\/www.elementlogic.net\/fr\/solutions-et-services\/reussite-client\/maintenance\/\"><img loading=\"lazy\" decoding=\"async\" width=\"768\" height=\"512\" src=\"https:\/\/www.elementlogic.net\/content\/uploads\/sites\/18\/2026\/03\/wallpaper_Customer-success-1-768x512.png\" class=\"\" alt=\"\" \/>\t<div class=\"dekode-link-card__content\">\n\t\t\t\t<p class=\"dekode-link-card__title\">\n\t\t\tMaintenance\t\t<\/p>\n\t\t\t\t\t<p class=\"dekode-link-card__description\">Pr\u00e9server la fiabilit\u00e9 et la disponibilit\u00e9 de votre syst\u00e8me automatis\u00e9 dans la dur\u00e9e.<\/p>\n\t\t\t<\/div>\n\t<\/a>\n\n<a class=\"wp-block-dekode-link-card\" href=\"https:\/\/www.elementlogic.net\/fr\/solutions-et-services\/reussite-client\/support\/\"><img loading=\"lazy\" decoding=\"async\" width=\"768\" height=\"512\" src=\"https:\/\/www.elementlogic.net\/content\/uploads\/sites\/18\/2026\/03\/support_customer-success-4-768x512.png\" class=\"\" alt=\"\" \/>\t<div class=\"dekode-link-card__content\">\n\t\t\t\t<p class=\"dekode-link-card__title\">\n\t\t\tSupport\t\t<\/p>\n\t\t\t\t\t<p class=\"dekode-link-card__description\">Une assistance 24h\/24 et 7j\/7 pour garantir la continuit\u00e9 de vos op\u00e9rations logistiques.<\/p>\n\t\t\t<\/div>\n\t<\/a>\n\n\t\t\t<\/div>\n\t\t<\/div>","protected":false},"excerpt":{"rendered":"<p>Un pilier cl\u00e9 de la r\u00e9ussite client&nbsp; Chez Element Logic, la r\u00e9ussite client ne s\u2019arr\u00eate pas \u00e0 la mise en [&hellip;]<\/p>\n","protected":false},"author":2,"featured_media":0,"parent":2504,"menu_order":0,"comment_status":"closed","ping_status":"closed","template":"","meta":{"hreflang_relation":4820,"_el_cross_publish_source_blog_url":"","_el_cross_publish_source_blog_id":0,"_el_cross_publish_source_post_id":0,"_el_cross_publish_sync_state":"","exclude_from_search":false,"footnotes":""},"class_list":["post-2506","page","type-page","status-publish","hentry"],"yoast_head":"<!-- This site is optimized with the Yoast SEO Premium plugin v23.9 (Yoast SEO v23.9) - https:\/\/yoast.com\/wordpress\/plugins\/seo\/ -->\n<title>Optimisation continue : exploitez le plein potentiel de votre entrep\u00f4t<\/title>\n<meta name=\"description\" content=\"Transformez les donn\u00e9es de votre entrep\u00f4t en leviers de performance gr\u00e2ce \u00e0 une analyse et une optimisation continue par Element Logic.\" \/>\n<meta name=\"robots\" content=\"index, follow, max-snippet:-1, max-image-preview:large, max-video-preview:-1\" \/>\n<link rel=\"canonical\" href=\"https:\/\/www.elementlogic.net\/fr\/solutions-et-services\/reussite-client\/analyse\/\" \/>\n<meta property=\"og:locale\" content=\"fr_FR\" \/>\n<meta property=\"og:type\" content=\"article\" \/>\n<meta property=\"og:title\" content=\"Analyse et optimisation\" \/>\n<meta property=\"og:description\" content=\"Transformez les donn\u00e9es de votre entrep\u00f4t en leviers de performance gr\u00e2ce \u00e0 une analyse et une optimisation continue par Element Logic.\" \/>\n<meta property=\"og:url\" content=\"https:\/\/www.elementlogic.net\/fr\/solutions-et-services\/reussite-client\/analyse\/\" \/>\n<meta property=\"og:site_name\" content=\"Element Logic France\" \/>\n<meta property=\"article:modified_time\" content=\"2026-03-25T16:46:30+00:00\" \/>\n<meta name=\"twitter:card\" content=\"summary_large_image\" \/>\n<meta name=\"twitter:label1\" content=\"Dur\u00e9e de lecture estim\u00e9e\" \/>\n\t<meta name=\"twitter:data1\" content=\"3 minutes\" \/>\n<script type=\"application\/ld+json\" class=\"yoast-schema-graph\">{\"@context\":\"https:\/\/schema.org\",\"@graph\":[{\"@type\":\"WebPage\",\"@id\":\"https:\/\/www.elementlogic.net\/fr\/solutions-et-services\/reussite-client\/analyse\/\",\"url\":\"https:\/\/www.elementlogic.net\/fr\/solutions-et-services\/reussite-client\/analyse\/\",\"name\":\"Optimisation continue : exploitez le plein potentiel de votre entrep\u00f4t\",\"isPartOf\":{\"@id\":\"https:\/\/www.elementlogic.net\/fr\/#website\"},\"datePublished\":\"2026-01-22T11:09:14+00:00\",\"dateModified\":\"2026-03-25T16:46:30+00:00\",\"description\":\"Transformez les donn\u00e9es de votre entrep\u00f4t en leviers de performance gr\u00e2ce \u00e0 une analyse et une optimisation continue par Element Logic.\",\"breadcrumb\":{\"@id\":\"https:\/\/www.elementlogic.net\/fr\/solutions-et-services\/reussite-client\/analyse\/#breadcrumb\"},\"inLanguage\":\"fr-FR\",\"potentialAction\":[{\"@type\":\"ReadAction\",\"target\":[\"https:\/\/www.elementlogic.net\/fr\/solutions-et-services\/reussite-client\/analyse\/\"]}]},{\"@type\":\"BreadcrumbList\",\"@id\":\"https:\/\/www.elementlogic.net\/fr\/solutions-et-services\/reussite-client\/analyse\/#breadcrumb\",\"itemListElement\":[{\"@type\":\"ListItem\",\"position\":1,\"name\":\"Solutions &amp; services\",\"item\":\"https:\/\/www.elementlogic.net\/fr\/solutions-et-services\/\"},{\"@type\":\"ListItem\",\"position\":2,\"name\":\"R\u00e9ussite client\",\"item\":\"https:\/\/www.elementlogic.net\/fr\/solutions-et-services\/reussite-client\/\"},{\"@type\":\"ListItem\",\"position\":3,\"name\":\"Analyse et optimisation\"}]},{\"@type\":\"WebSite\",\"@id\":\"https:\/\/www.elementlogic.net\/fr\/#website\",\"url\":\"https:\/\/www.elementlogic.net\/fr\/\",\"name\":\"Element Logic France\",\"description\":\"\",\"potentialAction\":[{\"@type\":\"SearchAction\",\"target\":{\"@type\":\"EntryPoint\",\"urlTemplate\":\"https:\/\/www.elementlogic.net\/fr\/?s={search_term_string}\"},\"query-input\":{\"@type\":\"PropertyValueSpecification\",\"valueRequired\":true,\"valueName\":\"search_term_string\"}}],\"inLanguage\":\"fr-FR\"}]}<\/script>\n<!-- \/ Yoast SEO Premium plugin. -->","yoast_head_json":{"title":"Optimisation continue : exploitez le plein potentiel de votre entrep\u00f4t","description":"Transformez les donn\u00e9es de votre entrep\u00f4t en leviers de performance gr\u00e2ce \u00e0 une analyse et une optimisation continue par Element Logic.","robots":{"index":"index","follow":"follow","max-snippet":"max-snippet:-1","max-image-preview":"max-image-preview:large","max-video-preview":"max-video-preview:-1"},"canonical":"https:\/\/www.elementlogic.net\/fr\/solutions-et-services\/reussite-client\/analyse\/","og_locale":"fr_FR","og_type":"article","og_title":"Analyse et optimisation","og_description":"Transformez les donn\u00e9es de votre entrep\u00f4t en leviers de performance gr\u00e2ce \u00e0 une analyse et une optimisation continue par Element Logic.","og_url":"https:\/\/www.elementlogic.net\/fr\/solutions-et-services\/reussite-client\/analyse\/","og_site_name":"Element Logic France","article_modified_time":"2026-03-25T16:46:30+00:00","twitter_card":"summary_large_image","twitter_misc":{"Dur\u00e9e de lecture estim\u00e9e":"3 minutes"},"schema":{"@context":"https:\/\/schema.org","@graph":[{"@type":"WebPage","@id":"https:\/\/www.elementlogic.net\/fr\/solutions-et-services\/reussite-client\/analyse\/","url":"https:\/\/www.elementlogic.net\/fr\/solutions-et-services\/reussite-client\/analyse\/","name":"Optimisation continue : exploitez le plein potentiel de votre entrep\u00f4t","isPartOf":{"@id":"https:\/\/www.elementlogic.net\/fr\/#website"},"datePublished":"2026-01-22T11:09:14+00:00","dateModified":"2026-03-25T16:46:30+00:00","description":"Transformez les donn\u00e9es de votre entrep\u00f4t en leviers de performance gr\u00e2ce \u00e0 une analyse et une optimisation continue par Element Logic.","breadcrumb":{"@id":"https:\/\/www.elementlogic.net\/fr\/solutions-et-services\/reussite-client\/analyse\/#breadcrumb"},"inLanguage":"fr-FR","potentialAction":[{"@type":"ReadAction","target":["https:\/\/www.elementlogic.net\/fr\/solutions-et-services\/reussite-client\/analyse\/"]}]},{"@type":"BreadcrumbList","@id":"https:\/\/www.elementlogic.net\/fr\/solutions-et-services\/reussite-client\/analyse\/#breadcrumb","itemListElement":[{"@type":"ListItem","position":1,"name":"Solutions &amp; services","item":"https:\/\/www.elementlogic.net\/fr\/solutions-et-services\/"},{"@type":"ListItem","position":2,"name":"R\u00e9ussite client","item":"https:\/\/www.elementlogic.net\/fr\/solutions-et-services\/reussite-client\/"},{"@type":"ListItem","position":3,"name":"Analyse et optimisation"}]},{"@type":"WebSite","@id":"https:\/\/www.elementlogic.net\/fr\/#website","url":"https:\/\/www.elementlogic.net\/fr\/","name":"Element Logic France","description":"","potentialAction":[{"@type":"SearchAction","target":{"@type":"EntryPoint","urlTemplate":"https:\/\/www.elementlogic.net\/fr\/?s={search_term_string}"},"query-input":{"@type":"PropertyValueSpecification","valueRequired":true,"valueName":"search_term_string"}}],"inLanguage":"fr-FR"}]}},"_links":{"self":[{"href":"https:\/\/www.elementlogic.net\/fr\/wp-json\/wp\/v2\/pages\/2506"}],"collection":[{"href":"https:\/\/www.elementlogic.net\/fr\/wp-json\/wp\/v2\/pages"}],"about":[{"href":"https:\/\/www.elementlogic.net\/fr\/wp-json\/wp\/v2\/types\/page"}],"author":[{"embeddable":true,"href":"https:\/\/www.elementlogic.net\/fr\/wp-json\/wp\/v2\/users\/2"}],"replies":[{"embeddable":true,"href":"https:\/\/www.elementlogic.net\/fr\/wp-json\/wp\/v2\/comments?post=2506"}],"version-history":[{"count":4,"href":"https:\/\/www.elementlogic.net\/fr\/wp-json\/wp\/v2\/pages\/2506\/revisions"}],"predecessor-version":[{"id":2909,"href":"https:\/\/www.elementlogic.net\/fr\/wp-json\/wp\/v2\/pages\/2506\/revisions\/2909"}],"up":[{"embeddable":true,"href":"https:\/\/www.elementlogic.net\/fr\/wp-json\/wp\/v2\/pages\/2504"}],"wp:attachment":[{"href":"https:\/\/www.elementlogic.net\/fr\/wp-json\/wp\/v2\/media?parent=2506"}],"curies":[{"name":"wp","href":"https:\/\/api.w.org\/{rel}","templated":true}]}}