{"id":2508,"date":"2026-03-25T16:32:47","date_gmt":"2026-03-25T16:32:47","guid":{"rendered":"https:\/\/www.elementlogic.net\/fr\/?page_id=2508"},"modified":"2026-03-25T16:48:48","modified_gmt":"2026-03-25T16:48:48","slug":"maintenance","status":"publish","type":"page","link":"https:\/\/www.elementlogic.net\/fr\/solutions-et-services\/reussite-client\/maintenance\/","title":{"rendered":"Maintenance"},"content":{"rendered":"\n\t\t<div style=\"--dekode-hero-dim:0.5; --t2-icon-fill:var(--wp--preset--color--white);\" class=\"alignfull dekode-hero-content-position-center has-media-background wp-block-dekode-hero has-text-color has-white-color\">\n\t\t\t<img loading=\"lazy\" decoding=\"async\" width=\"1024\" height=\"429\" src=\"https:\/\/www.elementlogic.net\/content\/uploads\/sites\/18\/2026\/03\/Wallpaper-10-scaled-2-1024x429.jpg\" class=\"dekode-hero__image\" alt=\"\" style=\"--focalpoint: 50% 50%;\" srcset=\"https:\/\/www.elementlogic.net\/content\/uploads\/sites\/18\/2026\/03\/Wallpaper-10-scaled-2-1024x429.jpg 1024w, https:\/\/www.elementlogic.net\/content\/uploads\/sites\/18\/2026\/03\/Wallpaper-10-scaled-2-300x126.jpg 300w, https:\/\/www.elementlogic.net\/content\/uploads\/sites\/18\/2026\/03\/Wallpaper-10-scaled-2-768x322.jpg 768w, https:\/\/www.elementlogic.net\/content\/uploads\/sites\/18\/2026\/03\/Wallpaper-10-scaled-2-1536x643.jpg 1536w, https:\/\/www.elementlogic.net\/content\/uploads\/sites\/18\/2026\/03\/Wallpaper-10-scaled-2-2048x858.jpg 2048w\" sizes=\"(max-width: 1024px) 100vw, 1024px\" \/>\n\t\t\t<div class=\"dekode-hero__content\">\n\t\t\t\t<div class=\"dekode-hero__container\">\n\t\t\t\t\t\n\n<h1 class=\"wp-block-heading\" id=\"h-maintenance\"><strong>Maintenance<\/strong><\/h1>\n\n\n<p class=\"t2-ingress wp-block-t2-ingress\"><strong>Garantir la fiabilit\u00e9 et la disponibilit\u00e9 de votre syst\u00e8me d\u2019automatisation<\/strong><\/p>\n\n\t\t\t\t<\/div>\n\t\t\t<\/div>\n\t\t<\/div>\n\t\t\n\n\n<h2 class=\"wp-block-heading\" id=\"h-la-maintenance-au-coeur-de-votre-reussite-operationnelle\">La maintenance au c\u0153ur de votre r\u00e9ussite op\u00e9rationnelle<\/h2>\n\n\n\n<p>La maintenance ne se limite pas \u00e0 la r\u00e9solution d\u2019incidents ponctuels. Elle joue un r\u00f4le d\u00e9terminant dans la capacit\u00e9 de votre entrep\u00f4t automatis\u00e9 \u00e0 maintenir un haut niveau de performance dans la dur\u00e9e. Int\u00e9gr\u00e9e \u00e0 l\u2019approche Customer Success d\u2019Element Logic, notre maintenance vise \u00e0 garantir la fiabilit\u00e9, l\u2019efficacit\u00e9 op\u00e9rationnelle et la p\u00e9rennit\u00e9 de vos syst\u00e8mes d\u2019automatisation, aujourd\u2019hui comme pour demain.<\/p>\n\n\n\n<h2 class=\"wp-block-heading\" id=\"h-une-maintenance-proactive-et-planifiee\">Une maintenance proactive et planifi\u00e9e<\/h2>\n\n\n\n<p>D\u00e8s la mise en service de votre solution d\u2019automatisation d\u2019entrep\u00f4t, nos \u00e9quipes travaillent \u00e0 vos c\u00f4t\u00e9s pour d\u00e9finir un programme de maintenance parfaitement align\u00e9 avec vos contraintes op\u00e9rationnelles et vos objectifs de performance.<\/p>\n\n\n\n<p>Nous r\u00e9alisons des interventions r\u00e9guli\u00e8res (inspections, op\u00e9rations de nettoyage, remplacements pr\u00e9ventifs de pi\u00e8ces et contr\u00f4les techniques) sur l\u2019ensemble des composants critiques : robots, convoyeurs, logiciels et syst\u00e8mes de pilotage. Ces actions anticip\u00e9es permettent de limiter l\u2019usure, de pr\u00e9venir les d\u00e9faillances et d\u2019\u00e9viter les arr\u00eats non planifi\u00e9s de votre supply chain.<\/p>\n\n\n\n<p>Les op\u00e9rations de maintenance sont planifi\u00e9es avec soin, en \u00e9troite coordination avec vos \u00e9quipes, afin de r\u00e9duire l\u2019impact sur votre activit\u00e9, respecter les p\u00e9riodes de forte charge et garantir la continuit\u00e9 de vos op\u00e9rations logistiques.<\/p>\n\n\n\n\t\t<div class=\"alignwide is-mode-constrained is-gap-center wp-block-t2-simple-media-text   \">\n\t\t\t<div class=\"t2-simple-media-text__container\">\n\t\t\t\t<div class=\"t2-simple-media-text__image\"><img loading=\"lazy\" decoding=\"async\" width=\"768\" height=\"322\" src=\"https:\/\/www.elementlogic.net\/content\/uploads\/sites\/18\/2026\/03\/Wallpaper-2-scaled-2-768x322.jpg\" class=\"\" alt=\"\" style=\"--focalpoint: 50% 50%;\" srcset=\"https:\/\/www.elementlogic.net\/content\/uploads\/sites\/18\/2026\/03\/Wallpaper-2-scaled-2-768x322.jpg 768w, https:\/\/www.elementlogic.net\/content\/uploads\/sites\/18\/2026\/03\/Wallpaper-2-scaled-2-300x126.jpg 300w, https:\/\/www.elementlogic.net\/content\/uploads\/sites\/18\/2026\/03\/Wallpaper-2-scaled-2-1024x429.jpg 1024w, https:\/\/www.elementlogic.net\/content\/uploads\/sites\/18\/2026\/03\/Wallpaper-2-scaled-2-1536x643.jpg 1536w, https:\/\/www.elementlogic.net\/content\/uploads\/sites\/18\/2026\/03\/Wallpaper-2-scaled-2-2048x858.jpg 2048w\" sizes=\"(max-width: 768px) 100vw, 768px\" \/><\/div>\n\t\t\t\t<div class=\"t2-simple-media-text__content-container\">\n\t\t\t\t\t<div class=\"t2-simple-media-text__content\">\n\t\t\t\t\t\t<div class=\"t2-simple-media-text__content-inner\">\n\t\t\t\t\t\t\t\n\n<h3 class=\"wp-block-heading\" id=\"h-surveillance-continue-et-detection-precoce-de-l-usure\">Surveillance continue et d\u00e9tection pr\u00e9coce de l\u2019usure<\/h3>\n\n\n\n<p>Gr\u00e2ce \u00e0 des outils avanc\u00e9s tels que la <strong>Warehouse Intelligence Platform<\/strong>, nous assurons un suivi permanent de l\u2019\u00e9tat de sant\u00e9 de votre syst\u00e8me d\u2019automatisation. Des indicateurs cl\u00e9s (comportement des robots, performance des moteurs, tension des courroies, usure des composants ou charge du syst\u00e8me) sont analys\u00e9s en continu.<\/p>\n\n\n\n<p>Cette surveillance permet d\u2019identifier tr\u00e8s t\u00f4t les signaux faibles : d\u00e9gradation progressive de pi\u00e8ces, comportements anormaux, d\u00e9rives de capteurs ou anomalies r\u00e9currentes. D\u00e8s qu\u2019un risque est d\u00e9tect\u00e9, nos \u00e9quipes interviennent de mani\u00e8re cibl\u00e9e, par des ajustements ou des actions pr\u00e9ventives, avant que ces situations n\u2019impactent vos op\u00e9rations logistiques.<\/p>\n\n\n\t\t\t\t\t\t<\/div>\n\t\t\t\t\t<\/div>\n\t\t\t\t<\/div>\n\t\t\t<\/div>\n\t\t<\/div>\n\t\t\n\n\n\t\t<div class=\"alignwide is-mode-constrained is-gap-center has-media-on-the-right wp-block-t2-simple-media-text   \">\n\t\t\t<div class=\"t2-simple-media-text__container\">\n\t\t\t\t<div class=\"t2-simple-media-text__image\"><img loading=\"lazy\" decoding=\"async\" width=\"768\" height=\"512\" src=\"https:\/\/www.elementlogic.net\/content\/uploads\/sites\/18\/2026\/03\/MFH-Royal-Design5-28167272-1-1-768x512.jpg\" class=\"\" alt=\"\" style=\"--focalpoint: 50% 50%;\" srcset=\"https:\/\/www.elementlogic.net\/content\/uploads\/sites\/18\/2026\/03\/MFH-Royal-Design5-28167272-1-1-768x512.jpg 768w, https:\/\/www.elementlogic.net\/content\/uploads\/sites\/18\/2026\/03\/MFH-Royal-Design5-28167272-1-1-300x200.jpg 300w, https:\/\/www.elementlogic.net\/content\/uploads\/sites\/18\/2026\/03\/MFH-Royal-Design5-28167272-1-1-1024x683.jpg 1024w, https:\/\/www.elementlogic.net\/content\/uploads\/sites\/18\/2026\/03\/MFH-Royal-Design5-28167272-1-1.jpg 1080w\" sizes=\"(max-width: 768px) 100vw, 768px\" \/><\/div>\n\t\t\t\t<div class=\"t2-simple-media-text__content-container\">\n\t\t\t\t\t<div class=\"t2-simple-media-text__content\">\n\t\t\t\t\t\t<div class=\"t2-simple-media-text__content-inner\">\n\t\t\t\t\t\t\t\n\n<h3 class=\"wp-block-heading\" id=\"h-une-maintenance-predictive-pour-une-fiabilite-renforcee-nbsp\"><strong>Une maintenance pr\u00e9dictive pour une fiabilit\u00e9 renforc\u00e9e&nbsp;<\/strong><\/h3>\n\n\n\n<p>Nous ne nous contentons pas de r\u00e9agir. Nous anticipons.<\/p>\n\n\n\n<p><br>En s\u2019appuyant sur l\u2019analyse de donn\u00e9es, les datas issues des capteurs et l\u2019observation des tendances, notre approche de la maintenance pr\u00e9dictive avanc\u00e9e, permettant notamment de :<\/p>\n\n\n\n<p>&#8211; Anticiper les d\u00e9faillances potentielles des robots et des syst\u00e8mes d\u2019entra\u00eenement<br>&#8211; Planifier les interventions sur les convoyeurs et les syst\u00e8mes de tri, avant l\u2019apparition de glissements ou de d\u00e9salignements<br>&#8211; D\u00e9tecter les anomalies r\u00e9seau, les pics de consommation \u00e9nerg\u00e9tique ou les signes pr\u00e9coces d\u2019usure des composants<br><\/p>\n\n\n\n<p>Cette approche proactive se traduit par moins d\u2019arr\u00eats impr\u00e9vus, une meilleure disponibilit\u00e9 des \u00e9quipements, une dur\u00e9e de vie prolong\u00e9e des composants et un d\u00e9bit plus stable et pr\u00e9visible de votre entrep\u00f4t automatis\u00e9.<\/p>\n\n\n\t\t\t\t\t\t<\/div>\n\t\t\t\t\t<\/div>\n\t\t\t\t<\/div>\n\t\t\t<\/div>\n\t\t<\/div>\n\t\t\n\n\n<h2 class=\"wp-block-heading\" id=\"h-reduire-les-interruptions-et-prolonger-la-duree-de-vie-des-equipements-nbsp\">R\u00e9duire les interruptions et prolonger la dur\u00e9e de vie des \u00e9quipements&nbsp;<\/h2>\n\n\n\n<p>Nous savons que chaque intervention de maintenance a un impact op\u00e9rationnel, qu\u2019il s\u2019agisse de disponibilit\u00e9, de planification ou de mobilisation des ressources. C\u2019est pourquoi notre approche vise \u00e0 r\u00e9duire les perturbations, tout en maximisant la long\u00e9vit\u00e9 de vos \u00e9quipements automatis\u00e9s :<\/p>\n\n\n\n<ul class=\"wp-block-list\">\n<li>Interventions planifi\u00e9es, lorsque cela est possible, en dehors des p\u00e9riodes de forte activit\u00e9 de votre entrep\u00f4t<\/li>\n<\/ul>\n\n\n\n<ul class=\"wp-block-list\">\n<li>Disponibilit\u00e9 de pi\u00e8ces d\u00e9tach\u00e9es pour garantir des remplacements rapides et efficaces<\/li>\n<\/ul>\n\n\n\n<ul class=\"wp-block-list\">\n<li>Acc\u00e8s coordonn\u00e9 aux robots et aux syst\u00e8mes de convoyage afin de pr\u00e9server les op\u00e9rations critiques<\/li>\n<\/ul>\n\n\n\n<ul class=\"wp-block-list\">\n<li>Communication claire et planification conjointe avec vos \u00e9quipes op\u00e9rationnelles<\/li>\n<\/ul>\n\n\n\n<p>La maintenance s\u2019inscrit \u00e9galement dans nos revues r\u00e9guli\u00e8res Customer Success, ce qui nous permet d\u2019ajuster en continu notre approche en fonction de vos pics saisonniers, de vos projets de croissance et de l\u2019\u00e9volution de l\u2019utilisation de votre syst\u00e8me automatis\u00e9.<\/p>\n\n\n\n<h2 class=\"wp-block-heading\" id=\"h-pourquoi-la-maintenance-element-logic-est-essentielle\"><strong>Pourquoi la maintenance Element Logic est essentielle<\/strong><\/h2>\n\n\n\n<ul class=\"wp-block-list\">\n<li><strong>Disponibilit\u00e9 accrue<\/strong> : moins d\u2019incidents, des op\u00e9rations plus stables et plus pr\u00e9visibles.<\/li>\n<\/ul>\n\n\n\n<ul class=\"wp-block-list\">\n<li><strong>Ma\u00eetrise des co\u00fbts optimis\u00e9e <\/strong>: un entretien r\u00e9gulier limite l\u2019usure pr\u00e9matur\u00e9e, r\u00e9duit les d\u00e9faillances et prolonge la dur\u00e9e de vie des \u00e9quipements.<\/li>\n<\/ul>\n\n\n\n<ul class=\"wp-block-list\">\n<li><strong>Performance dans la dur\u00e9e<\/strong> : le syst\u00e8me conserve son niveau de d\u00e9bit, de pr\u00e9cision et de fiabilit\u00e9 au fil du temps.<\/li>\n<\/ul>\n\n\n\n<ul class=\"wp-block-list\">\n<li><strong>Capacit\u00e9 d\u2019adaptation<\/strong> : votre installation conserve sa capacit\u00e9 \u00e0 accompagner la croissance, l\u2019\u00e9volution des votre catalogue et les variations d\u2019activit\u00e9, sans arr\u00eats impr\u00e9vus.<\/li>\n\n\n\n<li><strong>Pr\u00eat pour l\u2019avenir<\/strong> : votre syst\u00e8me est pr\u00eat \u00e0 int\u00e9grer de nouveaux flux, produits ou niveaux de charge en toute s\u00e9r\u00e9nit\u00e9<\/li>\n<\/ul>\n\n\n\n\t\t<div class=\"wp-block-dekode-simple-cta\">\n\t\t\t<div class=\"dekode-simple-cta__inner\">\n\n<h3 class=\"wp-block-heading\" id=\"construisons-ensemble-une-maintenance-durable\"><strong>Construisons ensemble une maintenance durable<\/strong><\/h3>\n\n\n<p class=\"t2-ingress wp-block-t2-ingress\">La maintenance n\u2019est pas une option : c\u2019est un levier strat\u00e9gique de performance, de fiabilit\u00e9 et de ma\u00eetrise des co\u00fbts sur le long terme. Avec Element Logic, elle devient un pilier de la r\u00e9ussite durable de votre entrep\u00f4t automatis\u00e9.<\/p>\n\n\n<div class=\"wp-block-buttons is-layout-flex wp-block-buttons-is-layout-flex\">\n<div class=\"wp-block-button has-icon has-icon-theme_arrow\"><a class=\"wp-block-button__link wp-element-button\" href=\"https:\/\/www.elementlogic.net\/fr\/contact\/\">Contactez-nous pour en savoir plus<svg xmlns=\"http:\/\/www.w3.org\/2000\/svg\" viewBox=\"0 0 24 24\" height=\"24\" width=\"24\" class=\"t2-icon t2-icon-theme_arrow\" aria-hidden=\"true\" focusable=\"false\"><path d=\"M16.627 12.75H5.25C5.03717 12.75 4.859 12.6782 4.7155 12.5345C4.57183 12.391 4.5 12.2128 4.5 12C4.5 11.7872 4.57183 11.609 4.7155 11.4655C4.859 11.3218 5.03717 11.25 5.25 11.25H16.627L11.4577 6.08076C11.3091 5.93209 11.2357 5.75809 11.2375 5.55876C11.2395 5.35942 11.318 5.18217 11.473 5.02701C11.6282 4.88217 11.8038 4.80717 12 4.80201C12.1962 4.79684 12.3718 4.87184 12.527 5.02701L18.8673 11.3673C18.9609 11.4609 19.0269 11.5597 19.0652 11.6635C19.1037 11.7673 19.123 11.8795 19.123 12C19.123 12.1205 19.1037 12.2327 19.0652 12.3365C19.0269 12.4403 18.9609 12.5391 18.8673 12.6328L12.527 18.973C12.3885 19.1115 12.217 19.1823 12.0125 19.1855C11.808 19.1887 11.6282 19.1178 11.473 18.973C11.318 18.8178 11.2405 18.6397 11.2405 18.4385C11.2405 18.2372 11.318 18.0589 11.473 17.9038L16.627 12.75Z\" fill=\"var(--t2-icon-fill, #000)\"\/><\/svg><\/a><\/div>\n<\/div>\n\n<\/div>\n\t\t<\/div>\n\n\n<h3 class=\"wp-block-heading\" id=\"decouvrez-nos-services\">D\u00e9couvrez nos services<\/h3>\n\n\n\n\t\t<div style=\"--link-cards-grid-columns: 3\" class=\"dekode-link-cards has-3-columns wp-block-dekode-link-cards\">\n\t\t\t<div class=\"dekode-link-cards__items\">\n\t\t\t\t\n<a class=\"wp-block-dekode-link-card\" href=\"https:\/\/www.elementlogic.net\/fr\/solutions-et-services\/reussite-client\/formation\/\"><img loading=\"lazy\" decoding=\"async\" width=\"768\" height=\"512\" src=\"https:\/\/www.elementlogic.net\/content\/uploads\/sites\/18\/2026\/03\/EL_eLogiq-2-768x512.png\" class=\"\" alt=\"\" \/>\t<div class=\"dekode-link-card__content\">\n\t\t\t\t<p class=\"dekode-link-card__title\">\n\t\t\tFormation\t\t<\/p>\n\t\t\t\t\t<p class=\"dekode-link-card__description\">La formation comme socle de la r\u00e9ussite client<\/p>\n\t\t\t<\/div>\n\t<\/a>\n\n<a class=\"wp-block-dekode-link-card\" href=\"https:\/\/www.elementlogic.net\/fr\/solutions-et-services\/reussite-client\/analyse\/\"><img loading=\"lazy\" decoding=\"async\" width=\"768\" height=\"512\" src=\"https:\/\/www.elementlogic.net\/content\/uploads\/sites\/18\/2026\/03\/EL_eLogiq_-11-1024x683-1-768x512.jpg\" class=\"\" alt=\"\" \/>\t<div class=\"dekode-link-card__content\">\n\t\t\t\t<p class=\"dekode-link-card__title\">\n\t\t\tAnalyse et optimisation\t\t<\/p>\n\t\t\t\t\t<p class=\"dekode-link-card__description\">Cr\u00e9er de la valeur en continu\u00a0<br><\/p>\n\t\t\t<\/div>\n\t<\/a>\n\n<a class=\"wp-block-dekode-link-card\" href=\"https:\/\/www.elementlogic.net\/fr\/solutions-et-services\/reussite-client\/support\/\"><img loading=\"lazy\" decoding=\"async\" width=\"768\" height=\"512\" src=\"https:\/\/www.elementlogic.net\/content\/uploads\/sites\/18\/2026\/03\/support_customer-success-4-768x512.png\" class=\"\" alt=\"\" \/>\t<div class=\"dekode-link-card__content\">\n\t\t\t\t<p class=\"dekode-link-card__title\">\n\t\t\tSupport\t\t<\/p>\n\t\t\t\t\t<p class=\"dekode-link-card__description\">Maintenance : la continuit\u00e9 de vos op\u00e9rations 24h\/24 et 7j\/7<\/p>\n\t\t\t<\/div>\n\t<\/a>\n\n\t\t\t<\/div>\n\t\t<\/div>","protected":false},"excerpt":{"rendered":"<p>La maintenance au c\u0153ur de votre r\u00e9ussite op\u00e9rationnelle La maintenance ne se limite pas \u00e0 la r\u00e9solution d\u2019incidents ponctuels. Elle [&hellip;]<\/p>\n","protected":false},"author":2,"featured_media":2589,"parent":2504,"menu_order":0,"comment_status":"closed","ping_status":"closed","template":"","meta":{"hreflang_relation":4813,"_el_cross_publish_source_blog_url":"","_el_cross_publish_source_blog_id":0,"_el_cross_publish_source_post_id":0,"_el_cross_publish_sync_state":"","exclude_from_search":false,"footnotes":""},"class_list":["post-2508","page","type-page","status-publish","has-post-thumbnail","hentry"],"yoast_head":"<!-- This site is optimized with the Yoast SEO Premium plugin v23.9 (Yoast SEO v23.9) - https:\/\/yoast.com\/wordpress\/plugins\/seo\/ -->\n<title>Maintenance : garantir les performances de votre entrep\u00f4t<\/title>\n<meta name=\"description\" content=\"Assurez la fiabilit\u00e9 et la disponibilit\u00e9 de votre entrep\u00f4t gr\u00e2ce \u00e0 une maintenance proactive et pr\u00e9dictive adapt\u00e9e \u00e0 vos op\u00e9rations.\" \/>\n<meta name=\"robots\" content=\"index, follow, max-snippet:-1, max-image-preview:large, max-video-preview:-1\" \/>\n<link rel=\"canonical\" href=\"https:\/\/www.elementlogic.net\/fr\/solutions-et-services\/reussite-client\/maintenance\/\" \/>\n<meta property=\"og:locale\" content=\"fr_FR\" \/>\n<meta property=\"og:type\" content=\"article\" \/>\n<meta property=\"og:title\" content=\"Maintenance\" \/>\n<meta property=\"og:description\" content=\"Assurez la fiabilit\u00e9 et la disponibilit\u00e9 de votre entrep\u00f4t gr\u00e2ce \u00e0 une maintenance proactive et pr\u00e9dictive adapt\u00e9e \u00e0 vos op\u00e9rations.\" \/>\n<meta property=\"og:url\" content=\"https:\/\/www.elementlogic.net\/fr\/solutions-et-services\/reussite-client\/maintenance\/\" \/>\n<meta property=\"og:site_name\" content=\"Element Logic France\" \/>\n<meta property=\"article:modified_time\" content=\"2026-03-25T16:48:48+00:00\" \/>\n<meta property=\"og:image\" content=\"https:\/\/www.elementlogic.net\/content\/uploads\/sites\/18\/2026\/03\/Wallpaper-10-scaled-2.jpg\" \/>\n\t<meta property=\"og:image:width\" content=\"2560\" \/>\n\t<meta property=\"og:image:height\" content=\"1072\" \/>\n\t<meta property=\"og:image:type\" content=\"image\/jpeg\" \/>\n<meta name=\"twitter:card\" content=\"summary_large_image\" \/>\n<meta name=\"twitter:label1\" content=\"Dur\u00e9e de lecture estim\u00e9e\" \/>\n\t<meta name=\"twitter:data1\" content=\"4 minutes\" \/>\n<script type=\"application\/ld+json\" class=\"yoast-schema-graph\">{\"@context\":\"https:\/\/schema.org\",\"@graph\":[{\"@type\":\"WebPage\",\"@id\":\"https:\/\/www.elementlogic.net\/fr\/solutions-et-services\/reussite-client\/maintenance\/\",\"url\":\"https:\/\/www.elementlogic.net\/fr\/solutions-et-services\/reussite-client\/maintenance\/\",\"name\":\"Maintenance : garantir les performances de votre entrep\u00f4t\",\"isPartOf\":{\"@id\":\"https:\/\/www.elementlogic.net\/fr\/#website\"},\"primaryImageOfPage\":{\"@id\":\"https:\/\/www.elementlogic.net\/fr\/solutions-et-services\/reussite-client\/maintenance\/#primaryimage\"},\"image\":{\"@id\":\"https:\/\/www.elementlogic.net\/fr\/solutions-et-services\/reussite-client\/maintenance\/#primaryimage\"},\"thumbnailUrl\":\"https:\/\/www.elementlogic.net\/content\/uploads\/sites\/18\/2026\/03\/Wallpaper-10-scaled-2.jpg\",\"datePublished\":\"2026-03-25T16:32:47+00:00\",\"dateModified\":\"2026-03-25T16:48:48+00:00\",\"description\":\"Assurez la fiabilit\u00e9 et la disponibilit\u00e9 de votre entrep\u00f4t gr\u00e2ce \u00e0 une maintenance proactive et pr\u00e9dictive adapt\u00e9e \u00e0 vos op\u00e9rations.\",\"breadcrumb\":{\"@id\":\"https:\/\/www.elementlogic.net\/fr\/solutions-et-services\/reussite-client\/maintenance\/#breadcrumb\"},\"inLanguage\":\"fr-FR\",\"potentialAction\":[{\"@type\":\"ReadAction\",\"target\":[\"https:\/\/www.elementlogic.net\/fr\/solutions-et-services\/reussite-client\/maintenance\/\"]}]},{\"@type\":\"ImageObject\",\"inLanguage\":\"fr-FR\",\"@id\":\"https:\/\/www.elementlogic.net\/fr\/solutions-et-services\/reussite-client\/maintenance\/#primaryimage\",\"url\":\"https:\/\/www.elementlogic.net\/content\/uploads\/sites\/18\/2026\/03\/Wallpaper-10-scaled-2.jpg\",\"contentUrl\":\"https:\/\/www.elementlogic.net\/content\/uploads\/sites\/18\/2026\/03\/Wallpaper-10-scaled-2.jpg\",\"width\":2560,\"height\":1072},{\"@type\":\"BreadcrumbList\",\"@id\":\"https:\/\/www.elementlogic.net\/fr\/solutions-et-services\/reussite-client\/maintenance\/#breadcrumb\",\"itemListElement\":[{\"@type\":\"ListItem\",\"position\":1,\"name\":\"Solutions &amp; services\",\"item\":\"https:\/\/www.elementlogic.net\/fr\/solutions-et-services\/\"},{\"@type\":\"ListItem\",\"position\":2,\"name\":\"R\u00e9ussite client\",\"item\":\"https:\/\/www.elementlogic.net\/fr\/solutions-et-services\/reussite-client\/\"},{\"@type\":\"ListItem\",\"position\":3,\"name\":\"Maintenance\"}]},{\"@type\":\"WebSite\",\"@id\":\"https:\/\/www.elementlogic.net\/fr\/#website\",\"url\":\"https:\/\/www.elementlogic.net\/fr\/\",\"name\":\"Element Logic France\",\"description\":\"\",\"potentialAction\":[{\"@type\":\"SearchAction\",\"target\":{\"@type\":\"EntryPoint\",\"urlTemplate\":\"https:\/\/www.elementlogic.net\/fr\/?s={search_term_string}\"},\"query-input\":{\"@type\":\"PropertyValueSpecification\",\"valueRequired\":true,\"valueName\":\"search_term_string\"}}],\"inLanguage\":\"fr-FR\"}]}<\/script>\n<!-- \/ Yoast SEO Premium plugin. -->","yoast_head_json":{"title":"Maintenance : garantir les performances de votre entrep\u00f4t","description":"Assurez la fiabilit\u00e9 et la disponibilit\u00e9 de votre entrep\u00f4t gr\u00e2ce \u00e0 une maintenance proactive et pr\u00e9dictive adapt\u00e9e \u00e0 vos op\u00e9rations.","robots":{"index":"index","follow":"follow","max-snippet":"max-snippet:-1","max-image-preview":"max-image-preview:large","max-video-preview":"max-video-preview:-1"},"canonical":"https:\/\/www.elementlogic.net\/fr\/solutions-et-services\/reussite-client\/maintenance\/","og_locale":"fr_FR","og_type":"article","og_title":"Maintenance","og_description":"Assurez la fiabilit\u00e9 et la disponibilit\u00e9 de votre entrep\u00f4t gr\u00e2ce \u00e0 une maintenance proactive et pr\u00e9dictive adapt\u00e9e \u00e0 vos op\u00e9rations.","og_url":"https:\/\/www.elementlogic.net\/fr\/solutions-et-services\/reussite-client\/maintenance\/","og_site_name":"Element Logic France","article_modified_time":"2026-03-25T16:48:48+00:00","og_image":[{"width":2560,"height":1072,"url":"https:\/\/www.elementlogic.net\/content\/uploads\/sites\/18\/2026\/03\/Wallpaper-10-scaled-2.jpg","type":"image\/jpeg"}],"twitter_card":"summary_large_image","twitter_misc":{"Dur\u00e9e de lecture estim\u00e9e":"4 minutes"},"schema":{"@context":"https:\/\/schema.org","@graph":[{"@type":"WebPage","@id":"https:\/\/www.elementlogic.net\/fr\/solutions-et-services\/reussite-client\/maintenance\/","url":"https:\/\/www.elementlogic.net\/fr\/solutions-et-services\/reussite-client\/maintenance\/","name":"Maintenance : garantir les performances de votre entrep\u00f4t","isPartOf":{"@id":"https:\/\/www.elementlogic.net\/fr\/#website"},"primaryImageOfPage":{"@id":"https:\/\/www.elementlogic.net\/fr\/solutions-et-services\/reussite-client\/maintenance\/#primaryimage"},"image":{"@id":"https:\/\/www.elementlogic.net\/fr\/solutions-et-services\/reussite-client\/maintenance\/#primaryimage"},"thumbnailUrl":"https:\/\/www.elementlogic.net\/content\/uploads\/sites\/18\/2026\/03\/Wallpaper-10-scaled-2.jpg","datePublished":"2026-03-25T16:32:47+00:00","dateModified":"2026-03-25T16:48:48+00:00","description":"Assurez la fiabilit\u00e9 et la disponibilit\u00e9 de votre entrep\u00f4t gr\u00e2ce \u00e0 une maintenance proactive et pr\u00e9dictive adapt\u00e9e \u00e0 vos op\u00e9rations.","breadcrumb":{"@id":"https:\/\/www.elementlogic.net\/fr\/solutions-et-services\/reussite-client\/maintenance\/#breadcrumb"},"inLanguage":"fr-FR","potentialAction":[{"@type":"ReadAction","target":["https:\/\/www.elementlogic.net\/fr\/solutions-et-services\/reussite-client\/maintenance\/"]}]},{"@type":"ImageObject","inLanguage":"fr-FR","@id":"https:\/\/www.elementlogic.net\/fr\/solutions-et-services\/reussite-client\/maintenance\/#primaryimage","url":"https:\/\/www.elementlogic.net\/content\/uploads\/sites\/18\/2026\/03\/Wallpaper-10-scaled-2.jpg","contentUrl":"https:\/\/www.elementlogic.net\/content\/uploads\/sites\/18\/2026\/03\/Wallpaper-10-scaled-2.jpg","width":2560,"height":1072},{"@type":"BreadcrumbList","@id":"https:\/\/www.elementlogic.net\/fr\/solutions-et-services\/reussite-client\/maintenance\/#breadcrumb","itemListElement":[{"@type":"ListItem","position":1,"name":"Solutions &amp; services","item":"https:\/\/www.elementlogic.net\/fr\/solutions-et-services\/"},{"@type":"ListItem","position":2,"name":"R\u00e9ussite client","item":"https:\/\/www.elementlogic.net\/fr\/solutions-et-services\/reussite-client\/"},{"@type":"ListItem","position":3,"name":"Maintenance"}]},{"@type":"WebSite","@id":"https:\/\/www.elementlogic.net\/fr\/#website","url":"https:\/\/www.elementlogic.net\/fr\/","name":"Element Logic France","description":"","potentialAction":[{"@type":"SearchAction","target":{"@type":"EntryPoint","urlTemplate":"https:\/\/www.elementlogic.net\/fr\/?s={search_term_string}"},"query-input":{"@type":"PropertyValueSpecification","valueRequired":true,"valueName":"search_term_string"}}],"inLanguage":"fr-FR"}]}},"_links":{"self":[{"href":"https:\/\/www.elementlogic.net\/fr\/wp-json\/wp\/v2\/pages\/2508"}],"collection":[{"href":"https:\/\/www.elementlogic.net\/fr\/wp-json\/wp\/v2\/pages"}],"about":[{"href":"https:\/\/www.elementlogic.net\/fr\/wp-json\/wp\/v2\/types\/page"}],"author":[{"embeddable":true,"href":"https:\/\/www.elementlogic.net\/fr\/wp-json\/wp\/v2\/users\/2"}],"replies":[{"embeddable":true,"href":"https:\/\/www.elementlogic.net\/fr\/wp-json\/wp\/v2\/comments?post=2508"}],"version-history":[{"count":5,"href":"https:\/\/www.elementlogic.net\/fr\/wp-json\/wp\/v2\/pages\/2508\/revisions"}],"predecessor-version":[{"id":2911,"href":"https:\/\/www.elementlogic.net\/fr\/wp-json\/wp\/v2\/pages\/2508\/revisions\/2911"}],"up":[{"embeddable":true,"href":"https:\/\/www.elementlogic.net\/fr\/wp-json\/wp\/v2\/pages\/2504"}],"wp:featuredmedia":[{"embeddable":true,"href":"https:\/\/www.elementlogic.net\/fr\/wp-json\/wp\/v2\/media\/2589"}],"wp:attachment":[{"href":"https:\/\/www.elementlogic.net\/fr\/wp-json\/wp\/v2\/media?parent=2508"}],"curies":[{"name":"wp","href":"https:\/\/api.w.org\/{rel}","templated":true}]}}