{"id":2510,"date":"2026-03-25T16:25:44","date_gmt":"2026-03-25T16:25:44","guid":{"rendered":"https:\/\/www.elementlogic.net\/fr\/?page_id=2510"},"modified":"2026-03-25T16:49:26","modified_gmt":"2026-03-25T16:49:26","slug":"support","status":"publish","type":"page","link":"https:\/\/www.elementlogic.net\/fr\/solutions-et-services\/reussite-client\/support\/","title":{"rendered":"Support"},"content":{"rendered":"\n\t\t<div style=\"--dekode-hero-dim:0.5; --t2-icon-fill:var(--wp--preset--color--white);\" class=\"alignfull dekode-hero-content-position-center has-media-background wp-block-dekode-hero has-text-color has-white-color\">\n\t\t\t<img loading=\"lazy\" decoding=\"async\" width=\"1024\" height=\"664\" src=\"https:\/\/www.elementlogic.net\/content\/uploads\/sites\/18\/2026\/03\/Element-Logic-and-Bergaard-Amundsen-People-3-1024x664.jpg\" class=\"dekode-hero__image\" alt=\"\" style=\"--focalpoint: 52% 11%;\" srcset=\"https:\/\/www.elementlogic.net\/content\/uploads\/sites\/18\/2026\/03\/Element-Logic-and-Bergaard-Amundsen-People-3-1024x664.jpg 1024w, https:\/\/www.elementlogic.net\/content\/uploads\/sites\/18\/2026\/03\/Element-Logic-and-Bergaard-Amundsen-People-3-300x194.jpg 300w, https:\/\/www.elementlogic.net\/content\/uploads\/sites\/18\/2026\/03\/Element-Logic-and-Bergaard-Amundsen-People-3-768x498.jpg 768w, https:\/\/www.elementlogic.net\/content\/uploads\/sites\/18\/2026\/03\/Element-Logic-and-Bergaard-Amundsen-People-3-1536x996.jpg 1536w, https:\/\/www.elementlogic.net\/content\/uploads\/sites\/18\/2026\/03\/Element-Logic-and-Bergaard-Amundsen-People-3.jpg 1600w\" sizes=\"(max-width: 1024px) 100vw, 1024px\" \/>\n\t\t\t<div class=\"dekode-hero__content\">\n\t\t\t\t<div class=\"dekode-hero__container\">\n\t\t\t\t\t\n\n<p><strong>Support : une assistance 24h\/24 et 7j\/7 pour assurer la continuit\u00e9 de vos op\u00e9rations logistiques<\/strong><\/p>\n\n\n\n<h1 class=\"wp-block-heading\" id=\"h-support\">Support<\/h1>\n\n\n<p class=\"t2-ingress wp-block-t2-ingress\"><strong>Toujours disponible, toujours fiable<\/strong><\/p>\n\n\n<div class=\"wp-block-buttons is-layout-flex wp-block-buttons-is-layout-flex\">\n<div class=\"wp-block-button\"><a class=\"wp-block-button__link wp-element-button\" href=\"https:\/\/www.elementlogic.net\/fr\/contact\/\">Contactez-nous<\/a><\/div>\n<\/div>\n\n\n\t\t\t\t<\/div>\n\t\t\t<\/div>\n\t\t<\/div>\n\t\t\n\n\n<p>La disponibilit\u00e9 est essentielle au bon fonctionnement de votre entrep\u00f4t. C\u2019est pourquoi Element Logic propose une assistance d\u00e9di\u00e9e, accessible 24h\/24 et 7j\/7. Les \u00e9quipes Customer Success Support assurent le bon fonctionnement de l\u2019ensemble de vos solutions (logiciels, \u00e9quipements automatis\u00e9s et syst\u00e8mes int\u00e9gr\u00e9s) afin de garantir des op\u00e9rations fiables, des d\u00e9lais de livraison respect\u00e9s et une continuit\u00e9 logistique sans interruption.<\/p>\n\n\n\n\t\t<div class=\"alignwide is-mode-constrained is-gap-center wp-block-t2-simple-media-text   \">\n\t\t\t<div class=\"t2-simple-media-text__container\">\n\t\t\t\t<div class=\"t2-simple-media-text__image\"><img loading=\"lazy\" decoding=\"async\" width=\"768\" height=\"576\" src=\"https:\/\/www.elementlogic.net\/content\/uploads\/sites\/18\/2026\/03\/Element-Logic_AutoStore-support-aftermarket-scaled-1-768x576.jpg\" class=\"\" alt=\"\" style=\"--focalpoint: 50% 50%;\" srcset=\"https:\/\/www.elementlogic.net\/content\/uploads\/sites\/18\/2026\/03\/Element-Logic_AutoStore-support-aftermarket-scaled-1-768x576.jpg 768w, https:\/\/www.elementlogic.net\/content\/uploads\/sites\/18\/2026\/03\/Element-Logic_AutoStore-support-aftermarket-scaled-1-300x225.jpg 300w, https:\/\/www.elementlogic.net\/content\/uploads\/sites\/18\/2026\/03\/Element-Logic_AutoStore-support-aftermarket-scaled-1-1024x768.jpg 1024w, https:\/\/www.elementlogic.net\/content\/uploads\/sites\/18\/2026\/03\/Element-Logic_AutoStore-support-aftermarket-scaled-1-1536x1152.jpg 1536w, https:\/\/www.elementlogic.net\/content\/uploads\/sites\/18\/2026\/03\/Element-Logic_AutoStore-support-aftermarket-scaled-1-2048x1536.jpg 2048w\" sizes=\"(max-width: 768px) 100vw, 768px\" \/><\/div>\n\t\t\t\t<div class=\"t2-simple-media-text__content-container\">\n\t\t\t\t\t<div class=\"t2-simple-media-text__content\">\n\t\t\t\t\t\t<div class=\"t2-simple-media-text__content-inner\">\n\t\t\t\t\t\t\t\n\n<h3 class=\"wp-block-heading\" id=\"h-une-assistance-dediee-et-reactive\">Une assistance d\u00e9di\u00e9e et r\u00e9active<\/h3>\n\n\n\n<p>Lorsque des incidents surviennent, chaque minute compte. Nos \u00e9quipes de support interviennent rapidement, partout dans le monde, pour identifier l\u2019origine du probl\u00e8me et mobiliser l\u2019expertise adapt\u00e9e \u00e0 sa r\u00e9solution. Dans la majorit\u00e9 des cas, les incidents sont trait\u00e9s \u00e0 distance via un acc\u00e8s VPN s\u00e9curis\u00e9, ce qui permet de limiter les interruptions et d\u2019acc\u00e9l\u00e9rer le retour \u00e0 la normale. Gr\u00e2ce \u00e0 une supervision proactive des syst\u00e8mes, de nombreuses situations sont d\u00e9tect\u00e9es et corrig\u00e9es en amont, avant m\u00eame qu\u2019elles n\u2019aient un impact sur les op\u00e9rations de l\u2019entrep\u00f4t.<\/p>\n\n\n\n<div class=\"wp-block-buttons is-layout-flex wp-block-buttons-is-layout-flex\">\n<div class=\"wp-block-button is-style-fill has-icon has-icon-theme_arrow\"><a class=\"wp-block-button__link wp-element-button\" href=\"https:\/\/www.elementlogic.net\/fr\/contact\/\">Contactez-nous pour en savoir plus<svg xmlns=\"http:\/\/www.w3.org\/2000\/svg\" viewBox=\"0 0 24 24\" height=\"24\" width=\"24\" class=\"t2-icon t2-icon-theme_arrow\" aria-hidden=\"true\" focusable=\"false\"><path d=\"M16.627 12.75H5.25C5.03717 12.75 4.859 12.6782 4.7155 12.5345C4.57183 12.391 4.5 12.2128 4.5 12C4.5 11.7872 4.57183 11.609 4.7155 11.4655C4.859 11.3218 5.03717 11.25 5.25 11.25H16.627L11.4577 6.08076C11.3091 5.93209 11.2357 5.75809 11.2375 5.55876C11.2395 5.35942 11.318 5.18217 11.473 5.02701C11.6282 4.88217 11.8038 4.80717 12 4.80201C12.1962 4.79684 12.3718 4.87184 12.527 5.02701L18.8673 11.3673C18.9609 11.4609 19.0269 11.5597 19.0652 11.6635C19.1037 11.7673 19.123 11.8795 19.123 12C19.123 12.1205 19.1037 12.2327 19.0652 12.3365C19.0269 12.4403 18.9609 12.5391 18.8673 12.6328L12.527 18.973C12.3885 19.1115 12.217 19.1823 12.0125 19.1855C11.808 19.1887 11.6282 19.1178 11.473 18.973C11.318 18.8178 11.2405 18.6397 11.2405 18.4385C11.2405 18.2372 11.318 18.0589 11.473 17.9038L16.627 12.75Z\" fill=\"var(--t2-icon-fill, #000)\"\/><\/svg><\/a><\/div>\n<\/div>\n\n\n\t\t\t\t\t\t<\/div>\n\t\t\t\t\t<\/div>\n\t\t\t\t<\/div>\n\t\t\t<\/div>\n\t\t<\/div>\n\t\t\n\n\n\t\t<div class=\"alignwide is-mode-constrained is-gap-center has-media-on-the-right wp-block-t2-simple-media-text   \">\n\t\t\t<div class=\"t2-simple-media-text__container\">\n\t\t\t\t<div class=\"t2-simple-media-text__image\"><img loading=\"lazy\" decoding=\"async\" width=\"768\" height=\"640\" src=\"https:\/\/www.elementlogic.net\/content\/uploads\/sites\/18\/2026\/03\/man-scans-at-autostore-768x640.png\" class=\"\" alt=\"\" style=\"--focalpoint: 50% 50%;\" srcset=\"https:\/\/www.elementlogic.net\/content\/uploads\/sites\/18\/2026\/03\/man-scans-at-autostore-768x640.png 768w, https:\/\/www.elementlogic.net\/content\/uploads\/sites\/18\/2026\/03\/man-scans-at-autostore-300x250.png 300w, https:\/\/www.elementlogic.net\/content\/uploads\/sites\/18\/2026\/03\/man-scans-at-autostore-1024x853.png 1024w, https:\/\/www.elementlogic.net\/content\/uploads\/sites\/18\/2026\/03\/man-scans-at-autostore.png 1052w\" sizes=\"(max-width: 768px) 100vw, 768px\" \/><\/div>\n\t\t\t\t<div class=\"t2-simple-media-text__content-container\">\n\t\t\t\t\t<div class=\"t2-simple-media-text__content\">\n\t\t\t\t\t\t<div class=\"t2-simple-media-text__content-inner\">\n\t\t\t\t\t\t\t\n\n<h3 class=\"wp-block-heading\" id=\"h-bien-plus-qu-un-simple-depannage\">Bien plus qu\u2019un simple d\u00e9pannage<\/h3>\n\n\n\n<p>L\u2019assistance Element Logic va au-del\u00e0 de la r\u00e9ponse aux incidents. Elle repose sur une d\u00e9marche structur\u00e9e et \u00e9prouv\u00e9e qui comprend :<br>&#8211; <strong>La gestion des incidents<\/strong>, pour r\u00e9tablir rapidement les op\u00e9rations<br>&#8211; <strong>La gestion des probl\u00e8mes<\/strong>, afin d\u2019en identifier les causes et d\u2019\u00e9viter les r\u00e9currences<br>&#8211; <strong>La gestion des modifications du syst\u00e8me<\/strong>, pour accompagner l\u2019\u00e9volution de votre syst\u00e8me automatis\u00e9 en fonction de votre activit\u00e9<br><br>Cette approche globale garantit \u00e0 la fois la stabilit\u00e9 quotidienne de votre supply chain automatis\u00e9e et la capacit\u00e9 de votre entrep\u00f4t \u00e0 s\u2019adapter durablement aux enjeux de demain.<\/p>\n\n\n\t\t\t\t\t\t<\/div>\n\t\t\t\t\t<\/div>\n\t\t\t\t<\/div>\n\t\t\t<\/div>\n\t\t<\/div>\n\t\t\n\n\n<h2 class=\"wp-block-heading\" id=\"h-un-partenaire-de-confiance-pour-la-performance-de-votre-entrepot\">Un partenaire de confiance pour la performance de votre entrep\u00f4t<\/h2>\n\n\n\n<p>Le support fait partie int\u00e9grante de l\u2019engagement d\u2019Element Logic en faveur de la r\u00e9ussite de ses clients. En travaillant avec nous, vous b\u00e9n\u00e9ficiez non seulement d\u2019une assistance disponible 24h\/24 et 7j\/7, mais aussi de la tranquillit\u00e9 d\u2019esprit li\u00e9e \u00e0 un accompagnement assur\u00e9 par des experts de l\u2019intralogistique et de l\u2019automatisation d\u2019entrep\u00f4t. De la r\u00e9solution rapide des incidents \u00e0 l\u2019am\u00e9lioration continue sur le long terme, nos services support sont con\u00e7us pour r\u00e9duire les risques op\u00e9rationnels, renforcer la disponibilit\u00e9 des syst\u00e8mes automatis\u00e9s et soutenir durablement la performance de vos op\u00e9rations logistiques.<\/p>\n\n\n\n\t\t<div class=\"wp-block-dekode-simple-cta\">\n\t\t\t<div class=\"dekode-simple-cta__inner\">\n\n<h2 class=\"wp-block-heading\" id=\"h-beneficiez-de-notre-support-des-aujourd-hui\">B\u00e9n\u00e9ficiez de notre support d\u00e8s aujourd\u2019hui<\/h2>\n\n\n<p class=\"t2-ingress wp-block-t2-ingress\">Qu\u2019il s\u2019agisse d\u2019une assistance imm\u00e9diate ou de la mise en place d\u2019un dispositif de support renforc\u00e9 dans la dur\u00e9e, Element Logic vous accompagne \u00e0 chaque \u00e9tape pour s\u00e9curiser et optimiser les op\u00e9rations de votre entrep\u00f4t automatis\u00e9.<\/p>\n\n\n<div class=\"wp-block-buttons is-layout-flex wp-block-buttons-is-layout-flex\">\n<div class=\"wp-block-button has-icon has-icon-theme_arrow\"><a class=\"wp-block-button__link wp-element-button\" href=\"https:\/\/www.elementlogic.net\/fr\/contact\/\">Contactez-nous pour en savoir plus<svg xmlns=\"http:\/\/www.w3.org\/2000\/svg\" viewBox=\"0 0 24 24\" height=\"24\" width=\"24\" class=\"t2-icon t2-icon-theme_arrow\" aria-hidden=\"true\" focusable=\"false\"><path d=\"M16.627 12.75H5.25C5.03717 12.75 4.859 12.6782 4.7155 12.5345C4.57183 12.391 4.5 12.2128 4.5 12C4.5 11.7872 4.57183 11.609 4.7155 11.4655C4.859 11.3218 5.03717 11.25 5.25 11.25H16.627L11.4577 6.08076C11.3091 5.93209 11.2357 5.75809 11.2375 5.55876C11.2395 5.35942 11.318 5.18217 11.473 5.02701C11.6282 4.88217 11.8038 4.80717 12 4.80201C12.1962 4.79684 12.3718 4.87184 12.527 5.02701L18.8673 11.3673C18.9609 11.4609 19.0269 11.5597 19.0652 11.6635C19.1037 11.7673 19.123 11.8795 19.123 12C19.123 12.1205 19.1037 12.2327 19.0652 12.3365C19.0269 12.4403 18.9609 12.5391 18.8673 12.6328L12.527 18.973C12.3885 19.1115 12.217 19.1823 12.0125 19.1855C11.808 19.1887 11.6282 19.1178 11.473 18.973C11.318 18.8178 11.2405 18.6397 11.2405 18.4385C11.2405 18.2372 11.318 18.0589 11.473 17.9038L16.627 12.75Z\" fill=\"var(--t2-icon-fill, #000)\"\/><\/svg><\/a><\/div>\n<\/div>\n\n<\/div>\n\t\t<\/div>\n\n\n<h3 class=\"wp-block-heading\" id=\"decouvrez-l-ensemble-de-nos-services\">D\u00e9couvrez l\u2019ensemble de nos services<\/h3>\n\n\n\n\t\t<div style=\"--link-cards-grid-columns: 3\" class=\"dekode-link-cards has-3-columns wp-block-dekode-link-cards\">\n\t\t\t<div class=\"dekode-link-cards__items\">\n\t\t\t\t\n<a class=\"wp-block-dekode-link-card\" href=\"https:\/\/www.elementlogic.net\/fr\/solutions-et-services\/reussite-client\/formation\/\"><img loading=\"lazy\" decoding=\"async\" width=\"768\" height=\"512\" src=\"https:\/\/www.elementlogic.net\/content\/uploads\/sites\/18\/2026\/03\/EL_eLogiq-2-768x512.png\" class=\"\" alt=\"\" \/>\t<div class=\"dekode-link-card__content\">\n\t\t\t\t<p class=\"dekode-link-card__title\">\n\t\t\tFormation\t\t<\/p>\n\t\t\t\t\t<p class=\"dekode-link-card__description\">D\u00e9velopper les comp\u00e9tences de vos \u00e9quipes, socle de la r\u00e9ussite client<\/p>\n\t\t\t<\/div>\n\t<\/a>\n\n<a class=\"wp-block-dekode-link-card\" href=\"https:\/\/www.elementlogic.net\/fr\/solutions-et-services\/reussite-client\/analyse\/\"><img loading=\"lazy\" decoding=\"async\" width=\"768\" height=\"512\" src=\"https:\/\/www.elementlogic.net\/content\/uploads\/sites\/18\/2026\/03\/EL_eLogiq_-11-1024x683-1-768x512.jpg\" class=\"\" alt=\"\" \/>\t<div class=\"dekode-link-card__content\">\n\t\t\t\t<p class=\"dekode-link-card__title\">\n\t\t\tAnalyse et optimisation\t\t<\/p>\n\t\t\t\t\t<p class=\"dekode-link-card__description\">Cr\u00e9er de la valeur en continu gr\u00e2ce \u00e0 l\u2019exploitation intelligente des donn\u00e9es<br><\/p>\n\t\t\t<\/div>\n\t<\/a>\n\n<a class=\"wp-block-dekode-link-card\" href=\"https:\/\/www.elementlogic.net\/fr\/solutions-et-services\/reussite-client\/maintenance\/\"><img loading=\"lazy\" decoding=\"async\" width=\"768\" height=\"512\" src=\"https:\/\/www.elementlogic.net\/content\/uploads\/sites\/18\/2026\/03\/wallpaper_Customer-success-1-768x512.png\" class=\"\" alt=\"\" \/>\t<div class=\"dekode-link-card__content\">\n\t\t\t\t<p class=\"dekode-link-card__title\">\n\t\t\tMaintenance\t\t<\/p>\n\t\t\t\t\t<p class=\"dekode-link-card__description\">Pr\u00e9server la fiabilit\u00e9, la disponibilit\u00e9 et la performance de votre syst\u00e8me automatis\u00e9 dans le temps<\/p>\n\t\t\t<\/div>\n\t<\/a>\n\n\t\t\t<\/div>\n\t\t<\/div>","protected":false},"excerpt":{"rendered":"<p>La disponibilit\u00e9 est essentielle au bon fonctionnement de votre entrep\u00f4t. C\u2019est pourquoi Element Logic propose une assistance d\u00e9di\u00e9e, accessible 24h\/24 [&hellip;]<\/p>\n","protected":false},"author":2,"featured_media":0,"parent":2504,"menu_order":0,"comment_status":"closed","ping_status":"closed","template":"","meta":{"hreflang_relation":4808,"_el_cross_publish_source_blog_url":"","_el_cross_publish_source_blog_id":0,"_el_cross_publish_source_post_id":0,"_el_cross_publish_sync_state":"","exclude_from_search":false,"footnotes":""},"class_list":["post-2510","page","type-page","status-publish","hentry"],"yoast_head":"<!-- This site is optimized with the Yoast SEO Premium plugin v23.9 (Yoast SEO v23.9) - https:\/\/yoast.com\/wordpress\/plugins\/seo\/ -->\n<title>Support 24\/7 : assurez la continuit\u00e9 de vos op\u00e9rations logistiques<\/title>\n<meta name=\"description\" content=\"B\u00e9n\u00e9ficiez d\u2019un support 24\/7 pour garantir la continuit\u00e9, la fiabilit\u00e9 et la performance de votre entrep\u00f4t automatis\u00e9.\" \/>\n<meta name=\"robots\" content=\"index, follow, max-snippet:-1, max-image-preview:large, max-video-preview:-1\" \/>\n<link rel=\"canonical\" href=\"https:\/\/www.elementlogic.net\/fr\/solutions-et-services\/reussite-client\/support\/\" \/>\n<meta property=\"og:locale\" content=\"fr_FR\" \/>\n<meta property=\"og:type\" content=\"article\" \/>\n<meta property=\"og:title\" content=\"Support\" \/>\n<meta property=\"og:description\" content=\"B\u00e9n\u00e9ficiez d\u2019un support 24\/7 pour garantir la continuit\u00e9, la fiabilit\u00e9 et la performance de votre entrep\u00f4t automatis\u00e9.\" \/>\n<meta property=\"og:url\" content=\"https:\/\/www.elementlogic.net\/fr\/solutions-et-services\/reussite-client\/support\/\" \/>\n<meta property=\"og:site_name\" content=\"Element Logic France\" \/>\n<meta property=\"article:modified_time\" content=\"2026-03-25T16:49:26+00:00\" \/>\n<meta name=\"twitter:card\" content=\"summary_large_image\" \/>\n<meta name=\"twitter:label1\" content=\"Dur\u00e9e de lecture estim\u00e9e\" \/>\n\t<meta name=\"twitter:data1\" content=\"2 minutes\" \/>\n<script type=\"application\/ld+json\" class=\"yoast-schema-graph\">{\"@context\":\"https:\/\/schema.org\",\"@graph\":[{\"@type\":\"WebPage\",\"@id\":\"https:\/\/www.elementlogic.net\/fr\/solutions-et-services\/reussite-client\/support\/\",\"url\":\"https:\/\/www.elementlogic.net\/fr\/solutions-et-services\/reussite-client\/support\/\",\"name\":\"Support 24\/7 : assurez la continuit\u00e9 de vos op\u00e9rations logistiques\",\"isPartOf\":{\"@id\":\"https:\/\/www.elementlogic.net\/fr\/#website\"},\"datePublished\":\"2026-03-25T16:25:44+00:00\",\"dateModified\":\"2026-03-25T16:49:26+00:00\",\"description\":\"B\u00e9n\u00e9ficiez d\u2019un support 24\/7 pour garantir la continuit\u00e9, la fiabilit\u00e9 et la performance de votre entrep\u00f4t automatis\u00e9.\",\"breadcrumb\":{\"@id\":\"https:\/\/www.elementlogic.net\/fr\/solutions-et-services\/reussite-client\/support\/#breadcrumb\"},\"inLanguage\":\"fr-FR\",\"potentialAction\":[{\"@type\":\"ReadAction\",\"target\":[\"https:\/\/www.elementlogic.net\/fr\/solutions-et-services\/reussite-client\/support\/\"]}]},{\"@type\":\"BreadcrumbList\",\"@id\":\"https:\/\/www.elementlogic.net\/fr\/solutions-et-services\/reussite-client\/support\/#breadcrumb\",\"itemListElement\":[{\"@type\":\"ListItem\",\"position\":1,\"name\":\"Solutions &amp; services\",\"item\":\"https:\/\/www.elementlogic.net\/fr\/solutions-et-services\/\"},{\"@type\":\"ListItem\",\"position\":2,\"name\":\"R\u00e9ussite client\",\"item\":\"https:\/\/www.elementlogic.net\/fr\/solutions-et-services\/reussite-client\/\"},{\"@type\":\"ListItem\",\"position\":3,\"name\":\"Support\"}]},{\"@type\":\"WebSite\",\"@id\":\"https:\/\/www.elementlogic.net\/fr\/#website\",\"url\":\"https:\/\/www.elementlogic.net\/fr\/\",\"name\":\"Element Logic France\",\"description\":\"\",\"potentialAction\":[{\"@type\":\"SearchAction\",\"target\":{\"@type\":\"EntryPoint\",\"urlTemplate\":\"https:\/\/www.elementlogic.net\/fr\/?s={search_term_string}\"},\"query-input\":{\"@type\":\"PropertyValueSpecification\",\"valueRequired\":true,\"valueName\":\"search_term_string\"}}],\"inLanguage\":\"fr-FR\"}]}<\/script>\n<!-- \/ Yoast SEO Premium plugin. -->","yoast_head_json":{"title":"Support 24\/7 : assurez la continuit\u00e9 de vos op\u00e9rations logistiques","description":"B\u00e9n\u00e9ficiez d\u2019un support 24\/7 pour garantir la continuit\u00e9, la fiabilit\u00e9 et la performance de votre entrep\u00f4t automatis\u00e9.","robots":{"index":"index","follow":"follow","max-snippet":"max-snippet:-1","max-image-preview":"max-image-preview:large","max-video-preview":"max-video-preview:-1"},"canonical":"https:\/\/www.elementlogic.net\/fr\/solutions-et-services\/reussite-client\/support\/","og_locale":"fr_FR","og_type":"article","og_title":"Support","og_description":"B\u00e9n\u00e9ficiez d\u2019un support 24\/7 pour garantir la continuit\u00e9, la fiabilit\u00e9 et la performance de votre entrep\u00f4t automatis\u00e9.","og_url":"https:\/\/www.elementlogic.net\/fr\/solutions-et-services\/reussite-client\/support\/","og_site_name":"Element Logic France","article_modified_time":"2026-03-25T16:49:26+00:00","twitter_card":"summary_large_image","twitter_misc":{"Dur\u00e9e de lecture estim\u00e9e":"2 minutes"},"schema":{"@context":"https:\/\/schema.org","@graph":[{"@type":"WebPage","@id":"https:\/\/www.elementlogic.net\/fr\/solutions-et-services\/reussite-client\/support\/","url":"https:\/\/www.elementlogic.net\/fr\/solutions-et-services\/reussite-client\/support\/","name":"Support 24\/7 : assurez la continuit\u00e9 de vos op\u00e9rations logistiques","isPartOf":{"@id":"https:\/\/www.elementlogic.net\/fr\/#website"},"datePublished":"2026-03-25T16:25:44+00:00","dateModified":"2026-03-25T16:49:26+00:00","description":"B\u00e9n\u00e9ficiez d\u2019un support 24\/7 pour garantir la continuit\u00e9, la fiabilit\u00e9 et la performance de votre entrep\u00f4t automatis\u00e9.","breadcrumb":{"@id":"https:\/\/www.elementlogic.net\/fr\/solutions-et-services\/reussite-client\/support\/#breadcrumb"},"inLanguage":"fr-FR","potentialAction":[{"@type":"ReadAction","target":["https:\/\/www.elementlogic.net\/fr\/solutions-et-services\/reussite-client\/support\/"]}]},{"@type":"BreadcrumbList","@id":"https:\/\/www.elementlogic.net\/fr\/solutions-et-services\/reussite-client\/support\/#breadcrumb","itemListElement":[{"@type":"ListItem","position":1,"name":"Solutions &amp; services","item":"https:\/\/www.elementlogic.net\/fr\/solutions-et-services\/"},{"@type":"ListItem","position":2,"name":"R\u00e9ussite client","item":"https:\/\/www.elementlogic.net\/fr\/solutions-et-services\/reussite-client\/"},{"@type":"ListItem","position":3,"name":"Support"}]},{"@type":"WebSite","@id":"https:\/\/www.elementlogic.net\/fr\/#website","url":"https:\/\/www.elementlogic.net\/fr\/","name":"Element Logic France","description":"","potentialAction":[{"@type":"SearchAction","target":{"@type":"EntryPoint","urlTemplate":"https:\/\/www.elementlogic.net\/fr\/?s={search_term_string}"},"query-input":{"@type":"PropertyValueSpecification","valueRequired":true,"valueName":"search_term_string"}}],"inLanguage":"fr-FR"}]}},"_links":{"self":[{"href":"https:\/\/www.elementlogic.net\/fr\/wp-json\/wp\/v2\/pages\/2510"}],"collection":[{"href":"https:\/\/www.elementlogic.net\/fr\/wp-json\/wp\/v2\/pages"}],"about":[{"href":"https:\/\/www.elementlogic.net\/fr\/wp-json\/wp\/v2\/types\/page"}],"author":[{"embeddable":true,"href":"https:\/\/www.elementlogic.net\/fr\/wp-json\/wp\/v2\/users\/2"}],"replies":[{"embeddable":true,"href":"https:\/\/www.elementlogic.net\/fr\/wp-json\/wp\/v2\/comments?post=2510"}],"version-history":[{"count":5,"href":"https:\/\/www.elementlogic.net\/fr\/wp-json\/wp\/v2\/pages\/2510\/revisions"}],"predecessor-version":[{"id":2912,"href":"https:\/\/www.elementlogic.net\/fr\/wp-json\/wp\/v2\/pages\/2510\/revisions\/2912"}],"up":[{"embeddable":true,"href":"https:\/\/www.elementlogic.net\/fr\/wp-json\/wp\/v2\/pages\/2504"}],"wp:attachment":[{"href":"https:\/\/www.elementlogic.net\/fr\/wp-json\/wp\/v2\/media?parent=2510"}],"curies":[{"name":"wp","href":"https:\/\/api.w.org\/{rel}","templated":true}]}}