{"id":2512,"date":"2026-03-25T16:29:20","date_gmt":"2026-03-25T16:29:20","guid":{"rendered":"https:\/\/www.elementlogic.net\/fr\/?page_id=2512"},"modified":"2026-03-25T16:47:53","modified_gmt":"2026-03-25T16:47:53","slug":"formation","status":"publish","type":"page","link":"https:\/\/www.elementlogic.net\/fr\/solutions-et-services\/reussite-client\/formation\/","title":{"rendered":"Formation et d\u00e9veloppement"},"content":{"rendered":"\n\t\t<div style=\"--dekode-hero-dim:0.2; --t2-icon-fill:var(--wp--preset--color--white);\" class=\"alignfull dekode-hero-content-position-center has-media-background wp-block-dekode-hero has-text-color has-white-color\">\n\t\t\t<img loading=\"lazy\" decoding=\"async\" width=\"1024\" height=\"532\" src=\"https:\/\/www.elementlogic.net\/content\/uploads\/sites\/18\/2026\/03\/EL_superuser-training8-wo-instr-e1726227709934-2-1024x532.jpg\" class=\"dekode-hero__image\" alt=\"\" style=\"--focalpoint: 84% 25%;\" srcset=\"https:\/\/www.elementlogic.net\/content\/uploads\/sites\/18\/2026\/03\/EL_superuser-training8-wo-instr-e1726227709934-2-1024x532.jpg 1024w, https:\/\/www.elementlogic.net\/content\/uploads\/sites\/18\/2026\/03\/EL_superuser-training8-wo-instr-e1726227709934-2-300x156.jpg 300w, https:\/\/www.elementlogic.net\/content\/uploads\/sites\/18\/2026\/03\/EL_superuser-training8-wo-instr-e1726227709934-2-768x399.jpg 768w, https:\/\/www.elementlogic.net\/content\/uploads\/sites\/18\/2026\/03\/EL_superuser-training8-wo-instr-e1726227709934-2-1536x798.jpg 1536w, https:\/\/www.elementlogic.net\/content\/uploads\/sites\/18\/2026\/03\/EL_superuser-training8-wo-instr-e1726227709934-2.jpg 1645w\" sizes=\"(max-width: 1024px) 100vw, 1024px\" \/>\n\t\t\t<div class=\"dekode-hero__content\">\n\t\t\t\t<div class=\"dekode-hero__container\">\n\t\t\t\t\t\n\n<h1 class=\"wp-block-heading\" id=\"h-formation-et-developpement\">Formation et d\u00e9veloppement<\/h1>\n\n\n<p class=\"t2-ingress wp-block-t2-ingress\"><strong>D\u00e9velopper les comp\u00e9tences de vos \u00e9quipes pour garantir la r\u00e9ussite de vos op\u00e9rations<\/strong><\/p>\n\n\n<div class=\"wp-block-buttons is-layout-flex wp-block-buttons-is-layout-flex\">\n<div class=\"wp-block-button\"><a class=\"wp-block-button__link wp-element-button\" href=\"https:\/\/www.elementlogic.net\/fr\/contact\/\">Contactez-nous pour d\u00e9couvrir nos formations<\/a><\/div>\n<\/div>\n\n\n\t\t\t\t<\/div>\n\t\t\t<\/div>\n\t\t<\/div>\n\t\t\n\n\n<p>Un entrep\u00f4t automatis\u00e9 ne r\u00e9v\u00e8le pleinement son potentiel que lorsque les \u00e9quipes qui l\u2019exploitent disposent des comp\u00e9tences adapt\u00e9es. C\u2019est pourquoi la formation occupe une place centrale dans l\u2019approche Customer Success d\u2019Element Logic. \u00c0 travers notre programme de certification Super Utilisateur, nous accompagnons vos collaborateurs gr\u00e2ce \u00e0 un parcours structur\u00e9 combinant int\u00e9gration, formations adapt\u00e9es \u00e0 chaque r\u00f4le et certifications avanc\u00e9es. Cette approche permet \u00e0 vos \u00e9quipes de ma\u00eetriser leur solution d\u2019automatisation d\u00e8s la mise en service, tout en d\u00e9veloppant durablement leur expertise op\u00e9rationnelle.<\/p>\n\n\n\n<h2 class=\"wp-block-heading\" id=\"h-de-la-prise-en-main-de-la-solution-d-automatisation-a-la-maitrise-operationnelle\">De la prise en main de la solution d\u2019automatisation, \u00e0 la ma\u00eetrise op\u00e9rationnelle<\/h2>\n\n\n\n<p>La formation d\u00e9bute avant m\u00eame la mise en service de votre syst\u00e8me et se poursuit tout au long de son cycle de vie. Notre objectif est de donner \u00e0 vos \u00e9quipes les comp\u00e9tences, la confiance et l\u2019autonomie n\u00e9cessaires pour piloter les op\u00e9rations au quotidien, g\u00e9rer les situations complexes et s\u2019adapter \u00e0 l\u2019\u00e9volution de vos besoins logistiques.<\/p>\n\n\n\n<ul class=\"wp-block-list\">\n<li><strong>Int\u00e9gration et formation par sc\u00e9narios<\/strong> : les \u00e9quipes apprennent \u00e0 exploiter les syst\u00e8mes automatis\u00e9s de mani\u00e8re s\u00fbre et efficace, \u00e0 travers des mises en situation concr\u00e8tes couvrant les flux quotidiens, la gestion des incidents et les p\u00e9riodes de forte activit\u00e9.<\/li>\n\n\n\n<li><strong>Mont\u00e9e en comp\u00e9tence et mises \u00e0 niveau<\/strong> : les connaissances sont r\u00e9guli\u00e8rement actualis\u00e9es afin d\u2019accompagner l\u2019\u00e9volution des process et les mises \u00e0 jour des solutions logicielles.<\/li>\n\n\n\n<li><strong>Apprentissage adapt\u00e9 aux r\u00f4les de chacun<\/strong> : des parcours d\u00e9di\u00e9s sont propos\u00e9s aux op\u00e9rateurs, superviseurs et managers, afin de permettre \u00e0 chaque fonction d\u2019atteindre un haut niveau de ma\u00eetrise.<\/li>\n<\/ul>\n\n\n\n\t\t<div class=\"alignwide is-mode-constrained is-gap-center wp-block-t2-simple-media-text   \">\n\t\t\t<div class=\"t2-simple-media-text__container\">\n\t\t\t\t<div class=\"t2-simple-media-text__image\"><img loading=\"lazy\" decoding=\"async\" width=\"768\" height=\"322\" src=\"https:\/\/www.elementlogic.net\/content\/uploads\/sites\/18\/2026\/03\/Wallpaper-2-scaled-2-768x322.jpg\" class=\"\" alt=\"\" style=\"--focalpoint: 50% 50%;\" srcset=\"https:\/\/www.elementlogic.net\/content\/uploads\/sites\/18\/2026\/03\/Wallpaper-2-scaled-2-768x322.jpg 768w, https:\/\/www.elementlogic.net\/content\/uploads\/sites\/18\/2026\/03\/Wallpaper-2-scaled-2-300x126.jpg 300w, https:\/\/www.elementlogic.net\/content\/uploads\/sites\/18\/2026\/03\/Wallpaper-2-scaled-2-1024x429.jpg 1024w, https:\/\/www.elementlogic.net\/content\/uploads\/sites\/18\/2026\/03\/Wallpaper-2-scaled-2-1536x643.jpg 1536w, https:\/\/www.elementlogic.net\/content\/uploads\/sites\/18\/2026\/03\/Wallpaper-2-scaled-2-2048x858.jpg 2048w\" sizes=\"(max-width: 768px) 100vw, 768px\" \/><\/div>\n\t\t\t\t<div class=\"t2-simple-media-text__content-container\">\n\t\t\t\t\t<div class=\"t2-simple-media-text__content\">\n\t\t\t\t\t\t<div class=\"t2-simple-media-text__content-inner\">\n\t\t\t\t\t\t\t\n\n<h3 class=\"wp-block-heading\" id=\"h-element-logic-academy\"><strong>Element Logic Academy<\/strong><\/h3>\n\n\n\n<p>L\u2019<strong>Element Logic Academy <\/strong>est une plateforme d\u2019apprentissage en ligne d\u00e9di\u00e9e \u00e0 la formation de vos \u00e9quipes. Elle propose des modules e-learning, des tutoriels interactifs et des supports p\u00e9dagogiques structur\u00e9s, accessibles \u00e0 tout moment et depuis n\u2019importe quel site.<\/p>\n\n\n\n<p>Cette approche garantit une mont\u00e9e en comp\u00e9tence homog\u00e8ne pour l\u2019ensemble des collaborateurs. Les managers b\u00e9n\u00e9ficient d\u2019une visibilit\u00e9 claire sur les parcours suivis, les niveaux de ma\u00eetrise et les taux de r\u00e9ussite, tandis que les \u00e9quipes disposent de ressources favorisant \u00e0 la fois la prise en main initiale et le d\u00e9veloppement continu des comp\u00e9tences.<\/p>\n\n\n\n<div class=\"wp-block-buttons is-layout-flex wp-block-buttons-is-layout-flex\">\n<div class=\"wp-block-button is-style-fill has-icon has-icon-theme_arrow\"><a class=\"wp-block-button__link wp-element-button\" href=\"https:\/\/www.elementlogic.net\/fr\/contact\/\">Contactez-nous<svg xmlns=\"http:\/\/www.w3.org\/2000\/svg\" viewBox=\"0 0 24 24\" height=\"24\" width=\"24\" class=\"t2-icon t2-icon-theme_arrow\" aria-hidden=\"true\" focusable=\"false\"><path d=\"M16.627 12.75H5.25C5.03717 12.75 4.859 12.6782 4.7155 12.5345C4.57183 12.391 4.5 12.2128 4.5 12C4.5 11.7872 4.57183 11.609 4.7155 11.4655C4.859 11.3218 5.03717 11.25 5.25 11.25H16.627L11.4577 6.08076C11.3091 5.93209 11.2357 5.75809 11.2375 5.55876C11.2395 5.35942 11.318 5.18217 11.473 5.02701C11.6282 4.88217 11.8038 4.80717 12 4.80201C12.1962 4.79684 12.3718 4.87184 12.527 5.02701L18.8673 11.3673C18.9609 11.4609 19.0269 11.5597 19.0652 11.6635C19.1037 11.7673 19.123 11.8795 19.123 12C19.123 12.1205 19.1037 12.2327 19.0652 12.3365C19.0269 12.4403 18.9609 12.5391 18.8673 12.6328L12.527 18.973C12.3885 19.1115 12.217 19.1823 12.0125 19.1855C11.808 19.1887 11.6282 19.1178 11.473 18.973C11.318 18.8178 11.2405 18.6397 11.2405 18.4385C11.2405 18.2372 11.318 18.0589 11.473 17.9038L16.627 12.75Z\" fill=\"var(--t2-icon-fill, #000)\"\/><\/svg><\/a><\/div>\n<\/div>\n\n\n\t\t\t\t\t\t<\/div>\n\t\t\t\t\t<\/div>\n\t\t\t\t<\/div>\n\t\t\t<\/div>\n\t\t<\/div>\n\t\t\n\n\n\t\t<div class=\"alignwide is-mode-constrained is-gap-center has-media-on-the-right wp-block-t2-simple-media-text   \">\n\t\t\t<div class=\"t2-simple-media-text__container\">\n\t\t\t\t<div class=\"t2-simple-media-text__image\"><img loading=\"lazy\" decoding=\"async\" width=\"500\" height=\"375\" src=\"https:\/\/www.elementlogic.net\/content\/uploads\/sites\/18\/2026\/03\/Picking-at-port-at-Styleboom-1.jpg\" class=\"\" alt=\"\" style=\"--focalpoint: 50% 50%;\" srcset=\"https:\/\/www.elementlogic.net\/content\/uploads\/sites\/18\/2026\/03\/Picking-at-port-at-Styleboom-1.jpg 500w, https:\/\/www.elementlogic.net\/content\/uploads\/sites\/18\/2026\/03\/Picking-at-port-at-Styleboom-1-300x225.jpg 300w\" sizes=\"(max-width: 500px) 100vw, 500px\" \/><\/div>\n\t\t\t\t<div class=\"t2-simple-media-text__content-container\">\n\t\t\t\t\t<div class=\"t2-simple-media-text__content\">\n\t\t\t\t\t\t<div class=\"t2-simple-media-text__content-inner\">\n\t\t\t\t\t\t\t\n\n<h3 class=\"wp-block-heading\" id=\"h-certification-super-utilisateur-nbsp\"><strong>Certification Super Utilisateur&nbsp;<\/strong><\/h3>\n\n\n\n<p>Afin de renforcer la robustesse et l\u2019autonomie de vos op\u00e9rations, Element Logic propose un <strong>programme de certification Super Utilisateur<\/strong>.<br><br><strong>Les collaborateurs certifi\u00e9s deviennent de v\u00e9ritables r\u00e9f\u00e9rents internes capables de :<br><\/strong>&#8211; R\u00e9soudre rapidement des situations complexes et r\u00e9duire la d\u00e9pendance au support externe<br>&#8211; Accompagner et former leurs coll\u00e8gues en diffusant les bonnes pratiques directement sur le terrain<br>&#8211; Contribuer \u00e0 l\u2019am\u00e9lioration continue de votre syst\u00e8me automatis\u00e9 en transformant les retours op\u00e9rationnels en optimisations concr\u00e8tes<\/p>\n\n\n\n<p>Ce programme offre un parcours de d\u00e9veloppement structurant aux collaborateurs les plus engag\u00e9s et garantit que l\u2019expertise cl\u00e9 reste durablement int\u00e9gr\u00e9e au sein de votre entreprise.<\/p>\n\n\n\n<div class=\"wp-block-buttons is-layout-flex wp-block-buttons-is-layout-flex\">\n<div class=\"wp-block-button is-style-fill has-icon has-icon-theme_arrow\"><a class=\"wp-block-button__link wp-element-button\" href=\"https:\/\/www.elementlogic.net\/fr\/contact\/\">Contactez-nous<svg xmlns=\"http:\/\/www.w3.org\/2000\/svg\" viewBox=\"0 0 24 24\" height=\"24\" width=\"24\" class=\"t2-icon t2-icon-theme_arrow\" aria-hidden=\"true\" focusable=\"false\"><path d=\"M16.627 12.75H5.25C5.03717 12.75 4.859 12.6782 4.7155 12.5345C4.57183 12.391 4.5 12.2128 4.5 12C4.5 11.7872 4.57183 11.609 4.7155 11.4655C4.859 11.3218 5.03717 11.25 5.25 11.25H16.627L11.4577 6.08076C11.3091 5.93209 11.2357 5.75809 11.2375 5.55876C11.2395 5.35942 11.318 5.18217 11.473 5.02701C11.6282 4.88217 11.8038 4.80717 12 4.80201C12.1962 4.79684 12.3718 4.87184 12.527 5.02701L18.8673 11.3673C18.9609 11.4609 19.0269 11.5597 19.0652 11.6635C19.1037 11.7673 19.123 11.8795 19.123 12C19.123 12.1205 19.1037 12.2327 19.0652 12.3365C19.0269 12.4403 18.9609 12.5391 18.8673 12.6328L12.527 18.973C12.3885 19.1115 12.217 19.1823 12.0125 19.1855C11.808 19.1887 11.6282 19.1178 11.473 18.973C11.318 18.8178 11.2405 18.6397 11.2405 18.4385C11.2405 18.2372 11.318 18.0589 11.473 17.9038L16.627 12.75Z\" fill=\"var(--t2-icon-fill, #000)\"\/><\/svg><\/a><\/div>\n<\/div>\n\n\n\t\t\t\t\t\t<\/div>\n\t\t\t\t\t<\/div>\n\t\t\t\t<\/div>\n\t\t\t<\/div>\n\t\t<\/div>\n\t\t\n\n\n<h2 class=\"wp-block-heading\" id=\"h-pourquoi-la-formation-est-essentielle\"><strong>Pourquoi la formation est essentielle<\/strong><\/h2>\n\n\n\n<p>Des \u00e9quipes bien form\u00e9es constituent un levier majeur pour assurer la disponibilit\u00e9 des syst\u00e8mes d\u2019automatisation d\u2019entrep\u00f4t, la fiabilit\u00e9 des op\u00e9rations et le maintien des cadences logistiques. La formation permet \u00e0 vos collaborateurs de :<\/p>\n\n\n\n<ul class=\"wp-block-list\">\n<li>Exploiter les syst\u00e8mes automatis\u00e9s en toute s\u00e9curit\u00e9 et avec s\u00e9r\u00e9nit\u00e9<\/li>\n<\/ul>\n\n\n\n<ul class=\"wp-block-list\">\n<li>G\u00e9rer les situations exceptionnelles et r\u00e9tablir rapidement les performances op\u00e9rationnelles<\/li>\n<\/ul>\n\n\n\n<ul class=\"wp-block-list\">\n<li>S\u2019adapter aux variations d\u2019activit\u00e9, aux pics saisonniers et \u00e0 l\u2019\u00e9volution des process<\/li>\n<\/ul>\n\n\n\n<ul class=\"wp-block-list\">\n<li>Utiliser les tableaux de bord et les rapports pour piloter l\u2019entrep\u00f4t de mani\u00e8re plus \u00e9clair\u00e9e<\/li>\n<\/ul>\n\n\n\n<h2 class=\"wp-block-heading\" id=\"h-donner-a-vos-equipes-les-moyens-de-reussir-dans-la-duree\">Donner \u00e0 vos \u00e9quipes les moyens de r\u00e9ussir dans la dur\u00e9e<\/h2>\n\n\n\n<p>La formation est un investissement strat\u00e9gique, \u00e0 la fois pour vos collaborateurs et pour la performance globale de votre entrep\u00f4t. En combinant des parcours d\u2019apprentissage structur\u00e9s, un d\u00e9veloppement continu des comp\u00e9tences et des certifications reconnues, Element Logic veille \u00e0 ce que vos \u00e9quipes disposent durablement des connaissances et de la confiance n\u00e9cessaires pour exploiter votre entrep\u00f4t automatis\u00e9 au plus haut niveau.<\/p>\n\n\n\n<h3 class=\"wp-block-heading\" id=\"decouvrez-l-ensemble-de-nos-services\">D\u00e9couvrez l\u2019ensemble de nos services<\/h3>\n\n\n\n\t\t<div style=\"--link-cards-grid-columns: 3\" class=\"dekode-link-cards has-3-columns wp-block-dekode-link-cards\">\n\t\t\t<div class=\"dekode-link-cards__items\">\n\t\t\t\t\n<a class=\"wp-block-dekode-link-card\" href=\"https:\/\/www.elementlogic.net\/fr\/solutions-et-services\/reussite-client\/analyse\/\"><img loading=\"lazy\" decoding=\"async\" width=\"768\" height=\"512\" src=\"https:\/\/www.elementlogic.net\/content\/uploads\/sites\/18\/2026\/03\/EL_eLogiq_-11-1024x683-1-768x512.jpg\" class=\"\" alt=\"\" \/>\t<div class=\"dekode-link-card__content\">\n\t\t\t\t<p class=\"dekode-link-card__title\">\n\t\t\tAnalyse et optimisation\t\t<\/p>\n\t\t\t\t\t<p class=\"dekode-link-card__description\">Cr\u00e9er de la valeur en continu gr\u00e2ce \u00e0 l\u2019exploitation intelligente des donn\u00e9es<br><\/p>\n\t\t\t<\/div>\n\t<\/a>\n\n<a class=\"wp-block-dekode-link-card\" href=\"https:\/\/www.elementlogic.net\/fr\/solutions-et-services\/reussite-client\/maintenance\/\"><img loading=\"lazy\" decoding=\"async\" width=\"768\" height=\"512\" src=\"https:\/\/www.elementlogic.net\/content\/uploads\/sites\/18\/2026\/03\/wallpaper_Customer-success-1-768x512.png\" class=\"\" alt=\"\" \/>\t<div class=\"dekode-link-card__content\">\n\t\t\t\t<p class=\"dekode-link-card__title\">\n\t\t\tMaintenance\t\t<\/p>\n\t\t\t\t\t<p class=\"dekode-link-card__description\">Pr\u00e9server la fiabilit\u00e9, la disponibilit\u00e9 et la performance de votre syst\u00e8me automatis\u00e9 dans le temps<\/p>\n\t\t\t<\/div>\n\t<\/a>\n\n<a class=\"wp-block-dekode-link-card\" href=\"https:\/\/www.elementlogic.net\/fr\/solutions-et-services\/reussite-client\/support\/\"><img loading=\"lazy\" decoding=\"async\" width=\"768\" height=\"512\" src=\"https:\/\/www.elementlogic.net\/content\/uploads\/sites\/18\/2026\/03\/support_customer-success-4-768x512.png\" class=\"\" alt=\"\" \/>\t<div class=\"dekode-link-card__content\">\n\t\t\t\t<p class=\"dekode-link-card__title\">\n\t\t\tSupport\t\t<\/p>\n\t\t\t\t\t<p class=\"dekode-link-card__description\">Une assistance continue 24h\/24 et 7j\/7 pour s\u00e9curiser et maintenir vos op\u00e9rations logistiques<\/p>\n\t\t\t<\/div>\n\t<\/a>\n\n\t\t\t<\/div>\n\t\t<\/div>","protected":false},"excerpt":{"rendered":"<p>Un entrep\u00f4t automatis\u00e9 ne r\u00e9v\u00e8le pleinement son potentiel que lorsque les \u00e9quipes qui l\u2019exploitent disposent des comp\u00e9tences adapt\u00e9es. C\u2019est pourquoi [&hellip;]<\/p>\n","protected":false},"author":2,"featured_media":2601,"parent":2504,"menu_order":0,"comment_status":"closed","ping_status":"closed","template":"","meta":{"hreflang_relation":4790,"_el_cross_publish_source_blog_url":"","_el_cross_publish_source_blog_id":0,"_el_cross_publish_source_post_id":0,"_el_cross_publish_sync_state":"","exclude_from_search":false,"footnotes":""},"class_list":["post-2512","page","type-page","status-publish","has-post-thumbnail","hentry"],"yoast_head":"<!-- This site is optimized with the Yoast SEO Premium plugin v23.9 (Yoast SEO v23.9) - https:\/\/yoast.com\/wordpress\/plugins\/seo\/ -->\n<title>Formation : d\u00e9veloppez les comp\u00e9tences de vos \u00e9quipes<\/title>\n<meta name=\"description\" content=\"Formez vos \u00e9quipes pour exploiter pleinement votre entrep\u00f4t automatis\u00e9 et garantir performance, autonomie et continuit\u00e9 des op\u00e9rations.\" \/>\n<meta name=\"robots\" content=\"index, follow, max-snippet:-1, max-image-preview:large, max-video-preview:-1\" \/>\n<link rel=\"canonical\" href=\"https:\/\/www.elementlogic.net\/fr\/solutions-et-services\/reussite-client\/formation\/\" \/>\n<meta property=\"og:locale\" content=\"fr_FR\" \/>\n<meta property=\"og:type\" content=\"article\" \/>\n<meta property=\"og:title\" content=\"Formation et d\u00e9veloppement\" \/>\n<meta property=\"og:description\" content=\"Formez vos \u00e9quipes pour exploiter pleinement votre entrep\u00f4t automatis\u00e9 et garantir performance, autonomie et continuit\u00e9 des op\u00e9rations.\" \/>\n<meta property=\"og:url\" content=\"https:\/\/www.elementlogic.net\/fr\/solutions-et-services\/reussite-client\/formation\/\" \/>\n<meta property=\"og:site_name\" content=\"Element Logic France\" \/>\n<meta property=\"article:modified_time\" content=\"2026-03-25T16:47:53+00:00\" \/>\n<meta property=\"og:image\" content=\"https:\/\/www.elementlogic.net\/content\/uploads\/sites\/18\/2026\/03\/EL_superuser-training8-wo-instr-e1726227709934-2.jpg\" \/>\n\t<meta property=\"og:image:width\" content=\"1645\" \/>\n\t<meta property=\"og:image:height\" content=\"855\" \/>\n\t<meta property=\"og:image:type\" content=\"image\/jpeg\" \/>\n<meta name=\"twitter:card\" content=\"summary_large_image\" \/>\n<meta name=\"twitter:label1\" content=\"Dur\u00e9e de lecture estim\u00e9e\" \/>\n\t<meta name=\"twitter:data1\" content=\"4 minutes\" \/>\n<script type=\"application\/ld+json\" class=\"yoast-schema-graph\">{\"@context\":\"https:\/\/schema.org\",\"@graph\":[{\"@type\":\"WebPage\",\"@id\":\"https:\/\/www.elementlogic.net\/fr\/solutions-et-services\/reussite-client\/formation\/\",\"url\":\"https:\/\/www.elementlogic.net\/fr\/solutions-et-services\/reussite-client\/formation\/\",\"name\":\"Formation : d\u00e9veloppez les comp\u00e9tences de vos \u00e9quipes\",\"isPartOf\":{\"@id\":\"https:\/\/www.elementlogic.net\/fr\/#website\"},\"primaryImageOfPage\":{\"@id\":\"https:\/\/www.elementlogic.net\/fr\/solutions-et-services\/reussite-client\/formation\/#primaryimage\"},\"image\":{\"@id\":\"https:\/\/www.elementlogic.net\/fr\/solutions-et-services\/reussite-client\/formation\/#primaryimage\"},\"thumbnailUrl\":\"https:\/\/www.elementlogic.net\/content\/uploads\/sites\/18\/2026\/03\/EL_superuser-training8-wo-instr-e1726227709934-2.jpg\",\"datePublished\":\"2026-03-25T16:29:20+00:00\",\"dateModified\":\"2026-03-25T16:47:53+00:00\",\"description\":\"Formez vos \u00e9quipes pour exploiter pleinement votre entrep\u00f4t automatis\u00e9 et garantir performance, autonomie et continuit\u00e9 des op\u00e9rations.\",\"breadcrumb\":{\"@id\":\"https:\/\/www.elementlogic.net\/fr\/solutions-et-services\/reussite-client\/formation\/#breadcrumb\"},\"inLanguage\":\"fr-FR\",\"potentialAction\":[{\"@type\":\"ReadAction\",\"target\":[\"https:\/\/www.elementlogic.net\/fr\/solutions-et-services\/reussite-client\/formation\/\"]}]},{\"@type\":\"ImageObject\",\"inLanguage\":\"fr-FR\",\"@id\":\"https:\/\/www.elementlogic.net\/fr\/solutions-et-services\/reussite-client\/formation\/#primaryimage\",\"url\":\"https:\/\/www.elementlogic.net\/content\/uploads\/sites\/18\/2026\/03\/EL_superuser-training8-wo-instr-e1726227709934-2.jpg\",\"contentUrl\":\"https:\/\/www.elementlogic.net\/content\/uploads\/sites\/18\/2026\/03\/EL_superuser-training8-wo-instr-e1726227709934-2.jpg\",\"width\":1645,\"height\":855},{\"@type\":\"BreadcrumbList\",\"@id\":\"https:\/\/www.elementlogic.net\/fr\/solutions-et-services\/reussite-client\/formation\/#breadcrumb\",\"itemListElement\":[{\"@type\":\"ListItem\",\"position\":1,\"name\":\"Solutions &amp; services\",\"item\":\"https:\/\/www.elementlogic.net\/fr\/solutions-et-services\/\"},{\"@type\":\"ListItem\",\"position\":2,\"name\":\"R\u00e9ussite client\",\"item\":\"https:\/\/www.elementlogic.net\/fr\/solutions-et-services\/reussite-client\/\"},{\"@type\":\"ListItem\",\"position\":3,\"name\":\"Formation et d\u00e9veloppement\"}]},{\"@type\":\"WebSite\",\"@id\":\"https:\/\/www.elementlogic.net\/fr\/#website\",\"url\":\"https:\/\/www.elementlogic.net\/fr\/\",\"name\":\"Element Logic France\",\"description\":\"\",\"potentialAction\":[{\"@type\":\"SearchAction\",\"target\":{\"@type\":\"EntryPoint\",\"urlTemplate\":\"https:\/\/www.elementlogic.net\/fr\/?s={search_term_string}\"},\"query-input\":{\"@type\":\"PropertyValueSpecification\",\"valueRequired\":true,\"valueName\":\"search_term_string\"}}],\"inLanguage\":\"fr-FR\"}]}<\/script>\n<!-- \/ Yoast SEO Premium plugin. -->","yoast_head_json":{"title":"Formation : d\u00e9veloppez les comp\u00e9tences de vos \u00e9quipes","description":"Formez vos \u00e9quipes pour exploiter pleinement votre entrep\u00f4t automatis\u00e9 et garantir performance, autonomie et continuit\u00e9 des op\u00e9rations.","robots":{"index":"index","follow":"follow","max-snippet":"max-snippet:-1","max-image-preview":"max-image-preview:large","max-video-preview":"max-video-preview:-1"},"canonical":"https:\/\/www.elementlogic.net\/fr\/solutions-et-services\/reussite-client\/formation\/","og_locale":"fr_FR","og_type":"article","og_title":"Formation et d\u00e9veloppement","og_description":"Formez vos \u00e9quipes pour exploiter pleinement votre entrep\u00f4t automatis\u00e9 et garantir performance, autonomie et continuit\u00e9 des op\u00e9rations.","og_url":"https:\/\/www.elementlogic.net\/fr\/solutions-et-services\/reussite-client\/formation\/","og_site_name":"Element Logic France","article_modified_time":"2026-03-25T16:47:53+00:00","og_image":[{"width":1645,"height":855,"url":"https:\/\/www.elementlogic.net\/content\/uploads\/sites\/18\/2026\/03\/EL_superuser-training8-wo-instr-e1726227709934-2.jpg","type":"image\/jpeg"}],"twitter_card":"summary_large_image","twitter_misc":{"Dur\u00e9e de lecture estim\u00e9e":"4 minutes"},"schema":{"@context":"https:\/\/schema.org","@graph":[{"@type":"WebPage","@id":"https:\/\/www.elementlogic.net\/fr\/solutions-et-services\/reussite-client\/formation\/","url":"https:\/\/www.elementlogic.net\/fr\/solutions-et-services\/reussite-client\/formation\/","name":"Formation : d\u00e9veloppez les comp\u00e9tences de vos \u00e9quipes","isPartOf":{"@id":"https:\/\/www.elementlogic.net\/fr\/#website"},"primaryImageOfPage":{"@id":"https:\/\/www.elementlogic.net\/fr\/solutions-et-services\/reussite-client\/formation\/#primaryimage"},"image":{"@id":"https:\/\/www.elementlogic.net\/fr\/solutions-et-services\/reussite-client\/formation\/#primaryimage"},"thumbnailUrl":"https:\/\/www.elementlogic.net\/content\/uploads\/sites\/18\/2026\/03\/EL_superuser-training8-wo-instr-e1726227709934-2.jpg","datePublished":"2026-03-25T16:29:20+00:00","dateModified":"2026-03-25T16:47:53+00:00","description":"Formez vos \u00e9quipes pour exploiter pleinement votre entrep\u00f4t automatis\u00e9 et garantir performance, autonomie et continuit\u00e9 des op\u00e9rations.","breadcrumb":{"@id":"https:\/\/www.elementlogic.net\/fr\/solutions-et-services\/reussite-client\/formation\/#breadcrumb"},"inLanguage":"fr-FR","potentialAction":[{"@type":"ReadAction","target":["https:\/\/www.elementlogic.net\/fr\/solutions-et-services\/reussite-client\/formation\/"]}]},{"@type":"ImageObject","inLanguage":"fr-FR","@id":"https:\/\/www.elementlogic.net\/fr\/solutions-et-services\/reussite-client\/formation\/#primaryimage","url":"https:\/\/www.elementlogic.net\/content\/uploads\/sites\/18\/2026\/03\/EL_superuser-training8-wo-instr-e1726227709934-2.jpg","contentUrl":"https:\/\/www.elementlogic.net\/content\/uploads\/sites\/18\/2026\/03\/EL_superuser-training8-wo-instr-e1726227709934-2.jpg","width":1645,"height":855},{"@type":"BreadcrumbList","@id":"https:\/\/www.elementlogic.net\/fr\/solutions-et-services\/reussite-client\/formation\/#breadcrumb","itemListElement":[{"@type":"ListItem","position":1,"name":"Solutions &amp; services","item":"https:\/\/www.elementlogic.net\/fr\/solutions-et-services\/"},{"@type":"ListItem","position":2,"name":"R\u00e9ussite client","item":"https:\/\/www.elementlogic.net\/fr\/solutions-et-services\/reussite-client\/"},{"@type":"ListItem","position":3,"name":"Formation et d\u00e9veloppement"}]},{"@type":"WebSite","@id":"https:\/\/www.elementlogic.net\/fr\/#website","url":"https:\/\/www.elementlogic.net\/fr\/","name":"Element Logic France","description":"","potentialAction":[{"@type":"SearchAction","target":{"@type":"EntryPoint","urlTemplate":"https:\/\/www.elementlogic.net\/fr\/?s={search_term_string}"},"query-input":{"@type":"PropertyValueSpecification","valueRequired":true,"valueName":"search_term_string"}}],"inLanguage":"fr-FR"}]}},"_links":{"self":[{"href":"https:\/\/www.elementlogic.net\/fr\/wp-json\/wp\/v2\/pages\/2512"}],"collection":[{"href":"https:\/\/www.elementlogic.net\/fr\/wp-json\/wp\/v2\/pages"}],"about":[{"href":"https:\/\/www.elementlogic.net\/fr\/wp-json\/wp\/v2\/types\/page"}],"author":[{"embeddable":true,"href":"https:\/\/www.elementlogic.net\/fr\/wp-json\/wp\/v2\/users\/2"}],"replies":[{"embeddable":true,"href":"https:\/\/www.elementlogic.net\/fr\/wp-json\/wp\/v2\/comments?post=2512"}],"version-history":[{"count":5,"href":"https:\/\/www.elementlogic.net\/fr\/wp-json\/wp\/v2\/pages\/2512\/revisions"}],"predecessor-version":[{"id":2910,"href":"https:\/\/www.elementlogic.net\/fr\/wp-json\/wp\/v2\/pages\/2512\/revisions\/2910"}],"up":[{"embeddable":true,"href":"https:\/\/www.elementlogic.net\/fr\/wp-json\/wp\/v2\/pages\/2504"}],"wp:featuredmedia":[{"embeddable":true,"href":"https:\/\/www.elementlogic.net\/fr\/wp-json\/wp\/v2\/media\/2601"}],"wp:attachment":[{"href":"https:\/\/www.elementlogic.net\/fr\/wp-json\/wp\/v2\/media?parent=2512"}],"curies":[{"name":"wp","href":"https:\/\/api.w.org\/{rel}","templated":true}]}}