{"id":42,"date":"2024-09-14T12:41:27","date_gmt":"2024-09-14T10:41:27","guid":{"rendered":"https:\/\/www.elementlogic.net\/?page_id=2673"},"modified":"2024-12-05T17:11:39","modified_gmt":"2024-12-05T17:11:39","slug":"politique-cookies","status":"publish","type":"page","link":"https:\/\/www.elementlogic.net\/fr\/politique-cookies\/","title":{"rendered":"Utilisation des cookies"},"content":{"rendered":"<p class=\"t2-ingress wp-block-t2-ingress\">Cette politique de cookies d\u00e9crit comment Element Logic utilise les cookies sur son site web (https:\/\/www.elementlogic.fr).<\/p>\n\n\n<div class=\"wp-block-buttons is-layout-flex wp-block-buttons-is-layout-flex\">\n<div class=\"wp-block-button has-icon has-icon-theme_arrow\"><a class=\"wp-block-button__link wp-element-button\" href=\"#cookies\">Modifier vos pr\u00e9f\u00e9rences en mati\u00e8re de cookies<svg xmlns=\"http:\/\/www.w3.org\/2000\/svg\" viewBox=\"0 0 24 24\" height=\"24\" width=\"24\" class=\"t2-icon t2-icon-theme_arrow\" aria-hidden=\"true\" focusable=\"false\"><path d=\"M16.627 12.75H5.25C5.03717 12.75 4.859 12.6782 4.7155 12.5345C4.57183 12.391 4.5 12.2128 4.5 12C4.5 11.7872 4.57183 11.609 4.7155 11.4655C4.859 11.3218 5.03717 11.25 5.25 11.25H16.627L11.4577 6.08076C11.3091 5.93209 11.2357 5.75809 11.2375 5.55876C11.2395 5.35942 11.318 5.18217 11.473 5.02701C11.6282 4.88217 11.8038 4.80717 12 4.80201C12.1962 4.79684 12.3718 4.87184 12.527 5.02701L18.8673 11.3673C18.9609 11.4609 19.0269 11.5597 19.0652 11.6635C19.1037 11.7673 19.123 11.8795 19.123 12C19.123 12.1205 19.1037 12.2327 19.0652 12.3365C19.0269 12.4403 18.9609 12.5391 18.8673 12.6328L12.527 18.973C12.3885 19.1115 12.217 19.1823 12.0125 19.1855C11.808 19.1887 11.6282 19.1178 11.473 18.973C11.318 18.8178 11.2405 18.6397 11.2405 18.4385C11.2405 18.2372 11.318 18.0589 11.473 17.9038L16.627 12.75Z\" fill=\"var(--t2-icon-fill, #000)\"\/><\/svg><\/a><\/div>\n<\/div>\n\n\n\n<p>Les cookies sont de petits fichiers texte plac\u00e9s sur votre ordinateur par les sites web que vous visitez. Ils sont utilis\u00e9s pour faire fonctionner les sites, ou pour les rendre plus efficaces, ainsi que pour fournir des informations aux propri\u00e9taires du site. Element Logic utilise \u00e9galement des cookies, et ce, pour trois objectifs principaux :<\/p>\n\n\n\n<ul class=\"wp-block-list\">\n<li><strong>Les cookies de performance<\/strong>\u00a0collectent des informations sur la mani\u00e8re dont les visiteurs utilisent notre site web, afin qu\u2019Element Logic connaisse les performances du site. Element Logic utilise ces cookies pour am\u00e9liorer le fonctionnement du site. Toutes les informations collect\u00e9es par ces cookies sont anonymes.<\/li>\n<\/ul>\n\n\n\n<ul class=\"wp-block-list\">\n<li><strong>Les cookies publicitaires<\/strong>\u00a0fournissent des informations sur les comportements de nos visiteurs sur le site. Les cookies publicitaires fournis par Google AdWords ont pour objectif de r\u00e9engager les visiteurs susceptibles de devenir des clients en fonction de leur comportement en ligne sur les sites. Les cookies publicitaires fournis par Microsoft Dynamics 365 ont pour objectif de distribuer du contenu bas\u00e9 sur les int\u00e9r\u00eats des clients actuels et potentiels.<\/li>\n<\/ul>\n\n\n\n<ul class=\"wp-block-list\">\n<li><strong>Les cookies de fonctionnalit\u00e9<\/strong>\u00a0sont pr\u00e9sents est sur notre site web afin de m\u00e9moriser vos choix ci-dessus pour am\u00e9liorer votre exp\u00e9rience de navigation. Cette information n\u2019est pas utilis\u00e9e \u00e0 d\u2019autres fins.<\/li>\n<\/ul>\n\n\n\n<p>Si vous y consentez, nous installons uniquement les cookies qui r\u00e9pondent \u00e0 ces objectifs. Veuillez consulter&nbsp;<a href=\"https:\/\/www.elementlogic.fr\/cookie-policy\/#cookies\">cette page<\/a>&nbsp;pour une description d\u00e9taill\u00e9e des cookies que nous utilisons. Vous pouvez modifier ou retirer votre consentement \u00e0 tout moment<a href=\"https:\/\/www.elementlogic.fr\/cookie-policy\/#cookies\">&nbsp;ici.<\/a><\/p>\n\n\n\n<p>Certains des cookies d\u00e9crits ici collectent des donn\u00e9es personnelles. Pour consulter vos droits en mati\u00e8re de traitement des donn\u00e9es personnelles, veuillez vous r\u00e9f\u00e9rer \u00e0 notre<a href=\"https:\/\/www.elementlogic.fr\/privacy-policy\/\">&nbsp;politique de confidentialit\u00e9.<\/a><\/p>\n\n\n\n<p>La plupart des navigateurs web vous permettent \u00e9galement de contr\u00f4ler la plupart des cookies via les param\u00e8tres du navigateur. Pour en savoir plus sur les cookies, y compris sur la fa\u00e7on de voir quels cookies ont \u00e9t\u00e9 d\u00e9finis, visitez&nbsp;<a href=\"https:\/\/www.aboutcookies.org\/\">www.aboutcookies.org<\/a>&nbsp;ou&nbsp;<a href=\"https:\/\/allaboutcookies.org\/\">www.allaboutcookies.org<\/a>. Pour d\u00e9sactiver les cookies, vous pouvez \u00e9galement visiter&nbsp;<a href=\"https:\/\/optout.aboutads.info\/?c=2&amp;lang=EN\">www.aboutads.info\/choices<\/a>&nbsp;et&nbsp;<a href=\"https:\/\/youronlinechoices.eu\/\">www.youronlinechoices.eu<\/a>.<\/p>\n\n\n\n<p><strong>GOOGLE MAPS<br><\/strong>Sur ce site web (<a href=\"https:\/\/www.elementlogic.fr\/\">https:\/\/www.elementlogic.fr\/<\/a>), nous utilisons Google Maps. Ce service utilise des cookies pour collecter, stocker et utiliser des informations techniques sur votre interaction avec notre site web (donn\u00e9es de session).<\/p>\n\n\n\n<p>Il s\u2019agit d\u2019une carte interactive qui vous permet d\u2019afficher notre position. Nous traitons vos donn\u00e9es personnelles pour vous fournir une carte interactive afin de vous indiquer notre emplacement.<\/p>\n\n\n\n<p>Si vous consentez \u00e0 l\u2019utilisation de Google Maps, la carte sera affich\u00e9e sur notre site web. Votre adresse IP et les informations selon lesquelles vous avez visit\u00e9 notre site seront envoy\u00e9es \u00e0 Google. Google stockera ces informations sur ses propres serveurs.<\/p>\n\n\n\n<p><strong>YOUTUBE<br><\/strong>Sur ce site web (<a href=\"https:\/\/www.elementlogic.fr\/\">https:\/\/www.elementlogic.fr\/<\/a>), nous utilisons YouTube. Ce service utilise des cookies pour collecter, stocker et utiliser des informations techniques sur votre interaction avec notre site web (donn\u00e9es de session).<\/p>\n\n\n\n<p>Nous utilisons YouTube dans son mode de confidentialit\u00e9 am\u00e9lior\u00e9 pour vous montrer des vid\u00e9os. Nous traitons vos donn\u00e9es personnelles pour vous fournir des vid\u00e9os de notre cha\u00eene YouTube.<\/p>\n\n\n\n<p>Le mode de confidentialit\u00e9 am\u00e9lior\u00e9 signifie que YouTube recevra votre adresse IP, la date et l\u2019heure d\u2019affichage de la vid\u00e9o, ainsi que des informations indiquant que vous avez visit\u00e9 notre site web. Ces donn\u00e9es ne seront transmises au serveur YouTube que si vous d\u00e9marrez une vid\u00e9o.<\/p>\n\n\n\n<p><strong>MICROSOFT CLARITY<br><\/strong>Sur ce site web (<a href=\"https:\/\/www.elementlogic.fr\/\">https:\/\/www.elementlogic.fr\/<\/a>), nous utilisons le service Clarity fourni par Microsoft. Clarity est un outil d\u2019analyse comportementale qui nous aide \u00e0 comprendre comment les utilisateurs interagissent avec notre site web. Les donn\u00e9es et informations de session du processus de service dues au rendu de la page et les interactions de l\u2019utilisateur telles que les mouvements de souris, les clics et les d\u00e9filements.<\/p>\n\n\n\n<p>Veuillez noter que lorsque vous donnez votre consentement, Microsoft collecte ou re\u00e7oit des donn\u00e9es personnelles de votre part pour fournir Microsoft Advertising. Vous trouverez plus d\u2019informations dans les d\u00e9clarations de confidentialit\u00e9 de Microsoft :&nbsp;<a href=\"https:\/\/privacy.microsoft.com\/en-us\/privacystatement\">https:\/\/privacy.microsoft.com\/en-us\/privacystatement<\/a>.<\/p>\n\n\n\n<p><strong>GOOGLE ADWORDS<br><\/strong>Sur ce site web (<a href=\"https:\/\/www.elementlogic.fr\/\">https:\/\/www.elementlogic.fr\/<\/a>), nous utilisons le service Google AdWords. Nous utilisons le service pour effectuer des publicit\u00e9s cibl\u00e9es sur les services Google et les sites web tiers.<\/p>\n\n\n\n<p>Vous trouverez plus d\u2019informations sur la fa\u00e7on dont Google utilise ces informations ici:\u00a0<a href=\"https:\/\/policies.google.com\/technologies\/partner-sites\">https:\/\/policies.google.com\/technologies\/partner-sites<\/a>.<\/p>\n\n\n\n<p><strong>FACEBOOK-PIXEL<br><\/strong>Sur ce site web (<a href=\"https:\/\/www.elementlogic.fr\/\">https:\/\/www.elementlogic.fr\/<\/a>), nous avons int\u00e9gr\u00e9 le service Facebook-pixel. Un pixel Facebook est un plug-in qui r\u00e9side sur notre site web et recueille des informations pour Meta. Le pixel collecte des informations \u00e0 partir des cookies de votre navigateur et les renvoie \u00e0 Facebook o\u00f9 les informations sont combin\u00e9es avec les donn\u00e9es de votre profil Facebook. Les informations collect\u00e9es peuvent \u00eatre li\u00e9es \u00e0 votre comportement d\u2019utilisateur (donn\u00e9es d\u00e9mographiques telles que l\u2019\u00e2ge, le sexe, les int\u00e9r\u00eats) ou aux actions que vous effectuez telles que cliquer sur des liens. Les informations ne sont disponibles qu\u2019\u00e0 un niveau anonyme et agr\u00e9g\u00e9. Les informations sont utilis\u00e9es \u00e0 des fins d\u2019analyse, de publicit\u00e9 cibl\u00e9e en fonction de votre comportement d\u2019utilisateur (remarketing) et pour identifier des groupes cibles de publicit\u00e9 qui ont un profil similaire au v\u00f4tre et qui ont donc la possibilit\u00e9 d\u2019avoir un mod\u00e8le d\u2019action ou un besoin similaire.<\/p>\n\n\n\n<p><strong>LINKEDIN INSIGHTS<br><\/strong>Sur ce site web (<a href=\"https:\/\/www.elementlogic.fr\/\">https:\/\/www.elementlogic.fr\/<\/a>), nous avons int\u00e9gr\u00e9 le service LinkedIn Insight. La balise LinkedIn Insight permet \u00e0 Element Logic de collecter des donn\u00e9es sur les visites des membres de LinkedIn sur notre site web, y compris l\u2019URL, le r\u00e9f\u00e9rent, l\u2019adresse IP, les propri\u00e9t\u00e9s de l\u2019appareil et du navigateur (agent utilisateur) et l\u2019horodatage. Les informations sont utilis\u00e9es afin d\u2019envoyer des publicit\u00e9s cibl\u00e9es sur la base des donn\u00e9es collect\u00e9es. Les adresses IP sont tronqu\u00e9es ou hach\u00e9es (lorsqu\u2019elles sont utilis\u00e9es pour atteindre les membres sur plusieurs appareils), et les identifiants directs des membres sont supprim\u00e9s dans les sept jours pour rendre les donn\u00e9es pseudonymis\u00e9es. Ces donn\u00e9es pseudonymis\u00e9es restantes sont ensuite supprim\u00e9es dans un d\u00e9lai de 180 jours.<\/p>\n","protected":false},"excerpt":{"rendered":"<p>Les cookies sont de petits fichiers texte plac\u00e9s sur votre ordinateur par les sites web que vous visitez. Ils sont [&hellip;]<\/p>\n","protected":false},"author":3,"featured_media":0,"parent":0,"menu_order":0,"comment_status":"closed","ping_status":"closed","template":"","meta":{"hreflang_relation":2673,"_el_cross_publish_source_blog_url":"","_el_cross_publish_source_blog_id":0,"_el_cross_publish_source_post_id":0,"_el_cross_publish_sync_state":"","exclude_from_search":false,"footnotes":""},"class_list":["post-42","page","type-page","status-publish","hentry"],"yoast_head":"<!-- This site is optimized with the Yoast SEO Premium plugin v23.9 (Yoast SEO v23.9) - https:\/\/yoast.com\/wordpress\/plugins\/seo\/ -->\n<title>Utilisation des cookies - Element Logic France<\/title>\n<meta name=\"description\" content=\"Cette politique de cookies d\u00e9crit comment Element Logic utilise les cookies sur son site web (https:\/\/www.elementlogic.fr).\" \/>\n<meta name=\"robots\" content=\"index, follow, max-snippet:-1, max-image-preview:large, max-video-preview:-1\" \/>\n<link rel=\"canonical\" href=\"https:\/\/www.elementlogic.net\/fr\/politique-cookies\/\" \/>\n<meta property=\"og:locale\" content=\"fr_FR\" \/>\n<meta property=\"og:type\" content=\"article\" \/>\n<meta property=\"og:title\" content=\"Utilisation des cookies\" \/>\n<meta property=\"og:description\" content=\"Cette politique de cookies d\u00e9crit comment Element Logic utilise les cookies sur son site web (https:\/\/www.elementlogic.fr).\" \/>\n<meta property=\"og:url\" content=\"https:\/\/www.elementlogic.net\/fr\/politique-cookies\/\" \/>\n<meta property=\"og:site_name\" content=\"Element Logic France\" \/>\n<meta property=\"article:modified_time\" content=\"2024-12-05T17:11:39+00:00\" \/>\n<meta name=\"twitter:card\" content=\"summary_large_image\" \/>\n<meta name=\"twitter:label1\" content=\"Dur\u00e9e de lecture estim\u00e9e\" \/>\n\t<meta name=\"twitter:data1\" content=\"5 minutes\" \/>\n<script type=\"application\/ld+json\" class=\"yoast-schema-graph\">{\"@context\":\"https:\/\/schema.org\",\"@graph\":[{\"@type\":\"WebPage\",\"@id\":\"https:\/\/www.elementlogic.net\/fr\/politique-cookies\/\",\"url\":\"https:\/\/www.elementlogic.net\/fr\/politique-cookies\/\",\"name\":\"Utilisation des cookies - Element Logic France\",\"isPartOf\":{\"@id\":\"https:\/\/www.elementlogic.net\/fr\/#website\"},\"datePublished\":\"2024-09-14T10:41:27+00:00\",\"dateModified\":\"2024-12-05T17:11:39+00:00\",\"description\":\"Cette politique de cookies d\u00e9crit comment Element Logic utilise les cookies sur son site web (https:\/\/www.elementlogic.fr).\",\"inLanguage\":\"fr-FR\",\"potentialAction\":[{\"@type\":\"ReadAction\",\"target\":[\"https:\/\/www.elementlogic.net\/fr\/politique-cookies\/\"]}]},{\"@type\":\"WebSite\",\"@id\":\"https:\/\/www.elementlogic.net\/fr\/#website\",\"url\":\"https:\/\/www.elementlogic.net\/fr\/\",\"name\":\"Element Logic France\",\"description\":\"\",\"potentialAction\":[{\"@type\":\"SearchAction\",\"target\":{\"@type\":\"EntryPoint\",\"urlTemplate\":\"https:\/\/www.elementlogic.net\/fr\/?s={search_term_string}\"},\"query-input\":{\"@type\":\"PropertyValueSpecification\",\"valueRequired\":true,\"valueName\":\"search_term_string\"}}],\"inLanguage\":\"fr-FR\"}]}<\/script>\n<!-- \/ Yoast SEO Premium plugin. -->","yoast_head_json":{"title":"Utilisation des cookies - Element Logic France","description":"Cette politique de cookies d\u00e9crit comment Element Logic utilise les cookies sur son site web (https:\/\/www.elementlogic.fr).","robots":{"index":"index","follow":"follow","max-snippet":"max-snippet:-1","max-image-preview":"max-image-preview:large","max-video-preview":"max-video-preview:-1"},"canonical":"https:\/\/www.elementlogic.net\/fr\/politique-cookies\/","og_locale":"fr_FR","og_type":"article","og_title":"Utilisation des cookies","og_description":"Cette politique de cookies d\u00e9crit comment Element Logic utilise les cookies sur son site web (https:\/\/www.elementlogic.fr).","og_url":"https:\/\/www.elementlogic.net\/fr\/politique-cookies\/","og_site_name":"Element Logic France","article_modified_time":"2024-12-05T17:11:39+00:00","twitter_card":"summary_large_image","twitter_misc":{"Dur\u00e9e de lecture estim\u00e9e":"5 minutes"},"schema":{"@context":"https:\/\/schema.org","@graph":[{"@type":"WebPage","@id":"https:\/\/www.elementlogic.net\/fr\/politique-cookies\/","url":"https:\/\/www.elementlogic.net\/fr\/politique-cookies\/","name":"Utilisation des cookies - Element Logic France","isPartOf":{"@id":"https:\/\/www.elementlogic.net\/fr\/#website"},"datePublished":"2024-09-14T10:41:27+00:00","dateModified":"2024-12-05T17:11:39+00:00","description":"Cette politique de cookies d\u00e9crit comment Element Logic utilise les cookies sur son site web (https:\/\/www.elementlogic.fr).","inLanguage":"fr-FR","potentialAction":[{"@type":"ReadAction","target":["https:\/\/www.elementlogic.net\/fr\/politique-cookies\/"]}]},{"@type":"WebSite","@id":"https:\/\/www.elementlogic.net\/fr\/#website","url":"https:\/\/www.elementlogic.net\/fr\/","name":"Element Logic France","description":"","potentialAction":[{"@type":"SearchAction","target":{"@type":"EntryPoint","urlTemplate":"https:\/\/www.elementlogic.net\/fr\/?s={search_term_string}"},"query-input":{"@type":"PropertyValueSpecification","valueRequired":true,"valueName":"search_term_string"}}],"inLanguage":"fr-FR"}]}},"_links":{"self":[{"href":"https:\/\/www.elementlogic.net\/fr\/wp-json\/wp\/v2\/pages\/42"}],"collection":[{"href":"https:\/\/www.elementlogic.net\/fr\/wp-json\/wp\/v2\/pages"}],"about":[{"href":"https:\/\/www.elementlogic.net\/fr\/wp-json\/wp\/v2\/types\/page"}],"author":[{"embeddable":true,"href":"https:\/\/www.elementlogic.net\/fr\/wp-json\/wp\/v2\/users\/3"}],"replies":[{"embeddable":true,"href":"https:\/\/www.elementlogic.net\/fr\/wp-json\/wp\/v2\/comments?post=42"}],"version-history":[{"count":4,"href":"https:\/\/www.elementlogic.net\/fr\/wp-json\/wp\/v2\/pages\/42\/revisions"}],"predecessor-version":[{"id":1964,"href":"https:\/\/www.elementlogic.net\/fr\/wp-json\/wp\/v2\/pages\/42\/revisions\/1964"}],"wp:attachment":[{"href":"https:\/\/www.elementlogic.net\/fr\/wp-json\/wp\/v2\/media?parent=42"}],"curies":[{"name":"wp","href":"https:\/\/api.w.org\/{rel}","templated":true}]}}