{"id":428,"date":"2024-08-22T19:56:51","date_gmt":"2024-08-22T17:56:51","guid":{"rendered":"https:\/\/www.elementlogic.net\/?page_id=284"},"modified":"2026-04-02T10:13:30","modified_gmt":"2026-04-02T10:13:30","slug":"notre-histoire","status":"publish","type":"page","link":"https:\/\/www.elementlogic.net\/fr\/a-propos\/notre-histoire\/","title":{"rendered":"(OLD) Notre histoire"},"content":{"rendered":"\n\t\t<div style=\"--dekode-hero-dim:0.5; --t2-icon-fill:var(--wp--preset--color--white); min-height:500px;\" class=\"alignfull dekode-hero-content-position-center has-media-background wp-elements-e04293a617078e775a494fdbb256a7ad wp-block-dekode-hero has-text-color has-white-color\">\n\t\t\t<img loading=\"lazy\" decoding=\"async\" width=\"1024\" height=\"324\" src=\"https:\/\/www.elementlogic.net\/content\/uploads\/sites\/18\/\/2024\/09\/Bergfreunde-AutoStore-Grid-1024x324.jpg\" class=\"dekode-hero__image\" alt=\"\" style=\"--focalpoint: 50% 50%;\" srcset=\"https:\/\/www.elementlogic.net\/content\/uploads\/sites\/18\/2024\/09\/Bergfreunde-AutoStore-Grid-1024x324.jpg 1024w, https:\/\/www.elementlogic.net\/content\/uploads\/sites\/18\/2024\/09\/Bergfreunde-AutoStore-Grid-300x95.jpg 300w, https:\/\/www.elementlogic.net\/content\/uploads\/sites\/18\/2024\/09\/Bergfreunde-AutoStore-Grid-768x243.jpg 768w, https:\/\/www.elementlogic.net\/content\/uploads\/sites\/18\/2024\/09\/Bergfreunde-AutoStore-Grid-1536x486.jpg 1536w, https:\/\/www.elementlogic.net\/content\/uploads\/sites\/18\/2024\/09\/Bergfreunde-AutoStore-Grid.jpg 1600w\" sizes=\"(max-width: 1024px) 100vw, 1024px\" \/>\n\t\t\t<div class=\"dekode-hero__content\">\n\t\t\t\t<div class=\"dekode-hero__container\">\n\t\t\t\t\t\n\n<h1 class=\"wp-block-heading has-text-align-center\" id=\"l-histoire-d-element-logic\">L\u2019histoire d\u2019Element Logic<\/h1>\n\n\n\n<p class=\"has-text-align-center\">Depuis la cr\u00e9ation d\u2019Element Logic en 1985, nous avons optimis\u00e9 avec succ\u00e8s des entrep\u00f4ts dans le monde entier.<\/p>\n\n\n\n<div class=\"wp-block-buttons is-content-justification-left is-layout-flex wp-container-core-buttons-is-layout-1 wp-block-buttons-is-layout-flex\">\n<div class=\"wp-block-button has-icon has-icon-theme_arrow\"><a class=\"wp-block-button__link wp-element-button\" href=\"https:\/\/www.elementlogic.net\/fr\/contact\/\">Contactez l\u2019un de nos experts<svg xmlns=\"http:\/\/www.w3.org\/2000\/svg\" viewBox=\"0 0 24 24\" height=\"24\" width=\"24\" class=\"t2-icon t2-icon-theme_arrow\" aria-hidden=\"true\" focusable=\"false\"><path d=\"M16.627 12.75H5.25C5.03717 12.75 4.859 12.6782 4.7155 12.5345C4.57183 12.391 4.5 12.2128 4.5 12C4.5 11.7872 4.57183 11.609 4.7155 11.4655C4.859 11.3218 5.03717 11.25 5.25 11.25H16.627L11.4577 6.08076C11.3091 5.93209 11.2357 5.75809 11.2375 5.55876C11.2395 5.35942 11.318 5.18217 11.473 5.02701C11.6282 4.88217 11.8038 4.80717 12 4.80201C12.1962 4.79684 12.3718 4.87184 12.527 5.02701L18.8673 11.3673C18.9609 11.4609 19.0269 11.5597 19.0652 11.6635C19.1037 11.7673 19.123 11.8795 19.123 12C19.123 12.1205 19.1037 12.2327 19.0652 12.3365C19.0269 12.4403 18.9609 12.5391 18.8673 12.6328L12.527 18.973C12.3885 19.1115 12.217 19.1823 12.0125 19.1855C11.808 19.1887 11.6282 19.1178 11.473 18.973C11.318 18.8178 11.2405 18.6397 11.2405 18.4385C11.2405 18.2372 11.318 18.0589 11.473 17.9038L16.627 12.75Z\" fill=\"var(--t2-icon-fill, #000)\"\/><\/svg><\/a><\/div>\n<\/div>\n\n\n\t\t\t\t<\/div>\n\t\t\t<\/div>\n\t\t<\/div>\n\t\t\n\n\n<figure class=\"wp-block-embed alignwide is-type-video is-provider-youtube wp-block-embed-youtube wp-embed-aspect-16-9 wp-has-aspect-ratio\"><div class=\"wp-block-embed__wrapper\">\n<iframe loading=\"lazy\" title=\"We are Element Logic | World`s first AutoStore partner | EN\" width=\"500\" height=\"281\" src=\"https:\/\/www.youtube.com\/embed\/8p_4EE-z5hA?feature=oembed\" frameborder=\"0\" allow=\"accelerometer; autoplay; clipboard-write; encrypted-media; gyroscope; picture-in-picture; web-share\" referrerpolicy=\"strict-origin-when-cross-origin\" allowfullscreen><\/iframe>\n<\/div><\/figure>\n\n\n\n<h2 class=\"wp-block-heading\" id=\"l-optimisation-depuis-le-premier-jour\">L\u2019optimisation depuis le premier jour<\/h2>\n\n\n\n<p>Depuis la naissance d\u2019Element Logic en 1985, notre objectif a toujours \u00e9t\u00e9 d\u2019optimiser la performance des entrep\u00f4ts. Nos premi\u00e8res solutions automatis\u00e9es \u00e9taient des carrousels verticaux et en 10 ans, Element Logic est devenu le leader du march\u00e9 dans les pays scandinaves. La cl\u00e9 de notre succ\u00e8s est la m\u00eame aujourd\u2019hui&nbsp;: des collaborateurs travailleurs et motiv\u00e9s, qui croient en l\u2019avenir des nouvelles technologies et sont fiers de pouvoir r\u00e9pondre aux attentes de leurs clients.<\/p>\n\n\n\n<p>Au d\u00e9but, nous avons cr\u00e9\u00e9 notre propre syst\u00e8me de gestion (WCS) bas\u00e9 sur un syst\u00e8me de chronom\u00e9trage du nombre de pas effectu\u00e9s par les employ\u00e9s dans les entrep\u00f4ts. Bien que nos m\u00e9thodes aient \u00e9volu\u00e9es, le c\u0153ur de notre produit reste le m\u00eame&nbsp;: des solutions de picking intelligentes, automatiques, pilot\u00e9es par notre propre logiciel et permettant d\u2019am\u00e9liorer les flux op\u00e9rationnels des entrep\u00f4ts.<\/p>\n\n\n\n<figure class=\"wp-block-image size-large\"><img loading=\"lazy\" decoding=\"async\" width=\"1024\" height=\"489\" src=\"https:\/\/www.elementlogic.net\/content\/uploads\/sites\/18\/\/2024\/09\/Element_history1-1024x489.jpg\" alt=\"\" class=\"wp-image-722\" srcset=\"https:\/\/www.elementlogic.net\/content\/uploads\/sites\/18\/2024\/09\/Element_history1-1024x489.jpg 1024w, https:\/\/www.elementlogic.net\/content\/uploads\/sites\/18\/2024\/09\/Element_history1-300x143.jpg 300w, https:\/\/www.elementlogic.net\/content\/uploads\/sites\/18\/2024\/09\/Element_history1-768x367.jpg 768w, https:\/\/www.elementlogic.net\/content\/uploads\/sites\/18\/2024\/09\/Element_history1.jpg 1500w\" sizes=\"(max-width: 1024px) 100vw, 1024px\" \/><\/figure>\n\n\n\n<h2 class=\"wp-block-heading\" id=\"le-partenaire-historique-d-autostore\">Le partenaire historique d\u2019AutoStore<\/h2>\n\n\n\n<p>Retour en 2003&nbsp;: l\u2019inventeur des robots AutoStore, Ingvar Hognaland, et le fondateur d\u2019Element Logic, Kjell Blakseth, se rencontrent lors d\u2019un salon. L\u2019industrie ne prend alors pas du tout au s\u00e9rieux leur \u00ab&nbsp;folle id\u00e9e de robot&nbsp;\u00bb&nbsp;! Six mois plus tard, Element Logic installait le premier entrep\u00f4t AutoStore au monde.<\/p>\n\n\n\n<p>Les premi\u00e8res ann\u00e9es de ce partenariat furent n\u00e9anmoins compliqu\u00e9es. Le march\u00e9 avait peur de l\u2019automatisation et les gens \u00e9taient surtout focalis\u00e9s sur les risques inh\u00e9rents. Bien que le produit n\u2019en \u00e9tait qu\u2019\u00e0 ses d\u00e9buts et n\u2019avait pas la renomm\u00e9e qu\u2019il a aujourd\u2019hui, le potentiel de cette nouvelle solution a toujours \u00e9t\u00e9 clair pour Element Logic.<\/p>\n\n\n\n<p>Un lien \u00e9troit se tisse alors entre Element Logic et&nbsp;<a href=\"https:\/\/www.autostoresystem.com\/fr\">AutoStore<\/a>. Deux entreprises qui se connaissent parfaitement et qui veulent travailler ensemble. Deux entreprises qui ont grandi et se sont d\u00e9velopp\u00e9es c\u00f4te \u00e0 c\u00f4te, au fur et \u00e0 mesure que le produit et que le march\u00e9 sont devenus plus matures.<\/p>\n\n\n\n<figure class=\"wp-block-image size-large\"><img loading=\"lazy\" decoding=\"async\" width=\"1024\" height=\"526\" src=\"https:\/\/www.elementlogic.net\/content\/uploads\/sites\/18\/\/2024\/09\/Element_history2-1024x526.jpg\" alt=\"\" class=\"wp-image-721\" srcset=\"https:\/\/www.elementlogic.net\/content\/uploads\/sites\/18\/2024\/09\/Element_history2-1024x526.jpg 1024w, https:\/\/www.elementlogic.net\/content\/uploads\/sites\/18\/2024\/09\/Element_history2-300x154.jpg 300w, https:\/\/www.elementlogic.net\/content\/uploads\/sites\/18\/2024\/09\/Element_history2-768x395.jpg 768w, https:\/\/www.elementlogic.net\/content\/uploads\/sites\/18\/2024\/09\/Element_history2.jpg 1500w\" sizes=\"(max-width: 1024px) 100vw, 1024px\" \/><\/figure>\n\n\n\n<h2 class=\"wp-block-heading\" id=\"le-developpement-en-europe\">Le d\u00e9veloppement en Europe<\/h2>\n\n\n\n<p>La Scandinavie a toujours \u00e9t\u00e9 le march\u00e9 d\u2019origine d\u2019Element Logic. Mais en 2015, nous avons vendu notre premier projet en dehors des pays scandinaves et l\u2019ann\u00e9e suivante, plus de 50&nbsp;% de nos revenus \u00e9taient g\u00e9n\u00e9r\u00e9s hors de la Norv\u00e8ge. En 2016, nous avons ouvert notre premi\u00e8re filiale en Allemagne, suivi par le Royaume-Uni et la France.<\/p>\n\n\n\n<p>Pays apr\u00e8s pays, nous avons contribu\u00e9 \u00e0 moderniser les entrep\u00f4ts en concevant des solutions innovantes avec AutoStore, pour une efficacit\u00e9 et une productivit\u00e9 accrue. Nous avons ainsi install\u00e9 le plus grand entrep\u00f4t AutoStore dans le monde ainsi que le plus petit.<\/p>\n\n\n\n<p>En 2020, Element Logic a obtenu les droits de distribution europ\u00e9ens complets d\u2019AutoStore et a ouvert des op\u00e9rations \u00e0 grande \u00e9chelle dans d\u2019autres pays europ\u00e9ens. En tant que plus grand distributeur AutoStore au monde depuis 2020, nous avons acquis les droits de distribution mondiale en 2022, lorsque nous avons acquis&nbsp;<a href=\"https:\/\/sdi.systems\/\">SDI<\/a>, un acteur cl\u00e9 du secteur de la manutention bas\u00e9 aux \u00c9tats-Unis depuis 1977. En 2023, nous nous sommes d\u00e9velopp\u00e9s en Asie-Pacifique en ouvrant nos bureaux \u00e0 Singapour. Aujourd\u2019hui, nous sommes l\u2019un des plus grands int\u00e9grateurs au monde.<\/p>\n\n\n\n<figure class=\"wp-block-image size-full\"><img loading=\"lazy\" decoding=\"async\" width=\"1024\" height=\"520\" src=\"https:\/\/www.elementlogic.net\/content\/uploads\/sites\/18\/2024\/10\/Element-Logic-Carte-Europe.webp\" alt=\"\" class=\"wp-image-1732\" srcset=\"https:\/\/www.elementlogic.net\/content\/uploads\/sites\/18\/2024\/10\/Element-Logic-Carte-Europe.webp 1024w, https:\/\/www.elementlogic.net\/content\/uploads\/sites\/18\/2024\/10\/Element-Logic-Carte-Europe-300x152.webp 300w, https:\/\/www.elementlogic.net\/content\/uploads\/sites\/18\/2024\/10\/Element-Logic-Carte-Europe-768x390.webp 768w\" sizes=\"(max-width: 1024px) 100vw, 1024px\" \/><\/figure>\n\n\n\n<h2 class=\"wp-block-heading\" id=\"a-la-pointe-de-la-technologie\">\u00c0 la pointe de la technologie<\/h2>\n\n\n\n<p>Depuis l\u2019achat de notre premier ordinateur en 1985, nous n\u2019avons jamais cess\u00e9 de croire aux nouvelles technologies. Il est dans l\u2019ADN d\u2019Element Logic d\u2019\u00eatre un pionnier et nous avons construit notre mod\u00e8le \u00e9conomique sur la technologie. Notre syst\u00e8me de gestion (WCS) est un de nos plus pr\u00e9cieux atouts car il permet \u00e0 nos clients de maximiser l\u2019efficacit\u00e9 de la solution AutoStore et d\u2019augmenter la productivit\u00e9 de leurs entrep\u00f4ts. Un syst\u00e8me de gestion que notre \u00e9quipe de R&amp;D am\u00e9liore en permanence.<\/p>\n\n\n\n<p>Comme AutoStore, nous aimons les robots qui am\u00e9liorent la productivit\u00e9 des entrep\u00f4ts. C\u2019est pourquoi Element Logic s\u2019est associ\u00e9 avec Right Hand Robotics pour cr\u00e9er un bras de picking robotis\u00e9 qui utilise le machine learning. Ce bras est install\u00e9 sur une station de picking et permet de saisir des objets sans les avoir vus auparavant. Alors que le robot collecte les objets, il apprend et se perfectionne.<\/p>\n\n\n\n<p>Pour citer un de nos clients b\u00e9ta-testeur, \u00ab&nbsp;c\u2019est le futur de l\u2019intralogistique, aucun doute l\u00e0-dessus&nbsp;!&nbsp;\u00bb.<\/p>\n\n\n\n<h2 class=\"wp-block-heading\" id=\"l-humain-comme-moteur\">L\u2019humain comme moteur<\/h2>\n\n\n\n<p>M\u00eame si nous travaillons tous les jours avec une technologie incroyable, pour Element Logic, l\u2019humain reste le plus important. Notre culture d\u2019entreprise est bas\u00e9e sur une hi\u00e9rarchie tr\u00e8s souple permettant de cr\u00e9er un environnement de travail respectueux, humble et ouvert.<\/p>\n\n\n\n<p>Cela influence notre mani\u00e8re de dialoguer et de r\u00e9gler les probl\u00e8mes de nos clients&nbsp;; ainsi rien n\u2019est trop petit ou trop grand pour r\u00e9pondre \u00e0 leurs attentes.<\/p>\n\n\n\n\t\t<div class=\"alignwide wp-block-dekode-simple-cta\">\n\t\t\t<div class=\"dekode-simple-cta__inner\">\n\n<h2 class=\"wp-block-heading\" id=\"contactez-des-aujourd-hui-notre-agence-la-plus-proche\">Contactez d\u00e8s aujourd\u2019hui notre agence la plus proche.<\/h2>\n\n\n\n<div class=\"wp-block-buttons is-layout-flex wp-block-buttons-is-layout-flex\">\n<div class=\"wp-block-button has-icon has-icon-theme_arrow\"><a class=\"wp-block-button__link wp-element-button\" href=\"https:\/\/www.elementlogic.net\/about-us\/locations\/\">Notre localisation<svg xmlns=\"http:\/\/www.w3.org\/2000\/svg\" viewBox=\"0 0 24 24\" height=\"24\" width=\"24\" class=\"t2-icon t2-icon-theme_arrow\" aria-hidden=\"true\" focusable=\"false\"><path d=\"M16.627 12.75H5.25C5.03717 12.75 4.859 12.6782 4.7155 12.5345C4.57183 12.391 4.5 12.2128 4.5 12C4.5 11.7872 4.57183 11.609 4.7155 11.4655C4.859 11.3218 5.03717 11.25 5.25 11.25H16.627L11.4577 6.08076C11.3091 5.93209 11.2357 5.75809 11.2375 5.55876C11.2395 5.35942 11.318 5.18217 11.473 5.02701C11.6282 4.88217 11.8038 4.80717 12 4.80201C12.1962 4.79684 12.3718 4.87184 12.527 5.02701L18.8673 11.3673C18.9609 11.4609 19.0269 11.5597 19.0652 11.6635C19.1037 11.7673 19.123 11.8795 19.123 12C19.123 12.1205 19.1037 12.2327 19.0652 12.3365C19.0269 12.4403 18.9609 12.5391 18.8673 12.6328L12.527 18.973C12.3885 19.1115 12.217 19.1823 12.0125 19.1855C11.808 19.1887 11.6282 19.1178 11.473 18.973C11.318 18.8178 11.2405 18.6397 11.2405 18.4385C11.2405 18.2372 11.318 18.0589 11.473 17.9038L16.627 12.75Z\" fill=\"var(--t2-icon-fill, #000)\"\/><\/svg><\/a><\/div>\n<\/div>\n\n<\/div>\n\t\t<\/div>","protected":false},"excerpt":{"rendered":"<p>L\u2019optimisation depuis le premier jour Depuis la naissance d\u2019Element Logic en 1985, notre objectif a toujours \u00e9t\u00e9 d\u2019optimiser la performance [&hellip;]<\/p>\n","protected":false},"author":5,"featured_media":48,"parent":210,"menu_order":0,"comment_status":"closed","ping_status":"closed","template":"","meta":{"hreflang_relation":284,"_el_cross_publish_source_blog_url":"","_el_cross_publish_source_blog_id":0,"_el_cross_publish_source_post_id":0,"_el_cross_publish_sync_state":"","exclude_from_search":false,"footnotes":""},"class_list":["post-428","page","type-page","status-publish","has-post-thumbnail","hentry"],"yoast_head":"<!-- This site is optimized with the Yoast SEO Premium plugin v23.9 (Yoast SEO v23.9) - https:\/\/yoast.com\/wordpress\/plugins\/seo\/ -->\n<title>(OLD) Notre histoire - Element Logic France<\/title>\n<meta name=\"description\" content=\"Element Logic est aujourd\u2019hui un int\u00e9grateur majeur de syst\u00e8mes sp\u00e9cialis\u00e9s dans l\u2019automatisation des entrep\u00f4ts et l\u2019intralogistique. Contactez-nous !.\" \/>\n<meta name=\"robots\" content=\"index, follow, max-snippet:-1, max-image-preview:large, max-video-preview:-1\" \/>\n<link rel=\"canonical\" href=\"https:\/\/www.elementlogic.net\/fr\/a-propos\/notre-histoire\/\" \/>\n<meta property=\"og:locale\" content=\"fr_FR\" \/>\n<meta property=\"og:type\" content=\"article\" \/>\n<meta property=\"og:title\" content=\"(OLD) Notre histoire\" \/>\n<meta property=\"og:description\" content=\"Element Logic est aujourd\u2019hui un int\u00e9grateur majeur de syst\u00e8mes sp\u00e9cialis\u00e9s dans l\u2019automatisation des entrep\u00f4ts et l\u2019intralogistique. Contactez-nous !.\" \/>\n<meta property=\"og:url\" content=\"https:\/\/www.elementlogic.net\/fr\/a-propos\/notre-histoire\/\" \/>\n<meta property=\"og:site_name\" content=\"Element Logic France\" \/>\n<meta property=\"article:modified_time\" content=\"2026-04-02T10:13:30+00:00\" \/>\n<meta property=\"og:image\" content=\"https:\/\/www.elementlogic.net\/content\/uploads\/sites\/18\/\/2024\/09\/ElementLogic-OCC-0915.22-08470-flip-scaled.jpg\" \/>\n\t<meta property=\"og:image:width\" content=\"2560\" \/>\n\t<meta property=\"og:image:height\" content=\"1710\" \/>\n\t<meta property=\"og:image:type\" content=\"image\/jpeg\" \/>\n<meta name=\"twitter:card\" content=\"summary_large_image\" \/>\n<meta name=\"twitter:label1\" content=\"Dur\u00e9e de lecture estim\u00e9e\" \/>\n\t<meta name=\"twitter:data1\" content=\"5 minutes\" \/>\n<script type=\"application\/ld+json\" class=\"yoast-schema-graph\">{\"@context\":\"https:\/\/schema.org\",\"@graph\":[{\"@type\":\"WebPage\",\"@id\":\"https:\/\/www.elementlogic.net\/fr\/a-propos\/notre-histoire\/\",\"url\":\"https:\/\/www.elementlogic.net\/fr\/a-propos\/notre-histoire\/\",\"name\":\"(OLD) Notre histoire - Element Logic France\",\"isPartOf\":{\"@id\":\"https:\/\/www.elementlogic.net\/fr\/#website\"},\"primaryImageOfPage\":{\"@id\":\"https:\/\/www.elementlogic.net\/fr\/a-propos\/notre-histoire\/#primaryimage\"},\"image\":{\"@id\":\"https:\/\/www.elementlogic.net\/fr\/a-propos\/notre-histoire\/#primaryimage\"},\"thumbnailUrl\":\"https:\/\/www.elementlogic.net\/content\/uploads\/sites\/18\/\/2024\/09\/ElementLogic-OCC-0915.22-08470-flip-scaled.jpg\",\"datePublished\":\"2024-08-22T17:56:51+00:00\",\"dateModified\":\"2026-04-02T10:13:30+00:00\",\"description\":\"Element Logic est aujourd\u2019hui un int\u00e9grateur majeur de syst\u00e8mes sp\u00e9cialis\u00e9s dans l\u2019automatisation des entrep\u00f4ts et l\u2019intralogistique. Contactez-nous !.\",\"breadcrumb\":{\"@id\":\"https:\/\/www.elementlogic.net\/fr\/a-propos\/notre-histoire\/#breadcrumb\"},\"inLanguage\":\"fr-FR\",\"potentialAction\":[{\"@type\":\"ReadAction\",\"target\":[\"https:\/\/www.elementlogic.net\/fr\/a-propos\/notre-histoire\/\"]}]},{\"@type\":\"ImageObject\",\"inLanguage\":\"fr-FR\",\"@id\":\"https:\/\/www.elementlogic.net\/fr\/a-propos\/notre-histoire\/#primaryimage\",\"url\":\"https:\/\/www.elementlogic.net\/content\/uploads\/sites\/18\/\/2024\/09\/ElementLogic-OCC-0915.22-08470-flip-scaled.jpg\",\"contentUrl\":\"https:\/\/www.elementlogic.net\/content\/uploads\/sites\/18\/\/2024\/09\/ElementLogic-OCC-0915.22-08470-flip-scaled.jpg\",\"width\":2560,\"height\":1710},{\"@type\":\"BreadcrumbList\",\"@id\":\"https:\/\/www.elementlogic.net\/fr\/a-propos\/notre-histoire\/#breadcrumb\",\"itemListElement\":[{\"@type\":\"ListItem\",\"position\":1,\"name\":\"(OLD) \u00c0 propos d&rsquo;Element Logic\",\"item\":\"https:\/\/www.elementlogic.net\/fr\/a-propos\/\"},{\"@type\":\"ListItem\",\"position\":2,\"name\":\"(OLD) Notre histoire\"}]},{\"@type\":\"WebSite\",\"@id\":\"https:\/\/www.elementlogic.net\/fr\/#website\",\"url\":\"https:\/\/www.elementlogic.net\/fr\/\",\"name\":\"Element Logic France\",\"description\":\"\",\"potentialAction\":[{\"@type\":\"SearchAction\",\"target\":{\"@type\":\"EntryPoint\",\"urlTemplate\":\"https:\/\/www.elementlogic.net\/fr\/?s={search_term_string}\"},\"query-input\":{\"@type\":\"PropertyValueSpecification\",\"valueRequired\":true,\"valueName\":\"search_term_string\"}}],\"inLanguage\":\"fr-FR\"}]}<\/script>\n<!-- \/ Yoast SEO Premium plugin. -->","yoast_head_json":{"title":"(OLD) Notre histoire - Element Logic France","description":"Element Logic est aujourd\u2019hui un int\u00e9grateur majeur de syst\u00e8mes sp\u00e9cialis\u00e9s dans l\u2019automatisation des entrep\u00f4ts et l\u2019intralogistique. Contactez-nous !.","robots":{"index":"index","follow":"follow","max-snippet":"max-snippet:-1","max-image-preview":"max-image-preview:large","max-video-preview":"max-video-preview:-1"},"canonical":"https:\/\/www.elementlogic.net\/fr\/a-propos\/notre-histoire\/","og_locale":"fr_FR","og_type":"article","og_title":"(OLD) Notre histoire","og_description":"Element Logic est aujourd\u2019hui un int\u00e9grateur majeur de syst\u00e8mes sp\u00e9cialis\u00e9s dans l\u2019automatisation des entrep\u00f4ts et l\u2019intralogistique. Contactez-nous !.","og_url":"https:\/\/www.elementlogic.net\/fr\/a-propos\/notre-histoire\/","og_site_name":"Element Logic France","article_modified_time":"2026-04-02T10:13:30+00:00","og_image":[{"width":2560,"height":1710,"url":"https:\/\/www.elementlogic.net\/content\/uploads\/sites\/18\/\/2024\/09\/ElementLogic-OCC-0915.22-08470-flip-scaled.jpg","type":"image\/jpeg"}],"twitter_card":"summary_large_image","twitter_misc":{"Dur\u00e9e de lecture estim\u00e9e":"5 minutes"},"schema":{"@context":"https:\/\/schema.org","@graph":[{"@type":"WebPage","@id":"https:\/\/www.elementlogic.net\/fr\/a-propos\/notre-histoire\/","url":"https:\/\/www.elementlogic.net\/fr\/a-propos\/notre-histoire\/","name":"(OLD) Notre histoire - Element Logic France","isPartOf":{"@id":"https:\/\/www.elementlogic.net\/fr\/#website"},"primaryImageOfPage":{"@id":"https:\/\/www.elementlogic.net\/fr\/a-propos\/notre-histoire\/#primaryimage"},"image":{"@id":"https:\/\/www.elementlogic.net\/fr\/a-propos\/notre-histoire\/#primaryimage"},"thumbnailUrl":"https:\/\/www.elementlogic.net\/content\/uploads\/sites\/18\/\/2024\/09\/ElementLogic-OCC-0915.22-08470-flip-scaled.jpg","datePublished":"2024-08-22T17:56:51+00:00","dateModified":"2026-04-02T10:13:30+00:00","description":"Element Logic est aujourd\u2019hui un int\u00e9grateur majeur de syst\u00e8mes sp\u00e9cialis\u00e9s dans l\u2019automatisation des entrep\u00f4ts et l\u2019intralogistique. Contactez-nous !.","breadcrumb":{"@id":"https:\/\/www.elementlogic.net\/fr\/a-propos\/notre-histoire\/#breadcrumb"},"inLanguage":"fr-FR","potentialAction":[{"@type":"ReadAction","target":["https:\/\/www.elementlogic.net\/fr\/a-propos\/notre-histoire\/"]}]},{"@type":"ImageObject","inLanguage":"fr-FR","@id":"https:\/\/www.elementlogic.net\/fr\/a-propos\/notre-histoire\/#primaryimage","url":"https:\/\/www.elementlogic.net\/content\/uploads\/sites\/18\/\/2024\/09\/ElementLogic-OCC-0915.22-08470-flip-scaled.jpg","contentUrl":"https:\/\/www.elementlogic.net\/content\/uploads\/sites\/18\/\/2024\/09\/ElementLogic-OCC-0915.22-08470-flip-scaled.jpg","width":2560,"height":1710},{"@type":"BreadcrumbList","@id":"https:\/\/www.elementlogic.net\/fr\/a-propos\/notre-histoire\/#breadcrumb","itemListElement":[{"@type":"ListItem","position":1,"name":"(OLD) \u00c0 propos d&rsquo;Element Logic","item":"https:\/\/www.elementlogic.net\/fr\/a-propos\/"},{"@type":"ListItem","position":2,"name":"(OLD) Notre histoire"}]},{"@type":"WebSite","@id":"https:\/\/www.elementlogic.net\/fr\/#website","url":"https:\/\/www.elementlogic.net\/fr\/","name":"Element Logic France","description":"","potentialAction":[{"@type":"SearchAction","target":{"@type":"EntryPoint","urlTemplate":"https:\/\/www.elementlogic.net\/fr\/?s={search_term_string}"},"query-input":{"@type":"PropertyValueSpecification","valueRequired":true,"valueName":"search_term_string"}}],"inLanguage":"fr-FR"}]}},"_links":{"self":[{"href":"https:\/\/www.elementlogic.net\/fr\/wp-json\/wp\/v2\/pages\/428"}],"collection":[{"href":"https:\/\/www.elementlogic.net\/fr\/wp-json\/wp\/v2\/pages"}],"about":[{"href":"https:\/\/www.elementlogic.net\/fr\/wp-json\/wp\/v2\/types\/page"}],"author":[{"embeddable":true,"href":"https:\/\/www.elementlogic.net\/fr\/wp-json\/wp\/v2\/users\/5"}],"replies":[{"embeddable":true,"href":"https:\/\/www.elementlogic.net\/fr\/wp-json\/wp\/v2\/comments?post=428"}],"version-history":[{"count":5,"href":"https:\/\/www.elementlogic.net\/fr\/wp-json\/wp\/v2\/pages\/428\/revisions"}],"predecessor-version":[{"id":2999,"href":"https:\/\/www.elementlogic.net\/fr\/wp-json\/wp\/v2\/pages\/428\/revisions\/2999"}],"up":[{"embeddable":true,"href":"https:\/\/www.elementlogic.net\/fr\/wp-json\/wp\/v2\/pages\/210"}],"wp:featuredmedia":[{"embeddable":true,"href":"https:\/\/www.elementlogic.net\/fr\/wp-json\/wp\/v2\/media\/48"}],"wp:attachment":[{"href":"https:\/\/www.elementlogic.net\/fr\/wp-json\/wp\/v2\/media?parent=428"}],"curies":[{"name":"wp","href":"https:\/\/api.w.org\/{rel}","templated":true}]}}