{"id":431,"date":"2024-08-22T19:50:46","date_gmt":"2024-08-22T17:50:46","guid":{"rendered":"https:\/\/www.elementlogic.net\/?page_id=271"},"modified":"2026-04-02T14:29:32","modified_gmt":"2026-04-02T14:29:32","slug":"conception","status":"publish","type":"page","link":"https:\/\/www.elementlogic.net\/fr\/solutions-et-services\/conception\/","title":{"rendered":"Conception et conseil"},"content":{"rendered":"\n\t\t<div style=\"--dekode-hero-dim:0.5; --t2-icon-fill:var(--wp--preset--color--white); min-height:500px;\" class=\"alignfull dekode-hero-content-position-center has-media-background wp-elements-8b107bf394177f3f454ad46818873f1c wp-block-dekode-hero has-text-color has-white-color\">\n\t\t\t\t\t<video\n\t\t\tautoplay\n\t\t\tloop\n\t\t\tmuted\n\t\t\tplaysinline\n\t\t\tposter=\"https:\/\/www.elementlogic.net\/content\/uploads\/sites\/18\/\/2024\/09\/fallback-design.jpg\"\n\t\t\tsrc=\"https:\/\/www.elementlogic.net\/content\/uploads\/sites\/18\/\/2024\/09\/design-consulting.mp4\">\n\t\t<\/video>\n\t\t\n\t\t\t<div class=\"dekode-hero__content\">\n\t\t\t\t<div class=\"dekode-hero__container\">\n\t\t\t\t\t\n\n<h1 class=\"wp-block-heading has-text-align-center\" id=\"une-solution-d-automatisation-d-entrepot-adaptee-a-vos-besoins\">Une solution d\u2019automatisation d\u2019entrep\u00f4t adapt\u00e9e \u00e0 vos besoins<\/h1>\n\n\n\n<p class=\"has-text-align-center\">Dans la conception de toutes ses solutions d\u2019automatisation d\u2019entrep\u00f4t, Element Logic prend en compte le d\u00e9veloppement et les besoins futurs de votre entreprise.<\/p>\n\n\n\n<div class=\"wp-block-buttons is-content-justification-center is-layout-flex wp-container-core-buttons-is-layout-1 wp-block-buttons-is-layout-flex\">\n<div class=\"wp-block-button has-icon has-icon-theme_arrow\"><a class=\"wp-block-button__link wp-element-button\" href=\"https:\/\/www.elementlogic.net\/fr\/contact\/\">Contactez-nous d\u00e8s aujourd\u2019hui pour en savoir plus<svg xmlns=\"http:\/\/www.w3.org\/2000\/svg\" viewBox=\"0 0 24 24\" height=\"24\" width=\"24\" class=\"t2-icon t2-icon-theme_arrow\" aria-hidden=\"true\" focusable=\"false\"><path d=\"M16.627 12.75H5.25C5.03717 12.75 4.859 12.6782 4.7155 12.5345C4.57183 12.391 4.5 12.2128 4.5 12C4.5 11.7872 4.57183 11.609 4.7155 11.4655C4.859 11.3218 5.03717 11.25 5.25 11.25H16.627L11.4577 6.08076C11.3091 5.93209 11.2357 5.75809 11.2375 5.55876C11.2395 5.35942 11.318 5.18217 11.473 5.02701C11.6282 4.88217 11.8038 4.80717 12 4.80201C12.1962 4.79684 12.3718 4.87184 12.527 5.02701L18.8673 11.3673C18.9609 11.4609 19.0269 11.5597 19.0652 11.6635C19.1037 11.7673 19.123 11.8795 19.123 12C19.123 12.1205 19.1037 12.2327 19.0652 12.3365C19.0269 12.4403 18.9609 12.5391 18.8673 12.6328L12.527 18.973C12.3885 19.1115 12.217 19.1823 12.0125 19.1855C11.808 19.1887 11.6282 19.1178 11.473 18.973C11.318 18.8178 11.2405 18.6397 11.2405 18.4385C11.2405 18.2372 11.318 18.0589 11.473 17.9038L16.627 12.75Z\" fill=\"var(--t2-icon-fill, #000)\"\/><\/svg><\/a><\/div>\n<\/div>\n\n\n\t\t\t\t<\/div>\n\t\t\t<\/div>\n\t\t<\/div>\n\t\t\n\n\n<p>La taille de l\u2019entrep\u00f4t, les exigences op\u00e9rationnelles, les d\u00e9fis et les opportunit\u00e9s varient d\u2019un client \u00e0 un autre. C\u2019est pourquoi nos \u00e9quipes d\u2019experts de l\u2019intralogistique et du syst\u00e8me AutoStore prennent en compte vos sp\u00e9cificit\u00e9s et vos pr\u00e9f\u00e9rences d\u00e8s le d\u00e9but de la collaboration. L\u2019expertise et la cr\u00e9ativit\u00e9 de nos ing\u00e9nieurs syst\u00e8mes permettent de concevoir la solution la plus adapt\u00e9e \u00e0 l\u2019espace de stockage de votre entrep\u00f4t pour maximiser le succ\u00e8s de votre automatisation.<\/p>\n\n\n\n<p>Regardless of whether you have a brand-new storage building or want to utilize existing space, our people design the smartest and most profitable solution for you. Nothing is too small or too big.<\/p>\n\n\n\n\t\t<blockquote class=\"wp-block-dekode-quote\">\n\t\t\t<div class=\"wp-block-dekode-quote__icon\">\n\t\t\t\t<img loading=\"lazy\" decoding=\"async\" width=\"300\" height=\"300\" src=\"https:\/\/www.elementlogic.net\/content\/uploads\/sites\/18\/\/2024\/09\/element-logic-lasse-1-300x300.jpg\" class=\"quote-image\" alt=\"\" srcset=\"https:\/\/www.elementlogic.net\/content\/uploads\/sites\/18\/2024\/09\/element-logic-lasse-1-300x300.jpg 300w, https:\/\/www.elementlogic.net\/content\/uploads\/sites\/18\/2024\/09\/element-logic-lasse-1-150x150.jpg 150w, https:\/\/www.elementlogic.net\/content\/uploads\/sites\/18\/2024\/09\/element-logic-lasse-1.jpg 500w\" sizes=\"(max-width: 300px) 100vw, 300px\" \/><svg xmlns=\"http:\/\/www.w3.org\/2000\/svg\" viewBox=\"0 0 24 24\" height=\"96\" width=\"96\" class=\"t2-icon t2-icon-theme_quote\" aria-hidden=\"true\" focusable=\"false\"><path d=\"M6.7808 16.5288L8.49055 13.5673C8.43289 13.5993 8.36555 13.6217 8.28855 13.6345C8.21155 13.6473 8.13464 13.6538 8.0578 13.6538C7.04114 13.6538 6.17797 13.2958 5.4683 12.5798C4.7588 11.8638 4.40405 11.0038 4.40405 10C4.40405 8.98334 4.7588 8.12017 5.4683 7.4105C6.17797 6.701 7.04114 6.34625 8.0578 6.34625C9.06164 6.34625 9.92155 6.701 10.6376 7.4105C11.3536 8.12017 11.7116 8.98334 11.7116 10C11.7116 10.3513 11.669 10.6783 11.5838 10.9808C11.4985 11.2833 11.3737 11.5718 11.2096 11.8463L8.07305 17.2788C8.00905 17.3904 7.92122 17.4808 7.80955 17.55C7.69805 17.6192 7.57305 17.6538 7.43455 17.6538C7.14739 17.6538 6.93205 17.5288 6.78855 17.2788C6.64489 17.0288 6.6423 16.7788 6.7808 16.5288ZM15.6656 16.5288L17.3751 13.5673C17.3174 13.5993 17.2501 13.6217 17.1731 13.6345C17.0962 13.6473 17.0193 13.6538 16.9423 13.6538C15.9256 13.6538 15.0626 13.2958 14.3531 12.5798C13.6434 11.8638 13.2886 11.0038 13.2886 10C13.2886 8.977 13.6434 8.11225 14.3531 7.40575C15.0626 6.69942 15.9256 6.34625 16.9423 6.34625C17.9461 6.34625 18.8061 6.701 19.5221 7.4105C20.2381 8.12017 20.5961 8.98334 20.5961 10C20.5961 10.3513 20.5535 10.6783 20.4683 10.9808C20.383 11.2833 20.2583 11.5718 20.0943 11.8463L16.9578 17.2788C16.8936 17.3904 16.8058 17.4808 16.6943 17.55C16.5828 17.6192 16.4578 17.6538 16.3193 17.6538C16.0321 17.6538 15.8167 17.5288 15.6731 17.2788C15.5296 17.0288 15.5271 16.7788 15.6656 16.5288Z\" fill=\"var(--t2-icon-fill, #000)\"\/><\/svg>\n\t\t\t<\/div>\n\t\t\t<div class=\"wp-block-dekode-quote__text\">\n\t\t\t\t<p><strong>Nous avons pass\u00e9 beaucoup de temps \u00e0 analyser et \u00e0 comprendre les besoins de notre client, \u00e0 r\u00e9aliser des tests et des simulations pour trouver la solution la plus adapt\u00e9e. Notre objectif est de cr\u00e9er une solution avec le rendement le plus \u00e9lev\u00e9 au meilleur prix<\/strong>.<\/p>\n<cite>Lasse Vik, Gestionnaire Produit AutoStore chez Element Logic<br><\/cite>\n\t\t\t<\/div>\n\t\t<\/blockquote>\n\n\n<figure class=\"wp-block-image alignwide size-large\"><img loading=\"lazy\" decoding=\"async\" width=\"1024\" height=\"682\" src=\"https:\/\/www.elementlogic.net\/content\/uploads\/sites\/18\/\/2024\/09\/Element-Logic_AutoStore-design-copy-1024x682.jpg\" alt=\"\" class=\"wp-image-167\" srcset=\"https:\/\/www.elementlogic.net\/content\/uploads\/sites\/18\/2024\/09\/Element-Logic_AutoStore-design-copy-1024x682.jpg 1024w, https:\/\/www.elementlogic.net\/content\/uploads\/sites\/18\/2024\/09\/Element-Logic_AutoStore-design-copy-300x200.jpg 300w, https:\/\/www.elementlogic.net\/content\/uploads\/sites\/18\/2024\/09\/Element-Logic_AutoStore-design-copy-768x512.jpg 768w, https:\/\/www.elementlogic.net\/content\/uploads\/sites\/18\/2024\/09\/Element-Logic_AutoStore-design-copy-1536x1023.jpg 1536w, https:\/\/www.elementlogic.net\/content\/uploads\/sites\/18\/2024\/09\/Element-Logic_AutoStore-design-copy.jpg 1600w\" sizes=\"(max-width: 1024px) 100vw, 1024px\" \/><\/figure>\n\n\n\n<h2 class=\"wp-block-heading\" id=\"capacite-de-traitement-des-commandes-et-rendement-optimises\">Capacit\u00e9 de traitement des commandes et rendement optimis\u00e9s<\/h2>\n\n\n\n<p>Nous r\u00e9alisons une s\u00e9rie de tests pour nous assurer que la solution d\u2019automatisation vous permet d\u2019atteindre un rendement maximis\u00e9 pour votre entrep\u00f4t. Notre \u00e9quipe conception cr\u00e9e des mod\u00e8les 3D de votre futur entrep\u00f4t automatis\u00e9 et r\u00e9alise des simulations sur diff\u00e9rents sc\u00e9narios pour vous montrer les r\u00e9sultats attendus en termes de capacit\u00e9 de traitement et de rendement.<\/p>\n\n\n\n<p>Chez Element Logic, nous valorisons le dialogue et le contact humain dans toutes les \u00e9tapes d\u2019automatisation de votre entrep\u00f4t. Nous d\u00e9cidons ensemble de la meilleure mani\u00e8re d\u2019avancer, de la conception \u00e0 l\u2019impl\u00e9mentation de la solution.<\/p>\n\n\n\n\t\t<div class=\"wp-block-dekode-simple-cta\">\n\t\t\t<div class=\"dekode-simple-cta__inner\">\n\n<h3 class=\"wp-block-heading\" id=\"vous-voulez-savoir-comment-element-logic-peut-optimiser-les-performances-de-votre-entrepot\">Vous voulez savoir comment Element Logic peut optimiser les performances de votre entrep\u00f4t ?<\/h3>\n\n\n\n<div class=\"wp-block-buttons is-layout-flex wp-block-buttons-is-layout-flex\">\n<div class=\"wp-block-button\"><a class=\"wp-block-button__link wp-element-button\" href=\"https:\/\/www.elementlogic.net\/fr\/contact\/\">Contactez-nous d\u00e8s aujourd\u2019hui<\/a><\/div>\n<\/div>\n\n<\/div>\n\t\t<\/div>\n\n\n<h3 class=\"wp-block-heading\" id=\"en-savoir-plus-sur-nos-solutions-et-services-pour-automatiser-votre-entrepot\">En savoir plus sur nos solutions et services pour automatiser votre entrep\u00f4t:<\/h3>\n\n\n\n\t\t<div style=\"--link-cards-grid-columns: 3\" class=\"dekode-link-cards has-3-columns wp-block-dekode-link-cards\">\n\t\t\t<div class=\"dekode-link-cards__items\">\n\t\t\t\t\n<a class=\"wp-block-dekode-link-card\" href=\"https:\/\/www.elementlogic.net\/fr\/solutions-et-services\/reussite-client\/\"><img loading=\"lazy\" decoding=\"async\" width=\"600\" height=\"400\" src=\"https:\/\/www.elementlogic.net\/content\/uploads\/sites\/18\/\/2024\/09\/image-11.png\" class=\"\" alt=\"\" \/>\t<div class=\"dekode-link-card__content\">\n\t\t\t\t<p class=\"dekode-link-card__title\">\n\t\t\tR\u00e9ussite de nos clients \t\t<\/p>\n\t\t\t<\/div>\n\t<\/a>\n\n<a class=\"wp-block-dekode-link-card\" href=\"https:\/\/www.elementlogic.net\/fr\/solutions-et-services\/livraison\"><img loading=\"lazy\" decoding=\"async\" width=\"768\" height=\"512\" src=\"https:\/\/www.elementlogic.net\/content\/uploads\/sites\/18\/\/2024\/09\/EL_construction15-768x512.jpg\" class=\"\" alt=\"\" \/>\t<div class=\"dekode-link-card__content\">\n\t\t\t\t<p class=\"dekode-link-card__title\">\n\t\t\tLivraison\t\t<\/p>\n\t\t\t<\/div>\n\t<\/a>\n\n<a class=\"wp-block-dekode-link-card\" href=\"https:\/\/www.elementlogic.net\/fr\/solutions-et-services\/logiciels\/\"><img loading=\"lazy\" decoding=\"async\" width=\"768\" height=\"512\" src=\"https:\/\/www.elementlogic.net\/content\/uploads\/sites\/18\/\/2024\/09\/image-68-768x512.png\" class=\"\" alt=\"\" \/>\t<div class=\"dekode-link-card__content\">\n\t\t\t\t<p class=\"dekode-link-card__title\">\n\t\t\tLogiciel\t\t<\/p>\n\t\t\t<\/div>\n\t<\/a>\n\n\t\t\t<\/div>\n\t\t<\/div>","protected":false},"excerpt":{"rendered":"<p>La taille de l\u2019entrep\u00f4t, les exigences op\u00e9rationnelles, les d\u00e9fis et les opportunit\u00e9s varient d\u2019un client \u00e0 un autre. C\u2019est pourquoi [&hellip;]<\/p>\n","protected":false},"author":1,"featured_media":344,"parent":2459,"menu_order":0,"comment_status":"closed","ping_status":"closed","template":"","meta":{"hreflang_relation":271,"_el_cross_publish_source_blog_url":"","_el_cross_publish_source_blog_id":0,"_el_cross_publish_source_post_id":0,"_el_cross_publish_sync_state":"","exclude_from_search":false,"footnotes":""},"class_list":["post-431","page","type-page","status-publish","has-post-thumbnail","hentry"],"yoast_head":"<!-- This site is optimized with the Yoast SEO Premium plugin v23.9 (Yoast SEO v23.9) - https:\/\/yoast.com\/wordpress\/plugins\/seo\/ -->\n<title>Conception et conseil - Element Logic France<\/title>\n<meta name=\"description\" content=\"Element Logic con\u00e7oit des solutions intelligentes pour automatiser votre entrep\u00f4t, quelle que soit sa taille. Contactez-nous !\" \/>\n<meta name=\"robots\" content=\"index, follow, max-snippet:-1, max-image-preview:large, max-video-preview:-1\" \/>\n<link rel=\"canonical\" href=\"https:\/\/www.elementlogic.net\/fr\/solutions-et-services\/conception\/\" \/>\n<meta property=\"og:locale\" content=\"fr_FR\" \/>\n<meta property=\"og:type\" content=\"article\" \/>\n<meta property=\"og:title\" content=\"Conception et conseil\" \/>\n<meta property=\"og:description\" content=\"Element Logic con\u00e7oit des solutions intelligentes pour automatiser votre entrep\u00f4t, quelle que soit sa taille. Contactez-nous !\" \/>\n<meta property=\"og:url\" content=\"https:\/\/www.elementlogic.net\/fr\/solutions-et-services\/conception\/\" \/>\n<meta property=\"og:site_name\" content=\"Element Logic France\" \/>\n<meta property=\"article:modified_time\" content=\"2026-04-02T14:29:32+00:00\" \/>\n<meta property=\"og:image\" content=\"https:\/\/www.elementlogic.net\/content\/uploads\/sites\/18\/\/2024\/09\/image-57.png\" \/>\n\t<meta property=\"og:image:width\" content=\"1600\" \/>\n\t<meta property=\"og:image:height\" content=\"850\" \/>\n\t<meta property=\"og:image:type\" content=\"image\/png\" \/>\n<meta name=\"twitter:card\" content=\"summary_large_image\" \/>\n<meta name=\"twitter:label1\" content=\"Dur\u00e9e de lecture estim\u00e9e\" \/>\n\t<meta name=\"twitter:data1\" content=\"2 minutes\" \/>\n<script type=\"application\/ld+json\" class=\"yoast-schema-graph\">{\"@context\":\"https:\/\/schema.org\",\"@graph\":[{\"@type\":\"WebPage\",\"@id\":\"https:\/\/www.elementlogic.net\/fr\/solutions-et-services\/conception\/\",\"url\":\"https:\/\/www.elementlogic.net\/fr\/solutions-et-services\/conception\/\",\"name\":\"Conception et conseil - Element Logic France\",\"isPartOf\":{\"@id\":\"https:\/\/www.elementlogic.net\/fr\/#website\"},\"primaryImageOfPage\":{\"@id\":\"https:\/\/www.elementlogic.net\/fr\/solutions-et-services\/conception\/#primaryimage\"},\"image\":{\"@id\":\"https:\/\/www.elementlogic.net\/fr\/solutions-et-services\/conception\/#primaryimage\"},\"thumbnailUrl\":\"https:\/\/www.elementlogic.net\/content\/uploads\/sites\/18\/\/2024\/09\/image-57.png\",\"datePublished\":\"2024-08-22T17:50:46+00:00\",\"dateModified\":\"2026-04-02T14:29:32+00:00\",\"description\":\"Element Logic con\u00e7oit des solutions intelligentes pour automatiser votre entrep\u00f4t, quelle que soit sa taille. Contactez-nous !\",\"breadcrumb\":{\"@id\":\"https:\/\/www.elementlogic.net\/fr\/solutions-et-services\/conception\/#breadcrumb\"},\"inLanguage\":\"fr-FR\",\"potentialAction\":[{\"@type\":\"ReadAction\",\"target\":[\"https:\/\/www.elementlogic.net\/fr\/solutions-et-services\/conception\/\"]}]},{\"@type\":\"ImageObject\",\"inLanguage\":\"fr-FR\",\"@id\":\"https:\/\/www.elementlogic.net\/fr\/solutions-et-services\/conception\/#primaryimage\",\"url\":\"https:\/\/www.elementlogic.net\/content\/uploads\/sites\/18\/\/2024\/09\/image-57.png\",\"contentUrl\":\"https:\/\/www.elementlogic.net\/content\/uploads\/sites\/18\/\/2024\/09\/image-57.png\",\"width\":1600,\"height\":850},{\"@type\":\"BreadcrumbList\",\"@id\":\"https:\/\/www.elementlogic.net\/fr\/solutions-et-services\/conception\/#breadcrumb\",\"itemListElement\":[{\"@type\":\"ListItem\",\"position\":1,\"name\":\"Solutions &amp; services\",\"item\":\"https:\/\/www.elementlogic.net\/fr\/solutions-et-services\/\"},{\"@type\":\"ListItem\",\"position\":2,\"name\":\"Conception et conseil\"}]},{\"@type\":\"WebSite\",\"@id\":\"https:\/\/www.elementlogic.net\/fr\/#website\",\"url\":\"https:\/\/www.elementlogic.net\/fr\/\",\"name\":\"Element Logic France\",\"description\":\"\",\"potentialAction\":[{\"@type\":\"SearchAction\",\"target\":{\"@type\":\"EntryPoint\",\"urlTemplate\":\"https:\/\/www.elementlogic.net\/fr\/?s={search_term_string}\"},\"query-input\":{\"@type\":\"PropertyValueSpecification\",\"valueRequired\":true,\"valueName\":\"search_term_string\"}}],\"inLanguage\":\"fr-FR\"}]}<\/script>\n<!-- \/ Yoast SEO Premium plugin. -->","yoast_head_json":{"title":"Conception et conseil - Element Logic France","description":"Element Logic con\u00e7oit des solutions intelligentes pour automatiser votre entrep\u00f4t, quelle que soit sa taille. Contactez-nous !","robots":{"index":"index","follow":"follow","max-snippet":"max-snippet:-1","max-image-preview":"max-image-preview:large","max-video-preview":"max-video-preview:-1"},"canonical":"https:\/\/www.elementlogic.net\/fr\/solutions-et-services\/conception\/","og_locale":"fr_FR","og_type":"article","og_title":"Conception et conseil","og_description":"Element Logic con\u00e7oit des solutions intelligentes pour automatiser votre entrep\u00f4t, quelle que soit sa taille. Contactez-nous !","og_url":"https:\/\/www.elementlogic.net\/fr\/solutions-et-services\/conception\/","og_site_name":"Element Logic France","article_modified_time":"2026-04-02T14:29:32+00:00","og_image":[{"width":1600,"height":850,"url":"https:\/\/www.elementlogic.net\/content\/uploads\/sites\/18\/\/2024\/09\/image-57.png","type":"image\/png"}],"twitter_card":"summary_large_image","twitter_misc":{"Dur\u00e9e de lecture estim\u00e9e":"2 minutes"},"schema":{"@context":"https:\/\/schema.org","@graph":[{"@type":"WebPage","@id":"https:\/\/www.elementlogic.net\/fr\/solutions-et-services\/conception\/","url":"https:\/\/www.elementlogic.net\/fr\/solutions-et-services\/conception\/","name":"Conception et conseil - Element Logic France","isPartOf":{"@id":"https:\/\/www.elementlogic.net\/fr\/#website"},"primaryImageOfPage":{"@id":"https:\/\/www.elementlogic.net\/fr\/solutions-et-services\/conception\/#primaryimage"},"image":{"@id":"https:\/\/www.elementlogic.net\/fr\/solutions-et-services\/conception\/#primaryimage"},"thumbnailUrl":"https:\/\/www.elementlogic.net\/content\/uploads\/sites\/18\/\/2024\/09\/image-57.png","datePublished":"2024-08-22T17:50:46+00:00","dateModified":"2026-04-02T14:29:32+00:00","description":"Element Logic con\u00e7oit des solutions intelligentes pour automatiser votre entrep\u00f4t, quelle que soit sa taille. Contactez-nous !","breadcrumb":{"@id":"https:\/\/www.elementlogic.net\/fr\/solutions-et-services\/conception\/#breadcrumb"},"inLanguage":"fr-FR","potentialAction":[{"@type":"ReadAction","target":["https:\/\/www.elementlogic.net\/fr\/solutions-et-services\/conception\/"]}]},{"@type":"ImageObject","inLanguage":"fr-FR","@id":"https:\/\/www.elementlogic.net\/fr\/solutions-et-services\/conception\/#primaryimage","url":"https:\/\/www.elementlogic.net\/content\/uploads\/sites\/18\/\/2024\/09\/image-57.png","contentUrl":"https:\/\/www.elementlogic.net\/content\/uploads\/sites\/18\/\/2024\/09\/image-57.png","width":1600,"height":850},{"@type":"BreadcrumbList","@id":"https:\/\/www.elementlogic.net\/fr\/solutions-et-services\/conception\/#breadcrumb","itemListElement":[{"@type":"ListItem","position":1,"name":"Solutions &amp; services","item":"https:\/\/www.elementlogic.net\/fr\/solutions-et-services\/"},{"@type":"ListItem","position":2,"name":"Conception et conseil"}]},{"@type":"WebSite","@id":"https:\/\/www.elementlogic.net\/fr\/#website","url":"https:\/\/www.elementlogic.net\/fr\/","name":"Element Logic France","description":"","potentialAction":[{"@type":"SearchAction","target":{"@type":"EntryPoint","urlTemplate":"https:\/\/www.elementlogic.net\/fr\/?s={search_term_string}"},"query-input":{"@type":"PropertyValueSpecification","valueRequired":true,"valueName":"search_term_string"}}],"inLanguage":"fr-FR"}]}},"_links":{"self":[{"href":"https:\/\/www.elementlogic.net\/fr\/wp-json\/wp\/v2\/pages\/431"}],"collection":[{"href":"https:\/\/www.elementlogic.net\/fr\/wp-json\/wp\/v2\/pages"}],"about":[{"href":"https:\/\/www.elementlogic.net\/fr\/wp-json\/wp\/v2\/types\/page"}],"author":[{"embeddable":true,"href":"https:\/\/www.elementlogic.net\/fr\/wp-json\/wp\/v2\/users\/1"}],"replies":[{"embeddable":true,"href":"https:\/\/www.elementlogic.net\/fr\/wp-json\/wp\/v2\/comments?post=431"}],"version-history":[{"count":5,"href":"https:\/\/www.elementlogic.net\/fr\/wp-json\/wp\/v2\/pages\/431\/revisions"}],"predecessor-version":[{"id":3068,"href":"https:\/\/www.elementlogic.net\/fr\/wp-json\/wp\/v2\/pages\/431\/revisions\/3068"}],"up":[{"embeddable":true,"href":"https:\/\/www.elementlogic.net\/fr\/wp-json\/wp\/v2\/pages\/2459"}],"wp:featuredmedia":[{"embeddable":true,"href":"https:\/\/www.elementlogic.net\/fr\/wp-json\/wp\/v2\/media\/344"}],"wp:attachment":[{"href":"https:\/\/www.elementlogic.net\/fr\/wp-json\/wp\/v2\/media?parent=431"}],"curies":[{"name":"wp","href":"https:\/\/api.w.org\/{rel}","templated":true}]}}