{"id":659,"date":"2024-08-08T10:59:36","date_gmt":"2024-08-08T08:59:36","guid":{"rendered":"https:\/\/www.elementlogic.net\/?page_id=247"},"modified":"2026-04-02T12:36:44","modified_gmt":"2026-04-02T12:36:44","slug":"picking-robotise","status":"publish","type":"page","link":"https:\/\/www.elementlogic.net\/fr\/solutions-services\/picking-robotise\/","title":{"rendered":"(OLD) Picking robotis\u00e9"},"content":{"rendered":"\n\t\t<div style=\"--dekode-hero-dim:0.5; --t2-icon-fill:var(--wp--preset--color--white); min-height:500px;\" class=\"alignfull dekode-hero-content-position-center has-media-background wp-elements-55a30675476e8b60da0b56c20d27e86a wp-block-dekode-hero has-text-color has-white-color\">\n\t\t\t\t\t<video\n\t\t\tautoplay\n\t\t\tloop\n\t\t\tmuted\n\t\t\tplaysinline\n\t\t\tposter=\"https:\/\/www.elementlogic.net\/content\/uploads\/sites\/18\/\/2024\/09\/fallback-eoperator.jpg\"\n\t\t\tsrc=\"https:\/\/www.elementlogic.net\/content\/uploads\/sites\/18\/\/2024\/09\/robotics.mp4\">\n\t\t<\/video>\n\t\t\n\t\t\t<div class=\"dekode-hero__content\">\n\t\t\t\t<div class=\"dekode-hero__container\">\n\t\t\t\t\t\n\n<h1 class=\"wp-block-heading has-text-align-center\" id=\"ameliorez-l-automatisation-de-votre-entrepot-avec-le-bras-de-picking-robotise-eoperator\">Am\u00e9liorez l\u2019automatisation de votre entrep\u00f4t avec le bras de picking robotis\u00e9 eOperator<\/h1>\n\n\n<p class=\"t2-ingress has-text-align-center wp-block-t2-ingress\">eOperator est le bras de picking robotis\u00e9 d\u2019Element Logic bas\u00e9 sur le machine learning. Il s\u2019int\u00e8gre parfaitement au syst\u00e8me AutoStore. C\u2019est le futur de la logistique.<\/p>\n\n\n<div class=\"wp-block-buttons is-content-justification-left is-layout-flex wp-container-core-buttons-is-layout-1 wp-block-buttons-is-layout-flex\">\n<div class=\"wp-block-button has-icon has-icon-theme_arrow\"><a class=\"wp-block-button__link has-text-align-center wp-element-button\" href=\"https:\/\/www.elementlogic.net\/fr\/contact\/\">Contactez-nous d\u00e8s aujourd\u2019hui pour en savoir plus sur le bras de picking eOperator<svg xmlns=\"http:\/\/www.w3.org\/2000\/svg\" viewBox=\"0 0 24 24\" height=\"24\" width=\"24\" class=\"t2-icon t2-icon-theme_arrow\" aria-hidden=\"true\" focusable=\"false\"><path d=\"M16.627 12.75H5.25C5.03717 12.75 4.859 12.6782 4.7155 12.5345C4.57183 12.391 4.5 12.2128 4.5 12C4.5 11.7872 4.57183 11.609 4.7155 11.4655C4.859 11.3218 5.03717 11.25 5.25 11.25H16.627L11.4577 6.08076C11.3091 5.93209 11.2357 5.75809 11.2375 5.55876C11.2395 5.35942 11.318 5.18217 11.473 5.02701C11.6282 4.88217 11.8038 4.80717 12 4.80201C12.1962 4.79684 12.3718 4.87184 12.527 5.02701L18.8673 11.3673C18.9609 11.4609 19.0269 11.5597 19.0652 11.6635C19.1037 11.7673 19.123 11.8795 19.123 12C19.123 12.1205 19.1037 12.2327 19.0652 12.3365C19.0269 12.4403 18.9609 12.5391 18.8673 12.6328L12.527 18.973C12.3885 19.1115 12.217 19.1823 12.0125 19.1855C11.808 19.1887 11.6282 19.1178 11.473 18.973C11.318 18.8178 11.2405 18.6397 11.2405 18.4385C11.2405 18.2372 11.318 18.0589 11.473 17.9038L16.627 12.75Z\" fill=\"var(--t2-icon-fill, #000)\"\/><\/svg><\/a><\/div>\n<\/div>\n\n\n\t\t\t\t<\/div>\n\t\t\t<\/div>\n\t\t<\/div>\n\t\t\n\n\n<p>eOperator permet d\u2019automatiser la saisie et la manipulation de produits stock\u00e9s dans le syst\u00e8me AutoStore en combinant la technologie prim\u00e9e de picking RightPick de RightHand Robotics avec notre&nbsp;<a href=\"https:\/\/www.elementlogic.net\/fr\/solutions-services\/logiciel\/emanager\/\">logiciel de gestion d\u2019entrep\u00f4t, eManager<\/a>. Lorsque le syst\u00e8me AutoStore livre un article, le bras robotique le saisit et pr\u00e9pare la commande client tr\u00e8s rapidement pour un meilleur ROI. eOperator peut manipuler des milliers de produits et en \u00e9liminant l\u2019erreur humaine, vos clients re\u00e7oivent \u00e0 chaque fois exactement ce qu\u2019ils ont command\u00e9.<\/p>\n\n\n\n<p>Le bras robotique eOperator peut s\u2019int\u00e9grer avec le&nbsp;<a href=\"https:\/\/www.elementlogic.net\/fr\/solutions-services\/autostore\/\">syst\u00e8me AutoStore<\/a>, avec notre logiciel de gestion d\u2019entrep\u00f4t eManager et avec n\u2019importe quel logiciel de gestion d\u2019entrep\u00f4t (WMS).<\/p>\n\n\n\n<figure class=\"wp-block-embed is-type-video is-provider-youtube wp-block-embed-youtube wp-embed-aspect-16-9 wp-has-aspect-ratio\"><div class=\"wp-block-embed__wrapper\">\n<iframe loading=\"lazy\" title=\"Optimize your warehouse performance with eOperator \u2013 Element Logic\" width=\"500\" height=\"281\" src=\"https:\/\/www.youtube.com\/embed\/bkB8IuAIHd4?feature=oembed\" frameborder=\"0\" allow=\"accelerometer; autoplay; clipboard-write; encrypted-media; gyroscope; picture-in-picture; web-share\" referrerpolicy=\"strict-origin-when-cross-origin\" allowfullscreen><\/iframe>\n<\/div><\/figure>\n\n\n\n<h2 class=\"wp-block-heading\" id=\"un-bras-de-picking-robotique-une-nouvelle-etape-dans-l-automatisation-d-entrepot\">Un bras de picking robotique, une nouvelle \u00e9tape dans l\u2019automatisation d\u2019entrep\u00f4t<\/h2>\n\n\n\n<p>eOperator est un employ\u00e9 qui ne sera jamais fatigu\u00e9, qui peut op\u00e9rer dans le noir sans chauffage et qui ne tombe jamais malade. Son \u00ab&nbsp;cerveau&nbsp;\u00bb fonctionne avec une unit\u00e9 de traitement graphique (GPU) puissante con\u00e7ue pour traiter une tr\u00e8s grande quantit\u00e9 de donn\u00e9es tr\u00e8s rapidement et bas\u00e9e sur le machine learning. Pi\u00e8ce apr\u00e8s pi\u00e8ce, eOperator apprend comment saisir diff\u00e9rentes tailles et formes de la mani\u00e8re la plus efficace. Il ne remplace pas l\u2019humain, il travaille avec lui pour assurer un flux op\u00e9rationnel productif et optimis\u00e9.<\/p>\n\n\n\n<p>Avec eOperator, le nombre d\u2019interactions humaines est drastiquement r\u00e9duit et le flux entre l\u2019entrep\u00f4t et les clients devient plus efficace. Vos employ\u00e9s peuvent travailler plus intelligemment et plus facilement.<\/p>\n\n\n\n\t\t<blockquote class=\"wp-block-dekode-quote\">\n\t\t\t<div class=\"wp-block-dekode-quote__icon\">\n\t\t\t\t<img loading=\"lazy\" decoding=\"async\" width=\"198\" height=\"300\" src=\"https:\/\/www.elementlogic.net\/content\/uploads\/sites\/18\/\/2024\/09\/Sutharshan-Nadarajah-Technology-Director-of-Element-Logic-198x300.png\" class=\"quote-image\" alt=\"\" srcset=\"https:\/\/www.elementlogic.net\/content\/uploads\/sites\/18\/2024\/09\/Sutharshan-Nadarajah-Technology-Director-of-Element-Logic-198x300.png 198w, https:\/\/www.elementlogic.net\/content\/uploads\/sites\/18\/2024\/09\/Sutharshan-Nadarajah-Technology-Director-of-Element-Logic.png 460w\" sizes=\"(max-width: 198px) 100vw, 198px\" \/><svg xmlns=\"http:\/\/www.w3.org\/2000\/svg\" viewBox=\"0 0 24 24\" height=\"96\" width=\"96\" class=\"t2-icon t2-icon-theme_quote\" aria-hidden=\"true\" focusable=\"false\"><path d=\"M6.7808 16.5288L8.49055 13.5673C8.43289 13.5993 8.36555 13.6217 8.28855 13.6345C8.21155 13.6473 8.13464 13.6538 8.0578 13.6538C7.04114 13.6538 6.17797 13.2958 5.4683 12.5798C4.7588 11.8638 4.40405 11.0038 4.40405 10C4.40405 8.98334 4.7588 8.12017 5.4683 7.4105C6.17797 6.701 7.04114 6.34625 8.0578 6.34625C9.06164 6.34625 9.92155 6.701 10.6376 7.4105C11.3536 8.12017 11.7116 8.98334 11.7116 10C11.7116 10.3513 11.669 10.6783 11.5838 10.9808C11.4985 11.2833 11.3737 11.5718 11.2096 11.8463L8.07305 17.2788C8.00905 17.3904 7.92122 17.4808 7.80955 17.55C7.69805 17.6192 7.57305 17.6538 7.43455 17.6538C7.14739 17.6538 6.93205 17.5288 6.78855 17.2788C6.64489 17.0288 6.6423 16.7788 6.7808 16.5288ZM15.6656 16.5288L17.3751 13.5673C17.3174 13.5993 17.2501 13.6217 17.1731 13.6345C17.0962 13.6473 17.0193 13.6538 16.9423 13.6538C15.9256 13.6538 15.0626 13.2958 14.3531 12.5798C13.6434 11.8638 13.2886 11.0038 13.2886 10C13.2886 8.977 13.6434 8.11225 14.3531 7.40575C15.0626 6.69942 15.9256 6.34625 16.9423 6.34625C17.9461 6.34625 18.8061 6.701 19.5221 7.4105C20.2381 8.12017 20.5961 8.98334 20.5961 10C20.5961 10.3513 20.5535 10.6783 20.4683 10.9808C20.383 11.2833 20.2583 11.5718 20.0943 11.8463L16.9578 17.2788C16.8936 17.3904 16.8058 17.4808 16.6943 17.55C16.5828 17.6192 16.4578 17.6538 16.3193 17.6538C16.0321 17.6538 15.8167 17.5288 15.6731 17.2788C15.5296 17.0288 15.5271 16.7788 15.6656 16.5288Z\" fill=\"var(--t2-icon-fill, #000)\"\/><\/svg>\n\t\t\t<\/div>\n\t\t\t<div class=\"wp-block-dekode-quote__text\">\n\t\t\t\t<p>Utiliser la technologie de picking de RightPick pour augmenter les performances d\u2019un entrep\u00f4t automatis\u00e9 est un des meilleurs exemples de machine learning int\u00e9gr\u00e9 au secteur de l\u2019intralogistique. C\u2019est le futur de l\u2019automatisation.<\/p>\n<cite>Sutharshan Nadarajah, Directeur Technologique chez Element Logic<\/cite>\n\t\t\t<\/div>\n\t\t<\/blockquote>\n\n\n<h2 class=\"wp-block-heading\" id=\"comment-fonctionne-notre-bras-de-picking-robotique-eoperator\">Comment fonctionne notre bras de picking robotique eOperator<\/h2>\n\n\n\n<p>eOperator est constitu\u00e9 d\u2019un bras robotique, d\u2019une cam\u00e9ra pour la vision et d\u2019une main de pr\u00e9hension \u00e9quip\u00e9e d\u2019une ventouse et de doigts mobiles. La technologie d\u2019eOperator permet de d\u00e9terminer la m\u00e9thode la plus rapide pour saisir et manipuler un objet en une fraction de seconde. Cette adaptabilit\u00e9 et cette facult\u00e9 \u00e0 apprendre et \u00e0 s\u2019am\u00e9liorer en continu font d\u2019eOperator une solution unique pour am\u00e9liorer votre syst\u00e8me AutoStore et votre entrep\u00f4t automatis\u00e9.<\/p>\n\n\n\n<p>Le bras robotique dispose \u00e9galement d\u2019une interface utilisateur intuitive, d\u2019un tableau de bord op\u00e9rationnel et d\u2019un portail de services. eOperator a \u00e9t\u00e9 con\u00e7u pour travailler avec des humains pour un maximum de flexibilit\u00e9. Pour s\u2019assurer du bon fonctionnement d\u2019eOperator, vous disposez d\u2019un rapport statistique en temps r\u00e9el.<\/p>\n\n\n\n<p>eOperator est con\u00e7u et d\u00e9velopp\u00e9 par Element Logic et a \u00e9t\u00e9 int\u00e9gr\u00e9 avec succ\u00e8s dans les entrep\u00f4ts automatis\u00e9s de nos clients AutoStore. Contactez-nous d\u00e8s \u00e0 pr\u00e9sent pour voir comment nous pouvons faire \u00e9voluer votre entrep\u00f4t vers le futur de l\u2019automatisation.<\/p>\n\n\n\n<p>Vous voulez en savoir plus sur notre bras de picking automatis\u00e9 eOperator?<\/p>\n\n\n\n<p><a href=\"https:\/\/www.elementlogic.net\/fr\/contact\/\"><strong>Contactez-nous d\u00e8s aujourd\u2019hui<\/strong><\/a><\/p>\n\n\n\n\t\t<div class=\"alignwide is-mode-constrained is-gap-center has-media-on-the-right wp-block-t2-simple-media-text has-background has-cool-grey-10-background-color   \">\n\t\t\t<div class=\"t2-simple-media-text__container\">\n\t\t\t\t<div class=\"t2-simple-media-text__image\"><img loading=\"lazy\" decoding=\"async\" width=\"768\" height=\"396\" src=\"https:\/\/www.elementlogic.net\/content\/uploads\/sites\/18\/\/2024\/09\/eOperator_2-e1676308586233-768x396.jpg\" class=\"\" alt=\"\" style=\"--focalpoint: 50% 50%;\" srcset=\"https:\/\/www.elementlogic.net\/content\/uploads\/sites\/18\/2024\/09\/eOperator_2-e1676308586233-768x396.jpg 768w, https:\/\/www.elementlogic.net\/content\/uploads\/sites\/18\/2024\/09\/eOperator_2-e1676308586233-300x155.jpg 300w, https:\/\/www.elementlogic.net\/content\/uploads\/sites\/18\/2024\/09\/eOperator_2-e1676308586233-1024x527.jpg 1024w, https:\/\/www.elementlogic.net\/content\/uploads\/sites\/18\/2024\/09\/eOperator_2-e1676308586233-1536x791.jpg 1536w, https:\/\/www.elementlogic.net\/content\/uploads\/sites\/18\/2024\/09\/eOperator_2-e1676308586233.jpg 2000w\" sizes=\"(max-width: 768px) 100vw, 768px\" \/><\/div>\n\t\t\t\t<div class=\"t2-simple-media-text__content-container\">\n\t\t\t\t\t<div class=\"t2-simple-media-text__content\">\n\t\t\t\t\t\t<div class=\"t2-simple-media-text__content-inner\">\n\t\t\t\t\t\t\t\n\n<p>D\u00e9couvrez eOperator en action:<\/p>\n\n\n\n<h2 class=\"wp-block-heading\" id=\"pharmacie-en-ligne-apotea-avec-la-premiere-solution-de-prelevement-de-pieces-par-robot-au-monde-integree-a-autostore\">Pharmacie en ligne, Apotea avec la premi\u00e8re solution de pr\u00e9l\u00e8vement de pi\u00e8ces par robot au monde int\u00e9gr\u00e9e \u00e0 AutoStore<\/h2>\n\n\n\n<div class=\"wp-block-buttons is-layout-flex wp-block-buttons-is-layout-flex\">\n<div class=\"wp-block-button is-style-fill has-icon has-icon-theme_arrow\"><a class=\"wp-block-button__link wp-element-button\" href=\"https:\/\/www.elementlogic.net\/fr\/cas-clients\/apotea\/\">D\u00e9couvrez le cas client Apotea<svg xmlns=\"http:\/\/www.w3.org\/2000\/svg\" viewBox=\"0 0 24 24\" height=\"24\" width=\"24\" class=\"t2-icon t2-icon-theme_arrow\" aria-hidden=\"true\" focusable=\"false\"><path d=\"M16.627 12.75H5.25C5.03717 12.75 4.859 12.6782 4.7155 12.5345C4.57183 12.391 4.5 12.2128 4.5 12C4.5 11.7872 4.57183 11.609 4.7155 11.4655C4.859 11.3218 5.03717 11.25 5.25 11.25H16.627L11.4577 6.08076C11.3091 5.93209 11.2357 5.75809 11.2375 5.55876C11.2395 5.35942 11.318 5.18217 11.473 5.02701C11.6282 4.88217 11.8038 4.80717 12 4.80201C12.1962 4.79684 12.3718 4.87184 12.527 5.02701L18.8673 11.3673C18.9609 11.4609 19.0269 11.5597 19.0652 11.6635C19.1037 11.7673 19.123 11.8795 19.123 12C19.123 12.1205 19.1037 12.2327 19.0652 12.3365C19.0269 12.4403 18.9609 12.5391 18.8673 12.6328L12.527 18.973C12.3885 19.1115 12.217 19.1823 12.0125 19.1855C11.808 19.1887 11.6282 19.1178 11.473 18.973C11.318 18.8178 11.2405 18.6397 11.2405 18.4385C11.2405 18.2372 11.318 18.0589 11.473 17.9038L16.627 12.75Z\" fill=\"var(--t2-icon-fill, #000)\"\/><\/svg><\/a><\/div>\n<\/div>\n\n\n\t\t\t\t\t\t<\/div>\n\t\t\t\t\t<\/div>\n\t\t\t\t<\/div>\n\t\t\t<\/div>\n\t\t<\/div>\n\t\t\n\n\n\t\t<div class=\"wp-block-dekode-simple-cta\">\n\t\t\t<div class=\"dekode-simple-cta__inner\">\n\n<h2 class=\"wp-block-heading\" id=\"vous-voulez-savoir-comment-element-logic-peut-optimiser-les-performances-de-votre-entrepot\">Vous voulez savoir comment Element Logic peut optimiser les performances de votre entrep\u00f4t ?<\/h2>\n\n\n\n<div class=\"wp-block-buttons is-layout-flex wp-block-buttons-is-layout-flex\">\n<div class=\"wp-block-button has-icon has-icon-theme_arrow\"><a class=\"wp-block-button__link wp-element-button\" href=\"https:\/\/www.elementlogic.net\/fr\/contact\/\">Contactez-nous d\u00e8s aujourd\u2019hui<svg xmlns=\"http:\/\/www.w3.org\/2000\/svg\" viewBox=\"0 0 24 24\" height=\"24\" width=\"24\" class=\"t2-icon t2-icon-theme_arrow\" aria-hidden=\"true\" focusable=\"false\"><path d=\"M16.627 12.75H5.25C5.03717 12.75 4.859 12.6782 4.7155 12.5345C4.57183 12.391 4.5 12.2128 4.5 12C4.5 11.7872 4.57183 11.609 4.7155 11.4655C4.859 11.3218 5.03717 11.25 5.25 11.25H16.627L11.4577 6.08076C11.3091 5.93209 11.2357 5.75809 11.2375 5.55876C11.2395 5.35942 11.318 5.18217 11.473 5.02701C11.6282 4.88217 11.8038 4.80717 12 4.80201C12.1962 4.79684 12.3718 4.87184 12.527 5.02701L18.8673 11.3673C18.9609 11.4609 19.0269 11.5597 19.0652 11.6635C19.1037 11.7673 19.123 11.8795 19.123 12C19.123 12.1205 19.1037 12.2327 19.0652 12.3365C19.0269 12.4403 18.9609 12.5391 18.8673 12.6328L12.527 18.973C12.3885 19.1115 12.217 19.1823 12.0125 19.1855C11.808 19.1887 11.6282 19.1178 11.473 18.973C11.318 18.8178 11.2405 18.6397 11.2405 18.4385C11.2405 18.2372 11.318 18.0589 11.473 17.9038L16.627 12.75Z\" fill=\"var(--t2-icon-fill, #000)\"\/><\/svg><\/a><\/div>\n<\/div>\n\n<\/div>\n\t\t<\/div>\n\n\n<h3 class=\"wp-block-heading\" id=\"en-savoir-plus-sur-nos-solutions-et-services-pour-automatiser-votre-entrepot\">En savoir plus sur nos solutions et services pour automatiser votre entrep\u00f4t:<\/h3>\n\n\n\n\t\t<div style=\"--link-cards-grid-columns: 3\" class=\"dekode-link-cards has-3-columns wp-block-dekode-link-cards\">\n\t\t\t<div class=\"dekode-link-cards__items\">\n\t\t\t\t\n<a class=\"wp-block-dekode-link-card\" href=\"https:\/\/www.elementlogic.net\/fr\/solutions-services\/autostore\/\"><img loading=\"lazy\" decoding=\"async\" width=\"768\" height=\"513\" src=\"https:\/\/www.elementlogic.net\/content\/uploads\/sites\/18\/\/2024\/09\/image-121-768x513.png\" class=\"\" alt=\"\" \/>\t<div class=\"dekode-link-card__content\">\n\t\t\t\t<p class=\"dekode-link-card__title\">\n\t\t\tAutoStore\t\t<\/p>\n\t\t\t<\/div>\n\t<\/a>\n\n<a class=\"wp-block-dekode-link-card\" href=\"https:\/\/www.elementlogic.net\/fr\/solutions-services\/logiciel\/\"><img loading=\"lazy\" decoding=\"async\" width=\"768\" height=\"512\" src=\"https:\/\/www.elementlogic.net\/content\/uploads\/sites\/18\/\/2024\/09\/image-68-768x512.png\" class=\"\" alt=\"\" \/>\t<div class=\"dekode-link-card__content\">\n\t\t\t\t<p class=\"dekode-link-card__title\">\n\t\t\tLogiciel\t\t<\/p>\n\t\t\t<\/div>\n\t<\/a>\n\n<a class=\"wp-block-dekode-link-card\" href=\"https:\/\/www.elementlogic.net\/fr\/solutions-services\/convoyage\/\"><img loading=\"lazy\" decoding=\"async\" width=\"768\" height=\"512\" src=\"https:\/\/www.elementlogic.net\/content\/uploads\/sites\/18\/\/2024\/09\/MFH-Royal-Design4-28167333-768x512.jpg\" class=\"\" alt=\"\" \/>\t<div class=\"dekode-link-card__content\">\n\t\t\t\t<p class=\"dekode-link-card__title\">\n\t\t\tSyst\u00e8mes de convoyage\t\t<\/p>\n\t\t\t<\/div>\n\t<\/a>\n\n\t\t\t<\/div>\n\t\t<\/div>","protected":false},"excerpt":{"rendered":"<p>eOperator permet d\u2019automatiser la saisie et la manipulation de produits stock\u00e9s dans le syst\u00e8me AutoStore en combinant la technologie prim\u00e9e [&hellip;]<\/p>\n","protected":false},"author":5,"featured_media":0,"parent":266,"menu_order":0,"comment_status":"closed","ping_status":"closed","template":"","meta":{"hreflang_relation":247,"_el_cross_publish_source_blog_url":"","_el_cross_publish_source_blog_id":0,"_el_cross_publish_source_post_id":0,"_el_cross_publish_sync_state":"","exclude_from_search":false,"footnotes":""},"class_list":["post-659","page","type-page","status-publish","hentry"],"yoast_head":"<!-- This site is optimized with the Yoast SEO Premium plugin v23.9 (Yoast SEO v23.9) - https:\/\/yoast.com\/wordpress\/plugins\/seo\/ -->\n<title>(OLD) Picking robotis\u00e9 - Element Logic France<\/title>\n<meta name=\"description\" content=\"Element Logic propose eOperator, solution de picking robotis\u00e9 associant la technologie RightHand Robotics au syst\u00e8me AutoStore\u00ae.\" \/>\n<meta name=\"robots\" content=\"index, follow, max-snippet:-1, max-image-preview:large, max-video-preview:-1\" \/>\n<link rel=\"canonical\" href=\"https:\/\/www.elementlogic.net\/fr\/solutions-services\/picking-robotise\/\" \/>\n<meta property=\"og:locale\" content=\"fr_FR\" \/>\n<meta property=\"og:type\" content=\"article\" \/>\n<meta property=\"og:title\" content=\"(OLD) Picking robotis\u00e9\" \/>\n<meta property=\"og:description\" content=\"Element Logic propose eOperator, solution de picking robotis\u00e9 associant la technologie RightHand Robotics au syst\u00e8me AutoStore\u00ae.\" \/>\n<meta property=\"og:url\" content=\"https:\/\/www.elementlogic.net\/fr\/solutions-services\/picking-robotise\/\" \/>\n<meta property=\"og:site_name\" content=\"Element Logic France\" \/>\n<meta property=\"article:modified_time\" content=\"2026-04-02T12:36:44+00:00\" \/>\n<meta name=\"twitter:card\" content=\"summary_large_image\" \/>\n<meta name=\"twitter:label1\" content=\"Dur\u00e9e de lecture estim\u00e9e\" \/>\n\t<meta name=\"twitter:data1\" content=\"3 minutes\" \/>\n<script type=\"application\/ld+json\" class=\"yoast-schema-graph\">{\"@context\":\"https:\/\/schema.org\",\"@graph\":[{\"@type\":\"WebPage\",\"@id\":\"https:\/\/www.elementlogic.net\/fr\/solutions-services\/picking-robotise\/\",\"url\":\"https:\/\/www.elementlogic.net\/fr\/solutions-services\/picking-robotise\/\",\"name\":\"(OLD) Picking robotis\u00e9 - Element Logic France\",\"isPartOf\":{\"@id\":\"https:\/\/www.elementlogic.net\/fr\/#website\"},\"datePublished\":\"2024-08-08T08:59:36+00:00\",\"dateModified\":\"2026-04-02T12:36:44+00:00\",\"description\":\"Element Logic propose eOperator, solution de picking robotis\u00e9 associant la technologie RightHand Robotics au syst\u00e8me AutoStore\u00ae.\",\"breadcrumb\":{\"@id\":\"https:\/\/www.elementlogic.net\/fr\/solutions-services\/picking-robotise\/#breadcrumb\"},\"inLanguage\":\"fr-FR\",\"potentialAction\":[{\"@type\":\"ReadAction\",\"target\":[\"https:\/\/www.elementlogic.net\/fr\/solutions-services\/picking-robotise\/\"]}]},{\"@type\":\"BreadcrumbList\",\"@id\":\"https:\/\/www.elementlogic.net\/fr\/solutions-services\/picking-robotise\/#breadcrumb\",\"itemListElement\":[{\"@type\":\"ListItem\",\"position\":1,\"name\":\"(OLD) Solutions et services\",\"item\":\"https:\/\/www.elementlogic.net\/fr\/solutions-services\/\"},{\"@type\":\"ListItem\",\"position\":2,\"name\":\"(OLD) Picking robotis\u00e9\"}]},{\"@type\":\"WebSite\",\"@id\":\"https:\/\/www.elementlogic.net\/fr\/#website\",\"url\":\"https:\/\/www.elementlogic.net\/fr\/\",\"name\":\"Element Logic France\",\"description\":\"\",\"potentialAction\":[{\"@type\":\"SearchAction\",\"target\":{\"@type\":\"EntryPoint\",\"urlTemplate\":\"https:\/\/www.elementlogic.net\/fr\/?s={search_term_string}\"},\"query-input\":{\"@type\":\"PropertyValueSpecification\",\"valueRequired\":true,\"valueName\":\"search_term_string\"}}],\"inLanguage\":\"fr-FR\"}]}<\/script>\n<!-- \/ Yoast SEO Premium plugin. -->","yoast_head_json":{"title":"(OLD) Picking robotis\u00e9 - Element Logic France","description":"Element Logic propose eOperator, solution de picking robotis\u00e9 associant la technologie RightHand Robotics au syst\u00e8me AutoStore\u00ae.","robots":{"index":"index","follow":"follow","max-snippet":"max-snippet:-1","max-image-preview":"max-image-preview:large","max-video-preview":"max-video-preview:-1"},"canonical":"https:\/\/www.elementlogic.net\/fr\/solutions-services\/picking-robotise\/","og_locale":"fr_FR","og_type":"article","og_title":"(OLD) Picking robotis\u00e9","og_description":"Element Logic propose eOperator, solution de picking robotis\u00e9 associant la technologie RightHand Robotics au syst\u00e8me AutoStore\u00ae.","og_url":"https:\/\/www.elementlogic.net\/fr\/solutions-services\/picking-robotise\/","og_site_name":"Element Logic France","article_modified_time":"2026-04-02T12:36:44+00:00","twitter_card":"summary_large_image","twitter_misc":{"Dur\u00e9e de lecture estim\u00e9e":"3 minutes"},"schema":{"@context":"https:\/\/schema.org","@graph":[{"@type":"WebPage","@id":"https:\/\/www.elementlogic.net\/fr\/solutions-services\/picking-robotise\/","url":"https:\/\/www.elementlogic.net\/fr\/solutions-services\/picking-robotise\/","name":"(OLD) Picking robotis\u00e9 - Element Logic France","isPartOf":{"@id":"https:\/\/www.elementlogic.net\/fr\/#website"},"datePublished":"2024-08-08T08:59:36+00:00","dateModified":"2026-04-02T12:36:44+00:00","description":"Element Logic propose eOperator, solution de picking robotis\u00e9 associant la technologie RightHand Robotics au syst\u00e8me AutoStore\u00ae.","breadcrumb":{"@id":"https:\/\/www.elementlogic.net\/fr\/solutions-services\/picking-robotise\/#breadcrumb"},"inLanguage":"fr-FR","potentialAction":[{"@type":"ReadAction","target":["https:\/\/www.elementlogic.net\/fr\/solutions-services\/picking-robotise\/"]}]},{"@type":"BreadcrumbList","@id":"https:\/\/www.elementlogic.net\/fr\/solutions-services\/picking-robotise\/#breadcrumb","itemListElement":[{"@type":"ListItem","position":1,"name":"(OLD) Solutions et services","item":"https:\/\/www.elementlogic.net\/fr\/solutions-services\/"},{"@type":"ListItem","position":2,"name":"(OLD) Picking robotis\u00e9"}]},{"@type":"WebSite","@id":"https:\/\/www.elementlogic.net\/fr\/#website","url":"https:\/\/www.elementlogic.net\/fr\/","name":"Element Logic France","description":"","potentialAction":[{"@type":"SearchAction","target":{"@type":"EntryPoint","urlTemplate":"https:\/\/www.elementlogic.net\/fr\/?s={search_term_string}"},"query-input":{"@type":"PropertyValueSpecification","valueRequired":true,"valueName":"search_term_string"}}],"inLanguage":"fr-FR"}]}},"_links":{"self":[{"href":"https:\/\/www.elementlogic.net\/fr\/wp-json\/wp\/v2\/pages\/659"}],"collection":[{"href":"https:\/\/www.elementlogic.net\/fr\/wp-json\/wp\/v2\/pages"}],"about":[{"href":"https:\/\/www.elementlogic.net\/fr\/wp-json\/wp\/v2\/types\/page"}],"author":[{"embeddable":true,"href":"https:\/\/www.elementlogic.net\/fr\/wp-json\/wp\/v2\/users\/5"}],"replies":[{"embeddable":true,"href":"https:\/\/www.elementlogic.net\/fr\/wp-json\/wp\/v2\/comments?post=659"}],"version-history":[{"count":5,"href":"https:\/\/www.elementlogic.net\/fr\/wp-json\/wp\/v2\/pages\/659\/revisions"}],"predecessor-version":[{"id":3018,"href":"https:\/\/www.elementlogic.net\/fr\/wp-json\/wp\/v2\/pages\/659\/revisions\/3018"}],"up":[{"embeddable":true,"href":"https:\/\/www.elementlogic.net\/fr\/wp-json\/wp\/v2\/pages\/266"}],"wp:attachment":[{"href":"https:\/\/www.elementlogic.net\/fr\/wp-json\/wp\/v2\/media?parent=659"}],"curies":[{"name":"wp","href":"https:\/\/api.w.org\/{rel}","templated":true}]}}