{"id":188,"date":"2024-09-03T15:08:58","date_gmt":"2024-09-03T13:08:58","guid":{"rendered":"https:\/\/www.elementlogic.net\/?page_id=1845"},"modified":"2024-12-16T17:13:42","modified_gmt":"2024-12-16T16:13:42","slug":"controller","status":"publish","type":"page","link":"https:\/\/www.elementlogic.net\/it\/servizi-e-soluzioni\/asrs\/autostore\/controller\/","title":{"rendered":"Controller"},"content":{"rendered":"<p class=\"t2-ingress wp-block-t2-ingress\">Il controller AutoStore funge da hub di comando centrale.<\/p>\n\n\n\t\t<div class=\"alignwide is-mode-constrained is-gap-center wp-block-t2-simple-media-text   \">\n\t\t\t<div class=\"t2-simple-media-text__container\">\n\t\t\t\t<div class=\"t2-simple-media-text__image\"><img loading=\"lazy\" decoding=\"async\" width=\"768\" height=\"768\" src=\"https:\/\/www.elementlogic.net\/content\/uploads\/sites\/21\/\/2024\/09\/Controller1-768x768.jpg\" class=\"\" alt=\"\" style=\"--focalpoint: 50% 50%;\" srcset=\"https:\/\/www.elementlogic.net\/content\/uploads\/sites\/21\/2024\/09\/Controller1-768x768.jpg 768w, https:\/\/www.elementlogic.net\/content\/uploads\/sites\/21\/2024\/09\/Controller1-300x300.jpg 300w, https:\/\/www.elementlogic.net\/content\/uploads\/sites\/21\/2024\/09\/Controller1-1024x1024.jpg 1024w, https:\/\/www.elementlogic.net\/content\/uploads\/sites\/21\/2024\/09\/Controller1-150x150.jpg 150w, https:\/\/www.elementlogic.net\/content\/uploads\/sites\/21\/2024\/09\/Controller1-1536x1536.jpg 1536w, https:\/\/www.elementlogic.net\/content\/uploads\/sites\/21\/2024\/09\/Controller1.jpg 1920w\" sizes=\"(max-width: 768px) 100vw, 768px\" \/><\/div>\n\t\t\t\t<div class=\"t2-simple-media-text__content-container\">\n\t\t\t\t\t<div class=\"t2-simple-media-text__content\">\n\t\t\t\t\t\t<div class=\"t2-simple-media-text__content-inner\">\n\t\t\t\t\t\t\t\n\n<p>Il controller di AutoStore funge da hub di comando ed \u00e8 responsabile del monitoraggio della posizione delle cassette, dei robot e delle porte, nonch\u00e9 della gestione del flusso e della pianificazione del percorso per le attivit\u00e0 eseguite dai robot.<\/p>\n\n\n\n<p>Contemporaneamente, la <a href=\"https:\/\/www.elementlogic.net\/it\/servizi-e-soluzioni\/software\/emanager\/\">piattaforma software eManager<\/a> di Element Logic, studiata su misura per AutoStore, gestisce le informazioni specifiche sui prodotti e le operazioni all&#8217;interno delle cassette.<\/p>\n\n\n\t\t\t\t\t\t<\/div>\n\t\t\t\t\t<\/div>\n\t\t\t\t<\/div>\n\t\t\t<\/div>\n\t\t<\/div>\n\t\t","protected":false},"excerpt":{"rendered":"","protected":false},"author":3,"featured_media":189,"parent":212,"menu_order":0,"comment_status":"closed","ping_status":"closed","template":"","meta":{"hreflang_relation":1845,"_el_cross_publish_source_blog_url":"","_el_cross_publish_source_blog_id":0,"_el_cross_publish_source_post_id":0,"_el_cross_publish_sync_state":"","exclude_from_search":false,"footnotes":""},"class_list":["post-188","page","type-page","status-publish","has-post-thumbnail","hentry"],"yoast_head":"<!-- This site is optimized with the Yoast SEO Premium plugin v23.9 (Yoast SEO v23.9) - https:\/\/yoast.com\/wordpress\/plugins\/seo\/ -->\n<title>Controller | Element Logic Italy<\/title>\n<meta name=\"description\" content=\"eController \u00e8 l&#039;hub di comando di AutoStore che monitora la posizione delle cassette, dei robot e delle porte. Scopri le sue funzionalit\u00e0.\" \/>\n<meta name=\"robots\" content=\"index, follow, max-snippet:-1, max-image-preview:large, max-video-preview:-1\" \/>\n<link rel=\"canonical\" href=\"https:\/\/www.elementlogic.net\/it\/servizi-e-soluzioni\/asrs\/autostore\/controller\/\" \/>\n<meta property=\"og:locale\" content=\"it_IT\" \/>\n<meta property=\"og:type\" content=\"article\" \/>\n<meta property=\"og:title\" content=\"Controller\" \/>\n<meta property=\"og:description\" content=\"eController \u00e8 l&#039;hub di comando di AutoStore che monitora la posizione delle cassette, dei robot e delle porte. Scopri le sue funzionalit\u00e0.\" \/>\n<meta property=\"og:url\" content=\"https:\/\/www.elementlogic.net\/it\/servizi-e-soluzioni\/asrs\/autostore\/controller\/\" \/>\n<meta property=\"og:site_name\" content=\"Element Logic Italy\" \/>\n<meta property=\"article:modified_time\" content=\"2024-12-16T16:13:42+00:00\" \/>\n<meta property=\"og:image\" content=\"https:\/\/www.elementlogic.net\/content\/uploads\/sites\/21\/\/2024\/09\/Controller1.jpg\" \/>\n\t<meta property=\"og:image:width\" content=\"1920\" \/>\n\t<meta property=\"og:image:height\" content=\"1920\" \/>\n\t<meta property=\"og:image:type\" content=\"image\/jpeg\" \/>\n<meta name=\"twitter:card\" content=\"summary_large_image\" \/>\n<meta name=\"twitter:label1\" content=\"Tempo di lettura stimato\" \/>\n\t<meta name=\"twitter:data1\" content=\"1 minuto\" \/>\n<script type=\"application\/ld+json\" class=\"yoast-schema-graph\">{\"@context\":\"https:\/\/schema.org\",\"@graph\":[{\"@type\":\"WebPage\",\"@id\":\"https:\/\/www.elementlogic.net\/it\/servizi-e-soluzioni\/asrs\/autostore\/controller\/\",\"url\":\"https:\/\/www.elementlogic.net\/it\/servizi-e-soluzioni\/asrs\/autostore\/controller\/\",\"name\":\"Controller | Element Logic Italy\",\"isPartOf\":{\"@id\":\"https:\/\/www.elementlogic.net\/it\/#website\"},\"primaryImageOfPage\":{\"@id\":\"https:\/\/www.elementlogic.net\/it\/servizi-e-soluzioni\/asrs\/autostore\/controller\/#primaryimage\"},\"image\":{\"@id\":\"https:\/\/www.elementlogic.net\/it\/servizi-e-soluzioni\/asrs\/autostore\/controller\/#primaryimage\"},\"thumbnailUrl\":\"https:\/\/www.elementlogic.net\/content\/uploads\/sites\/21\/\/2024\/09\/Controller1.jpg\",\"datePublished\":\"2024-09-03T13:08:58+00:00\",\"dateModified\":\"2024-12-16T16:13:42+00:00\",\"description\":\"eController \u00e8 l'hub di comando di AutoStore che monitora la posizione delle cassette, dei robot e delle porte. Scopri le sue funzionalit\u00e0.\",\"breadcrumb\":{\"@id\":\"https:\/\/www.elementlogic.net\/it\/servizi-e-soluzioni\/asrs\/autostore\/controller\/#breadcrumb\"},\"inLanguage\":\"it-IT\",\"potentialAction\":[{\"@type\":\"ReadAction\",\"target\":[\"https:\/\/www.elementlogic.net\/it\/servizi-e-soluzioni\/asrs\/autostore\/controller\/\"]}]},{\"@type\":\"ImageObject\",\"inLanguage\":\"it-IT\",\"@id\":\"https:\/\/www.elementlogic.net\/it\/servizi-e-soluzioni\/asrs\/autostore\/controller\/#primaryimage\",\"url\":\"https:\/\/www.elementlogic.net\/content\/uploads\/sites\/21\/\/2024\/09\/Controller1.jpg\",\"contentUrl\":\"https:\/\/www.elementlogic.net\/content\/uploads\/sites\/21\/\/2024\/09\/Controller1.jpg\",\"width\":1920,\"height\":1920},{\"@type\":\"BreadcrumbList\",\"@id\":\"https:\/\/www.elementlogic.net\/it\/servizi-e-soluzioni\/asrs\/autostore\/controller\/#breadcrumb\",\"itemListElement\":[{\"@type\":\"ListItem\",\"position\":1,\"name\":\"Servizi e soluzioni\",\"item\":\"https:\/\/www.elementlogic.net\/it\/servizi-e-soluzioni\/\"},{\"@type\":\"ListItem\",\"position\":2,\"name\":\"Sistemi di Stoccaggio e Prelievo Automatizzati (ASRS)\",\"item\":\"https:\/\/www.elementlogic.net\/it\/servizi-e-soluzioni\/asrs\/\"},{\"@type\":\"ListItem\",\"position\":3,\"name\":\"AutoStore\",\"item\":\"https:\/\/www.elementlogic.net\/it\/servizi-e-soluzioni\/asrs\/autostore\/\"},{\"@type\":\"ListItem\",\"position\":4,\"name\":\"Controller\"}]},{\"@type\":\"WebSite\",\"@id\":\"https:\/\/www.elementlogic.net\/it\/#website\",\"url\":\"https:\/\/www.elementlogic.net\/it\/\",\"name\":\"Element Logic Italia\",\"description\":\"Optimizing warehouse performance\",\"publisher\":{\"@id\":\"https:\/\/www.elementlogic.net\/it\/#organization\"},\"alternateName\":\"EL Italy\",\"potentialAction\":[{\"@type\":\"SearchAction\",\"target\":{\"@type\":\"EntryPoint\",\"urlTemplate\":\"https:\/\/www.elementlogic.net\/it\/?s={search_term_string}\"},\"query-input\":{\"@type\":\"PropertyValueSpecification\",\"valueRequired\":true,\"valueName\":\"search_term_string\"}}],\"inLanguage\":\"it-IT\"},{\"@type\":\"Organization\",\"@id\":\"https:\/\/www.elementlogic.net\/it\/#organization\",\"name\":\"Element Logic\",\"alternateName\":\"EL\",\"url\":\"https:\/\/www.elementlogic.net\/it\/\",\"logo\":{\"@type\":\"ImageObject\",\"inLanguage\":\"it-IT\",\"@id\":\"https:\/\/www.elementlogic.net\/it\/#\/schema\/logo\/image\/\",\"url\":\"https:\/\/www.elementlogic.net\/content\/uploads\/sites\/21\/\/2024\/09\/logo.png\",\"contentUrl\":\"https:\/\/www.elementlogic.net\/content\/uploads\/sites\/21\/\/2024\/09\/logo.png\",\"width\":888,\"height\":298,\"caption\":\"Element Logic\"},\"image\":{\"@id\":\"https:\/\/www.elementlogic.net\/it\/#\/schema\/logo\/image\/\"},\"sameAs\":[\"https:\/\/www.linkedin.com\/company\/element-logic\"],\"description\":\"Azienda tecnologica che ottimizza le prestazioni dei magazzini dei propri clienti con soluzioni automatizzate. Da AutoStore a software integrati, le soluzioni per l'automazione di magazzino conferiscono un vantaggio competitivo.\",\"telephone\":\"342 369 6219\",\"legalName\":\"Element Logic\"}]}<\/script>\n<!-- \/ Yoast SEO Premium plugin. -->","yoast_head_json":{"title":"Controller | Element Logic Italy","description":"eController \u00e8 l'hub di comando di AutoStore che monitora la posizione delle cassette, dei robot e delle porte. Scopri le sue funzionalit\u00e0.","robots":{"index":"index","follow":"follow","max-snippet":"max-snippet:-1","max-image-preview":"max-image-preview:large","max-video-preview":"max-video-preview:-1"},"canonical":"https:\/\/www.elementlogic.net\/it\/servizi-e-soluzioni\/asrs\/autostore\/controller\/","og_locale":"it_IT","og_type":"article","og_title":"Controller","og_description":"eController \u00e8 l'hub di comando di AutoStore che monitora la posizione delle cassette, dei robot e delle porte. Scopri le sue funzionalit\u00e0.","og_url":"https:\/\/www.elementlogic.net\/it\/servizi-e-soluzioni\/asrs\/autostore\/controller\/","og_site_name":"Element Logic Italy","article_modified_time":"2024-12-16T16:13:42+00:00","og_image":[{"width":1920,"height":1920,"url":"https:\/\/www.elementlogic.net\/content\/uploads\/sites\/21\/\/2024\/09\/Controller1.jpg","type":"image\/jpeg"}],"twitter_card":"summary_large_image","twitter_misc":{"Tempo di lettura stimato":"1 minuto"},"schema":{"@context":"https:\/\/schema.org","@graph":[{"@type":"WebPage","@id":"https:\/\/www.elementlogic.net\/it\/servizi-e-soluzioni\/asrs\/autostore\/controller\/","url":"https:\/\/www.elementlogic.net\/it\/servizi-e-soluzioni\/asrs\/autostore\/controller\/","name":"Controller | Element Logic Italy","isPartOf":{"@id":"https:\/\/www.elementlogic.net\/it\/#website"},"primaryImageOfPage":{"@id":"https:\/\/www.elementlogic.net\/it\/servizi-e-soluzioni\/asrs\/autostore\/controller\/#primaryimage"},"image":{"@id":"https:\/\/www.elementlogic.net\/it\/servizi-e-soluzioni\/asrs\/autostore\/controller\/#primaryimage"},"thumbnailUrl":"https:\/\/www.elementlogic.net\/content\/uploads\/sites\/21\/\/2024\/09\/Controller1.jpg","datePublished":"2024-09-03T13:08:58+00:00","dateModified":"2024-12-16T16:13:42+00:00","description":"eController \u00e8 l'hub di comando di AutoStore che monitora la posizione delle cassette, dei robot e delle porte. Scopri le sue funzionalit\u00e0.","breadcrumb":{"@id":"https:\/\/www.elementlogic.net\/it\/servizi-e-soluzioni\/asrs\/autostore\/controller\/#breadcrumb"},"inLanguage":"it-IT","potentialAction":[{"@type":"ReadAction","target":["https:\/\/www.elementlogic.net\/it\/servizi-e-soluzioni\/asrs\/autostore\/controller\/"]}]},{"@type":"ImageObject","inLanguage":"it-IT","@id":"https:\/\/www.elementlogic.net\/it\/servizi-e-soluzioni\/asrs\/autostore\/controller\/#primaryimage","url":"https:\/\/www.elementlogic.net\/content\/uploads\/sites\/21\/\/2024\/09\/Controller1.jpg","contentUrl":"https:\/\/www.elementlogic.net\/content\/uploads\/sites\/21\/\/2024\/09\/Controller1.jpg","width":1920,"height":1920},{"@type":"BreadcrumbList","@id":"https:\/\/www.elementlogic.net\/it\/servizi-e-soluzioni\/asrs\/autostore\/controller\/#breadcrumb","itemListElement":[{"@type":"ListItem","position":1,"name":"Servizi e soluzioni","item":"https:\/\/www.elementlogic.net\/it\/servizi-e-soluzioni\/"},{"@type":"ListItem","position":2,"name":"Sistemi di Stoccaggio e Prelievo Automatizzati (ASRS)","item":"https:\/\/www.elementlogic.net\/it\/servizi-e-soluzioni\/asrs\/"},{"@type":"ListItem","position":3,"name":"AutoStore","item":"https:\/\/www.elementlogic.net\/it\/servizi-e-soluzioni\/asrs\/autostore\/"},{"@type":"ListItem","position":4,"name":"Controller"}]},{"@type":"WebSite","@id":"https:\/\/www.elementlogic.net\/it\/#website","url":"https:\/\/www.elementlogic.net\/it\/","name":"Element Logic Italia","description":"Optimizing warehouse performance","publisher":{"@id":"https:\/\/www.elementlogic.net\/it\/#organization"},"alternateName":"EL Italy","potentialAction":[{"@type":"SearchAction","target":{"@type":"EntryPoint","urlTemplate":"https:\/\/www.elementlogic.net\/it\/?s={search_term_string}"},"query-input":{"@type":"PropertyValueSpecification","valueRequired":true,"valueName":"search_term_string"}}],"inLanguage":"it-IT"},{"@type":"Organization","@id":"https:\/\/www.elementlogic.net\/it\/#organization","name":"Element Logic","alternateName":"EL","url":"https:\/\/www.elementlogic.net\/it\/","logo":{"@type":"ImageObject","inLanguage":"it-IT","@id":"https:\/\/www.elementlogic.net\/it\/#\/schema\/logo\/image\/","url":"https:\/\/www.elementlogic.net\/content\/uploads\/sites\/21\/\/2024\/09\/logo.png","contentUrl":"https:\/\/www.elementlogic.net\/content\/uploads\/sites\/21\/\/2024\/09\/logo.png","width":888,"height":298,"caption":"Element Logic"},"image":{"@id":"https:\/\/www.elementlogic.net\/it\/#\/schema\/logo\/image\/"},"sameAs":["https:\/\/www.linkedin.com\/company\/element-logic"],"description":"Azienda tecnologica che ottimizza le prestazioni dei magazzini dei propri clienti con soluzioni automatizzate. Da AutoStore a software integrati, le soluzioni per l'automazione di magazzino conferiscono un vantaggio competitivo.","telephone":"342 369 6219","legalName":"Element Logic"}]}},"_links":{"self":[{"href":"https:\/\/www.elementlogic.net\/it\/wp-json\/wp\/v2\/pages\/188"}],"collection":[{"href":"https:\/\/www.elementlogic.net\/it\/wp-json\/wp\/v2\/pages"}],"about":[{"href":"https:\/\/www.elementlogic.net\/it\/wp-json\/wp\/v2\/types\/page"}],"author":[{"embeddable":true,"href":"https:\/\/www.elementlogic.net\/it\/wp-json\/wp\/v2\/users\/3"}],"replies":[{"embeddable":true,"href":"https:\/\/www.elementlogic.net\/it\/wp-json\/wp\/v2\/comments?post=188"}],"version-history":[{"count":5,"href":"https:\/\/www.elementlogic.net\/it\/wp-json\/wp\/v2\/pages\/188\/revisions"}],"predecessor-version":[{"id":2596,"href":"https:\/\/www.elementlogic.net\/it\/wp-json\/wp\/v2\/pages\/188\/revisions\/2596"}],"up":[{"embeddable":true,"href":"https:\/\/www.elementlogic.net\/it\/wp-json\/wp\/v2\/pages\/212"}],"wp:featuredmedia":[{"embeddable":true,"href":"https:\/\/www.elementlogic.net\/it\/wp-json\/wp\/v2\/media\/189"}],"wp:attachment":[{"href":"https:\/\/www.elementlogic.net\/it\/wp-json\/wp\/v2\/media?parent=188"}],"curies":[{"name":"wp","href":"https:\/\/api.w.org\/{rel}","templated":true}]}}