{"id":2966,"date":"2025-05-30T13:51:15","date_gmt":"2025-05-30T11:51:15","guid":{"rendered":"https:\/\/www.elementlogic.net\/europe\/?page_id=33"},"modified":"2026-02-09T16:25:59","modified_gmt":"2026-02-09T15:25:59","slug":"black-friday","status":"publish","type":"page","link":"https:\/\/www.elementlogic.net\/it\/whitepaper\/black-friday\/","title":{"rendered":"Whitepaper: Black Friday"},"content":{"rendered":"\n\t\t<div style=\"--dekode-hero-dim:0.5; --t2-icon-fill:var(--wp--preset--color--white); min-height:80px;\" class=\"alignfull dekode-hero-content-position-center has-media-background wp-block-dekode-hero has-text-color has-white-color\">\n\t\t\t<img loading=\"lazy\" decoding=\"async\" width=\"1024\" height=\"422\" src=\"https:\/\/www.elementlogic.net\/content\/uploads\/sites\/21\/2025\/05\/autostore_efficiency1-1024x422.jpg\" class=\"dekode-hero__image\" alt=\"\" style=\"--focalpoint: 50% 50%;\" srcset=\"https:\/\/www.elementlogic.net\/content\/uploads\/sites\/21\/2025\/05\/autostore_efficiency1-1024x422.jpg 1024w, https:\/\/www.elementlogic.net\/content\/uploads\/sites\/21\/2025\/05\/autostore_efficiency1-300x124.jpg 300w, https:\/\/www.elementlogic.net\/content\/uploads\/sites\/21\/2025\/05\/autostore_efficiency1-768x317.jpg 768w, https:\/\/www.elementlogic.net\/content\/uploads\/sites\/21\/2025\/05\/autostore_efficiency1-1536x634.jpg 1536w, https:\/\/www.elementlogic.net\/content\/uploads\/sites\/21\/2025\/05\/autostore_efficiency1.jpg 1600w\" sizes=\"(max-width: 1024px) 100vw, 1024px\" \/>\n\t\t\t<div class=\"dekode-hero__content\">\n\t\t\t\t<div class=\"dekode-hero__container\">\n\t\t\t\t\t\n\n<h1 class=\"wp-block-heading\" id=\"h-il-black-friday-e-stato-un-successo\"><strong><strong>Il Black Friday \u00e8 stato un successo?<\/strong><\/strong><\/h1>\n\n\n\n<p>&nbsp;<br><strong>Il successo inizia molto prima che arrivi il primo ordine. <\/strong><br><strong>In questo white paper scoprirete come i migliori del settore si preparano alla stagione di picco.<\/strong><\/p>\n\n\n\n<div class=\"wp-block-buttons is-layout-flex wp-block-buttons-is-layout-flex\">\n<div class=\"wp-block-button has-icon has-icon-theme_arrow\"><a class=\"wp-block-button__link wp-element-button\" href=\"#form\"><strong>Scaricate il white paper<\/strong><svg xmlns=\"http:\/\/www.w3.org\/2000\/svg\" viewBox=\"0 0 24 24\" height=\"24\" width=\"24\" class=\"t2-icon t2-icon-theme_arrow\" aria-hidden=\"true\" focusable=\"false\"><path d=\"M16.627 12.75H5.25C5.03717 12.75 4.859 12.6782 4.7155 12.5345C4.57183 12.391 4.5 12.2128 4.5 12C4.5 11.7872 4.57183 11.609 4.7155 11.4655C4.859 11.3218 5.03717 11.25 5.25 11.25H16.627L11.4577 6.08076C11.3091 5.93209 11.2357 5.75809 11.2375 5.55876C11.2395 5.35942 11.318 5.18217 11.473 5.02701C11.6282 4.88217 11.8038 4.80717 12 4.80201C12.1962 4.79684 12.3718 4.87184 12.527 5.02701L18.8673 11.3673C18.9609 11.4609 19.0269 11.5597 19.0652 11.6635C19.1037 11.7673 19.123 11.8795 19.123 12C19.123 12.1205 19.1037 12.2327 19.0652 12.3365C19.0269 12.4403 18.9609 12.5391 18.8673 12.6328L12.527 18.973C12.3885 19.1115 12.217 19.1823 12.0125 19.1855C11.808 19.1887 11.6282 19.1178 11.473 18.973C11.318 18.8178 11.2405 18.6397 11.2405 18.4385C11.2405 18.2372 11.318 18.0589 11.473 17.9038L16.627 12.75Z\" fill=\"var(--t2-icon-fill, #000)\"\/><\/svg><\/a><\/div>\n<\/div>\n\n\n\t\t\t\t<\/div>\n\t\t\t<\/div>\n\t\t<\/div>\n\t\t\n\n\n<p>Per molti rivenditori il Black Friday non \u00e8 solo un periodo intenso: \u00e8 una prova di tutto ci\u00f2 che avete costruito. La pressione \u00e8 alta: bisogna consegnare pi\u00f9 velocemente, in modo pi\u00f9 intelligente e senza errori. Non c\u2019\u00e8 spazio per sbagliare, ogni secondo pu\u00f2 fare la differenza.&nbsp;<\/p>\n\n\n\n<p><strong>Ma con la giusta preparazione, il Black Friday pu\u00f2 diventare la vostra pi\u00f9 grande opportunit\u00e0 per conquistare nuovi clienti fedeli<\/strong>.&nbsp;<\/p>\n\n\n\n<p>Come afferma Andrew Aldworth di Helly Hansen:&nbsp;<\/p>\n\n\n\n\t\t<blockquote class=\"wp-block-dekode-quote\">\n\t\t\t<div class=\"wp-block-dekode-quote__icon\">\n\t\t\t\t<svg xmlns=\"http:\/\/www.w3.org\/2000\/svg\" viewBox=\"0 0 24 24\" height=\"96\" width=\"96\" class=\"t2-icon t2-icon-theme_quote\" aria-hidden=\"true\" focusable=\"false\"><path d=\"M6.7808 16.5288L8.49055 13.5673C8.43289 13.5993 8.36555 13.6217 8.28855 13.6345C8.21155 13.6473 8.13464 13.6538 8.0578 13.6538C7.04114 13.6538 6.17797 13.2958 5.4683 12.5798C4.7588 11.8638 4.40405 11.0038 4.40405 10C4.40405 8.98334 4.7588 8.12017 5.4683 7.4105C6.17797 6.701 7.04114 6.34625 8.0578 6.34625C9.06164 6.34625 9.92155 6.701 10.6376 7.4105C11.3536 8.12017 11.7116 8.98334 11.7116 10C11.7116 10.3513 11.669 10.6783 11.5838 10.9808C11.4985 11.2833 11.3737 11.5718 11.2096 11.8463L8.07305 17.2788C8.00905 17.3904 7.92122 17.4808 7.80955 17.55C7.69805 17.6192 7.57305 17.6538 7.43455 17.6538C7.14739 17.6538 6.93205 17.5288 6.78855 17.2788C6.64489 17.0288 6.6423 16.7788 6.7808 16.5288ZM15.6656 16.5288L17.3751 13.5673C17.3174 13.5993 17.2501 13.6217 17.1731 13.6345C17.0962 13.6473 17.0193 13.6538 16.9423 13.6538C15.9256 13.6538 15.0626 13.2958 14.3531 12.5798C13.6434 11.8638 13.2886 11.0038 13.2886 10C13.2886 8.977 13.6434 8.11225 14.3531 7.40575C15.0626 6.69942 15.9256 6.34625 16.9423 6.34625C17.9461 6.34625 18.8061 6.701 19.5221 7.4105C20.2381 8.12017 20.5961 8.98334 20.5961 10C20.5961 10.3513 20.5535 10.6783 20.4683 10.9808C20.383 11.2833 20.2583 11.5718 20.0943 11.8463L16.9578 17.2788C16.8936 17.3904 16.8058 17.4808 16.6943 17.55C16.5828 17.6192 16.4578 17.6538 16.3193 17.6538C16.0321 17.6538 15.8167 17.5288 15.6731 17.2788C15.5296 17.0288 15.5271 16.7788 15.6656 16.5288Z\" fill=\"var(--t2-icon-fill, #000)\"\/><\/svg>\n\t\t\t<\/div>\n\t\t\t<div class=\"wp-block-dekode-quote__text\">\n\t\t\t\t<p>Ora il carico di lavoro durante la settimana del Black Friday \u00e8 pi\u00f9 sostenibile, non solo fisicamente, ma anche mentalmente. \u00c8 ancora intenso, ma siamo pronti ad affrontarlo.<\/p>\n<cite><\/cite>\n\t\t\t<\/div>\n\t\t<\/blockquote>\n\n\n<h3 class=\"wp-block-heading\" id=\"h-leggendo-questo-white-paper-scoprirete\"><strong>Leggendo questo white paper, scoprirete:<\/strong><\/h3>\n\n\n\n<ul class=\"wp-block-list\">\n<li>Come <strong>Helly Hansen<\/strong> ha ridotto del 75% i costi del personale temporaneo durante la peak season&nbsp;<\/li>\n\n\n\n<li>Come <strong>Nordic Nest<\/strong> genera un terzo delle vendite annuali in poche settimane&nbsp;<\/li>\n\n\n\n<li>Perch\u00e9 <strong>SportFits<\/strong> punta su una crescita intelligente grazie all\u2019automazione&nbsp;<\/li>\n\n\n\n<li>Come usare i dati per rendere pi\u00f9 fluida la prossima stagione di punta&nbsp;<\/li>\n\n\n\n<li>In che modo AutoStore, potenziato da Element Logic, consente <strong>operazioni ad alta produttivit\u00e0<\/strong>&nbsp;<\/li>\n\n\n\n<li>I consigli degli esperti di Element Logic su come prepararsi al picco degli ordini&nbsp;<\/li>\n\n\n\n<li>Una <strong>checklist<\/strong> pratica per semplificare i preparativi della vostra prossima stagione intensa&nbsp;<\/li>\n<\/ul>\n\n\n\n<p>Non limitatevi a sopravvivere alla stagione di punta: dominatela!&nbsp;<\/p>\n\n\n\n<p><\/p>\n\n\n\n<p>Questo white paper \u00e8 gratuito e disponibile in italiano.<\/p>\n\n\n\n<div id=\"form\"><\/div>\n\n\n\n\t\t<div class=\"wp-block-dekode-dynamics-form\">\n\t\t\t<div class=\"embedded-form\">\n\t\t\t\t<div\n\t\t\t\t\tdata-form-id=\"7d57f243-772a-f011-8c4e-6045bdf51dec\"\n\t\t\t\t\tdata-form-api-url=\"https:\/\/public-eur.mkt.dynamics.com\/api\/v1.0\/orgs\/0d653081-4a98-4454-9ade-26f2fbe674ee\/landingpageforms\"\n\t\t\t\t\tdata-cached-form-url=\"https:\/\/assets-eur.mkt.dynamics.com\/0d653081-4a98-4454-9ade-26f2fbe674ee\/digitalassets\/forms\/7d57f243-772a-f011-8c4e-6045bdf51dec\"\n\t\t\t\t><\/div>\n\t\t\t<\/div>\n\t\t<\/div>","protected":false},"excerpt":{"rendered":"<p>Per molti rivenditori il Black Friday non \u00e8 solo un periodo intenso: \u00e8 una prova di tutto ci\u00f2 che avete [&hellip;]<\/p>\n","protected":false},"author":3,"featured_media":0,"parent":155,"menu_order":0,"comment_status":"closed","ping_status":"closed","template":"","meta":{"hreflang_relation":0,"_el_cross_publish_source_blog_url":"","_el_cross_publish_source_blog_id":0,"_el_cross_publish_source_post_id":0,"_el_cross_publish_sync_state":"","exclude_from_search":false,"footnotes":""},"class_list":["post-2966","page","type-page","status-publish","hentry"],"yoast_head":"<!-- This site is optimized with the Yoast SEO Premium plugin v23.9 (Yoast SEO v23.9) - https:\/\/yoast.com\/wordpress\/plugins\/seo\/ -->\n<title>Whitepaper: Black Friday | Element Logic Italy<\/title>\n<meta name=\"description\" content=\"Massimizza le vendite del Black Friday con strategie logistiche basate sui dati. Scarica il whitepaper gratuito e prepara il tuo magazzino ai picchi di domanda.\" \/>\n<meta name=\"robots\" content=\"index, follow, max-snippet:-1, max-image-preview:large, max-video-preview:-1\" \/>\n<link rel=\"canonical\" href=\"https:\/\/www.elementlogic.net\/it\/whitepaper\/black-friday\/\" \/>\n<meta property=\"og:locale\" content=\"it_IT\" \/>\n<meta property=\"og:type\" content=\"article\" \/>\n<meta property=\"og:title\" content=\"Whitepaper: Black Friday\" \/>\n<meta property=\"og:description\" content=\"Massimizza le vendite del Black Friday con strategie logistiche basate sui dati. Scarica il whitepaper gratuito e prepara il tuo magazzino ai picchi di domanda.\" \/>\n<meta property=\"og:url\" content=\"https:\/\/www.elementlogic.net\/it\/whitepaper\/black-friday\/\" \/>\n<meta property=\"og:site_name\" content=\"Element Logic Italy\" \/>\n<meta property=\"article:modified_time\" content=\"2026-02-09T15:25:59+00:00\" \/>\n<meta name=\"twitter:card\" content=\"summary_large_image\" \/>\n<meta name=\"twitter:label1\" content=\"Tempo di lettura stimato\" \/>\n\t<meta name=\"twitter:data1\" content=\"1 minuto\" \/>\n<script type=\"application\/ld+json\" class=\"yoast-schema-graph\">{\"@context\":\"https:\/\/schema.org\",\"@graph\":[{\"@type\":\"WebPage\",\"@id\":\"https:\/\/www.elementlogic.net\/it\/whitepaper\/black-friday\/\",\"url\":\"https:\/\/www.elementlogic.net\/it\/whitepaper\/black-friday\/\",\"name\":\"Whitepaper: Black Friday | Element Logic Italy\",\"isPartOf\":{\"@id\":\"https:\/\/www.elementlogic.net\/it\/#website\"},\"datePublished\":\"2025-05-30T11:51:15+00:00\",\"dateModified\":\"2026-02-09T15:25:59+00:00\",\"description\":\"Massimizza le vendite del Black Friday con strategie logistiche basate sui dati. Scarica il whitepaper gratuito e prepara il tuo magazzino ai picchi di domanda.\",\"breadcrumb\":{\"@id\":\"https:\/\/www.elementlogic.net\/it\/whitepaper\/black-friday\/#breadcrumb\"},\"inLanguage\":\"it-IT\",\"potentialAction\":[{\"@type\":\"ReadAction\",\"target\":[\"https:\/\/www.elementlogic.net\/it\/whitepaper\/black-friday\/\"]}]},{\"@type\":\"BreadcrumbList\",\"@id\":\"https:\/\/www.elementlogic.net\/it\/whitepaper\/black-friday\/#breadcrumb\",\"itemListElement\":[{\"@type\":\"ListItem\",\"position\":1,\"name\":\"Whitepapers\",\"item\":\"https:\/\/www.elementlogic.net\/it\/whitepaper\/\"},{\"@type\":\"ListItem\",\"position\":2,\"name\":\"Whitepaper: Black Friday\"}]},{\"@type\":\"WebSite\",\"@id\":\"https:\/\/www.elementlogic.net\/it\/#website\",\"url\":\"https:\/\/www.elementlogic.net\/it\/\",\"name\":\"Element Logic Italia\",\"description\":\"Optimizing warehouse performance\",\"publisher\":{\"@id\":\"https:\/\/www.elementlogic.net\/it\/#organization\"},\"alternateName\":\"EL Italy\",\"potentialAction\":[{\"@type\":\"SearchAction\",\"target\":{\"@type\":\"EntryPoint\",\"urlTemplate\":\"https:\/\/www.elementlogic.net\/it\/?s={search_term_string}\"},\"query-input\":{\"@type\":\"PropertyValueSpecification\",\"valueRequired\":true,\"valueName\":\"search_term_string\"}}],\"inLanguage\":\"it-IT\"},{\"@type\":\"Organization\",\"@id\":\"https:\/\/www.elementlogic.net\/it\/#organization\",\"name\":\"Element Logic\",\"alternateName\":\"EL\",\"url\":\"https:\/\/www.elementlogic.net\/it\/\",\"logo\":{\"@type\":\"ImageObject\",\"inLanguage\":\"it-IT\",\"@id\":\"https:\/\/www.elementlogic.net\/it\/#\/schema\/logo\/image\/\",\"url\":\"https:\/\/www.elementlogic.net\/content\/uploads\/sites\/21\/\/2024\/09\/logo.png\",\"contentUrl\":\"https:\/\/www.elementlogic.net\/content\/uploads\/sites\/21\/\/2024\/09\/logo.png\",\"width\":888,\"height\":298,\"caption\":\"Element Logic\"},\"image\":{\"@id\":\"https:\/\/www.elementlogic.net\/it\/#\/schema\/logo\/image\/\"},\"sameAs\":[\"https:\/\/www.linkedin.com\/company\/element-logic\"],\"description\":\"Azienda tecnologica che ottimizza le prestazioni dei magazzini dei propri clienti con soluzioni automatizzate. Da AutoStore a software integrati, le soluzioni per l'automazione di magazzino conferiscono un vantaggio competitivo.\",\"telephone\":\"342 369 6219\",\"legalName\":\"Element Logic\"}]}<\/script>\n<!-- \/ Yoast SEO Premium plugin. -->","yoast_head_json":{"title":"Whitepaper: Black Friday | Element Logic Italy","description":"Massimizza le vendite del Black Friday con strategie logistiche basate sui dati. Scarica il whitepaper gratuito e prepara il tuo magazzino ai picchi di domanda.","robots":{"index":"index","follow":"follow","max-snippet":"max-snippet:-1","max-image-preview":"max-image-preview:large","max-video-preview":"max-video-preview:-1"},"canonical":"https:\/\/www.elementlogic.net\/it\/whitepaper\/black-friday\/","og_locale":"it_IT","og_type":"article","og_title":"Whitepaper: Black Friday","og_description":"Massimizza le vendite del Black Friday con strategie logistiche basate sui dati. Scarica il whitepaper gratuito e prepara il tuo magazzino ai picchi di domanda.","og_url":"https:\/\/www.elementlogic.net\/it\/whitepaper\/black-friday\/","og_site_name":"Element Logic Italy","article_modified_time":"2026-02-09T15:25:59+00:00","twitter_card":"summary_large_image","twitter_misc":{"Tempo di lettura stimato":"1 minuto"},"schema":{"@context":"https:\/\/schema.org","@graph":[{"@type":"WebPage","@id":"https:\/\/www.elementlogic.net\/it\/whitepaper\/black-friday\/","url":"https:\/\/www.elementlogic.net\/it\/whitepaper\/black-friday\/","name":"Whitepaper: Black Friday | Element Logic Italy","isPartOf":{"@id":"https:\/\/www.elementlogic.net\/it\/#website"},"datePublished":"2025-05-30T11:51:15+00:00","dateModified":"2026-02-09T15:25:59+00:00","description":"Massimizza le vendite del Black Friday con strategie logistiche basate sui dati. Scarica il whitepaper gratuito e prepara il tuo magazzino ai picchi di domanda.","breadcrumb":{"@id":"https:\/\/www.elementlogic.net\/it\/whitepaper\/black-friday\/#breadcrumb"},"inLanguage":"it-IT","potentialAction":[{"@type":"ReadAction","target":["https:\/\/www.elementlogic.net\/it\/whitepaper\/black-friday\/"]}]},{"@type":"BreadcrumbList","@id":"https:\/\/www.elementlogic.net\/it\/whitepaper\/black-friday\/#breadcrumb","itemListElement":[{"@type":"ListItem","position":1,"name":"Whitepapers","item":"https:\/\/www.elementlogic.net\/it\/whitepaper\/"},{"@type":"ListItem","position":2,"name":"Whitepaper: Black Friday"}]},{"@type":"WebSite","@id":"https:\/\/www.elementlogic.net\/it\/#website","url":"https:\/\/www.elementlogic.net\/it\/","name":"Element Logic Italia","description":"Optimizing warehouse performance","publisher":{"@id":"https:\/\/www.elementlogic.net\/it\/#organization"},"alternateName":"EL Italy","potentialAction":[{"@type":"SearchAction","target":{"@type":"EntryPoint","urlTemplate":"https:\/\/www.elementlogic.net\/it\/?s={search_term_string}"},"query-input":{"@type":"PropertyValueSpecification","valueRequired":true,"valueName":"search_term_string"}}],"inLanguage":"it-IT"},{"@type":"Organization","@id":"https:\/\/www.elementlogic.net\/it\/#organization","name":"Element Logic","alternateName":"EL","url":"https:\/\/www.elementlogic.net\/it\/","logo":{"@type":"ImageObject","inLanguage":"it-IT","@id":"https:\/\/www.elementlogic.net\/it\/#\/schema\/logo\/image\/","url":"https:\/\/www.elementlogic.net\/content\/uploads\/sites\/21\/\/2024\/09\/logo.png","contentUrl":"https:\/\/www.elementlogic.net\/content\/uploads\/sites\/21\/\/2024\/09\/logo.png","width":888,"height":298,"caption":"Element Logic"},"image":{"@id":"https:\/\/www.elementlogic.net\/it\/#\/schema\/logo\/image\/"},"sameAs":["https:\/\/www.linkedin.com\/company\/element-logic"],"description":"Azienda tecnologica che ottimizza le prestazioni dei magazzini dei propri clienti con soluzioni automatizzate. Da AutoStore a software integrati, le soluzioni per l'automazione di magazzino conferiscono un vantaggio competitivo.","telephone":"342 369 6219","legalName":"Element Logic"}]}},"_links":{"self":[{"href":"https:\/\/www.elementlogic.net\/it\/wp-json\/wp\/v2\/pages\/2966"}],"collection":[{"href":"https:\/\/www.elementlogic.net\/it\/wp-json\/wp\/v2\/pages"}],"about":[{"href":"https:\/\/www.elementlogic.net\/it\/wp-json\/wp\/v2\/types\/page"}],"author":[{"embeddable":true,"href":"https:\/\/www.elementlogic.net\/it\/wp-json\/wp\/v2\/users\/3"}],"replies":[{"embeddable":true,"href":"https:\/\/www.elementlogic.net\/it\/wp-json\/wp\/v2\/comments?post=2966"}],"version-history":[{"count":5,"href":"https:\/\/www.elementlogic.net\/it\/wp-json\/wp\/v2\/pages\/2966\/revisions"}],"predecessor-version":[{"id":3502,"href":"https:\/\/www.elementlogic.net\/it\/wp-json\/wp\/v2\/pages\/2966\/revisions\/3502"}],"up":[{"embeddable":true,"href":"https:\/\/www.elementlogic.net\/it\/wp-json\/wp\/v2\/pages\/155"}],"wp:attachment":[{"href":"https:\/\/www.elementlogic.net\/it\/wp-json\/wp\/v2\/media?parent=2966"}],"curies":[{"name":"wp","href":"https:\/\/api.w.org\/{rel}","templated":true}]}}