{"id":3551,"date":"2026-03-30T10:15:18","date_gmt":"2026-03-30T08:15:18","guid":{"rendered":"https:\/\/www.elementlogic.net\/it\/?page_id=3551"},"modified":"2026-03-30T10:15:18","modified_gmt":"2026-03-30T08:15:18","slug":"3pl-fornitori-servizi-logistici","status":"publish","type":"page","link":"https:\/\/www.elementlogic.net\/it\/settori\/3pl-fornitori-servizi-logistici\/","title":{"rendered":"3PL e Fornitori di Servizi Logistici"},"content":{"rendered":"\n\t\t<div style=\"--dekode-hero-dim:0.5; --t2-icon-fill:var(--wp--preset--color--white);\" class=\"alignfull dekode-hero-content-position-center has-media-background wp-block-dekode-hero has-text-color has-white-color\">\n\t\t\t<img loading=\"lazy\" decoding=\"async\" width=\"1024\" height=\"1024\" src=\"https:\/\/www.elementlogic.net\/content\/uploads\/sites\/21\/2026\/03\/3pl-hub-1.jpg\" class=\"dekode-hero__image\" alt=\"\" style=\"--focalpoint: 48% 51%;\" srcset=\"https:\/\/www.elementlogic.net\/content\/uploads\/sites\/21\/2026\/03\/3pl-hub-1.jpg 1024w, https:\/\/www.elementlogic.net\/content\/uploads\/sites\/21\/2026\/03\/3pl-hub-1-300x300.jpg 300w, https:\/\/www.elementlogic.net\/content\/uploads\/sites\/21\/2026\/03\/3pl-hub-1-150x150.jpg 150w, https:\/\/www.elementlogic.net\/content\/uploads\/sites\/21\/2026\/03\/3pl-hub-1-768x768.jpg 768w\" sizes=\"(max-width: 1024px) 100vw, 1024px\" \/>\n\t\t\t<div class=\"dekode-hero__content\">\n\t\t\t\t<div class=\"dekode-hero__container\">\n\t\t\t\t\t\n\n<p><\/p>\n\n\n\n<h1 class=\"wp-block-heading\" id=\"h-3pl-e-fornitori-di-servizi-logistici\"><strong>3PL e Fornitori di Servizi Logistici<\/strong><\/h1>\n\n\n<p class=\"t2-ingress wp-block-t2-ingress\">Automazione intelligente per una gestione degli ordini flessibile<\/p>\n\n\n<div class=\"wp-block-buttons is-layout-flex wp-block-buttons-is-layout-flex\">\n<div class=\"wp-block-button hs-cta-trigger-button hs-cta-trigger-button-195241208906 has-icon has-icon-theme_arrow\"><a class=\"wp-block-button__link wp-element-button\" href=\"https:\/\/www.elementlogic.net\/it\/contatti\/\">Contattateci<svg xmlns=\"http:\/\/www.w3.org\/2000\/svg\" viewBox=\"0 0 24 24\" height=\"24\" width=\"24\" class=\"t2-icon t2-icon-theme_arrow\" aria-hidden=\"true\" focusable=\"false\"><path d=\"M16.627 12.75H5.25C5.03717 12.75 4.859 12.6782 4.7155 12.5345C4.57183 12.391 4.5 12.2128 4.5 12C4.5 11.7872 4.57183 11.609 4.7155 11.4655C4.859 11.3218 5.03717 11.25 5.25 11.25H16.627L11.4577 6.08076C11.3091 5.93209 11.2357 5.75809 11.2375 5.55876C11.2395 5.35942 11.318 5.18217 11.473 5.02701C11.6282 4.88217 11.8038 4.80717 12 4.80201C12.1962 4.79684 12.3718 4.87184 12.527 5.02701L18.8673 11.3673C18.9609 11.4609 19.0269 11.5597 19.0652 11.6635C19.1037 11.7673 19.123 11.8795 19.123 12C19.123 12.1205 19.1037 12.2327 19.0652 12.3365C19.0269 12.4403 18.9609 12.5391 18.8673 12.6328L12.527 18.973C12.3885 19.1115 12.217 19.1823 12.0125 19.1855C11.808 19.1887 11.6282 19.1178 11.473 18.973C11.318 18.8178 11.2405 18.6397 11.2405 18.4385C11.2405 18.2372 11.318 18.0589 11.473 17.9038L16.627 12.75Z\" fill=\"var(--t2-icon-fill, #000)\"\/><\/svg><\/a><\/div>\n<\/div>\n\n\n\t\t\t\t<\/div>\n\t\t\t<\/div>\n\t\t<\/div>\n\t\t\n\n<p class=\"t2-ingress wp-block-t2-ingress\">In qualit\u00e0 di fornitore di logistica conto terzi (3PL), i tuoi clienti si aspettano velocit\u00e0, precisione e scalabilit\u00e0\u2014senza compromessi. Che si tratti di e-commerce, rifornimento retail o distribuzione B2B, Element Logic offre soluzioni di automazione che garantiscono affidabilit\u00e0, flessibilit\u00e0 ed efficienza per ogni cliente.<\/p>\n\n\n<p>Con oltre 40 anni di esperienza nell\u2019intralogistica, aiutiamo i 3PL ad adattarsi a esigenze in rapida evoluzione, ridurre i costi operativi e costruire operazioni di evasione ordini resilienti.<\/p>\n\n\n\n<div class=\"wp-block-group has-global-padding is-layout-constrained wp-block-group-is-layout-constrained\">\n<h2 class=\"wp-block-heading wp-container-content-1\" id=\"h-le-sfide-che-affrontano-i-3pl\">Le sfide che affrontano i 3PL<\/h2>\n\n\n\n<ul class=\"wp-block-list\">\n<li>Gestire picchi stagionali e domanda imprevedibile<\/li>\n\n\n\n<li>Gestire portafogli prodotti diversificati per pi\u00f9 clienti<\/li>\n\n\n\n<li>Affrontare l\u2019aumento dei costi del lavoro e la carenza di manodopera<\/li>\n\n\n\n<li>Soddisfare la crescente richiesta di consegne pi\u00f9 rapide e maggiore precisione<\/li>\n\n\n\n<li>Fornire soluzioni scalabili e flessibili per soddisfare le aspettative dei clienti<\/li>\n<\/ul>\n<\/div>\n\n\n\n\t\t<div style=\"--dekode-hero-dim:0.5; --t2-icon-fill:var(--wp--preset--color--white);\" class=\"alignfull dekode-hero-content-position-center has-media-background wp-block-dekode-hero has-text-color has-white-color\">\n\t\t\t\t\t<video\n\t\t\tautoplay\n\t\t\tloop\n\t\t\tmuted\n\t\t\tplaysinline\n\t\t\tposter=\"\"\n\t\t\tsrc=\"https:\/\/www.elementlogic.net\/content\/uploads\/2024\/07\/solutions-and-services.mp4\">\n\t\t<\/video>\n\t\t\n\t\t\t<div class=\"dekode-hero__content\">\n\t\t\t\t<div class=\"dekode-hero__container\">\n\t\t\t\t\t\n\n<h2 class=\"wp-block-heading\" id=\"h-scelti-dai-principali-fornitori-3pl\"><strong>Scelti dai principali fornitori 3PL:<\/strong><\/h2>\n\n\n\t\t\t\t<\/div>\n\t\t\t<\/div>\n\t\t<\/div>\n\t\t\n\n<div class=\"t2-featured-content-layout alignwide wp-block-t2-featured-content-layout\">\n<div class=\"t2-featured-single-post t2-featured-content is-post-type-case case_tax-3pl wp-block-t2-featured-single-post t2-featured-content-layout-col-6\"><a class=\"t2-post-link wp-block-t2-post-link\" href=\"https:\/\/www.elementlogic.net\/it\/storie-di-successo\/autostore-con-emanager-la-scelta-perfetta-per-gestire-la-vostra-crescita\/\">\n\t\n\t<figure style=\"--t2-focal-point: 50% 50%;\" class=\"t2-post-featured-image has-image-ratio-3-2 wp-block-t2-post-featured-image\"><img loading=\"lazy\" decoding=\"async\" width=\"1500\" height=\"819\" src=\"https:\/\/www.elementlogic.net\/content\/uploads\/sites\/21\/\/2024\/09\/Colliflow_3PL_AutoStore_Element-Logic.jpg\" class=\"attachment-post-thumbnail size-post-thumbnail wp-post-image\" alt=\"\" srcset=\"https:\/\/www.elementlogic.net\/content\/uploads\/sites\/21\/2024\/09\/Colliflow_3PL_AutoStore_Element-Logic.jpg 1500w, https:\/\/www.elementlogic.net\/content\/uploads\/sites\/21\/2024\/09\/Colliflow_3PL_AutoStore_Element-Logic-300x164.jpg 300w, https:\/\/www.elementlogic.net\/content\/uploads\/sites\/21\/2024\/09\/Colliflow_3PL_AutoStore_Element-Logic-1024x559.jpg 1024w, https:\/\/www.elementlogic.net\/content\/uploads\/sites\/21\/2024\/09\/Colliflow_3PL_AutoStore_Element-Logic-768x419.jpg 768w\" sizes=\"(max-width: 1500px) 100vw, 1500px\" \/><\/figure>\n\t\n<\/a>\n\n\t\t<div class=\"card-content wp-block-t2-wrapper\">\n\t<div class=\"wp-block-dekode-post-terms\"><span>3PL<\/span><\/div>\n\t<h3 class=\"t2-post-title wp-block-t2-post-title\"><a href=\"https:\/\/www.elementlogic.net\/it\/storie-di-successo\/autostore-con-emanager-la-scelta-perfetta-per-gestire-la-vostra-crescita\/\" target=\"_self\" >AutoStore con eManager, la scelta perfetta per la vostra crescita<\/a><\/h3>\n\t<div class=\"t2-post-excerpt wp-block-t2-post-excerpt\"><p>Nel 2020, Colliflow \u00e8 diventata una delle prime societ\u00e0 di logistica conto terzi del mondo ad automatizzare le attivit\u00e0 di [&hellip;]<\/p><\/div>\n<\/div>\n<\/div>\n\n<div class=\"t2-featured-single-post t2-featured-content is-post-type-case case_tax-3pl wp-block-t2-featured-single-post t2-featured-content-layout-col-6\"><a class=\"t2-post-link wp-block-t2-post-link\" href=\"https:\/\/www.elementlogic.net\/it\/storie-di-successo\/element-logic-offre-il-piu-grande-autostore-al-mondo-per-quanto-riguarda-la-logistica-conto-terzi\/\">\n\t\n\t<figure style=\"--t2-focal-point: 50% 50%;\" class=\"t2-post-featured-image has-image-ratio-3-2 wp-block-t2-post-featured-image\"><img loading=\"lazy\" decoding=\"async\" width=\"2560\" height=\"1708\" src=\"https:\/\/www.elementlogic.net\/content\/uploads\/sites\/21\/\/2024\/09\/AutoStore-robot-implemented-by-Element-Logic.jpg\" class=\"attachment-post-thumbnail size-post-thumbnail wp-post-image\" alt=\"foto robot autostore\" srcset=\"https:\/\/www.elementlogic.net\/content\/uploads\/sites\/21\/2024\/09\/AutoStore-robot-implemented-by-Element-Logic.jpg 2560w, https:\/\/www.elementlogic.net\/content\/uploads\/sites\/21\/2024\/09\/AutoStore-robot-implemented-by-Element-Logic-300x200.jpg 300w, https:\/\/www.elementlogic.net\/content\/uploads\/sites\/21\/2024\/09\/AutoStore-robot-implemented-by-Element-Logic-1024x683.jpg 1024w, https:\/\/www.elementlogic.net\/content\/uploads\/sites\/21\/2024\/09\/AutoStore-robot-implemented-by-Element-Logic-768x512.jpg 768w, https:\/\/www.elementlogic.net\/content\/uploads\/sites\/21\/2024\/09\/AutoStore-robot-implemented-by-Element-Logic-1536x1025.jpg 1536w, https:\/\/www.elementlogic.net\/content\/uploads\/sites\/21\/2024\/09\/AutoStore-robot-implemented-by-Element-Logic-2048x1366.jpg 2048w\" sizes=\"(max-width: 2560px) 100vw, 2560px\" \/><\/figure>\n\t\n<\/a>\n\n\t\t<div class=\"card-content wp-block-t2-wrapper\">\n\t<div class=\"wp-block-dekode-post-terms\"><span>3PL<\/span><\/div>\n\t<h3 class=\"t2-post-title wp-block-t2-post-title\"><a href=\"https:\/\/www.elementlogic.net\/it\/storie-di-successo\/element-logic-offre-il-piu-grande-autostore-al-mondo-per-quanto-riguarda-la-logistica-conto-terzi\/\" target=\"_self\" >Il pi\u00f9 grande AutoStore al mondo per la logistica conto terzi<\/a><\/h3>\n\t<div class=\"t2-post-excerpt wp-block-t2-post-excerpt\"><p>&#8220;Riteniamo con certezza che sempre pi\u00f9 aziende stanno scoprendo le potenzialit\u00e0 del magazzino robotizzato. Di fatto, il tempo speso per [&hellip;]<\/p><\/div>\n<\/div>\n<\/div>\n<\/div>\n\n\n<div class=\"wp-block-group alignwide has-global-padding is-layout-constrained wp-block-group-is-layout-constrained\">\n<h2 class=\"wp-block-heading wp-container-content-2\" id=\"h-perche-i-3pl-scelgono-element-logic\"><strong>Perch\u00e9 i 3PL scelgono Element Logic<\/strong><\/h2>\n\n\n\n<ul class=\"wp-block-list\">\n<li>Sistemi scalabili che si adattano alla domanda variabile dei clienti<\/li>\n\n\n\n<li>ROI in tempi rapidi grazie all\u2019efficienza del lavoro e alla riduzione dei costi operativi<\/li>\n\n\n\n<li>Tecnologia pronta per il futuro, comprovata in diversi settori<\/li>\n\n\n\n<li>Competenza globale con supporto locale<\/li>\n<\/ul>\n<\/div>\n\n\n\n<div style=\"height:100px;width:0px\" aria-hidden=\"true\" class=\"wp-block-spacer\"><\/div>\n\n\n\n\t\t<div style=\"--dekode-hero-dim:0.6; --t2-icon-fill:var(--wp--preset--color--white);\" class=\"alignfull dekode-hero-content-position-center has-media-background wp-block-dekode-hero has-text-color has-white-color\">\n\t\t\t<img loading=\"lazy\" decoding=\"async\" width=\"1024\" height=\"576\" src=\"https:\/\/www.elementlogic.net\/content\/uploads\/sites\/21\/\/2024\/09\/Apotea-Birdsview-over-the-AutoStore-grid-1024x576.jpg\" class=\"dekode-hero__image\" alt=\"Fotografia magazzino Apotea\" style=\"--focalpoint: 75% 71%;\" srcset=\"https:\/\/www.elementlogic.net\/content\/uploads\/sites\/21\/2024\/09\/Apotea-Birdsview-over-the-AutoStore-grid-1024x576.jpg 1024w, https:\/\/www.elementlogic.net\/content\/uploads\/sites\/21\/2024\/09\/Apotea-Birdsview-over-the-AutoStore-grid-300x169.jpg 300w, https:\/\/www.elementlogic.net\/content\/uploads\/sites\/21\/2024\/09\/Apotea-Birdsview-over-the-AutoStore-grid-768x432.jpg 768w, https:\/\/www.elementlogic.net\/content\/uploads\/sites\/21\/2024\/09\/Apotea-Birdsview-over-the-AutoStore-grid-1536x864.jpg 1536w, https:\/\/www.elementlogic.net\/content\/uploads\/sites\/21\/2024\/09\/Apotea-Birdsview-over-the-AutoStore-grid.jpg 1920w\" sizes=\"(max-width: 1024px) 100vw, 1024px\" \/>\n\t\t\t<div class=\"dekode-hero__content\">\n\t\t\t\t<div class=\"dekode-hero__container\">\n\t\t\t\t\t\n\n<h1 class=\"wp-block-heading\" id=\"h-lasciatevi-aiutare-a-costruire-il-centro-di-evasione-ordini-del-futuro\"><strong>Lasciatevi aiutare a costruire il centro di evasione<br>ordini del futuro.<\/strong><\/h1>\n\n\n\n<div class=\"wp-block-buttons is-layout-flex wp-block-buttons-is-layout-flex\">\n<div class=\"wp-block-button http:\/\/hs-cta-trigger-button hs-cta-trigger-button-195241208906\"><a class=\"wp-block-button__link wp-element-button\" href=\"https:\/\/www.elementlogic.net\/it\/contatti\/\">Contattateci oggi<\/a><\/div>\n<\/div>\n\n\n\t\t\t\t<\/div>\n\t\t\t<\/div>\n\t\t<\/div>\n\t\t","protected":false},"excerpt":{"rendered":"<p>Con oltre 40 anni di esperienza nell\u2019intralogistica, aiutiamo i 3PL ad adattarsi a esigenze in rapida evoluzione, ridurre i costi [&hellip;]<\/p>\n","protected":false},"author":2,"featured_media":0,"parent":3572,"menu_order":0,"comment_status":"closed","ping_status":"closed","template":"","meta":{"hreflang_relation":0,"_el_cross_publish_source_blog_url":"","_el_cross_publish_source_blog_id":0,"_el_cross_publish_source_post_id":0,"_el_cross_publish_sync_state":"","exclude_from_search":false,"footnotes":""},"class_list":["post-3551","page","type-page","status-publish","hentry"],"yoast_head":"<!-- This site is optimized with the Yoast SEO Premium plugin v23.9 (Yoast SEO v23.9) - https:\/\/yoast.com\/wordpress\/plugins\/seo\/ -->\n<title>3PL e Fornitori di Servizi Logistici | Element Logic Italy<\/title>\n<meta name=\"robots\" content=\"index, follow, max-snippet:-1, max-image-preview:large, max-video-preview:-1\" \/>\n<link rel=\"canonical\" href=\"https:\/\/www.elementlogic.net\/it\/settori\/3pl-fornitori-servizi-logistici\/\" \/>\n<meta property=\"og:locale\" content=\"it_IT\" \/>\n<meta property=\"og:type\" content=\"article\" \/>\n<meta property=\"og:title\" content=\"3PL e Fornitori di Servizi Logistici\" \/>\n<meta property=\"og:description\" content=\"Con oltre 40 anni di esperienza nell\u2019intralogistica, aiutiamo i 3PL ad adattarsi a esigenze in rapida evoluzione, ridurre i costi [&hellip;]\" \/>\n<meta property=\"og:url\" content=\"https:\/\/www.elementlogic.net\/it\/settori\/3pl-fornitori-servizi-logistici\/\" \/>\n<meta property=\"og:site_name\" content=\"Element Logic Italy\" \/>\n<meta name=\"twitter:card\" content=\"summary_large_image\" \/>\n<meta name=\"twitter:label1\" content=\"Tempo di lettura stimato\" \/>\n\t<meta name=\"twitter:data1\" content=\"1 minuto\" \/>\n<script type=\"application\/ld+json\" class=\"yoast-schema-graph\">{\"@context\":\"https:\/\/schema.org\",\"@graph\":[{\"@type\":\"WebPage\",\"@id\":\"https:\/\/www.elementlogic.net\/it\/settori\/3pl-fornitori-servizi-logistici\/\",\"url\":\"https:\/\/www.elementlogic.net\/it\/settori\/3pl-fornitori-servizi-logistici\/\",\"name\":\"3PL e Fornitori di Servizi Logistici | Element Logic Italy\",\"isPartOf\":{\"@id\":\"https:\/\/www.elementlogic.net\/it\/#website\"},\"datePublished\":\"2026-03-30T08:15:18+00:00\",\"dateModified\":\"2026-03-30T08:15:18+00:00\",\"breadcrumb\":{\"@id\":\"https:\/\/www.elementlogic.net\/it\/settori\/3pl-fornitori-servizi-logistici\/#breadcrumb\"},\"inLanguage\":\"it-IT\",\"potentialAction\":[{\"@type\":\"ReadAction\",\"target\":[\"https:\/\/www.elementlogic.net\/it\/settori\/3pl-fornitori-servizi-logistici\/\"]}]},{\"@type\":\"BreadcrumbList\",\"@id\":\"https:\/\/www.elementlogic.net\/it\/settori\/3pl-fornitori-servizi-logistici\/#breadcrumb\",\"itemListElement\":[{\"@type\":\"ListItem\",\"position\":1,\"name\":\"Settori\",\"item\":\"https:\/\/www.elementlogic.net\/it\/settori\/\"},{\"@type\":\"ListItem\",\"position\":2,\"name\":\"3PL e Fornitori di Servizi Logistici\"}]},{\"@type\":\"WebSite\",\"@id\":\"https:\/\/www.elementlogic.net\/it\/#website\",\"url\":\"https:\/\/www.elementlogic.net\/it\/\",\"name\":\"Element Logic Italia\",\"description\":\"Optimizing warehouse performance\",\"publisher\":{\"@id\":\"https:\/\/www.elementlogic.net\/it\/#organization\"},\"alternateName\":\"EL Italy\",\"potentialAction\":[{\"@type\":\"SearchAction\",\"target\":{\"@type\":\"EntryPoint\",\"urlTemplate\":\"https:\/\/www.elementlogic.net\/it\/?s={search_term_string}\"},\"query-input\":{\"@type\":\"PropertyValueSpecification\",\"valueRequired\":true,\"valueName\":\"search_term_string\"}}],\"inLanguage\":\"it-IT\"},{\"@type\":\"Organization\",\"@id\":\"https:\/\/www.elementlogic.net\/it\/#organization\",\"name\":\"Element Logic\",\"alternateName\":\"EL\",\"url\":\"https:\/\/www.elementlogic.net\/it\/\",\"logo\":{\"@type\":\"ImageObject\",\"inLanguage\":\"it-IT\",\"@id\":\"https:\/\/www.elementlogic.net\/it\/#\/schema\/logo\/image\/\",\"url\":\"https:\/\/www.elementlogic.net\/content\/uploads\/sites\/21\/\/2024\/09\/logo.png\",\"contentUrl\":\"https:\/\/www.elementlogic.net\/content\/uploads\/sites\/21\/\/2024\/09\/logo.png\",\"width\":888,\"height\":298,\"caption\":\"Element Logic\"},\"image\":{\"@id\":\"https:\/\/www.elementlogic.net\/it\/#\/schema\/logo\/image\/\"},\"sameAs\":[\"https:\/\/www.linkedin.com\/company\/element-logic\"],\"description\":\"Azienda tecnologica che ottimizza le prestazioni dei magazzini dei propri clienti con soluzioni automatizzate. Da AutoStore a software integrati, le soluzioni per l'automazione di magazzino conferiscono un vantaggio competitivo.\",\"telephone\":\"342 369 6219\",\"legalName\":\"Element Logic\"}]}<\/script>\n<!-- \/ Yoast SEO Premium plugin. -->","yoast_head_json":{"title":"3PL e Fornitori di Servizi Logistici | Element Logic Italy","robots":{"index":"index","follow":"follow","max-snippet":"max-snippet:-1","max-image-preview":"max-image-preview:large","max-video-preview":"max-video-preview:-1"},"canonical":"https:\/\/www.elementlogic.net\/it\/settori\/3pl-fornitori-servizi-logistici\/","og_locale":"it_IT","og_type":"article","og_title":"3PL e Fornitori di Servizi Logistici","og_description":"Con oltre 40 anni di esperienza nell\u2019intralogistica, aiutiamo i 3PL ad adattarsi a esigenze in rapida evoluzione, ridurre i costi [&hellip;]","og_url":"https:\/\/www.elementlogic.net\/it\/settori\/3pl-fornitori-servizi-logistici\/","og_site_name":"Element Logic Italy","twitter_card":"summary_large_image","twitter_misc":{"Tempo di lettura stimato":"1 minuto"},"schema":{"@context":"https:\/\/schema.org","@graph":[{"@type":"WebPage","@id":"https:\/\/www.elementlogic.net\/it\/settori\/3pl-fornitori-servizi-logistici\/","url":"https:\/\/www.elementlogic.net\/it\/settori\/3pl-fornitori-servizi-logistici\/","name":"3PL e Fornitori di Servizi Logistici | Element Logic Italy","isPartOf":{"@id":"https:\/\/www.elementlogic.net\/it\/#website"},"datePublished":"2026-03-30T08:15:18+00:00","dateModified":"2026-03-30T08:15:18+00:00","breadcrumb":{"@id":"https:\/\/www.elementlogic.net\/it\/settori\/3pl-fornitori-servizi-logistici\/#breadcrumb"},"inLanguage":"it-IT","potentialAction":[{"@type":"ReadAction","target":["https:\/\/www.elementlogic.net\/it\/settori\/3pl-fornitori-servizi-logistici\/"]}]},{"@type":"BreadcrumbList","@id":"https:\/\/www.elementlogic.net\/it\/settori\/3pl-fornitori-servizi-logistici\/#breadcrumb","itemListElement":[{"@type":"ListItem","position":1,"name":"Settori","item":"https:\/\/www.elementlogic.net\/it\/settori\/"},{"@type":"ListItem","position":2,"name":"3PL e Fornitori di Servizi Logistici"}]},{"@type":"WebSite","@id":"https:\/\/www.elementlogic.net\/it\/#website","url":"https:\/\/www.elementlogic.net\/it\/","name":"Element Logic Italia","description":"Optimizing warehouse performance","publisher":{"@id":"https:\/\/www.elementlogic.net\/it\/#organization"},"alternateName":"EL Italy","potentialAction":[{"@type":"SearchAction","target":{"@type":"EntryPoint","urlTemplate":"https:\/\/www.elementlogic.net\/it\/?s={search_term_string}"},"query-input":{"@type":"PropertyValueSpecification","valueRequired":true,"valueName":"search_term_string"}}],"inLanguage":"it-IT"},{"@type":"Organization","@id":"https:\/\/www.elementlogic.net\/it\/#organization","name":"Element Logic","alternateName":"EL","url":"https:\/\/www.elementlogic.net\/it\/","logo":{"@type":"ImageObject","inLanguage":"it-IT","@id":"https:\/\/www.elementlogic.net\/it\/#\/schema\/logo\/image\/","url":"https:\/\/www.elementlogic.net\/content\/uploads\/sites\/21\/\/2024\/09\/logo.png","contentUrl":"https:\/\/www.elementlogic.net\/content\/uploads\/sites\/21\/\/2024\/09\/logo.png","width":888,"height":298,"caption":"Element Logic"},"image":{"@id":"https:\/\/www.elementlogic.net\/it\/#\/schema\/logo\/image\/"},"sameAs":["https:\/\/www.linkedin.com\/company\/element-logic"],"description":"Azienda tecnologica che ottimizza le prestazioni dei magazzini dei propri clienti con soluzioni automatizzate. Da AutoStore a software integrati, le soluzioni per l'automazione di magazzino conferiscono un vantaggio competitivo.","telephone":"342 369 6219","legalName":"Element Logic"}]}},"_links":{"self":[{"href":"https:\/\/www.elementlogic.net\/it\/wp-json\/wp\/v2\/pages\/3551"}],"collection":[{"href":"https:\/\/www.elementlogic.net\/it\/wp-json\/wp\/v2\/pages"}],"about":[{"href":"https:\/\/www.elementlogic.net\/it\/wp-json\/wp\/v2\/types\/page"}],"author":[{"embeddable":true,"href":"https:\/\/www.elementlogic.net\/it\/wp-json\/wp\/v2\/users\/2"}],"replies":[{"embeddable":true,"href":"https:\/\/www.elementlogic.net\/it\/wp-json\/wp\/v2\/comments?post=3551"}],"version-history":[{"count":5,"href":"https:\/\/www.elementlogic.net\/it\/wp-json\/wp\/v2\/pages\/3551\/revisions"}],"predecessor-version":[{"id":4140,"href":"https:\/\/www.elementlogic.net\/it\/wp-json\/wp\/v2\/pages\/3551\/revisions\/4140"}],"up":[{"embeddable":true,"href":"https:\/\/www.elementlogic.net\/it\/wp-json\/wp\/v2\/pages\/3572"}],"wp:attachment":[{"href":"https:\/\/www.elementlogic.net\/it\/wp-json\/wp\/v2\/media?parent=3551"}],"curies":[{"name":"wp","href":"https:\/\/api.w.org\/{rel}","templated":true}]}}