{"id":3616,"date":"2026-02-03T14:20:31","date_gmt":"2026-02-03T13:20:31","guid":{"rendered":"https:\/\/www.elementlogic.net\/it\/?page_id=3616"},"modified":"2026-02-05T16:12:58","modified_gmt":"2026-02-05T15:12:58","slug":"superammortamento-2026","status":"publish","type":"page","link":"https:\/\/www.elementlogic.net\/it\/whitepaper\/superammortamento-2026\/","title":{"rendered":"Superammortamento 2026"},"content":{"rendered":"\n\t\t<div style=\"--dekode-hero-dim:0.5; --t2-icon-fill:var(--wp--preset--color--white);\" class=\"alignfull dekode-hero-content-position-center has-media-background wp-block-dekode-hero has-text-color has-white-color\">\n\t\t\t<img loading=\"lazy\" decoding=\"async\" width=\"1024\" height=\"683\" src=\"https:\/\/www.elementlogic.net\/content\/uploads\/sites\/21\/2026\/01\/manager-che-esegue-calcoli-1024x683.jpg\" class=\"dekode-hero__image\" alt=\"\" style=\"--focalpoint: 55% 70%;\" srcset=\"https:\/\/www.elementlogic.net\/content\/uploads\/sites\/21\/2026\/01\/manager-che-esegue-calcoli-1024x683.jpg 1024w, https:\/\/www.elementlogic.net\/content\/uploads\/sites\/21\/2026\/01\/manager-che-esegue-calcoli-300x200.jpg 300w, https:\/\/www.elementlogic.net\/content\/uploads\/sites\/21\/2026\/01\/manager-che-esegue-calcoli-768x512.jpg 768w, https:\/\/www.elementlogic.net\/content\/uploads\/sites\/21\/2026\/01\/manager-che-esegue-calcoli-1536x1024.jpg 1536w, https:\/\/www.elementlogic.net\/content\/uploads\/sites\/21\/2026\/01\/manager-che-esegue-calcoli-2048x1365.jpg 2048w\" sizes=\"(max-width: 1024px) 100vw, 1024px\" \/>\n\t\t\t<div class=\"dekode-hero__content\">\n\t\t\t\t<div class=\"dekode-hero__container\">\n\t\t\t\t\t\n\n<h1 class=\"wp-block-heading\" id=\"h-superammortamento-2026\">Superammortamento 2026<\/h1>\n\n\n\n<p><strong>Scoprite come ridurre il costo del vostro magazzino automatizzato grazie agli incentivi fiscali.<\/strong><\/p>\n\n\n\t\t\t\t<\/div>\n\t\t\t<\/div>\n\t\t<\/div>\n\t\t\n\n\n<p>State valutando un investimento in automazione logistica nei prossimi mesi?<\/p>\n\n\n\n<p>Il <strong>Superammortamento 2026<\/strong> rappresenta una delle opportunit\u00e0 fiscali pi\u00f9 rilevanti per le aziende che intendono migliorare efficienza, capacit\u00e0 e redditivit\u00e0 del proprio magazzino logistico attraverso soluzioni di automazione avanzata.<\/p>\n\n\n\n<p>Grazie alla maggiorazione fiscale prevista dalla normativa, \u00e8 possibile <strong>ammortizzare un valore superiore al costo reale dell\u2019investimento<\/strong>, ottenendo un risparmio fiscale significativo negli anni successivi. Questo rende pi\u00f9 sostenibili progetti come l\u2019introduzione di un <strong>magazzino automatico AutoStore<\/strong>, sistemi robotizzati e software di gestione integrati.<\/p>\n\n\n\n<p>Nel nostro <strong>whitepaper gratuito<\/strong>, trovate una guida chiara e operativa per comprendere come sfruttare al meglio il Superammortamento 2026 in un progetto di automazione intralogistica, con il supporto di Element Logic.<\/p>\n\n\n\n<h3 class=\"wp-block-heading\" id=\"leggendo-questo-whitepaper-imparerete-a-conoscere\"><strong>Leggendo questo whitepaper, imparerete a conoscere<\/strong>:<\/h3>\n\n\n\n<ul class=\"wp-block-list\">\n<li>Cos\u2019\u00e8 il Superammortamento 2026, come funziona e perch\u00e9 riduce il costo fiscale dell\u2019investimento nel tempo<\/li>\n\n\n\n<li>Quali tecnologie di automazione di magazzino rientrano tra i beni agevolabili<\/li>\n\n\n\n<li>Le percentuali di maggiorazione previste ed il loro impatto sul valore ammortizzabile<\/li>\n\n\n\n<li>Un esempio concreto di maggiorazione fiscale applicata a un investimento in automazione<\/li>\n\n\n\n<li>Le scadenze operative da rispettare per non perdere l\u2019agevolazione<\/li>\n\n\n\n<li>I requisiti di interconnessione e conformit\u00e0 4.0<\/li>\n\n\n\n<li>Come Element Logic integra l\u2019incentivo nella progettazione di un magazzino automatizzato<\/li>\n<\/ul>\n\n\n\n<p><strong>Questo whitepaper \u00e8 gratuito e disponibile in italiano.<\/strong><\/p>\n\n\n\n\t\t<div class=\"wp-block-dekode-dynamics-form\">\n\t\t\t<div class=\"embedded-form\">\n\t\t\t\t<div\n\t\t\t\t\tdata-form-id=\"7d57f243-772a-f011-8c4e-6045bdf51dec\"\n\t\t\t\t\tdata-form-api-url=\"https:\/\/public-eur.mkt.dynamics.com\/api\/v1.0\/orgs\/0d653081-4a98-4454-9ade-26f2fbe674ee\/landingpageforms\"\n\t\t\t\t\tdata-cached-form-url=\"https:\/\/assets-eur.mkt.dynamics.com\/0d653081-4a98-4454-9ade-26f2fbe674ee\/digitalassets\/forms\/7d57f243-772a-f011-8c4e-6045bdf51dec\"\n\t\t\t\t><\/div>\n\t\t\t<\/div>\n\t\t<\/div>","protected":false},"excerpt":{"rendered":"<p>State valutando un investimento in automazione logistica nei prossimi mesi? Il Superammortamento 2026 rappresenta una delle opportunit\u00e0 fiscali pi\u00f9 rilevanti [&hellip;]<\/p>\n","protected":false},"author":34,"featured_media":3646,"parent":155,"menu_order":0,"comment_status":"closed","ping_status":"closed","template":"","meta":{"hreflang_relation":0,"_el_cross_publish_source_blog_url":"","_el_cross_publish_source_blog_id":0,"_el_cross_publish_source_post_id":0,"_el_cross_publish_sync_state":"","exclude_from_search":false,"footnotes":""},"class_list":["post-3616","page","type-page","status-publish","has-post-thumbnail","hentry"],"yoast_head":"<!-- This site is optimized with the Yoast SEO Premium plugin v23.9 (Yoast SEO v23.9) - https:\/\/yoast.com\/wordpress\/plugins\/seo\/ -->\n<title>Superammortamento 2026 per finanziare un magazzino automatico<\/title>\n<meta name=\"description\" content=\"Scoprite come il Superammortamento 2026 riduce il costo fiscale di un magazzino automatizzato. Guida pratica su investimenti agevolabili, percentuali di maggiorazione, scadenze e requisiti.\" \/>\n<meta name=\"robots\" content=\"index, nofollow, max-snippet:-1, max-image-preview:large, max-video-preview:-1\" \/>\n<link rel=\"canonical\" href=\"https:\/\/www.elementlogic.net\/it\/whitepaper\/superammortamento-2026\/\" \/>\n<meta property=\"og:locale\" content=\"it_IT\" \/>\n<meta property=\"og:type\" content=\"article\" \/>\n<meta property=\"og:title\" content=\"Superammortamento 2026\" \/>\n<meta property=\"og:description\" content=\"Scoprite come il Superammortamento 2026 riduce il costo fiscale di un magazzino automatizzato. Guida pratica su investimenti agevolabili, percentuali di maggiorazione, scadenze e requisiti.\" \/>\n<meta property=\"og:url\" content=\"https:\/\/www.elementlogic.net\/it\/whitepaper\/superammortamento-2026\/\" \/>\n<meta property=\"og:site_name\" content=\"Element Logic Italy\" \/>\n<meta property=\"article:modified_time\" content=\"2026-02-05T15:12:58+00:00\" \/>\n<meta property=\"og:image\" content=\"https:\/\/www.elementlogic.net\/content\/uploads\/sites\/21\/2026\/01\/manager-che-esegue-calcoli-scaled.jpg\" \/>\n\t<meta property=\"og:image:width\" content=\"2560\" \/>\n\t<meta property=\"og:image:height\" content=\"1707\" \/>\n\t<meta property=\"og:image:type\" content=\"image\/jpeg\" \/>\n<meta name=\"twitter:card\" content=\"summary_large_image\" \/>\n<meta name=\"twitter:label1\" content=\"Tempo di lettura stimato\" \/>\n\t<meta name=\"twitter:data1\" content=\"1 minuto\" \/>\n<script type=\"application\/ld+json\" class=\"yoast-schema-graph\">{\"@context\":\"https:\/\/schema.org\",\"@graph\":[{\"@type\":\"WebPage\",\"@id\":\"https:\/\/www.elementlogic.net\/it\/whitepaper\/superammortamento-2026\/\",\"url\":\"https:\/\/www.elementlogic.net\/it\/whitepaper\/superammortamento-2026\/\",\"name\":\"Superammortamento 2026 per finanziare un magazzino automatico\",\"isPartOf\":{\"@id\":\"https:\/\/www.elementlogic.net\/it\/#website\"},\"primaryImageOfPage\":{\"@id\":\"https:\/\/www.elementlogic.net\/it\/whitepaper\/superammortamento-2026\/#primaryimage\"},\"image\":{\"@id\":\"https:\/\/www.elementlogic.net\/it\/whitepaper\/superammortamento-2026\/#primaryimage\"},\"thumbnailUrl\":\"https:\/\/www.elementlogic.net\/content\/uploads\/sites\/21\/2026\/01\/manager-che-esegue-calcoli-scaled.jpg\",\"datePublished\":\"2026-02-03T13:20:31+00:00\",\"dateModified\":\"2026-02-05T15:12:58+00:00\",\"description\":\"Scoprite come il Superammortamento 2026 riduce il costo fiscale di un magazzino automatizzato. Guida pratica su investimenti agevolabili, percentuali di maggiorazione, scadenze e requisiti.\",\"breadcrumb\":{\"@id\":\"https:\/\/www.elementlogic.net\/it\/whitepaper\/superammortamento-2026\/#breadcrumb\"},\"inLanguage\":\"it-IT\",\"potentialAction\":[{\"@type\":\"ReadAction\",\"target\":[\"https:\/\/www.elementlogic.net\/it\/whitepaper\/superammortamento-2026\/\"]}]},{\"@type\":\"ImageObject\",\"inLanguage\":\"it-IT\",\"@id\":\"https:\/\/www.elementlogic.net\/it\/whitepaper\/superammortamento-2026\/#primaryimage\",\"url\":\"https:\/\/www.elementlogic.net\/content\/uploads\/sites\/21\/2026\/01\/manager-che-esegue-calcoli-scaled.jpg\",\"contentUrl\":\"https:\/\/www.elementlogic.net\/content\/uploads\/sites\/21\/2026\/01\/manager-che-esegue-calcoli-scaled.jpg\",\"width\":2560,\"height\":1707},{\"@type\":\"BreadcrumbList\",\"@id\":\"https:\/\/www.elementlogic.net\/it\/whitepaper\/superammortamento-2026\/#breadcrumb\",\"itemListElement\":[{\"@type\":\"ListItem\",\"position\":1,\"name\":\"Whitepapers\",\"item\":\"https:\/\/www.elementlogic.net\/it\/whitepaper\/\"},{\"@type\":\"ListItem\",\"position\":2,\"name\":\"Superammortamento 2026\"}]},{\"@type\":\"WebSite\",\"@id\":\"https:\/\/www.elementlogic.net\/it\/#website\",\"url\":\"https:\/\/www.elementlogic.net\/it\/\",\"name\":\"Element Logic Italia\",\"description\":\"Optimizing warehouse performance\",\"publisher\":{\"@id\":\"https:\/\/www.elementlogic.net\/it\/#organization\"},\"alternateName\":\"EL Italy\",\"potentialAction\":[{\"@type\":\"SearchAction\",\"target\":{\"@type\":\"EntryPoint\",\"urlTemplate\":\"https:\/\/www.elementlogic.net\/it\/?s={search_term_string}\"},\"query-input\":{\"@type\":\"PropertyValueSpecification\",\"valueRequired\":true,\"valueName\":\"search_term_string\"}}],\"inLanguage\":\"it-IT\"},{\"@type\":\"Organization\",\"@id\":\"https:\/\/www.elementlogic.net\/it\/#organization\",\"name\":\"Element Logic\",\"alternateName\":\"EL\",\"url\":\"https:\/\/www.elementlogic.net\/it\/\",\"logo\":{\"@type\":\"ImageObject\",\"inLanguage\":\"it-IT\",\"@id\":\"https:\/\/www.elementlogic.net\/it\/#\/schema\/logo\/image\/\",\"url\":\"https:\/\/www.elementlogic.net\/content\/uploads\/sites\/21\/\/2024\/09\/logo.png\",\"contentUrl\":\"https:\/\/www.elementlogic.net\/content\/uploads\/sites\/21\/\/2024\/09\/logo.png\",\"width\":888,\"height\":298,\"caption\":\"Element Logic\"},\"image\":{\"@id\":\"https:\/\/www.elementlogic.net\/it\/#\/schema\/logo\/image\/\"},\"sameAs\":[\"https:\/\/www.linkedin.com\/company\/element-logic\"],\"description\":\"Azienda tecnologica che ottimizza le prestazioni dei magazzini dei propri clienti con soluzioni automatizzate. Da AutoStore a software integrati, le soluzioni per l'automazione di magazzino conferiscono un vantaggio competitivo.\",\"telephone\":\"342 369 6219\",\"legalName\":\"Element Logic\"}]}<\/script>\n<!-- \/ Yoast SEO Premium plugin. -->","yoast_head_json":{"title":"Superammortamento 2026 per finanziare un magazzino automatico","description":"Scoprite come il Superammortamento 2026 riduce il costo fiscale di un magazzino automatizzato. Guida pratica su investimenti agevolabili, percentuali di maggiorazione, scadenze e requisiti.","robots":{"index":"index","follow":"nofollow","max-snippet":"max-snippet:-1","max-image-preview":"max-image-preview:large","max-video-preview":"max-video-preview:-1"},"canonical":"https:\/\/www.elementlogic.net\/it\/whitepaper\/superammortamento-2026\/","og_locale":"it_IT","og_type":"article","og_title":"Superammortamento 2026","og_description":"Scoprite come il Superammortamento 2026 riduce il costo fiscale di un magazzino automatizzato. Guida pratica su investimenti agevolabili, percentuali di maggiorazione, scadenze e requisiti.","og_url":"https:\/\/www.elementlogic.net\/it\/whitepaper\/superammortamento-2026\/","og_site_name":"Element Logic Italy","article_modified_time":"2026-02-05T15:12:58+00:00","og_image":[{"width":2560,"height":1707,"url":"https:\/\/www.elementlogic.net\/content\/uploads\/sites\/21\/2026\/01\/manager-che-esegue-calcoli-scaled.jpg","type":"image\/jpeg"}],"twitter_card":"summary_large_image","twitter_misc":{"Tempo di lettura stimato":"1 minuto"},"schema":{"@context":"https:\/\/schema.org","@graph":[{"@type":"WebPage","@id":"https:\/\/www.elementlogic.net\/it\/whitepaper\/superammortamento-2026\/","url":"https:\/\/www.elementlogic.net\/it\/whitepaper\/superammortamento-2026\/","name":"Superammortamento 2026 per finanziare un magazzino automatico","isPartOf":{"@id":"https:\/\/www.elementlogic.net\/it\/#website"},"primaryImageOfPage":{"@id":"https:\/\/www.elementlogic.net\/it\/whitepaper\/superammortamento-2026\/#primaryimage"},"image":{"@id":"https:\/\/www.elementlogic.net\/it\/whitepaper\/superammortamento-2026\/#primaryimage"},"thumbnailUrl":"https:\/\/www.elementlogic.net\/content\/uploads\/sites\/21\/2026\/01\/manager-che-esegue-calcoli-scaled.jpg","datePublished":"2026-02-03T13:20:31+00:00","dateModified":"2026-02-05T15:12:58+00:00","description":"Scoprite come il Superammortamento 2026 riduce il costo fiscale di un magazzino automatizzato. Guida pratica su investimenti agevolabili, percentuali di maggiorazione, scadenze e requisiti.","breadcrumb":{"@id":"https:\/\/www.elementlogic.net\/it\/whitepaper\/superammortamento-2026\/#breadcrumb"},"inLanguage":"it-IT","potentialAction":[{"@type":"ReadAction","target":["https:\/\/www.elementlogic.net\/it\/whitepaper\/superammortamento-2026\/"]}]},{"@type":"ImageObject","inLanguage":"it-IT","@id":"https:\/\/www.elementlogic.net\/it\/whitepaper\/superammortamento-2026\/#primaryimage","url":"https:\/\/www.elementlogic.net\/content\/uploads\/sites\/21\/2026\/01\/manager-che-esegue-calcoli-scaled.jpg","contentUrl":"https:\/\/www.elementlogic.net\/content\/uploads\/sites\/21\/2026\/01\/manager-che-esegue-calcoli-scaled.jpg","width":2560,"height":1707},{"@type":"BreadcrumbList","@id":"https:\/\/www.elementlogic.net\/it\/whitepaper\/superammortamento-2026\/#breadcrumb","itemListElement":[{"@type":"ListItem","position":1,"name":"Whitepapers","item":"https:\/\/www.elementlogic.net\/it\/whitepaper\/"},{"@type":"ListItem","position":2,"name":"Superammortamento 2026"}]},{"@type":"WebSite","@id":"https:\/\/www.elementlogic.net\/it\/#website","url":"https:\/\/www.elementlogic.net\/it\/","name":"Element Logic Italia","description":"Optimizing warehouse performance","publisher":{"@id":"https:\/\/www.elementlogic.net\/it\/#organization"},"alternateName":"EL Italy","potentialAction":[{"@type":"SearchAction","target":{"@type":"EntryPoint","urlTemplate":"https:\/\/www.elementlogic.net\/it\/?s={search_term_string}"},"query-input":{"@type":"PropertyValueSpecification","valueRequired":true,"valueName":"search_term_string"}}],"inLanguage":"it-IT"},{"@type":"Organization","@id":"https:\/\/www.elementlogic.net\/it\/#organization","name":"Element Logic","alternateName":"EL","url":"https:\/\/www.elementlogic.net\/it\/","logo":{"@type":"ImageObject","inLanguage":"it-IT","@id":"https:\/\/www.elementlogic.net\/it\/#\/schema\/logo\/image\/","url":"https:\/\/www.elementlogic.net\/content\/uploads\/sites\/21\/\/2024\/09\/logo.png","contentUrl":"https:\/\/www.elementlogic.net\/content\/uploads\/sites\/21\/\/2024\/09\/logo.png","width":888,"height":298,"caption":"Element Logic"},"image":{"@id":"https:\/\/www.elementlogic.net\/it\/#\/schema\/logo\/image\/"},"sameAs":["https:\/\/www.linkedin.com\/company\/element-logic"],"description":"Azienda tecnologica che ottimizza le prestazioni dei magazzini dei propri clienti con soluzioni automatizzate. Da AutoStore a software integrati, le soluzioni per l'automazione di magazzino conferiscono un vantaggio competitivo.","telephone":"342 369 6219","legalName":"Element Logic"}]}},"_links":{"self":[{"href":"https:\/\/www.elementlogic.net\/it\/wp-json\/wp\/v2\/pages\/3616"}],"collection":[{"href":"https:\/\/www.elementlogic.net\/it\/wp-json\/wp\/v2\/pages"}],"about":[{"href":"https:\/\/www.elementlogic.net\/it\/wp-json\/wp\/v2\/types\/page"}],"author":[{"embeddable":true,"href":"https:\/\/www.elementlogic.net\/it\/wp-json\/wp\/v2\/users\/34"}],"replies":[{"embeddable":true,"href":"https:\/\/www.elementlogic.net\/it\/wp-json\/wp\/v2\/comments?post=3616"}],"version-history":[{"count":4,"href":"https:\/\/www.elementlogic.net\/it\/wp-json\/wp\/v2\/pages\/3616\/revisions"}],"predecessor-version":[{"id":3728,"href":"https:\/\/www.elementlogic.net\/it\/wp-json\/wp\/v2\/pages\/3616\/revisions\/3728"}],"up":[{"embeddable":true,"href":"https:\/\/www.elementlogic.net\/it\/wp-json\/wp\/v2\/pages\/155"}],"wp:featuredmedia":[{"embeddable":true,"href":"https:\/\/www.elementlogic.net\/it\/wp-json\/wp\/v2\/media\/3646"}],"wp:attachment":[{"href":"https:\/\/www.elementlogic.net\/it\/wp-json\/wp\/v2\/media?parent=3616"}],"curies":[{"name":"wp","href":"https:\/\/api.w.org\/{rel}","templated":true}]}}