{"id":42,"date":"2024-09-14T12:41:27","date_gmt":"2024-09-14T10:41:27","guid":{"rendered":"https:\/\/www.elementlogic.net\/?page_id=2673"},"modified":"2025-12-01T16:52:11","modified_gmt":"2025-12-01T15:52:11","slug":"il-nostro-uso-dei-cookie","status":"publish","type":"page","link":"https:\/\/www.elementlogic.net\/it\/il-nostro-uso-dei-cookie\/","title":{"rendered":"Il nostro uso dei cookie"},"content":{"rendered":"<p class=\"t2-ingress wp-block-t2-ingress\">Questa politica sui cookie descrive come Element Logic utilizza i cookie sul suo sito web https:\/\/www.elementlogic.net\/it\/.<\/p>\n\n\n<div class=\"wp-block-buttons is-layout-flex wp-block-buttons-is-layout-flex\">\n<div class=\"wp-block-button has-icon has-icon-theme_arrow\"><a class=\"wp-block-button__link wp-element-button\" href=\"#cookies\">Modifica preferenze cookie<svg xmlns=\"http:\/\/www.w3.org\/2000\/svg\" viewBox=\"0 0 24 24\" height=\"24\" width=\"24\" class=\"t2-icon t2-icon-theme_arrow\" aria-hidden=\"true\" focusable=\"false\"><path d=\"M16.627 12.75H5.25C5.03717 12.75 4.859 12.6782 4.7155 12.5345C4.57183 12.391 4.5 12.2128 4.5 12C4.5 11.7872 4.57183 11.609 4.7155 11.4655C4.859 11.3218 5.03717 11.25 5.25 11.25H16.627L11.4577 6.08076C11.3091 5.93209 11.2357 5.75809 11.2375 5.55876C11.2395 5.35942 11.318 5.18217 11.473 5.02701C11.6282 4.88217 11.8038 4.80717 12 4.80201C12.1962 4.79684 12.3718 4.87184 12.527 5.02701L18.8673 11.3673C18.9609 11.4609 19.0269 11.5597 19.0652 11.6635C19.1037 11.7673 19.123 11.8795 19.123 12C19.123 12.1205 19.1037 12.2327 19.0652 12.3365C19.0269 12.4403 18.9609 12.5391 18.8673 12.6328L12.527 18.973C12.3885 19.1115 12.217 19.1823 12.0125 19.1855C11.808 19.1887 11.6282 19.1178 11.473 18.973C11.318 18.8178 11.2405 18.6397 11.2405 18.4385C11.2405 18.2372 11.318 18.0589 11.473 17.9038L16.627 12.75Z\" fill=\"var(--t2-icon-fill, #000)\"\/><\/svg><\/a><\/div>\n<\/div>\n\n\n\n<p>I cookie sono piccoli file di testo che vengono inseriti sul tuo computer dai siti web che visiti. Sono ampiamente utilizzati per far funzionare i siti web, o per farli funzionare in modo pi\u00f9 efficiente, oltre a fornire informazioni ai proprietari del sito. Element Logic utilizza i cookie per tre scopi principali:<\/p>\n\n\n\n<ul class=\"wp-block-list\">\n<li>I cookie di performance raccolgono informazioni su come i visitatori utilizzano il nostro sito web, in modo che Element Logic sappia come il sito performa. Element Logic utilizza questi cookie per migliorare il funzionamento del sito. Tutte le informazioni raccolte da questi cookie sono anonime.<\/li>\n<\/ul>\n\n\n\n<ul class=\"wp-block-list\">\n<li>I cookie pubblicitari forniscono informazioni sui comportamenti digitali dei nostri visitatori. I cookie pubblicitari forniti da Google AdWords hanno lo scopo di reingaggiare i visitatori che probabilmente diventeranno clienti in base al comportamento online del visitatore su diversi siti web. I cookie pubblicitari forniti da Microsoft Dynamics 365 hanno lo scopo di distribuire contenuti basati sugli interessi a clienti attuali e potenziali.<\/li>\n<\/ul>\n\n\n\n<ul class=\"wp-block-list\">\n<li>I cookie di funzionalit\u00e0 sono presenti sul nostro sito web per ricordare le tue scelte precedenti e migliorare la tua esperienza di navigazione sul sito. Queste informazioni non vengono utilizzate per nessun altro scopo.<\/li>\n<\/ul>\n\n\n\n<p>Se acconsenti, installiamo solo i cookie che servono a questi scopi. Per una descrizione dettagliata dei cookie che utilizziamo,&nbsp;<a>clicca qui<\/a>. Puoi modificare o ritirare il tuo consenso in qualsiasi momento&nbsp;<a href=\"https:\/\/www.elementlogic.net\/it\/il-nostro-uso-dei-cookie\/\">cliccando qui<\/a>.<\/p>\n\n\n\n<p>Alcuni dei cookie descritti qui raccolgono dati personali. Per i tuoi diritti come soggetto dei dati, fai riferimento alla nostra&nbsp;<a href=\"https:\/\/www.elementlogic.net\/it\/politica-sulla-privacy\/\">Politica sulla privacy<\/a>.<\/p>\n\n\n\n<p>La maggior parte dei browser web ti permette di controllare i cookie attraverso le impostazioni del browser. Per ulteriori informazioni sui cookie, incluso come vedere quali cookie sono stati impostati, visita&nbsp;<a href=\"https:\/\/www.aboutcookies.org\/\">https:\/\/www.aboutcookies.org\/<\/a>&nbsp;o&nbsp;<a href=\"https:\/\/allaboutcookies.org\/\">https:\/\/allaboutcookies.org\/<\/a>. Per disattivare i cookie puoi anche visitare&nbsp;<a href=\"https:\/\/optout.aboutads.info\/\">https:\/\/optout.aboutads.info\/<\/a>&nbsp;e&nbsp;<a href=\"https:\/\/youronlinechoices.eu\/\">www.youronlinechoices.eu<\/a>.<\/p>\n\n\n\n<p><strong>GOOGLE MAPS<br><\/strong>Su questo sito web (<a href=\"https:\/\/www.elementlogic.net\/it\/\">https:\/\/www.elementlogic.net\/it\/<\/a>), utilizziamo Google Maps. Questo servizio utilizza cookie per raccogliere, memorizzare e utilizzare informazioni tecniche sulla tua interazione con il nostro sito web (dati di sessione).<\/p>\n\n\n\n<p>Questa \u00e8 una mappa interattiva che ti permette di visualizzare la nostra posizione. Trattiamo i tuoi dati personali per fornirti una mappa interattiva per mostrarti la nostra posizione.<\/p>\n\n\n\n<p>Se acconsenti all\u2019uso di Google Maps, la mappa verr\u00e0 mostrata sul nostro sito web. Il tuo indirizzo IP e le informazioni che hai visitato il nostro sito verranno inviate a Google. Google memorizzer\u00e0 queste informazioni sui propri server.<\/p>\n\n\n\n<p><strong>YOUTUBE<br><\/strong>Su questo sito web (<a href=\"https:\/\/www.elementlogic.net\/it\/\">https:\/\/www.elementlogic.net\/it\/<\/a>), utilizziamo YouTube. Questo servizio utilizza cookie per raccogliere, memorizzare e utilizzare informazioni tecniche sulla tua interazione con il nostro sito web (dati di sessione).<\/p>\n\n\n\n<p>Utilizziamo YouTube nella sua modalit\u00e0 di privacy avanzata per mostrarti video. Trattiamo i tuoi dati personali per fornirti video dal nostro canale YouTube.<\/p>\n\n\n\n<p>La modalit\u00e0 di privacy avanzata significa che YouTube ricever\u00e0 il tuo indirizzo IP, la data e l\u2019ora in cui il video \u00e8 stato visualizzato, nonch\u00e9 informazioni che hai visitato il nostro sito web. Questi dati verranno trasmessi al server di YouTube solo se avvii un video.<\/p>\n\n\n\n<p><strong>MICROSOFT CLARITY<br><\/strong>Su questo sito web (<a href=\"https:\/\/www.elementlogic.net\/it\/\">https:\/\/www.elementlogic.net\/it\/<\/a>), utilizziamo il servizio Clarity fornito da Microsoft. Clarity \u00e8 uno strumento di analisi del comportamento che ci aiuta a capire come gli utenti interagiscono con il nostro sito web. Il servizio elabora i dati di sessione e le informazioni su come la pagina viene resa, e le interazioni degli utenti come i movimenti del mouse, i clic e gli scorrimenti.<\/p>\n\n\n\n<p>Si prega di notare che, quando dai il tuo consenso, Microsoft raccoglie o riceve dati personali da te per fornire Microsoft Advertising. Puoi trovare maggiori informazioni nelle Dichiarazioni sulla privacy di Microsoft:\u00a0<a href=\"https:\/\/www.microsoft.com\/en-us\/privacy\/privacystatement\">https:\/\/privacy.microsoft.com\/en-us\/privacystatement<\/a>.<\/p>\n\n\n\n<p><strong>GOOGLE ADWORDS<br><\/strong>Su questo sito web (<a href=\"https:\/\/www.elementlogic.net\/it\/\">https:\/\/www.elementlogic.net\/it\/<\/a>) utilizziamo il servizio Google AdWords. Utilizziamo il servizio per eseguire pubblicit\u00e0 mirata verso i servizi di Google e siti web di terze parti.<\/p>\n\n\n\n<p>Puoi trovare maggiori informazioni su come Google utilizza le informazioni qui:&nbsp;<a href=\"https:\/\/policies.google.com\/technologies\/partner-sites\">https:\/\/policies.google.com\/technologies\/partner-sites<\/a>.<\/p>\n\n\n\n<p><strong>FACEBOOK-PIXEL<br><\/strong>Su questo sito web (<a href=\"https:\/\/www.elementlogic.net\/it\/\">https:\/\/www.elementlogic.net\/it\/<\/a>) abbiamo integrato il servizio Facebook-pixel. Un pixel di Facebook \u00e8 un plug-in che risiede sul nostro sito web e raccoglie informazioni per Meta. Il pixel raccoglie informazioni dai cookie nel tuo browser e le invia a Facebook dove le informazioni vengono combinate con i dati del tuo profilo Facebook. Le informazioni raccolte possono essere relative al tuo comportamento di utente (dati demografici come et\u00e0, genere, interessi) o azioni che esegui come cliccare su link. Le informazioni sono disponibili solo a livello anonimizzato e aggregato. Le informazioni vengono utilizzate per scopi analitici, pubblicit\u00e0 mirata basata sul tuo comportamento di utente (remarketing), e per identificare gruppi di destinazione per la pubblicit\u00e0 che hanno un profilo simile al tuo e quindi una potenziale opportunit\u00e0 di avere un modello di azione o bisogno simile.<\/p>\n\n\n\n<p><strong>LINKEDIN INSIGHTS<br><\/strong>Su questo sito web (<a href=\"https:\/\/www.elementlogic.net\/it\/\">https:\/\/www.elementlogic.net\/it\/<\/a>) abbiamo integrato il servizio LinkedIn Insight. Il Tag LinkedIn Insight permette a Element Logic di raccogliere dati sulle visite dei membri di LinkedIn al nostro sito web, inclusi URL, referrer, indirizzo IP, propriet\u00e0 del dispositivo e del browser (user agent), e timestamp. Le informazioni vengono utilizzate per inviare pubblicit\u00e0 mirata basata sui dati raccolti. Gli indirizzi IP sono troncati o sottoposti a hashing (quando utilizzati per raggiungere i membri su diversi dispositivi), e gli identificatori diretti dei membri vengono rimossi entro sette giorni per rendere i dati pseudonimizzati. Questi dati rimanenti, pseudonimizzati, vengono poi eliminati entro 180 giorni.<\/p>\n","protected":false},"excerpt":{"rendered":"<p>I cookie sono piccoli file di testo che vengono inseriti sul tuo computer dai siti web che visiti. Sono ampiamente [&hellip;]<\/p>\n","protected":false},"author":3,"featured_media":0,"parent":0,"menu_order":0,"comment_status":"closed","ping_status":"closed","template":"","meta":{"hreflang_relation":2673,"_el_cross_publish_source_blog_url":"","_el_cross_publish_source_blog_id":0,"_el_cross_publish_source_post_id":0,"_el_cross_publish_sync_state":"","exclude_from_search":false,"footnotes":""},"class_list":["post-42","page","type-page","status-publish","hentry"],"yoast_head":"<!-- This site is optimized with the Yoast SEO Premium plugin v23.9 (Yoast SEO v23.9) - https:\/\/yoast.com\/wordpress\/plugins\/seo\/ -->\n<title>Il nostro uso dei cookie | Element Logic Italy<\/title>\n<meta name=\"description\" content=\"Utilizzando questo strumento verr\u00e0 impostato un cookie sul vostro dispositivo per ricordare le vostre preferenze nel rispetto delle norme vigenti.\" \/>\n<meta name=\"robots\" content=\"index, follow, max-snippet:-1, max-image-preview:large, max-video-preview:-1\" \/>\n<link rel=\"canonical\" href=\"https:\/\/www.elementlogic.net\/it\/il-nostro-uso-dei-cookie\/\" \/>\n<meta property=\"og:locale\" content=\"it_IT\" \/>\n<meta property=\"og:type\" content=\"article\" \/>\n<meta property=\"og:title\" content=\"Il nostro uso dei cookie\" \/>\n<meta property=\"og:description\" content=\"Utilizzando questo strumento verr\u00e0 impostato un cookie sul vostro dispositivo per ricordare le vostre preferenze nel rispetto delle norme vigenti.\" \/>\n<meta property=\"og:url\" content=\"https:\/\/www.elementlogic.net\/it\/il-nostro-uso-dei-cookie\/\" \/>\n<meta property=\"og:site_name\" content=\"Element Logic Italy\" \/>\n<meta property=\"article:modified_time\" content=\"2025-12-01T15:52:11+00:00\" \/>\n<meta name=\"twitter:card\" content=\"summary_large_image\" \/>\n<meta name=\"twitter:label1\" content=\"Tempo di lettura stimato\" \/>\n\t<meta name=\"twitter:data1\" content=\"5 minuti\" \/>\n<script type=\"application\/ld+json\" class=\"yoast-schema-graph\">{\"@context\":\"https:\/\/schema.org\",\"@graph\":[{\"@type\":\"WebPage\",\"@id\":\"https:\/\/www.elementlogic.net\/it\/il-nostro-uso-dei-cookie\/\",\"url\":\"https:\/\/www.elementlogic.net\/it\/il-nostro-uso-dei-cookie\/\",\"name\":\"Il nostro uso dei cookie | Element Logic Italy\",\"isPartOf\":{\"@id\":\"https:\/\/www.elementlogic.net\/it\/#website\"},\"datePublished\":\"2024-09-14T10:41:27+00:00\",\"dateModified\":\"2025-12-01T15:52:11+00:00\",\"description\":\"Utilizzando questo strumento verr\u00e0 impostato un cookie sul vostro dispositivo per ricordare le vostre preferenze nel rispetto delle norme vigenti.\",\"inLanguage\":\"it-IT\",\"potentialAction\":[{\"@type\":\"ReadAction\",\"target\":[\"https:\/\/www.elementlogic.net\/it\/il-nostro-uso-dei-cookie\/\"]}]},{\"@type\":\"WebSite\",\"@id\":\"https:\/\/www.elementlogic.net\/it\/#website\",\"url\":\"https:\/\/www.elementlogic.net\/it\/\",\"name\":\"Element Logic Italia\",\"description\":\"Optimizing warehouse performance\",\"publisher\":{\"@id\":\"https:\/\/www.elementlogic.net\/it\/#organization\"},\"alternateName\":\"EL Italy\",\"potentialAction\":[{\"@type\":\"SearchAction\",\"target\":{\"@type\":\"EntryPoint\",\"urlTemplate\":\"https:\/\/www.elementlogic.net\/it\/?s={search_term_string}\"},\"query-input\":{\"@type\":\"PropertyValueSpecification\",\"valueRequired\":true,\"valueName\":\"search_term_string\"}}],\"inLanguage\":\"it-IT\"},{\"@type\":\"Organization\",\"@id\":\"https:\/\/www.elementlogic.net\/it\/#organization\",\"name\":\"Element Logic\",\"alternateName\":\"EL\",\"url\":\"https:\/\/www.elementlogic.net\/it\/\",\"logo\":{\"@type\":\"ImageObject\",\"inLanguage\":\"it-IT\",\"@id\":\"https:\/\/www.elementlogic.net\/it\/#\/schema\/logo\/image\/\",\"url\":\"https:\/\/www.elementlogic.net\/content\/uploads\/sites\/21\/\/2024\/09\/logo.png\",\"contentUrl\":\"https:\/\/www.elementlogic.net\/content\/uploads\/sites\/21\/\/2024\/09\/logo.png\",\"width\":888,\"height\":298,\"caption\":\"Element Logic\"},\"image\":{\"@id\":\"https:\/\/www.elementlogic.net\/it\/#\/schema\/logo\/image\/\"},\"sameAs\":[\"https:\/\/www.linkedin.com\/company\/element-logic\"],\"description\":\"Azienda tecnologica che ottimizza le prestazioni dei magazzini dei propri clienti con soluzioni automatizzate. Da AutoStore a software integrati, le soluzioni per l'automazione di magazzino conferiscono un vantaggio competitivo.\",\"telephone\":\"342 369 6219\",\"legalName\":\"Element Logic\"}]}<\/script>\n<!-- \/ Yoast SEO Premium plugin. -->","yoast_head_json":{"title":"Il nostro uso dei cookie | Element Logic Italy","description":"Utilizzando questo strumento verr\u00e0 impostato un cookie sul vostro dispositivo per ricordare le vostre preferenze nel rispetto delle norme vigenti.","robots":{"index":"index","follow":"follow","max-snippet":"max-snippet:-1","max-image-preview":"max-image-preview:large","max-video-preview":"max-video-preview:-1"},"canonical":"https:\/\/www.elementlogic.net\/it\/il-nostro-uso-dei-cookie\/","og_locale":"it_IT","og_type":"article","og_title":"Il nostro uso dei cookie","og_description":"Utilizzando questo strumento verr\u00e0 impostato un cookie sul vostro dispositivo per ricordare le vostre preferenze nel rispetto delle norme vigenti.","og_url":"https:\/\/www.elementlogic.net\/it\/il-nostro-uso-dei-cookie\/","og_site_name":"Element Logic Italy","article_modified_time":"2025-12-01T15:52:11+00:00","twitter_card":"summary_large_image","twitter_misc":{"Tempo di lettura stimato":"5 minuti"},"schema":{"@context":"https:\/\/schema.org","@graph":[{"@type":"WebPage","@id":"https:\/\/www.elementlogic.net\/it\/il-nostro-uso-dei-cookie\/","url":"https:\/\/www.elementlogic.net\/it\/il-nostro-uso-dei-cookie\/","name":"Il nostro uso dei cookie | Element Logic Italy","isPartOf":{"@id":"https:\/\/www.elementlogic.net\/it\/#website"},"datePublished":"2024-09-14T10:41:27+00:00","dateModified":"2025-12-01T15:52:11+00:00","description":"Utilizzando questo strumento verr\u00e0 impostato un cookie sul vostro dispositivo per ricordare le vostre preferenze nel rispetto delle norme vigenti.","inLanguage":"it-IT","potentialAction":[{"@type":"ReadAction","target":["https:\/\/www.elementlogic.net\/it\/il-nostro-uso-dei-cookie\/"]}]},{"@type":"WebSite","@id":"https:\/\/www.elementlogic.net\/it\/#website","url":"https:\/\/www.elementlogic.net\/it\/","name":"Element Logic Italia","description":"Optimizing warehouse performance","publisher":{"@id":"https:\/\/www.elementlogic.net\/it\/#organization"},"alternateName":"EL Italy","potentialAction":[{"@type":"SearchAction","target":{"@type":"EntryPoint","urlTemplate":"https:\/\/www.elementlogic.net\/it\/?s={search_term_string}"},"query-input":{"@type":"PropertyValueSpecification","valueRequired":true,"valueName":"search_term_string"}}],"inLanguage":"it-IT"},{"@type":"Organization","@id":"https:\/\/www.elementlogic.net\/it\/#organization","name":"Element Logic","alternateName":"EL","url":"https:\/\/www.elementlogic.net\/it\/","logo":{"@type":"ImageObject","inLanguage":"it-IT","@id":"https:\/\/www.elementlogic.net\/it\/#\/schema\/logo\/image\/","url":"https:\/\/www.elementlogic.net\/content\/uploads\/sites\/21\/\/2024\/09\/logo.png","contentUrl":"https:\/\/www.elementlogic.net\/content\/uploads\/sites\/21\/\/2024\/09\/logo.png","width":888,"height":298,"caption":"Element Logic"},"image":{"@id":"https:\/\/www.elementlogic.net\/it\/#\/schema\/logo\/image\/"},"sameAs":["https:\/\/www.linkedin.com\/company\/element-logic"],"description":"Azienda tecnologica che ottimizza le prestazioni dei magazzini dei propri clienti con soluzioni automatizzate. Da AutoStore a software integrati, le soluzioni per l'automazione di magazzino conferiscono un vantaggio competitivo.","telephone":"342 369 6219","legalName":"Element Logic"}]}},"_links":{"self":[{"href":"https:\/\/www.elementlogic.net\/it\/wp-json\/wp\/v2\/pages\/42"}],"collection":[{"href":"https:\/\/www.elementlogic.net\/it\/wp-json\/wp\/v2\/pages"}],"about":[{"href":"https:\/\/www.elementlogic.net\/it\/wp-json\/wp\/v2\/types\/page"}],"author":[{"embeddable":true,"href":"https:\/\/www.elementlogic.net\/it\/wp-json\/wp\/v2\/users\/3"}],"replies":[{"embeddable":true,"href":"https:\/\/www.elementlogic.net\/it\/wp-json\/wp\/v2\/comments?post=42"}],"version-history":[{"count":5,"href":"https:\/\/www.elementlogic.net\/it\/wp-json\/wp\/v2\/pages\/42\/revisions"}],"predecessor-version":[{"id":3499,"href":"https:\/\/www.elementlogic.net\/it\/wp-json\/wp\/v2\/pages\/42\/revisions\/3499"}],"wp:attachment":[{"href":"https:\/\/www.elementlogic.net\/it\/wp-json\/wp\/v2\/media?parent=42"}],"curies":[{"name":"wp","href":"https:\/\/api.w.org\/{rel}","templated":true}]}}