{"id":426,"date":"2024-08-22T20:00:56","date_gmt":"2024-08-22T18:00:56","guid":{"rendered":"https:\/\/www.elementlogic.net\/?page_id=291"},"modified":"2026-03-30T10:35:26","modified_gmt":"2026-03-30T08:35:26","slug":"carriera","status":"publish","type":"page","link":"https:\/\/www.elementlogic.net\/it\/chi-siamo\/carriera\/","title":{"rendered":"Carriera"},"content":{"rendered":"\n\t\t<div style=\"--dekode-hero-dim:0.5; --t2-icon-fill:var(--wp--preset--color--white); min-height:500px;\" class=\"alignfull dekode-hero-content-position-center has-media-background wp-elements-649b626ebb031fc909c903d52462873d wp-block-dekode-hero has-text-color has-white-color\">\n\t\t\t<img loading=\"lazy\" decoding=\"async\" width=\"1024\" height=\"429\" src=\"https:\/\/www.elementlogic.net\/content\/uploads\/sites\/21\/\/2024\/09\/Wallpaper-8-scaled-1024x429.jpg\" class=\"dekode-hero__image\" alt=\"\" style=\"--focalpoint: 52% 37%;\" srcset=\"https:\/\/www.elementlogic.net\/content\/uploads\/sites\/21\/2024\/09\/Wallpaper-8-scaled-1024x429.jpg 1024w, https:\/\/www.elementlogic.net\/content\/uploads\/sites\/21\/2024\/09\/Wallpaper-8-scaled-300x126.jpg 300w, https:\/\/www.elementlogic.net\/content\/uploads\/sites\/21\/2024\/09\/Wallpaper-8-scaled-768x322.jpg 768w, https:\/\/www.elementlogic.net\/content\/uploads\/sites\/21\/2024\/09\/Wallpaper-8-scaled-1536x643.jpg 1536w, https:\/\/www.elementlogic.net\/content\/uploads\/sites\/21\/2024\/09\/Wallpaper-8-scaled-2048x858.jpg 2048w\" sizes=\"(max-width: 1024px) 100vw, 1024px\" \/>\n\t\t\t<div class=\"dekode-hero__content\">\n\t\t\t\t<div class=\"dekode-hero__container\">\n\t\t\t\t\t\n\n<h1 class=\"wp-block-heading has-text-align-center\" id=\"la-passione-crea-in-risultati\">La passione crea in risultati<\/h1>\n\n\n\n<p class=\"has-text-align-center\">Passione. Impegno. Affidabilit\u00e0. Tre parole che riassumono l&#8217;identit\u00e0 di Element Logic.<\/p>\n\n\n\n<div class=\"wp-block-buttons is-content-justification-left is-layout-flex wp-container-core-buttons-is-layout-1 wp-block-buttons-is-layout-flex\">\n<div class=\"wp-block-button has-icon has-icon-theme_arrow\"><a class=\"wp-block-button__link wp-element-button\" href=\"https:\/\/careers.elementlogic.net\/\">Vedi le posizioni aperte e fai domanda ora<svg xmlns=\"http:\/\/www.w3.org\/2000\/svg\" viewBox=\"0 0 24 24\" height=\"24\" width=\"24\" class=\"t2-icon t2-icon-theme_arrow\" aria-hidden=\"true\" focusable=\"false\"><path d=\"M16.627 12.75H5.25C5.03717 12.75 4.859 12.6782 4.7155 12.5345C4.57183 12.391 4.5 12.2128 4.5 12C4.5 11.7872 4.57183 11.609 4.7155 11.4655C4.859 11.3218 5.03717 11.25 5.25 11.25H16.627L11.4577 6.08076C11.3091 5.93209 11.2357 5.75809 11.2375 5.55876C11.2395 5.35942 11.318 5.18217 11.473 5.02701C11.6282 4.88217 11.8038 4.80717 12 4.80201C12.1962 4.79684 12.3718 4.87184 12.527 5.02701L18.8673 11.3673C18.9609 11.4609 19.0269 11.5597 19.0652 11.6635C19.1037 11.7673 19.123 11.8795 19.123 12C19.123 12.1205 19.1037 12.2327 19.0652 12.3365C19.0269 12.4403 18.9609 12.5391 18.8673 12.6328L12.527 18.973C12.3885 19.1115 12.217 19.1823 12.0125 19.1855C11.808 19.1887 11.6282 19.1178 11.473 18.973C11.318 18.8178 11.2405 18.6397 11.2405 18.4385C11.2405 18.2372 11.318 18.0589 11.473 17.9038L16.627 12.75Z\" fill=\"var(--t2-icon-fill, #000)\"\/><\/svg><\/a><\/div>\n<\/div>\n\n\n\t\t\t\t<\/div>\n\t\t\t<\/div>\n\t\t<\/div>\n\t\t\n\n\n<p><strong><strong>Essendo un\u2019azienda vivace, fortemente impegnata, internazionale e con grandi ambizioni, noi puntiamo in alto, non solo per i nostri clienti ma anche per i nostri dipendenti.\u00a0<\/strong><\/strong><\/p>\n\n\n\n<p>In Element Logic, la cultura \u00e8 uno dei fattori pi\u00f9 importanti. Il divertimento sul lavoro e il motto \u201cUna squadra, un sogno\u201d sono principi che non abbiamo solo sulla carta, ma che viviamo ogni giorno.<\/p>\n\n\n\n<p>Element Logic \u00e8 presente in tutto il mondo. La nostra storia di azienda scandinava si riflette nei nostri valori aziendali e nella nostra struttura organizzativa. Anche se la tecnologia fa parte della nostra vita quotidiana, il nostro bene pi\u00f9 prezioso \u00e8 rappresentato dalle persone. Non \u00e8 una cultura basata sulla gerarchia, ma piuttosto sulla creazione di un ambiente rispettoso, umile e aperto. Valorizziamo un sano equilibrio tra lavoro e vita privata e incoraggiamo attivamente i nostri dipendenti a trascorrere del tempo in modo attivo ogni giorno.<\/p>\n\n\n\n<p>Siamo estremamente orgogliosi di essere stati certificati dai nostri dipendenti e da Great Place to Work. Great Place to Work \u00e8 un sondaggio mondiale che misura la soddisfazione dei dipendenti. Credibilit\u00e0, rispetto, equit\u00e0, orgoglio e comunit\u00e0 sono le cinque dimensioni che vengono misurate, e questo d\u00e0 importanti indicazioni su come riusciamo come azienda a prenderci cura dei nostri dipendenti e della nostra cultura.<\/p>\n\n\n<div class=\"wp-block-image-wrapper\">\n<figure class=\"wp-block-image alignleft size-full is-resized\"><img loading=\"lazy\" decoding=\"async\" width=\"350\" height=\"500\" src=\"https:\/\/www.elementlogic.net\/content\/uploads\/sites\/21\/\/2024\/09\/GPTW-1.png\" alt=\"Great Place to Work certificate badge\" class=\"wp-image-719\" style=\"width:125px;height:auto\" srcset=\"https:\/\/www.elementlogic.net\/content\/uploads\/sites\/21\/2024\/09\/GPTW-1.png 350w, https:\/\/www.elementlogic.net\/content\/uploads\/sites\/21\/2024\/09\/GPTW-1-210x300.png 210w\" sizes=\"(max-width: 350px) 100vw, 350px\" \/><\/figure>\n<\/div>\n\n\n<h4 class=\"wp-block-heading\" id=\"great-place-to-work\">GREAT PLACE TO WORK<\/h4>\n\n\n\n<p>Come dipendente di Element Logic, farai parte di un ambiente internazionale e vivace, con molto spazio per interessanti opportunit\u00e0 di carriera. La nostra piattaforma di sviluppo professionale Element Academy assicura che tutti i dipendenti di Element Logic abbiano accesso a una formazione standardizzata sui nostri prodotti, processi e strumenti utilizzati.<\/p>\n\n\n\n<figure class=\"wp-block-embed alignwide is-type-video is-provider-youtube wp-block-embed-youtube wp-embed-aspect-16-9 wp-has-aspect-ratio\"><div class=\"wp-block-embed__wrapper\">\n<iframe loading=\"lazy\" title=\"We are Element Logic | World`s first AutoStore partner | EN\" width=\"500\" height=\"281\" src=\"https:\/\/www.youtube.com\/embed\/1ivTfVEOKc0?feature=oembed\" frameborder=\"0\" allow=\"accelerometer; autoplay; clipboard-write; encrypted-media; gyroscope; picture-in-picture; web-share\" referrerpolicy=\"strict-origin-when-cross-origin\" allowfullscreen><\/iframe>\n<\/div><\/figure>\n\n\n\n\t\t<blockquote class=\"wp-block-dekode-quote\">\n\t\t\t<div class=\"wp-block-dekode-quote__icon\">\n\t\t\t\t<svg xmlns=\"http:\/\/www.w3.org\/2000\/svg\" viewBox=\"0 0 24 24\" height=\"96\" width=\"96\" class=\"t2-icon t2-icon-theme_quote\" aria-hidden=\"true\" focusable=\"false\"><path d=\"M6.7808 16.5288L8.49055 13.5673C8.43289 13.5993 8.36555 13.6217 8.28855 13.6345C8.21155 13.6473 8.13464 13.6538 8.0578 13.6538C7.04114 13.6538 6.17797 13.2958 5.4683 12.5798C4.7588 11.8638 4.40405 11.0038 4.40405 10C4.40405 8.98334 4.7588 8.12017 5.4683 7.4105C6.17797 6.701 7.04114 6.34625 8.0578 6.34625C9.06164 6.34625 9.92155 6.701 10.6376 7.4105C11.3536 8.12017 11.7116 8.98334 11.7116 10C11.7116 10.3513 11.669 10.6783 11.5838 10.9808C11.4985 11.2833 11.3737 11.5718 11.2096 11.8463L8.07305 17.2788C8.00905 17.3904 7.92122 17.4808 7.80955 17.55C7.69805 17.6192 7.57305 17.6538 7.43455 17.6538C7.14739 17.6538 6.93205 17.5288 6.78855 17.2788C6.64489 17.0288 6.6423 16.7788 6.7808 16.5288ZM15.6656 16.5288L17.3751 13.5673C17.3174 13.5993 17.2501 13.6217 17.1731 13.6345C17.0962 13.6473 17.0193 13.6538 16.9423 13.6538C15.9256 13.6538 15.0626 13.2958 14.3531 12.5798C13.6434 11.8638 13.2886 11.0038 13.2886 10C13.2886 8.977 13.6434 8.11225 14.3531 7.40575C15.0626 6.69942 15.9256 6.34625 16.9423 6.34625C17.9461 6.34625 18.8061 6.701 19.5221 7.4105C20.2381 8.12017 20.5961 8.98334 20.5961 10C20.5961 10.3513 20.5535 10.6783 20.4683 10.9808C20.383 11.2833 20.2583 11.5718 20.0943 11.8463L16.9578 17.2788C16.8936 17.3904 16.8058 17.4808 16.6943 17.55C16.5828 17.6192 16.4578 17.6538 16.3193 17.6538C16.0321 17.6538 15.8167 17.5288 15.6731 17.2788C15.5296 17.0288 15.5271 16.7788 15.6656 16.5288Z\" fill=\"var(--t2-icon-fill, #000)\"\/><\/svg>\n\t\t\t<\/div>\n\t\t\t<div class=\"wp-block-dekode-quote__text\">\n\t\t\t\t<p>Pensiamo sempre in termini di processo e riusciamo grazie a un grande lavoro di squadra.<\/p>\n<cite>Sanjin Vujanovic, Key Account Manager Element Logic Denmark<\/cite>\n\t\t\t<\/div>\n\t\t<\/blockquote>","protected":false},"excerpt":{"rendered":"<p>Essendo un\u2019azienda vivace, fortemente impegnata, internazionale e con grandi ambizioni, noi puntiamo in alto, non solo per i nostri clienti [&hellip;]<\/p>\n","protected":false},"author":5,"featured_media":0,"parent":3601,"menu_order":0,"comment_status":"closed","ping_status":"closed","template":"","meta":{"hreflang_relation":291,"_el_cross_publish_source_blog_url":"","_el_cross_publish_source_blog_id":0,"_el_cross_publish_source_post_id":0,"_el_cross_publish_sync_state":"","exclude_from_search":false,"footnotes":""},"class_list":["post-426","page","type-page","status-publish","hentry"],"yoast_head":"<!-- This site is optimized with the Yoast SEO Premium plugin v23.9 (Yoast SEO v23.9) - https:\/\/yoast.com\/wordpress\/plugins\/seo\/ -->\n<title>Lavora con noi | Element Logic Italy<\/title>\n<meta name=\"description\" content=\"Element Logic \u00e8 l&#039;ambiente ideale per chi fa dell&#039;innovazione un proprio valore. Esplora le opportunit\u00e0 lavorative e unisciti al nostro team.\" \/>\n<meta name=\"robots\" content=\"index, follow, max-snippet:-1, max-image-preview:large, max-video-preview:-1\" \/>\n<link rel=\"canonical\" href=\"https:\/\/www.elementlogic.net\/it\/chi-siamo\/carriera\/\" \/>\n<meta property=\"og:locale\" content=\"it_IT\" \/>\n<meta property=\"og:type\" content=\"article\" \/>\n<meta property=\"og:title\" content=\"Carriera\" \/>\n<meta property=\"og:description\" content=\"Element Logic \u00e8 l&#039;ambiente ideale per chi fa dell&#039;innovazione un proprio valore. Esplora le opportunit\u00e0 lavorative e unisciti al nostro team.\" \/>\n<meta property=\"og:url\" content=\"https:\/\/www.elementlogic.net\/it\/chi-siamo\/carriera\/\" \/>\n<meta property=\"og:site_name\" content=\"Element Logic Italy\" \/>\n<meta property=\"article:modified_time\" content=\"2026-03-30T08:35:26+00:00\" \/>\n<meta property=\"og:image\" content=\"https:\/\/www.elementlogic.net\/content\/uploads\/sites\/21\/\/2024\/09\/GPTW-1.png\" \/>\n<meta name=\"twitter:card\" content=\"summary_large_image\" \/>\n<meta name=\"twitter:label1\" content=\"Tempo di lettura stimato\" \/>\n\t<meta name=\"twitter:data1\" content=\"2 minuti\" \/>\n<script type=\"application\/ld+json\" class=\"yoast-schema-graph\">{\"@context\":\"https:\/\/schema.org\",\"@graph\":[{\"@type\":\"WebPage\",\"@id\":\"https:\/\/www.elementlogic.net\/it\/chi-siamo\/carriera\/\",\"url\":\"https:\/\/www.elementlogic.net\/it\/chi-siamo\/carriera\/\",\"name\":\"Lavora con noi | Element Logic Italy\",\"isPartOf\":{\"@id\":\"https:\/\/www.elementlogic.net\/it\/#website\"},\"primaryImageOfPage\":{\"@id\":\"https:\/\/www.elementlogic.net\/it\/chi-siamo\/carriera\/#primaryimage\"},\"image\":{\"@id\":\"https:\/\/www.elementlogic.net\/it\/chi-siamo\/carriera\/#primaryimage\"},\"thumbnailUrl\":\"https:\/\/www.elementlogic.net\/content\/uploads\/sites\/21\/\/2024\/09\/GPTW-1.png\",\"datePublished\":\"2024-08-22T18:00:56+00:00\",\"dateModified\":\"2026-03-30T08:35:26+00:00\",\"description\":\"Element Logic \u00e8 l'ambiente ideale per chi fa dell'innovazione un proprio valore. Esplora le opportunit\u00e0 lavorative e unisciti al nostro team.\",\"breadcrumb\":{\"@id\":\"https:\/\/www.elementlogic.net\/it\/chi-siamo\/carriera\/#breadcrumb\"},\"inLanguage\":\"it-IT\",\"potentialAction\":[{\"@type\":\"ReadAction\",\"target\":[\"https:\/\/www.elementlogic.net\/it\/chi-siamo\/carriera\/\"]}]},{\"@type\":\"ImageObject\",\"inLanguage\":\"it-IT\",\"@id\":\"https:\/\/www.elementlogic.net\/it\/chi-siamo\/carriera\/#primaryimage\",\"url\":\"https:\/\/www.elementlogic.net\/content\/uploads\/sites\/21\/\/2024\/09\/GPTW-1.png\",\"contentUrl\":\"https:\/\/www.elementlogic.net\/content\/uploads\/sites\/21\/\/2024\/09\/GPTW-1.png\"},{\"@type\":\"BreadcrumbList\",\"@id\":\"https:\/\/www.elementlogic.net\/it\/chi-siamo\/carriera\/#breadcrumb\",\"itemListElement\":[{\"@type\":\"ListItem\",\"position\":1,\"name\":\"Chi siamo\",\"item\":\"https:\/\/www.elementlogic.net\/it\/chi-siamo\/\"},{\"@type\":\"ListItem\",\"position\":2,\"name\":\"Carriera\"}]},{\"@type\":\"WebSite\",\"@id\":\"https:\/\/www.elementlogic.net\/it\/#website\",\"url\":\"https:\/\/www.elementlogic.net\/it\/\",\"name\":\"Element Logic Italia\",\"description\":\"Optimizing warehouse performance\",\"publisher\":{\"@id\":\"https:\/\/www.elementlogic.net\/it\/#organization\"},\"alternateName\":\"EL Italy\",\"potentialAction\":[{\"@type\":\"SearchAction\",\"target\":{\"@type\":\"EntryPoint\",\"urlTemplate\":\"https:\/\/www.elementlogic.net\/it\/?s={search_term_string}\"},\"query-input\":{\"@type\":\"PropertyValueSpecification\",\"valueRequired\":true,\"valueName\":\"search_term_string\"}}],\"inLanguage\":\"it-IT\"},{\"@type\":\"Organization\",\"@id\":\"https:\/\/www.elementlogic.net\/it\/#organization\",\"name\":\"Element Logic\",\"alternateName\":\"EL\",\"url\":\"https:\/\/www.elementlogic.net\/it\/\",\"logo\":{\"@type\":\"ImageObject\",\"inLanguage\":\"it-IT\",\"@id\":\"https:\/\/www.elementlogic.net\/it\/#\/schema\/logo\/image\/\",\"url\":\"https:\/\/www.elementlogic.net\/content\/uploads\/sites\/21\/\/2024\/09\/logo.png\",\"contentUrl\":\"https:\/\/www.elementlogic.net\/content\/uploads\/sites\/21\/\/2024\/09\/logo.png\",\"width\":888,\"height\":298,\"caption\":\"Element Logic\"},\"image\":{\"@id\":\"https:\/\/www.elementlogic.net\/it\/#\/schema\/logo\/image\/\"},\"sameAs\":[\"https:\/\/www.linkedin.com\/company\/element-logic\"],\"description\":\"Azienda tecnologica che ottimizza le prestazioni dei magazzini dei propri clienti con soluzioni automatizzate. Da AutoStore a software integrati, le soluzioni per l'automazione di magazzino conferiscono un vantaggio competitivo.\",\"telephone\":\"342 369 6219\",\"legalName\":\"Element Logic\"}]}<\/script>\n<!-- \/ Yoast SEO Premium plugin. -->","yoast_head_json":{"title":"Lavora con noi | Element Logic Italy","description":"Element Logic \u00e8 l'ambiente ideale per chi fa dell'innovazione un proprio valore. Esplora le opportunit\u00e0 lavorative e unisciti al nostro team.","robots":{"index":"index","follow":"follow","max-snippet":"max-snippet:-1","max-image-preview":"max-image-preview:large","max-video-preview":"max-video-preview:-1"},"canonical":"https:\/\/www.elementlogic.net\/it\/chi-siamo\/carriera\/","og_locale":"it_IT","og_type":"article","og_title":"Carriera","og_description":"Element Logic \u00e8 l'ambiente ideale per chi fa dell'innovazione un proprio valore. Esplora le opportunit\u00e0 lavorative e unisciti al nostro team.","og_url":"https:\/\/www.elementlogic.net\/it\/chi-siamo\/carriera\/","og_site_name":"Element Logic Italy","article_modified_time":"2026-03-30T08:35:26+00:00","og_image":[{"url":"https:\/\/www.elementlogic.net\/content\/uploads\/sites\/21\/\/2024\/09\/GPTW-1.png"}],"twitter_card":"summary_large_image","twitter_misc":{"Tempo di lettura stimato":"2 minuti"},"schema":{"@context":"https:\/\/schema.org","@graph":[{"@type":"WebPage","@id":"https:\/\/www.elementlogic.net\/it\/chi-siamo\/carriera\/","url":"https:\/\/www.elementlogic.net\/it\/chi-siamo\/carriera\/","name":"Lavora con noi | Element Logic Italy","isPartOf":{"@id":"https:\/\/www.elementlogic.net\/it\/#website"},"primaryImageOfPage":{"@id":"https:\/\/www.elementlogic.net\/it\/chi-siamo\/carriera\/#primaryimage"},"image":{"@id":"https:\/\/www.elementlogic.net\/it\/chi-siamo\/carriera\/#primaryimage"},"thumbnailUrl":"https:\/\/www.elementlogic.net\/content\/uploads\/sites\/21\/\/2024\/09\/GPTW-1.png","datePublished":"2024-08-22T18:00:56+00:00","dateModified":"2026-03-30T08:35:26+00:00","description":"Element Logic \u00e8 l'ambiente ideale per chi fa dell'innovazione un proprio valore. Esplora le opportunit\u00e0 lavorative e unisciti al nostro team.","breadcrumb":{"@id":"https:\/\/www.elementlogic.net\/it\/chi-siamo\/carriera\/#breadcrumb"},"inLanguage":"it-IT","potentialAction":[{"@type":"ReadAction","target":["https:\/\/www.elementlogic.net\/it\/chi-siamo\/carriera\/"]}]},{"@type":"ImageObject","inLanguage":"it-IT","@id":"https:\/\/www.elementlogic.net\/it\/chi-siamo\/carriera\/#primaryimage","url":"https:\/\/www.elementlogic.net\/content\/uploads\/sites\/21\/\/2024\/09\/GPTW-1.png","contentUrl":"https:\/\/www.elementlogic.net\/content\/uploads\/sites\/21\/\/2024\/09\/GPTW-1.png"},{"@type":"BreadcrumbList","@id":"https:\/\/www.elementlogic.net\/it\/chi-siamo\/carriera\/#breadcrumb","itemListElement":[{"@type":"ListItem","position":1,"name":"Chi siamo","item":"https:\/\/www.elementlogic.net\/it\/chi-siamo\/"},{"@type":"ListItem","position":2,"name":"Carriera"}]},{"@type":"WebSite","@id":"https:\/\/www.elementlogic.net\/it\/#website","url":"https:\/\/www.elementlogic.net\/it\/","name":"Element Logic Italia","description":"Optimizing warehouse performance","publisher":{"@id":"https:\/\/www.elementlogic.net\/it\/#organization"},"alternateName":"EL Italy","potentialAction":[{"@type":"SearchAction","target":{"@type":"EntryPoint","urlTemplate":"https:\/\/www.elementlogic.net\/it\/?s={search_term_string}"},"query-input":{"@type":"PropertyValueSpecification","valueRequired":true,"valueName":"search_term_string"}}],"inLanguage":"it-IT"},{"@type":"Organization","@id":"https:\/\/www.elementlogic.net\/it\/#organization","name":"Element Logic","alternateName":"EL","url":"https:\/\/www.elementlogic.net\/it\/","logo":{"@type":"ImageObject","inLanguage":"it-IT","@id":"https:\/\/www.elementlogic.net\/it\/#\/schema\/logo\/image\/","url":"https:\/\/www.elementlogic.net\/content\/uploads\/sites\/21\/\/2024\/09\/logo.png","contentUrl":"https:\/\/www.elementlogic.net\/content\/uploads\/sites\/21\/\/2024\/09\/logo.png","width":888,"height":298,"caption":"Element Logic"},"image":{"@id":"https:\/\/www.elementlogic.net\/it\/#\/schema\/logo\/image\/"},"sameAs":["https:\/\/www.linkedin.com\/company\/element-logic"],"description":"Azienda tecnologica che ottimizza le prestazioni dei magazzini dei propri clienti con soluzioni automatizzate. Da AutoStore a software integrati, le soluzioni per l'automazione di magazzino conferiscono un vantaggio competitivo.","telephone":"342 369 6219","legalName":"Element Logic"}]}},"_links":{"self":[{"href":"https:\/\/www.elementlogic.net\/it\/wp-json\/wp\/v2\/pages\/426"}],"collection":[{"href":"https:\/\/www.elementlogic.net\/it\/wp-json\/wp\/v2\/pages"}],"about":[{"href":"https:\/\/www.elementlogic.net\/it\/wp-json\/wp\/v2\/types\/page"}],"author":[{"embeddable":true,"href":"https:\/\/www.elementlogic.net\/it\/wp-json\/wp\/v2\/users\/5"}],"replies":[{"embeddable":true,"href":"https:\/\/www.elementlogic.net\/it\/wp-json\/wp\/v2\/comments?post=426"}],"version-history":[{"count":5,"href":"https:\/\/www.elementlogic.net\/it\/wp-json\/wp\/v2\/pages\/426\/revisions"}],"predecessor-version":[{"id":2580,"href":"https:\/\/www.elementlogic.net\/it\/wp-json\/wp\/v2\/pages\/426\/revisions\/2580"}],"up":[{"embeddable":true,"href":"https:\/\/www.elementlogic.net\/it\/wp-json\/wp\/v2\/pages\/3601"}],"wp:attachment":[{"href":"https:\/\/www.elementlogic.net\/it\/wp-json\/wp\/v2\/media?parent=426"}],"curies":[{"name":"wp","href":"https:\/\/api.w.org\/{rel}","templated":true}]}}