{"id":1754,"date":"2025-01-21T17:02:21","date_gmt":"2025-01-21T17:02:21","guid":{"rendered":"https:\/\/www.elementlogic.net\/mx\/?page_id=1754"},"modified":"2025-01-21T17:02:22","modified_gmt":"2025-01-21T17:02:22","slug":"e-book-el-futuro-del-micro-fulfillment-y-la-automatizacion","status":"publish","type":"page","link":"https:\/\/www.elementlogic.net\/mx\/e-book-el-futuro-del-micro-fulfillment-y-la-automatizacion\/","title":{"rendered":"e-book \u2013 El Futuro del Micro Fulfillment y la automatizaci\u00f3n"},"content":{"rendered":"\n<div class=\"wp-block-group alignwide is-layout-grid wp-container-core-group-is-layout-3 wp-block-group-is-layout-grid\">\n<div class=\"wp-block-group has-global-padding is-layout-constrained wp-block-group-is-layout-constrained\">\n<figure class=\"wp-block-image size-full is-resized\"><img loading=\"lazy\" decoding=\"async\" width=\"603\" height=\"855\" src=\"https:\/\/www.elementlogic.net\/content\/uploads\/sites\/25\/2025\/01\/mfc-ebook-espanol-.jpg\" alt=\"\" class=\"wp-image-2250\" style=\"width:547px;height:auto\" srcset=\"https:\/\/www.elementlogic.net\/content\/uploads\/sites\/25\/2025\/01\/mfc-ebook-espanol-.jpg 603w, https:\/\/www.elementlogic.net\/content\/uploads\/sites\/25\/2025\/01\/mfc-ebook-espanol--212x300.jpg 212w\" sizes=\"(max-width: 603px) 100vw, 603px\" \/><figcaption class=\"wp-element-caption\"><br><br>Explora el impacto transformador del micro<br>fulfillment y la automatizaci\u00f3n en el futuro de industrias clave, como el<br>eGrocery, productos farmac\u00e9uticos y tiendas de repuestos.<br><br><\/figcaption><\/figure>\n<\/div>\n\n\n\n<div class=\"wp-block-group wp-container-content-1 has-global-padding is-layout-constrained wp-container-core-group-is-layout-2 wp-block-group-is-layout-constrained\">\n<div class=\"wp-block-leadin-hubspot-form-block\">\n\t\t\t\t\t\t<script>\n\t\t\t\t\t\t\twindow.hsFormsOnReady = window.hsFormsOnReady || [];\n\t\t\t\t\t\t\twindow.hsFormsOnReady.push(()=>{\n\t\t\t\t\t\t\t\thbspt.forms.create({\n\t\t\t\t\t\t\t\t\tportalId: 6196497,\n\t\t\t\t\t\t\t\t\tformId: \"994e32c1-9828-43a8-8db3-571657b9e2c6\",\n\t\t\t\t\t\t\t\t\ttarget: \"#hbspt-form-1776315178000-9200058768\",\n\t\t\t\t\t\t\t\t\tregion: \"na1\",\n\t\t\t\t\t\t\t\t\t\n\t\t\t\t\t\t\t})});\n\t\t\t\t\t\t<\/script>\n\t\t\t\t\t\t<div class=\"hbspt-form\" id=\"hbspt-form-1776315178000-9200058768\"><\/div><\/div>\n<\/div>\n<\/div>\n\n\n\n<h2 class=\"wp-block-heading\" id=\"h-al-leer-este-e-book-aprenderas-entre-otras-cosas\">Al leer este e-book, aprender\u00e1s entre otras cosas:<\/h2>\n\n\n\n<ul class=\"wp-block-list\">\n<li><strong>Analizar el panorama actual:<\/strong> Examinaremos c\u00f3mo se est\u00e1n utilizando actualmente los centros de micro fulfillment en eGrocery, productos farmac\u00e9uticos y tiendas de repuestos, destacando las eficiencias operativas y las mejoras en el servicio al cliente que brindan.<\/li>\n\n\n\n<li><strong>Explorar el rol de la automatizaci\u00f3n:<\/strong> Profundizaremos en las diversas tecnolog\u00edas de automatizaci\u00f3n que son clave para el \u00e9xito de los MFCs, como la rob\u00f3tica, la gesti\u00f3n de inventarios impulsada por IA y los sistemas de almacenamiento automatizados, y c\u00f3mo estas innovaciones est\u00e1n dando forma al futuro del cumplimiento.<\/li>\n\n\n\n<li><strong>Evaluar los beneficios:<\/strong> Identificaremos los principales beneficios del micro fulfillment y la automatizaci\u00f3n, incluyendo la reducci\u00f3n de tiempos de entrega, mayor precisi\u00f3n en los pedidos, mejor gesti\u00f3n de inventarios, menores costos operativos y mayor satisfacci\u00f3n del cliente.<\/li>\n\n\n\n<li><strong>Pronosticar las tendencias futuras:<\/strong> Ofreceremos informaci\u00f3n sobre c\u00f3mo el micro fulfillment y la automatizaci\u00f3n seguir\u00e1n evolucionando e impactando estos sectores, brindando un vistazo al futuro de la gesti\u00f3n de la cadena de suministro.<\/li>\n\n\n\n<li><strong>Proporcionar recomendaciones estrat\u00e9gicas:<\/strong> Presentaremos recomendaciones pr\u00e1cticas para las empresas que deseen implementar u optimizar estrategias de micro fulfillment y automatizaci\u00f3n, asegur\u00e1ndose de que est\u00e9n bien posicionadas para enfrentar los desaf\u00edos y oportunidades futuras.<\/li>\n<\/ul>\n","protected":false},"excerpt":{"rendered":"<p>Al leer este e-book, aprender\u00e1s entre otras cosas:<\/p>\n","protected":false},"author":47,"featured_media":2250,"parent":0,"menu_order":0,"comment_status":"closed","ping_status":"closed","template":"","meta":{"hreflang_relation":0,"_el_cross_publish_source_blog_url":"","_el_cross_publish_source_blog_id":0,"_el_cross_publish_source_post_id":0,"_el_cross_publish_sync_state":"","exclude_from_search":false,"content-type":"","footnotes":""},"class_list":["post-1754","page","type-page","status-publish","has-post-thumbnail","hentry"],"yoast_head":"<!-- This site is optimized with the Yoast SEO Premium plugin v23.9 (Yoast SEO v23.9) - https:\/\/yoast.com\/wordpress\/plugins\/seo\/ -->\n<title>e-book \u2013 El Futuro del Micro Fulfillment y la automatizaci\u00f3n - Element Logic Mexico<\/title>\n<meta name=\"robots\" content=\"index, follow, max-snippet:-1, max-image-preview:large, max-video-preview:-1\" \/>\n<link rel=\"canonical\" href=\"https:\/\/www.elementlogic.net\/mx\/e-book-el-futuro-del-micro-fulfillment-y-la-automatizacion\/\" \/>\n<meta property=\"og:locale\" content=\"es_MX\" \/>\n<meta property=\"og:type\" content=\"article\" \/>\n<meta property=\"og:title\" content=\"e-book \u2013 El Futuro del Micro Fulfillment y la automatizaci\u00f3n\" \/>\n<meta property=\"og:description\" content=\"Al leer este e-book, aprender\u00e1s entre otras cosas:\" \/>\n<meta property=\"og:url\" content=\"https:\/\/www.elementlogic.net\/mx\/e-book-el-futuro-del-micro-fulfillment-y-la-automatizacion\/\" \/>\n<meta property=\"og:site_name\" content=\"Element Logic Mexico\" \/>\n<meta property=\"article:modified_time\" content=\"2025-01-21T17:02:22+00:00\" \/>\n<meta property=\"og:image\" content=\"https:\/\/www.elementlogic.net\/content\/uploads\/sites\/25\/2025\/01\/mfc-ebook-espanol-.jpg\" \/>\n\t<meta property=\"og:image:width\" content=\"603\" \/>\n\t<meta property=\"og:image:height\" content=\"855\" \/>\n\t<meta property=\"og:image:type\" content=\"image\/jpeg\" \/>\n<meta name=\"twitter:card\" content=\"summary_large_image\" \/>\n<meta name=\"twitter:label1\" content=\"Tiempo de lectura\" \/>\n\t<meta name=\"twitter:data1\" content=\"2 minutos\" \/>\n<script type=\"application\/ld+json\" class=\"yoast-schema-graph\">{\"@context\":\"https:\/\/schema.org\",\"@graph\":[{\"@type\":\"WebPage\",\"@id\":\"https:\/\/www.elementlogic.net\/mx\/e-book-el-futuro-del-micro-fulfillment-y-la-automatizacion\/\",\"url\":\"https:\/\/www.elementlogic.net\/mx\/e-book-el-futuro-del-micro-fulfillment-y-la-automatizacion\/\",\"name\":\"e-book \u2013 El Futuro del Micro Fulfillment y la automatizaci\u00f3n - Element Logic Mexico\",\"isPartOf\":{\"@id\":\"https:\/\/www.elementlogic.net\/mx\/#website\"},\"primaryImageOfPage\":{\"@id\":\"https:\/\/www.elementlogic.net\/mx\/e-book-el-futuro-del-micro-fulfillment-y-la-automatizacion\/#primaryimage\"},\"image\":{\"@id\":\"https:\/\/www.elementlogic.net\/mx\/e-book-el-futuro-del-micro-fulfillment-y-la-automatizacion\/#primaryimage\"},\"thumbnailUrl\":\"https:\/\/www.elementlogic.net\/content\/uploads\/sites\/25\/2025\/01\/mfc-ebook-espanol-.jpg\",\"datePublished\":\"2025-01-21T17:02:21+00:00\",\"dateModified\":\"2025-01-21T17:02:22+00:00\",\"inLanguage\":\"es\",\"potentialAction\":[{\"@type\":\"ReadAction\",\"target\":[\"https:\/\/www.elementlogic.net\/mx\/e-book-el-futuro-del-micro-fulfillment-y-la-automatizacion\/\"]}]},{\"@type\":\"ImageObject\",\"inLanguage\":\"es\",\"@id\":\"https:\/\/www.elementlogic.net\/mx\/e-book-el-futuro-del-micro-fulfillment-y-la-automatizacion\/#primaryimage\",\"url\":\"https:\/\/www.elementlogic.net\/content\/uploads\/sites\/25\/2025\/01\/mfc-ebook-espanol-.jpg\",\"contentUrl\":\"https:\/\/www.elementlogic.net\/content\/uploads\/sites\/25\/2025\/01\/mfc-ebook-espanol-.jpg\",\"width\":603,\"height\":855},{\"@type\":\"WebSite\",\"@id\":\"https:\/\/www.elementlogic.net\/mx\/#website\",\"url\":\"https:\/\/www.elementlogic.net\/mx\/\",\"name\":\"Element Logic Mexico\",\"description\":\"\",\"potentialAction\":[{\"@type\":\"SearchAction\",\"target\":{\"@type\":\"EntryPoint\",\"urlTemplate\":\"https:\/\/www.elementlogic.net\/mx\/?s={search_term_string}\"},\"query-input\":{\"@type\":\"PropertyValueSpecification\",\"valueRequired\":true,\"valueName\":\"search_term_string\"}}],\"inLanguage\":\"es\"}]}<\/script>\n<!-- \/ Yoast SEO Premium plugin. -->","yoast_head_json":{"title":"e-book \u2013 El Futuro del Micro Fulfillment y la automatizaci\u00f3n - Element Logic Mexico","robots":{"index":"index","follow":"follow","max-snippet":"max-snippet:-1","max-image-preview":"max-image-preview:large","max-video-preview":"max-video-preview:-1"},"canonical":"https:\/\/www.elementlogic.net\/mx\/e-book-el-futuro-del-micro-fulfillment-y-la-automatizacion\/","og_locale":"es_MX","og_type":"article","og_title":"e-book \u2013 El Futuro del Micro Fulfillment y la automatizaci\u00f3n","og_description":"Al leer este e-book, aprender\u00e1s entre otras cosas:","og_url":"https:\/\/www.elementlogic.net\/mx\/e-book-el-futuro-del-micro-fulfillment-y-la-automatizacion\/","og_site_name":"Element Logic Mexico","article_modified_time":"2025-01-21T17:02:22+00:00","og_image":[{"width":603,"height":855,"url":"https:\/\/www.elementlogic.net\/content\/uploads\/sites\/25\/2025\/01\/mfc-ebook-espanol-.jpg","type":"image\/jpeg"}],"twitter_card":"summary_large_image","twitter_misc":{"Tiempo de lectura":"2 minutos"},"schema":{"@context":"https:\/\/schema.org","@graph":[{"@type":"WebPage","@id":"https:\/\/www.elementlogic.net\/mx\/e-book-el-futuro-del-micro-fulfillment-y-la-automatizacion\/","url":"https:\/\/www.elementlogic.net\/mx\/e-book-el-futuro-del-micro-fulfillment-y-la-automatizacion\/","name":"e-book \u2013 El Futuro del Micro Fulfillment y la automatizaci\u00f3n - Element Logic Mexico","isPartOf":{"@id":"https:\/\/www.elementlogic.net\/mx\/#website"},"primaryImageOfPage":{"@id":"https:\/\/www.elementlogic.net\/mx\/e-book-el-futuro-del-micro-fulfillment-y-la-automatizacion\/#primaryimage"},"image":{"@id":"https:\/\/www.elementlogic.net\/mx\/e-book-el-futuro-del-micro-fulfillment-y-la-automatizacion\/#primaryimage"},"thumbnailUrl":"https:\/\/www.elementlogic.net\/content\/uploads\/sites\/25\/2025\/01\/mfc-ebook-espanol-.jpg","datePublished":"2025-01-21T17:02:21+00:00","dateModified":"2025-01-21T17:02:22+00:00","inLanguage":"es","potentialAction":[{"@type":"ReadAction","target":["https:\/\/www.elementlogic.net\/mx\/e-book-el-futuro-del-micro-fulfillment-y-la-automatizacion\/"]}]},{"@type":"ImageObject","inLanguage":"es","@id":"https:\/\/www.elementlogic.net\/mx\/e-book-el-futuro-del-micro-fulfillment-y-la-automatizacion\/#primaryimage","url":"https:\/\/www.elementlogic.net\/content\/uploads\/sites\/25\/2025\/01\/mfc-ebook-espanol-.jpg","contentUrl":"https:\/\/www.elementlogic.net\/content\/uploads\/sites\/25\/2025\/01\/mfc-ebook-espanol-.jpg","width":603,"height":855},{"@type":"WebSite","@id":"https:\/\/www.elementlogic.net\/mx\/#website","url":"https:\/\/www.elementlogic.net\/mx\/","name":"Element Logic Mexico","description":"","potentialAction":[{"@type":"SearchAction","target":{"@type":"EntryPoint","urlTemplate":"https:\/\/www.elementlogic.net\/mx\/?s={search_term_string}"},"query-input":{"@type":"PropertyValueSpecification","valueRequired":true,"valueName":"search_term_string"}}],"inLanguage":"es"}]}},"_links":{"self":[{"href":"https:\/\/www.elementlogic.net\/mx\/wp-json\/wp\/v2\/pages\/1754"}],"collection":[{"href":"https:\/\/www.elementlogic.net\/mx\/wp-json\/wp\/v2\/pages"}],"about":[{"href":"https:\/\/www.elementlogic.net\/mx\/wp-json\/wp\/v2\/types\/page"}],"author":[{"embeddable":true,"href":"https:\/\/www.elementlogic.net\/mx\/wp-json\/wp\/v2\/users\/47"}],"replies":[{"embeddable":true,"href":"https:\/\/www.elementlogic.net\/mx\/wp-json\/wp\/v2\/comments?post=1754"}],"version-history":[{"count":5,"href":"https:\/\/www.elementlogic.net\/mx\/wp-json\/wp\/v2\/pages\/1754\/revisions"}],"predecessor-version":[{"id":2259,"href":"https:\/\/www.elementlogic.net\/mx\/wp-json\/wp\/v2\/pages\/1754\/revisions\/2259"}],"wp:featuredmedia":[{"embeddable":true,"href":"https:\/\/www.elementlogic.net\/mx\/wp-json\/wp\/v2\/media\/2250"}],"wp:attachment":[{"href":"https:\/\/www.elementlogic.net\/mx\/wp-json\/wp\/v2\/media?parent=1754"}],"curies":[{"name":"wp","href":"https:\/\/api.w.org\/{rel}","templated":true}]}}