{"id":240,"date":"2024-09-14T12:41:27","date_gmt":"2024-09-14T10:41:27","guid":{"rendered":"https:\/\/www.elementlogic.net\/?page_id=2673"},"modified":"2024-09-14T12:41:27","modified_gmt":"2024-09-14T10:41:27","slug":"politica-de-cookies","status":"publish","type":"page","link":"https:\/\/www.elementlogic.net\/mx\/politica-de-cookies\/","title":{"rendered":"Pol\u00edtica de cookies"},"content":{"rendered":"<p class=\"t2-ingress wp-block-t2-ingress\">La presente pol\u00edtica de cookies describe el uso que Element Logic hace de las cookies en su sitio web https:\/\/www.elementlogic.net\/es.<\/p>\n\n\n<div class=\"wp-block-buttons is-layout-flex wp-block-buttons-is-layout-flex\">\n<div class=\"wp-block-button has-icon has-icon-theme_arrow\"><a class=\"wp-block-button__link wp-element-button\" href=\"#cookies\">Modifica tus preferencias de cookies<svg xmlns=\"http:\/\/www.w3.org\/2000\/svg\" viewBox=\"0 0 24 24\" height=\"24\" width=\"24\" class=\"t2-icon t2-icon-theme_arrow\" aria-hidden=\"true\" focusable=\"false\"><path d=\"M16.627 12.75H5.25C5.03717 12.75 4.859 12.6782 4.7155 12.5345C4.57183 12.391 4.5 12.2128 4.5 12C4.5 11.7872 4.57183 11.609 4.7155 11.4655C4.859 11.3218 5.03717 11.25 5.25 11.25H16.627L11.4577 6.08076C11.3091 5.93209 11.2357 5.75809 11.2375 5.55876C11.2395 5.35942 11.318 5.18217 11.473 5.02701C11.6282 4.88217 11.8038 4.80717 12 4.80201C12.1962 4.79684 12.3718 4.87184 12.527 5.02701L18.8673 11.3673C18.9609 11.4609 19.0269 11.5597 19.0652 11.6635C19.1037 11.7673 19.123 11.8795 19.123 12C19.123 12.1205 19.1037 12.2327 19.0652 12.3365C19.0269 12.4403 18.9609 12.5391 18.8673 12.6328L12.527 18.973C12.3885 19.1115 12.217 19.1823 12.0125 19.1855C11.808 19.1887 11.6282 19.1178 11.473 18.973C11.318 18.8178 11.2405 18.6397 11.2405 18.4385C11.2405 18.2372 11.318 18.0589 11.473 17.9038L16.627 12.75Z\" fill=\"var(--t2-icon-fill, #000)\"\/><\/svg><\/a><\/div>\n<\/div>\n\n\n\n<p>Las cookies son peque\u00f1os archivos de texto que los sitios web que visitas colocan en tu ordenador. Se utilizan principalmente para que los sitios web funcionen o lo hagan de forma m\u00e1s eficiente, as\u00ed como para proporcionar informaci\u00f3n a los propietarios del sitio. Element Logic tambi\u00e9n utiliza cookies con tres fines principales:<\/p>\n\n\n\n<ul class=\"wp-block-list\">\n<li>Las&nbsp;<strong>cookies de rendimiento<\/strong>&nbsp;recopilan informaci\u00f3n sobre c\u00f3mo los visitantes utilizan nuestro sitio web, para que Element Logic sepa c\u00f3mo funciona el sitio web. Element Logic utiliza estas cookies para mejorar el funcionamiento de la p\u00e1gina web. Toda la informaci\u00f3n recopilada por estas cookies es an\u00f3nima.<\/li>\n\n\n\n<li>Las&nbsp;<strong>cookies publicitarias<\/strong>&nbsp;proporcionan informaci\u00f3n sobre el comportamiento digital de nuestros visitantes. Las cookies de publicidad proporcionadas por Google AdWords tienen como objetivo volver a captar visitantes que probablemente se conviertan en clientes bas\u00e1ndose en el comportamiento en l\u00ednea del visitante a trav\u00e9s de sitios web. Las cookies de publicidad proporcionadas por Microsoft Dynamics 365 tienen como finalidad distribuir contenido basado en intereses a clientes actuales y potenciales.<\/li>\n\n\n\n<li>Las&nbsp;<strong>cookies de funcionalidad<\/strong>&nbsp;se encuentran en nuestra p\u00e1gina web con el fin de recordar las opciones anteriores para mejorar tu experiencia al navegar por el portal. Esta informaci\u00f3n no se utiliza con ning\u00fan otro fin.<\/li>\n<\/ul>\n\n\n\n<p>Si das tu consentimiento, solo instalaremos las cookies que sirvan para estos fines. Consulta\u00a0<a href=\"https:\/\/www.elementlogic.es\/politica-de-cookies\/#cookies\">aqu\u00ed<\/a>\u00a0una descripci\u00f3n detallada de las cookies que utilizamos. Puedes cambiar o retirar tu consentimiento en cualquier momento\u00a0<a href=\"https:\/\/www.elementlogic.net\/es\/politica-de-cookies\/#cookies\">aqu\u00ed<\/a>.<\/p>\n\n\n\n<p>Algunas de las cookies aqu\u00ed descritas recogen datos personales. Para conocer tus derechos como titular de los datos, consulta nuestra&nbsp;<a href=\"https:\/\/www.elementlogic.net\/es\/politica-de-privacidad\/\" target=\"_blank\" rel=\"noreferrer noopener\">Pol\u00edtica de privacidad.<\/a><\/p>\n\n\n\n<p>La mayor\u00eda de los navegadores web tambi\u00e9n le permiten cierto control de la mayor\u00eda de las cookies a trav\u00e9s de la configuraci\u00f3n del navegador. Para obtener m\u00e1s informaci\u00f3n sobre las cookies, incluido c\u00f3mo ver qu\u00e9 cookies se han instalado, visita&nbsp;<a href=\"http:\/\/www.aboutcookies.org\/\" target=\"_blank\" rel=\"noreferrer noopener\">www.aboutcookies.org<\/a>&nbsp;o&nbsp;<a href=\"http:\/\/www.allaboutcookies.org\/\" target=\"_blank\" rel=\"noreferrer noopener\">www.allaboutcookies.org<\/a>. Para rechazar las cookies, visita&nbsp;<a href=\"http:\/\/www.aboutads.info\/choices\" target=\"_blank\" rel=\"noreferrer noopener\">www.aboutads.info\/choices<\/a>&nbsp;y&nbsp;<a href=\"http:\/\/www.youronlinechoices.eu\/\" target=\"_blank\" rel=\"noreferrer noopener\">www.youronlinechoices.eu.<\/a><\/p>\n\n\n\n<p><strong>GOOGLE ANALYTICS<\/strong><\/p>\n\n\n\n<p>En este sitio web utilizamos Google Analytics (<a href=\"https:\/\/www.elementlogic.net\/es\/\">www.elementlogic.net\/es<\/a>). Esta p\u00e1gina web utiliza cookies para recopilar, almacenar y utilizar informaci\u00f3n t\u00e9cnica sobre tu equipo y las interacciones con nuestro sitio web (datos de sesi\u00f3n).<\/p>\n\n\n\n<p>Tratamos tus datos personales para dise\u00f1ar, optimizar, evaluar, desarrollar y mejorar el sitio web de Element Logic. Google Analytics nos proporciona un servicio de an\u00e1lisis web y crea perfiles de usuario seudonimizados.<\/p>\n\n\n\n<p><strong>GOOGLE MAPS<\/strong><\/p>\n\n\n\n<p>En este sitio web (<a href=\"https:\/\/www.elementlogic.net\/es\/\">www.elementlogic.net\/es<\/a>) utilizamos Google Maps. Este servicio utiliza cookies para recoger, almacenar y utilizar informaci\u00f3n t\u00e9cnica sobre las interacciones con nuestro sitio web (datos de sesi\u00f3n).<\/p>\n\n\n\n<p>Se trata de un mapa interactivo que permite visualizar nuestra ubicaci\u00f3n. Tratamos tus datos personales para proporcionarte un mapa interactivo que te muestre nuestra ubicaci\u00f3n.<\/p>\n\n\n\n<p>Si autorizas el uso de los mapas de Google, el mapa se mostrar\u00e1 en nuestro sitio web. Tu direcci\u00f3n IP y la informaci\u00f3n relativa a tu visita a nuestra p\u00e1gina web ser\u00e1 enviada a Google. Google almacenar\u00e1 esta informaci\u00f3n en sus propios servidores.<\/p>\n\n\n\n<p><strong>YOUTUBE<\/strong><\/p>\n\n\n\n<p>En este sitio web (<a href=\"https:\/\/www.elementlogic.net\/es\/\">www.elementlogic.net\/es<\/a>) utilizamos YouTube. Este servicio utiliza cookies para recoger, almacenar y utilizar informaci\u00f3n t\u00e9cnica sobre las interacciones con nuestro sitio web (datos de sesi\u00f3n).<\/p>\n\n\n\n<p>Utilizamos YouTube en su modo de privacidad optimizado para difundir v\u00eddeos. Tratamos tus datos personales para ofrecerte v\u00eddeos de nuestro canal de YouTube.<\/p>\n\n\n\n<p>El modo de privacidad mejorada significa que YouTube recibir\u00e1 tu direcci\u00f3n IP, la fecha y hora de visualizaci\u00f3n del v\u00eddeo, as\u00ed como informaci\u00f3n sobre tu visita a nuestro sitio web.<\/p>\n\n\n\n<p><strong>MICROSOFT CLARITY<\/strong><\/p>\n\n\n\n<p>En este sitio web (<a href=\"https:\/\/www.elementlogic.net\/es\/\">https:\/\/www.elementlogic.net\/es\/<\/a>), utilizamos el servicio Clarity proporcionado por Microsoft. Clarity es una herramienta de an\u00e1lisis del comportamiento que nos ayuda a comprender c\u00f3mo interact\u00faan los usuarios con nuestro sitio web. El servicio procesa datos de sesi\u00f3n e informaci\u00f3n sobre c\u00f3mo se est\u00e1 visualizando la p\u00e1gina y las interacciones del usuario, como movimientos del rat\u00f3n, clics y desplazamientos.<\/p>\n\n\n\n<p>Ten en cuenta que cuando das tu consentimiento, Microsoft recopila o recibe datos personales tuyos para ofrecer publicidad de Microsoft. Puedes encontrar m\u00e1s informaci\u00f3n en las declaraciones de privacidad de Microsoft:&nbsp;<a href=\"https:\/\/privacy.microsoft.com\/en-us\/privacystatement.\" target=\"_blank\" rel=\"noreferrer noopener\">https:\/\/privacy.microsoft.com\/en-us\/privacystatement.<\/a><\/p>\n\n\n\n<p><strong>GOOGLE ADWORDS<\/strong><\/p>\n\n\n\n<p>En este sitio web (<a href=\"https:\/\/www.elementlogic.net\/es\/\">https:\/\/www.elementlogic.net\/es\/<\/a>), utilizamos el servicio Google AdWords. Utilizamos el servicio para realizar publicidad dirigida a los servicios de Google y sitios web de terceros.<\/p>\n\n\n\n<p>Puedes encontrar m\u00e1s informaci\u00f3n sobre c\u00f3mo Google utiliza la informaci\u00f3n aqu\u00ed:&nbsp;<a href=\"https:\/\/policies.google.com\/technologies\/partner-sites\" target=\"_blank\" rel=\"noreferrer noopener\">https:\/\/policies.google.com\/technologies\/partner-sites&nbsp;<\/a><\/p>\n\n\n\n<p><strong>FACEBOOK-PIXEL<\/strong><\/p>\n\n\n\n<p>En este sitio web (<a href=\"https:\/\/www.elementlogic.net\/es\/\">https:\/\/www.elementlogic.net\/es\/<\/a>)&nbsp;hemos incrustado el servicio Facebook-pixel. Un p\u00edxel de Facebook es un plug-in que reside en nuestro sitio web y recopila informaci\u00f3n para Meta. El p\u00edxel recoge informaci\u00f3n de las cookies de tu navegador y la env\u00eda a Facebook, donde la informaci\u00f3n se combina con datos de tu perfil de Facebook. La informaci\u00f3n recopilada puede estar relacionada con tu comportamiento como usuario (datos demogr\u00e1ficos como edad, sexo, intereses) o acciones que realizas como hacer clic en enlaces. La informaci\u00f3n solo est\u00e1 disponible de forma an\u00f3nima y global. La informaci\u00f3n se utiliza con fines anal\u00edticos, publicidad dirigida basada en su comportamiento de usuario (remarketing) y para identificar grupos objetivo para publicidad que tengan un perfil similar al suyo y, por tanto, una oportunidad potencial de tener un patr\u00f3n de acci\u00f3n o necesidad similar.<\/p>\n\n\n\n<p><strong>LINKEDIN INSIGHTS<\/strong><\/p>\n\n\n\n<p>En este sitio web (<a href=\"https:\/\/www.elementlogic.net\/es\/)\">https:\/\/www.elementlogic.net\/es\/)<\/a>&nbsp;hemos integrado el servicio Linkedin Insight. La etiqueta LinkedIn Insight permite a Element Logic recopilar datos sobre las visitas de los usuarios de LinkedIn a nuestro sitio web, incluida la URL, el remitente, la direcci\u00f3n IP, las propiedades del dispositivo y del navegador (agente de usuario) y la fecha y hora. Las direcciones IP se acortan o se convierten en hash (cuando se utilizan para llegar a los usuarios a trav\u00e9s de dispositivos), y los identificadores directos de los usuarios se eliminan en un plazo de siete d\u00edas para que los datos sean seud\u00f3nimos. Los datos seudonimizados restantes se eliminan en un plazo de 180 d\u00edas.<\/p>\n","protected":false},"excerpt":{"rendered":"<p>Las cookies son peque\u00f1os archivos de texto que los sitios web que visitas colocan en tu ordenador. Se utilizan principalmente [&hellip;]<\/p>\n","protected":false},"author":3,"featured_media":0,"parent":0,"menu_order":0,"comment_status":"closed","ping_status":"closed","template":"","meta":{"hreflang_relation":0,"_el_cross_publish_source_blog_url":"","_el_cross_publish_source_blog_id":0,"_el_cross_publish_source_post_id":0,"_el_cross_publish_sync_state":"","exclude_from_search":false,"content-type":"","footnotes":""},"class_list":["post-240","page","type-page","status-publish","hentry"],"yoast_head":"<!-- This site is optimized with the Yoast SEO Premium plugin v23.9 (Yoast SEO v23.9) - https:\/\/yoast.com\/wordpress\/plugins\/seo\/ -->\n<title>Pol\u00edtica de cookies - Element Logic Mexico<\/title>\n<meta name=\"robots\" content=\"index, follow, max-snippet:-1, max-image-preview:large, max-video-preview:-1\" \/>\n<link rel=\"canonical\" href=\"https:\/\/www.elementlogic.net\/mx\/politica-de-cookies\/\" \/>\n<meta property=\"og:locale\" content=\"es_MX\" \/>\n<meta property=\"og:type\" content=\"article\" \/>\n<meta property=\"og:title\" content=\"Pol\u00edtica de cookies\" \/>\n<meta property=\"og:description\" content=\"Las cookies son peque\u00f1os archivos de texto que los sitios web que visitas colocan en tu ordenador. Se utilizan principalmente [&hellip;]\" \/>\n<meta property=\"og:url\" content=\"https:\/\/www.elementlogic.net\/mx\/politica-de-cookies\/\" \/>\n<meta property=\"og:site_name\" content=\"Element Logic Mexico\" \/>\n<meta name=\"twitter:card\" content=\"summary_large_image\" \/>\n<meta name=\"twitter:label1\" content=\"Tiempo de lectura\" \/>\n\t<meta name=\"twitter:data1\" content=\"5 minutos\" \/>\n<script type=\"application\/ld+json\" class=\"yoast-schema-graph\">{\"@context\":\"https:\/\/schema.org\",\"@graph\":[{\"@type\":\"WebPage\",\"@id\":\"https:\/\/www.elementlogic.net\/mx\/politica-de-cookies\/\",\"url\":\"https:\/\/www.elementlogic.net\/mx\/politica-de-cookies\/\",\"name\":\"Pol\u00edtica de cookies - Element Logic Mexico\",\"isPartOf\":{\"@id\":\"https:\/\/www.elementlogic.net\/mx\/#website\"},\"datePublished\":\"2024-09-14T10:41:27+00:00\",\"dateModified\":\"2024-09-14T10:41:27+00:00\",\"inLanguage\":\"es\",\"potentialAction\":[{\"@type\":\"ReadAction\",\"target\":[\"https:\/\/www.elementlogic.net\/mx\/politica-de-cookies\/\"]}]},{\"@type\":\"WebSite\",\"@id\":\"https:\/\/www.elementlogic.net\/mx\/#website\",\"url\":\"https:\/\/www.elementlogic.net\/mx\/\",\"name\":\"Element Logic Mexico\",\"description\":\"\",\"potentialAction\":[{\"@type\":\"SearchAction\",\"target\":{\"@type\":\"EntryPoint\",\"urlTemplate\":\"https:\/\/www.elementlogic.net\/mx\/?s={search_term_string}\"},\"query-input\":{\"@type\":\"PropertyValueSpecification\",\"valueRequired\":true,\"valueName\":\"search_term_string\"}}],\"inLanguage\":\"es\"}]}<\/script>\n<!-- \/ Yoast SEO Premium plugin. -->","yoast_head_json":{"title":"Pol\u00edtica de cookies - Element Logic Mexico","robots":{"index":"index","follow":"follow","max-snippet":"max-snippet:-1","max-image-preview":"max-image-preview:large","max-video-preview":"max-video-preview:-1"},"canonical":"https:\/\/www.elementlogic.net\/mx\/politica-de-cookies\/","og_locale":"es_MX","og_type":"article","og_title":"Pol\u00edtica de cookies","og_description":"Las cookies son peque\u00f1os archivos de texto que los sitios web que visitas colocan en tu ordenador. Se utilizan principalmente [&hellip;]","og_url":"https:\/\/www.elementlogic.net\/mx\/politica-de-cookies\/","og_site_name":"Element Logic Mexico","twitter_card":"summary_large_image","twitter_misc":{"Tiempo de lectura":"5 minutos"},"schema":{"@context":"https:\/\/schema.org","@graph":[{"@type":"WebPage","@id":"https:\/\/www.elementlogic.net\/mx\/politica-de-cookies\/","url":"https:\/\/www.elementlogic.net\/mx\/politica-de-cookies\/","name":"Pol\u00edtica de cookies - Element Logic Mexico","isPartOf":{"@id":"https:\/\/www.elementlogic.net\/mx\/#website"},"datePublished":"2024-09-14T10:41:27+00:00","dateModified":"2024-09-14T10:41:27+00:00","inLanguage":"es","potentialAction":[{"@type":"ReadAction","target":["https:\/\/www.elementlogic.net\/mx\/politica-de-cookies\/"]}]},{"@type":"WebSite","@id":"https:\/\/www.elementlogic.net\/mx\/#website","url":"https:\/\/www.elementlogic.net\/mx\/","name":"Element Logic Mexico","description":"","potentialAction":[{"@type":"SearchAction","target":{"@type":"EntryPoint","urlTemplate":"https:\/\/www.elementlogic.net\/mx\/?s={search_term_string}"},"query-input":{"@type":"PropertyValueSpecification","valueRequired":true,"valueName":"search_term_string"}}],"inLanguage":"es"}]}},"_links":{"self":[{"href":"https:\/\/www.elementlogic.net\/mx\/wp-json\/wp\/v2\/pages\/240"}],"collection":[{"href":"https:\/\/www.elementlogic.net\/mx\/wp-json\/wp\/v2\/pages"}],"about":[{"href":"https:\/\/www.elementlogic.net\/mx\/wp-json\/wp\/v2\/types\/page"}],"author":[{"embeddable":true,"href":"https:\/\/www.elementlogic.net\/mx\/wp-json\/wp\/v2\/users\/3"}],"replies":[{"embeddable":true,"href":"https:\/\/www.elementlogic.net\/mx\/wp-json\/wp\/v2\/comments?post=240"}],"version-history":[{"count":0,"href":"https:\/\/www.elementlogic.net\/mx\/wp-json\/wp\/v2\/pages\/240\/revisions"}],"wp:attachment":[{"href":"https:\/\/www.elementlogic.net\/mx\/wp-json\/wp\/v2\/media?parent=240"}],"curies":[{"name":"wp","href":"https:\/\/api.w.org\/{rel}","templated":true}]}}