{"id":2481,"date":"2025-03-04T12:49:43","date_gmt":"2025-03-04T18:49:43","guid":{"rendered":"https:\/\/www.elementlogic.net\/mx\/?page_id=2481"},"modified":"2025-03-11T07:57:56","modified_gmt":"2025-03-11T13:57:56","slug":"form_ebook_micro_fulfillment","status":"publish","type":"page","link":"https:\/\/www.elementlogic.net\/mx\/form_ebook_micro_fulfillment\/","title":{"rendered":"Landing Page &#8211; Element Logic"},"content":{"rendered":"\n<p><\/p>\n\n\n\n<div class=\"wp-block-group alignwide\" style=\"padding: 40px 0\">\n<div style=\"background-color: #C41230;padding: 20px;text-align: center\">\n        <img decoding=\"async\" src=\"https:\/\/www.elementlogic.net\/content\/uploads\/sites\/25\/2025\/03\/LOGO_ELEMENT_LOGIC.png\" alt=\"Element Logic\" style=\"max-width: 200px\">\n    <\/div>\n\n<h1 style=\"color: #222;font-size: 28px;font-weight: bold\">EL FUTURO DEL MICRO FULFILLMENT Y LA AUTOMATIZACI\u00d3N<\/h1>\n<p style=\"font-style: italic\">eBook<\/p>\n<\/div>\n<\/div>\n\n\n\n<p><\/p>\n\n\n\n<div class=\"wp-block-group alignwide\" style=\"max-width: 1200px;margin: auto;padding: 40px 20px\">\n    \n    <table style=\"width: 100%;border-collapse: collapse\">\n        <tr>\n            <!-- Columna de Texto (Izquierda) -->\n            <td style=\"width: 50%;padding-right: 20px;vertical-align: top\">\n                <p style=\"color: #222;margin-top: 0;font-size:25px\">Descubre el <strong>panorama log\u00edstico en 2025<\/strong> para eGrocery, productos farmac\u00e9uticos y tiendas de repuestos.<\/p>\n              <p>Aprende mas sobre:<\/p>\n                <ul style=\"list-style-type: disc;padding-left: 20px;margin: 0\">\n                    <li>C\u00f3mo los centros de Micro Fulfillment optimizan la eficiencia y mejoran la atenci\u00f3n al cliente.<\/li>\n                    <li>El impacto de la rob\u00f3tica, IA y almacenamiento automatizado en la cadena de suministro.<\/li>\n                    <li>Beneficios clave del MICRO FULFILLMENT: reducci\u00f3n de plazos y mayor precisi\u00f3n.<\/li>\n                    <li>Tendencias futuras y recomendaciones estrat\u00e9gicas para tu negocio.<\/li>\n                    <li>Optimizaci\u00f3n de operaciones log\u00edsticas.<\/li>\n                <\/ul>\n            <\/td>\n\n            <!-- Columna del Formulario (Derecha) -->\n            <td style=\"width: 50%;padding-left: 20px;background-color: #a1101b;color: #fff;padding: 30px;border-radius: 8px;vertical-align: top\">\n                <h3 style=\"text-align: center;margin-top: 0\">\u00a1Descarga el eBook sin costo!<\/h3>\n                <div class=\"wp-block-leadin-hubspot-form-block\">\n                    \n                <\/div>\n            <\/td>\n        <\/tr>\n    <\/table>\n\n<\/div>\n\n\n\n<p><\/p>\n\n\n\n<div class=\"wp-block-group alignwide\" style=\"padding: 40px 0;text-align: center\">\n<h2>Optimizar tus operaciones de micro fulfillment es clave para mantenerte competitivo.<\/h2>\n<p style=\"max-width: 800px;margin: auto\">Con Element Logic, aprovechar\u00e1s la potencia de AutoStore y soluciones personalizadas que maximizan la eficiencia en espacios reducidos, mejoran la precisi\u00f3n y permiten tiempos de entrega m\u00e1s r\u00e1pidos.<\/p>\n<\/div>\n\n\n\n<p><\/p>\n\n\n\n<figure class=\"wp-block-image size-large is-resized\"><img decoding=\"async\" src=\"https:\/\/www.elementlogic.net\/content\/uploads\/sites\/25\/2025\/03\/IMG_EL_01-1024x387.jpg\" alt=\"\" style=\"width:842px\" \/><\/figure>\n\n\n\n<p><\/p>\n\n\n\n<div class=\"wp-block-group alignwide\" style=\"text-align: center;padding: 40px 0\">\n<h3>Experimenta el impacto de la automatizaci\u00f3n<\/h3>\n<p><a style=\"background-color: #a1101b;color: #fff;padding: 12px 24px;text-decoration: none;font-weight: bold;border-radius: 6px\" href=\"#\">Cont\u00e1ctanos<\/a><\/p>\n<\/div>\n\n\n\n<p><\/p>\n\n\n\n<div class=\"wp-block-group alignwide\" style=\"background-color: #222;color: #fff;text-align: center;padding: 20px 0\">\n<p>OPTIMIZING WAREHOUSE PERFORMANCE<\/p>\n<\/div>\n","protected":false},"excerpt":{"rendered":"<p>EL FUTURO DEL MICRO FULFILLMENT Y LA AUTOMATIZACI\u00d3N eBook Descubre el panorama log\u00edstico en 2025 para eGrocery, productos farmac\u00e9uticos y [&hellip;]<\/p>\n","protected":false},"author":57,"featured_media":2527,"parent":0,"menu_order":0,"comment_status":"closed","ping_status":"closed","template":"","meta":{"hreflang_relation":0,"_el_cross_publish_source_blog_url":"","_el_cross_publish_source_blog_id":0,"_el_cross_publish_source_post_id":0,"_el_cross_publish_sync_state":"","exclude_from_search":false,"content-type":"","footnotes":""},"class_list":["post-2481","page","type-page","status-publish","has-post-thumbnail","hentry"],"yoast_head":"<!-- This site is optimized with the Yoast SEO Premium plugin v23.9 (Yoast SEO v23.9) - https:\/\/yoast.com\/wordpress\/plugins\/seo\/ -->\n<title>Landing Page - Element Logic - Element Logic Mexico<\/title>\n<meta name=\"robots\" content=\"index, follow, max-snippet:-1, max-image-preview:large, max-video-preview:-1\" \/>\n<link rel=\"canonical\" href=\"https:\/\/www.elementlogic.net\/mx\/form_ebook_micro_fulfillment\/\" \/>\n<meta property=\"og:locale\" content=\"es_MX\" \/>\n<meta property=\"og:type\" content=\"article\" \/>\n<meta property=\"og:title\" content=\"Landing Page - Element Logic\" \/>\n<meta property=\"og:description\" content=\"EL FUTURO DEL MICRO FULFILLMENT Y LA AUTOMATIZACI\u00d3N eBook Descubre el panorama log\u00edstico en 2025 para eGrocery, productos farmac\u00e9uticos y [&hellip;]\" \/>\n<meta property=\"og:url\" content=\"https:\/\/www.elementlogic.net\/mx\/form_ebook_micro_fulfillment\/\" \/>\n<meta property=\"og:site_name\" content=\"Element Logic Mexico\" \/>\n<meta property=\"article:modified_time\" content=\"2025-03-11T13:57:56+00:00\" \/>\n<meta property=\"og:image\" content=\"https:\/\/www.elementlogic.net\/content\/uploads\/sites\/25\/2025\/03\/LOGO_ELEMENT_LOGIC.png\" \/>\n\t<meta property=\"og:image:width\" content=\"2000\" \/>\n\t<meta property=\"og:image:height\" content=\"423\" \/>\n\t<meta property=\"og:image:type\" content=\"image\/png\" \/>\n<meta name=\"twitter:card\" content=\"summary_large_image\" \/>\n<meta name=\"twitter:label1\" content=\"Tiempo de lectura\" \/>\n\t<meta name=\"twitter:data1\" content=\"2 minutos\" \/>\n<script type=\"application\/ld+json\" class=\"yoast-schema-graph\">{\"@context\":\"https:\/\/schema.org\",\"@graph\":[{\"@type\":\"WebPage\",\"@id\":\"https:\/\/www.elementlogic.net\/mx\/form_ebook_micro_fulfillment\/\",\"url\":\"https:\/\/www.elementlogic.net\/mx\/form_ebook_micro_fulfillment\/\",\"name\":\"Landing Page - Element Logic - Element Logic Mexico\",\"isPartOf\":{\"@id\":\"https:\/\/www.elementlogic.net\/mx\/#website\"},\"primaryImageOfPage\":{\"@id\":\"https:\/\/www.elementlogic.net\/mx\/form_ebook_micro_fulfillment\/#primaryimage\"},\"image\":{\"@id\":\"https:\/\/www.elementlogic.net\/mx\/form_ebook_micro_fulfillment\/#primaryimage\"},\"thumbnailUrl\":\"https:\/\/www.elementlogic.net\/content\/uploads\/sites\/25\/2025\/03\/LOGO_ELEMENT_LOGIC.png\",\"datePublished\":\"2025-03-04T18:49:43+00:00\",\"dateModified\":\"2025-03-11T13:57:56+00:00\",\"inLanguage\":\"es\",\"potentialAction\":[{\"@type\":\"ReadAction\",\"target\":[\"https:\/\/www.elementlogic.net\/mx\/form_ebook_micro_fulfillment\/\"]}]},{\"@type\":\"ImageObject\",\"inLanguage\":\"es\",\"@id\":\"https:\/\/www.elementlogic.net\/mx\/form_ebook_micro_fulfillment\/#primaryimage\",\"url\":\"https:\/\/www.elementlogic.net\/content\/uploads\/sites\/25\/2025\/03\/LOGO_ELEMENT_LOGIC.png\",\"contentUrl\":\"https:\/\/www.elementlogic.net\/content\/uploads\/sites\/25\/2025\/03\/LOGO_ELEMENT_LOGIC.png\",\"width\":2000,\"height\":423},{\"@type\":\"WebSite\",\"@id\":\"https:\/\/www.elementlogic.net\/mx\/#website\",\"url\":\"https:\/\/www.elementlogic.net\/mx\/\",\"name\":\"Element Logic Mexico\",\"description\":\"\",\"potentialAction\":[{\"@type\":\"SearchAction\",\"target\":{\"@type\":\"EntryPoint\",\"urlTemplate\":\"https:\/\/www.elementlogic.net\/mx\/?s={search_term_string}\"},\"query-input\":{\"@type\":\"PropertyValueSpecification\",\"valueRequired\":true,\"valueName\":\"search_term_string\"}}],\"inLanguage\":\"es\"}]}<\/script>\n<!-- \/ Yoast SEO Premium plugin. -->","yoast_head_json":{"title":"Landing Page - Element Logic - Element Logic Mexico","robots":{"index":"index","follow":"follow","max-snippet":"max-snippet:-1","max-image-preview":"max-image-preview:large","max-video-preview":"max-video-preview:-1"},"canonical":"https:\/\/www.elementlogic.net\/mx\/form_ebook_micro_fulfillment\/","og_locale":"es_MX","og_type":"article","og_title":"Landing Page - Element Logic","og_description":"EL FUTURO DEL MICRO FULFILLMENT Y LA AUTOMATIZACI\u00d3N eBook Descubre el panorama log\u00edstico en 2025 para eGrocery, productos farmac\u00e9uticos y [&hellip;]","og_url":"https:\/\/www.elementlogic.net\/mx\/form_ebook_micro_fulfillment\/","og_site_name":"Element Logic Mexico","article_modified_time":"2025-03-11T13:57:56+00:00","og_image":[{"width":2000,"height":423,"url":"https:\/\/www.elementlogic.net\/content\/uploads\/sites\/25\/2025\/03\/LOGO_ELEMENT_LOGIC.png","type":"image\/png"}],"twitter_card":"summary_large_image","twitter_misc":{"Tiempo de lectura":"2 minutos"},"schema":{"@context":"https:\/\/schema.org","@graph":[{"@type":"WebPage","@id":"https:\/\/www.elementlogic.net\/mx\/form_ebook_micro_fulfillment\/","url":"https:\/\/www.elementlogic.net\/mx\/form_ebook_micro_fulfillment\/","name":"Landing Page - Element Logic - Element Logic Mexico","isPartOf":{"@id":"https:\/\/www.elementlogic.net\/mx\/#website"},"primaryImageOfPage":{"@id":"https:\/\/www.elementlogic.net\/mx\/form_ebook_micro_fulfillment\/#primaryimage"},"image":{"@id":"https:\/\/www.elementlogic.net\/mx\/form_ebook_micro_fulfillment\/#primaryimage"},"thumbnailUrl":"https:\/\/www.elementlogic.net\/content\/uploads\/sites\/25\/2025\/03\/LOGO_ELEMENT_LOGIC.png","datePublished":"2025-03-04T18:49:43+00:00","dateModified":"2025-03-11T13:57:56+00:00","inLanguage":"es","potentialAction":[{"@type":"ReadAction","target":["https:\/\/www.elementlogic.net\/mx\/form_ebook_micro_fulfillment\/"]}]},{"@type":"ImageObject","inLanguage":"es","@id":"https:\/\/www.elementlogic.net\/mx\/form_ebook_micro_fulfillment\/#primaryimage","url":"https:\/\/www.elementlogic.net\/content\/uploads\/sites\/25\/2025\/03\/LOGO_ELEMENT_LOGIC.png","contentUrl":"https:\/\/www.elementlogic.net\/content\/uploads\/sites\/25\/2025\/03\/LOGO_ELEMENT_LOGIC.png","width":2000,"height":423},{"@type":"WebSite","@id":"https:\/\/www.elementlogic.net\/mx\/#website","url":"https:\/\/www.elementlogic.net\/mx\/","name":"Element Logic Mexico","description":"","potentialAction":[{"@type":"SearchAction","target":{"@type":"EntryPoint","urlTemplate":"https:\/\/www.elementlogic.net\/mx\/?s={search_term_string}"},"query-input":{"@type":"PropertyValueSpecification","valueRequired":true,"valueName":"search_term_string"}}],"inLanguage":"es"}]}},"_links":{"self":[{"href":"https:\/\/www.elementlogic.net\/mx\/wp-json\/wp\/v2\/pages\/2481"}],"collection":[{"href":"https:\/\/www.elementlogic.net\/mx\/wp-json\/wp\/v2\/pages"}],"about":[{"href":"https:\/\/www.elementlogic.net\/mx\/wp-json\/wp\/v2\/types\/page"}],"author":[{"embeddable":true,"href":"https:\/\/www.elementlogic.net\/mx\/wp-json\/wp\/v2\/users\/57"}],"replies":[{"embeddable":true,"href":"https:\/\/www.elementlogic.net\/mx\/wp-json\/wp\/v2\/comments?post=2481"}],"version-history":[{"count":4,"href":"https:\/\/www.elementlogic.net\/mx\/wp-json\/wp\/v2\/pages\/2481\/revisions"}],"predecessor-version":[{"id":2535,"href":"https:\/\/www.elementlogic.net\/mx\/wp-json\/wp\/v2\/pages\/2481\/revisions\/2535"}],"wp:featuredmedia":[{"embeddable":true,"href":"https:\/\/www.elementlogic.net\/mx\/wp-json\/wp\/v2\/media\/2527"}],"wp:attachment":[{"href":"https:\/\/www.elementlogic.net\/mx\/wp-json\/wp\/v2\/media?parent=2481"}],"curies":[{"name":"wp","href":"https:\/\/api.w.org\/{rel}","templated":true}]}}