{"id":2792,"date":"2025-05-08T11:25:32","date_gmt":"2025-05-08T17:25:32","guid":{"rendered":"https:\/\/www.elementlogic.net\/mx\/?page_id=2792"},"modified":"2025-05-08T11:25:33","modified_gmt":"2025-05-08T17:25:33","slug":"tres-tendencias-emergentes-en-la-intralogistica","status":"publish","type":"page","link":"https:\/\/www.elementlogic.net\/mx\/whitepaper\/tres-tendencias-emergentes-en-la-intralogistica\/","title":{"rendered":"Tres tendencias emergentes en la intralog\u00edstica"},"content":{"rendered":"\n\t\t<div style=\"--dekode-hero-dim:0.5; --t2-icon-fill:var(--wp--preset--color--white);\" class=\"alignfull dekode-hero-content-position-center has-media-background wp-block-dekode-hero\">\n\t\t\t<img loading=\"lazy\" decoding=\"async\" width=\"1024\" height=\"682\" src=\"https:\/\/www.elementlogic.net\/content\/uploads\/sites\/25\/\/2024\/10\/image-131-1024x682.png\" class=\"dekode-hero__image\" alt=\"\" style=\"--focalpoint: 32% 43%;\" srcset=\"https:\/\/www.elementlogic.net\/content\/uploads\/sites\/25\/2024\/10\/image-131-1024x682.png 1024w, https:\/\/www.elementlogic.net\/content\/uploads\/sites\/25\/2024\/10\/image-131-300x200.png 300w, https:\/\/www.elementlogic.net\/content\/uploads\/sites\/25\/2024\/10\/image-131-768x512.png 768w, https:\/\/www.elementlogic.net\/content\/uploads\/sites\/25\/2024\/10\/image-131-1536x1023.png 1536w, https:\/\/www.elementlogic.net\/content\/uploads\/sites\/25\/2024\/10\/image-131.png 1600w\" sizes=\"(max-width: 1024px) 100vw, 1024px\" \/>\n\t\t\t<div class=\"dekode-hero__content\">\n\t\t\t\t<div class=\"dekode-hero__container\">\n\t\t\t\t\t\n\n<h1 class=\"wp-block-heading\" id=\"tres-tendencias-emergentes-en-la-intralogistica\">Tres tendencias emergentes en la intralog\u00edstica<\/h1>\n\n\n\n<p>\u00bfSientes curiosidad por saber c\u00f3mo evolucionar\u00e1 el sector en los pr\u00f3ximos a\u00f1os? Tras 35 a\u00f1os optimizando el rendimiento de los almacenes, acumulamos la experiencia y el conocimiento necesarios para distinguir si una tendencia se impondr\u00e1 o se trata de una moda pasajera.<\/p>\n\n\n\t\t\t\t<\/div>\n\t\t\t<\/div>\n\t\t<\/div>\n\t\t\n\n\n<p>El sector de la intralog\u00edstica ha experimentado un gran crecimiento y transformaci\u00f3n en los dos \u00faltimos a\u00f1os.&nbsp;<\/p>\n\n\n\n<p>Adem\u00e1s de las nuevas tecnolog\u00edas y la innovaci\u00f3n en la distribuci\u00f3n de \u00faltima milla, tambi\u00e9n observamos que las expectativas de los clientes est\u00e1n cambiando. Estos esperan un fulfillment m\u00e1s r\u00e1pido y fiable y solicitan inmediatez en las entregas.<\/p>\n\n\n\n<p>Para seguir siendo competitivo, resulta necesario comprender las nuevas tendencias del sector.<\/p>\n\n\n\n<p>Por eso hemos elaborado este whitepaper. En \u00e9l, analizamos las tres tendencias que est\u00e1n revolucionando la intralog\u00edstica y el fulfillment. Estamos convencidos de que estas tendencias desempe\u00f1ar\u00e1n un papel clave en la evoluci\u00f3n del sector en los pr\u00f3ximos a\u00f1os.<\/p>\n\n\n\n<h3 class=\"wp-block-heading\" id=\"en-este-whitepaper-aprenderas-sobre\"><strong>En este whitepaper aprender\u00e1s sobre:<\/strong><\/h3>\n\n\n\n<ul class=\"wp-block-list\">\n<li>e-grocery y qu\u00e9 esperan los clientes en cuanto a plazos de entrega y flexibilidad.&nbsp;<\/li>\n\n\n\n<li>Centros de micro-fulfillment y formas innovadoras de acortar los plazos de entrega en la \u00faltima milla.<\/li>\n\n\n\n<li>Si la automatizaci\u00f3n como servicio (AaaS) ser\u00e1 la mejor soluci\u00f3n para automatizar los almacenes sin necesidad de realizar grandes inversiones iniciales.<\/li>\n<\/ul>\n\n\n\n<p>El whitepaper es gratuito y est\u00e1 disponible en espa\u00f1ol.<\/p>\n\n\n\n<div class=\"wp-block-leadin-hubspot-form-block\">\n\t\t\t\t\t\t<script>\n\t\t\t\t\t\t\twindow.hsFormsOnReady = window.hsFormsOnReady || [];\n\t\t\t\t\t\t\twindow.hsFormsOnReady.push(()=>{\n\t\t\t\t\t\t\t\thbspt.forms.create({\n\t\t\t\t\t\t\t\t\tportalId: 6196497,\n\t\t\t\t\t\t\t\t\tformId: \"c21a100a-29f6-4e21-8c19-87507988b7be\",\n\t\t\t\t\t\t\t\t\ttarget: \"#hbspt-form-1777655908000-2474919589\",\n\t\t\t\t\t\t\t\t\tregion: \"na1\",\n\t\t\t\t\t\t\t\t\t\n\t\t\t\t\t\t\t})});\n\t\t\t\t\t\t<\/script>\n\t\t\t\t\t\t<div class=\"hbspt-form\" id=\"hbspt-form-1777655908000-2474919589\"><\/div><\/div>\n","protected":false},"excerpt":{"rendered":"<p>El sector de la intralog\u00edstica ha experimentado un gran crecimiento y transformaci\u00f3n en los dos \u00faltimos a\u00f1os.&nbsp; Adem\u00e1s de las [&hellip;]<\/p>\n","protected":false},"author":11,"featured_media":0,"parent":353,"menu_order":0,"comment_status":"closed","ping_status":"closed","template":"","meta":{"hreflang_relation":0,"_el_cross_publish_source_blog_url":"","_el_cross_publish_source_blog_id":0,"_el_cross_publish_source_post_id":0,"_el_cross_publish_sync_state":"","exclude_from_search":false,"content-type":"","footnotes":""},"class_list":["post-2792","page","type-page","status-publish","hentry"],"yoast_head":"<!-- This site is optimized with the Yoast SEO Premium plugin v23.9 (Yoast SEO v23.9) - https:\/\/yoast.com\/wordpress\/plugins\/seo\/ -->\n<title>Tres tendencias emergentes en la intralog\u00edstica - Element Logic Mexico<\/title>\n<meta name=\"robots\" content=\"index, follow, max-snippet:-1, max-image-preview:large, max-video-preview:-1\" \/>\n<link rel=\"canonical\" href=\"https:\/\/www.elementlogic.net\/mx\/whitepaper\/tres-tendencias-emergentes-en-la-intralogistica\/\" \/>\n<meta property=\"og:locale\" content=\"es_MX\" \/>\n<meta property=\"og:type\" content=\"article\" \/>\n<meta property=\"og:title\" content=\"Tres tendencias emergentes en la intralog\u00edstica\" \/>\n<meta property=\"og:description\" content=\"El sector de la intralog\u00edstica ha experimentado un gran crecimiento y transformaci\u00f3n en los dos \u00faltimos a\u00f1os.&nbsp; Adem\u00e1s de las [&hellip;]\" \/>\n<meta property=\"og:url\" content=\"https:\/\/www.elementlogic.net\/mx\/whitepaper\/tres-tendencias-emergentes-en-la-intralogistica\/\" \/>\n<meta property=\"og:site_name\" content=\"Element Logic Mexico\" \/>\n<meta property=\"article:modified_time\" content=\"2025-05-08T17:25:33+00:00\" \/>\n<meta name=\"twitter:card\" content=\"summary_large_image\" \/>\n<meta name=\"twitter:label1\" content=\"Tiempo de lectura\" \/>\n\t<meta name=\"twitter:data1\" content=\"2 minutos\" \/>\n<script type=\"application\/ld+json\" class=\"yoast-schema-graph\">{\"@context\":\"https:\/\/schema.org\",\"@graph\":[{\"@type\":\"WebPage\",\"@id\":\"https:\/\/www.elementlogic.net\/mx\/whitepaper\/tres-tendencias-emergentes-en-la-intralogistica\/\",\"url\":\"https:\/\/www.elementlogic.net\/mx\/whitepaper\/tres-tendencias-emergentes-en-la-intralogistica\/\",\"name\":\"Tres tendencias emergentes en la intralog\u00edstica - Element Logic Mexico\",\"isPartOf\":{\"@id\":\"https:\/\/www.elementlogic.net\/mx\/#website\"},\"datePublished\":\"2025-05-08T17:25:32+00:00\",\"dateModified\":\"2025-05-08T17:25:33+00:00\",\"breadcrumb\":{\"@id\":\"https:\/\/www.elementlogic.net\/mx\/whitepaper\/tres-tendencias-emergentes-en-la-intralogistica\/#breadcrumb\"},\"inLanguage\":\"es\",\"potentialAction\":[{\"@type\":\"ReadAction\",\"target\":[\"https:\/\/www.elementlogic.net\/mx\/whitepaper\/tres-tendencias-emergentes-en-la-intralogistica\/\"]}]},{\"@type\":\"BreadcrumbList\",\"@id\":\"https:\/\/www.elementlogic.net\/mx\/whitepaper\/tres-tendencias-emergentes-en-la-intralogistica\/#breadcrumb\",\"itemListElement\":[{\"@type\":\"ListItem\",\"position\":1,\"name\":\"Whitepapers\",\"item\":\"https:\/\/www.elementlogic.net\/mx\/whitepaper\/\"},{\"@type\":\"ListItem\",\"position\":2,\"name\":\"Tres tendencias emergentes en la intralog\u00edstica\"}]},{\"@type\":\"WebSite\",\"@id\":\"https:\/\/www.elementlogic.net\/mx\/#website\",\"url\":\"https:\/\/www.elementlogic.net\/mx\/\",\"name\":\"Element Logic Mexico\",\"description\":\"\",\"potentialAction\":[{\"@type\":\"SearchAction\",\"target\":{\"@type\":\"EntryPoint\",\"urlTemplate\":\"https:\/\/www.elementlogic.net\/mx\/?s={search_term_string}\"},\"query-input\":{\"@type\":\"PropertyValueSpecification\",\"valueRequired\":true,\"valueName\":\"search_term_string\"}}],\"inLanguage\":\"es\"}]}<\/script>\n<!-- \/ Yoast SEO Premium plugin. -->","yoast_head_json":{"title":"Tres tendencias emergentes en la intralog\u00edstica - Element Logic Mexico","robots":{"index":"index","follow":"follow","max-snippet":"max-snippet:-1","max-image-preview":"max-image-preview:large","max-video-preview":"max-video-preview:-1"},"canonical":"https:\/\/www.elementlogic.net\/mx\/whitepaper\/tres-tendencias-emergentes-en-la-intralogistica\/","og_locale":"es_MX","og_type":"article","og_title":"Tres tendencias emergentes en la intralog\u00edstica","og_description":"El sector de la intralog\u00edstica ha experimentado un gran crecimiento y transformaci\u00f3n en los dos \u00faltimos a\u00f1os.&nbsp; Adem\u00e1s de las [&hellip;]","og_url":"https:\/\/www.elementlogic.net\/mx\/whitepaper\/tres-tendencias-emergentes-en-la-intralogistica\/","og_site_name":"Element Logic Mexico","article_modified_time":"2025-05-08T17:25:33+00:00","twitter_card":"summary_large_image","twitter_misc":{"Tiempo de lectura":"2 minutos"},"schema":{"@context":"https:\/\/schema.org","@graph":[{"@type":"WebPage","@id":"https:\/\/www.elementlogic.net\/mx\/whitepaper\/tres-tendencias-emergentes-en-la-intralogistica\/","url":"https:\/\/www.elementlogic.net\/mx\/whitepaper\/tres-tendencias-emergentes-en-la-intralogistica\/","name":"Tres tendencias emergentes en la intralog\u00edstica - Element Logic Mexico","isPartOf":{"@id":"https:\/\/www.elementlogic.net\/mx\/#website"},"datePublished":"2025-05-08T17:25:32+00:00","dateModified":"2025-05-08T17:25:33+00:00","breadcrumb":{"@id":"https:\/\/www.elementlogic.net\/mx\/whitepaper\/tres-tendencias-emergentes-en-la-intralogistica\/#breadcrumb"},"inLanguage":"es","potentialAction":[{"@type":"ReadAction","target":["https:\/\/www.elementlogic.net\/mx\/whitepaper\/tres-tendencias-emergentes-en-la-intralogistica\/"]}]},{"@type":"BreadcrumbList","@id":"https:\/\/www.elementlogic.net\/mx\/whitepaper\/tres-tendencias-emergentes-en-la-intralogistica\/#breadcrumb","itemListElement":[{"@type":"ListItem","position":1,"name":"Whitepapers","item":"https:\/\/www.elementlogic.net\/mx\/whitepaper\/"},{"@type":"ListItem","position":2,"name":"Tres tendencias emergentes en la intralog\u00edstica"}]},{"@type":"WebSite","@id":"https:\/\/www.elementlogic.net\/mx\/#website","url":"https:\/\/www.elementlogic.net\/mx\/","name":"Element Logic Mexico","description":"","potentialAction":[{"@type":"SearchAction","target":{"@type":"EntryPoint","urlTemplate":"https:\/\/www.elementlogic.net\/mx\/?s={search_term_string}"},"query-input":{"@type":"PropertyValueSpecification","valueRequired":true,"valueName":"search_term_string"}}],"inLanguage":"es"}]}},"_links":{"self":[{"href":"https:\/\/www.elementlogic.net\/mx\/wp-json\/wp\/v2\/pages\/2792"}],"collection":[{"href":"https:\/\/www.elementlogic.net\/mx\/wp-json\/wp\/v2\/pages"}],"about":[{"href":"https:\/\/www.elementlogic.net\/mx\/wp-json\/wp\/v2\/types\/page"}],"author":[{"embeddable":true,"href":"https:\/\/www.elementlogic.net\/mx\/wp-json\/wp\/v2\/users\/11"}],"replies":[{"embeddable":true,"href":"https:\/\/www.elementlogic.net\/mx\/wp-json\/wp\/v2\/comments?post=2792"}],"version-history":[{"count":1,"href":"https:\/\/www.elementlogic.net\/mx\/wp-json\/wp\/v2\/pages\/2792\/revisions"}],"predecessor-version":[{"id":2796,"href":"https:\/\/www.elementlogic.net\/mx\/wp-json\/wp\/v2\/pages\/2792\/revisions\/2796"}],"up":[{"embeddable":true,"href":"https:\/\/www.elementlogic.net\/mx\/wp-json\/wp\/v2\/pages\/353"}],"wp:attachment":[{"href":"https:\/\/www.elementlogic.net\/mx\/wp-json\/wp\/v2\/media?parent=2792"}],"curies":[{"name":"wp","href":"https:\/\/api.w.org\/{rel}","templated":true}]}}