{"id":346,"date":"2024-09-09T21:46:16","date_gmt":"2024-09-09T19:46:16","guid":{"rendered":"https:\/\/www.elementlogic.net\/?page_id=2173"},"modified":"2025-05-05T13:21:41","modified_gmt":"2025-05-05T19:21:41","slug":"aprovechar-los-datos-el-siguiente-nivel-en-la-automatizacion-del-almacen","status":"publish","type":"page","link":"https:\/\/www.elementlogic.net\/mx\/soluciones-y-servicios\/robot-de-picking-unitario-de-element-logic\/frontal-molins\/aprovechar-los-datos-el-siguiente-nivel-en-la-automatizacion-del-almacen\/","title":{"rendered":"Aprovechar los datos: el siguiente nivel en la automatizaci\u00f3n del almac\u00e9n"},"content":{"rendered":"\n\t\t<div style=\"--dekode-hero-dim:0.5; --t2-icon-fill:var(--wp--preset--color--white);\" class=\"alignfull dekode-hero-content-position-center has-media-background wp-block-dekode-hero has-text-color has-white-color\">\n\t\t\t<img loading=\"lazy\" decoding=\"async\" width=\"1024\" height=\"576\" src=\"https:\/\/www.elementlogic.net\/content\/uploads\/sites\/25\/2024\/10\/top-automation-blog-1024x576.jpg\" class=\"dekode-hero__image\" alt=\"\" style=\"--focalpoint: 50% 50%;\" srcset=\"https:\/\/www.elementlogic.net\/content\/uploads\/sites\/25\/2024\/10\/top-automation-blog-1024x576.jpg 1024w, https:\/\/www.elementlogic.net\/content\/uploads\/sites\/25\/2024\/10\/top-automation-blog-300x169.jpg 300w, https:\/\/www.elementlogic.net\/content\/uploads\/sites\/25\/2024\/10\/top-automation-blog-768x432.jpg 768w, https:\/\/www.elementlogic.net\/content\/uploads\/sites\/25\/2024\/10\/top-automation-blog.jpg 1200w\" sizes=\"(max-width: 1024px) 100vw, 1024px\" \/>\n\t\t\t<div class=\"dekode-hero__content\">\n\t\t\t\t<div class=\"dekode-hero__container\">\n\t\t\t\t\t\n\n<h1 class=\"wp-block-heading\" id=\"aprovechar-los-datos-el-siguiente-nivel-en-la-automatizacion-del-almacen\">Aprovechar los datos: el siguiente nivel en la automatizaci\u00f3n del almac\u00e9n<\/h1>\n\n\n\n<p>Para crecer y mantener la competitividad, resulta conveniente anticiparse al futuro y reaccionar en tiempo real. Para lograrlo, es necesario empezar a aprovechar los datos ocultos de tu almac\u00e9n.<\/p>\n\n\n\t\t\t\t<\/div>\n\t\t\t<\/div>\n\t\t<\/div>\n\t\t\n\n\n<p>Los datos ocultos de la operativa de tu almac\u00e9n pueden proporcionarte informaci\u00f3n pr\u00e1ctica para planificar la capacidad, realizar un mantenimiento predictivo, gestionar el transporte y mantener a tu equipo motivado.<\/p>\n\n\n\n<p>&#8220;Los datos se han convertido en el oro oculto de los almacenes de todo el mundo. Es hora de sacarles partido&#8221;, afirma Sutharshan Nadarajah, director de Tecnolog\u00eda de Element Logic.<\/p>\n\n\n\n<p>En este whitepaper, Nadarajah explica c\u00f3mo est\u00e1 avanzando la intralog\u00edstica hacia el futuro con soluciones data-driven (basadas en datos) y ofrece las claves para adaptarte a todos estos cambios.<\/p>\n\n\n\n<h3 class=\"wp-block-heading\" id=\"h-en-este-whitepaper-descubriras\"><strong>En este whitepaper descubrir\u00e1s:<\/strong><\/h3>\n\n\n\n<ul class=\"wp-block-list\">\n<li>C\u00f3mo ser\u00e1 el futuro data-driven dentro de la intralog\u00edstica<\/li>\n\n\n\n<li>D\u00f3nde puedes encontrar datos de valor en las operaciones de tu almac\u00e9n<\/li>\n\n\n\n<li>C\u00f3mo asegurarte de que est\u00e1s invirtiendo en las soluciones de software adecuadas<\/li>\n\n\n\n<li>C\u00f3mo aprovechar al m\u00e1ximo los datos<\/li>\n\n\n\n<li>Ejemplos de c\u00f3mo puedes aprovechar las soluciones data-driven para optimizar la operativa de tu almac\u00e9n<\/li>\n\n\n\n<li>El ecosistema de software de Element Logic<\/li>\n<\/ul>\n\n\n\n<p>El whitepaper es gratuito y est\u00e1 disponible en espa\u00f1ol.<\/p>\n\n\n\n<div class=\"embedded-form\"><div data-form-block-id=\"074114c1-7771-ed11-9561-6045bd895fe3\"><\/div>  <div id=\"dFa1UuoeZPPk4Y1su08tGrEtGYBHL2MnDwSLFpz1AG3g\"><\/div><div class=\"d365-mkt-config\" data-website-id=\"Fa1UuoeZPPk4Y1su08tGrEtGYBHL2MnDwSLFpz1AG3g\" data-hostname=\"10e0669ec72c4a3192197bcd3523ed31.svc.dynamics.com\"><\/div><\/div>\n","protected":false},"excerpt":{"rendered":"<p>Los datos ocultos de la operativa de tu almac\u00e9n pueden proporcionarte informaci\u00f3n pr\u00e1ctica para planificar la capacidad, realizar un mantenimiento [&hellip;]<\/p>\n","protected":false},"author":3,"featured_media":0,"parent":155,"menu_order":0,"comment_status":"closed","ping_status":"closed","template":"","meta":{"hreflang_relation":0,"_el_cross_publish_source_blog_url":"","_el_cross_publish_source_blog_id":0,"_el_cross_publish_source_post_id":0,"_el_cross_publish_sync_state":"","exclude_from_search":false,"content-type":"","footnotes":""},"class_list":["post-346","page","type-page","status-publish","hentry"],"yoast_head":"<!-- This site is optimized with the Yoast SEO Premium plugin v23.9 (Yoast SEO v23.9) - https:\/\/yoast.com\/wordpress\/plugins\/seo\/ -->\n<title>Aprovechamiento de Datos en la Automatizaci\u00f3n | Element Logic<\/title>\n<meta name=\"description\" content=\"Aprende c\u00f3mo el uso inteligente de datos impulsa la automatizaci\u00f3n del almac\u00e9n, mejorando la toma de decisiones en tiempo real.\" \/>\n<meta name=\"robots\" content=\"index, follow, max-snippet:-1, max-image-preview:large, max-video-preview:-1\" \/>\n<link rel=\"canonical\" href=\"https:\/\/www.elementlogic.net\/mx\/soluciones-y-servicios\/robot-de-picking-unitario-de-element-logic\/frontal-molins\/aprovechar-los-datos-el-siguiente-nivel-en-la-automatizacion-del-almacen\/\" \/>\n<meta property=\"og:locale\" content=\"es_MX\" \/>\n<meta property=\"og:type\" content=\"article\" \/>\n<meta property=\"og:title\" content=\"Aprovechar los datos: el siguiente nivel en la automatizaci\u00f3n del almac\u00e9n\" \/>\n<meta property=\"og:description\" content=\"Aprende c\u00f3mo el uso inteligente de datos impulsa la automatizaci\u00f3n del almac\u00e9n, mejorando la toma de decisiones en tiempo real.\" \/>\n<meta property=\"og:url\" content=\"https:\/\/www.elementlogic.net\/mx\/soluciones-y-servicios\/robot-de-picking-unitario-de-element-logic\/frontal-molins\/aprovechar-los-datos-el-siguiente-nivel-en-la-automatizacion-del-almacen\/\" \/>\n<meta property=\"og:site_name\" content=\"Element Logic Mexico\" \/>\n<meta property=\"article:modified_time\" content=\"2025-05-05T19:21:41+00:00\" \/>\n<meta name=\"twitter:card\" content=\"summary_large_image\" \/>\n<meta name=\"twitter:label1\" content=\"Tiempo de lectura\" \/>\n\t<meta name=\"twitter:data1\" content=\"1 minuto\" \/>\n<script type=\"application\/ld+json\" class=\"yoast-schema-graph\">{\"@context\":\"https:\/\/schema.org\",\"@graph\":[{\"@type\":\"WebPage\",\"@id\":\"https:\/\/www.elementlogic.net\/mx\/soluciones-y-servicios\/robot-de-picking-unitario-de-element-logic\/frontal-molins\/aprovechar-los-datos-el-siguiente-nivel-en-la-automatizacion-del-almacen\/\",\"url\":\"https:\/\/www.elementlogic.net\/mx\/soluciones-y-servicios\/robot-de-picking-unitario-de-element-logic\/frontal-molins\/aprovechar-los-datos-el-siguiente-nivel-en-la-automatizacion-del-almacen\/\",\"name\":\"Aprovechamiento de Datos en la Automatizaci\u00f3n | Element Logic\",\"isPartOf\":{\"@id\":\"https:\/\/www.elementlogic.net\/mx\/#website\"},\"datePublished\":\"2024-09-09T19:46:16+00:00\",\"dateModified\":\"2025-05-05T19:21:41+00:00\",\"description\":\"Aprende c\u00f3mo el uso inteligente de datos impulsa la automatizaci\u00f3n del almac\u00e9n, mejorando la toma de decisiones en tiempo real.\",\"inLanguage\":\"es\",\"potentialAction\":[{\"@type\":\"ReadAction\",\"target\":[\"https:\/\/www.elementlogic.net\/mx\/soluciones-y-servicios\/robot-de-picking-unitario-de-element-logic\/frontal-molins\/aprovechar-los-datos-el-siguiente-nivel-en-la-automatizacion-del-almacen\/\"]}]},{\"@type\":\"WebSite\",\"@id\":\"https:\/\/www.elementlogic.net\/mx\/#website\",\"url\":\"https:\/\/www.elementlogic.net\/mx\/\",\"name\":\"Element Logic Mexico\",\"description\":\"\",\"potentialAction\":[{\"@type\":\"SearchAction\",\"target\":{\"@type\":\"EntryPoint\",\"urlTemplate\":\"https:\/\/www.elementlogic.net\/mx\/?s={search_term_string}\"},\"query-input\":{\"@type\":\"PropertyValueSpecification\",\"valueRequired\":true,\"valueName\":\"search_term_string\"}}],\"inLanguage\":\"es\"}]}<\/script>\n<!-- \/ Yoast SEO Premium plugin. -->","yoast_head_json":{"title":"Aprovechamiento de Datos en la Automatizaci\u00f3n | Element Logic","description":"Aprende c\u00f3mo el uso inteligente de datos impulsa la automatizaci\u00f3n del almac\u00e9n, mejorando la toma de decisiones en tiempo real.","robots":{"index":"index","follow":"follow","max-snippet":"max-snippet:-1","max-image-preview":"max-image-preview:large","max-video-preview":"max-video-preview:-1"},"canonical":"https:\/\/www.elementlogic.net\/mx\/soluciones-y-servicios\/robot-de-picking-unitario-de-element-logic\/frontal-molins\/aprovechar-los-datos-el-siguiente-nivel-en-la-automatizacion-del-almacen\/","og_locale":"es_MX","og_type":"article","og_title":"Aprovechar los datos: el siguiente nivel en la automatizaci\u00f3n del almac\u00e9n","og_description":"Aprende c\u00f3mo el uso inteligente de datos impulsa la automatizaci\u00f3n del almac\u00e9n, mejorando la toma de decisiones en tiempo real.","og_url":"https:\/\/www.elementlogic.net\/mx\/soluciones-y-servicios\/robot-de-picking-unitario-de-element-logic\/frontal-molins\/aprovechar-los-datos-el-siguiente-nivel-en-la-automatizacion-del-almacen\/","og_site_name":"Element Logic Mexico","article_modified_time":"2025-05-05T19:21:41+00:00","twitter_card":"summary_large_image","twitter_misc":{"Tiempo de lectura":"1 minuto"},"schema":{"@context":"https:\/\/schema.org","@graph":[{"@type":"WebPage","@id":"https:\/\/www.elementlogic.net\/mx\/soluciones-y-servicios\/robot-de-picking-unitario-de-element-logic\/frontal-molins\/aprovechar-los-datos-el-siguiente-nivel-en-la-automatizacion-del-almacen\/","url":"https:\/\/www.elementlogic.net\/mx\/soluciones-y-servicios\/robot-de-picking-unitario-de-element-logic\/frontal-molins\/aprovechar-los-datos-el-siguiente-nivel-en-la-automatizacion-del-almacen\/","name":"Aprovechamiento de Datos en la Automatizaci\u00f3n | Element Logic","isPartOf":{"@id":"https:\/\/www.elementlogic.net\/mx\/#website"},"datePublished":"2024-09-09T19:46:16+00:00","dateModified":"2025-05-05T19:21:41+00:00","description":"Aprende c\u00f3mo el uso inteligente de datos impulsa la automatizaci\u00f3n del almac\u00e9n, mejorando la toma de decisiones en tiempo real.","inLanguage":"es","potentialAction":[{"@type":"ReadAction","target":["https:\/\/www.elementlogic.net\/mx\/soluciones-y-servicios\/robot-de-picking-unitario-de-element-logic\/frontal-molins\/aprovechar-los-datos-el-siguiente-nivel-en-la-automatizacion-del-almacen\/"]}]},{"@type":"WebSite","@id":"https:\/\/www.elementlogic.net\/mx\/#website","url":"https:\/\/www.elementlogic.net\/mx\/","name":"Element Logic Mexico","description":"","potentialAction":[{"@type":"SearchAction","target":{"@type":"EntryPoint","urlTemplate":"https:\/\/www.elementlogic.net\/mx\/?s={search_term_string}"},"query-input":{"@type":"PropertyValueSpecification","valueRequired":true,"valueName":"search_term_string"}}],"inLanguage":"es"}]}},"_links":{"self":[{"href":"https:\/\/www.elementlogic.net\/mx\/wp-json\/wp\/v2\/pages\/346"}],"collection":[{"href":"https:\/\/www.elementlogic.net\/mx\/wp-json\/wp\/v2\/pages"}],"about":[{"href":"https:\/\/www.elementlogic.net\/mx\/wp-json\/wp\/v2\/types\/page"}],"author":[{"embeddable":true,"href":"https:\/\/www.elementlogic.net\/mx\/wp-json\/wp\/v2\/users\/3"}],"replies":[{"embeddable":true,"href":"https:\/\/www.elementlogic.net\/mx\/wp-json\/wp\/v2\/comments?post=346"}],"version-history":[{"count":1,"href":"https:\/\/www.elementlogic.net\/mx\/wp-json\/wp\/v2\/pages\/346\/revisions"}],"predecessor-version":[{"id":2618,"href":"https:\/\/www.elementlogic.net\/mx\/wp-json\/wp\/v2\/pages\/346\/revisions\/2618"}],"up":[{"embeddable":true,"href":"https:\/\/www.elementlogic.net\/mx\/wp-json\/wp\/v2\/media\/155"}],"wp:attachment":[{"href":"https:\/\/www.elementlogic.net\/mx\/wp-json\/wp\/v2\/media?parent=346"}],"curies":[{"name":"wp","href":"https:\/\/api.w.org\/{rel}","templated":true}]}}