{"id":351,"date":"2024-09-09T21:29:59","date_gmt":"2024-09-09T19:29:59","guid":{"rendered":"https:\/\/www.elementlogic.net\/?page_id=2150"},"modified":"2025-04-09T12:50:43","modified_gmt":"2025-04-09T18:50:43","slug":"intralogistica-y-automatizacion-sostenibles-es-realmente-posible","status":"publish","type":"page","link":"https:\/\/www.elementlogic.net\/mx\/soluciones-y-servicios\/robot-de-picking-unitario-de-element-logic\/frontal-molins\/intralogistica-y-automatizacion-sostenibles-es-realmente-posible\/","title":{"rendered":"Intralog\u00edstica y automatizaci\u00f3n sostenibles"},"content":{"rendered":"\n\t\t<div style=\"--dekode-hero-dim:0.5; --t2-icon-fill:var(--wp--preset--color--white);\" class=\"alignfull dekode-hero-content-position-center has-media-background wp-block-dekode-hero\">\n\t\t\t<img loading=\"lazy\" decoding=\"async\" width=\"1024\" height=\"422\" src=\"https:\/\/www.elementlogic.net\/content\/uploads\/sites\/25\/\/2024\/10\/Bin-presentations-live-data-3-1024x422.png\" class=\"dekode-hero__image\" alt=\"\" style=\"--focalpoint: 54% 28%;\" srcset=\"https:\/\/www.elementlogic.net\/content\/uploads\/sites\/25\/2024\/10\/Bin-presentations-live-data-3-1024x422.png 1024w, https:\/\/www.elementlogic.net\/content\/uploads\/sites\/25\/2024\/10\/Bin-presentations-live-data-3-300x124.png 300w, https:\/\/www.elementlogic.net\/content\/uploads\/sites\/25\/2024\/10\/Bin-presentations-live-data-3-768x316.png 768w, https:\/\/www.elementlogic.net\/content\/uploads\/sites\/25\/2024\/10\/Bin-presentations-live-data-3-1536x633.png 1536w, https:\/\/www.elementlogic.net\/content\/uploads\/sites\/25\/2024\/10\/Bin-presentations-live-data-3.png 1780w\" sizes=\"(max-width: 1024px) 100vw, 1024px\" \/>\n\t\t\t<div class=\"dekode-hero__content\">\n\t\t\t\t<div class=\"dekode-hero__container\">\n\t\t\t\t\t\n\n<h1 class=\"wp-block-heading\" id=\"intralogistica-y-automatizacion-sostenibles\">Intralog\u00edstica y automatizaci\u00f3n sostenibles<\/h1>\n\n\n\n<p>\u00bfEs realmente posible? Se lo hemos preguntado a nuestro responsable de sostenibilidad. Desc\u00e1rgate nuestro whitepaper para descubrirlo.<\/p>\n\n\n\t\t\t\t<\/div>\n\t\t\t<\/div>\n\t\t<\/div>\n\t\t\n\n\n<p>&#8220;Hoy en d\u00eda, tus clientes desean tener la tranquilidad de saber que las empresas a las que compran respetan el medioambiente&#8221;, afirma Kevin Kempe, vicepresidente de Sostenibilidad y ASG en Element Logic.<\/p>\n\n\n\n<p>Pero, \u00bfes posible gestionar un almac\u00e9n de manera eficiente y, al mismo tiempo, cumplir con los objetivos de sostenibilidad que esperan de ti las partes interesadas?<\/p>\n\n\n\n<h3 class=\"wp-block-heading\" id=\"h-en-este-whitepaper-descubriras\"><strong>En este whitepaper descubrir\u00e1s:<\/strong><\/h3>\n\n\n\n<ul class=\"wp-block-list\">\n<li>C\u00f3mo est\u00e1 evolucionando la automatizaci\u00f3n hacia una industria m\u00e1s sostenible.<\/li>\n\n\n\n<li>Qu\u00e9 debes tener en cuenta al invertir en una tecnolog\u00eda de almac\u00e9n m\u00e1s sostenible.<\/li>\n\n\n\n<li>C\u00f3mo puedes mejorar la utilizaci\u00f3n de los recursos, la eficiencia y el impacto medioambiental.<\/li>\n\n\n\n<li>C\u00f3mo utilizar la automatizaci\u00f3n de almacenes para mejorar la responsabilidad social.<\/li>\n\n\n\n<li>C\u00f3mo ser transparente y evitar el <em>greenwashing.<\/em><\/li>\n\n\n\n<li>Directrices importantes de la UE y c\u00f3mo cumplirlas.<\/li>\n\n\n\n<li>C\u00f3mo minimizar tu huella de carbono con energ\u00edas renovables.<\/li>\n\n\n\n<li>Un caso de \u00e9xito de un cliente que realiz\u00f3 un esfuerzo adicional para reducir su huella de carbono.<\/li>\n<\/ul>\n\n\n\n<p>Este whitepaper es gratuito y est\u00e1 disponible en espa\u00f1ol.<\/p>\n\n\n\n\n\n<div class=\"wp-block-leadin-hubspot-form-block\">\n\t\t\t\t\t\t<script>\n\t\t\t\t\t\t\twindow.hsFormsOnReady = window.hsFormsOnReady || [];\n\t\t\t\t\t\t\twindow.hsFormsOnReady.push(()=>{\n\t\t\t\t\t\t\t\thbspt.forms.create({\n\t\t\t\t\t\t\t\t\tportalId: 6196497,\n\t\t\t\t\t\t\t\t\tformId: \"0080a81a-8486-4e87-9885-d0ef4fb32dd2\",\n\t\t\t\t\t\t\t\t\ttarget: \"#hbspt-form-1777508505000-4573311354\",\n\t\t\t\t\t\t\t\t\tregion: \"na1\",\n\t\t\t\t\t\t\t\t\t\n\t\t\t\t\t\t\t})});\n\t\t\t\t\t\t<\/script>\n\t\t\t\t\t\t<div class=\"hbspt-form\" id=\"hbspt-form-1777508505000-4573311354\"><\/div><\/div>\n","protected":false},"excerpt":{"rendered":"<p>&#8220;Hoy en d\u00eda, tus clientes desean tener la tranquilidad de saber que las empresas a las que compran respetan el [&hellip;]<\/p>\n","protected":false},"author":3,"featured_media":0,"parent":155,"menu_order":0,"comment_status":"closed","ping_status":"closed","template":"","meta":{"hreflang_relation":0,"_el_cross_publish_source_blog_url":"","_el_cross_publish_source_blog_id":0,"_el_cross_publish_source_post_id":0,"_el_cross_publish_sync_state":"","exclude_from_search":false,"content-type":"","footnotes":""},"class_list":["post-351","page","type-page","status-publish","hentry"],"yoast_head":"<!-- This site is optimized with the Yoast SEO Premium plugin v23.9 (Yoast SEO v23.9) - https:\/\/yoast.com\/wordpress\/plugins\/seo\/ -->\n<title>Intralog\u00edstica y automatizaci\u00f3n sostenibles - Element Logic Mexico<\/title>\n<meta name=\"robots\" content=\"index, follow, max-snippet:-1, max-image-preview:large, max-video-preview:-1\" \/>\n<link rel=\"canonical\" href=\"https:\/\/www.elementlogic.net\/mx\/soluciones-y-servicios\/robot-de-picking-unitario-de-element-logic\/frontal-molins\/intralogistica-y-automatizacion-sostenibles-es-realmente-posible\/\" \/>\n<meta property=\"og:locale\" content=\"es_MX\" \/>\n<meta property=\"og:type\" content=\"article\" \/>\n<meta property=\"og:title\" content=\"Intralog\u00edstica y automatizaci\u00f3n sostenibles\" \/>\n<meta property=\"og:description\" content=\"&#8220;Hoy en d\u00eda, tus clientes desean tener la tranquilidad de saber que las empresas a las que compran respetan el [&hellip;]\" \/>\n<meta property=\"og:url\" content=\"https:\/\/www.elementlogic.net\/mx\/soluciones-y-servicios\/robot-de-picking-unitario-de-element-logic\/frontal-molins\/intralogistica-y-automatizacion-sostenibles-es-realmente-posible\/\" \/>\n<meta property=\"og:site_name\" content=\"Element Logic Mexico\" \/>\n<meta property=\"article:modified_time\" content=\"2025-04-09T18:50:43+00:00\" \/>\n<meta name=\"twitter:card\" content=\"summary_large_image\" \/>\n<meta name=\"twitter:label1\" content=\"Tiempo de lectura\" \/>\n\t<meta name=\"twitter:data1\" content=\"1 minuto\" \/>\n<script type=\"application\/ld+json\" class=\"yoast-schema-graph\">{\"@context\":\"https:\/\/schema.org\",\"@graph\":[{\"@type\":\"WebPage\",\"@id\":\"https:\/\/www.elementlogic.net\/mx\/soluciones-y-servicios\/robot-de-picking-unitario-de-element-logic\/frontal-molins\/intralogistica-y-automatizacion-sostenibles-es-realmente-posible\/\",\"url\":\"https:\/\/www.elementlogic.net\/mx\/soluciones-y-servicios\/robot-de-picking-unitario-de-element-logic\/frontal-molins\/intralogistica-y-automatizacion-sostenibles-es-realmente-posible\/\",\"name\":\"Intralog\u00edstica y automatizaci\u00f3n sostenibles - Element Logic Mexico\",\"isPartOf\":{\"@id\":\"https:\/\/www.elementlogic.net\/mx\/#website\"},\"datePublished\":\"2024-09-09T19:29:59+00:00\",\"dateModified\":\"2025-04-09T18:50:43+00:00\",\"inLanguage\":\"es\",\"potentialAction\":[{\"@type\":\"ReadAction\",\"target\":[\"https:\/\/www.elementlogic.net\/mx\/soluciones-y-servicios\/robot-de-picking-unitario-de-element-logic\/frontal-molins\/intralogistica-y-automatizacion-sostenibles-es-realmente-posible\/\"]}]},{\"@type\":\"WebSite\",\"@id\":\"https:\/\/www.elementlogic.net\/mx\/#website\",\"url\":\"https:\/\/www.elementlogic.net\/mx\/\",\"name\":\"Element Logic Mexico\",\"description\":\"\",\"potentialAction\":[{\"@type\":\"SearchAction\",\"target\":{\"@type\":\"EntryPoint\",\"urlTemplate\":\"https:\/\/www.elementlogic.net\/mx\/?s={search_term_string}\"},\"query-input\":{\"@type\":\"PropertyValueSpecification\",\"valueRequired\":true,\"valueName\":\"search_term_string\"}}],\"inLanguage\":\"es\"}]}<\/script>\n<!-- \/ Yoast SEO Premium plugin. -->","yoast_head_json":{"title":"Intralog\u00edstica y automatizaci\u00f3n sostenibles - Element Logic Mexico","robots":{"index":"index","follow":"follow","max-snippet":"max-snippet:-1","max-image-preview":"max-image-preview:large","max-video-preview":"max-video-preview:-1"},"canonical":"https:\/\/www.elementlogic.net\/mx\/soluciones-y-servicios\/robot-de-picking-unitario-de-element-logic\/frontal-molins\/intralogistica-y-automatizacion-sostenibles-es-realmente-posible\/","og_locale":"es_MX","og_type":"article","og_title":"Intralog\u00edstica y automatizaci\u00f3n sostenibles","og_description":"&#8220;Hoy en d\u00eda, tus clientes desean tener la tranquilidad de saber que las empresas a las que compran respetan el [&hellip;]","og_url":"https:\/\/www.elementlogic.net\/mx\/soluciones-y-servicios\/robot-de-picking-unitario-de-element-logic\/frontal-molins\/intralogistica-y-automatizacion-sostenibles-es-realmente-posible\/","og_site_name":"Element Logic Mexico","article_modified_time":"2025-04-09T18:50:43+00:00","twitter_card":"summary_large_image","twitter_misc":{"Tiempo de lectura":"1 minuto"},"schema":{"@context":"https:\/\/schema.org","@graph":[{"@type":"WebPage","@id":"https:\/\/www.elementlogic.net\/mx\/soluciones-y-servicios\/robot-de-picking-unitario-de-element-logic\/frontal-molins\/intralogistica-y-automatizacion-sostenibles-es-realmente-posible\/","url":"https:\/\/www.elementlogic.net\/mx\/soluciones-y-servicios\/robot-de-picking-unitario-de-element-logic\/frontal-molins\/intralogistica-y-automatizacion-sostenibles-es-realmente-posible\/","name":"Intralog\u00edstica y automatizaci\u00f3n sostenibles - Element Logic Mexico","isPartOf":{"@id":"https:\/\/www.elementlogic.net\/mx\/#website"},"datePublished":"2024-09-09T19:29:59+00:00","dateModified":"2025-04-09T18:50:43+00:00","inLanguage":"es","potentialAction":[{"@type":"ReadAction","target":["https:\/\/www.elementlogic.net\/mx\/soluciones-y-servicios\/robot-de-picking-unitario-de-element-logic\/frontal-molins\/intralogistica-y-automatizacion-sostenibles-es-realmente-posible\/"]}]},{"@type":"WebSite","@id":"https:\/\/www.elementlogic.net\/mx\/#website","url":"https:\/\/www.elementlogic.net\/mx\/","name":"Element Logic Mexico","description":"","potentialAction":[{"@type":"SearchAction","target":{"@type":"EntryPoint","urlTemplate":"https:\/\/www.elementlogic.net\/mx\/?s={search_term_string}"},"query-input":{"@type":"PropertyValueSpecification","valueRequired":true,"valueName":"search_term_string"}}],"inLanguage":"es"}]}},"_links":{"self":[{"href":"https:\/\/www.elementlogic.net\/mx\/wp-json\/wp\/v2\/pages\/351"}],"collection":[{"href":"https:\/\/www.elementlogic.net\/mx\/wp-json\/wp\/v2\/pages"}],"about":[{"href":"https:\/\/www.elementlogic.net\/mx\/wp-json\/wp\/v2\/types\/page"}],"author":[{"embeddable":true,"href":"https:\/\/www.elementlogic.net\/mx\/wp-json\/wp\/v2\/users\/3"}],"replies":[{"embeddable":true,"href":"https:\/\/www.elementlogic.net\/mx\/wp-json\/wp\/v2\/comments?post=351"}],"version-history":[{"count":1,"href":"https:\/\/www.elementlogic.net\/mx\/wp-json\/wp\/v2\/pages\/351\/revisions"}],"predecessor-version":[{"id":2625,"href":"https:\/\/www.elementlogic.net\/mx\/wp-json\/wp\/v2\/pages\/351\/revisions\/2625"}],"up":[{"embeddable":true,"href":"https:\/\/www.elementlogic.net\/mx\/wp-json\/wp\/v2\/media\/155"}],"wp:attachment":[{"href":"https:\/\/www.elementlogic.net\/mx\/wp-json\/wp\/v2\/media?parent=351"}],"curies":[{"name":"wp","href":"https:\/\/api.w.org\/{rel}","templated":true}]}}