{"id":377,"date":"2024-09-03T15:26:40","date_gmt":"2024-09-03T13:26:40","guid":{"rendered":"https:\/\/www.elementlogic.net\/?page_id=1865"},"modified":"2024-10-31T14:47:13","modified_gmt":"2024-10-31T14:47:13","slug":"cubetas","status":"publish","type":"page","link":"https:\/\/www.elementlogic.net\/mx\/soluciones-y-servicios\/autostore\/cubetas\/","title":{"rendered":"Cubetas"},"content":{"rendered":"<p class=\"t2-ingress wp-block-t2-ingress\">Las cubetas de AutoStore, de 400 mm x 600 mm, est\u00e1n disponibles en tres alturas (220 mm, 330 mm y 425 mm) para satisfacer diversas necesidades de almacenamiento.<\/p>\n\n\n\t\t<div class=\"alignwide is-mode-constrained is-gap-center wp-block-t2-simple-media-text   \">\n\t\t\t<div class=\"t2-simple-media-text__container\">\n\t\t\t\t<div class=\"t2-simple-media-text__image\"><img loading=\"lazy\" decoding=\"async\" width=\"768\" height=\"512\" src=\"https:\/\/www.elementlogic.net\/content\/uploads\/sites\/25\/2024\/10\/AS-Bins-330mm-top-768x512-1.jpg\" class=\"\" alt=\"\" style=\"--focalpoint: 50% 50%;\" srcset=\"https:\/\/www.elementlogic.net\/content\/uploads\/sites\/25\/2024\/10\/AS-Bins-330mm-top-768x512-1.jpg 768w, https:\/\/www.elementlogic.net\/content\/uploads\/sites\/25\/2024\/10\/AS-Bins-330mm-top-768x512-1-300x200.jpg 300w\" sizes=\"(max-width: 768px) 100vw, 768px\" \/><\/div>\n\t\t\t\t<div class=\"t2-simple-media-text__content-container\">\n\t\t\t\t\t<div class=\"t2-simple-media-text__content\">\n\t\t\t\t\t\t<div class=\"t2-simple-media-text__content-inner\">\n\t\t\t\t\t\t\t\n\n<p>La cubeta m\u00e1s alta es compatible con los robots B1 y R5+. Cada cubeta puede dividirse en hasta 32 compartimentos m\u00f3viles, lo que permite almacenar m\u00faltiples categor\u00edas de productos.&nbsp;<\/p>\n\n\n\n<p>Las cubetas destacan por su alta durabilidad, gracias a su dise\u00f1o exclusivo y al cuidado con el que los robots las manipulan. Son capaces de soportar cargas de hasta 30 kg y pueden apilarse hasta 14, 16 o incluso 24 cubetas una sobre otra en tu instalaci\u00f3n.&nbsp;<\/p>\n\n\n\n<p>Cada cubeta cuenta con un dise\u00f1o robusto, elementos de guiado y un identificador \u00fanico que permite un seguimiento preciso del inventario. Estas caracter\u00edsticas aseguran un rendimiento duradero y un control total del inventario, como lo demuestran las cubetas que siguen en uso desde 2005 en el <a href=\"https:\/\/www.elementlogic.es\/cases\/el-primer-almacen-autostore-del-mundo-continua-funcionando\/\" target=\"_blank\" rel=\"noreferrer noopener\">primer almac\u00e9n AutoStore del mundo<\/a>, instalado por Element Logic.&nbsp;<\/p>\n\n\n\t\t\t\t\t\t<\/div>\n\t\t\t\t\t<\/div>\n\t\t\t\t<\/div>\n\t\t\t<\/div>\n\t\t<\/div>\n\t\t","protected":false},"excerpt":{"rendered":"","protected":false},"author":11,"featured_media":0,"parent":404,"menu_order":0,"comment_status":"closed","ping_status":"closed","template":"","meta":{"hreflang_relation":0,"_el_cross_publish_source_blog_url":"","_el_cross_publish_source_blog_id":0,"_el_cross_publish_source_post_id":0,"_el_cross_publish_sync_state":"","exclude_from_search":false,"content-type":"","footnotes":""},"class_list":["post-377","page","type-page","status-publish","hentry"],"yoast_head":"<!-- This site is optimized with the Yoast SEO Premium plugin v23.9 (Yoast SEO v23.9) - https:\/\/yoast.com\/wordpress\/plugins\/seo\/ -->\n<title>Cubetas - Element Logic Mexico<\/title>\n<meta name=\"robots\" content=\"index, follow, max-snippet:-1, max-image-preview:large, max-video-preview:-1\" \/>\n<link rel=\"canonical\" href=\"https:\/\/www.elementlogic.net\/mx\/soluciones-y-servicios\/autostore\/cubetas\/\" \/>\n<meta property=\"og:locale\" content=\"es_MX\" \/>\n<meta property=\"og:type\" content=\"article\" \/>\n<meta property=\"og:title\" content=\"Cubetas\" \/>\n<meta property=\"og:url\" content=\"https:\/\/www.elementlogic.net\/mx\/soluciones-y-servicios\/autostore\/cubetas\/\" \/>\n<meta property=\"og:site_name\" content=\"Element Logic Mexico\" \/>\n<meta property=\"article:modified_time\" content=\"2024-10-31T14:47:13+00:00\" \/>\n<meta name=\"twitter:card\" content=\"summary_large_image\" \/>\n<meta name=\"twitter:label1\" content=\"Tiempo de lectura\" \/>\n\t<meta name=\"twitter:data1\" content=\"1 minuto\" \/>\n<script type=\"application\/ld+json\" class=\"yoast-schema-graph\">{\"@context\":\"https:\/\/schema.org\",\"@graph\":[{\"@type\":\"WebPage\",\"@id\":\"https:\/\/www.elementlogic.net\/mx\/soluciones-y-servicios\/autostore\/cubetas\/\",\"url\":\"https:\/\/www.elementlogic.net\/mx\/soluciones-y-servicios\/autostore\/cubetas\/\",\"name\":\"Cubetas - Element Logic Mexico\",\"isPartOf\":{\"@id\":\"https:\/\/www.elementlogic.net\/mx\/#website\"},\"datePublished\":\"2024-09-03T13:26:40+00:00\",\"dateModified\":\"2024-10-31T14:47:13+00:00\",\"breadcrumb\":{\"@id\":\"https:\/\/www.elementlogic.net\/mx\/soluciones-y-servicios\/autostore\/cubetas\/#breadcrumb\"},\"inLanguage\":\"es\",\"potentialAction\":[{\"@type\":\"ReadAction\",\"target\":[\"https:\/\/www.elementlogic.net\/mx\/soluciones-y-servicios\/autostore\/cubetas\/\"]}]},{\"@type\":\"BreadcrumbList\",\"@id\":\"https:\/\/www.elementlogic.net\/mx\/soluciones-y-servicios\/autostore\/cubetas\/#breadcrumb\",\"itemListElement\":[{\"@type\":\"ListItem\",\"position\":1,\"name\":\"Soluciones y servicios\",\"item\":\"https:\/\/www.elementlogic.net\/mx\/soluciones-y-servicios\/\"},{\"@type\":\"ListItem\",\"position\":2,\"name\":\"AutoStore\",\"item\":\"https:\/\/www.elementlogic.net\/mx\/soluciones-y-servicios\/autostore\/\"},{\"@type\":\"ListItem\",\"position\":3,\"name\":\"Cubetas\"}]},{\"@type\":\"WebSite\",\"@id\":\"https:\/\/www.elementlogic.net\/mx\/#website\",\"url\":\"https:\/\/www.elementlogic.net\/mx\/\",\"name\":\"Element Logic Mexico\",\"description\":\"\",\"potentialAction\":[{\"@type\":\"SearchAction\",\"target\":{\"@type\":\"EntryPoint\",\"urlTemplate\":\"https:\/\/www.elementlogic.net\/mx\/?s={search_term_string}\"},\"query-input\":{\"@type\":\"PropertyValueSpecification\",\"valueRequired\":true,\"valueName\":\"search_term_string\"}}],\"inLanguage\":\"es\"}]}<\/script>\n<!-- \/ Yoast SEO Premium plugin. -->","yoast_head_json":{"title":"Cubetas - Element Logic Mexico","robots":{"index":"index","follow":"follow","max-snippet":"max-snippet:-1","max-image-preview":"max-image-preview:large","max-video-preview":"max-video-preview:-1"},"canonical":"https:\/\/www.elementlogic.net\/mx\/soluciones-y-servicios\/autostore\/cubetas\/","og_locale":"es_MX","og_type":"article","og_title":"Cubetas","og_url":"https:\/\/www.elementlogic.net\/mx\/soluciones-y-servicios\/autostore\/cubetas\/","og_site_name":"Element Logic Mexico","article_modified_time":"2024-10-31T14:47:13+00:00","twitter_card":"summary_large_image","twitter_misc":{"Tiempo de lectura":"1 minuto"},"schema":{"@context":"https:\/\/schema.org","@graph":[{"@type":"WebPage","@id":"https:\/\/www.elementlogic.net\/mx\/soluciones-y-servicios\/autostore\/cubetas\/","url":"https:\/\/www.elementlogic.net\/mx\/soluciones-y-servicios\/autostore\/cubetas\/","name":"Cubetas - Element Logic Mexico","isPartOf":{"@id":"https:\/\/www.elementlogic.net\/mx\/#website"},"datePublished":"2024-09-03T13:26:40+00:00","dateModified":"2024-10-31T14:47:13+00:00","breadcrumb":{"@id":"https:\/\/www.elementlogic.net\/mx\/soluciones-y-servicios\/autostore\/cubetas\/#breadcrumb"},"inLanguage":"es","potentialAction":[{"@type":"ReadAction","target":["https:\/\/www.elementlogic.net\/mx\/soluciones-y-servicios\/autostore\/cubetas\/"]}]},{"@type":"BreadcrumbList","@id":"https:\/\/www.elementlogic.net\/mx\/soluciones-y-servicios\/autostore\/cubetas\/#breadcrumb","itemListElement":[{"@type":"ListItem","position":1,"name":"Soluciones y servicios","item":"https:\/\/www.elementlogic.net\/mx\/soluciones-y-servicios\/"},{"@type":"ListItem","position":2,"name":"AutoStore","item":"https:\/\/www.elementlogic.net\/mx\/soluciones-y-servicios\/autostore\/"},{"@type":"ListItem","position":3,"name":"Cubetas"}]},{"@type":"WebSite","@id":"https:\/\/www.elementlogic.net\/mx\/#website","url":"https:\/\/www.elementlogic.net\/mx\/","name":"Element Logic Mexico","description":"","potentialAction":[{"@type":"SearchAction","target":{"@type":"EntryPoint","urlTemplate":"https:\/\/www.elementlogic.net\/mx\/?s={search_term_string}"},"query-input":{"@type":"PropertyValueSpecification","valueRequired":true,"valueName":"search_term_string"}}],"inLanguage":"es"}]}},"_links":{"self":[{"href":"https:\/\/www.elementlogic.net\/mx\/wp-json\/wp\/v2\/pages\/377"}],"collection":[{"href":"https:\/\/www.elementlogic.net\/mx\/wp-json\/wp\/v2\/pages"}],"about":[{"href":"https:\/\/www.elementlogic.net\/mx\/wp-json\/wp\/v2\/types\/page"}],"author":[{"embeddable":true,"href":"https:\/\/www.elementlogic.net\/mx\/wp-json\/wp\/v2\/users\/11"}],"replies":[{"embeddable":true,"href":"https:\/\/www.elementlogic.net\/mx\/wp-json\/wp\/v2\/comments?post=377"}],"version-history":[{"count":2,"href":"https:\/\/www.elementlogic.net\/mx\/wp-json\/wp\/v2\/pages\/377\/revisions"}],"predecessor-version":[{"id":1720,"href":"https:\/\/www.elementlogic.net\/mx\/wp-json\/wp\/v2\/pages\/377\/revisions\/1720"}],"up":[{"embeddable":true,"href":"https:\/\/www.elementlogic.net\/mx\/wp-json\/wp\/v2\/pages\/404"}],"wp:attachment":[{"href":"https:\/\/www.elementlogic.net\/mx\/wp-json\/wp\/v2\/media?parent=377"}],"curies":[{"name":"wp","href":"https:\/\/api.w.org\/{rel}","templated":true}]}}