{"id":379,"date":"2024-09-03T15:23:35","date_gmt":"2024-09-03T13:23:35","guid":{"rendered":"https:\/\/www.elementlogic.net\/?page_id=1863"},"modified":"2025-02-18T09:58:39","modified_gmt":"2025-02-18T15:58:39","slug":"software","status":"publish","type":"page","link":"https:\/\/www.elementlogic.net\/mx\/soluciones-y-servicios\/autostore\/software\/","title":{"rendered":"Software AutoStore"},"content":{"rendered":"<p class=\"t2-ingress wp-block-t2-ingress\">eManager, el software desarrollado por Element Logic para AutoStore, maximiza la eficiencia del almac\u00e9n conect\u00e1ndose de forma din\u00e1mica con los sistemas ERP o WMS.<\/p>\n\n\n\t\t<div class=\"alignwide is-mode-constrained is-gap-center wp-block-t2-simple-media-text   \">\n\t\t\t<div class=\"t2-simple-media-text__container\">\n\t\t\t\t<div class=\"t2-simple-media-text__image\"><img loading=\"lazy\" decoding=\"async\" width=\"768\" height=\"512\" src=\"https:\/\/www.elementlogic.net\/content\/uploads\/sites\/25\/2024\/10\/EL_eLogiq_-2-1024x683-1-768x512-4.jpg\" class=\"\" alt=\"\" style=\"--focalpoint: 50% 50%;\" srcset=\"https:\/\/www.elementlogic.net\/content\/uploads\/sites\/25\/2024\/10\/EL_eLogiq_-2-1024x683-1-768x512-4.jpg 768w, https:\/\/www.elementlogic.net\/content\/uploads\/sites\/25\/2024\/10\/EL_eLogiq_-2-1024x683-1-768x512-4-300x200.jpg 300w\" sizes=\"(max-width: 768px) 100vw, 768px\" \/><\/div>\n\t\t\t\t<div class=\"t2-simple-media-text__content-container\">\n\t\t\t\t\t<div class=\"t2-simple-media-text__content\">\n\t\t\t\t\t\t<div class=\"t2-simple-media-text__content-inner\">\n\t\t\t\t\t\t\t\n\n<p>Optimiza la carga de trabajo, gestiona el inventario y genera tareas para asegurar una gesti\u00f3n de pedidos fluida y sin interrupciones.&nbsp;<\/p>\n\n\n\n<p>Incluye m\u00f3dulos de eficacia probada para las actividades m\u00e1s comunes de la industria y se integra completamente con los sistemas ya existentes. eManager proporciona informaci\u00f3n detallada para optimizar las operaciones y prepararse para el crecimiento, con interfaces intuitivas y asistencia para el sistema de almacenaje y preparaci\u00f3n de pedidos AutoStore.&nbsp;<\/p>\n\n\n\n<p>Descubre m\u00e1s sobre nuestras <a href=\"https:\/\/www.elementlogic.net\/mx\/soluciones-y-servicios\/\" target=\"_blank\" rel=\"noreferrer noopener\">soluciones de software.<\/a>\u00a0<\/p>\n\n\n\t\t\t\t\t\t<\/div>\n\t\t\t\t\t<\/div>\n\t\t\t\t<\/div>\n\t\t\t<\/div>\n\t\t<\/div>\n\t\t","protected":false},"excerpt":{"rendered":"","protected":false},"author":11,"featured_media":0,"parent":404,"menu_order":0,"comment_status":"closed","ping_status":"closed","template":"","meta":{"hreflang_relation":0,"_el_cross_publish_source_blog_url":"","_el_cross_publish_source_blog_id":0,"_el_cross_publish_source_post_id":0,"_el_cross_publish_sync_state":"","exclude_from_search":false,"content-type":"","footnotes":""},"class_list":["post-379","page","type-page","status-publish","hentry"],"yoast_head":"<!-- This site is optimized with the Yoast SEO Premium plugin v23.9 (Yoast SEO v23.9) - https:\/\/yoast.com\/wordpress\/plugins\/seo\/ -->\n<title>Software AutoStore - Element Logic Mexico<\/title>\n<meta name=\"robots\" content=\"index, follow, max-snippet:-1, max-image-preview:large, max-video-preview:-1\" \/>\n<link rel=\"canonical\" href=\"https:\/\/www.elementlogic.net\/mx\/soluciones-y-servicios\/autostore\/software\/\" \/>\n<meta property=\"og:locale\" content=\"es_MX\" \/>\n<meta property=\"og:type\" content=\"article\" \/>\n<meta property=\"og:title\" content=\"Software AutoStore\" \/>\n<meta property=\"og:url\" content=\"https:\/\/www.elementlogic.net\/mx\/soluciones-y-servicios\/autostore\/software\/\" \/>\n<meta property=\"og:site_name\" content=\"Element Logic Mexico\" \/>\n<meta property=\"article:modified_time\" content=\"2025-02-18T15:58:39+00:00\" \/>\n<meta name=\"twitter:card\" content=\"summary_large_image\" \/>\n<meta name=\"twitter:label1\" content=\"Tiempo de lectura\" \/>\n\t<meta name=\"twitter:data1\" content=\"1 minuto\" \/>\n<script type=\"application\/ld+json\" class=\"yoast-schema-graph\">{\"@context\":\"https:\/\/schema.org\",\"@graph\":[{\"@type\":\"WebPage\",\"@id\":\"https:\/\/www.elementlogic.net\/mx\/soluciones-y-servicios\/autostore\/software\/\",\"url\":\"https:\/\/www.elementlogic.net\/mx\/soluciones-y-servicios\/autostore\/software\/\",\"name\":\"Software AutoStore - Element Logic Mexico\",\"isPartOf\":{\"@id\":\"https:\/\/www.elementlogic.net\/mx\/#website\"},\"datePublished\":\"2024-09-03T13:23:35+00:00\",\"dateModified\":\"2025-02-18T15:58:39+00:00\",\"breadcrumb\":{\"@id\":\"https:\/\/www.elementlogic.net\/mx\/soluciones-y-servicios\/autostore\/software\/#breadcrumb\"},\"inLanguage\":\"es\",\"potentialAction\":[{\"@type\":\"ReadAction\",\"target\":[\"https:\/\/www.elementlogic.net\/mx\/soluciones-y-servicios\/autostore\/software\/\"]}]},{\"@type\":\"BreadcrumbList\",\"@id\":\"https:\/\/www.elementlogic.net\/mx\/soluciones-y-servicios\/autostore\/software\/#breadcrumb\",\"itemListElement\":[{\"@type\":\"ListItem\",\"position\":1,\"name\":\"Soluciones y servicios\",\"item\":\"https:\/\/www.elementlogic.net\/mx\/soluciones-y-servicios\/\"},{\"@type\":\"ListItem\",\"position\":2,\"name\":\"AutoStore\",\"item\":\"https:\/\/www.elementlogic.net\/mx\/soluciones-y-servicios\/autostore\/\"},{\"@type\":\"ListItem\",\"position\":3,\"name\":\"Software AutoStore\"}]},{\"@type\":\"WebSite\",\"@id\":\"https:\/\/www.elementlogic.net\/mx\/#website\",\"url\":\"https:\/\/www.elementlogic.net\/mx\/\",\"name\":\"Element Logic Mexico\",\"description\":\"\",\"potentialAction\":[{\"@type\":\"SearchAction\",\"target\":{\"@type\":\"EntryPoint\",\"urlTemplate\":\"https:\/\/www.elementlogic.net\/mx\/?s={search_term_string}\"},\"query-input\":{\"@type\":\"PropertyValueSpecification\",\"valueRequired\":true,\"valueName\":\"search_term_string\"}}],\"inLanguage\":\"es\"}]}<\/script>\n<!-- \/ Yoast SEO Premium plugin. -->","yoast_head_json":{"title":"Software AutoStore - Element Logic Mexico","robots":{"index":"index","follow":"follow","max-snippet":"max-snippet:-1","max-image-preview":"max-image-preview:large","max-video-preview":"max-video-preview:-1"},"canonical":"https:\/\/www.elementlogic.net\/mx\/soluciones-y-servicios\/autostore\/software\/","og_locale":"es_MX","og_type":"article","og_title":"Software AutoStore","og_url":"https:\/\/www.elementlogic.net\/mx\/soluciones-y-servicios\/autostore\/software\/","og_site_name":"Element Logic Mexico","article_modified_time":"2025-02-18T15:58:39+00:00","twitter_card":"summary_large_image","twitter_misc":{"Tiempo de lectura":"1 minuto"},"schema":{"@context":"https:\/\/schema.org","@graph":[{"@type":"WebPage","@id":"https:\/\/www.elementlogic.net\/mx\/soluciones-y-servicios\/autostore\/software\/","url":"https:\/\/www.elementlogic.net\/mx\/soluciones-y-servicios\/autostore\/software\/","name":"Software AutoStore - Element Logic Mexico","isPartOf":{"@id":"https:\/\/www.elementlogic.net\/mx\/#website"},"datePublished":"2024-09-03T13:23:35+00:00","dateModified":"2025-02-18T15:58:39+00:00","breadcrumb":{"@id":"https:\/\/www.elementlogic.net\/mx\/soluciones-y-servicios\/autostore\/software\/#breadcrumb"},"inLanguage":"es","potentialAction":[{"@type":"ReadAction","target":["https:\/\/www.elementlogic.net\/mx\/soluciones-y-servicios\/autostore\/software\/"]}]},{"@type":"BreadcrumbList","@id":"https:\/\/www.elementlogic.net\/mx\/soluciones-y-servicios\/autostore\/software\/#breadcrumb","itemListElement":[{"@type":"ListItem","position":1,"name":"Soluciones y servicios","item":"https:\/\/www.elementlogic.net\/mx\/soluciones-y-servicios\/"},{"@type":"ListItem","position":2,"name":"AutoStore","item":"https:\/\/www.elementlogic.net\/mx\/soluciones-y-servicios\/autostore\/"},{"@type":"ListItem","position":3,"name":"Software AutoStore"}]},{"@type":"WebSite","@id":"https:\/\/www.elementlogic.net\/mx\/#website","url":"https:\/\/www.elementlogic.net\/mx\/","name":"Element Logic Mexico","description":"","potentialAction":[{"@type":"SearchAction","target":{"@type":"EntryPoint","urlTemplate":"https:\/\/www.elementlogic.net\/mx\/?s={search_term_string}"},"query-input":{"@type":"PropertyValueSpecification","valueRequired":true,"valueName":"search_term_string"}}],"inLanguage":"es"}]}},"_links":{"self":[{"href":"https:\/\/www.elementlogic.net\/mx\/wp-json\/wp\/v2\/pages\/379"}],"collection":[{"href":"https:\/\/www.elementlogic.net\/mx\/wp-json\/wp\/v2\/pages"}],"about":[{"href":"https:\/\/www.elementlogic.net\/mx\/wp-json\/wp\/v2\/types\/page"}],"author":[{"embeddable":true,"href":"https:\/\/www.elementlogic.net\/mx\/wp-json\/wp\/v2\/users\/11"}],"replies":[{"embeddable":true,"href":"https:\/\/www.elementlogic.net\/mx\/wp-json\/wp\/v2\/comments?post=379"}],"version-history":[{"count":2,"href":"https:\/\/www.elementlogic.net\/mx\/wp-json\/wp\/v2\/pages\/379\/revisions"}],"predecessor-version":[{"id":2407,"href":"https:\/\/www.elementlogic.net\/mx\/wp-json\/wp\/v2\/pages\/379\/revisions\/2407"}],"up":[{"embeddable":true,"href":"https:\/\/www.elementlogic.net\/mx\/wp-json\/wp\/v2\/pages\/404"}],"wp:attachment":[{"href":"https:\/\/www.elementlogic.net\/mx\/wp-json\/wp\/v2\/media?parent=379"}],"curies":[{"name":"wp","href":"https:\/\/api.w.org\/{rel}","templated":true}]}}