{"id":380,"date":"2024-09-03T15:21:01","date_gmt":"2024-09-03T13:21:01","guid":{"rendered":"https:\/\/www.elementlogic.net\/?page_id=1856"},"modified":"2024-10-31T14:44:56","modified_gmt":"2024-10-31T14:44:56","slug":"puertos","status":"publish","type":"page","link":"https:\/\/www.elementlogic.net\/mx\/soluciones-y-servicios\/autostore\/puertos\/","title":{"rendered":"Puertos"},"content":{"rendered":"<p class=\"t2-ingress wp-block-t2-ingress\">Las estaciones de trabajo de AutoStore, donde los robots entregan las mercanc\u00edas, permiten realizar diversas operaciones, como el procesamiento de pedidos y el control de inventarios. <\/p>\n\n\n\t\t<div class=\"alignwide is-mode-constrained is-gap-center wp-block-t2-simple-media-text   \">\n\t\t\t<div class=\"t2-simple-media-text__container\">\n\t\t\t\t<div class=\"t2-simple-media-text__image\"><video muted autoplay loop style=\"--focalpoint: 100% 100%;\"><source src=\"https:\/\/www.elementlogic.net\/content\/uploads\/sites\/25\/2024\/10\/port-f6.mp4\" type=\"video\/mp4\" \/><\/video><\/div>\n\t\t\t\t<div class=\"t2-simple-media-text__content-container\">\n\t\t\t\t\t<div class=\"t2-simple-media-text__content\">\n\t\t\t\t\t\t<div class=\"t2-simple-media-text__content-inner\">\n\t\t\t\t\t\t\t\n\n<p>El sistema ofrece siete m\u00f3dulos de puertos adaptados a distintas necesidades:&nbsp;<\/p>\n\n\n\t\t\t\t\t\t<\/div>\n\t\t\t\t\t<\/div>\n\t\t\t\t<\/div>\n\t\t\t<\/div>\n\t\t<\/div>\n\t\t\n\n\n<ol class=\"wp-block-list\" start=\"1\">\n<li><strong>Conveyor Port:<\/strong> Ideal para operaciones de entrada de mercanc\u00edas, con un tiempo de intercambio de cubetas de solo 6-7 segundos. Es el puerto m\u00e1s utilizado en las instalaciones de AutoStore.&nbsp;<\/li>\n<\/ol>\n\n\n\n<ol class=\"wp-block-list\" start=\"2\">\n<li><strong>Carrusel:<\/strong> Perfecto para tareas de pick and pack, gracias a sus tres brazos de alta velocidad que agilizan el intercambio de cubetas.&nbsp;<\/li>\n<\/ol>\n\n\n\n<ol class=\"wp-block-list\" start=\"3\">\n<li><strong>Swing Port:<\/strong>&nbsp; Dise\u00f1ado para instalaciones de varios niveles, utilizando un elevador interno de cubetas para maximizar el espacio.&nbsp;<\/li>\n<\/ol>\n\n\n\n<ol class=\"wp-block-list\" start=\"4\">\n<li><strong>Relay Port:<\/strong> La estaci\u00f3n de trabajo m\u00e1s r\u00e1pida para operaciones de pick-and-pass de alta velocidad.&nbsp;<\/li>\n<\/ol>\n\n\n\n<ol class=\"wp-block-list\" start=\"5\">\n<li><strong>Pick-Up Port:<\/strong> Permite la recogida sin contacto de pedidos online directamente desde el sistema AutoStore en tienda, lo que mejora la comodidad del cliente y aumenta el tr\u00e1fico y las ventas en tienda.&nbsp;<\/li>\n<\/ol>\n\n\n\n<ol class=\"wp-block-list\" start=\"6\">\n<li><strong>FusionPort:<\/strong> FusionPort: Optimiza la eficiencia y comodidad del operario con aperturas ergon\u00f3micas, trampillas de seguridad, presentaci\u00f3n de cubetas dobles y ayudas visuales para la preparaci\u00f3n de pedidos. Gestiona hasta 550 cubetas por hora.&nbsp;<\/li>\n<\/ol>\n\n\n\n<ol class=\"wp-block-list\" start=\"7\">\n<li><strong>FusionPort Staging:<\/strong> Agiliza la preparaci\u00f3n de pedidos y su colocaci\u00f3n en la rejilla de AutoStore, con gu\u00eda pick-to-light y dise\u00f1o ergon\u00f3mico.&nbsp;<\/li>\n<\/ol>\n\n\n\n<p>Cada puerto est\u00e1 dise\u00f1ado para garantizar una gesti\u00f3n flexible y eficiente de las tareas del almac\u00e9n.&nbsp;<\/p>\n","protected":false},"excerpt":{"rendered":"<p>Cada puerto est\u00e1 dise\u00f1ado para garantizar una gesti\u00f3n flexible y eficiente de las tareas del almac\u00e9n.&nbsp;<\/p>\n","protected":false},"author":11,"featured_media":0,"parent":404,"menu_order":0,"comment_status":"closed","ping_status":"closed","template":"","meta":{"hreflang_relation":0,"_el_cross_publish_source_blog_url":"","_el_cross_publish_source_blog_id":0,"_el_cross_publish_source_post_id":0,"_el_cross_publish_sync_state":"","exclude_from_search":false,"content-type":"","footnotes":""},"class_list":["post-380","page","type-page","status-publish","hentry"],"yoast_head":"<!-- This site is optimized with the Yoast SEO Premium plugin v23.9 (Yoast SEO v23.9) - https:\/\/yoast.com\/wordpress\/plugins\/seo\/ -->\n<title>Puertos - Element Logic Mexico<\/title>\n<meta name=\"robots\" content=\"index, follow, max-snippet:-1, max-image-preview:large, max-video-preview:-1\" \/>\n<link rel=\"canonical\" href=\"https:\/\/www.elementlogic.net\/mx\/soluciones-y-servicios\/autostore\/puertos\/\" \/>\n<meta property=\"og:locale\" content=\"es_MX\" \/>\n<meta property=\"og:type\" content=\"article\" \/>\n<meta property=\"og:title\" content=\"Puertos\" \/>\n<meta property=\"og:description\" content=\"Cada puerto est\u00e1 dise\u00f1ado para garantizar una gesti\u00f3n flexible y eficiente de las tareas del almac\u00e9n.&nbsp;\" \/>\n<meta property=\"og:url\" content=\"https:\/\/www.elementlogic.net\/mx\/soluciones-y-servicios\/autostore\/puertos\/\" \/>\n<meta property=\"og:site_name\" content=\"Element Logic Mexico\" \/>\n<meta property=\"article:modified_time\" content=\"2024-10-31T14:44:56+00:00\" \/>\n<meta name=\"twitter:card\" content=\"summary_large_image\" \/>\n<meta name=\"twitter:label1\" content=\"Tiempo de lectura\" \/>\n\t<meta name=\"twitter:data1\" content=\"1 minuto\" \/>\n<script type=\"application\/ld+json\" class=\"yoast-schema-graph\">{\"@context\":\"https:\/\/schema.org\",\"@graph\":[{\"@type\":\"WebPage\",\"@id\":\"https:\/\/www.elementlogic.net\/mx\/soluciones-y-servicios\/autostore\/puertos\/\",\"url\":\"https:\/\/www.elementlogic.net\/mx\/soluciones-y-servicios\/autostore\/puertos\/\",\"name\":\"Puertos - Element Logic Mexico\",\"isPartOf\":{\"@id\":\"https:\/\/www.elementlogic.net\/mx\/#website\"},\"datePublished\":\"2024-09-03T13:21:01+00:00\",\"dateModified\":\"2024-10-31T14:44:56+00:00\",\"breadcrumb\":{\"@id\":\"https:\/\/www.elementlogic.net\/mx\/soluciones-y-servicios\/autostore\/puertos\/#breadcrumb\"},\"inLanguage\":\"es\",\"potentialAction\":[{\"@type\":\"ReadAction\",\"target\":[\"https:\/\/www.elementlogic.net\/mx\/soluciones-y-servicios\/autostore\/puertos\/\"]}]},{\"@type\":\"BreadcrumbList\",\"@id\":\"https:\/\/www.elementlogic.net\/mx\/soluciones-y-servicios\/autostore\/puertos\/#breadcrumb\",\"itemListElement\":[{\"@type\":\"ListItem\",\"position\":1,\"name\":\"Soluciones y servicios\",\"item\":\"https:\/\/www.elementlogic.net\/mx\/soluciones-y-servicios\/\"},{\"@type\":\"ListItem\",\"position\":2,\"name\":\"AutoStore\",\"item\":\"https:\/\/www.elementlogic.net\/mx\/soluciones-y-servicios\/autostore\/\"},{\"@type\":\"ListItem\",\"position\":3,\"name\":\"Puertos\"}]},{\"@type\":\"WebSite\",\"@id\":\"https:\/\/www.elementlogic.net\/mx\/#website\",\"url\":\"https:\/\/www.elementlogic.net\/mx\/\",\"name\":\"Element Logic Mexico\",\"description\":\"\",\"potentialAction\":[{\"@type\":\"SearchAction\",\"target\":{\"@type\":\"EntryPoint\",\"urlTemplate\":\"https:\/\/www.elementlogic.net\/mx\/?s={search_term_string}\"},\"query-input\":{\"@type\":\"PropertyValueSpecification\",\"valueRequired\":true,\"valueName\":\"search_term_string\"}}],\"inLanguage\":\"es\"}]}<\/script>\n<!-- \/ Yoast SEO Premium plugin. -->","yoast_head_json":{"title":"Puertos - Element Logic Mexico","robots":{"index":"index","follow":"follow","max-snippet":"max-snippet:-1","max-image-preview":"max-image-preview:large","max-video-preview":"max-video-preview:-1"},"canonical":"https:\/\/www.elementlogic.net\/mx\/soluciones-y-servicios\/autostore\/puertos\/","og_locale":"es_MX","og_type":"article","og_title":"Puertos","og_description":"Cada puerto est\u00e1 dise\u00f1ado para garantizar una gesti\u00f3n flexible y eficiente de las tareas del almac\u00e9n.&nbsp;","og_url":"https:\/\/www.elementlogic.net\/mx\/soluciones-y-servicios\/autostore\/puertos\/","og_site_name":"Element Logic Mexico","article_modified_time":"2024-10-31T14:44:56+00:00","twitter_card":"summary_large_image","twitter_misc":{"Tiempo de lectura":"1 minuto"},"schema":{"@context":"https:\/\/schema.org","@graph":[{"@type":"WebPage","@id":"https:\/\/www.elementlogic.net\/mx\/soluciones-y-servicios\/autostore\/puertos\/","url":"https:\/\/www.elementlogic.net\/mx\/soluciones-y-servicios\/autostore\/puertos\/","name":"Puertos - Element Logic Mexico","isPartOf":{"@id":"https:\/\/www.elementlogic.net\/mx\/#website"},"datePublished":"2024-09-03T13:21:01+00:00","dateModified":"2024-10-31T14:44:56+00:00","breadcrumb":{"@id":"https:\/\/www.elementlogic.net\/mx\/soluciones-y-servicios\/autostore\/puertos\/#breadcrumb"},"inLanguage":"es","potentialAction":[{"@type":"ReadAction","target":["https:\/\/www.elementlogic.net\/mx\/soluciones-y-servicios\/autostore\/puertos\/"]}]},{"@type":"BreadcrumbList","@id":"https:\/\/www.elementlogic.net\/mx\/soluciones-y-servicios\/autostore\/puertos\/#breadcrumb","itemListElement":[{"@type":"ListItem","position":1,"name":"Soluciones y servicios","item":"https:\/\/www.elementlogic.net\/mx\/soluciones-y-servicios\/"},{"@type":"ListItem","position":2,"name":"AutoStore","item":"https:\/\/www.elementlogic.net\/mx\/soluciones-y-servicios\/autostore\/"},{"@type":"ListItem","position":3,"name":"Puertos"}]},{"@type":"WebSite","@id":"https:\/\/www.elementlogic.net\/mx\/#website","url":"https:\/\/www.elementlogic.net\/mx\/","name":"Element Logic Mexico","description":"","potentialAction":[{"@type":"SearchAction","target":{"@type":"EntryPoint","urlTemplate":"https:\/\/www.elementlogic.net\/mx\/?s={search_term_string}"},"query-input":{"@type":"PropertyValueSpecification","valueRequired":true,"valueName":"search_term_string"}}],"inLanguage":"es"}]}},"_links":{"self":[{"href":"https:\/\/www.elementlogic.net\/mx\/wp-json\/wp\/v2\/pages\/380"}],"collection":[{"href":"https:\/\/www.elementlogic.net\/mx\/wp-json\/wp\/v2\/pages"}],"about":[{"href":"https:\/\/www.elementlogic.net\/mx\/wp-json\/wp\/v2\/types\/page"}],"author":[{"embeddable":true,"href":"https:\/\/www.elementlogic.net\/mx\/wp-json\/wp\/v2\/users\/11"}],"replies":[{"embeddable":true,"href":"https:\/\/www.elementlogic.net\/mx\/wp-json\/wp\/v2\/comments?post=380"}],"version-history":[{"count":2,"href":"https:\/\/www.elementlogic.net\/mx\/wp-json\/wp\/v2\/pages\/380\/revisions"}],"predecessor-version":[{"id":1715,"href":"https:\/\/www.elementlogic.net\/mx\/wp-json\/wp\/v2\/pages\/380\/revisions\/1715"}],"up":[{"embeddable":true,"href":"https:\/\/www.elementlogic.net\/mx\/wp-json\/wp\/v2\/pages\/404"}],"wp:attachment":[{"href":"https:\/\/www.elementlogic.net\/mx\/wp-json\/wp\/v2\/media?parent=380"}],"curies":[{"name":"wp","href":"https:\/\/api.w.org\/{rel}","templated":true}]}}