{"id":387,"date":"2024-09-03T15:04:48","date_gmt":"2024-09-03T13:04:48","guid":{"rendered":"https:\/\/www.elementlogic.net\/?page_id=1842"},"modified":"2024-10-31T14:45:56","modified_gmt":"2024-10-31T14:45:56","slug":"robots","status":"publish","type":"page","link":"https:\/\/www.elementlogic.net\/mx\/soluciones-y-servicios\/autostore\/robots\/","title":{"rendered":"Robots"},"content":{"rendered":"<p class=\"t2-ingress wp-block-t2-ingress\">Los robots AutoStore son el n\u00facleo de tu soluci\u00f3n, encargados de recoger y entregar las cubetas de manera ininterrumpida y con total precisi\u00f3n. <\/p>\n\n\n\t\t<div class=\"alignwide is-mode-constrained is-gap-center wp-block-t2-simple-media-text   \">\n\t\t\t<div class=\"t2-simple-media-text__container\">\n\t\t\t\t<div class=\"t2-simple-media-text__image\"><video muted autoplay loop style=\"--focalpoint: 50% 50%;\"><source src=\"https:\/\/www.elementlogic.net\/content\/uploads\/sites\/25\/2024\/10\/R5-Spin-White-Background-1.mp4\" type=\"video\/mp4\" \/><\/video><\/div>\n\t\t\t\t<div class=\"t2-simple-media-text__content-container\">\n\t\t\t\t\t<div class=\"t2-simple-media-text__content\">\n\t\t\t\t\t\t<div class=\"t2-simple-media-text__content-inner\">\n\t\t\t\t\t\t\t\n\n<p>Equipados con ocho ruedas, se mueven en cinco direcciones, lo que les permite navegar de forma eficiente. Los robots de la serie Red Line, como el R5, R5+, R5 Pro y R5 Pro+, destacan por su fiabilidad y eficiencia energ\u00e9tica, reduciendo al m\u00ednimo el tiempo de inactividad.&nbsp;<\/p>\n\n\n\n<p>Ambos tipos de robots operan las 24 horas del d\u00eda, los 7 d\u00edas de la semana, y se recargan autom\u00e1ticamente cuando lo necesitan.&nbsp;<\/p>\n\n\n\t\t\t\t\t\t<\/div>\n\t\t\t\t\t<\/div>\n\t\t\t\t<\/div>\n\t\t\t<\/div>\n\t\t<\/div>\n\t\t","protected":false},"excerpt":{"rendered":"","protected":false},"author":11,"featured_media":0,"parent":404,"menu_order":0,"comment_status":"closed","ping_status":"closed","template":"","meta":{"hreflang_relation":0,"_el_cross_publish_source_blog_url":"","_el_cross_publish_source_blog_id":0,"_el_cross_publish_source_post_id":0,"_el_cross_publish_sync_state":"","exclude_from_search":false,"content-type":"","footnotes":""},"class_list":["post-387","page","type-page","status-publish","hentry"],"yoast_head":"<!-- This site is optimized with the Yoast SEO Premium plugin v23.9 (Yoast SEO v23.9) - https:\/\/yoast.com\/wordpress\/plugins\/seo\/ -->\n<title>Robots - Element Logic Mexico<\/title>\n<meta name=\"robots\" content=\"index, follow, max-snippet:-1, max-image-preview:large, max-video-preview:-1\" \/>\n<link rel=\"canonical\" href=\"https:\/\/www.elementlogic.net\/mx\/soluciones-y-servicios\/autostore\/robots\/\" \/>\n<meta property=\"og:locale\" content=\"es_MX\" \/>\n<meta property=\"og:type\" content=\"article\" \/>\n<meta property=\"og:title\" content=\"Robots\" \/>\n<meta property=\"og:url\" content=\"https:\/\/www.elementlogic.net\/mx\/soluciones-y-servicios\/autostore\/robots\/\" \/>\n<meta property=\"og:site_name\" content=\"Element Logic Mexico\" \/>\n<meta property=\"article:modified_time\" content=\"2024-10-31T14:45:56+00:00\" \/>\n<meta name=\"twitter:card\" content=\"summary_large_image\" \/>\n<meta name=\"twitter:label1\" content=\"Tiempo de lectura\" \/>\n\t<meta name=\"twitter:data1\" content=\"1 minuto\" \/>\n<script type=\"application\/ld+json\" class=\"yoast-schema-graph\">{\"@context\":\"https:\/\/schema.org\",\"@graph\":[{\"@type\":\"WebPage\",\"@id\":\"https:\/\/www.elementlogic.net\/mx\/soluciones-y-servicios\/autostore\/robots\/\",\"url\":\"https:\/\/www.elementlogic.net\/mx\/soluciones-y-servicios\/autostore\/robots\/\",\"name\":\"Robots - Element Logic Mexico\",\"isPartOf\":{\"@id\":\"https:\/\/www.elementlogic.net\/mx\/#website\"},\"datePublished\":\"2024-09-03T13:04:48+00:00\",\"dateModified\":\"2024-10-31T14:45:56+00:00\",\"breadcrumb\":{\"@id\":\"https:\/\/www.elementlogic.net\/mx\/soluciones-y-servicios\/autostore\/robots\/#breadcrumb\"},\"inLanguage\":\"es\",\"potentialAction\":[{\"@type\":\"ReadAction\",\"target\":[\"https:\/\/www.elementlogic.net\/mx\/soluciones-y-servicios\/autostore\/robots\/\"]}]},{\"@type\":\"BreadcrumbList\",\"@id\":\"https:\/\/www.elementlogic.net\/mx\/soluciones-y-servicios\/autostore\/robots\/#breadcrumb\",\"itemListElement\":[{\"@type\":\"ListItem\",\"position\":1,\"name\":\"Soluciones y servicios\",\"item\":\"https:\/\/www.elementlogic.net\/mx\/soluciones-y-servicios\/\"},{\"@type\":\"ListItem\",\"position\":2,\"name\":\"AutoStore\",\"item\":\"https:\/\/www.elementlogic.net\/mx\/soluciones-y-servicios\/autostore\/\"},{\"@type\":\"ListItem\",\"position\":3,\"name\":\"Robots\"}]},{\"@type\":\"WebSite\",\"@id\":\"https:\/\/www.elementlogic.net\/mx\/#website\",\"url\":\"https:\/\/www.elementlogic.net\/mx\/\",\"name\":\"Element Logic Mexico\",\"description\":\"\",\"potentialAction\":[{\"@type\":\"SearchAction\",\"target\":{\"@type\":\"EntryPoint\",\"urlTemplate\":\"https:\/\/www.elementlogic.net\/mx\/?s={search_term_string}\"},\"query-input\":{\"@type\":\"PropertyValueSpecification\",\"valueRequired\":true,\"valueName\":\"search_term_string\"}}],\"inLanguage\":\"es\"}]}<\/script>\n<!-- \/ Yoast SEO Premium plugin. -->","yoast_head_json":{"title":"Robots - Element Logic Mexico","robots":{"index":"index","follow":"follow","max-snippet":"max-snippet:-1","max-image-preview":"max-image-preview:large","max-video-preview":"max-video-preview:-1"},"canonical":"https:\/\/www.elementlogic.net\/mx\/soluciones-y-servicios\/autostore\/robots\/","og_locale":"es_MX","og_type":"article","og_title":"Robots","og_url":"https:\/\/www.elementlogic.net\/mx\/soluciones-y-servicios\/autostore\/robots\/","og_site_name":"Element Logic Mexico","article_modified_time":"2024-10-31T14:45:56+00:00","twitter_card":"summary_large_image","twitter_misc":{"Tiempo de lectura":"1 minuto"},"schema":{"@context":"https:\/\/schema.org","@graph":[{"@type":"WebPage","@id":"https:\/\/www.elementlogic.net\/mx\/soluciones-y-servicios\/autostore\/robots\/","url":"https:\/\/www.elementlogic.net\/mx\/soluciones-y-servicios\/autostore\/robots\/","name":"Robots - Element Logic Mexico","isPartOf":{"@id":"https:\/\/www.elementlogic.net\/mx\/#website"},"datePublished":"2024-09-03T13:04:48+00:00","dateModified":"2024-10-31T14:45:56+00:00","breadcrumb":{"@id":"https:\/\/www.elementlogic.net\/mx\/soluciones-y-servicios\/autostore\/robots\/#breadcrumb"},"inLanguage":"es","potentialAction":[{"@type":"ReadAction","target":["https:\/\/www.elementlogic.net\/mx\/soluciones-y-servicios\/autostore\/robots\/"]}]},{"@type":"BreadcrumbList","@id":"https:\/\/www.elementlogic.net\/mx\/soluciones-y-servicios\/autostore\/robots\/#breadcrumb","itemListElement":[{"@type":"ListItem","position":1,"name":"Soluciones y servicios","item":"https:\/\/www.elementlogic.net\/mx\/soluciones-y-servicios\/"},{"@type":"ListItem","position":2,"name":"AutoStore","item":"https:\/\/www.elementlogic.net\/mx\/soluciones-y-servicios\/autostore\/"},{"@type":"ListItem","position":3,"name":"Robots"}]},{"@type":"WebSite","@id":"https:\/\/www.elementlogic.net\/mx\/#website","url":"https:\/\/www.elementlogic.net\/mx\/","name":"Element Logic Mexico","description":"","potentialAction":[{"@type":"SearchAction","target":{"@type":"EntryPoint","urlTemplate":"https:\/\/www.elementlogic.net\/mx\/?s={search_term_string}"},"query-input":{"@type":"PropertyValueSpecification","valueRequired":true,"valueName":"search_term_string"}}],"inLanguage":"es"}]}},"_links":{"self":[{"href":"https:\/\/www.elementlogic.net\/mx\/wp-json\/wp\/v2\/pages\/387"}],"collection":[{"href":"https:\/\/www.elementlogic.net\/mx\/wp-json\/wp\/v2\/pages"}],"about":[{"href":"https:\/\/www.elementlogic.net\/mx\/wp-json\/wp\/v2\/types\/page"}],"author":[{"embeddable":true,"href":"https:\/\/www.elementlogic.net\/mx\/wp-json\/wp\/v2\/users\/11"}],"replies":[{"embeddable":true,"href":"https:\/\/www.elementlogic.net\/mx\/wp-json\/wp\/v2\/comments?post=387"}],"version-history":[{"count":2,"href":"https:\/\/www.elementlogic.net\/mx\/wp-json\/wp\/v2\/pages\/387\/revisions"}],"predecessor-version":[{"id":1717,"href":"https:\/\/www.elementlogic.net\/mx\/wp-json\/wp\/v2\/pages\/387\/revisions\/1717"}],"up":[{"embeddable":true,"href":"https:\/\/www.elementlogic.net\/mx\/wp-json\/wp\/v2\/pages\/404"}],"wp:attachment":[{"href":"https:\/\/www.elementlogic.net\/mx\/wp-json\/wp\/v2\/media?parent=387"}],"curies":[{"name":"wp","href":"https:\/\/api.w.org\/{rel}","templated":true}]}}